{"id":223244,"date":"2021-01-07T12:45:40","date_gmt":"2021-01-07T11:45:40","guid":{"rendered":"https:\/\/suwine.at\/?post_type=product&#038;p=223244"},"modified":"2026-03-30T10:08:37","modified_gmt":"2026-03-30T08:08:37","slug":"frischer-istrischer-schwarzer-trueffel-tuber-melanosporum","status":"publish","type":"product","link":"https:\/\/suwine.at\/en\/produkt\/frischer-istrischer-schwarzer-trueffel-tuber-melanosporum\/","title":{"rendered":"Frischer schwarzer Winter-Tr\u00fcffel aus Istrien (Tuber Melanosporum Vitt.)"},"content":{"rendered":"<h2>Das schwarze Gold aus Istrien &#8211; Tr\u00fcffelgenuss pur<\/h2>\n<p>Unseren <strong>frischen, schwarzen (Winter-) Tr\u00fcffel aus Istrien<\/strong> <em>(botanische Bezeichnung: Tuber melanosporum Vitt.) <\/em>kannst du zum <strong>Wochenpreis in 50 Gramm Portionen*<\/strong> bestellen.<\/p>\n<p>Per <strong>Express-Versand<\/strong> und <strong>gek\u00fchlt in der Thermobox<\/strong>.<\/p>\n<p>Bei entsprechender Lagerung bleibt er dann bei dir zwischen <strong>10 und 14 Tagen frisch<\/strong>.<br \/>\nVermutlich wirst du ihn aber bereits nach wenigen Tagen aufgebraucht haben, wenn du mit ihm <strong>Gerichte aller Art<\/strong> veredelst und ihnen zum <strong>wahren Geschmacksexplosionen und Gaumengen\u00fcssen<\/strong> verhilfst.<\/p>\n<p>Ob \u00fcber <strong>Pasta-Gerichte<\/strong> oder als Kr\u00f6nung eines edlen <strong>Beef Tatars<\/strong> &#8211; der K\u00f6nig der Pilze adelt jedes Gericht.<br \/>\nExquisiter Genuss f\u00fcr dich oder deine G\u00e4ste.<br \/>\nSowohl in der Haubenk\u00fcche und Sternegastronomie wie auch in deiner privaten Gourmet-K\u00fcche.<\/p>\n<p><strong>*Portionen<br \/>\n<\/strong>Je nach bestellter <strong>Portionsanzahl (1 Portion = 1 x 50 Gramm)<\/strong> erh\u00e4ltst du <strong>Teilst\u00fccke bzw. auch ganze Pilze<\/strong>.<br \/>\nEin ganzer Tr\u00fcffel-Pilz wiegt je nach Gr\u00f6\u00dfe zwischen 25 und 40 Gramm.<\/p>\n<p><strong>ACHTUNG!! &#8211; Lieferung nach Verf\u00fcgbarkeit, innerhalb 7 Werktage.<\/strong><\/p>\n<p>DA ES SICH UM SENSIBLE WARE HANDELT, BITTEN WIR DICH DEINE TELEFONNUMMER BEI DER BESTELLUNG BEKANNTZUGEBEN, DIE AUSSCHLIE\u00dfLICH ZUR KONTAKTAUFNAHME BEI DER ANLIEFERUNG VERWENDET WIRD.<\/p>\n<p>REKLAMATIONEN WERDEN NUR ANERKANNT WENN DIESE DIREKT NACH DER ANLIEFERUNG SP\u00c4TESTEN BIS 22 UHR DES ANLIEFERUNG-TAGES GELTEND GEMACHT WERDEN.<\/p>\n<p>DIE VERANTWORTUNG F\u00dcR DIE ERREICHBARKEIT BEI DER ANLIEFERUNG, K\u00d6NNEN WIR LEIDER NICHT \u00dcBERNEHMEN.<\/p>\n<p>DIREKT NACH DER ERFOLGREICHEN BESTELLUNG BEKOMMEN SIE DIE TRACKING NUMMER MIT DER SIE DIE SENDUNG VERFOLGEN K\u00d6NNEN.<\/p>\n<p>WIR BEDANKEN UNS F\u00dcR DAS VERST\u00c4NDNIS<\/p>\n<p>&nbsp;<\/p>\n<p>&nbsp;<\/p>\n<span class=\"et_bloom_bottom_trigger\"><\/span>","protected":false},"excerpt":{"rendered":"<p><em>Das schwarze Gold aus Istrien. Tr\u00fcffel-Genuss pur. Frisch und per Express-Versand gek\u00fchlt in der Thermobox am n\u00e4chsten Tag bei dir.<\/em><br \/>\n<strong>Botanische Bezeichnung: Tuber melanosporum Vitt.<br \/>\nReifezeit &amp; Verf\u00fcgbarkeit (frisch): Winter bis in den Fr\u00fchling<\/strong><br \/>\n<strong>Portionsgr\u00f6\u00dfe: 50 Gramm<br \/>\n<\/strong><em>Wochenpreis<\/em><strong><br \/>\n<\/strong><\/p>\n","protected":false},"featured_media":231619,"template":"","meta":{"_et_pb_use_builder":"","_et_pb_old_content":"","_et_gb_content_width":""},"product_brand":[],"product_cat":[48,235,792],"product_tag":[59,89],"class_list":{"0":"post-223244","1":"product","2":"type-product","3":"status-publish","4":"has-post-thumbnail","6":"product_cat-genius-tartufi","7":"product_cat-frische-trueffel","8":"product_cat-genius-world","9":"product_tag-schwarze-trueffel","10":"product_tag-frischer-trueffel","11":"product_shipping_class-frische-trueffel","13":"first","14":"outofstock","15":"taxable","16":"shipping-taxable","17":"purchasable","18":"product-type-simple"},"yoast_head":"<!-- This site is optimized with the Yoast SEO plugin v27.2 - https:\/\/yoast.com\/product\/yoast-seo-wordpress\/ -->\n<title>Frischer schwarzer Winter-Tr\u00fcffel aus Istrien (Tuber Melanosporum Vitt.) - Suwine - Suwi Zlatic<\/title>\n<meta name=\"description\" content=\"Das schwarze Gold aus Istrien. Tr\u00fcffel Genuss, frisch und per Express-Versand gek\u00fchlt in der Thermobox am n\u00e4chsten Tag bei dir.\" \/>\n<meta name=\"robots\" content=\"index, follow, max-snippet:-1, max-image-preview:large, max-video-preview:-1\" \/>\n<link rel=\"canonical\" href=\"https:\/\/suwine.at\/en\/produkt\/frischer-istrischer-schwarzer-trueffel-tuber-melanosporum\/\" \/>\n<meta property=\"og:locale\" content=\"en_US\" \/>\n<meta property=\"og:type\" content=\"article\" \/>\n<meta property=\"og:title\" content=\"Frischer schwarzer Winter-Tr\u00fcffel aus Istrien (Tuber Melanosporum Vitt.) - Suwine - Suwi Zlatic\" \/>\n<meta property=\"og:description\" content=\"Das schwarze Gold aus Istrien. Tr\u00fcffel Genuss, frisch und per Express-Versand gek\u00fchlt in der Thermobox am n\u00e4chsten Tag bei dir.\" \/>\n<meta property=\"og:url\" content=\"https:\/\/suwine.at\/en\/produkt\/frischer-istrischer-schwarzer-trueffel-tuber-melanosporum\/\" \/>\n<meta property=\"og:site_name\" content=\"Suwine - Suwi Zlatic\" \/>\n<meta property=\"article:modified_time\" content=\"2026-03-30T08:08:37+00:00\" \/>\n<meta property=\"og:image\" content=\"https:\/\/suwine.at\/wp-content\/uploads\/2022\/01\/CF055226.jpg\" \/>\n\t<meta property=\"og:image:width\" content=\"1000\" \/>\n\t<meta property=\"og:image:height\" content=\"1000\" \/>\n\t<meta property=\"og:image:type\" content=\"image\/jpeg\" \/>\n<meta name=\"twitter:card\" content=\"summary_large_image\" \/>\n<meta name=\"twitter:label1\" content=\"Est. reading time\" \/>\n\t<meta name=\"twitter:data1\" content=\"2 minutes\" \/>\n<script type=\"application\/ld+json\" class=\"yoast-schema-graph\">{\"@context\":\"https:\/\/schema.org\",\"@graph\":[{\"@type\":\"WebPage\",\"@id\":\"https:\/\/suwine.at\/en\/produkt\/frischer-istrischer-schwarzer-trueffel-tuber-melanosporum\/\",\"url\":\"https:\/\/suwine.at\/en\/produkt\/frischer-istrischer-schwarzer-trueffel-tuber-melanosporum\/\",\"name\":\"Frischer schwarzer Winter-Tr\u00fcffel aus Istrien (Tuber Melanosporum Vitt.) - Suwine - Suwi Zlatic\",\"isPartOf\":{\"@id\":\"https:\/\/suwine.at\/en\/#website\"},\"primaryImageOfPage\":{\"@id\":\"https:\/\/suwine.at\/en\/produkt\/frischer-istrischer-schwarzer-trueffel-tuber-melanosporum\/#primaryimage\"},\"image\":{\"@id\":\"https:\/\/suwine.at\/en\/produkt\/frischer-istrischer-schwarzer-trueffel-tuber-melanosporum\/#primaryimage\"},\"thumbnailUrl\":\"https:\/\/suwine.at\/wp-content\/uploads\/2022\/01\/CF055226.jpg\",\"datePublished\":\"2021-01-07T11:45:40+00:00\",\"dateModified\":\"2026-03-30T08:08:37+00:00\",\"description\":\"Das schwarze Gold aus Istrien. Tr\u00fcffel Genuss, frisch und per Express-Versand gek\u00fchlt in der Thermobox am n\u00e4chsten Tag bei dir.\",\"breadcrumb\":{\"@id\":\"https:\/\/suwine.at\/en\/produkt\/frischer-istrischer-schwarzer-trueffel-tuber-melanosporum\/#breadcrumb\"},\"inLanguage\":\"en-US\",\"potentialAction\":[{\"@type\":\"ReadAction\",\"target\":[\"https:\/\/suwine.at\/en\/produkt\/frischer-istrischer-schwarzer-trueffel-tuber-melanosporum\/\"]}]},{\"@type\":\"ImageObject\",\"inLanguage\":\"en-US\",\"@id\":\"https:\/\/suwine.at\/en\/produkt\/frischer-istrischer-schwarzer-trueffel-tuber-melanosporum\/#primaryimage\",\"url\":\"https:\/\/suwine.at\/wp-content\/uploads\/2022\/01\/CF055226.jpg\",\"contentUrl\":\"https:\/\/suwine.at\/wp-content\/uploads\/2022\/01\/CF055226.jpg\",\"width\":1000,\"height\":1000},{\"@type\":\"BreadcrumbList\",\"@id\":\"https:\/\/suwine.at\/en\/produkt\/frischer-istrischer-schwarzer-trueffel-tuber-melanosporum\/#breadcrumb\",\"itemListElement\":[{\"@type\":\"ListItem\",\"position\":1,\"name\":\"Startseite\",\"item\":\"https:\/\/suwine.at\/en\/suwine-suwi-zlatic\/\"},{\"@type\":\"ListItem\",\"position\":2,\"name\":\"Shop\",\"item\":\"https:\/\/suwine.at\/en\/shop-2\/\"},{\"@type\":\"ListItem\",\"position\":3,\"name\":\"Frischer schwarzer Winter-Tr\u00fcffel aus Istrien (Tuber Melanosporum Vitt.)\"}]},{\"@type\":\"WebSite\",\"@id\":\"https:\/\/suwine.at\/en\/#website\",\"url\":\"https:\/\/suwine.at\/en\/\",\"name\":\"Suwine - Suwi Zlatic\",\"description\":\"Sommelier | Gourmet Play Store | Consulting\",\"potentialAction\":[{\"@type\":\"SearchAction\",\"target\":{\"@type\":\"EntryPoint\",\"urlTemplate\":\"https:\/\/suwine.at\/en\/?s={search_term_string}\"},\"query-input\":{\"@type\":\"PropertyValueSpecification\",\"valueRequired\":true,\"valueName\":\"search_term_string\"}}],\"inLanguage\":\"en-US\"}]}<\/script>\n<!-- \/ Yoast SEO plugin. -->","yoast_head_json":{"title":"Frischer schwarzer Winter-Tr\u00fcffel aus Istrien (Tuber Melanosporum Vitt.) - Suwine - Suwi Zlatic","description":"Das schwarze Gold aus Istrien. Tr\u00fcffel Genuss, frisch und per Express-Versand gek\u00fchlt in der Thermobox am n\u00e4chsten Tag bei dir.","robots":{"index":"index","follow":"follow","max-snippet":"max-snippet:-1","max-image-preview":"max-image-preview:large","max-video-preview":"max-video-preview:-1"},"canonical":"https:\/\/suwine.at\/en\/produkt\/frischer-istrischer-schwarzer-trueffel-tuber-melanosporum\/","og_locale":"en_US","og_type":"article","og_title":"Frischer schwarzer Winter-Tr\u00fcffel aus Istrien (Tuber Melanosporum Vitt.) - Suwine - Suwi Zlatic","og_description":"Das schwarze Gold aus Istrien. Tr\u00fcffel Genuss, frisch und per Express-Versand gek\u00fchlt in der Thermobox am n\u00e4chsten Tag bei dir.","og_url":"https:\/\/suwine.at\/en\/produkt\/frischer-istrischer-schwarzer-trueffel-tuber-melanosporum\/","og_site_name":"Suwine - Suwi Zlatic","article_modified_time":"2026-03-30T08:08:37+00:00","og_image":[{"width":1000,"height":1000,"url":"https:\/\/suwine.at\/wp-content\/uploads\/2022\/01\/CF055226.jpg","type":"image\/jpeg"}],"twitter_card":"summary_large_image","twitter_misc":{"Est. reading time":"2 minutes"},"schema":{"@context":"https:\/\/schema.org","@graph":[{"@type":"WebPage","@id":"https:\/\/suwine.at\/en\/produkt\/frischer-istrischer-schwarzer-trueffel-tuber-melanosporum\/","url":"https:\/\/suwine.at\/en\/produkt\/frischer-istrischer-schwarzer-trueffel-tuber-melanosporum\/","name":"Frischer schwarzer Winter-Tr\u00fcffel aus Istrien (Tuber Melanosporum Vitt.) - Suwine - Suwi Zlatic","isPartOf":{"@id":"https:\/\/suwine.at\/en\/#website"},"primaryImageOfPage":{"@id":"https:\/\/suwine.at\/en\/produkt\/frischer-istrischer-schwarzer-trueffel-tuber-melanosporum\/#primaryimage"},"image":{"@id":"https:\/\/suwine.at\/en\/produkt\/frischer-istrischer-schwarzer-trueffel-tuber-melanosporum\/#primaryimage"},"thumbnailUrl":"https:\/\/suwine.at\/wp-content\/uploads\/2022\/01\/CF055226.jpg","datePublished":"2021-01-07T11:45:40+00:00","dateModified":"2026-03-30T08:08:37+00:00","description":"Das schwarze Gold aus Istrien. Tr\u00fcffel Genuss, frisch und per Express-Versand gek\u00fchlt in der Thermobox am n\u00e4chsten Tag bei dir.","breadcrumb":{"@id":"https:\/\/suwine.at\/en\/produkt\/frischer-istrischer-schwarzer-trueffel-tuber-melanosporum\/#breadcrumb"},"inLanguage":"en-US","potentialAction":[{"@type":"ReadAction","target":["https:\/\/suwine.at\/en\/produkt\/frischer-istrischer-schwarzer-trueffel-tuber-melanosporum\/"]}]},{"@type":"ImageObject","inLanguage":"en-US","@id":"https:\/\/suwine.at\/en\/produkt\/frischer-istrischer-schwarzer-trueffel-tuber-melanosporum\/#primaryimage","url":"https:\/\/suwine.at\/wp-content\/uploads\/2022\/01\/CF055226.jpg","contentUrl":"https:\/\/suwine.at\/wp-content\/uploads\/2022\/01\/CF055226.jpg","width":1000,"height":1000},{"@type":"BreadcrumbList","@id":"https:\/\/suwine.at\/en\/produkt\/frischer-istrischer-schwarzer-trueffel-tuber-melanosporum\/#breadcrumb","itemListElement":[{"@type":"ListItem","position":1,"name":"Startseite","item":"https:\/\/suwine.at\/en\/suwine-suwi-zlatic\/"},{"@type":"ListItem","position":2,"name":"Shop","item":"https:\/\/suwine.at\/en\/shop-2\/"},{"@type":"ListItem","position":3,"name":"Frischer schwarzer Winter-Tr\u00fcffel aus Istrien (Tuber Melanosporum Vitt.)"}]},{"@type":"WebSite","@id":"https:\/\/suwine.at\/en\/#website","url":"https:\/\/suwine.at\/en\/","name":"Suwine - Suwi Zlatic","description":"Sommelier | Gourmet Play Store | Consulting","potentialAction":[{"@type":"SearchAction","target":{"@type":"EntryPoint","urlTemplate":"https:\/\/suwine.at\/en\/?s={search_term_string}"},"query-input":{"@type":"PropertyValueSpecification","valueRequired":true,"valueName":"search_term_string"}}],"inLanguage":"en-US"}]}},"_links":{"self":[{"href":"https:\/\/suwine.at\/en\/wp-json\/wp\/v2\/product\/223244","targetHints":{"allow":["GET"]}}],"collection":[{"href":"https:\/\/suwine.at\/en\/wp-json\/wp\/v2\/product"}],"about":[{"href":"https:\/\/suwine.at\/en\/wp-json\/wp\/v2\/types\/product"}],"wp:featuredmedia":[{"embeddable":true,"href":"https:\/\/suwine.at\/en\/wp-json\/wp\/v2\/media\/231619"}],"wp:attachment":[{"href":"https:\/\/suwine.at\/en\/wp-json\/wp\/v2\/media?parent=223244"}],"wp:term":[{"taxonomy":"product_brand","embeddable":true,"href":"https:\/\/suwine.at\/en\/wp-json\/wp\/v2\/product_brand?post=223244"},{"taxonomy":"product_cat","embeddable":true,"href":"https:\/\/suwine.at\/en\/wp-json\/wp\/v2\/product_cat?post=223244"},{"taxonomy":"product_tag","embeddable":true,"href":"https:\/\/suwine.at\/en\/wp-json\/wp\/v2\/product_tag?post=223244"}],"curies":[{"name":"wp","href":"https:\/\/api.w.org\/{rel}","templated":true}]}}