{"id":224350,"date":"2021-01-31T19:16:53","date_gmt":"2021-01-31T18:16:53","guid":{"rendered":"https:\/\/suwine.at\/?post_type=product&#038;p=224350"},"modified":"2025-02-06T18:04:44","modified_gmt":"2025-02-06T17:04:44","slug":"riesling-gg-hubacker-klaus-peter-keller","status":"publish","type":"product","link":"https:\/\/suwine.at\/en\/produkt\/riesling-gg-hubacker-klaus-peter-keller\/","title":{"rendered":"Riesling GG Hubacker Klaus Peter Keller 2020"},"content":{"rendered":"<h2>Riesling GG Hubacker Klaus Peter Keller, ein Gigant mit Finesse. Gro\u00dfe Rarit\u00e4t die am Markt nur schwer erh\u00e4ltich ist.<\/h2>\n<ul>\n<li>Produzent:Klaus Peter Keller<\/li>\n<li>Herkunft: Deutschland<\/li>\n<li>Gebiet: Rheinhessen<\/li>\n<li>Rebsorten: Riesling<\/li>\n<li>Jahrgang:2020<\/li>\n<li>Alkohol: 12,5 Vol%<\/li>\n<li>Inhalt: 0,75ml<\/li>\n<\/ul>\n<span class=\"et_bloom_bottom_trigger\"><\/span>","protected":false},"excerpt":{"rendered":"<p>Riesling GG Hubacker Klaus Peter Keller, ein Gigant mit Finesse. Gro\u00dfe Rarit\u00e4t die am Markt nur schwer erh\u00e4ltich ist.<\/p>\n","protected":false},"featured_media":228182,"template":"","meta":{"_et_pb_use_builder":"","_et_pb_old_content":"","_et_gb_content_width":""},"product_brand":[],"product_cat":[212,112,191],"product_tag":[463,464,94,95,171],"class_list":{"0":"post-224350","1":"product","2":"type-product","3":"status-publish","4":"has-post-thumbnail","6":"product_cat-weisswein-international","7":"product_cat-riesling","8":"product_cat-weisswein-raritaeten","9":"product_tag-klaus-peter-keller","10":"product_tag-hubacker","11":"product_tag-deutschland","12":"product_tag-rheinhessen","13":"product_tag-riesling","15":"first","16":"instock","17":"taxable","18":"shipping-taxable","19":"purchasable","20":"product-type-simple"},"yoast_head":"<!-- This site is optimized with the Yoast SEO plugin v27.2 - https:\/\/yoast.com\/product\/yoast-seo-wordpress\/ -->\n<title>Riesling GG Hubacker Klaus Peter Keller 2020 - Suwine - Suwi Zlatic<\/title>\n<meta name=\"description\" content=\"Riesling GG Hubacker Klaus Peter Keller, ein Gigant mit Finesse. Gro\u00dfe Rarit\u00e4t die am Markt nur schwer erh\u00e4ltich ist.\" \/>\n<meta name=\"robots\" content=\"index, follow, max-snippet:-1, max-image-preview:large, max-video-preview:-1\" \/>\n<link rel=\"canonical\" href=\"https:\/\/suwine.at\/en\/produkt\/riesling-gg-hubacker-klaus-peter-keller\/\" \/>\n<meta property=\"og:locale\" content=\"en_US\" \/>\n<meta property=\"og:type\" content=\"article\" \/>\n<meta property=\"og:title\" content=\"Riesling GG Hubacker Klaus Peter Keller 2020 - Suwine - Suwi Zlatic\" \/>\n<meta property=\"og:description\" content=\"Riesling GG Hubacker Klaus Peter Keller, ein Gigant mit Finesse. Gro\u00dfe Rarit\u00e4t die am Markt nur schwer erh\u00e4ltich ist.\" \/>\n<meta property=\"og:url\" content=\"https:\/\/suwine.at\/en\/produkt\/riesling-gg-hubacker-klaus-peter-keller\/\" \/>\n<meta property=\"og:site_name\" content=\"Suwine - Suwi Zlatic\" \/>\n<meta property=\"article:modified_time\" content=\"2025-02-06T17:04:44+00:00\" \/>\n<meta property=\"og:image\" content=\"https:\/\/suwine.at\/wp-content\/uploads\/2021\/03\/IMG_0115-copy.png\" \/>\n\t<meta property=\"og:image:width\" content=\"1000\" \/>\n\t<meta property=\"og:image:height\" content=\"1000\" \/>\n\t<meta property=\"og:image:type\" content=\"image\/png\" \/>\n<meta name=\"twitter:card\" content=\"summary_large_image\" \/>\n<meta name=\"twitter:label1\" content=\"Est. reading time\" \/>\n\t<meta name=\"twitter:data1\" content=\"1 minute\" \/>\n<script type=\"application\/ld+json\" class=\"yoast-schema-graph\">{\"@context\":\"https:\/\/schema.org\",\"@graph\":[{\"@type\":\"WebPage\",\"@id\":\"https:\/\/suwine.at\/en\/produkt\/riesling-gg-hubacker-klaus-peter-keller\/\",\"url\":\"https:\/\/suwine.at\/en\/produkt\/riesling-gg-hubacker-klaus-peter-keller\/\",\"name\":\"Riesling GG Hubacker Klaus Peter Keller 2020 - Suwine - Suwi Zlatic\",\"isPartOf\":{\"@id\":\"https:\/\/suwine.at\/en\/#website\"},\"primaryImageOfPage\":{\"@id\":\"https:\/\/suwine.at\/en\/produkt\/riesling-gg-hubacker-klaus-peter-keller\/#primaryimage\"},\"image\":{\"@id\":\"https:\/\/suwine.at\/en\/produkt\/riesling-gg-hubacker-klaus-peter-keller\/#primaryimage\"},\"thumbnailUrl\":\"https:\/\/suwine.at\/wp-content\/uploads\/2021\/03\/IMG_0115-copy.png\",\"datePublished\":\"2021-01-31T18:16:53+00:00\",\"dateModified\":\"2025-02-06T17:04:44+00:00\",\"description\":\"Riesling GG Hubacker Klaus Peter Keller, ein Gigant mit Finesse. Gro\u00dfe Rarit\u00e4t die am Markt nur schwer erh\u00e4ltich ist.\",\"breadcrumb\":{\"@id\":\"https:\/\/suwine.at\/en\/produkt\/riesling-gg-hubacker-klaus-peter-keller\/#breadcrumb\"},\"inLanguage\":\"en-US\",\"potentialAction\":[{\"@type\":\"ReadAction\",\"target\":[\"https:\/\/suwine.at\/en\/produkt\/riesling-gg-hubacker-klaus-peter-keller\/\"]}]},{\"@type\":\"ImageObject\",\"inLanguage\":\"en-US\",\"@id\":\"https:\/\/suwine.at\/en\/produkt\/riesling-gg-hubacker-klaus-peter-keller\/#primaryimage\",\"url\":\"https:\/\/suwine.at\/wp-content\/uploads\/2021\/03\/IMG_0115-copy.png\",\"contentUrl\":\"https:\/\/suwine.at\/wp-content\/uploads\/2021\/03\/IMG_0115-copy.png\",\"width\":1000,\"height\":1000,\"caption\":\"HUBACKER\"},{\"@type\":\"BreadcrumbList\",\"@id\":\"https:\/\/suwine.at\/en\/produkt\/riesling-gg-hubacker-klaus-peter-keller\/#breadcrumb\",\"itemListElement\":[{\"@type\":\"ListItem\",\"position\":1,\"name\":\"Startseite\",\"item\":\"https:\/\/suwine.at\/en\/suwine-suwi-zlatic\/\"},{\"@type\":\"ListItem\",\"position\":2,\"name\":\"Shop\",\"item\":\"https:\/\/suwine.at\/en\/shop-2\/\"},{\"@type\":\"ListItem\",\"position\":3,\"name\":\"Riesling GG Hubacker Klaus Peter Keller 2020\"}]},{\"@type\":\"WebSite\",\"@id\":\"https:\/\/suwine.at\/en\/#website\",\"url\":\"https:\/\/suwine.at\/en\/\",\"name\":\"Suwine - Suwi Zlatic\",\"description\":\"Sommelier | Gourmet Play Store | Consulting\",\"potentialAction\":[{\"@type\":\"SearchAction\",\"target\":{\"@type\":\"EntryPoint\",\"urlTemplate\":\"https:\/\/suwine.at\/en\/?s={search_term_string}\"},\"query-input\":{\"@type\":\"PropertyValueSpecification\",\"valueRequired\":true,\"valueName\":\"search_term_string\"}}],\"inLanguage\":\"en-US\"}]}<\/script>\n<!-- \/ Yoast SEO plugin. -->","yoast_head_json":{"title":"Riesling GG Hubacker Klaus Peter Keller 2020 - Suwine - Suwi Zlatic","description":"Riesling GG Hubacker Klaus Peter Keller, ein Gigant mit Finesse. Gro\u00dfe Rarit\u00e4t die am Markt nur schwer erh\u00e4ltich ist.","robots":{"index":"index","follow":"follow","max-snippet":"max-snippet:-1","max-image-preview":"max-image-preview:large","max-video-preview":"max-video-preview:-1"},"canonical":"https:\/\/suwine.at\/en\/produkt\/riesling-gg-hubacker-klaus-peter-keller\/","og_locale":"en_US","og_type":"article","og_title":"Riesling GG Hubacker Klaus Peter Keller 2020 - Suwine - Suwi Zlatic","og_description":"Riesling GG Hubacker Klaus Peter Keller, ein Gigant mit Finesse. Gro\u00dfe Rarit\u00e4t die am Markt nur schwer erh\u00e4ltich ist.","og_url":"https:\/\/suwine.at\/en\/produkt\/riesling-gg-hubacker-klaus-peter-keller\/","og_site_name":"Suwine - Suwi Zlatic","article_modified_time":"2025-02-06T17:04:44+00:00","og_image":[{"width":1000,"height":1000,"url":"https:\/\/suwine.at\/wp-content\/uploads\/2021\/03\/IMG_0115-copy.png","type":"image\/png"}],"twitter_card":"summary_large_image","twitter_misc":{"Est. reading time":"1 minute"},"schema":{"@context":"https:\/\/schema.org","@graph":[{"@type":"WebPage","@id":"https:\/\/suwine.at\/en\/produkt\/riesling-gg-hubacker-klaus-peter-keller\/","url":"https:\/\/suwine.at\/en\/produkt\/riesling-gg-hubacker-klaus-peter-keller\/","name":"Riesling GG Hubacker Klaus Peter Keller 2020 - Suwine - Suwi Zlatic","isPartOf":{"@id":"https:\/\/suwine.at\/en\/#website"},"primaryImageOfPage":{"@id":"https:\/\/suwine.at\/en\/produkt\/riesling-gg-hubacker-klaus-peter-keller\/#primaryimage"},"image":{"@id":"https:\/\/suwine.at\/en\/produkt\/riesling-gg-hubacker-klaus-peter-keller\/#primaryimage"},"thumbnailUrl":"https:\/\/suwine.at\/wp-content\/uploads\/2021\/03\/IMG_0115-copy.png","datePublished":"2021-01-31T18:16:53+00:00","dateModified":"2025-02-06T17:04:44+00:00","description":"Riesling GG Hubacker Klaus Peter Keller, ein Gigant mit Finesse. Gro\u00dfe Rarit\u00e4t die am Markt nur schwer erh\u00e4ltich ist.","breadcrumb":{"@id":"https:\/\/suwine.at\/en\/produkt\/riesling-gg-hubacker-klaus-peter-keller\/#breadcrumb"},"inLanguage":"en-US","potentialAction":[{"@type":"ReadAction","target":["https:\/\/suwine.at\/en\/produkt\/riesling-gg-hubacker-klaus-peter-keller\/"]}]},{"@type":"ImageObject","inLanguage":"en-US","@id":"https:\/\/suwine.at\/en\/produkt\/riesling-gg-hubacker-klaus-peter-keller\/#primaryimage","url":"https:\/\/suwine.at\/wp-content\/uploads\/2021\/03\/IMG_0115-copy.png","contentUrl":"https:\/\/suwine.at\/wp-content\/uploads\/2021\/03\/IMG_0115-copy.png","width":1000,"height":1000,"caption":"HUBACKER"},{"@type":"BreadcrumbList","@id":"https:\/\/suwine.at\/en\/produkt\/riesling-gg-hubacker-klaus-peter-keller\/#breadcrumb","itemListElement":[{"@type":"ListItem","position":1,"name":"Startseite","item":"https:\/\/suwine.at\/en\/suwine-suwi-zlatic\/"},{"@type":"ListItem","position":2,"name":"Shop","item":"https:\/\/suwine.at\/en\/shop-2\/"},{"@type":"ListItem","position":3,"name":"Riesling GG Hubacker Klaus Peter Keller 2020"}]},{"@type":"WebSite","@id":"https:\/\/suwine.at\/en\/#website","url":"https:\/\/suwine.at\/en\/","name":"Suwine - Suwi Zlatic","description":"Sommelier | Gourmet Play Store | Consulting","potentialAction":[{"@type":"SearchAction","target":{"@type":"EntryPoint","urlTemplate":"https:\/\/suwine.at\/en\/?s={search_term_string}"},"query-input":{"@type":"PropertyValueSpecification","valueRequired":true,"valueName":"search_term_string"}}],"inLanguage":"en-US"}]}},"_links":{"self":[{"href":"https:\/\/suwine.at\/en\/wp-json\/wp\/v2\/product\/224350","targetHints":{"allow":["GET"]}}],"collection":[{"href":"https:\/\/suwine.at\/en\/wp-json\/wp\/v2\/product"}],"about":[{"href":"https:\/\/suwine.at\/en\/wp-json\/wp\/v2\/types\/product"}],"wp:featuredmedia":[{"embeddable":true,"href":"https:\/\/suwine.at\/en\/wp-json\/wp\/v2\/media\/228182"}],"wp:attachment":[{"href":"https:\/\/suwine.at\/en\/wp-json\/wp\/v2\/media?parent=224350"}],"wp:term":[{"taxonomy":"product_brand","embeddable":true,"href":"https:\/\/suwine.at\/en\/wp-json\/wp\/v2\/product_brand?post=224350"},{"taxonomy":"product_cat","embeddable":true,"href":"https:\/\/suwine.at\/en\/wp-json\/wp\/v2\/product_cat?post=224350"},{"taxonomy":"product_tag","embeddable":true,"href":"https:\/\/suwine.at\/en\/wp-json\/wp\/v2\/product_tag?post=224350"}],"curies":[{"name":"wp","href":"https:\/\/api.w.org\/{rel}","templated":true}]}}