{"id":224816,"date":"2021-02-25T07:18:28","date_gmt":"2021-02-25T06:18:28","guid":{"rendered":"https:\/\/suwine.at\/?post_type=product&#038;p=224816"},"modified":"2025-01-27T20:24:13","modified_gmt":"2025-01-27T19:24:13","slug":"black-box-jungsommelier","status":"publish","type":"product","link":"https:\/\/suwine.at\/en\/produkt\/black-box-jungsommelier\/","title":{"rendered":"BLACK BOX Jungsommelier\/\u00e9"},"content":{"rendered":"<h2 style=\"font-weight: 400\">BLACK BOX Jungsommelier\/\u00e9<\/h2>\n<p><strong>(Sehr gut geeignet f\u00fcr Weinliebhaber und das Geschenk schlechthin)<\/strong><\/p>\n<p style=\"font-weight: 400\">Eines der wichtigsten Dinge in einer Ausbildung zum Sommelier ist die Blindverkostung. Fr\u00fcher oder sp\u00e4ter kommt man zu der Erkenntnis, dass die Weine mit denen man trainiert der Schl\u00fcssel zum Erfolg sind. Vielmehr die Typizit\u00e4t der Weine und die Parameter wie Aromen, S\u00e4ure, Tannin, Alkohol usw. sind sehr entscheidend.<\/p>\n<p style=\"font-weight: 400\">Meistens ist man auf sich allein gestellt, nicht nur bei der Auswahl, aber vor allem bei der Aufl\u00f6sung stellt man sich die Fragen?<\/p>\n<p style=\"font-weight: 400\">Wie gut habe ich die Weine verkostet und beschrieben?<\/p>\n<p style=\"font-weight: 400\">Welche Rebsorten w\u00e4ren in der Schlussfolgerung m\u00f6glich?<\/p>\n<p style=\"font-weight: 400\">Welcher Jahrgang w\u00e4re nachvollziehbar?<\/p>\n<p style=\"font-weight: 400\">Wie w\u00fcrde ich Potential einsch\u00e4tzen?<\/p>\n<p style=\"font-weight: 400\">Denn, beim Verkosten ist knapp daneben nicht unbedingt vorbei am Wein..The Black Box ist die ultimative L\u00f6sung f\u00fcr dich um beim Blindverkosten mehr Erfolg und vor allem mehr Spass zu haben.<\/p>\n<p style=\"font-weight: 400\">Deine Vorteile:<\/p>\n<p style=\"font-weight: 400\">Pro Box 6 selektierte Weine, 0,75L Inhalt.(4x Weisswein und 2x Rotwein)<\/p>\n<p style=\"font-weight: 400\">Verdeckt eingepackt &#8211; jegliche Beeinflussung des Verkosters wird auf das Minimum reduziert.<\/p>\n<p style=\"font-weight: 400\"><strong>Als Beilege in der Box ist ein Kuvert mit der schriftlichen Aufl\u00f6sung.<\/strong><\/p>\n<p style=\"font-weight: 400\">Alle Weine wurde von Suwi Zlatic, per\u00f6nlich verkostet.<\/p>\n<p style=\"font-weight: 400\">Diplom Sommelier Suwi Zlatic &#8211; Bester Sommeliers \u00d6sterreichs 2014 &amp; 2021,<\/p>\n<p style=\"font-weight: 400\">Bester Sommelier Europas und Afrikas 2021 3. Platz<\/p>\n<p style=\"font-weight: 400\">Advanced Sommelier CMS, Ambassadeur du Champagne d\u2019Europe<\/p>\n<p style=\"font-weight: 400\">\u201cBlindtaste your self and keep your eyes on the price\u201d!!!!<\/p>\n<span class=\"et_bloom_bottom_trigger\"><\/span>","protected":false},"excerpt":{"rendered":"<p>BLACK BOX Jungsommelier\/\u00e9<\/p>\n","protected":false},"featured_media":224937,"template":"","meta":{"_et_pb_use_builder":"","_et_pb_old_content":"","_et_gb_content_width":""},"product_brand":[],"product_cat":[591],"product_tag":[569,82,567],"class_list":{"0":"post-224816","1":"product","2":"type-product","3":"status-publish","4":"has-post-thumbnail","6":"product_cat-black-boxes","7":"product_tag-seminare","8":"product_tag-blindverkostung","9":"product_tag-weinboxen","11":"first","12":"instock","13":"taxable","14":"shipping-taxable","15":"purchasable","16":"product-type-simple"},"yoast_head":"<!-- This site is optimized with the Yoast SEO plugin v27.2 - https:\/\/yoast.com\/product\/yoast-seo-wordpress\/ -->\n<title>BLACK BOX Jungsommelier\/\u00e9 - Suwine - Suwi Zlatic<\/title>\n<meta name=\"description\" content=\"Fr\u00fcher oder sp\u00e4ter kommt man zu der Erkenntnis, dass die Weine mit denen man trainiert der Schl\u00fcssel zum Erfolg sind. BLACK BOX Jungsommelier\/\u00e9\" \/>\n<meta name=\"robots\" content=\"index, follow, max-snippet:-1, max-image-preview:large, max-video-preview:-1\" \/>\n<link rel=\"canonical\" href=\"https:\/\/suwine.at\/en\/produkt\/black-box-jungsommelier\/\" \/>\n<meta property=\"og:locale\" content=\"en_US\" \/>\n<meta property=\"og:type\" content=\"article\" \/>\n<meta property=\"og:title\" content=\"BLACK BOX Jungsommelier\/\u00e9 - Suwine - Suwi Zlatic\" \/>\n<meta property=\"og:description\" content=\"Fr\u00fcher oder sp\u00e4ter kommt man zu der Erkenntnis, dass die Weine mit denen man trainiert der Schl\u00fcssel zum Erfolg sind. BLACK BOX Jungsommelier\/\u00e9\" \/>\n<meta property=\"og:url\" content=\"https:\/\/suwine.at\/en\/produkt\/black-box-jungsommelier\/\" \/>\n<meta property=\"og:site_name\" content=\"Suwine - Suwi Zlatic\" \/>\n<meta property=\"article:modified_time\" content=\"2025-01-27T19:24:13+00:00\" \/>\n<meta property=\"og:image\" content=\"https:\/\/suwine.at\/wp-content\/uploads\/2021\/02\/Jungsommelier.jpg\" \/>\n\t<meta property=\"og:image:width\" content=\"1000\" \/>\n\t<meta property=\"og:image:height\" content=\"1000\" \/>\n\t<meta property=\"og:image:type\" content=\"image\/jpeg\" \/>\n<meta name=\"twitter:card\" content=\"summary_large_image\" \/>\n<meta name=\"twitter:label1\" content=\"Est. reading time\" \/>\n\t<meta name=\"twitter:data1\" content=\"2 minutes\" \/>\n<script type=\"application\/ld+json\" class=\"yoast-schema-graph\">{\"@context\":\"https:\/\/schema.org\",\"@graph\":[{\"@type\":\"WebPage\",\"@id\":\"https:\/\/suwine.at\/en\/produkt\/black-box-jungsommelier\/\",\"url\":\"https:\/\/suwine.at\/en\/produkt\/black-box-jungsommelier\/\",\"name\":\"BLACK BOX Jungsommelier\/\u00e9 - Suwine - Suwi Zlatic\",\"isPartOf\":{\"@id\":\"https:\/\/suwine.at\/en\/#website\"},\"primaryImageOfPage\":{\"@id\":\"https:\/\/suwine.at\/en\/produkt\/black-box-jungsommelier\/#primaryimage\"},\"image\":{\"@id\":\"https:\/\/suwine.at\/en\/produkt\/black-box-jungsommelier\/#primaryimage\"},\"thumbnailUrl\":\"https:\/\/suwine.at\/wp-content\/uploads\/2021\/02\/Jungsommelier.jpg\",\"datePublished\":\"2021-02-25T06:18:28+00:00\",\"dateModified\":\"2025-01-27T19:24:13+00:00\",\"description\":\"Fr\u00fcher oder sp\u00e4ter kommt man zu der Erkenntnis, dass die Weine mit denen man trainiert der Schl\u00fcssel zum Erfolg sind. BLACK BOX Jungsommelier\/\u00e9\",\"breadcrumb\":{\"@id\":\"https:\/\/suwine.at\/en\/produkt\/black-box-jungsommelier\/#breadcrumb\"},\"inLanguage\":\"en-US\",\"potentialAction\":[{\"@type\":\"ReadAction\",\"target\":[\"https:\/\/suwine.at\/en\/produkt\/black-box-jungsommelier\/\"]}]},{\"@type\":\"ImageObject\",\"inLanguage\":\"en-US\",\"@id\":\"https:\/\/suwine.at\/en\/produkt\/black-box-jungsommelier\/#primaryimage\",\"url\":\"https:\/\/suwine.at\/wp-content\/uploads\/2021\/02\/Jungsommelier.jpg\",\"contentUrl\":\"https:\/\/suwine.at\/wp-content\/uploads\/2021\/02\/Jungsommelier.jpg\",\"width\":1000,\"height\":1000,\"caption\":\"Jungsommelier\"},{\"@type\":\"BreadcrumbList\",\"@id\":\"https:\/\/suwine.at\/en\/produkt\/black-box-jungsommelier\/#breadcrumb\",\"itemListElement\":[{\"@type\":\"ListItem\",\"position\":1,\"name\":\"Startseite\",\"item\":\"https:\/\/suwine.at\/en\/suwine-suwi-zlatic\/\"},{\"@type\":\"ListItem\",\"position\":2,\"name\":\"Shop\",\"item\":\"https:\/\/suwine.at\/en\/shop-2\/\"},{\"@type\":\"ListItem\",\"position\":3,\"name\":\"BLACK BOX Jungsommelier\/\u00e9\"}]},{\"@type\":\"WebSite\",\"@id\":\"https:\/\/suwine.at\/en\/#website\",\"url\":\"https:\/\/suwine.at\/en\/\",\"name\":\"Suwine - Suwi Zlatic\",\"description\":\"Sommelier | Gourmet Play Store | Consulting\",\"potentialAction\":[{\"@type\":\"SearchAction\",\"target\":{\"@type\":\"EntryPoint\",\"urlTemplate\":\"https:\/\/suwine.at\/en\/?s={search_term_string}\"},\"query-input\":{\"@type\":\"PropertyValueSpecification\",\"valueRequired\":true,\"valueName\":\"search_term_string\"}}],\"inLanguage\":\"en-US\"}]}<\/script>\n<!-- \/ Yoast SEO plugin. -->","yoast_head_json":{"title":"BLACK BOX Jungsommelier\/\u00e9 - Suwine - Suwi Zlatic","description":"Fr\u00fcher oder sp\u00e4ter kommt man zu der Erkenntnis, dass die Weine mit denen man trainiert der Schl\u00fcssel zum Erfolg sind. BLACK BOX Jungsommelier\/\u00e9","robots":{"index":"index","follow":"follow","max-snippet":"max-snippet:-1","max-image-preview":"max-image-preview:large","max-video-preview":"max-video-preview:-1"},"canonical":"https:\/\/suwine.at\/en\/produkt\/black-box-jungsommelier\/","og_locale":"en_US","og_type":"article","og_title":"BLACK BOX Jungsommelier\/\u00e9 - Suwine - Suwi Zlatic","og_description":"Fr\u00fcher oder sp\u00e4ter kommt man zu der Erkenntnis, dass die Weine mit denen man trainiert der Schl\u00fcssel zum Erfolg sind. BLACK BOX Jungsommelier\/\u00e9","og_url":"https:\/\/suwine.at\/en\/produkt\/black-box-jungsommelier\/","og_site_name":"Suwine - Suwi Zlatic","article_modified_time":"2025-01-27T19:24:13+00:00","og_image":[{"width":1000,"height":1000,"url":"https:\/\/suwine.at\/wp-content\/uploads\/2021\/02\/Jungsommelier.jpg","type":"image\/jpeg"}],"twitter_card":"summary_large_image","twitter_misc":{"Est. reading time":"2 minutes"},"schema":{"@context":"https:\/\/schema.org","@graph":[{"@type":"WebPage","@id":"https:\/\/suwine.at\/en\/produkt\/black-box-jungsommelier\/","url":"https:\/\/suwine.at\/en\/produkt\/black-box-jungsommelier\/","name":"BLACK BOX Jungsommelier\/\u00e9 - Suwine - Suwi Zlatic","isPartOf":{"@id":"https:\/\/suwine.at\/en\/#website"},"primaryImageOfPage":{"@id":"https:\/\/suwine.at\/en\/produkt\/black-box-jungsommelier\/#primaryimage"},"image":{"@id":"https:\/\/suwine.at\/en\/produkt\/black-box-jungsommelier\/#primaryimage"},"thumbnailUrl":"https:\/\/suwine.at\/wp-content\/uploads\/2021\/02\/Jungsommelier.jpg","datePublished":"2021-02-25T06:18:28+00:00","dateModified":"2025-01-27T19:24:13+00:00","description":"Fr\u00fcher oder sp\u00e4ter kommt man zu der Erkenntnis, dass die Weine mit denen man trainiert der Schl\u00fcssel zum Erfolg sind. BLACK BOX Jungsommelier\/\u00e9","breadcrumb":{"@id":"https:\/\/suwine.at\/en\/produkt\/black-box-jungsommelier\/#breadcrumb"},"inLanguage":"en-US","potentialAction":[{"@type":"ReadAction","target":["https:\/\/suwine.at\/en\/produkt\/black-box-jungsommelier\/"]}]},{"@type":"ImageObject","inLanguage":"en-US","@id":"https:\/\/suwine.at\/en\/produkt\/black-box-jungsommelier\/#primaryimage","url":"https:\/\/suwine.at\/wp-content\/uploads\/2021\/02\/Jungsommelier.jpg","contentUrl":"https:\/\/suwine.at\/wp-content\/uploads\/2021\/02\/Jungsommelier.jpg","width":1000,"height":1000,"caption":"Jungsommelier"},{"@type":"BreadcrumbList","@id":"https:\/\/suwine.at\/en\/produkt\/black-box-jungsommelier\/#breadcrumb","itemListElement":[{"@type":"ListItem","position":1,"name":"Startseite","item":"https:\/\/suwine.at\/en\/suwine-suwi-zlatic\/"},{"@type":"ListItem","position":2,"name":"Shop","item":"https:\/\/suwine.at\/en\/shop-2\/"},{"@type":"ListItem","position":3,"name":"BLACK BOX Jungsommelier\/\u00e9"}]},{"@type":"WebSite","@id":"https:\/\/suwine.at\/en\/#website","url":"https:\/\/suwine.at\/en\/","name":"Suwine - Suwi Zlatic","description":"Sommelier | Gourmet Play Store | Consulting","potentialAction":[{"@type":"SearchAction","target":{"@type":"EntryPoint","urlTemplate":"https:\/\/suwine.at\/en\/?s={search_term_string}"},"query-input":{"@type":"PropertyValueSpecification","valueRequired":true,"valueName":"search_term_string"}}],"inLanguage":"en-US"}]}},"_links":{"self":[{"href":"https:\/\/suwine.at\/en\/wp-json\/wp\/v2\/product\/224816","targetHints":{"allow":["GET"]}}],"collection":[{"href":"https:\/\/suwine.at\/en\/wp-json\/wp\/v2\/product"}],"about":[{"href":"https:\/\/suwine.at\/en\/wp-json\/wp\/v2\/types\/product"}],"wp:featuredmedia":[{"embeddable":true,"href":"https:\/\/suwine.at\/en\/wp-json\/wp\/v2\/media\/224937"}],"wp:attachment":[{"href":"https:\/\/suwine.at\/en\/wp-json\/wp\/v2\/media?parent=224816"}],"wp:term":[{"taxonomy":"product_brand","embeddable":true,"href":"https:\/\/suwine.at\/en\/wp-json\/wp\/v2\/product_brand?post=224816"},{"taxonomy":"product_cat","embeddable":true,"href":"https:\/\/suwine.at\/en\/wp-json\/wp\/v2\/product_cat?post=224816"},{"taxonomy":"product_tag","embeddable":true,"href":"https:\/\/suwine.at\/en\/wp-json\/wp\/v2\/product_tag?post=224816"}],"curies":[{"name":"wp","href":"https:\/\/api.w.org\/{rel}","templated":true}]}}