{"id":225769,"date":"2021-06-06T21:07:13","date_gmt":"2021-06-06T19:07:13","guid":{"rendered":"https:\/\/suwine.at\/?post_type=product&#038;p=225769"},"modified":"2026-04-24T16:39:10","modified_gmt":"2026-04-24T14:39:10","slug":"ornellaia-2","status":"publish","type":"product","link":"https:\/\/suwine.at\/en\/produkt\/ornellaia-2\/","title":{"rendered":"Ornellaia 2022"},"content":{"rendered":"<h2 class=\"p1\"><b>Ornellaia 2022 \u2013 <\/b><b>Tenuta dell\u2019Ornellaia<\/b><b>, <\/b><b>Bolgheri<\/b><span class=\"s2\"><br \/>\n<\/span><\/h2>\n<p class=\"p1\">Ein gro\u00dfer toskanischer Rotwein von internationalem Rang. Der Ornellaia 2022 pr\u00e4sentiert sich mit intensiven Aromen von schwarzen Johannisbeeren, reifen Brombeeren und dunklen Kirschen, erg\u00e4nzt durch elegante Noten von Tabak, Schokolade, Gew\u00fcrzen und feinem Holz. Am Gaumen dicht und vielschichtig, mit perfekt integrierten Tanninen, frischer Struktur und au\u00dfergew\u00f6hnlicher L\u00e4nge. Ein Wein mit gro\u00dfem Reifepotenzial und beeindruckender Finesse.<\/p>\n<p class=\"p1\">Ornellaia steht f\u00fcr die perfekte Verbindung von mediterranem Terroir und h\u00f6chster Winzerkunst. Der Jahrgang 2022 zeigt eindrucksvoll die Eleganz und Kraft dieser einzigartigen K\u00fcstenregion. Tiefgr\u00fcndig, komplex und gleichzeitig harmonisch \u2013 ein Wein, der mit jeder Nuance begeistert und lange in Erinnerung bleibt. Ideal f\u00fcr besondere Anl\u00e4sse oder als exklusives Geschenk f\u00fcr Weinliebhaber.<\/p>\n<ul>\n<li>Rebsorte: Cabernet Sauvignon 53%, Merlot 25%, Cabernet Franc 15%, Petit Verdot 7%<\/li>\n<li>Land: Italien<\/li>\n<li>Anbaugebiet: Toskana<\/li>\n<li>Produzent: Tenuta dell Ornellaia<\/li>\n<li>Jahrgang: 2022<\/li>\n<li>Inhalt: 0,75L<\/li>\n<li>Alkohol:13,5 Vol%<\/li>\n<\/ul>\n<span class=\"et_bloom_bottom_trigger\"><\/span>","protected":false},"excerpt":{"rendered":"<p>Trotz des Jahrgangs 2022 mit einer langanhaltenden Hitze besticht der Ornellaia wie immer mit Eleganz und Frische, seinen Haupteigenschaften.<\/p>\n","protected":false},"featured_media":232665,"template":"","meta":{"_et_pb_use_builder":"","_et_pb_old_content":"","_et_gb_content_width":""},"product_brand":[],"product_cat":[190,210],"product_tag":[80,90,554],"class_list":{"0":"post-225769","1":"product","2":"type-product","3":"status-publish","4":"has-post-thumbnail","6":"product_cat-rotwein-raritaeten","7":"product_cat-rotwein-international","8":"product_tag-italien","9":"product_tag-toskana","10":"product_tag-ornellaia","12":"first","13":"instock","14":"taxable","15":"shipping-taxable","16":"purchasable","17":"product-type-simple"},"yoast_head":"<!-- This site is optimized with the Yoast SEO plugin v27.2 - https:\/\/yoast.com\/product\/yoast-seo-wordpress\/ -->\n<title>Ornellaia 2022 - Suwine - Suwi Zlatic<\/title>\n<meta name=\"description\" content=\"Ornellaia 2022 online kaufen \u2713 Spitzenwein von Tenuta dell\u2019Ornellaia aus Bolgheri \u2713 Komplex, elegant &amp; kraftvoll \u2713 Jetzt entdecken!\" \/>\n<meta name=\"robots\" content=\"index, follow, max-snippet:-1, max-image-preview:large, max-video-preview:-1\" \/>\n<link rel=\"canonical\" href=\"https:\/\/suwine.at\/en\/produkt\/ornellaia-2\/\" \/>\n<meta property=\"og:locale\" content=\"en_US\" \/>\n<meta property=\"og:type\" content=\"article\" \/>\n<meta property=\"og:title\" content=\"Ornellaia 2022 - Suwine - Suwi Zlatic\" \/>\n<meta property=\"og:description\" content=\"Ornellaia 2022 online kaufen \u2713 Spitzenwein von Tenuta dell\u2019Ornellaia aus Bolgheri \u2713 Komplex, elegant &amp; kraftvoll \u2713 Jetzt entdecken!\" \/>\n<meta property=\"og:url\" content=\"https:\/\/suwine.at\/en\/produkt\/ornellaia-2\/\" \/>\n<meta property=\"og:site_name\" content=\"Suwine - Suwi Zlatic\" \/>\n<meta property=\"article:modified_time\" content=\"2026-04-24T14:39:10+00:00\" \/>\n<meta property=\"og:image\" content=\"https:\/\/suwine.at\/wp-content\/uploads\/2021\/06\/E645C27F-0F1E-494B-B3E0-9CEF5ECD2955.jpg\" \/>\n\t<meta property=\"og:image:width\" content=\"1080\" \/>\n\t<meta property=\"og:image:height\" content=\"1080\" \/>\n\t<meta property=\"og:image:type\" content=\"image\/jpeg\" \/>\n<meta name=\"twitter:card\" content=\"summary_large_image\" \/>\n<meta name=\"twitter:label1\" content=\"Est. reading time\" \/>\n\t<meta name=\"twitter:data1\" content=\"1 minute\" \/>\n<script type=\"application\/ld+json\" class=\"yoast-schema-graph\">{\"@context\":\"https:\/\/schema.org\",\"@graph\":[{\"@type\":\"WebPage\",\"@id\":\"https:\/\/suwine.at\/en\/produkt\/ornellaia-2\/\",\"url\":\"https:\/\/suwine.at\/en\/produkt\/ornellaia-2\/\",\"name\":\"Ornellaia 2022 - Suwine - Suwi Zlatic\",\"isPartOf\":{\"@id\":\"https:\/\/suwine.at\/en\/#website\"},\"primaryImageOfPage\":{\"@id\":\"https:\/\/suwine.at\/en\/produkt\/ornellaia-2\/#primaryimage\"},\"image\":{\"@id\":\"https:\/\/suwine.at\/en\/produkt\/ornellaia-2\/#primaryimage\"},\"thumbnailUrl\":\"https:\/\/suwine.at\/wp-content\/uploads\/2021\/06\/E645C27F-0F1E-494B-B3E0-9CEF5ECD2955.jpg\",\"datePublished\":\"2021-06-06T19:07:13+00:00\",\"dateModified\":\"2026-04-24T14:39:10+00:00\",\"description\":\"Ornellaia 2022 online kaufen \u2713 Spitzenwein von Tenuta dell\u2019Ornellaia aus Bolgheri \u2713 Komplex, elegant & kraftvoll \u2713 Jetzt entdecken!\",\"breadcrumb\":{\"@id\":\"https:\/\/suwine.at\/en\/produkt\/ornellaia-2\/#breadcrumb\"},\"inLanguage\":\"en-US\",\"potentialAction\":[{\"@type\":\"ReadAction\",\"target\":[\"https:\/\/suwine.at\/en\/produkt\/ornellaia-2\/\"]}]},{\"@type\":\"ImageObject\",\"inLanguage\":\"en-US\",\"@id\":\"https:\/\/suwine.at\/en\/produkt\/ornellaia-2\/#primaryimage\",\"url\":\"https:\/\/suwine.at\/wp-content\/uploads\/2021\/06\/E645C27F-0F1E-494B-B3E0-9CEF5ECD2955.jpg\",\"contentUrl\":\"https:\/\/suwine.at\/wp-content\/uploads\/2021\/06\/E645C27F-0F1E-494B-B3E0-9CEF5ECD2955.jpg\",\"width\":1080,\"height\":1080,\"caption\":\"Ornellaia\"},{\"@type\":\"BreadcrumbList\",\"@id\":\"https:\/\/suwine.at\/en\/produkt\/ornellaia-2\/#breadcrumb\",\"itemListElement\":[{\"@type\":\"ListItem\",\"position\":1,\"name\":\"Startseite\",\"item\":\"https:\/\/suwine.at\/en\/suwine-suwi-zlatic\/\"},{\"@type\":\"ListItem\",\"position\":2,\"name\":\"Shop\",\"item\":\"https:\/\/suwine.at\/en\/shop-2\/\"},{\"@type\":\"ListItem\",\"position\":3,\"name\":\"Ornellaia 2022\"}]},{\"@type\":\"WebSite\",\"@id\":\"https:\/\/suwine.at\/en\/#website\",\"url\":\"https:\/\/suwine.at\/en\/\",\"name\":\"Suwine - Suwi Zlatic\",\"description\":\"Sommelier | Gourmet Play Store | Consulting\",\"potentialAction\":[{\"@type\":\"SearchAction\",\"target\":{\"@type\":\"EntryPoint\",\"urlTemplate\":\"https:\/\/suwine.at\/en\/?s={search_term_string}\"},\"query-input\":{\"@type\":\"PropertyValueSpecification\",\"valueRequired\":true,\"valueName\":\"search_term_string\"}}],\"inLanguage\":\"en-US\"}]}<\/script>\n<!-- \/ Yoast SEO plugin. -->","yoast_head_json":{"title":"Ornellaia 2022 - Suwine - Suwi Zlatic","description":"Ornellaia 2022 online kaufen \u2713 Spitzenwein von Tenuta dell\u2019Ornellaia aus Bolgheri \u2713 Komplex, elegant & kraftvoll \u2713 Jetzt entdecken!","robots":{"index":"index","follow":"follow","max-snippet":"max-snippet:-1","max-image-preview":"max-image-preview:large","max-video-preview":"max-video-preview:-1"},"canonical":"https:\/\/suwine.at\/en\/produkt\/ornellaia-2\/","og_locale":"en_US","og_type":"article","og_title":"Ornellaia 2022 - Suwine - Suwi Zlatic","og_description":"Ornellaia 2022 online kaufen \u2713 Spitzenwein von Tenuta dell\u2019Ornellaia aus Bolgheri \u2713 Komplex, elegant & kraftvoll \u2713 Jetzt entdecken!","og_url":"https:\/\/suwine.at\/en\/produkt\/ornellaia-2\/","og_site_name":"Suwine - Suwi Zlatic","article_modified_time":"2026-04-24T14:39:10+00:00","og_image":[{"width":1080,"height":1080,"url":"https:\/\/suwine.at\/wp-content\/uploads\/2021\/06\/E645C27F-0F1E-494B-B3E0-9CEF5ECD2955.jpg","type":"image\/jpeg"}],"twitter_card":"summary_large_image","twitter_misc":{"Est. reading time":"1 minute"},"schema":{"@context":"https:\/\/schema.org","@graph":[{"@type":"WebPage","@id":"https:\/\/suwine.at\/en\/produkt\/ornellaia-2\/","url":"https:\/\/suwine.at\/en\/produkt\/ornellaia-2\/","name":"Ornellaia 2022 - Suwine - Suwi Zlatic","isPartOf":{"@id":"https:\/\/suwine.at\/en\/#website"},"primaryImageOfPage":{"@id":"https:\/\/suwine.at\/en\/produkt\/ornellaia-2\/#primaryimage"},"image":{"@id":"https:\/\/suwine.at\/en\/produkt\/ornellaia-2\/#primaryimage"},"thumbnailUrl":"https:\/\/suwine.at\/wp-content\/uploads\/2021\/06\/E645C27F-0F1E-494B-B3E0-9CEF5ECD2955.jpg","datePublished":"2021-06-06T19:07:13+00:00","dateModified":"2026-04-24T14:39:10+00:00","description":"Ornellaia 2022 online kaufen \u2713 Spitzenwein von Tenuta dell\u2019Ornellaia aus Bolgheri \u2713 Komplex, elegant & kraftvoll \u2713 Jetzt entdecken!","breadcrumb":{"@id":"https:\/\/suwine.at\/en\/produkt\/ornellaia-2\/#breadcrumb"},"inLanguage":"en-US","potentialAction":[{"@type":"ReadAction","target":["https:\/\/suwine.at\/en\/produkt\/ornellaia-2\/"]}]},{"@type":"ImageObject","inLanguage":"en-US","@id":"https:\/\/suwine.at\/en\/produkt\/ornellaia-2\/#primaryimage","url":"https:\/\/suwine.at\/wp-content\/uploads\/2021\/06\/E645C27F-0F1E-494B-B3E0-9CEF5ECD2955.jpg","contentUrl":"https:\/\/suwine.at\/wp-content\/uploads\/2021\/06\/E645C27F-0F1E-494B-B3E0-9CEF5ECD2955.jpg","width":1080,"height":1080,"caption":"Ornellaia"},{"@type":"BreadcrumbList","@id":"https:\/\/suwine.at\/en\/produkt\/ornellaia-2\/#breadcrumb","itemListElement":[{"@type":"ListItem","position":1,"name":"Startseite","item":"https:\/\/suwine.at\/en\/suwine-suwi-zlatic\/"},{"@type":"ListItem","position":2,"name":"Shop","item":"https:\/\/suwine.at\/en\/shop-2\/"},{"@type":"ListItem","position":3,"name":"Ornellaia 2022"}]},{"@type":"WebSite","@id":"https:\/\/suwine.at\/en\/#website","url":"https:\/\/suwine.at\/en\/","name":"Suwine - Suwi Zlatic","description":"Sommelier | Gourmet Play Store | Consulting","potentialAction":[{"@type":"SearchAction","target":{"@type":"EntryPoint","urlTemplate":"https:\/\/suwine.at\/en\/?s={search_term_string}"},"query-input":{"@type":"PropertyValueSpecification","valueRequired":true,"valueName":"search_term_string"}}],"inLanguage":"en-US"}]}},"_links":{"self":[{"href":"https:\/\/suwine.at\/en\/wp-json\/wp\/v2\/product\/225769","targetHints":{"allow":["GET"]}}],"collection":[{"href":"https:\/\/suwine.at\/en\/wp-json\/wp\/v2\/product"}],"about":[{"href":"https:\/\/suwine.at\/en\/wp-json\/wp\/v2\/types\/product"}],"wp:featuredmedia":[{"embeddable":true,"href":"https:\/\/suwine.at\/en\/wp-json\/wp\/v2\/media\/232665"}],"wp:attachment":[{"href":"https:\/\/suwine.at\/en\/wp-json\/wp\/v2\/media?parent=225769"}],"wp:term":[{"taxonomy":"product_brand","embeddable":true,"href":"https:\/\/suwine.at\/en\/wp-json\/wp\/v2\/product_brand?post=225769"},{"taxonomy":"product_cat","embeddable":true,"href":"https:\/\/suwine.at\/en\/wp-json\/wp\/v2\/product_cat?post=225769"},{"taxonomy":"product_tag","embeddable":true,"href":"https:\/\/suwine.at\/en\/wp-json\/wp\/v2\/product_tag?post=225769"}],"curies":[{"name":"wp","href":"https:\/\/api.w.org\/{rel}","templated":true}]}}