{"id":227933,"date":"2022-01-08T23:04:24","date_gmt":"2022-01-08T22:04:24","guid":{"rendered":"https:\/\/suwine.at\/?post_type=product&#038;p=227933"},"modified":"2023-09-21T16:20:21","modified_gmt":"2023-09-21T14:20:21","slug":"ganzer-trueffel-im-glas","status":"publish","type":"product","link":"https:\/\/suwine.at\/en\/produkt\/ganzer-trueffel-im-glas\/","title":{"rendered":"Ganzer Tr\u00fcffel im Glas"},"content":{"rendered":"<h2>Frischer Genuss im Glas &#8211; f\u00fcr LiebhaberInnen des frischen Tr\u00fcffels<\/h2>\n<p>Ein Upgrade f\u00fcr Klassiker wie Beef Tartare, Carpaccio vom Rind oder Spinat mit Ei.<br \/>\nEignet sich auch hervorragend zu Pasta, Wild und Risotto.<\/p>\n<p><strong>Inhalt: Schwarzer Sommer-Tr\u00fcffel (Tuber Aestivum) im Ganzen zu 25 Gramm<\/strong><\/p>\n<span class=\"et_bloom_bottom_trigger\"><\/span>","protected":false},"excerpt":{"rendered":"<p>Frischer Genuss im Glas &#8211; f\u00fcr LiebhaberInnen des frischen Tr\u00fcffels.<br \/>\n<strong>Inhalt: Schwarzer Sommer-Tr\u00fcffel (Tuber Aestivum) im Ganzen zu 25 Gramm<\/strong><\/p>\n","protected":false},"featured_media":231627,"template":"","meta":{"_et_pb_use_builder":"","_et_pb_old_content":"","_et_gb_content_width":""},"product_brand":[],"product_cat":[48],"product_tag":[678,59],"class_list":{"0":"post-227933","1":"product","2":"type-product","3":"status-publish","4":"has-post-thumbnail","6":"product_cat-genius-tartufi","7":"product_tag-sommer-trueffel","8":"product_tag-schwarze-trueffel","10":"first","11":"instock","12":"taxable","13":"shipping-taxable","14":"purchasable","15":"product-type-simple"},"yoast_head":"<!-- This site is optimized with the Yoast SEO plugin v27.2 - https:\/\/yoast.com\/product\/yoast-seo-wordpress\/ -->\n<title>Ganzer Tr\u00fcffel im Glas - Suwine - Suwi Zlatic<\/title>\n<meta name=\"description\" content=\"Ganzer Tr\u00fcffel im Glas. Frischer Genuss im Glas, f\u00fcr Liebhaber\/innen des frischen Tr\u00fcffels \u201eTuber Aestivum\u201c .\" \/>\n<meta name=\"robots\" content=\"index, follow, max-snippet:-1, max-image-preview:large, max-video-preview:-1\" \/>\n<link rel=\"canonical\" href=\"https:\/\/suwine.at\/en\/produkt\/ganzer-trueffel-im-glas\/\" \/>\n<meta property=\"og:locale\" content=\"en_US\" \/>\n<meta property=\"og:type\" content=\"article\" \/>\n<meta property=\"og:title\" content=\"Ganzer Tr\u00fcffel im Glas - Suwine - Suwi Zlatic\" \/>\n<meta property=\"og:description\" content=\"Ganzer Tr\u00fcffel im Glas. Frischer Genuss im Glas, f\u00fcr Liebhaber\/innen des frischen Tr\u00fcffels \u201eTuber Aestivum\u201c .\" \/>\n<meta property=\"og:url\" content=\"https:\/\/suwine.at\/en\/produkt\/ganzer-trueffel-im-glas\/\" \/>\n<meta property=\"og:site_name\" content=\"Suwine - Suwi Zlatic\" \/>\n<meta property=\"article:modified_time\" content=\"2023-09-21T14:20:21+00:00\" \/>\n<meta property=\"og:image\" content=\"https:\/\/suwine.at\/wp-content\/uploads\/2022\/01\/CF055244.jpg\" \/>\n\t<meta property=\"og:image:width\" content=\"1000\" \/>\n\t<meta property=\"og:image:height\" content=\"1000\" \/>\n\t<meta property=\"og:image:type\" content=\"image\/jpeg\" \/>\n<meta name=\"twitter:card\" content=\"summary_large_image\" \/>\n<meta name=\"twitter:label1\" content=\"Est. reading time\" \/>\n\t<meta name=\"twitter:data1\" content=\"1 minute\" \/>\n<script type=\"application\/ld+json\" class=\"yoast-schema-graph\">{\"@context\":\"https:\/\/schema.org\",\"@graph\":[{\"@type\":\"WebPage\",\"@id\":\"https:\/\/suwine.at\/en\/produkt\/ganzer-trueffel-im-glas\/\",\"url\":\"https:\/\/suwine.at\/en\/produkt\/ganzer-trueffel-im-glas\/\",\"name\":\"Ganzer Tr\u00fcffel im Glas - Suwine - Suwi Zlatic\",\"isPartOf\":{\"@id\":\"https:\/\/suwine.at\/en\/#website\"},\"primaryImageOfPage\":{\"@id\":\"https:\/\/suwine.at\/en\/produkt\/ganzer-trueffel-im-glas\/#primaryimage\"},\"image\":{\"@id\":\"https:\/\/suwine.at\/en\/produkt\/ganzer-trueffel-im-glas\/#primaryimage\"},\"thumbnailUrl\":\"https:\/\/suwine.at\/wp-content\/uploads\/2022\/01\/CF055244.jpg\",\"datePublished\":\"2022-01-08T22:04:24+00:00\",\"dateModified\":\"2023-09-21T14:20:21+00:00\",\"description\":\"Ganzer Tr\u00fcffel im Glas. Frischer Genuss im Glas, f\u00fcr Liebhaber\/innen des frischen Tr\u00fcffels \u201eTuber Aestivum\u201c .\",\"breadcrumb\":{\"@id\":\"https:\/\/suwine.at\/en\/produkt\/ganzer-trueffel-im-glas\/#breadcrumb\"},\"inLanguage\":\"en-US\",\"potentialAction\":[{\"@type\":\"ReadAction\",\"target\":[\"https:\/\/suwine.at\/en\/produkt\/ganzer-trueffel-im-glas\/\"]}]},{\"@type\":\"ImageObject\",\"inLanguage\":\"en-US\",\"@id\":\"https:\/\/suwine.at\/en\/produkt\/ganzer-trueffel-im-glas\/#primaryimage\",\"url\":\"https:\/\/suwine.at\/wp-content\/uploads\/2022\/01\/CF055244.jpg\",\"contentUrl\":\"https:\/\/suwine.at\/wp-content\/uploads\/2022\/01\/CF055244.jpg\",\"width\":1000,\"height\":1000,\"caption\":\"Ganz Tr\u00fcffel\"},{\"@type\":\"BreadcrumbList\",\"@id\":\"https:\/\/suwine.at\/en\/produkt\/ganzer-trueffel-im-glas\/#breadcrumb\",\"itemListElement\":[{\"@type\":\"ListItem\",\"position\":1,\"name\":\"Startseite\",\"item\":\"https:\/\/suwine.at\/en\/suwine-suwi-zlatic\/\"},{\"@type\":\"ListItem\",\"position\":2,\"name\":\"Shop\",\"item\":\"https:\/\/suwine.at\/en\/shop-2\/\"},{\"@type\":\"ListItem\",\"position\":3,\"name\":\"Ganzer Tr\u00fcffel im Glas\"}]},{\"@type\":\"WebSite\",\"@id\":\"https:\/\/suwine.at\/en\/#website\",\"url\":\"https:\/\/suwine.at\/en\/\",\"name\":\"Suwine - Suwi Zlatic\",\"description\":\"Sommelier | Gourmet Play Store | Consulting\",\"potentialAction\":[{\"@type\":\"SearchAction\",\"target\":{\"@type\":\"EntryPoint\",\"urlTemplate\":\"https:\/\/suwine.at\/en\/?s={search_term_string}\"},\"query-input\":{\"@type\":\"PropertyValueSpecification\",\"valueRequired\":true,\"valueName\":\"search_term_string\"}}],\"inLanguage\":\"en-US\"}]}<\/script>\n<!-- \/ Yoast SEO plugin. -->","yoast_head_json":{"title":"Ganzer Tr\u00fcffel im Glas - Suwine - Suwi Zlatic","description":"Ganzer Tr\u00fcffel im Glas. Frischer Genuss im Glas, f\u00fcr Liebhaber\/innen des frischen Tr\u00fcffels \u201eTuber Aestivum\u201c .","robots":{"index":"index","follow":"follow","max-snippet":"max-snippet:-1","max-image-preview":"max-image-preview:large","max-video-preview":"max-video-preview:-1"},"canonical":"https:\/\/suwine.at\/en\/produkt\/ganzer-trueffel-im-glas\/","og_locale":"en_US","og_type":"article","og_title":"Ganzer Tr\u00fcffel im Glas - Suwine - Suwi Zlatic","og_description":"Ganzer Tr\u00fcffel im Glas. Frischer Genuss im Glas, f\u00fcr Liebhaber\/innen des frischen Tr\u00fcffels \u201eTuber Aestivum\u201c .","og_url":"https:\/\/suwine.at\/en\/produkt\/ganzer-trueffel-im-glas\/","og_site_name":"Suwine - Suwi Zlatic","article_modified_time":"2023-09-21T14:20:21+00:00","og_image":[{"width":1000,"height":1000,"url":"https:\/\/suwine.at\/wp-content\/uploads\/2022\/01\/CF055244.jpg","type":"image\/jpeg"}],"twitter_card":"summary_large_image","twitter_misc":{"Est. reading time":"1 minute"},"schema":{"@context":"https:\/\/schema.org","@graph":[{"@type":"WebPage","@id":"https:\/\/suwine.at\/en\/produkt\/ganzer-trueffel-im-glas\/","url":"https:\/\/suwine.at\/en\/produkt\/ganzer-trueffel-im-glas\/","name":"Ganzer Tr\u00fcffel im Glas - Suwine - Suwi Zlatic","isPartOf":{"@id":"https:\/\/suwine.at\/en\/#website"},"primaryImageOfPage":{"@id":"https:\/\/suwine.at\/en\/produkt\/ganzer-trueffel-im-glas\/#primaryimage"},"image":{"@id":"https:\/\/suwine.at\/en\/produkt\/ganzer-trueffel-im-glas\/#primaryimage"},"thumbnailUrl":"https:\/\/suwine.at\/wp-content\/uploads\/2022\/01\/CF055244.jpg","datePublished":"2022-01-08T22:04:24+00:00","dateModified":"2023-09-21T14:20:21+00:00","description":"Ganzer Tr\u00fcffel im Glas. Frischer Genuss im Glas, f\u00fcr Liebhaber\/innen des frischen Tr\u00fcffels \u201eTuber Aestivum\u201c .","breadcrumb":{"@id":"https:\/\/suwine.at\/en\/produkt\/ganzer-trueffel-im-glas\/#breadcrumb"},"inLanguage":"en-US","potentialAction":[{"@type":"ReadAction","target":["https:\/\/suwine.at\/en\/produkt\/ganzer-trueffel-im-glas\/"]}]},{"@type":"ImageObject","inLanguage":"en-US","@id":"https:\/\/suwine.at\/en\/produkt\/ganzer-trueffel-im-glas\/#primaryimage","url":"https:\/\/suwine.at\/wp-content\/uploads\/2022\/01\/CF055244.jpg","contentUrl":"https:\/\/suwine.at\/wp-content\/uploads\/2022\/01\/CF055244.jpg","width":1000,"height":1000,"caption":"Ganz Tr\u00fcffel"},{"@type":"BreadcrumbList","@id":"https:\/\/suwine.at\/en\/produkt\/ganzer-trueffel-im-glas\/#breadcrumb","itemListElement":[{"@type":"ListItem","position":1,"name":"Startseite","item":"https:\/\/suwine.at\/en\/suwine-suwi-zlatic\/"},{"@type":"ListItem","position":2,"name":"Shop","item":"https:\/\/suwine.at\/en\/shop-2\/"},{"@type":"ListItem","position":3,"name":"Ganzer Tr\u00fcffel im Glas"}]},{"@type":"WebSite","@id":"https:\/\/suwine.at\/en\/#website","url":"https:\/\/suwine.at\/en\/","name":"Suwine - Suwi Zlatic","description":"Sommelier | Gourmet Play Store | Consulting","potentialAction":[{"@type":"SearchAction","target":{"@type":"EntryPoint","urlTemplate":"https:\/\/suwine.at\/en\/?s={search_term_string}"},"query-input":{"@type":"PropertyValueSpecification","valueRequired":true,"valueName":"search_term_string"}}],"inLanguage":"en-US"}]}},"_links":{"self":[{"href":"https:\/\/suwine.at\/en\/wp-json\/wp\/v2\/product\/227933","targetHints":{"allow":["GET"]}}],"collection":[{"href":"https:\/\/suwine.at\/en\/wp-json\/wp\/v2\/product"}],"about":[{"href":"https:\/\/suwine.at\/en\/wp-json\/wp\/v2\/types\/product"}],"wp:featuredmedia":[{"embeddable":true,"href":"https:\/\/suwine.at\/en\/wp-json\/wp\/v2\/media\/231627"}],"wp:attachment":[{"href":"https:\/\/suwine.at\/en\/wp-json\/wp\/v2\/media?parent=227933"}],"wp:term":[{"taxonomy":"product_brand","embeddable":true,"href":"https:\/\/suwine.at\/en\/wp-json\/wp\/v2\/product_brand?post=227933"},{"taxonomy":"product_cat","embeddable":true,"href":"https:\/\/suwine.at\/en\/wp-json\/wp\/v2\/product_cat?post=227933"},{"taxonomy":"product_tag","embeddable":true,"href":"https:\/\/suwine.at\/en\/wp-json\/wp\/v2\/product_tag?post=227933"}],"curies":[{"name":"wp","href":"https:\/\/api.w.org\/{rel}","templated":true}]}}