{"id":230982,"date":"2022-11-24T21:23:23","date_gmt":"2022-11-24T20:23:23","guid":{"rendered":"https:\/\/suwine.at\/?post_type=product&#038;p=230982"},"modified":"2024-03-19T20:20:14","modified_gmt":"2024-03-19T19:20:14","slug":"bergziegenkaese-mit-trueffel","status":"publish","type":"product","link":"https:\/\/suwine.at\/en\/produkt\/bergziegenkaese-mit-trueffel\/","title":{"rendered":"Bergziegenk\u00e4se mit Tr\u00fcffel"},"content":{"rendered":"<h2>Der erste Tr\u00fcffelk\u00e4se der Welt aus Bergziegenmilch!<\/h2>\n<p style=\"font-weight: 400\"><strong>Eine absolute Weltneuheit.<\/strong><\/p>\n<p style=\"font-weight: 400\">Tirol und Istrien in Perfektion vereint.<br \/>\nFeinste Milch unserer Bergziegen, veredelt mit schwarzem istrischen Tr\u00fcffel.<br \/>\nDie zart-k\u00f6ringe und doch cremige Textur untermalt die W\u00fcrze der Ziegenmilch und balanciert die einzigartigen Aromen des Tr\u00fcffels.<\/p>\n<p style=\"font-weight: 400\"><strong>Genusstipp: Riesling Auslese und unser Akazienhonig mit wei\u00dfem Tr\u00fcffel.<\/strong><\/p>\n<p style=\"font-weight: 400\">E 280g<br \/>\nDer Versand erfolgt in gek\u00fchlten Thermoboxen.<\/p>\n<span class=\"et_bloom_bottom_trigger\"><\/span>","protected":false},"excerpt":{"rendered":"<p><strong>Eine absolute Weltneuheit!<\/strong><br \/>\nTirol und Istrien in Perfektion vereint.<br \/>\nFeinste Milch unserer Bergziegen, veredelt mit schwarzem istrischen Tr\u00fcffel.<\/p>\n","protected":false},"featured_media":231531,"template":"","meta":{"_et_pb_use_builder":"","_et_pb_old_content":"","_et_gb_content_width":""},"product_brand":[],"product_cat":[48],"product_tag":[70,194,825],"class_list":{"0":"post-230982","1":"product","2":"type-product","3":"status-publish","4":"has-post-thumbnail","6":"product_cat-genius-tartufi","7":"product_tag-kaese","8":"product_tag-tirol","9":"product_tag-bergziege","11":"first","12":"outofstock","13":"taxable","14":"shipping-taxable","15":"purchasable","16":"product-type-simple"},"yoast_head":"<!-- This site is optimized with the Yoast SEO plugin v27.2 - https:\/\/yoast.com\/product\/yoast-seo-wordpress\/ -->\n<title>Bergziegenk\u00e4se mit Tr\u00fcffel - Suwine - Suwi Zlatic<\/title>\n<meta name=\"description\" content=\"Eine absolute Weltneuheit, der erste Tr\u00fcffelk\u00e4se der Welt aus Bergziegenmilch.Tirol und Istrien in Perfektion vereint, feinste Milch unserer Bergziegen veredelt mit schwarzen istrischen Tr\u00fcffel.\" \/>\n<meta name=\"robots\" content=\"index, follow, max-snippet:-1, max-image-preview:large, max-video-preview:-1\" \/>\n<link rel=\"canonical\" href=\"https:\/\/suwine.at\/en\/produkt\/bergziegenkaese-mit-trueffel\/\" \/>\n<meta property=\"og:locale\" content=\"en_US\" \/>\n<meta property=\"og:type\" content=\"article\" \/>\n<meta property=\"og:title\" content=\"Bergziegenk\u00e4se mit Tr\u00fcffel - Suwine - Suwi Zlatic\" \/>\n<meta property=\"og:description\" content=\"Eine absolute Weltneuheit, der erste Tr\u00fcffelk\u00e4se der Welt aus Bergziegenmilch.Tirol und Istrien in Perfektion vereint, feinste Milch unserer Bergziegen veredelt mit schwarzen istrischen Tr\u00fcffel.\" \/>\n<meta property=\"og:url\" content=\"https:\/\/suwine.at\/en\/produkt\/bergziegenkaese-mit-trueffel\/\" \/>\n<meta property=\"og:site_name\" content=\"Suwine - Suwi Zlatic\" \/>\n<meta property=\"article:modified_time\" content=\"2024-03-19T19:20:14+00:00\" \/>\n<meta property=\"og:image\" content=\"https:\/\/suwine.at\/wp-content\/uploads\/2022\/01\/CF054932.jpg\" \/>\n\t<meta property=\"og:image:width\" content=\"1000\" \/>\n\t<meta property=\"og:image:height\" content=\"1000\" \/>\n\t<meta property=\"og:image:type\" content=\"image\/jpeg\" \/>\n<meta name=\"twitter:card\" content=\"summary_large_image\" \/>\n<meta name=\"twitter:label1\" content=\"Est. reading time\" \/>\n\t<meta name=\"twitter:data1\" content=\"1 minute\" \/>\n<script type=\"application\/ld+json\" class=\"yoast-schema-graph\">{\"@context\":\"https:\/\/schema.org\",\"@graph\":[{\"@type\":\"WebPage\",\"@id\":\"https:\/\/suwine.at\/en\/produkt\/bergziegenkaese-mit-trueffel\/\",\"url\":\"https:\/\/suwine.at\/en\/produkt\/bergziegenkaese-mit-trueffel\/\",\"name\":\"Bergziegenk\u00e4se mit Tr\u00fcffel - Suwine - Suwi Zlatic\",\"isPartOf\":{\"@id\":\"https:\/\/suwine.at\/en\/#website\"},\"primaryImageOfPage\":{\"@id\":\"https:\/\/suwine.at\/en\/produkt\/bergziegenkaese-mit-trueffel\/#primaryimage\"},\"image\":{\"@id\":\"https:\/\/suwine.at\/en\/produkt\/bergziegenkaese-mit-trueffel\/#primaryimage\"},\"thumbnailUrl\":\"https:\/\/suwine.at\/wp-content\/uploads\/2022\/01\/CF054932.jpg\",\"datePublished\":\"2022-11-24T20:23:23+00:00\",\"dateModified\":\"2024-03-19T19:20:14+00:00\",\"description\":\"Eine absolute Weltneuheit, der erste Tr\u00fcffelk\u00e4se der Welt aus Bergziegenmilch.Tirol und Istrien in Perfektion vereint, feinste Milch unserer Bergziegen veredelt mit schwarzen istrischen Tr\u00fcffel.\",\"breadcrumb\":{\"@id\":\"https:\/\/suwine.at\/en\/produkt\/bergziegenkaese-mit-trueffel\/#breadcrumb\"},\"inLanguage\":\"en-US\",\"potentialAction\":[{\"@type\":\"ReadAction\",\"target\":[\"https:\/\/suwine.at\/en\/produkt\/bergziegenkaese-mit-trueffel\/\"]}]},{\"@type\":\"ImageObject\",\"inLanguage\":\"en-US\",\"@id\":\"https:\/\/suwine.at\/en\/produkt\/bergziegenkaese-mit-trueffel\/#primaryimage\",\"url\":\"https:\/\/suwine.at\/wp-content\/uploads\/2022\/01\/CF054932.jpg\",\"contentUrl\":\"https:\/\/suwine.at\/wp-content\/uploads\/2022\/01\/CF054932.jpg\",\"width\":1000,\"height\":1000,\"caption\":\"Bergziege k\u00e4se\"},{\"@type\":\"BreadcrumbList\",\"@id\":\"https:\/\/suwine.at\/en\/produkt\/bergziegenkaese-mit-trueffel\/#breadcrumb\",\"itemListElement\":[{\"@type\":\"ListItem\",\"position\":1,\"name\":\"Startseite\",\"item\":\"https:\/\/suwine.at\/en\/suwine-suwi-zlatic\/\"},{\"@type\":\"ListItem\",\"position\":2,\"name\":\"Shop\",\"item\":\"https:\/\/suwine.at\/en\/shop-2\/\"},{\"@type\":\"ListItem\",\"position\":3,\"name\":\"Bergziegenk\u00e4se mit Tr\u00fcffel\"}]},{\"@type\":\"WebSite\",\"@id\":\"https:\/\/suwine.at\/en\/#website\",\"url\":\"https:\/\/suwine.at\/en\/\",\"name\":\"Suwine - Suwi Zlatic\",\"description\":\"Sommelier | Gourmet Play Store | Consulting\",\"potentialAction\":[{\"@type\":\"SearchAction\",\"target\":{\"@type\":\"EntryPoint\",\"urlTemplate\":\"https:\/\/suwine.at\/en\/?s={search_term_string}\"},\"query-input\":{\"@type\":\"PropertyValueSpecification\",\"valueRequired\":true,\"valueName\":\"search_term_string\"}}],\"inLanguage\":\"en-US\"}]}<\/script>\n<!-- \/ Yoast SEO plugin. -->","yoast_head_json":{"title":"Bergziegenk\u00e4se mit Tr\u00fcffel - Suwine - Suwi Zlatic","description":"Eine absolute Weltneuheit, der erste Tr\u00fcffelk\u00e4se der Welt aus Bergziegenmilch.Tirol und Istrien in Perfektion vereint, feinste Milch unserer Bergziegen veredelt mit schwarzen istrischen Tr\u00fcffel.","robots":{"index":"index","follow":"follow","max-snippet":"max-snippet:-1","max-image-preview":"max-image-preview:large","max-video-preview":"max-video-preview:-1"},"canonical":"https:\/\/suwine.at\/en\/produkt\/bergziegenkaese-mit-trueffel\/","og_locale":"en_US","og_type":"article","og_title":"Bergziegenk\u00e4se mit Tr\u00fcffel - Suwine - Suwi Zlatic","og_description":"Eine absolute Weltneuheit, der erste Tr\u00fcffelk\u00e4se der Welt aus Bergziegenmilch.Tirol und Istrien in Perfektion vereint, feinste Milch unserer Bergziegen veredelt mit schwarzen istrischen Tr\u00fcffel.","og_url":"https:\/\/suwine.at\/en\/produkt\/bergziegenkaese-mit-trueffel\/","og_site_name":"Suwine - Suwi Zlatic","article_modified_time":"2024-03-19T19:20:14+00:00","og_image":[{"width":1000,"height":1000,"url":"https:\/\/suwine.at\/wp-content\/uploads\/2022\/01\/CF054932.jpg","type":"image\/jpeg"}],"twitter_card":"summary_large_image","twitter_misc":{"Est. reading time":"1 minute"},"schema":{"@context":"https:\/\/schema.org","@graph":[{"@type":"WebPage","@id":"https:\/\/suwine.at\/en\/produkt\/bergziegenkaese-mit-trueffel\/","url":"https:\/\/suwine.at\/en\/produkt\/bergziegenkaese-mit-trueffel\/","name":"Bergziegenk\u00e4se mit Tr\u00fcffel - Suwine - Suwi Zlatic","isPartOf":{"@id":"https:\/\/suwine.at\/en\/#website"},"primaryImageOfPage":{"@id":"https:\/\/suwine.at\/en\/produkt\/bergziegenkaese-mit-trueffel\/#primaryimage"},"image":{"@id":"https:\/\/suwine.at\/en\/produkt\/bergziegenkaese-mit-trueffel\/#primaryimage"},"thumbnailUrl":"https:\/\/suwine.at\/wp-content\/uploads\/2022\/01\/CF054932.jpg","datePublished":"2022-11-24T20:23:23+00:00","dateModified":"2024-03-19T19:20:14+00:00","description":"Eine absolute Weltneuheit, der erste Tr\u00fcffelk\u00e4se der Welt aus Bergziegenmilch.Tirol und Istrien in Perfektion vereint, feinste Milch unserer Bergziegen veredelt mit schwarzen istrischen Tr\u00fcffel.","breadcrumb":{"@id":"https:\/\/suwine.at\/en\/produkt\/bergziegenkaese-mit-trueffel\/#breadcrumb"},"inLanguage":"en-US","potentialAction":[{"@type":"ReadAction","target":["https:\/\/suwine.at\/en\/produkt\/bergziegenkaese-mit-trueffel\/"]}]},{"@type":"ImageObject","inLanguage":"en-US","@id":"https:\/\/suwine.at\/en\/produkt\/bergziegenkaese-mit-trueffel\/#primaryimage","url":"https:\/\/suwine.at\/wp-content\/uploads\/2022\/01\/CF054932.jpg","contentUrl":"https:\/\/suwine.at\/wp-content\/uploads\/2022\/01\/CF054932.jpg","width":1000,"height":1000,"caption":"Bergziege k\u00e4se"},{"@type":"BreadcrumbList","@id":"https:\/\/suwine.at\/en\/produkt\/bergziegenkaese-mit-trueffel\/#breadcrumb","itemListElement":[{"@type":"ListItem","position":1,"name":"Startseite","item":"https:\/\/suwine.at\/en\/suwine-suwi-zlatic\/"},{"@type":"ListItem","position":2,"name":"Shop","item":"https:\/\/suwine.at\/en\/shop-2\/"},{"@type":"ListItem","position":3,"name":"Bergziegenk\u00e4se mit Tr\u00fcffel"}]},{"@type":"WebSite","@id":"https:\/\/suwine.at\/en\/#website","url":"https:\/\/suwine.at\/en\/","name":"Suwine - Suwi Zlatic","description":"Sommelier | Gourmet Play Store | Consulting","potentialAction":[{"@type":"SearchAction","target":{"@type":"EntryPoint","urlTemplate":"https:\/\/suwine.at\/en\/?s={search_term_string}"},"query-input":{"@type":"PropertyValueSpecification","valueRequired":true,"valueName":"search_term_string"}}],"inLanguage":"en-US"}]}},"_links":{"self":[{"href":"https:\/\/suwine.at\/en\/wp-json\/wp\/v2\/product\/230982","targetHints":{"allow":["GET"]}}],"collection":[{"href":"https:\/\/suwine.at\/en\/wp-json\/wp\/v2\/product"}],"about":[{"href":"https:\/\/suwine.at\/en\/wp-json\/wp\/v2\/types\/product"}],"wp:featuredmedia":[{"embeddable":true,"href":"https:\/\/suwine.at\/en\/wp-json\/wp\/v2\/media\/231531"}],"wp:attachment":[{"href":"https:\/\/suwine.at\/en\/wp-json\/wp\/v2\/media?parent=230982"}],"wp:term":[{"taxonomy":"product_brand","embeddable":true,"href":"https:\/\/suwine.at\/en\/wp-json\/wp\/v2\/product_brand?post=230982"},{"taxonomy":"product_cat","embeddable":true,"href":"https:\/\/suwine.at\/en\/wp-json\/wp\/v2\/product_cat?post=230982"},{"taxonomy":"product_tag","embeddable":true,"href":"https:\/\/suwine.at\/en\/wp-json\/wp\/v2\/product_tag?post=230982"}],"curies":[{"name":"wp","href":"https:\/\/api.w.org\/{rel}","templated":true}]}}