{"id":231710,"date":"2023-03-01T21:31:54","date_gmt":"2023-03-01T20:31:54","guid":{"rendered":"https:\/\/suwine.at\/?post_type=product&#038;p=231710"},"modified":"2026-04-01T07:25:12","modified_gmt":"2026-04-01T05:25:12","slug":"tinto-pesquera-reserva","status":"publish","type":"product","link":"https:\/\/suwine.at\/en\/produkt\/tinto-pesquera-reserva\/","title":{"rendered":"Tinto Pesquera Ribera del Duero Crianza"},"content":{"rendered":"<h2>Tinto Pesquera Ribera del Duero Crianza<\/h2>\n<p>Der Tinto Pesquera Crianza ist ein eleganter spanischer Rotwein. Er verf\u00fcgt \u00fcber eine komplexes Bouquet in dem sich fruchtige Noten von Brombeeren, Kr\u00e4utern und gut eingebrachte Holznoten vereinen. Die Tempranillo-Trauben werden bei kontrollierten Temperaturen zwei bis drei Wochen vergoren. Danach werden sie gepresst und f\u00fcr 24 Monate in einer Kombination von F\u00e4ssern aus amerikanischer und franz\u00f6sischer Eiche mit verschiedener R\u00f6stung gelagert. So entsteht ein w\u00fcrziger Wein mit opulenter Frucht, runden Tannine und saftigem Schmelz. Die gut eingebundene S\u00e4ure bringt zus\u00e4tzlich Frische und viel L\u00e4nge.<\/p>\n<p>Der Tinto Pesquera Crianza ist der perfekte Begleiter von reifen K\u00e4sesorten, Schmorgerichten, Ragouts oder einem lekeren Lammbraten.<\/p>\n<p>Wir empfehlen den Tinto Pesquera Reserva 2020, mindestens 30 Minuten vor dem Servieren zu dekantieren und atmen zu lassen.<\/p>\n<ul>\n<li>Rebsorte: 100% Tempranillo<\/li>\n<li>Land: Spanien<\/li>\n<li>Produzent: Familia Fern\u00e1ndez Rivera<\/li>\n<li>Jahrgang 2020.<\/li>\n<li>Inhalt: 0,75L<\/li>\n<\/ul>\n<span class=\"et_bloom_bottom_trigger\"><\/span>","protected":false},"excerpt":{"rendered":"<p>Tinto Pesquera Crianza<\/p>\n<ul>\n<li>Rebsorte: 100% Tempranillo<\/li>\n<li>Land: Spanien<\/li>\n<li>Produzent: Familia Fern\u00e1ndez Rivera<\/li>\n<li>Jahrgang 2020.<\/li>\n<li>Inhalt: 0,75L<\/li>\n<\/ul>\n","protected":false},"featured_media":232653,"template":"","meta":{"_et_pb_use_builder":"","_et_pb_old_content":"","_et_gb_content_width":""},"product_brand":[],"product_cat":[85,115,210],"product_tag":[136,387],"class_list":{"0":"post-231710","1":"product","2":"type-product","3":"status-publish","4":"has-post-thumbnail","6":"product_cat-rotwein","7":"product_cat-wein","8":"product_cat-rotwein-international","9":"product_tag-spanien","10":"product_tag-tempranillo","12":"first","13":"instock","14":"taxable","15":"shipping-taxable","16":"purchasable","17":"product-type-simple"},"yoast_head":"<!-- This site is optimized with the Yoast SEO plugin v27.2 - https:\/\/yoast.com\/product\/yoast-seo-wordpress\/ -->\n<title>Tinto Pesquera Ribera del Duero Crianza - Suwine - Suwi Zlatic<\/title>\n<meta name=\"description\" content=\"Tinto Pesque Crianza Rebsorte: 100% Tempranillo Land: Spanien Produzent: Familia Fern\u00e1ndez Rivera Jahrgang 2020. Inhalt: 0,75L\" \/>\n<meta name=\"robots\" content=\"index, follow, max-snippet:-1, max-image-preview:large, max-video-preview:-1\" \/>\n<link rel=\"canonical\" href=\"https:\/\/suwine.at\/en\/produkt\/tinto-pesquera-reserva\/\" \/>\n<meta property=\"og:locale\" content=\"en_US\" \/>\n<meta property=\"og:type\" content=\"article\" \/>\n<meta property=\"og:title\" content=\"Tinto Pesquera Ribera del Duero Crianza - Suwine - Suwi Zlatic\" \/>\n<meta property=\"og:description\" content=\"Tinto Pesque Crianza Rebsorte: 100% Tempranillo Land: Spanien Produzent: Familia Fern\u00e1ndez Rivera Jahrgang 2020. Inhalt: 0,75L\" \/>\n<meta property=\"og:url\" content=\"https:\/\/suwine.at\/en\/produkt\/tinto-pesquera-reserva\/\" \/>\n<meta property=\"og:site_name\" content=\"Suwine - Suwi Zlatic\" \/>\n<meta property=\"article:modified_time\" content=\"2026-04-01T05:25:12+00:00\" \/>\n<meta property=\"og:image\" content=\"https:\/\/suwine.at\/wp-content\/uploads\/2023\/03\/1FFEBF62-3ED7-4D83-8C99-232BA6E73042.jpg\" \/>\n\t<meta property=\"og:image:width\" content=\"1080\" \/>\n\t<meta property=\"og:image:height\" content=\"1080\" \/>\n\t<meta property=\"og:image:type\" content=\"image\/jpeg\" \/>\n<meta name=\"twitter:card\" content=\"summary_large_image\" \/>\n<meta name=\"twitter:label1\" content=\"Est. reading time\" \/>\n\t<meta name=\"twitter:data1\" content=\"1 minute\" \/>\n<script type=\"application\/ld+json\" class=\"yoast-schema-graph\">{\"@context\":\"https:\/\/schema.org\",\"@graph\":[{\"@type\":\"WebPage\",\"@id\":\"https:\/\/suwine.at\/en\/produkt\/tinto-pesquera-reserva\/\",\"url\":\"https:\/\/suwine.at\/en\/produkt\/tinto-pesquera-reserva\/\",\"name\":\"Tinto Pesquera Ribera del Duero Crianza - Suwine - Suwi Zlatic\",\"isPartOf\":{\"@id\":\"https:\/\/suwine.at\/en\/#website\"},\"primaryImageOfPage\":{\"@id\":\"https:\/\/suwine.at\/en\/produkt\/tinto-pesquera-reserva\/#primaryimage\"},\"image\":{\"@id\":\"https:\/\/suwine.at\/en\/produkt\/tinto-pesquera-reserva\/#primaryimage\"},\"thumbnailUrl\":\"https:\/\/suwine.at\/wp-content\/uploads\/2023\/03\/1FFEBF62-3ED7-4D83-8C99-232BA6E73042.jpg\",\"datePublished\":\"2023-03-01T20:31:54+00:00\",\"dateModified\":\"2026-04-01T05:25:12+00:00\",\"description\":\"Tinto Pesque Crianza Rebsorte: 100% Tempranillo Land: Spanien Produzent: Familia Fern\u00e1ndez Rivera Jahrgang 2020. Inhalt: 0,75L\",\"breadcrumb\":{\"@id\":\"https:\/\/suwine.at\/en\/produkt\/tinto-pesquera-reserva\/#breadcrumb\"},\"inLanguage\":\"en-US\",\"potentialAction\":[{\"@type\":\"ReadAction\",\"target\":[\"https:\/\/suwine.at\/en\/produkt\/tinto-pesquera-reserva\/\"]}]},{\"@type\":\"ImageObject\",\"inLanguage\":\"en-US\",\"@id\":\"https:\/\/suwine.at\/en\/produkt\/tinto-pesquera-reserva\/#primaryimage\",\"url\":\"https:\/\/suwine.at\/wp-content\/uploads\/2023\/03\/1FFEBF62-3ED7-4D83-8C99-232BA6E73042.jpg\",\"contentUrl\":\"https:\/\/suwine.at\/wp-content\/uploads\/2023\/03\/1FFEBF62-3ED7-4D83-8C99-232BA6E73042.jpg\",\"width\":1080,\"height\":1080,\"caption\":\"Tinto Pesquera Ribera del Duero Crianza\"},{\"@type\":\"BreadcrumbList\",\"@id\":\"https:\/\/suwine.at\/en\/produkt\/tinto-pesquera-reserva\/#breadcrumb\",\"itemListElement\":[{\"@type\":\"ListItem\",\"position\":1,\"name\":\"Startseite\",\"item\":\"https:\/\/suwine.at\/en\/suwine-suwi-zlatic\/\"},{\"@type\":\"ListItem\",\"position\":2,\"name\":\"Shop\",\"item\":\"https:\/\/suwine.at\/en\/shop-2\/\"},{\"@type\":\"ListItem\",\"position\":3,\"name\":\"Tinto Pesquera Ribera del Duero Crianza\"}]},{\"@type\":\"WebSite\",\"@id\":\"https:\/\/suwine.at\/en\/#website\",\"url\":\"https:\/\/suwine.at\/en\/\",\"name\":\"Suwine - Suwi Zlatic\",\"description\":\"Sommelier | Gourmet Play Store | Consulting\",\"potentialAction\":[{\"@type\":\"SearchAction\",\"target\":{\"@type\":\"EntryPoint\",\"urlTemplate\":\"https:\/\/suwine.at\/en\/?s={search_term_string}\"},\"query-input\":{\"@type\":\"PropertyValueSpecification\",\"valueRequired\":true,\"valueName\":\"search_term_string\"}}],\"inLanguage\":\"en-US\"}]}<\/script>\n<!-- \/ Yoast SEO plugin. -->","yoast_head_json":{"title":"Tinto Pesquera Ribera del Duero Crianza - Suwine - Suwi Zlatic","description":"Tinto Pesque Crianza Rebsorte: 100% Tempranillo Land: Spanien Produzent: Familia Fern\u00e1ndez Rivera Jahrgang 2020. Inhalt: 0,75L","robots":{"index":"index","follow":"follow","max-snippet":"max-snippet:-1","max-image-preview":"max-image-preview:large","max-video-preview":"max-video-preview:-1"},"canonical":"https:\/\/suwine.at\/en\/produkt\/tinto-pesquera-reserva\/","og_locale":"en_US","og_type":"article","og_title":"Tinto Pesquera Ribera del Duero Crianza - Suwine - Suwi Zlatic","og_description":"Tinto Pesque Crianza Rebsorte: 100% Tempranillo Land: Spanien Produzent: Familia Fern\u00e1ndez Rivera Jahrgang 2020. Inhalt: 0,75L","og_url":"https:\/\/suwine.at\/en\/produkt\/tinto-pesquera-reserva\/","og_site_name":"Suwine - Suwi Zlatic","article_modified_time":"2026-04-01T05:25:12+00:00","og_image":[{"width":1080,"height":1080,"url":"https:\/\/suwine.at\/wp-content\/uploads\/2023\/03\/1FFEBF62-3ED7-4D83-8C99-232BA6E73042.jpg","type":"image\/jpeg"}],"twitter_card":"summary_large_image","twitter_misc":{"Est. reading time":"1 minute"},"schema":{"@context":"https:\/\/schema.org","@graph":[{"@type":"WebPage","@id":"https:\/\/suwine.at\/en\/produkt\/tinto-pesquera-reserva\/","url":"https:\/\/suwine.at\/en\/produkt\/tinto-pesquera-reserva\/","name":"Tinto Pesquera Ribera del Duero Crianza - Suwine - Suwi Zlatic","isPartOf":{"@id":"https:\/\/suwine.at\/en\/#website"},"primaryImageOfPage":{"@id":"https:\/\/suwine.at\/en\/produkt\/tinto-pesquera-reserva\/#primaryimage"},"image":{"@id":"https:\/\/suwine.at\/en\/produkt\/tinto-pesquera-reserva\/#primaryimage"},"thumbnailUrl":"https:\/\/suwine.at\/wp-content\/uploads\/2023\/03\/1FFEBF62-3ED7-4D83-8C99-232BA6E73042.jpg","datePublished":"2023-03-01T20:31:54+00:00","dateModified":"2026-04-01T05:25:12+00:00","description":"Tinto Pesque Crianza Rebsorte: 100% Tempranillo Land: Spanien Produzent: Familia Fern\u00e1ndez Rivera Jahrgang 2020. Inhalt: 0,75L","breadcrumb":{"@id":"https:\/\/suwine.at\/en\/produkt\/tinto-pesquera-reserva\/#breadcrumb"},"inLanguage":"en-US","potentialAction":[{"@type":"ReadAction","target":["https:\/\/suwine.at\/en\/produkt\/tinto-pesquera-reserva\/"]}]},{"@type":"ImageObject","inLanguage":"en-US","@id":"https:\/\/suwine.at\/en\/produkt\/tinto-pesquera-reserva\/#primaryimage","url":"https:\/\/suwine.at\/wp-content\/uploads\/2023\/03\/1FFEBF62-3ED7-4D83-8C99-232BA6E73042.jpg","contentUrl":"https:\/\/suwine.at\/wp-content\/uploads\/2023\/03\/1FFEBF62-3ED7-4D83-8C99-232BA6E73042.jpg","width":1080,"height":1080,"caption":"Tinto Pesquera Ribera del Duero Crianza"},{"@type":"BreadcrumbList","@id":"https:\/\/suwine.at\/en\/produkt\/tinto-pesquera-reserva\/#breadcrumb","itemListElement":[{"@type":"ListItem","position":1,"name":"Startseite","item":"https:\/\/suwine.at\/en\/suwine-suwi-zlatic\/"},{"@type":"ListItem","position":2,"name":"Shop","item":"https:\/\/suwine.at\/en\/shop-2\/"},{"@type":"ListItem","position":3,"name":"Tinto Pesquera Ribera del Duero Crianza"}]},{"@type":"WebSite","@id":"https:\/\/suwine.at\/en\/#website","url":"https:\/\/suwine.at\/en\/","name":"Suwine - Suwi Zlatic","description":"Sommelier | Gourmet Play Store | Consulting","potentialAction":[{"@type":"SearchAction","target":{"@type":"EntryPoint","urlTemplate":"https:\/\/suwine.at\/en\/?s={search_term_string}"},"query-input":{"@type":"PropertyValueSpecification","valueRequired":true,"valueName":"search_term_string"}}],"inLanguage":"en-US"}]}},"_links":{"self":[{"href":"https:\/\/suwine.at\/en\/wp-json\/wp\/v2\/product\/231710","targetHints":{"allow":["GET"]}}],"collection":[{"href":"https:\/\/suwine.at\/en\/wp-json\/wp\/v2\/product"}],"about":[{"href":"https:\/\/suwine.at\/en\/wp-json\/wp\/v2\/types\/product"}],"wp:featuredmedia":[{"embeddable":true,"href":"https:\/\/suwine.at\/en\/wp-json\/wp\/v2\/media\/232653"}],"wp:attachment":[{"href":"https:\/\/suwine.at\/en\/wp-json\/wp\/v2\/media?parent=231710"}],"wp:term":[{"taxonomy":"product_brand","embeddable":true,"href":"https:\/\/suwine.at\/en\/wp-json\/wp\/v2\/product_brand?post=231710"},{"taxonomy":"product_cat","embeddable":true,"href":"https:\/\/suwine.at\/en\/wp-json\/wp\/v2\/product_cat?post=231710"},{"taxonomy":"product_tag","embeddable":true,"href":"https:\/\/suwine.at\/en\/wp-json\/wp\/v2\/product_tag?post=231710"}],"curies":[{"name":"wp","href":"https:\/\/api.w.org\/{rel}","templated":true}]}}