{"id":232314,"date":"2023-07-07T07:47:10","date_gmt":"2023-07-07T05:47:10","guid":{"rendered":"https:\/\/suwine.at\/?post_type=product&#038;p=232314"},"modified":"2025-03-11T18:34:35","modified_gmt":"2025-03-11T17:34:35","slug":"amphora-maris","status":"publish","type":"product","link":"https:\/\/suwine.at\/en\/produkt\/amphora-maris\/","title":{"rendered":"Amphora Maris 2019"},"content":{"rendered":"<h2>Ein Meisterwerk aus der Tiefe<\/h2>\n<p>Tauchen Sie ein in die Welt dieses au\u00dfergew\u00f6hnlichen Weins: Er tr\u00e4gt die Essenz des Meeres in sich.<\/p>\n<p>Dieser besondere Wein verbringt <strong>neun Monate in handgefertigten Amphoren<\/strong>, die <strong>in 30 Metern Tiefe im Mittelmeer<\/strong> versenkt werden.<br \/>\nIn dieser dunklen, k\u00fchlen Umgebung mit einer durchschnittlichen Temperatur von 10\u00b0C reift der Wein auf eine Weise, die an Land nicht m\u00f6glich w\u00e4re.<\/p>\n<p>Das Ergebnis ist ein Wein mit einem reiferen Charakter als seine landgebundenen Pendants.<br \/>\nEr erh\u00e4lt eine subtile mineralische Note, die charakteristisch f\u00fcr die Reifung in Terrakotta ist.<\/p>\n<p>Interessanterweise scheint das Meer die Entwicklung des Petit Verdot zu beschleunigen.<br \/>\nEs f\u00fchrt zur einem komplexeren Geschmacksprofil. Ohne dabei seine Langlebigkeit zu beeintr\u00e4chtigen.<\/p>\n<p>Der Amphora Maris aus der Meerestiefe ist runder und vollmundiger als sein Gegenst\u00fcck aus dem Weinkeller.<br \/>\nDennoch beh\u00e4lt er die typischen Petit Verdot Noten von Beeren, Gew\u00fcrzen und Balsamico bei.<\/p>\n<p>Auch die R\u00f6mer wussten damals schon, wie sie die Kraft der Natur f\u00fcr sich n\u00fctzen k\u00f6nnen!<\/p>\n<ul>\n<li>Weingut: <strong>Podere San Cristoforo (Toskana, Italien)<\/strong><\/li>\n<li>Rebsorte: <strong>100% Petit Verdot<\/strong><\/li>\n<li>Ertrag pro Hektar: <strong>4.000 kg<\/strong><\/li>\n<li>G\u00e4rung: <strong>7 Tage im Stahltank, spontane G\u00e4rung (ohne Zugabe von Hefen)<\/strong><\/li>\n<li>Ausbau: <strong>10 Monate in franz\u00f6sischer Eiche<\/strong><\/li>\n<li>Produktion: <strong>600 Amphoren<\/strong><\/li>\n<li>Alkoholgehalt: <strong>14,5% vol.<\/strong><\/li>\n<li>Inhalt: <strong>750 ml (Tonamphore)<\/strong><\/li>\n<li>Jahrgang: <strong>2019<\/strong><\/li>\n<\/ul>\n<p><strong>\u00a0<\/strong><\/p>\n<p>&nbsp;<\/p>\n<span class=\"et_bloom_bottom_trigger\"><\/span>","protected":false},"excerpt":{"rendered":"<p>Einzigartiger Wein, der in der Tiefe des Mittelmeers reift. Vereint die Essenz des Meeres mit den typischen Petit Verdot Noten von Beeren und Gew\u00fcrzen.<br \/>\nEin Meisterwerk aus der Tiefe, inspiriert von der Weisheit der alten R\u00f6mer.<br \/>\nJahrgang: 2019<br \/>\n<strong>Streng limitiert!<\/strong><\/p>\n","protected":false},"featured_media":232651,"template":"","meta":{"_et_pb_use_builder":"","_et_pb_old_content":"","_et_gb_content_width":""},"product_brand":[],"product_cat":[210],"product_tag":[90,839],"class_list":{"0":"post-232314","1":"product","2":"type-product","3":"status-publish","4":"has-post-thumbnail","6":"product_cat-rotwein-international","7":"product_tag-toskana","8":"product_tag-tonamphore","10":"first","11":"outofstock","12":"taxable","13":"shipping-taxable","14":"purchasable","15":"product-type-simple"},"yoast_head":"<!-- This site is optimized with the Yoast SEO plugin v27.2 - https:\/\/yoast.com\/product\/yoast-seo-wordpress\/ -->\n<title>Amphora Maris 2019 - Suwine - Suwi Zlatic<\/title>\n<meta name=\"robots\" content=\"index, follow, max-snippet:-1, max-image-preview:large, max-video-preview:-1\" \/>\n<link rel=\"canonical\" href=\"https:\/\/suwine.at\/en\/produkt\/amphora-maris\/\" \/>\n<meta property=\"og:locale\" content=\"en_US\" \/>\n<meta property=\"og:type\" content=\"article\" \/>\n<meta property=\"og:title\" content=\"Amphora Maris 2019 - Suwine - Suwi Zlatic\" \/>\n<meta property=\"og:description\" content=\"Einzigartiger Wein, der in der Tiefe des Mittelmeers reift. Vereint die Essenz des Meeres mit den typischen Petit Verdot Noten von Beeren und Gew\u00fcrzen. Ein Meisterwerk aus der Tiefe, inspiriert von der Weisheit der alten R\u00f6mer. Jahrgang: 2019 Streng limitiert!\" \/>\n<meta property=\"og:url\" content=\"https:\/\/suwine.at\/en\/produkt\/amphora-maris\/\" \/>\n<meta property=\"og:site_name\" content=\"Suwine - Suwi Zlatic\" \/>\n<meta property=\"article:modified_time\" content=\"2025-03-11T17:34:35+00:00\" \/>\n<meta property=\"og:image\" content=\"https:\/\/suwine.at\/wp-content\/uploads\/2023\/07\/572962F7-974A-4775-B4B0-FC794B0E88DE.jpg\" \/>\n\t<meta property=\"og:image:width\" content=\"1080\" \/>\n\t<meta property=\"og:image:height\" content=\"1080\" \/>\n\t<meta property=\"og:image:type\" content=\"image\/jpeg\" \/>\n<meta name=\"twitter:card\" content=\"summary_large_image\" \/>\n<meta name=\"twitter:label1\" content=\"Est. reading time\" \/>\n\t<meta name=\"twitter:data1\" content=\"2 minutes\" \/>\n<script type=\"application\/ld+json\" class=\"yoast-schema-graph\">{\"@context\":\"https:\/\/schema.org\",\"@graph\":[{\"@type\":\"WebPage\",\"@id\":\"https:\/\/suwine.at\/en\/produkt\/amphora-maris\/\",\"url\":\"https:\/\/suwine.at\/en\/produkt\/amphora-maris\/\",\"name\":\"Amphora Maris 2019 - Suwine - Suwi Zlatic\",\"isPartOf\":{\"@id\":\"https:\/\/suwine.at\/en\/#website\"},\"primaryImageOfPage\":{\"@id\":\"https:\/\/suwine.at\/en\/produkt\/amphora-maris\/#primaryimage\"},\"image\":{\"@id\":\"https:\/\/suwine.at\/en\/produkt\/amphora-maris\/#primaryimage\"},\"thumbnailUrl\":\"https:\/\/suwine.at\/wp-content\/uploads\/2023\/07\/572962F7-974A-4775-B4B0-FC794B0E88DE.jpg\",\"datePublished\":\"2023-07-07T05:47:10+00:00\",\"dateModified\":\"2025-03-11T17:34:35+00:00\",\"breadcrumb\":{\"@id\":\"https:\/\/suwine.at\/en\/produkt\/amphora-maris\/#breadcrumb\"},\"inLanguage\":\"en-US\",\"potentialAction\":[{\"@type\":\"ReadAction\",\"target\":[\"https:\/\/suwine.at\/en\/produkt\/amphora-maris\/\"]}]},{\"@type\":\"ImageObject\",\"inLanguage\":\"en-US\",\"@id\":\"https:\/\/suwine.at\/en\/produkt\/amphora-maris\/#primaryimage\",\"url\":\"https:\/\/suwine.at\/wp-content\/uploads\/2023\/07\/572962F7-974A-4775-B4B0-FC794B0E88DE.jpg\",\"contentUrl\":\"https:\/\/suwine.at\/wp-content\/uploads\/2023\/07\/572962F7-974A-4775-B4B0-FC794B0E88DE.jpg\",\"width\":1080,\"height\":1080,\"caption\":\"Amphora Maris 2019\"},{\"@type\":\"BreadcrumbList\",\"@id\":\"https:\/\/suwine.at\/en\/produkt\/amphora-maris\/#breadcrumb\",\"itemListElement\":[{\"@type\":\"ListItem\",\"position\":1,\"name\":\"Startseite\",\"item\":\"https:\/\/suwine.at\/en\/suwine-suwi-zlatic\/\"},{\"@type\":\"ListItem\",\"position\":2,\"name\":\"Shop\",\"item\":\"https:\/\/suwine.at\/en\/shop-2\/\"},{\"@type\":\"ListItem\",\"position\":3,\"name\":\"Amphora Maris 2019\"}]},{\"@type\":\"WebSite\",\"@id\":\"https:\/\/suwine.at\/en\/#website\",\"url\":\"https:\/\/suwine.at\/en\/\",\"name\":\"Suwine - Suwi Zlatic\",\"description\":\"Sommelier | Gourmet Play Store | Consulting\",\"potentialAction\":[{\"@type\":\"SearchAction\",\"target\":{\"@type\":\"EntryPoint\",\"urlTemplate\":\"https:\/\/suwine.at\/en\/?s={search_term_string}\"},\"query-input\":{\"@type\":\"PropertyValueSpecification\",\"valueRequired\":true,\"valueName\":\"search_term_string\"}}],\"inLanguage\":\"en-US\"}]}<\/script>\n<!-- \/ Yoast SEO plugin. -->","yoast_head_json":{"title":"Amphora Maris 2019 - Suwine - Suwi Zlatic","robots":{"index":"index","follow":"follow","max-snippet":"max-snippet:-1","max-image-preview":"max-image-preview:large","max-video-preview":"max-video-preview:-1"},"canonical":"https:\/\/suwine.at\/en\/produkt\/amphora-maris\/","og_locale":"en_US","og_type":"article","og_title":"Amphora Maris 2019 - Suwine - Suwi Zlatic","og_description":"Einzigartiger Wein, der in der Tiefe des Mittelmeers reift. Vereint die Essenz des Meeres mit den typischen Petit Verdot Noten von Beeren und Gew\u00fcrzen. Ein Meisterwerk aus der Tiefe, inspiriert von der Weisheit der alten R\u00f6mer. Jahrgang: 2019 Streng limitiert!","og_url":"https:\/\/suwine.at\/en\/produkt\/amphora-maris\/","og_site_name":"Suwine - Suwi Zlatic","article_modified_time":"2025-03-11T17:34:35+00:00","og_image":[{"width":1080,"height":1080,"url":"https:\/\/suwine.at\/wp-content\/uploads\/2023\/07\/572962F7-974A-4775-B4B0-FC794B0E88DE.jpg","type":"image\/jpeg"}],"twitter_card":"summary_large_image","twitter_misc":{"Est. reading time":"2 minutes"},"schema":{"@context":"https:\/\/schema.org","@graph":[{"@type":"WebPage","@id":"https:\/\/suwine.at\/en\/produkt\/amphora-maris\/","url":"https:\/\/suwine.at\/en\/produkt\/amphora-maris\/","name":"Amphora Maris 2019 - Suwine - Suwi Zlatic","isPartOf":{"@id":"https:\/\/suwine.at\/en\/#website"},"primaryImageOfPage":{"@id":"https:\/\/suwine.at\/en\/produkt\/amphora-maris\/#primaryimage"},"image":{"@id":"https:\/\/suwine.at\/en\/produkt\/amphora-maris\/#primaryimage"},"thumbnailUrl":"https:\/\/suwine.at\/wp-content\/uploads\/2023\/07\/572962F7-974A-4775-B4B0-FC794B0E88DE.jpg","datePublished":"2023-07-07T05:47:10+00:00","dateModified":"2025-03-11T17:34:35+00:00","breadcrumb":{"@id":"https:\/\/suwine.at\/en\/produkt\/amphora-maris\/#breadcrumb"},"inLanguage":"en-US","potentialAction":[{"@type":"ReadAction","target":["https:\/\/suwine.at\/en\/produkt\/amphora-maris\/"]}]},{"@type":"ImageObject","inLanguage":"en-US","@id":"https:\/\/suwine.at\/en\/produkt\/amphora-maris\/#primaryimage","url":"https:\/\/suwine.at\/wp-content\/uploads\/2023\/07\/572962F7-974A-4775-B4B0-FC794B0E88DE.jpg","contentUrl":"https:\/\/suwine.at\/wp-content\/uploads\/2023\/07\/572962F7-974A-4775-B4B0-FC794B0E88DE.jpg","width":1080,"height":1080,"caption":"Amphora Maris 2019"},{"@type":"BreadcrumbList","@id":"https:\/\/suwine.at\/en\/produkt\/amphora-maris\/#breadcrumb","itemListElement":[{"@type":"ListItem","position":1,"name":"Startseite","item":"https:\/\/suwine.at\/en\/suwine-suwi-zlatic\/"},{"@type":"ListItem","position":2,"name":"Shop","item":"https:\/\/suwine.at\/en\/shop-2\/"},{"@type":"ListItem","position":3,"name":"Amphora Maris 2019"}]},{"@type":"WebSite","@id":"https:\/\/suwine.at\/en\/#website","url":"https:\/\/suwine.at\/en\/","name":"Suwine - Suwi Zlatic","description":"Sommelier | Gourmet Play Store | Consulting","potentialAction":[{"@type":"SearchAction","target":{"@type":"EntryPoint","urlTemplate":"https:\/\/suwine.at\/en\/?s={search_term_string}"},"query-input":{"@type":"PropertyValueSpecification","valueRequired":true,"valueName":"search_term_string"}}],"inLanguage":"en-US"}]}},"_links":{"self":[{"href":"https:\/\/suwine.at\/en\/wp-json\/wp\/v2\/product\/232314","targetHints":{"allow":["GET"]}}],"collection":[{"href":"https:\/\/suwine.at\/en\/wp-json\/wp\/v2\/product"}],"about":[{"href":"https:\/\/suwine.at\/en\/wp-json\/wp\/v2\/types\/product"}],"wp:featuredmedia":[{"embeddable":true,"href":"https:\/\/suwine.at\/en\/wp-json\/wp\/v2\/media\/232651"}],"wp:attachment":[{"href":"https:\/\/suwine.at\/en\/wp-json\/wp\/v2\/media?parent=232314"}],"wp:term":[{"taxonomy":"product_brand","embeddable":true,"href":"https:\/\/suwine.at\/en\/wp-json\/wp\/v2\/product_brand?post=232314"},{"taxonomy":"product_cat","embeddable":true,"href":"https:\/\/suwine.at\/en\/wp-json\/wp\/v2\/product_cat?post=232314"},{"taxonomy":"product_tag","embeddable":true,"href":"https:\/\/suwine.at\/en\/wp-json\/wp\/v2\/product_tag?post=232314"}],"curies":[{"name":"wp","href":"https:\/\/api.w.org\/{rel}","templated":true}]}}