{"id":232398,"date":"2023-07-25T15:05:38","date_gmt":"2023-07-25T13:05:38","guid":{"rendered":"https:\/\/suwine.at\/?post_type=product&#038;p=232398"},"modified":"2026-03-30T21:59:31","modified_gmt":"2026-03-30T19:59:31","slug":"orion-swift-papillon","status":"publish","type":"product","link":"https:\/\/suwine.at\/en\/produkt\/orion-swift-papillon\/","title":{"rendered":"Orion Swift Papillon"},"content":{"rendered":"<h2>Orion Swift Papillon<\/h2>\n<p>Kalifornien in all seiner Pracht.<\/p>\n<p>&#8220;The Wine State\u201c wie Kalifornien gennant wird macht seinem Namen alle Ehre, das Klima k\u00f6nnte nicht perfekter sein f\u00fcr kr\u00e4ftige Rotweine mit Komplexit\u00e4t, Trinkfluss und Lagerpotential. Immer wieder lassen diese Weine das gro\u00dfe Vorbild Bordeaux hinter sich, bei den wichtigsten Verkostungen der Welt.<\/p>\n<p>Dave Phinney \u00fcberl\u00e4sst nichts dem Zufall, Etiketten die kein Auge unber\u00fchrt lassen, und f\u00fcr gro\u00dfe Spannung sorgen bevor die Flasche ge\u00f6ffnet wird.<br \/>\nGanz gro\u00dfes Cabernet &amp; Friends Kino.<\/p>\n<p>Rebsorten: Cabernet Sauvignon, Malbec, Merlot, Petit Verdot, Cabernet Franc<\/p>\n<p>Jahrgang: 2018<\/p>\n<p>Inhalt: 0,75L<\/p>\n<p>Herkunft: Kalifornien, Saint Helena<\/p>\n<span class=\"et_bloom_bottom_trigger\"><\/span>","protected":false},"excerpt":{"rendered":"<p>Kalifornien in all seiner Pracht.<\/p>\n<p>&#8220;The Wine State\u201c wie Kalifornien gennant wird macht seinem Namen alle Ehre, das Klima k\u00f6nnte nicht perfekter sein f\u00fcr kr\u00e4ftige Rotweine mit Komplexit\u00e4t, Trinkfluss und Lagerpotential. Immer wieder lassen diese Weine das gro\u00dfe Vorbild Bordeaux hinter sich, bei den wichtigsten Verkostungen der Welt.<\/p>\n<p>Dave Phinney \u00fcberl\u00e4sst nichts dem Zufall, Etiketten die kein Auge unber\u00fchrt lassen, und f\u00fcr gro\u00dfe Spannung sorgen bevor die Flasche ge\u00f6ffnet wird.<br \/>\nGanz gro\u00dfes Cabernet &amp; Friends Kino.<\/p>\n<p>Rebsorten: Cabernet Sauvignon, Malbec, Merlot, Petit Verdot, Cabernet Franc<\/p>\n<p>Jahrgang: 2018<\/p>\n<p>Inhalt: 0,75L<\/p>\n<p>Herkunft: Kalifornien, Saint Helena<\/p>\n","protected":false},"featured_media":232386,"template":"","meta":{"_et_pb_use_builder":"","_et_pb_old_content":"","_et_gb_content_width":""},"product_brand":[],"product_cat":[210],"product_tag":[],"class_list":{"0":"post-232398","1":"product","2":"type-product","3":"status-publish","4":"has-post-thumbnail","6":"product_cat-rotwein-international","8":"first","9":"instock","10":"taxable","11":"shipping-taxable","12":"purchasable","13":"product-type-simple"},"yoast_head":"<!-- This site is optimized with the Yoast SEO plugin v27.2 - https:\/\/yoast.com\/product\/yoast-seo-wordpress\/ -->\n<title>Orion Swift Papillon - Suwine - Suwi Zlatic<\/title>\n<meta name=\"robots\" content=\"index, follow, max-snippet:-1, max-image-preview:large, max-video-preview:-1\" \/>\n<link rel=\"canonical\" href=\"https:\/\/suwine.at\/en\/produkt\/orion-swift-papillon\/\" \/>\n<meta property=\"og:locale\" content=\"en_US\" \/>\n<meta property=\"og:type\" content=\"article\" \/>\n<meta property=\"og:title\" content=\"Orion Swift Papillon - Suwine - Suwi Zlatic\" \/>\n<meta property=\"og:description\" content=\"Kalifornien in all seiner Pracht.  &quot;The Wine State\u201c wie Kalifornien gennant wird macht seinem Namen alle Ehre, das Klima k\u00f6nnte nicht perfekter sein f\u00fcr kr\u00e4ftige Rotweine mit Komplexit\u00e4t, Trinkfluss und Lagerpotential. Immer wieder lassen diese Weine das gro\u00dfe Vorbild Bordeaux hinter sich, bei den wichtigsten Verkostungen der Welt.  Dave Phinney \u00fcberl\u00e4sst nichts dem Zufall, Etiketten die kein Auge unber\u00fchrt lassen, und f\u00fcr gro\u00dfe Spannung sorgen bevor die Flasche ge\u00f6ffnet wird. Ganz gro\u00dfes Cabernet &amp; Friends Kino.  Rebsorten: Cabernet Sauvignon, Malbec, Merlot, Petit Verdot, Cabernet Franc  Jahrgang: 2018  Inhalt: 0,75L  Herkunft: Kalifornien, Saint Helena\" \/>\n<meta property=\"og:url\" content=\"https:\/\/suwine.at\/en\/produkt\/orion-swift-papillon\/\" \/>\n<meta property=\"og:site_name\" content=\"Suwine - Suwi Zlatic\" \/>\n<meta property=\"article:modified_time\" content=\"2026-03-30T19:59:31+00:00\" \/>\n<meta property=\"og:image\" content=\"https:\/\/suwine.at\/wp-content\/uploads\/2023\/07\/IMG_8659.jpg\" \/>\n\t<meta property=\"og:image:width\" content=\"1080\" \/>\n\t<meta property=\"og:image:height\" content=\"1080\" \/>\n\t<meta property=\"og:image:type\" content=\"image\/jpeg\" \/>\n<meta name=\"twitter:card\" content=\"summary_large_image\" \/>\n<meta name=\"twitter:label1\" content=\"Est. reading time\" \/>\n\t<meta name=\"twitter:data1\" content=\"1 minute\" \/>\n<script type=\"application\/ld+json\" class=\"yoast-schema-graph\">{\"@context\":\"https:\/\/schema.org\",\"@graph\":[{\"@type\":\"WebPage\",\"@id\":\"https:\/\/suwine.at\/en\/produkt\/orion-swift-papillon\/\",\"url\":\"https:\/\/suwine.at\/en\/produkt\/orion-swift-papillon\/\",\"name\":\"Orion Swift Papillon - Suwine - Suwi Zlatic\",\"isPartOf\":{\"@id\":\"https:\/\/suwine.at\/en\/#website\"},\"primaryImageOfPage\":{\"@id\":\"https:\/\/suwine.at\/en\/produkt\/orion-swift-papillon\/#primaryimage\"},\"image\":{\"@id\":\"https:\/\/suwine.at\/en\/produkt\/orion-swift-papillon\/#primaryimage\"},\"thumbnailUrl\":\"https:\/\/suwine.at\/wp-content\/uploads\/2023\/07\/IMG_8659.jpg\",\"datePublished\":\"2023-07-25T13:05:38+00:00\",\"dateModified\":\"2026-03-30T19:59:31+00:00\",\"breadcrumb\":{\"@id\":\"https:\/\/suwine.at\/en\/produkt\/orion-swift-papillon\/#breadcrumb\"},\"inLanguage\":\"en-US\",\"potentialAction\":[{\"@type\":\"ReadAction\",\"target\":[\"https:\/\/suwine.at\/en\/produkt\/orion-swift-papillon\/\"]}]},{\"@type\":\"ImageObject\",\"inLanguage\":\"en-US\",\"@id\":\"https:\/\/suwine.at\/en\/produkt\/orion-swift-papillon\/#primaryimage\",\"url\":\"https:\/\/suwine.at\/wp-content\/uploads\/2023\/07\/IMG_8659.jpg\",\"contentUrl\":\"https:\/\/suwine.at\/wp-content\/uploads\/2023\/07\/IMG_8659.jpg\",\"width\":1080,\"height\":1080,\"caption\":\"Orion Swift Papillon\"},{\"@type\":\"BreadcrumbList\",\"@id\":\"https:\/\/suwine.at\/en\/produkt\/orion-swift-papillon\/#breadcrumb\",\"itemListElement\":[{\"@type\":\"ListItem\",\"position\":1,\"name\":\"Startseite\",\"item\":\"https:\/\/suwine.at\/en\/suwine-suwi-zlatic\/\"},{\"@type\":\"ListItem\",\"position\":2,\"name\":\"Shop\",\"item\":\"https:\/\/suwine.at\/en\/shop-2\/\"},{\"@type\":\"ListItem\",\"position\":3,\"name\":\"Orion Swift Papillon\"}]},{\"@type\":\"WebSite\",\"@id\":\"https:\/\/suwine.at\/en\/#website\",\"url\":\"https:\/\/suwine.at\/en\/\",\"name\":\"Suwine - Suwi Zlatic\",\"description\":\"Sommelier | Gourmet Play Store | Consulting\",\"potentialAction\":[{\"@type\":\"SearchAction\",\"target\":{\"@type\":\"EntryPoint\",\"urlTemplate\":\"https:\/\/suwine.at\/en\/?s={search_term_string}\"},\"query-input\":{\"@type\":\"PropertyValueSpecification\",\"valueRequired\":true,\"valueName\":\"search_term_string\"}}],\"inLanguage\":\"en-US\"}]}<\/script>\n<!-- \/ Yoast SEO plugin. -->","yoast_head_json":{"title":"Orion Swift Papillon - Suwine - Suwi Zlatic","robots":{"index":"index","follow":"follow","max-snippet":"max-snippet:-1","max-image-preview":"max-image-preview:large","max-video-preview":"max-video-preview:-1"},"canonical":"https:\/\/suwine.at\/en\/produkt\/orion-swift-papillon\/","og_locale":"en_US","og_type":"article","og_title":"Orion Swift Papillon - Suwine - Suwi Zlatic","og_description":"Kalifornien in all seiner Pracht.  \"The Wine State\u201c wie Kalifornien gennant wird macht seinem Namen alle Ehre, das Klima k\u00f6nnte nicht perfekter sein f\u00fcr kr\u00e4ftige Rotweine mit Komplexit\u00e4t, Trinkfluss und Lagerpotential. Immer wieder lassen diese Weine das gro\u00dfe Vorbild Bordeaux hinter sich, bei den wichtigsten Verkostungen der Welt.  Dave Phinney \u00fcberl\u00e4sst nichts dem Zufall, Etiketten die kein Auge unber\u00fchrt lassen, und f\u00fcr gro\u00dfe Spannung sorgen bevor die Flasche ge\u00f6ffnet wird. Ganz gro\u00dfes Cabernet &amp; Friends Kino.  Rebsorten: Cabernet Sauvignon, Malbec, Merlot, Petit Verdot, Cabernet Franc  Jahrgang: 2018  Inhalt: 0,75L  Herkunft: Kalifornien, Saint Helena","og_url":"https:\/\/suwine.at\/en\/produkt\/orion-swift-papillon\/","og_site_name":"Suwine - Suwi Zlatic","article_modified_time":"2026-03-30T19:59:31+00:00","og_image":[{"width":1080,"height":1080,"url":"https:\/\/suwine.at\/wp-content\/uploads\/2023\/07\/IMG_8659.jpg","type":"image\/jpeg"}],"twitter_card":"summary_large_image","twitter_misc":{"Est. reading time":"1 minute"},"schema":{"@context":"https:\/\/schema.org","@graph":[{"@type":"WebPage","@id":"https:\/\/suwine.at\/en\/produkt\/orion-swift-papillon\/","url":"https:\/\/suwine.at\/en\/produkt\/orion-swift-papillon\/","name":"Orion Swift Papillon - Suwine - Suwi Zlatic","isPartOf":{"@id":"https:\/\/suwine.at\/en\/#website"},"primaryImageOfPage":{"@id":"https:\/\/suwine.at\/en\/produkt\/orion-swift-papillon\/#primaryimage"},"image":{"@id":"https:\/\/suwine.at\/en\/produkt\/orion-swift-papillon\/#primaryimage"},"thumbnailUrl":"https:\/\/suwine.at\/wp-content\/uploads\/2023\/07\/IMG_8659.jpg","datePublished":"2023-07-25T13:05:38+00:00","dateModified":"2026-03-30T19:59:31+00:00","breadcrumb":{"@id":"https:\/\/suwine.at\/en\/produkt\/orion-swift-papillon\/#breadcrumb"},"inLanguage":"en-US","potentialAction":[{"@type":"ReadAction","target":["https:\/\/suwine.at\/en\/produkt\/orion-swift-papillon\/"]}]},{"@type":"ImageObject","inLanguage":"en-US","@id":"https:\/\/suwine.at\/en\/produkt\/orion-swift-papillon\/#primaryimage","url":"https:\/\/suwine.at\/wp-content\/uploads\/2023\/07\/IMG_8659.jpg","contentUrl":"https:\/\/suwine.at\/wp-content\/uploads\/2023\/07\/IMG_8659.jpg","width":1080,"height":1080,"caption":"Orion Swift Papillon"},{"@type":"BreadcrumbList","@id":"https:\/\/suwine.at\/en\/produkt\/orion-swift-papillon\/#breadcrumb","itemListElement":[{"@type":"ListItem","position":1,"name":"Startseite","item":"https:\/\/suwine.at\/en\/suwine-suwi-zlatic\/"},{"@type":"ListItem","position":2,"name":"Shop","item":"https:\/\/suwine.at\/en\/shop-2\/"},{"@type":"ListItem","position":3,"name":"Orion Swift Papillon"}]},{"@type":"WebSite","@id":"https:\/\/suwine.at\/en\/#website","url":"https:\/\/suwine.at\/en\/","name":"Suwine - Suwi Zlatic","description":"Sommelier | Gourmet Play Store | Consulting","potentialAction":[{"@type":"SearchAction","target":{"@type":"EntryPoint","urlTemplate":"https:\/\/suwine.at\/en\/?s={search_term_string}"},"query-input":{"@type":"PropertyValueSpecification","valueRequired":true,"valueName":"search_term_string"}}],"inLanguage":"en-US"}]}},"_links":{"self":[{"href":"https:\/\/suwine.at\/en\/wp-json\/wp\/v2\/product\/232398","targetHints":{"allow":["GET"]}}],"collection":[{"href":"https:\/\/suwine.at\/en\/wp-json\/wp\/v2\/product"}],"about":[{"href":"https:\/\/suwine.at\/en\/wp-json\/wp\/v2\/types\/product"}],"wp:featuredmedia":[{"embeddable":true,"href":"https:\/\/suwine.at\/en\/wp-json\/wp\/v2\/media\/232386"}],"wp:attachment":[{"href":"https:\/\/suwine.at\/en\/wp-json\/wp\/v2\/media?parent=232398"}],"wp:term":[{"taxonomy":"product_brand","embeddable":true,"href":"https:\/\/suwine.at\/en\/wp-json\/wp\/v2\/product_brand?post=232398"},{"taxonomy":"product_cat","embeddable":true,"href":"https:\/\/suwine.at\/en\/wp-json\/wp\/v2\/product_cat?post=232398"},{"taxonomy":"product_tag","embeddable":true,"href":"https:\/\/suwine.at\/en\/wp-json\/wp\/v2\/product_tag?post=232398"}],"curies":[{"name":"wp","href":"https:\/\/api.w.org\/{rel}","templated":true}]}}