{"id":232415,"date":"2023-07-25T21:36:20","date_gmt":"2023-07-25T19:36:20","guid":{"rendered":"https:\/\/suwine.at\/?post_type=product&#038;p=232415"},"modified":"2024-08-09T23:47:15","modified_gmt":"2024-08-09T21:47:15","slug":"stags-leap-wine-cellars-chardonnay-karia","status":"publish","type":"product","link":"https:\/\/suwine.at\/en\/produkt\/stags-leap-wine-cellars-chardonnay-karia\/","title":{"rendered":"Stag&#8217;s Leap Wine Cellars Chardonnay Karia"},"content":{"rendered":"<h2>Stag&#8217;s Leap Wine Cellars Chardonnay Karia<\/h2>\n<p>Karia bedeutet \u201eAnmutig\u201c diese Beschreibung trifft absolut zu den einzigartigen Weing\u00e4rten von Stag\u2019s Leap Wine Cellars.<\/p>\n<p>Chardonnay aus dem Napa Valley war fr\u00fcher der Inbegriff f\u00fcr viel Holzeinsatz und den sogenannten neuen Stil.<br \/>\nHeutzutage ist es oft eine gro\u00dfe Herausforderung diese von den besten Chardonnay aus dem Burgund zu unterscheiden.<\/p>\n<p>Rebsorte:Chardonnay<\/p>\n<p>Jahrgang:2020<\/p>\n<p>Inhalt:0,75L<\/p>\n<span class=\"et_bloom_bottom_trigger\"><\/span>","protected":false},"excerpt":{"rendered":"<p>Stag&#8217;s Leap Wine Cellars Chardonnay Karia<\/p>\n<p>Karia bedeutet \u201eAnmutig\u201c diese Beschreibung trifft absolut zu den einzigartigen Weing\u00e4rten von Stag\u2019s Leap Wine Cellars.<\/p>\n<p>Chardonnay aus dem Napa Valley war fr\u00fcher der Inbegriff f\u00fcr viel Holzeinsatz und den sogenannten neuen Stil.<br \/>\nHeutzutage ist es oft eine gro\u00dfe Herausforderung diese von den besten Chardonnay aus dem Burgund zu unterscheiden.<\/p>\n<p>Rebsorte:Chardonnay<\/p>\n<p>Jahrgang:2020<\/p>\n<p>Inhalt:0,75L<\/p>\n","protected":false},"featured_media":232390,"template":"","meta":{"_et_pb_use_builder":"","_et_pb_old_content":"","_et_gb_content_width":""},"product_brand":[],"product_cat":[115,212,84],"product_tag":[682,842],"class_list":{"0":"post-232415","1":"product","2":"type-product","3":"status-publish","4":"has-post-thumbnail","6":"product_cat-wein","7":"product_cat-weisswein-international","8":"product_cat-weisswein","9":"product_tag-chardonnay","10":"product_tag-napa-valley","12":"first","13":"outofstock","14":"taxable","15":"shipping-taxable","16":"purchasable","17":"product-type-simple"},"yoast_head":"<!-- This site is optimized with the Yoast SEO plugin v27.2 - https:\/\/yoast.com\/product\/yoast-seo-wordpress\/ -->\n<title>Stag&#039;s Leap Wine Cellars Chardonnay Karia - Suwine - Suwi Zlatic<\/title>\n<meta name=\"description\" content=\"Karia bedeutet \u201eAnmutig\u201c diese Beschreibung trifft absolut zu den einzigartigen Weing\u00e4rten von Stag\u2019s Leap Wine Cellars.Chardonnay aus dem Napa Valley war fr\u00fcher der Inbegriff f\u00fcr viel Holzeinsatz und den sogenannten neuen Stil.Heutzutage ist es oft eine gro\u00dfe Herausforderung diese von den besten Chardonnay aus dem Burgund zu unterscheiden.Rebsorte:ChardonnayJahrgang:2020Inhalt:0,75L\" \/>\n<meta name=\"robots\" content=\"index, follow, max-snippet:-1, max-image-preview:large, max-video-preview:-1\" \/>\n<link rel=\"canonical\" href=\"https:\/\/suwine.at\/en\/produkt\/stags-leap-wine-cellars-chardonnay-karia\/\" \/>\n<meta property=\"og:locale\" content=\"en_US\" \/>\n<meta property=\"og:type\" content=\"article\" \/>\n<meta property=\"og:title\" content=\"Stag&#039;s Leap Wine Cellars Chardonnay Karia - Suwine - Suwi Zlatic\" \/>\n<meta property=\"og:description\" content=\"Karia bedeutet \u201eAnmutig\u201c diese Beschreibung trifft absolut zu den einzigartigen Weing\u00e4rten von Stag\u2019s Leap Wine Cellars.Chardonnay aus dem Napa Valley war fr\u00fcher der Inbegriff f\u00fcr viel Holzeinsatz und den sogenannten neuen Stil.Heutzutage ist es oft eine gro\u00dfe Herausforderung diese von den besten Chardonnay aus dem Burgund zu unterscheiden.Rebsorte:ChardonnayJahrgang:2020Inhalt:0,75L\" \/>\n<meta property=\"og:url\" content=\"https:\/\/suwine.at\/en\/produkt\/stags-leap-wine-cellars-chardonnay-karia\/\" \/>\n<meta property=\"og:site_name\" content=\"Suwine - Suwi Zlatic\" \/>\n<meta property=\"article:modified_time\" content=\"2024-08-09T21:47:15+00:00\" \/>\n<meta property=\"og:image\" content=\"https:\/\/suwine.at\/wp-content\/uploads\/2023\/07\/IMG_8662.jpg\" \/>\n\t<meta property=\"og:image:width\" content=\"1080\" \/>\n\t<meta property=\"og:image:height\" content=\"1080\" \/>\n\t<meta property=\"og:image:type\" content=\"image\/jpeg\" \/>\n<meta name=\"twitter:card\" content=\"summary_large_image\" \/>\n<meta name=\"twitter:label1\" content=\"Est. reading time\" \/>\n\t<meta name=\"twitter:data1\" content=\"1 minute\" \/>\n<script type=\"application\/ld+json\" class=\"yoast-schema-graph\">{\"@context\":\"https:\/\/schema.org\",\"@graph\":[{\"@type\":\"WebPage\",\"@id\":\"https:\/\/suwine.at\/en\/produkt\/stags-leap-wine-cellars-chardonnay-karia\/\",\"url\":\"https:\/\/suwine.at\/en\/produkt\/stags-leap-wine-cellars-chardonnay-karia\/\",\"name\":\"Stag's Leap Wine Cellars Chardonnay Karia - Suwine - Suwi Zlatic\",\"isPartOf\":{\"@id\":\"https:\/\/suwine.at\/en\/#website\"},\"primaryImageOfPage\":{\"@id\":\"https:\/\/suwine.at\/en\/produkt\/stags-leap-wine-cellars-chardonnay-karia\/#primaryimage\"},\"image\":{\"@id\":\"https:\/\/suwine.at\/en\/produkt\/stags-leap-wine-cellars-chardonnay-karia\/#primaryimage\"},\"thumbnailUrl\":\"https:\/\/suwine.at\/wp-content\/uploads\/2023\/07\/IMG_8662.jpg\",\"datePublished\":\"2023-07-25T19:36:20+00:00\",\"dateModified\":\"2024-08-09T21:47:15+00:00\",\"description\":\"Karia bedeutet \u201eAnmutig\u201c diese Beschreibung trifft absolut zu den einzigartigen Weing\u00e4rten von Stag\u2019s Leap Wine Cellars.Chardonnay aus dem Napa Valley war fr\u00fcher der Inbegriff f\u00fcr viel Holzeinsatz und den sogenannten neuen Stil.Heutzutage ist es oft eine gro\u00dfe Herausforderung diese von den besten Chardonnay aus dem Burgund zu unterscheiden.Rebsorte:ChardonnayJahrgang:2020Inhalt:0,75L\",\"breadcrumb\":{\"@id\":\"https:\/\/suwine.at\/en\/produkt\/stags-leap-wine-cellars-chardonnay-karia\/#breadcrumb\"},\"inLanguage\":\"en-US\",\"potentialAction\":[{\"@type\":\"ReadAction\",\"target\":[\"https:\/\/suwine.at\/en\/produkt\/stags-leap-wine-cellars-chardonnay-karia\/\"]}]},{\"@type\":\"ImageObject\",\"inLanguage\":\"en-US\",\"@id\":\"https:\/\/suwine.at\/en\/produkt\/stags-leap-wine-cellars-chardonnay-karia\/#primaryimage\",\"url\":\"https:\/\/suwine.at\/wp-content\/uploads\/2023\/07\/IMG_8662.jpg\",\"contentUrl\":\"https:\/\/suwine.at\/wp-content\/uploads\/2023\/07\/IMG_8662.jpg\",\"width\":1080,\"height\":1080,\"caption\":\"Stag\"},{\"@type\":\"BreadcrumbList\",\"@id\":\"https:\/\/suwine.at\/en\/produkt\/stags-leap-wine-cellars-chardonnay-karia\/#breadcrumb\",\"itemListElement\":[{\"@type\":\"ListItem\",\"position\":1,\"name\":\"Startseite\",\"item\":\"https:\/\/suwine.at\/en\/suwine-suwi-zlatic\/\"},{\"@type\":\"ListItem\",\"position\":2,\"name\":\"Shop\",\"item\":\"https:\/\/suwine.at\/en\/shop-2\/\"},{\"@type\":\"ListItem\",\"position\":3,\"name\":\"Stag&#8217;s Leap Wine Cellars Chardonnay Karia\"}]},{\"@type\":\"WebSite\",\"@id\":\"https:\/\/suwine.at\/en\/#website\",\"url\":\"https:\/\/suwine.at\/en\/\",\"name\":\"Suwine - Suwi Zlatic\",\"description\":\"Sommelier | Gourmet Play Store | Consulting\",\"potentialAction\":[{\"@type\":\"SearchAction\",\"target\":{\"@type\":\"EntryPoint\",\"urlTemplate\":\"https:\/\/suwine.at\/en\/?s={search_term_string}\"},\"query-input\":{\"@type\":\"PropertyValueSpecification\",\"valueRequired\":true,\"valueName\":\"search_term_string\"}}],\"inLanguage\":\"en-US\"}]}<\/script>\n<!-- \/ Yoast SEO plugin. -->","yoast_head_json":{"title":"Stag's Leap Wine Cellars Chardonnay Karia - Suwine - Suwi Zlatic","description":"Karia bedeutet \u201eAnmutig\u201c diese Beschreibung trifft absolut zu den einzigartigen Weing\u00e4rten von Stag\u2019s Leap Wine Cellars.Chardonnay aus dem Napa Valley war fr\u00fcher der Inbegriff f\u00fcr viel Holzeinsatz und den sogenannten neuen Stil.Heutzutage ist es oft eine gro\u00dfe Herausforderung diese von den besten Chardonnay aus dem Burgund zu unterscheiden.Rebsorte:ChardonnayJahrgang:2020Inhalt:0,75L","robots":{"index":"index","follow":"follow","max-snippet":"max-snippet:-1","max-image-preview":"max-image-preview:large","max-video-preview":"max-video-preview:-1"},"canonical":"https:\/\/suwine.at\/en\/produkt\/stags-leap-wine-cellars-chardonnay-karia\/","og_locale":"en_US","og_type":"article","og_title":"Stag's Leap Wine Cellars Chardonnay Karia - Suwine - Suwi Zlatic","og_description":"Karia bedeutet \u201eAnmutig\u201c diese Beschreibung trifft absolut zu den einzigartigen Weing\u00e4rten von Stag\u2019s Leap Wine Cellars.Chardonnay aus dem Napa Valley war fr\u00fcher der Inbegriff f\u00fcr viel Holzeinsatz und den sogenannten neuen Stil.Heutzutage ist es oft eine gro\u00dfe Herausforderung diese von den besten Chardonnay aus dem Burgund zu unterscheiden.Rebsorte:ChardonnayJahrgang:2020Inhalt:0,75L","og_url":"https:\/\/suwine.at\/en\/produkt\/stags-leap-wine-cellars-chardonnay-karia\/","og_site_name":"Suwine - Suwi Zlatic","article_modified_time":"2024-08-09T21:47:15+00:00","og_image":[{"width":1080,"height":1080,"url":"https:\/\/suwine.at\/wp-content\/uploads\/2023\/07\/IMG_8662.jpg","type":"image\/jpeg"}],"twitter_card":"summary_large_image","twitter_misc":{"Est. reading time":"1 minute"},"schema":{"@context":"https:\/\/schema.org","@graph":[{"@type":"WebPage","@id":"https:\/\/suwine.at\/en\/produkt\/stags-leap-wine-cellars-chardonnay-karia\/","url":"https:\/\/suwine.at\/en\/produkt\/stags-leap-wine-cellars-chardonnay-karia\/","name":"Stag's Leap Wine Cellars Chardonnay Karia - Suwine - Suwi Zlatic","isPartOf":{"@id":"https:\/\/suwine.at\/en\/#website"},"primaryImageOfPage":{"@id":"https:\/\/suwine.at\/en\/produkt\/stags-leap-wine-cellars-chardonnay-karia\/#primaryimage"},"image":{"@id":"https:\/\/suwine.at\/en\/produkt\/stags-leap-wine-cellars-chardonnay-karia\/#primaryimage"},"thumbnailUrl":"https:\/\/suwine.at\/wp-content\/uploads\/2023\/07\/IMG_8662.jpg","datePublished":"2023-07-25T19:36:20+00:00","dateModified":"2024-08-09T21:47:15+00:00","description":"Karia bedeutet \u201eAnmutig\u201c diese Beschreibung trifft absolut zu den einzigartigen Weing\u00e4rten von Stag\u2019s Leap Wine Cellars.Chardonnay aus dem Napa Valley war fr\u00fcher der Inbegriff f\u00fcr viel Holzeinsatz und den sogenannten neuen Stil.Heutzutage ist es oft eine gro\u00dfe Herausforderung diese von den besten Chardonnay aus dem Burgund zu unterscheiden.Rebsorte:ChardonnayJahrgang:2020Inhalt:0,75L","breadcrumb":{"@id":"https:\/\/suwine.at\/en\/produkt\/stags-leap-wine-cellars-chardonnay-karia\/#breadcrumb"},"inLanguage":"en-US","potentialAction":[{"@type":"ReadAction","target":["https:\/\/suwine.at\/en\/produkt\/stags-leap-wine-cellars-chardonnay-karia\/"]}]},{"@type":"ImageObject","inLanguage":"en-US","@id":"https:\/\/suwine.at\/en\/produkt\/stags-leap-wine-cellars-chardonnay-karia\/#primaryimage","url":"https:\/\/suwine.at\/wp-content\/uploads\/2023\/07\/IMG_8662.jpg","contentUrl":"https:\/\/suwine.at\/wp-content\/uploads\/2023\/07\/IMG_8662.jpg","width":1080,"height":1080,"caption":"Stag"},{"@type":"BreadcrumbList","@id":"https:\/\/suwine.at\/en\/produkt\/stags-leap-wine-cellars-chardonnay-karia\/#breadcrumb","itemListElement":[{"@type":"ListItem","position":1,"name":"Startseite","item":"https:\/\/suwine.at\/en\/suwine-suwi-zlatic\/"},{"@type":"ListItem","position":2,"name":"Shop","item":"https:\/\/suwine.at\/en\/shop-2\/"},{"@type":"ListItem","position":3,"name":"Stag&#8217;s Leap Wine Cellars Chardonnay Karia"}]},{"@type":"WebSite","@id":"https:\/\/suwine.at\/en\/#website","url":"https:\/\/suwine.at\/en\/","name":"Suwine - Suwi Zlatic","description":"Sommelier | Gourmet Play Store | Consulting","potentialAction":[{"@type":"SearchAction","target":{"@type":"EntryPoint","urlTemplate":"https:\/\/suwine.at\/en\/?s={search_term_string}"},"query-input":{"@type":"PropertyValueSpecification","valueRequired":true,"valueName":"search_term_string"}}],"inLanguage":"en-US"}]}},"_links":{"self":[{"href":"https:\/\/suwine.at\/en\/wp-json\/wp\/v2\/product\/232415","targetHints":{"allow":["GET"]}}],"collection":[{"href":"https:\/\/suwine.at\/en\/wp-json\/wp\/v2\/product"}],"about":[{"href":"https:\/\/suwine.at\/en\/wp-json\/wp\/v2\/types\/product"}],"wp:featuredmedia":[{"embeddable":true,"href":"https:\/\/suwine.at\/en\/wp-json\/wp\/v2\/media\/232390"}],"wp:attachment":[{"href":"https:\/\/suwine.at\/en\/wp-json\/wp\/v2\/media?parent=232415"}],"wp:term":[{"taxonomy":"product_brand","embeddable":true,"href":"https:\/\/suwine.at\/en\/wp-json\/wp\/v2\/product_brand?post=232415"},{"taxonomy":"product_cat","embeddable":true,"href":"https:\/\/suwine.at\/en\/wp-json\/wp\/v2\/product_cat?post=232415"},{"taxonomy":"product_tag","embeddable":true,"href":"https:\/\/suwine.at\/en\/wp-json\/wp\/v2\/product_tag?post=232415"}],"curies":[{"name":"wp","href":"https:\/\/api.w.org\/{rel}","templated":true}]}}