{"id":232607,"date":"2023-08-30T12:48:41","date_gmt":"2023-08-30T10:48:41","guid":{"rendered":"https:\/\/suwine.at\/?post_type=product&#038;p=232607"},"modified":"2024-12-18T20:42:07","modified_gmt":"2024-12-18T19:42:07","slug":"champagne-brut-cristal-2014-im-geschenkkarton","status":"publish","type":"product","link":"https:\/\/suwine.at\/en\/produkt\/champagne-brut-cristal-2014-im-geschenkkarton\/","title":{"rendered":"Champagne Brut Cristal 2014 im Geschenkkarton (Louis Roederer)"},"content":{"rendered":"<h2 class=\"name\">Der ber\u00fchmteste aus dem Hause Louis Roederer<\/h2>\n<p>Urspr\u00fcnglich 1876 f\u00fcr die hohen Geschmacksanspr\u00fcche des Zaren Alexander II. kreiert.<br \/>\nDieser hatte eine besondere Vorliebe f\u00fcr die Weine von Louis Roederer und gab den Auftrag, ihm fortan jedes Jahr die beste Cuv\u00e9e zu reservieren.<\/p>\n<p>Seine Einzigartigkeit betonend, wird dieser herausragende Champagner in eine <strong>Kristallflasche mit flachem Boden<\/strong> gef\u00fcllt.<br \/>\nEr tr\u00e4gt fortan den Namen dieses edlen Glases, das seine Transparenz und sein Leuchten auf das Sch\u00f6nste zur Geltung bringt.<\/p>\n<p>Cristal wird nur in jenen \u201egro\u00dfen Jahren\u201c produziert, in denen der Chardonnay (ungef\u00e4hr 40%) und der Pinot noir (ungef\u00e4hr 60%) ihre perfekte Reife erlangen.<br \/>\nAnschlie\u00dfend lagert er 6 Jahre im Keller und ruht weitere 8 Monate nach dem D\u00e9gorgement.<\/p>\n<p>Der Cristal besticht durch Ausgewogenheit \u2013 rein und mit von anderen Weinen unerreichtem langem Abgang.<br \/>\nIn der seidigen Textur verschmelzen verschiedene Fruchtaromen von ausgepr\u00e4gter Mineralit\u00e4t, aus der Nuancen von wei\u00dfen Fr\u00fcchten und Zitrusfr\u00fcchten aufsteigen.<br \/>\nEin lagerf\u00e4higer Wein, der mehr als zwanzig Jahre lagert, ohne von seiner Frische und seinem Charakter einzub\u00fc\u00dfen.<\/p>\n<p>Champagne Louis Roederer wurde vom Magazin <em>Drinks International<\/em> 2024 zum f\u00fcnften Mal in Folge (!) zur \u201eweltweit am meisten bewunderten Champagnermarke\u201c gek\u00fcrt.<\/p>\n<p>Inhalt: 0,75 L Flasche in edler Geschenkbox<\/p>\n<span class=\"et_bloom_bottom_trigger\"><\/span>","protected":false},"excerpt":{"rendered":"<p>Der exklusive Cristal aus dem Hause Louis Roederer besticht durch Ausgewogenheit. Rein und mit von anderen Weinen unerreichtem langem Abgang.<br \/>\nIn der seidigen Textur verschmelzen verschiedene Fruchtaromen von ausgepr\u00e4gter Mineralit\u00e4t, aus der Nuancen von wei\u00dfen Fr\u00fcchten und Zitrusfr\u00fcchten aufsteigen.<br \/>\nEin lagerf\u00e4higer Wein, der mehr als zwanzig Jahre lagert, ohne von seiner Frische und seinem Charakter einzub\u00fc\u00dfen.<\/p>\n","protected":false},"featured_media":231926,"template":"","meta":{"_et_pb_use_builder":"","_et_pb_old_content":"","_et_gb_content_width":""},"product_brand":[],"product_cat":[121,191,879],"product_tag":[127,852,878],"class_list":{"0":"post-232607","1":"product","2":"type-product","3":"status-publish","4":"has-post-thumbnail","6":"product_cat-champagner","7":"product_cat-weisswein-raritaeten","8":"product_cat-osternest-weine-2024","9":"product_tag-champagne","10":"product_tag-cristal","11":"product_tag-louis-roederer","13":"first","14":"outofstock","15":"taxable","16":"shipping-taxable","17":"purchasable","18":"product-type-simple"},"yoast_head":"<!-- This site is optimized with the Yoast SEO plugin v27.2 - https:\/\/yoast.com\/product\/yoast-seo-wordpress\/ -->\n<title>Champagne Brut Cristal 2014 im Geschenkkarton (Louis Roederer) - Suwine - Suwi Zlatic<\/title>\n<meta name=\"description\" content=\"Der ber\u00fchmteste Wein des Hauses wurde 1876 f\u00fcr die hohen Geschmacksanspr\u00fcche des Zaren Alexander II. geschaffen. Dieser hatte eine besondere Vorliebe f\u00fcr die Weine von Louis Roederer und gab den Auftrag, ihm fortan jedes Jahr die beste Cuv\u00e9e zu reservieren. Seine Einzigartigkeit betonend, wird dieser herausragende Champagner in eine Kristallflasche mit flachem Boden gef\u00fcllt. Er tr\u00e4gt fortan den Namen dieses edlen Glases, das seine Transparenz und sein Leuchten auf das Sch\u00f6nste zur Geltung bringt.\" \/>\n<meta name=\"robots\" content=\"index, follow, max-snippet:-1, max-image-preview:large, max-video-preview:-1\" \/>\n<link rel=\"canonical\" href=\"https:\/\/suwine.at\/en\/produkt\/champagne-brut-cristal-2014-im-geschenkkarton\/\" \/>\n<meta property=\"og:locale\" content=\"en_US\" \/>\n<meta property=\"og:type\" content=\"article\" \/>\n<meta property=\"og:title\" content=\"Champagne Brut Cristal 2014 im Geschenkkarton (Louis Roederer) - Suwine - Suwi Zlatic\" \/>\n<meta property=\"og:description\" content=\"Der ber\u00fchmteste Wein des Hauses wurde 1876 f\u00fcr die hohen Geschmacksanspr\u00fcche des Zaren Alexander II. geschaffen. Dieser hatte eine besondere Vorliebe f\u00fcr die Weine von Louis Roederer und gab den Auftrag, ihm fortan jedes Jahr die beste Cuv\u00e9e zu reservieren. Seine Einzigartigkeit betonend, wird dieser herausragende Champagner in eine Kristallflasche mit flachem Boden gef\u00fcllt. Er tr\u00e4gt fortan den Namen dieses edlen Glases, das seine Transparenz und sein Leuchten auf das Sch\u00f6nste zur Geltung bringt.\" \/>\n<meta property=\"og:url\" content=\"https:\/\/suwine.at\/en\/produkt\/champagne-brut-cristal-2014-im-geschenkkarton\/\" \/>\n<meta property=\"og:site_name\" content=\"Suwine - Suwi Zlatic\" \/>\n<meta property=\"article:modified_time\" content=\"2024-12-18T19:42:07+00:00\" \/>\n<meta property=\"og:image\" content=\"https:\/\/suwine.at\/wp-content\/uploads\/2021\/01\/CF055721.jpg\" \/>\n\t<meta property=\"og:image:width\" content=\"1000\" \/>\n\t<meta property=\"og:image:height\" content=\"1000\" \/>\n\t<meta property=\"og:image:type\" content=\"image\/jpeg\" \/>\n<meta name=\"twitter:card\" content=\"summary_large_image\" \/>\n<meta name=\"twitter:label1\" content=\"Est. reading time\" \/>\n\t<meta name=\"twitter:data1\" content=\"2 minutes\" \/>\n<script type=\"application\/ld+json\" class=\"yoast-schema-graph\">{\"@context\":\"https:\/\/schema.org\",\"@graph\":[{\"@type\":\"WebPage\",\"@id\":\"https:\/\/suwine.at\/en\/produkt\/champagne-brut-cristal-2014-im-geschenkkarton\/\",\"url\":\"https:\/\/suwine.at\/en\/produkt\/champagne-brut-cristal-2014-im-geschenkkarton\/\",\"name\":\"Champagne Brut Cristal 2014 im Geschenkkarton (Louis Roederer) - Suwine - Suwi Zlatic\",\"isPartOf\":{\"@id\":\"https:\/\/suwine.at\/en\/#website\"},\"primaryImageOfPage\":{\"@id\":\"https:\/\/suwine.at\/en\/produkt\/champagne-brut-cristal-2014-im-geschenkkarton\/#primaryimage\"},\"image\":{\"@id\":\"https:\/\/suwine.at\/en\/produkt\/champagne-brut-cristal-2014-im-geschenkkarton\/#primaryimage\"},\"thumbnailUrl\":\"https:\/\/suwine.at\/wp-content\/uploads\/2021\/01\/CF055721.jpg\",\"datePublished\":\"2023-08-30T10:48:41+00:00\",\"dateModified\":\"2024-12-18T19:42:07+00:00\",\"description\":\"Der ber\u00fchmteste Wein des Hauses wurde 1876 f\u00fcr die hohen Geschmacksanspr\u00fcche des Zaren Alexander II. geschaffen. Dieser hatte eine besondere Vorliebe f\u00fcr die Weine von Louis Roederer und gab den Auftrag, ihm fortan jedes Jahr die beste Cuv\u00e9e zu reservieren. Seine Einzigartigkeit betonend, wird dieser herausragende Champagner in eine Kristallflasche mit flachem Boden gef\u00fcllt. Er tr\u00e4gt fortan den Namen dieses edlen Glases, das seine Transparenz und sein Leuchten auf das Sch\u00f6nste zur Geltung bringt.\",\"breadcrumb\":{\"@id\":\"https:\/\/suwine.at\/en\/produkt\/champagne-brut-cristal-2014-im-geschenkkarton\/#breadcrumb\"},\"inLanguage\":\"en-US\",\"potentialAction\":[{\"@type\":\"ReadAction\",\"target\":[\"https:\/\/suwine.at\/en\/produkt\/champagne-brut-cristal-2014-im-geschenkkarton\/\"]}]},{\"@type\":\"ImageObject\",\"inLanguage\":\"en-US\",\"@id\":\"https:\/\/suwine.at\/en\/produkt\/champagne-brut-cristal-2014-im-geschenkkarton\/#primaryimage\",\"url\":\"https:\/\/suwine.at\/wp-content\/uploads\/2021\/01\/CF055721.jpg\",\"contentUrl\":\"https:\/\/suwine.at\/wp-content\/uploads\/2021\/01\/CF055721.jpg\",\"width\":1000,\"height\":1000,\"caption\":\"CRISTAL\"},{\"@type\":\"BreadcrumbList\",\"@id\":\"https:\/\/suwine.at\/en\/produkt\/champagne-brut-cristal-2014-im-geschenkkarton\/#breadcrumb\",\"itemListElement\":[{\"@type\":\"ListItem\",\"position\":1,\"name\":\"Startseite\",\"item\":\"https:\/\/suwine.at\/en\/suwine-suwi-zlatic\/\"},{\"@type\":\"ListItem\",\"position\":2,\"name\":\"Shop\",\"item\":\"https:\/\/suwine.at\/en\/shop-2\/\"},{\"@type\":\"ListItem\",\"position\":3,\"name\":\"Champagne Brut Cristal 2014 im Geschenkkarton (Louis Roederer)\"}]},{\"@type\":\"WebSite\",\"@id\":\"https:\/\/suwine.at\/en\/#website\",\"url\":\"https:\/\/suwine.at\/en\/\",\"name\":\"Suwine - Suwi Zlatic\",\"description\":\"Sommelier | Gourmet Play Store | Consulting\",\"potentialAction\":[{\"@type\":\"SearchAction\",\"target\":{\"@type\":\"EntryPoint\",\"urlTemplate\":\"https:\/\/suwine.at\/en\/?s={search_term_string}\"},\"query-input\":{\"@type\":\"PropertyValueSpecification\",\"valueRequired\":true,\"valueName\":\"search_term_string\"}}],\"inLanguage\":\"en-US\"}]}<\/script>\n<!-- \/ Yoast SEO plugin. -->","yoast_head_json":{"title":"Champagne Brut Cristal 2014 im Geschenkkarton (Louis Roederer) - Suwine - Suwi Zlatic","description":"Der ber\u00fchmteste Wein des Hauses wurde 1876 f\u00fcr die hohen Geschmacksanspr\u00fcche des Zaren Alexander II. geschaffen. Dieser hatte eine besondere Vorliebe f\u00fcr die Weine von Louis Roederer und gab den Auftrag, ihm fortan jedes Jahr die beste Cuv\u00e9e zu reservieren. Seine Einzigartigkeit betonend, wird dieser herausragende Champagner in eine Kristallflasche mit flachem Boden gef\u00fcllt. Er tr\u00e4gt fortan den Namen dieses edlen Glases, das seine Transparenz und sein Leuchten auf das Sch\u00f6nste zur Geltung bringt.","robots":{"index":"index","follow":"follow","max-snippet":"max-snippet:-1","max-image-preview":"max-image-preview:large","max-video-preview":"max-video-preview:-1"},"canonical":"https:\/\/suwine.at\/en\/produkt\/champagne-brut-cristal-2014-im-geschenkkarton\/","og_locale":"en_US","og_type":"article","og_title":"Champagne Brut Cristal 2014 im Geschenkkarton (Louis Roederer) - Suwine - Suwi Zlatic","og_description":"Der ber\u00fchmteste Wein des Hauses wurde 1876 f\u00fcr die hohen Geschmacksanspr\u00fcche des Zaren Alexander II. geschaffen. Dieser hatte eine besondere Vorliebe f\u00fcr die Weine von Louis Roederer und gab den Auftrag, ihm fortan jedes Jahr die beste Cuv\u00e9e zu reservieren. Seine Einzigartigkeit betonend, wird dieser herausragende Champagner in eine Kristallflasche mit flachem Boden gef\u00fcllt. Er tr\u00e4gt fortan den Namen dieses edlen Glases, das seine Transparenz und sein Leuchten auf das Sch\u00f6nste zur Geltung bringt.","og_url":"https:\/\/suwine.at\/en\/produkt\/champagne-brut-cristal-2014-im-geschenkkarton\/","og_site_name":"Suwine - Suwi Zlatic","article_modified_time":"2024-12-18T19:42:07+00:00","og_image":[{"width":1000,"height":1000,"url":"https:\/\/suwine.at\/wp-content\/uploads\/2021\/01\/CF055721.jpg","type":"image\/jpeg"}],"twitter_card":"summary_large_image","twitter_misc":{"Est. reading time":"2 minutes"},"schema":{"@context":"https:\/\/schema.org","@graph":[{"@type":"WebPage","@id":"https:\/\/suwine.at\/en\/produkt\/champagne-brut-cristal-2014-im-geschenkkarton\/","url":"https:\/\/suwine.at\/en\/produkt\/champagne-brut-cristal-2014-im-geschenkkarton\/","name":"Champagne Brut Cristal 2014 im Geschenkkarton (Louis Roederer) - Suwine - Suwi Zlatic","isPartOf":{"@id":"https:\/\/suwine.at\/en\/#website"},"primaryImageOfPage":{"@id":"https:\/\/suwine.at\/en\/produkt\/champagne-brut-cristal-2014-im-geschenkkarton\/#primaryimage"},"image":{"@id":"https:\/\/suwine.at\/en\/produkt\/champagne-brut-cristal-2014-im-geschenkkarton\/#primaryimage"},"thumbnailUrl":"https:\/\/suwine.at\/wp-content\/uploads\/2021\/01\/CF055721.jpg","datePublished":"2023-08-30T10:48:41+00:00","dateModified":"2024-12-18T19:42:07+00:00","description":"Der ber\u00fchmteste Wein des Hauses wurde 1876 f\u00fcr die hohen Geschmacksanspr\u00fcche des Zaren Alexander II. geschaffen. Dieser hatte eine besondere Vorliebe f\u00fcr die Weine von Louis Roederer und gab den Auftrag, ihm fortan jedes Jahr die beste Cuv\u00e9e zu reservieren. Seine Einzigartigkeit betonend, wird dieser herausragende Champagner in eine Kristallflasche mit flachem Boden gef\u00fcllt. Er tr\u00e4gt fortan den Namen dieses edlen Glases, das seine Transparenz und sein Leuchten auf das Sch\u00f6nste zur Geltung bringt.","breadcrumb":{"@id":"https:\/\/suwine.at\/en\/produkt\/champagne-brut-cristal-2014-im-geschenkkarton\/#breadcrumb"},"inLanguage":"en-US","potentialAction":[{"@type":"ReadAction","target":["https:\/\/suwine.at\/en\/produkt\/champagne-brut-cristal-2014-im-geschenkkarton\/"]}]},{"@type":"ImageObject","inLanguage":"en-US","@id":"https:\/\/suwine.at\/en\/produkt\/champagne-brut-cristal-2014-im-geschenkkarton\/#primaryimage","url":"https:\/\/suwine.at\/wp-content\/uploads\/2021\/01\/CF055721.jpg","contentUrl":"https:\/\/suwine.at\/wp-content\/uploads\/2021\/01\/CF055721.jpg","width":1000,"height":1000,"caption":"CRISTAL"},{"@type":"BreadcrumbList","@id":"https:\/\/suwine.at\/en\/produkt\/champagne-brut-cristal-2014-im-geschenkkarton\/#breadcrumb","itemListElement":[{"@type":"ListItem","position":1,"name":"Startseite","item":"https:\/\/suwine.at\/en\/suwine-suwi-zlatic\/"},{"@type":"ListItem","position":2,"name":"Shop","item":"https:\/\/suwine.at\/en\/shop-2\/"},{"@type":"ListItem","position":3,"name":"Champagne Brut Cristal 2014 im Geschenkkarton (Louis Roederer)"}]},{"@type":"WebSite","@id":"https:\/\/suwine.at\/en\/#website","url":"https:\/\/suwine.at\/en\/","name":"Suwine - Suwi Zlatic","description":"Sommelier | Gourmet Play Store | Consulting","potentialAction":[{"@type":"SearchAction","target":{"@type":"EntryPoint","urlTemplate":"https:\/\/suwine.at\/en\/?s={search_term_string}"},"query-input":{"@type":"PropertyValueSpecification","valueRequired":true,"valueName":"search_term_string"}}],"inLanguage":"en-US"}]}},"_links":{"self":[{"href":"https:\/\/suwine.at\/en\/wp-json\/wp\/v2\/product\/232607","targetHints":{"allow":["GET"]}}],"collection":[{"href":"https:\/\/suwine.at\/en\/wp-json\/wp\/v2\/product"}],"about":[{"href":"https:\/\/suwine.at\/en\/wp-json\/wp\/v2\/types\/product"}],"wp:featuredmedia":[{"embeddable":true,"href":"https:\/\/suwine.at\/en\/wp-json\/wp\/v2\/media\/231926"}],"wp:attachment":[{"href":"https:\/\/suwine.at\/en\/wp-json\/wp\/v2\/media?parent=232607"}],"wp:term":[{"taxonomy":"product_brand","embeddable":true,"href":"https:\/\/suwine.at\/en\/wp-json\/wp\/v2\/product_brand?post=232607"},{"taxonomy":"product_cat","embeddable":true,"href":"https:\/\/suwine.at\/en\/wp-json\/wp\/v2\/product_cat?post=232607"},{"taxonomy":"product_tag","embeddable":true,"href":"https:\/\/suwine.at\/en\/wp-json\/wp\/v2\/product_tag?post=232607"}],"curies":[{"name":"wp","href":"https:\/\/api.w.org\/{rel}","templated":true}]}}