{"id":232671,"date":"2023-08-31T15:38:30","date_gmt":"2023-08-31T13:38:30","guid":{"rendered":"https:\/\/suwine.at\/?post_type=product&#038;p=232671"},"modified":"2025-03-15T12:31:45","modified_gmt":"2025-03-15T11:31:45","slug":"trueffelchips-15er-pack","status":"publish","type":"product","link":"https:\/\/suwine.at\/en\/produkt\/trueffelchips-15er-pack\/","title":{"rendered":"Tr\u00fcffelchips 15er-Pack"},"content":{"rendered":"<h2>Exquisiter Snack f\u00fcr besondere Momente<\/h2>\n<p>Frei nach unserem Moto \u201eExzellenz ist unser Anspruch\u201c haben wir nur die besten Zutaten selektiert und aus viel Liebe, Passion, und Erfahrung ein unvergessliches Genusserlebnis kreiert. Handwerk schmecken auf h\u00f6chstem Niveau mit dem K\u00f6nig aller Pilze. Knusprige Kartoffelscheiben mit dem exklusiven Tr\u00fcffel Geschmack. Handwerklich und qualitativ auf h\u00f6chstem Niveau hergestellt. Ein zauberhaftes Geschmackserlebnis f\u00fcr dich, deine Liebsten und deine G\u00e4ste.<\/p>\n<h3>Von Gault&amp;Millau\u00a0selektiert: Das Beste bei den Besten der Besten\u2026<\/h3>\n<p>Auch Gault&amp;Millau verw\u00f6hnt 2022 seine <strong>Gala-G\u00e4ste<\/strong> mit dem exquisiten Tr\u00fcffelsnack in der Goodie-Bag.<\/p>\n<p>Inhalt:<\/p>\n<ul>\n<li><strong>15 Packungen zu je 125 Gramm<\/strong><\/li>\n<\/ul>\n<span class=\"et_bloom_bottom_trigger\"><\/span>","protected":false},"excerpt":{"rendered":"<p>Knusprige Kartoffelscheiben mit dem exklusiven Tr\u00fcffel Geschmack.<br \/>\n<strong>In der 15er Vorteilspackung! <\/strong><em>(15 Packungen zu je 125g)<\/em><\/p>\n","protected":false},"featured_media":232673,"template":"","meta":{"_et_pb_use_builder":"off","_et_pb_old_content":"<h2>Exquisiter Snack f\u00fcr besondere Momente<\/h2>\r\nFrei nach unserem Moto \u201eExzellenz ist unser Anspruch\u201c haben wir nur die besten Zutaten selektiert und aus viel Liebe, Passion, und Erfahrung ein unvergessliches Genusserlebnis kreiert.\r\nHandwerk schmecken auf h\u00f6chstem Niveau mit dem K\u00f6nig aller Pilze.\r\n\r\nKnusprige Kartoffelscheiben mit dem exklusiven Geschmack istrischer Tr\u00fcffel.\r\nHandwerklich und qualitativ auf h\u00f6chstem Niveau hergestellt.\r\n\r\nEin zauberhaftes Geschmackserlebnis f\u00fcr dich, deine Liebsten und deine G\u00e4ste.\r\n<h3>Von Gault&Millau\u00a0selektiert: Das Beste bei den Besten der Besten\u2026<\/h3>\r\nAuch Gault&Millau verw\u00f6hnt 2022 seine <strong>Gala-G\u00e4ste<\/strong> mit dem exquisiten Tr\u00fcffelsnack in der Goodie-Bag.","_et_gb_content_width":""},"product_brand":[],"product_cat":[48],"product_tag":[62,69],"class_list":{"0":"post-232671","1":"product","2":"type-product","3":"status-publish","4":"has-post-thumbnail","6":"product_cat-genius-tartufi","7":"product_tag-trueffel","8":"product_tag-snack","10":"first","11":"instock","12":"taxable","13":"shipping-taxable","14":"purchasable","15":"product-type-simple"},"yoast_head":"<!-- This site is optimized with the Yoast SEO plugin v27.2 - https:\/\/yoast.com\/product\/yoast-seo-wordpress\/ -->\n<title>Tr\u00fcffelchips 15er-Pack - Suwine - Suwi Zlatic<\/title>\n<meta name=\"description\" content=\"Knusprige Kartoffelscheiben mit dem exklusiven Geschmack istrischer Tr\u00fcffel. F\u00fcr dich, deine Liebsten und deine G\u00e4ste: Exklusive Tr\u00fcffelchips\" \/>\n<meta name=\"robots\" content=\"index, follow, max-snippet:-1, max-image-preview:large, max-video-preview:-1\" \/>\n<link rel=\"canonical\" href=\"https:\/\/suwine.at\/en\/produkt\/trueffelchips-15er-pack\/\" \/>\n<meta property=\"og:locale\" content=\"en_US\" \/>\n<meta property=\"og:type\" content=\"article\" \/>\n<meta property=\"og:title\" content=\"Tr\u00fcffelchips 15er-Pack - Suwine - Suwi Zlatic\" \/>\n<meta property=\"og:description\" content=\"Knusprige Kartoffelscheiben mit dem exklusiven Geschmack istrischer Tr\u00fcffel. F\u00fcr dich, deine Liebsten und deine G\u00e4ste: Exklusive Tr\u00fcffelchips\" \/>\n<meta property=\"og:url\" content=\"https:\/\/suwine.at\/en\/produkt\/trueffelchips-15er-pack\/\" \/>\n<meta property=\"og:site_name\" content=\"Suwine - Suwi Zlatic\" \/>\n<meta property=\"article:modified_time\" content=\"2025-03-15T11:31:45+00:00\" \/>\n<meta property=\"og:image\" content=\"https:\/\/suwine.at\/wp-content\/uploads\/2023\/08\/Trueffelchips-15er-CF055209_xn.webp\" \/>\n\t<meta property=\"og:image:width\" content=\"1000\" \/>\n\t<meta property=\"og:image:height\" content=\"1000\" \/>\n\t<meta property=\"og:image:type\" content=\"image\/webp\" \/>\n<meta name=\"twitter:card\" content=\"summary_large_image\" \/>\n<meta name=\"twitter:label1\" content=\"Est. reading time\" \/>\n\t<meta name=\"twitter:data1\" content=\"1 minute\" \/>\n<script type=\"application\/ld+json\" class=\"yoast-schema-graph\">{\"@context\":\"https:\/\/schema.org\",\"@graph\":[{\"@type\":\"WebPage\",\"@id\":\"https:\/\/suwine.at\/en\/produkt\/trueffelchips-15er-pack\/\",\"url\":\"https:\/\/suwine.at\/en\/produkt\/trueffelchips-15er-pack\/\",\"name\":\"Tr\u00fcffelchips 15er-Pack - Suwine - Suwi Zlatic\",\"isPartOf\":{\"@id\":\"https:\/\/suwine.at\/en\/#website\"},\"primaryImageOfPage\":{\"@id\":\"https:\/\/suwine.at\/en\/produkt\/trueffelchips-15er-pack\/#primaryimage\"},\"image\":{\"@id\":\"https:\/\/suwine.at\/en\/produkt\/trueffelchips-15er-pack\/#primaryimage\"},\"thumbnailUrl\":\"https:\/\/suwine.at\/wp-content\/uploads\/2023\/08\/Trueffelchips-15er-CF055209_xn.webp\",\"datePublished\":\"2023-08-31T13:38:30+00:00\",\"dateModified\":\"2025-03-15T11:31:45+00:00\",\"description\":\"Knusprige Kartoffelscheiben mit dem exklusiven Geschmack istrischer Tr\u00fcffel. F\u00fcr dich, deine Liebsten und deine G\u00e4ste: Exklusive Tr\u00fcffelchips\",\"breadcrumb\":{\"@id\":\"https:\/\/suwine.at\/en\/produkt\/trueffelchips-15er-pack\/#breadcrumb\"},\"inLanguage\":\"en-US\",\"potentialAction\":[{\"@type\":\"ReadAction\",\"target\":[\"https:\/\/suwine.at\/en\/produkt\/trueffelchips-15er-pack\/\"]}]},{\"@type\":\"ImageObject\",\"inLanguage\":\"en-US\",\"@id\":\"https:\/\/suwine.at\/en\/produkt\/trueffelchips-15er-pack\/#primaryimage\",\"url\":\"https:\/\/suwine.at\/wp-content\/uploads\/2023\/08\/Trueffelchips-15er-CF055209_xn.webp\",\"contentUrl\":\"https:\/\/suwine.at\/wp-content\/uploads\/2023\/08\/Trueffelchips-15er-CF055209_xn.webp\",\"width\":1000,\"height\":1000,\"caption\":\"GENIUS Tr\u00fcffelchips 15er Vorteilspackung\"},{\"@type\":\"BreadcrumbList\",\"@id\":\"https:\/\/suwine.at\/en\/produkt\/trueffelchips-15er-pack\/#breadcrumb\",\"itemListElement\":[{\"@type\":\"ListItem\",\"position\":1,\"name\":\"Startseite\",\"item\":\"https:\/\/suwine.at\/en\/suwine-suwi-zlatic\/\"},{\"@type\":\"ListItem\",\"position\":2,\"name\":\"Shop\",\"item\":\"https:\/\/suwine.at\/en\/shop-2\/\"},{\"@type\":\"ListItem\",\"position\":3,\"name\":\"Tr\u00fcffelchips 15er-Pack\"}]},{\"@type\":\"WebSite\",\"@id\":\"https:\/\/suwine.at\/en\/#website\",\"url\":\"https:\/\/suwine.at\/en\/\",\"name\":\"Suwine - Suwi Zlatic\",\"description\":\"Sommelier | Gourmet Play Store | Consulting\",\"potentialAction\":[{\"@type\":\"SearchAction\",\"target\":{\"@type\":\"EntryPoint\",\"urlTemplate\":\"https:\/\/suwine.at\/en\/?s={search_term_string}\"},\"query-input\":{\"@type\":\"PropertyValueSpecification\",\"valueRequired\":true,\"valueName\":\"search_term_string\"}}],\"inLanguage\":\"en-US\"}]}<\/script>\n<!-- \/ Yoast SEO plugin. -->","yoast_head_json":{"title":"Tr\u00fcffelchips 15er-Pack - Suwine - Suwi Zlatic","description":"Knusprige Kartoffelscheiben mit dem exklusiven Geschmack istrischer Tr\u00fcffel. F\u00fcr dich, deine Liebsten und deine G\u00e4ste: Exklusive Tr\u00fcffelchips","robots":{"index":"index","follow":"follow","max-snippet":"max-snippet:-1","max-image-preview":"max-image-preview:large","max-video-preview":"max-video-preview:-1"},"canonical":"https:\/\/suwine.at\/en\/produkt\/trueffelchips-15er-pack\/","og_locale":"en_US","og_type":"article","og_title":"Tr\u00fcffelchips 15er-Pack - Suwine - Suwi Zlatic","og_description":"Knusprige Kartoffelscheiben mit dem exklusiven Geschmack istrischer Tr\u00fcffel. F\u00fcr dich, deine Liebsten und deine G\u00e4ste: Exklusive Tr\u00fcffelchips","og_url":"https:\/\/suwine.at\/en\/produkt\/trueffelchips-15er-pack\/","og_site_name":"Suwine - Suwi Zlatic","article_modified_time":"2025-03-15T11:31:45+00:00","og_image":[{"width":1000,"height":1000,"url":"https:\/\/suwine.at\/wp-content\/uploads\/2023\/08\/Trueffelchips-15er-CF055209_xn.webp","type":"image\/webp"}],"twitter_card":"summary_large_image","twitter_misc":{"Est. reading time":"1 minute"},"schema":{"@context":"https:\/\/schema.org","@graph":[{"@type":"WebPage","@id":"https:\/\/suwine.at\/en\/produkt\/trueffelchips-15er-pack\/","url":"https:\/\/suwine.at\/en\/produkt\/trueffelchips-15er-pack\/","name":"Tr\u00fcffelchips 15er-Pack - Suwine - Suwi Zlatic","isPartOf":{"@id":"https:\/\/suwine.at\/en\/#website"},"primaryImageOfPage":{"@id":"https:\/\/suwine.at\/en\/produkt\/trueffelchips-15er-pack\/#primaryimage"},"image":{"@id":"https:\/\/suwine.at\/en\/produkt\/trueffelchips-15er-pack\/#primaryimage"},"thumbnailUrl":"https:\/\/suwine.at\/wp-content\/uploads\/2023\/08\/Trueffelchips-15er-CF055209_xn.webp","datePublished":"2023-08-31T13:38:30+00:00","dateModified":"2025-03-15T11:31:45+00:00","description":"Knusprige Kartoffelscheiben mit dem exklusiven Geschmack istrischer Tr\u00fcffel. F\u00fcr dich, deine Liebsten und deine G\u00e4ste: Exklusive Tr\u00fcffelchips","breadcrumb":{"@id":"https:\/\/suwine.at\/en\/produkt\/trueffelchips-15er-pack\/#breadcrumb"},"inLanguage":"en-US","potentialAction":[{"@type":"ReadAction","target":["https:\/\/suwine.at\/en\/produkt\/trueffelchips-15er-pack\/"]}]},{"@type":"ImageObject","inLanguage":"en-US","@id":"https:\/\/suwine.at\/en\/produkt\/trueffelchips-15er-pack\/#primaryimage","url":"https:\/\/suwine.at\/wp-content\/uploads\/2023\/08\/Trueffelchips-15er-CF055209_xn.webp","contentUrl":"https:\/\/suwine.at\/wp-content\/uploads\/2023\/08\/Trueffelchips-15er-CF055209_xn.webp","width":1000,"height":1000,"caption":"GENIUS Tr\u00fcffelchips 15er Vorteilspackung"},{"@type":"BreadcrumbList","@id":"https:\/\/suwine.at\/en\/produkt\/trueffelchips-15er-pack\/#breadcrumb","itemListElement":[{"@type":"ListItem","position":1,"name":"Startseite","item":"https:\/\/suwine.at\/en\/suwine-suwi-zlatic\/"},{"@type":"ListItem","position":2,"name":"Shop","item":"https:\/\/suwine.at\/en\/shop-2\/"},{"@type":"ListItem","position":3,"name":"Tr\u00fcffelchips 15er-Pack"}]},{"@type":"WebSite","@id":"https:\/\/suwine.at\/en\/#website","url":"https:\/\/suwine.at\/en\/","name":"Suwine - Suwi Zlatic","description":"Sommelier | Gourmet Play Store | Consulting","potentialAction":[{"@type":"SearchAction","target":{"@type":"EntryPoint","urlTemplate":"https:\/\/suwine.at\/en\/?s={search_term_string}"},"query-input":{"@type":"PropertyValueSpecification","valueRequired":true,"valueName":"search_term_string"}}],"inLanguage":"en-US"}]}},"_links":{"self":[{"href":"https:\/\/suwine.at\/en\/wp-json\/wp\/v2\/product\/232671","targetHints":{"allow":["GET"]}}],"collection":[{"href":"https:\/\/suwine.at\/en\/wp-json\/wp\/v2\/product"}],"about":[{"href":"https:\/\/suwine.at\/en\/wp-json\/wp\/v2\/types\/product"}],"wp:featuredmedia":[{"embeddable":true,"href":"https:\/\/suwine.at\/en\/wp-json\/wp\/v2\/media\/232673"}],"wp:attachment":[{"href":"https:\/\/suwine.at\/en\/wp-json\/wp\/v2\/media?parent=232671"}],"wp:term":[{"taxonomy":"product_brand","embeddable":true,"href":"https:\/\/suwine.at\/en\/wp-json\/wp\/v2\/product_brand?post=232671"},{"taxonomy":"product_cat","embeddable":true,"href":"https:\/\/suwine.at\/en\/wp-json\/wp\/v2\/product_cat?post=232671"},{"taxonomy":"product_tag","embeddable":true,"href":"https:\/\/suwine.at\/en\/wp-json\/wp\/v2\/product_tag?post=232671"}],"curies":[{"name":"wp","href":"https:\/\/api.w.org\/{rel}","templated":true}]}}