{"id":232886,"date":"2023-12-07T16:43:18","date_gmt":"2023-12-07T15:43:18","guid":{"rendered":"https:\/\/suwine.at\/?post_type=product&#038;p=232886"},"modified":"2024-09-22T14:27:56","modified_gmt":"2024-09-22T12:27:56","slug":"geschenkbox-exklusivpaket-1","status":"publish","type":"product","link":"https:\/\/suwine.at\/en\/produkt\/geschenkbox-exklusivpaket-1\/","title":{"rendered":"Geschenkbox &#8211; Exklusivpaket 1"},"content":{"rendered":"<h2>Geschenkbox &#8211; Exklusivpaket 1<\/h2>\n<p><b>Die Box f\u00fcr Gourmets und Genie\u00dfer<\/b><\/p>\n<p>Ob zum Kennenlernen unserer GENIUS tartufi Premium Tr\u00fcffelprodukte oder als gern gesehenes Geschenk.<br \/>\nDie Geschenkbox &#8220;Deluxe&#8221; ist daf\u00fcr bestens geeignet!<\/p>\n<p>Wert von 59,00 \u20ac, welcher folgende Delikatessen beinhaltet:<\/p>\n<ul>\n<li>Istrische Salami mit Tr\u00fcffeln 200 g x 1<\/li>\n<li>Senf mit Tr\u00fcffeln 115 g x 1<\/li>\n<li>Weisses gold 80 g x 1<\/li>\n<li>Tr\u00fcffelpesto weiss 80 g x 1<\/li>\n<\/ul>\n<p>&nbsp;<\/p>\n<span class=\"et_bloom_bottom_trigger\"><\/span>","protected":false},"excerpt":{"rendered":"<p>Geschenkbox &#8211; Exklusivpaket 1<\/p>\n<p><b>Die Box f\u00fcr Gourmets und Genie\u00dfer<\/b><\/p>\n<p>Ob zum Kennenlernen unserer GENIUS tartufi Premium Tr\u00fcffelprodukte oder als gern gesehenes Geschenk.<br \/>\nDie Geschenkbox &#8220;Deluxe&#8221; ist daf\u00fcr bestens geeignet!<\/p>\n<ul>\n<li>Istrische Salami mit Tr\u00fcffeln 200 g x 1<\/li>\n<li>Senf mit Tr\u00fcffeln 115 g x 1<\/li>\n<li>Weisses gold 80 g x 1<\/li>\n<li>Tr\u00fcffelpesto weiss 80 g x 1<\/li>\n<\/ul>\n<p>Wert von 59,00 \u20ac, welcher folgende Delikatessen beinhaltet:<\/p>\n","protected":false},"featured_media":232872,"template":"","meta":{"_et_pb_use_builder":"","_et_pb_old_content":"","_et_gb_content_width":""},"product_brand":[],"product_cat":[286,792,48,189],"product_tag":[62,63],"class_list":{"0":"post-232886","1":"product","2":"type-product","3":"status-publish","4":"has-post-thumbnail","6":"product_cat-geschenke","7":"product_cat-genius-world","8":"product_cat-genius-tartufi","9":"product_cat-gourmetboxen","10":"product_tag-trueffel","11":"product_tag-geschenk","13":"first","14":"instock","15":"taxable","16":"shipping-taxable","17":"purchasable","18":"product-type-simple"},"yoast_head":"<!-- This site is optimized with the Yoast SEO plugin v27.2 - https:\/\/yoast.com\/product\/yoast-seo-wordpress\/ -->\n<title>Geschenkbox - Exklusivpaket 1 - Suwine - Suwi Zlatic<\/title>\n<meta name=\"description\" content=\"Geschenkbox - Exklusivpaket 1Die Box f\u00fcr Gourmets und Genie\u00dferOb zum Kennenlernen unserer GENIUS tartufi Premium Tr\u00fcffelprodukte oder als gern gesehenes Geschenk.Die Geschenkbox &quot;Deluxe&quot; ist daf\u00fcr bestens geeignet!\" \/>\n<meta name=\"robots\" content=\"index, follow, max-snippet:-1, max-image-preview:large, max-video-preview:-1\" \/>\n<link rel=\"canonical\" href=\"https:\/\/suwine.at\/en\/produkt\/geschenkbox-exklusivpaket-1\/\" \/>\n<meta property=\"og:locale\" content=\"en_US\" \/>\n<meta property=\"og:type\" content=\"article\" \/>\n<meta property=\"og:title\" content=\"Geschenkbox - Exklusivpaket 1 - Suwine - Suwi Zlatic\" \/>\n<meta property=\"og:description\" content=\"Geschenkbox - Exklusivpaket 1Die Box f\u00fcr Gourmets und Genie\u00dferOb zum Kennenlernen unserer GENIUS tartufi Premium Tr\u00fcffelprodukte oder als gern gesehenes Geschenk.Die Geschenkbox &quot;Deluxe&quot; ist daf\u00fcr bestens geeignet!\" \/>\n<meta property=\"og:url\" content=\"https:\/\/suwine.at\/en\/produkt\/geschenkbox-exklusivpaket-1\/\" \/>\n<meta property=\"og:site_name\" content=\"Suwine - Suwi Zlatic\" \/>\n<meta property=\"article:modified_time\" content=\"2024-09-22T12:27:56+00:00\" \/>\n<meta property=\"og:image\" content=\"https:\/\/suwine.at\/wp-content\/uploads\/2023\/12\/9C9BACF8-75C2-43B2-AF9F-29BD2221C5F5.jpg\" \/>\n\t<meta property=\"og:image:width\" content=\"1080\" \/>\n\t<meta property=\"og:image:height\" content=\"1080\" \/>\n\t<meta property=\"og:image:type\" content=\"image\/jpeg\" \/>\n<meta name=\"twitter:card\" content=\"summary_large_image\" \/>\n<meta name=\"twitter:label1\" content=\"Est. reading time\" \/>\n\t<meta name=\"twitter:data1\" content=\"1 minute\" \/>\n<script type=\"application\/ld+json\" class=\"yoast-schema-graph\">{\"@context\":\"https:\/\/schema.org\",\"@graph\":[{\"@type\":\"WebPage\",\"@id\":\"https:\/\/suwine.at\/en\/produkt\/geschenkbox-exklusivpaket-1\/\",\"url\":\"https:\/\/suwine.at\/en\/produkt\/geschenkbox-exklusivpaket-1\/\",\"name\":\"Geschenkbox - Exklusivpaket 1 - Suwine - Suwi Zlatic\",\"isPartOf\":{\"@id\":\"https:\/\/suwine.at\/en\/#website\"},\"primaryImageOfPage\":{\"@id\":\"https:\/\/suwine.at\/en\/produkt\/geschenkbox-exklusivpaket-1\/#primaryimage\"},\"image\":{\"@id\":\"https:\/\/suwine.at\/en\/produkt\/geschenkbox-exklusivpaket-1\/#primaryimage\"},\"thumbnailUrl\":\"https:\/\/suwine.at\/wp-content\/uploads\/2023\/12\/9C9BACF8-75C2-43B2-AF9F-29BD2221C5F5.jpg\",\"datePublished\":\"2023-12-07T15:43:18+00:00\",\"dateModified\":\"2024-09-22T12:27:56+00:00\",\"description\":\"Geschenkbox - Exklusivpaket 1Die Box f\u00fcr Gourmets und Genie\u00dferOb zum Kennenlernen unserer GENIUS tartufi Premium Tr\u00fcffelprodukte oder als gern gesehenes Geschenk.Die Geschenkbox \\\"Deluxe\\\" ist daf\u00fcr bestens geeignet!\",\"breadcrumb\":{\"@id\":\"https:\/\/suwine.at\/en\/produkt\/geschenkbox-exklusivpaket-1\/#breadcrumb\"},\"inLanguage\":\"en-US\",\"potentialAction\":[{\"@type\":\"ReadAction\",\"target\":[\"https:\/\/suwine.at\/en\/produkt\/geschenkbox-exklusivpaket-1\/\"]}]},{\"@type\":\"ImageObject\",\"inLanguage\":\"en-US\",\"@id\":\"https:\/\/suwine.at\/en\/produkt\/geschenkbox-exklusivpaket-1\/#primaryimage\",\"url\":\"https:\/\/suwine.at\/wp-content\/uploads\/2023\/12\/9C9BACF8-75C2-43B2-AF9F-29BD2221C5F5.jpg\",\"contentUrl\":\"https:\/\/suwine.at\/wp-content\/uploads\/2023\/12\/9C9BACF8-75C2-43B2-AF9F-29BD2221C5F5.jpg\",\"width\":1080,\"height\":1080,\"caption\":\"Geschenkbox - Exklusivpaket 1\"},{\"@type\":\"BreadcrumbList\",\"@id\":\"https:\/\/suwine.at\/en\/produkt\/geschenkbox-exklusivpaket-1\/#breadcrumb\",\"itemListElement\":[{\"@type\":\"ListItem\",\"position\":1,\"name\":\"Startseite\",\"item\":\"https:\/\/suwine.at\/en\/suwine-suwi-zlatic\/\"},{\"@type\":\"ListItem\",\"position\":2,\"name\":\"Shop\",\"item\":\"https:\/\/suwine.at\/en\/shop-2\/\"},{\"@type\":\"ListItem\",\"position\":3,\"name\":\"Geschenkbox &#8211; Exklusivpaket 1\"}]},{\"@type\":\"WebSite\",\"@id\":\"https:\/\/suwine.at\/en\/#website\",\"url\":\"https:\/\/suwine.at\/en\/\",\"name\":\"Suwine - Suwi Zlatic\",\"description\":\"Sommelier | Gourmet Play Store | Consulting\",\"potentialAction\":[{\"@type\":\"SearchAction\",\"target\":{\"@type\":\"EntryPoint\",\"urlTemplate\":\"https:\/\/suwine.at\/en\/?s={search_term_string}\"},\"query-input\":{\"@type\":\"PropertyValueSpecification\",\"valueRequired\":true,\"valueName\":\"search_term_string\"}}],\"inLanguage\":\"en-US\"}]}<\/script>\n<!-- \/ Yoast SEO plugin. -->","yoast_head_json":{"title":"Geschenkbox - Exklusivpaket 1 - Suwine - Suwi Zlatic","description":"Geschenkbox - Exklusivpaket 1Die Box f\u00fcr Gourmets und Genie\u00dferOb zum Kennenlernen unserer GENIUS tartufi Premium Tr\u00fcffelprodukte oder als gern gesehenes Geschenk.Die Geschenkbox \"Deluxe\" ist daf\u00fcr bestens geeignet!","robots":{"index":"index","follow":"follow","max-snippet":"max-snippet:-1","max-image-preview":"max-image-preview:large","max-video-preview":"max-video-preview:-1"},"canonical":"https:\/\/suwine.at\/en\/produkt\/geschenkbox-exklusivpaket-1\/","og_locale":"en_US","og_type":"article","og_title":"Geschenkbox - Exklusivpaket 1 - Suwine - Suwi Zlatic","og_description":"Geschenkbox - Exklusivpaket 1Die Box f\u00fcr Gourmets und Genie\u00dferOb zum Kennenlernen unserer GENIUS tartufi Premium Tr\u00fcffelprodukte oder als gern gesehenes Geschenk.Die Geschenkbox \"Deluxe\" ist daf\u00fcr bestens geeignet!","og_url":"https:\/\/suwine.at\/en\/produkt\/geschenkbox-exklusivpaket-1\/","og_site_name":"Suwine - Suwi Zlatic","article_modified_time":"2024-09-22T12:27:56+00:00","og_image":[{"width":1080,"height":1080,"url":"https:\/\/suwine.at\/wp-content\/uploads\/2023\/12\/9C9BACF8-75C2-43B2-AF9F-29BD2221C5F5.jpg","type":"image\/jpeg"}],"twitter_card":"summary_large_image","twitter_misc":{"Est. reading time":"1 minute"},"schema":{"@context":"https:\/\/schema.org","@graph":[{"@type":"WebPage","@id":"https:\/\/suwine.at\/en\/produkt\/geschenkbox-exklusivpaket-1\/","url":"https:\/\/suwine.at\/en\/produkt\/geschenkbox-exklusivpaket-1\/","name":"Geschenkbox - Exklusivpaket 1 - Suwine - Suwi Zlatic","isPartOf":{"@id":"https:\/\/suwine.at\/en\/#website"},"primaryImageOfPage":{"@id":"https:\/\/suwine.at\/en\/produkt\/geschenkbox-exklusivpaket-1\/#primaryimage"},"image":{"@id":"https:\/\/suwine.at\/en\/produkt\/geschenkbox-exklusivpaket-1\/#primaryimage"},"thumbnailUrl":"https:\/\/suwine.at\/wp-content\/uploads\/2023\/12\/9C9BACF8-75C2-43B2-AF9F-29BD2221C5F5.jpg","datePublished":"2023-12-07T15:43:18+00:00","dateModified":"2024-09-22T12:27:56+00:00","description":"Geschenkbox - Exklusivpaket 1Die Box f\u00fcr Gourmets und Genie\u00dferOb zum Kennenlernen unserer GENIUS tartufi Premium Tr\u00fcffelprodukte oder als gern gesehenes Geschenk.Die Geschenkbox \"Deluxe\" ist daf\u00fcr bestens geeignet!","breadcrumb":{"@id":"https:\/\/suwine.at\/en\/produkt\/geschenkbox-exklusivpaket-1\/#breadcrumb"},"inLanguage":"en-US","potentialAction":[{"@type":"ReadAction","target":["https:\/\/suwine.at\/en\/produkt\/geschenkbox-exklusivpaket-1\/"]}]},{"@type":"ImageObject","inLanguage":"en-US","@id":"https:\/\/suwine.at\/en\/produkt\/geschenkbox-exklusivpaket-1\/#primaryimage","url":"https:\/\/suwine.at\/wp-content\/uploads\/2023\/12\/9C9BACF8-75C2-43B2-AF9F-29BD2221C5F5.jpg","contentUrl":"https:\/\/suwine.at\/wp-content\/uploads\/2023\/12\/9C9BACF8-75C2-43B2-AF9F-29BD2221C5F5.jpg","width":1080,"height":1080,"caption":"Geschenkbox - Exklusivpaket 1"},{"@type":"BreadcrumbList","@id":"https:\/\/suwine.at\/en\/produkt\/geschenkbox-exklusivpaket-1\/#breadcrumb","itemListElement":[{"@type":"ListItem","position":1,"name":"Startseite","item":"https:\/\/suwine.at\/en\/suwine-suwi-zlatic\/"},{"@type":"ListItem","position":2,"name":"Shop","item":"https:\/\/suwine.at\/en\/shop-2\/"},{"@type":"ListItem","position":3,"name":"Geschenkbox &#8211; Exklusivpaket 1"}]},{"@type":"WebSite","@id":"https:\/\/suwine.at\/en\/#website","url":"https:\/\/suwine.at\/en\/","name":"Suwine - Suwi Zlatic","description":"Sommelier | Gourmet Play Store | Consulting","potentialAction":[{"@type":"SearchAction","target":{"@type":"EntryPoint","urlTemplate":"https:\/\/suwine.at\/en\/?s={search_term_string}"},"query-input":{"@type":"PropertyValueSpecification","valueRequired":true,"valueName":"search_term_string"}}],"inLanguage":"en-US"}]}},"_links":{"self":[{"href":"https:\/\/suwine.at\/en\/wp-json\/wp\/v2\/product\/232886","targetHints":{"allow":["GET"]}}],"collection":[{"href":"https:\/\/suwine.at\/en\/wp-json\/wp\/v2\/product"}],"about":[{"href":"https:\/\/suwine.at\/en\/wp-json\/wp\/v2\/types\/product"}],"wp:featuredmedia":[{"embeddable":true,"href":"https:\/\/suwine.at\/en\/wp-json\/wp\/v2\/media\/232872"}],"wp:attachment":[{"href":"https:\/\/suwine.at\/en\/wp-json\/wp\/v2\/media?parent=232886"}],"wp:term":[{"taxonomy":"product_brand","embeddable":true,"href":"https:\/\/suwine.at\/en\/wp-json\/wp\/v2\/product_brand?post=232886"},{"taxonomy":"product_cat","embeddable":true,"href":"https:\/\/suwine.at\/en\/wp-json\/wp\/v2\/product_cat?post=232886"},{"taxonomy":"product_tag","embeddable":true,"href":"https:\/\/suwine.at\/en\/wp-json\/wp\/v2\/product_tag?post=232886"}],"curies":[{"name":"wp","href":"https:\/\/api.w.org\/{rel}","templated":true}]}}