{"id":233133,"date":"2024-01-25T17:53:33","date_gmt":"2024-01-25T16:53:33","guid":{"rendered":"https:\/\/suwine.at\/?post_type=product&#038;p=233133"},"modified":"2025-08-02T11:56:42","modified_gmt":"2025-08-02T09:56:42","slug":"clai-sv-jakov-malvasia","status":"publish","type":"product","link":"https:\/\/suwine.at\/en\/produkt\/clai-sv-jakov-malvasia\/","title":{"rendered":"Clai SV. JAKOV Malvasia"},"content":{"rendered":"<h2>Clai SV. JAKOV Malvasia<\/h2>\n<p>100% Istrische Malvasia. Der wei\u00dfe Spitzenwein. Die Trauben f\u00fcr diesen Wein sind von unserem 42 Jahre altem Weinberg, gelegen auf einer H\u00fcgel westlich vom Weinkeller, nach dem der Wein benannt wurde. F\u00fcr diesen Wein haben wir das \u0150ko-Zertifikat und er ist eine der wichtigsten Etiketten im Weinkeller und wird deswegen nur in den besten Jahren abgef\u00fcllt.<\/p>\n<h2 class=\"o-wine-detail__info__title\">Vinifizierung<\/h2>\n<p class=\"o-wine-detail__info__text\">Nach der Weinlese werden die Trauben entstielt, gequetscht und durch den freien Fall in die gro\u00dfen Holzf\u00e4sse gef\u00fcllt, wo die spontan mit nat\u00fcrlichen Hefen fermentieren. Die Trauben mazerieren in der Haut circa einen Monat auf etwa 30 \u00b0C. W\u00e4hrend der Mazeration wird die Maische mindestens dreimal am Tag umger\u00fchrt. Der Wein absolviert auch die malolaktische malolaktische G\u00e4rung. Nach der Pressung wird der Wein mindestens zwei Jahre lang in 1000 l bis 2500 l gro\u00dfen Eichenholzf\u00e4ssen gelagert.<\/p>\n<div class=\"o-wine-detail__info__title\">Rebsorte: 100 % Istrische Malvasia<\/div>\n<div class=\"o-wine-detail__info__title\">Viticulture: biologisch<\/div>\n<div class=\"o-wine-detail__info__title\">Kategorie: Trockener Wei\u00dfwein<\/div>\n<div class=\"o-wine-detail__info__text\">\n<div class=\"o-wine-detail__info__title\">Jahrgang: 2022<\/div>\n<div>\n<div class=\"o-wine-detail__info__title\">Alkoholgehalt: 14,5%<\/div>\n<\/div>\n<\/div>\n<span class=\"et_bloom_bottom_trigger\"><\/span>","protected":false},"excerpt":{"rendered":"<p>Clai SV. JAKOV Malvasia<\/p>\n<p>100% Istrische Malvasia. Der wei\u00dfe Spitzenwein. Die Trauben f\u00fcr diesen Wein sind von unserem 42 Jahre altem Weinberg, gelegen auf einer H\u00fcgel westlich vom Weinkeller, nach dem der Wein benannt wurde. F\u00fcr diesen Wein haben wir das \u0150ko-Zertifikat und er ist eine der wichtigsten Etiketten im Weinkeller und wird deswegen nur in den besten Jahren abgef\u00fcllt.<\/p>\n","protected":false},"featured_media":233123,"template":"","meta":{"_et_pb_use_builder":"","_et_pb_old_content":"","_et_gb_content_width":""},"product_brand":[],"product_cat":[33],"product_tag":[391,864],"class_list":{"0":"post-233133","1":"product","2":"type-product","3":"status-publish","4":"has-post-thumbnail","6":"product_cat-unkategorisiert","7":"product_tag-istrien","8":"product_tag-malvazija","10":"first","11":"instock","12":"taxable","13":"shipping-taxable","14":"purchasable","15":"product-type-simple"},"yoast_head":"<!-- This site is optimized with the Yoast SEO plugin v27.2 - https:\/\/yoast.com\/product\/yoast-seo-wordpress\/ -->\n<title>Clai SV. JAKOV Malvasia - Suwine - Suwi Zlatic<\/title>\n<meta name=\"description\" content=\"100% Istrische Malvasia. Der wei\u00dfe Spitzenwein. Die Trauben f\u00fcr diesen Wein sind von unserem 42 Jahre altem Weinberg, gelegen auf einer H\u00fcgel westlich vom Weinkeller, nach dem der Wein benannt wurde. F\u00fcr diesen Wein haben wir das \u0150ko-Zertifikat und er ist eine der wichtigsten Etiketten im Weinkeller und wird deswegen nur in den besten Jahren abgef\u00fcllt.\u00a0\" \/>\n<meta name=\"robots\" content=\"index, follow, max-snippet:-1, max-image-preview:large, max-video-preview:-1\" \/>\n<link rel=\"canonical\" href=\"https:\/\/suwine.at\/en\/produkt\/clai-sv-jakov-malvasia\/\" \/>\n<meta property=\"og:locale\" content=\"en_US\" \/>\n<meta property=\"og:type\" content=\"article\" \/>\n<meta property=\"og:title\" content=\"Clai SV. JAKOV Malvasia - Suwine - Suwi Zlatic\" \/>\n<meta property=\"og:description\" content=\"100% Istrische Malvasia. Der wei\u00dfe Spitzenwein. Die Trauben f\u00fcr diesen Wein sind von unserem 42 Jahre altem Weinberg, gelegen auf einer H\u00fcgel westlich vom Weinkeller, nach dem der Wein benannt wurde. F\u00fcr diesen Wein haben wir das \u0150ko-Zertifikat und er ist eine der wichtigsten Etiketten im Weinkeller und wird deswegen nur in den besten Jahren abgef\u00fcllt.\u00a0\" \/>\n<meta property=\"og:url\" content=\"https:\/\/suwine.at\/en\/produkt\/clai-sv-jakov-malvasia\/\" \/>\n<meta property=\"og:site_name\" content=\"Suwine - Suwi Zlatic\" \/>\n<meta property=\"article:modified_time\" content=\"2025-08-02T09:56:42+00:00\" \/>\n<meta property=\"og:image\" content=\"https:\/\/suwine.at\/wp-content\/uploads\/2024\/01\/malvazija-2018.jpg\" \/>\n\t<meta property=\"og:image:width\" content=\"1080\" \/>\n\t<meta property=\"og:image:height\" content=\"1080\" \/>\n\t<meta property=\"og:image:type\" content=\"image\/jpeg\" \/>\n<meta name=\"twitter:card\" content=\"summary_large_image\" \/>\n<meta name=\"twitter:label1\" content=\"Est. reading time\" \/>\n\t<meta name=\"twitter:data1\" content=\"2 minutes\" \/>\n<script type=\"application\/ld+json\" class=\"yoast-schema-graph\">{\"@context\":\"https:\/\/schema.org\",\"@graph\":[{\"@type\":\"WebPage\",\"@id\":\"https:\/\/suwine.at\/en\/produkt\/clai-sv-jakov-malvasia\/\",\"url\":\"https:\/\/suwine.at\/en\/produkt\/clai-sv-jakov-malvasia\/\",\"name\":\"Clai SV. JAKOV Malvasia - Suwine - Suwi Zlatic\",\"isPartOf\":{\"@id\":\"https:\/\/suwine.at\/en\/#website\"},\"primaryImageOfPage\":{\"@id\":\"https:\/\/suwine.at\/en\/produkt\/clai-sv-jakov-malvasia\/#primaryimage\"},\"image\":{\"@id\":\"https:\/\/suwine.at\/en\/produkt\/clai-sv-jakov-malvasia\/#primaryimage\"},\"thumbnailUrl\":\"https:\/\/suwine.at\/wp-content\/uploads\/2024\/01\/malvazija-2018.jpg\",\"datePublished\":\"2024-01-25T16:53:33+00:00\",\"dateModified\":\"2025-08-02T09:56:42+00:00\",\"description\":\"100% Istrische Malvasia. Der wei\u00dfe Spitzenwein. Die Trauben f\u00fcr diesen Wein sind von unserem 42 Jahre altem Weinberg, gelegen auf einer H\u00fcgel westlich vom Weinkeller, nach dem der Wein benannt wurde. F\u00fcr diesen Wein haben wir das \u0150ko-Zertifikat und er ist eine der wichtigsten Etiketten im Weinkeller und wird deswegen nur in den besten Jahren abgef\u00fcllt.\u00a0\",\"breadcrumb\":{\"@id\":\"https:\/\/suwine.at\/en\/produkt\/clai-sv-jakov-malvasia\/#breadcrumb\"},\"inLanguage\":\"en-US\",\"potentialAction\":[{\"@type\":\"ReadAction\",\"target\":[\"https:\/\/suwine.at\/en\/produkt\/clai-sv-jakov-malvasia\/\"]}]},{\"@type\":\"ImageObject\",\"inLanguage\":\"en-US\",\"@id\":\"https:\/\/suwine.at\/en\/produkt\/clai-sv-jakov-malvasia\/#primaryimage\",\"url\":\"https:\/\/suwine.at\/wp-content\/uploads\/2024\/01\/malvazija-2018.jpg\",\"contentUrl\":\"https:\/\/suwine.at\/wp-content\/uploads\/2024\/01\/malvazija-2018.jpg\",\"width\":1080,\"height\":1080,\"caption\":\"malvazija 2018\"},{\"@type\":\"BreadcrumbList\",\"@id\":\"https:\/\/suwine.at\/en\/produkt\/clai-sv-jakov-malvasia\/#breadcrumb\",\"itemListElement\":[{\"@type\":\"ListItem\",\"position\":1,\"name\":\"Startseite\",\"item\":\"https:\/\/suwine.at\/en\/suwine-suwi-zlatic\/\"},{\"@type\":\"ListItem\",\"position\":2,\"name\":\"Shop\",\"item\":\"https:\/\/suwine.at\/en\/shop-2\/\"},{\"@type\":\"ListItem\",\"position\":3,\"name\":\"Clai SV. JAKOV Malvasia\"}]},{\"@type\":\"WebSite\",\"@id\":\"https:\/\/suwine.at\/en\/#website\",\"url\":\"https:\/\/suwine.at\/en\/\",\"name\":\"Suwine - Suwi Zlatic\",\"description\":\"Sommelier | Gourmet Play Store | Consulting\",\"potentialAction\":[{\"@type\":\"SearchAction\",\"target\":{\"@type\":\"EntryPoint\",\"urlTemplate\":\"https:\/\/suwine.at\/en\/?s={search_term_string}\"},\"query-input\":{\"@type\":\"PropertyValueSpecification\",\"valueRequired\":true,\"valueName\":\"search_term_string\"}}],\"inLanguage\":\"en-US\"}]}<\/script>\n<!-- \/ Yoast SEO plugin. -->","yoast_head_json":{"title":"Clai SV. JAKOV Malvasia - Suwine - Suwi Zlatic","description":"100% Istrische Malvasia. Der wei\u00dfe Spitzenwein. Die Trauben f\u00fcr diesen Wein sind von unserem 42 Jahre altem Weinberg, gelegen auf einer H\u00fcgel westlich vom Weinkeller, nach dem der Wein benannt wurde. F\u00fcr diesen Wein haben wir das \u0150ko-Zertifikat und er ist eine der wichtigsten Etiketten im Weinkeller und wird deswegen nur in den besten Jahren abgef\u00fcllt.\u00a0","robots":{"index":"index","follow":"follow","max-snippet":"max-snippet:-1","max-image-preview":"max-image-preview:large","max-video-preview":"max-video-preview:-1"},"canonical":"https:\/\/suwine.at\/en\/produkt\/clai-sv-jakov-malvasia\/","og_locale":"en_US","og_type":"article","og_title":"Clai SV. JAKOV Malvasia - Suwine - Suwi Zlatic","og_description":"100% Istrische Malvasia. Der wei\u00dfe Spitzenwein. Die Trauben f\u00fcr diesen Wein sind von unserem 42 Jahre altem Weinberg, gelegen auf einer H\u00fcgel westlich vom Weinkeller, nach dem der Wein benannt wurde. F\u00fcr diesen Wein haben wir das \u0150ko-Zertifikat und er ist eine der wichtigsten Etiketten im Weinkeller und wird deswegen nur in den besten Jahren abgef\u00fcllt.\u00a0","og_url":"https:\/\/suwine.at\/en\/produkt\/clai-sv-jakov-malvasia\/","og_site_name":"Suwine - Suwi Zlatic","article_modified_time":"2025-08-02T09:56:42+00:00","og_image":[{"width":1080,"height":1080,"url":"https:\/\/suwine.at\/wp-content\/uploads\/2024\/01\/malvazija-2018.jpg","type":"image\/jpeg"}],"twitter_card":"summary_large_image","twitter_misc":{"Est. reading time":"2 minutes"},"schema":{"@context":"https:\/\/schema.org","@graph":[{"@type":"WebPage","@id":"https:\/\/suwine.at\/en\/produkt\/clai-sv-jakov-malvasia\/","url":"https:\/\/suwine.at\/en\/produkt\/clai-sv-jakov-malvasia\/","name":"Clai SV. JAKOV Malvasia - Suwine - Suwi Zlatic","isPartOf":{"@id":"https:\/\/suwine.at\/en\/#website"},"primaryImageOfPage":{"@id":"https:\/\/suwine.at\/en\/produkt\/clai-sv-jakov-malvasia\/#primaryimage"},"image":{"@id":"https:\/\/suwine.at\/en\/produkt\/clai-sv-jakov-malvasia\/#primaryimage"},"thumbnailUrl":"https:\/\/suwine.at\/wp-content\/uploads\/2024\/01\/malvazija-2018.jpg","datePublished":"2024-01-25T16:53:33+00:00","dateModified":"2025-08-02T09:56:42+00:00","description":"100% Istrische Malvasia. Der wei\u00dfe Spitzenwein. Die Trauben f\u00fcr diesen Wein sind von unserem 42 Jahre altem Weinberg, gelegen auf einer H\u00fcgel westlich vom Weinkeller, nach dem der Wein benannt wurde. F\u00fcr diesen Wein haben wir das \u0150ko-Zertifikat und er ist eine der wichtigsten Etiketten im Weinkeller und wird deswegen nur in den besten Jahren abgef\u00fcllt.\u00a0","breadcrumb":{"@id":"https:\/\/suwine.at\/en\/produkt\/clai-sv-jakov-malvasia\/#breadcrumb"},"inLanguage":"en-US","potentialAction":[{"@type":"ReadAction","target":["https:\/\/suwine.at\/en\/produkt\/clai-sv-jakov-malvasia\/"]}]},{"@type":"ImageObject","inLanguage":"en-US","@id":"https:\/\/suwine.at\/en\/produkt\/clai-sv-jakov-malvasia\/#primaryimage","url":"https:\/\/suwine.at\/wp-content\/uploads\/2024\/01\/malvazija-2018.jpg","contentUrl":"https:\/\/suwine.at\/wp-content\/uploads\/2024\/01\/malvazija-2018.jpg","width":1080,"height":1080,"caption":"malvazija 2018"},{"@type":"BreadcrumbList","@id":"https:\/\/suwine.at\/en\/produkt\/clai-sv-jakov-malvasia\/#breadcrumb","itemListElement":[{"@type":"ListItem","position":1,"name":"Startseite","item":"https:\/\/suwine.at\/en\/suwine-suwi-zlatic\/"},{"@type":"ListItem","position":2,"name":"Shop","item":"https:\/\/suwine.at\/en\/shop-2\/"},{"@type":"ListItem","position":3,"name":"Clai SV. JAKOV Malvasia"}]},{"@type":"WebSite","@id":"https:\/\/suwine.at\/en\/#website","url":"https:\/\/suwine.at\/en\/","name":"Suwine - Suwi Zlatic","description":"Sommelier | Gourmet Play Store | Consulting","potentialAction":[{"@type":"SearchAction","target":{"@type":"EntryPoint","urlTemplate":"https:\/\/suwine.at\/en\/?s={search_term_string}"},"query-input":{"@type":"PropertyValueSpecification","valueRequired":true,"valueName":"search_term_string"}}],"inLanguage":"en-US"}]}},"_links":{"self":[{"href":"https:\/\/suwine.at\/en\/wp-json\/wp\/v2\/product\/233133","targetHints":{"allow":["GET"]}}],"collection":[{"href":"https:\/\/suwine.at\/en\/wp-json\/wp\/v2\/product"}],"about":[{"href":"https:\/\/suwine.at\/en\/wp-json\/wp\/v2\/types\/product"}],"wp:featuredmedia":[{"embeddable":true,"href":"https:\/\/suwine.at\/en\/wp-json\/wp\/v2\/media\/233123"}],"wp:attachment":[{"href":"https:\/\/suwine.at\/en\/wp-json\/wp\/v2\/media?parent=233133"}],"wp:term":[{"taxonomy":"product_brand","embeddable":true,"href":"https:\/\/suwine.at\/en\/wp-json\/wp\/v2\/product_brand?post=233133"},{"taxonomy":"product_cat","embeddable":true,"href":"https:\/\/suwine.at\/en\/wp-json\/wp\/v2\/product_cat?post=233133"},{"taxonomy":"product_tag","embeddable":true,"href":"https:\/\/suwine.at\/en\/wp-json\/wp\/v2\/product_tag?post=233133"}],"curies":[{"name":"wp","href":"https:\/\/api.w.org\/{rel}","templated":true}]}}