{"id":233134,"date":"2024-01-25T18:03:07","date_gmt":"2024-01-25T17:03:07","guid":{"rendered":"https:\/\/suwine.at\/?post_type=product&#038;p=233134"},"modified":"2026-03-30T21:57:43","modified_gmt":"2026-03-30T19:57:43","slug":"brombonero-refosk","status":"publish","type":"product","link":"https:\/\/suwine.at\/en\/produkt\/brombonero-refosk\/","title":{"rendered":"BROMBONERO Refo\u0161k"},"content":{"rendered":"<h2 class=\"o-wine-detail__info__title\"><span class=\"text-uppercase\">BROMBONERO<\/span>\u00a0Refo\u0161k<\/h2>\n<div class=\"o-wine-detail__info__title\">Rebsorte: 100 % Refosco<\/div>\n<div class=\"o-wine-detail__info__title\">Viticulture: \u00d6kologisch<\/div>\n<div class=\"o-wine-detail__info__title\">Kategorie: Trockener Rotwein<\/div>\n<div class=\"o-wine-detail__info__text\">\n<div class=\"o-wine-detail__info__title\">Jahrgang: 2018<\/div>\n<\/div>\n<p class=\"o-wine-detail__info__text mb-3 mt-0\"><strong>Vinifizierung:<\/strong>\u00a0Fermentation an den H\u00e4uten in offenen F\u00e4ssern, ohne Zusatz von auserw\u00e4hlten Hefen und Enzymen<\/p>\n<p class=\"o-wine-detail__info__text mb-3\"><strong>Weinherstellung:<\/strong>\u00a0Im gro\u00dfen Holzfass<\/p>\n<p class=\"o-wine-detail__info__text\"><strong>Flaschengr\u00f6\u00dfe:<\/strong> 0,75 l<\/p>\n<span class=\"et_bloom_bottom_trigger\"><\/span>","protected":false},"excerpt":{"rendered":"<h2 class=\"o-wine-detail__info__title\"><span class=\"text-uppercase\">BROMBONERO<\/span>\u00a0Refo\u0161k<\/h2>\n<div class=\"o-wine-detail__info__title\">Rebsorte: 100 % Refosco<\/div>\n<div class=\"o-wine-detail__info__title\">Viticulture: \u00d6kologisch<\/div>\n<div class=\"o-wine-detail__info__title\">Kategorie: Trockener Rotwein<\/div>\n<div class=\"o-wine-detail__info__text\">\n<div class=\"o-wine-detail__info__title\">Jahrgang: 2015<\/div>\n<\/div>\n<p class=\"o-wine-detail__info__text mb-3 mt-0\"><strong>Vinifizierung:<\/strong>\u00a0Fermentation an den H\u00e4uten in offenen F\u00e4ssern, ohne Zusatz von auserw\u00e4hlten Hefen und Enzymen<\/p>\n<p class=\"o-wine-detail__info__text mb-3\"><strong>Weinherstellung:<\/strong>\u00a0Im gro\u00dfen Holzfass<\/p>\n<p class=\"o-wine-detail__info__text\"><strong>Flaschengr\u00f6\u00dfe:<\/strong> 0,75 l<\/p>\n","protected":false},"featured_media":233119,"template":"","meta":{"_et_pb_use_builder":"","_et_pb_old_content":"","_et_gb_content_width":""},"product_brand":[],"product_cat":[85,115,210],"product_tag":[391,865],"class_list":{"0":"post-233134","1":"product","2":"type-product","3":"status-publish","4":"has-post-thumbnail","6":"product_cat-rotwein","7":"product_cat-wein","8":"product_cat-rotwein-international","9":"product_tag-istrien","10":"product_tag-refosko","12":"first","13":"instock","14":"taxable","15":"shipping-taxable","16":"purchasable","17":"product-type-simple"},"yoast_head":"<!-- This site is optimized with the Yoast SEO plugin v27.2 - https:\/\/yoast.com\/product\/yoast-seo-wordpress\/ -->\n<title>BROMBONERO Refo\u0161k - Suwine - Suwi Zlatic<\/title>\n<meta name=\"description\" content=\"BROMBONERO\u00a0Refo\u0161k Rebsorte: 100 % RefoscoViticulture: \u00d6kologischKategorie: Trockener RotweinJahrgang: 2015Vinifizierung:\u00a0Fermentation an den H\u00e4uten in offenen F\u00e4ssern, ohne Zusatz von auserw\u00e4hlten Hefen und Enzymen\u2028Weinherstellung:\u00a0Im gro\u00dfen HolzfassFlaschengr\u00f6\u00dfe: 0,75 l\" \/>\n<meta name=\"robots\" content=\"index, follow, max-snippet:-1, max-image-preview:large, max-video-preview:-1\" \/>\n<link rel=\"canonical\" href=\"https:\/\/suwine.at\/en\/produkt\/brombonero-refosk\/\" \/>\n<meta property=\"og:locale\" content=\"en_US\" \/>\n<meta property=\"og:type\" content=\"article\" \/>\n<meta property=\"og:title\" content=\"BROMBONERO Refo\u0161k - Suwine - Suwi Zlatic\" \/>\n<meta property=\"og:description\" content=\"BROMBONERO\u00a0Refo\u0161k Rebsorte: 100 % RefoscoViticulture: \u00d6kologischKategorie: Trockener RotweinJahrgang: 2015Vinifizierung:\u00a0Fermentation an den H\u00e4uten in offenen F\u00e4ssern, ohne Zusatz von auserw\u00e4hlten Hefen und Enzymen\u2028Weinherstellung:\u00a0Im gro\u00dfen HolzfassFlaschengr\u00f6\u00dfe: 0,75 l\" \/>\n<meta property=\"og:url\" content=\"https:\/\/suwine.at\/en\/produkt\/brombonero-refosk\/\" \/>\n<meta property=\"og:site_name\" content=\"Suwine - Suwi Zlatic\" \/>\n<meta property=\"article:modified_time\" content=\"2026-03-30T19:57:43+00:00\" \/>\n<meta property=\"og:image\" content=\"https:\/\/suwine.at\/wp-content\/uploads\/2024\/01\/brombonero-2018.jpg\" \/>\n\t<meta property=\"og:image:width\" content=\"1080\" \/>\n\t<meta property=\"og:image:height\" content=\"1080\" \/>\n\t<meta property=\"og:image:type\" content=\"image\/jpeg\" \/>\n<meta name=\"twitter:card\" content=\"summary_large_image\" \/>\n<meta name=\"twitter:label1\" content=\"Est. reading time\" \/>\n\t<meta name=\"twitter:data1\" content=\"1 minute\" \/>\n<script type=\"application\/ld+json\" class=\"yoast-schema-graph\">{\"@context\":\"https:\/\/schema.org\",\"@graph\":[{\"@type\":\"WebPage\",\"@id\":\"https:\/\/suwine.at\/en\/produkt\/brombonero-refosk\/\",\"url\":\"https:\/\/suwine.at\/en\/produkt\/brombonero-refosk\/\",\"name\":\"BROMBONERO Refo\u0161k - Suwine - Suwi Zlatic\",\"isPartOf\":{\"@id\":\"https:\/\/suwine.at\/en\/#website\"},\"primaryImageOfPage\":{\"@id\":\"https:\/\/suwine.at\/en\/produkt\/brombonero-refosk\/#primaryimage\"},\"image\":{\"@id\":\"https:\/\/suwine.at\/en\/produkt\/brombonero-refosk\/#primaryimage\"},\"thumbnailUrl\":\"https:\/\/suwine.at\/wp-content\/uploads\/2024\/01\/brombonero-2018.jpg\",\"datePublished\":\"2024-01-25T17:03:07+00:00\",\"dateModified\":\"2026-03-30T19:57:43+00:00\",\"description\":\"BROMBONERO\u00a0Refo\u0161k Rebsorte: 100 % RefoscoViticulture: \u00d6kologischKategorie: Trockener RotweinJahrgang: 2015Vinifizierung:\u00a0Fermentation an den H\u00e4uten in offenen F\u00e4ssern, ohne Zusatz von auserw\u00e4hlten Hefen und Enzymen\\u2028Weinherstellung:\u00a0Im gro\u00dfen HolzfassFlaschengr\u00f6\u00dfe: 0,75 l\",\"breadcrumb\":{\"@id\":\"https:\/\/suwine.at\/en\/produkt\/brombonero-refosk\/#breadcrumb\"},\"inLanguage\":\"en-US\",\"potentialAction\":[{\"@type\":\"ReadAction\",\"target\":[\"https:\/\/suwine.at\/en\/produkt\/brombonero-refosk\/\"]}]},{\"@type\":\"ImageObject\",\"inLanguage\":\"en-US\",\"@id\":\"https:\/\/suwine.at\/en\/produkt\/brombonero-refosk\/#primaryimage\",\"url\":\"https:\/\/suwine.at\/wp-content\/uploads\/2024\/01\/brombonero-2018.jpg\",\"contentUrl\":\"https:\/\/suwine.at\/wp-content\/uploads\/2024\/01\/brombonero-2018.jpg\",\"width\":1080,\"height\":1080,\"caption\":\"brombonero 2018\"},{\"@type\":\"BreadcrumbList\",\"@id\":\"https:\/\/suwine.at\/en\/produkt\/brombonero-refosk\/#breadcrumb\",\"itemListElement\":[{\"@type\":\"ListItem\",\"position\":1,\"name\":\"Startseite\",\"item\":\"https:\/\/suwine.at\/en\/suwine-suwi-zlatic\/\"},{\"@type\":\"ListItem\",\"position\":2,\"name\":\"Shop\",\"item\":\"https:\/\/suwine.at\/en\/shop-2\/\"},{\"@type\":\"ListItem\",\"position\":3,\"name\":\"BROMBONERO Refo\u0161k\"}]},{\"@type\":\"WebSite\",\"@id\":\"https:\/\/suwine.at\/en\/#website\",\"url\":\"https:\/\/suwine.at\/en\/\",\"name\":\"Suwine - Suwi Zlatic\",\"description\":\"Sommelier | Gourmet Play Store | Consulting\",\"potentialAction\":[{\"@type\":\"SearchAction\",\"target\":{\"@type\":\"EntryPoint\",\"urlTemplate\":\"https:\/\/suwine.at\/en\/?s={search_term_string}\"},\"query-input\":{\"@type\":\"PropertyValueSpecification\",\"valueRequired\":true,\"valueName\":\"search_term_string\"}}],\"inLanguage\":\"en-US\"}]}<\/script>\n<!-- \/ Yoast SEO plugin. -->","yoast_head_json":{"title":"BROMBONERO Refo\u0161k - Suwine - Suwi Zlatic","description":"BROMBONERO\u00a0Refo\u0161k Rebsorte: 100 % RefoscoViticulture: \u00d6kologischKategorie: Trockener RotweinJahrgang: 2015Vinifizierung:\u00a0Fermentation an den H\u00e4uten in offenen F\u00e4ssern, ohne Zusatz von auserw\u00e4hlten Hefen und Enzymen\u2028Weinherstellung:\u00a0Im gro\u00dfen HolzfassFlaschengr\u00f6\u00dfe: 0,75 l","robots":{"index":"index","follow":"follow","max-snippet":"max-snippet:-1","max-image-preview":"max-image-preview:large","max-video-preview":"max-video-preview:-1"},"canonical":"https:\/\/suwine.at\/en\/produkt\/brombonero-refosk\/","og_locale":"en_US","og_type":"article","og_title":"BROMBONERO Refo\u0161k - Suwine - Suwi Zlatic","og_description":"BROMBONERO\u00a0Refo\u0161k Rebsorte: 100 % RefoscoViticulture: \u00d6kologischKategorie: Trockener RotweinJahrgang: 2015Vinifizierung:\u00a0Fermentation an den H\u00e4uten in offenen F\u00e4ssern, ohne Zusatz von auserw\u00e4hlten Hefen und Enzymen\u2028Weinherstellung:\u00a0Im gro\u00dfen HolzfassFlaschengr\u00f6\u00dfe: 0,75 l","og_url":"https:\/\/suwine.at\/en\/produkt\/brombonero-refosk\/","og_site_name":"Suwine - Suwi Zlatic","article_modified_time":"2026-03-30T19:57:43+00:00","og_image":[{"width":1080,"height":1080,"url":"https:\/\/suwine.at\/wp-content\/uploads\/2024\/01\/brombonero-2018.jpg","type":"image\/jpeg"}],"twitter_card":"summary_large_image","twitter_misc":{"Est. reading time":"1 minute"},"schema":{"@context":"https:\/\/schema.org","@graph":[{"@type":"WebPage","@id":"https:\/\/suwine.at\/en\/produkt\/brombonero-refosk\/","url":"https:\/\/suwine.at\/en\/produkt\/brombonero-refosk\/","name":"BROMBONERO Refo\u0161k - Suwine - Suwi Zlatic","isPartOf":{"@id":"https:\/\/suwine.at\/en\/#website"},"primaryImageOfPage":{"@id":"https:\/\/suwine.at\/en\/produkt\/brombonero-refosk\/#primaryimage"},"image":{"@id":"https:\/\/suwine.at\/en\/produkt\/brombonero-refosk\/#primaryimage"},"thumbnailUrl":"https:\/\/suwine.at\/wp-content\/uploads\/2024\/01\/brombonero-2018.jpg","datePublished":"2024-01-25T17:03:07+00:00","dateModified":"2026-03-30T19:57:43+00:00","description":"BROMBONERO\u00a0Refo\u0161k Rebsorte: 100 % RefoscoViticulture: \u00d6kologischKategorie: Trockener RotweinJahrgang: 2015Vinifizierung:\u00a0Fermentation an den H\u00e4uten in offenen F\u00e4ssern, ohne Zusatz von auserw\u00e4hlten Hefen und Enzymen\u2028Weinherstellung:\u00a0Im gro\u00dfen HolzfassFlaschengr\u00f6\u00dfe: 0,75 l","breadcrumb":{"@id":"https:\/\/suwine.at\/en\/produkt\/brombonero-refosk\/#breadcrumb"},"inLanguage":"en-US","potentialAction":[{"@type":"ReadAction","target":["https:\/\/suwine.at\/en\/produkt\/brombonero-refosk\/"]}]},{"@type":"ImageObject","inLanguage":"en-US","@id":"https:\/\/suwine.at\/en\/produkt\/brombonero-refosk\/#primaryimage","url":"https:\/\/suwine.at\/wp-content\/uploads\/2024\/01\/brombonero-2018.jpg","contentUrl":"https:\/\/suwine.at\/wp-content\/uploads\/2024\/01\/brombonero-2018.jpg","width":1080,"height":1080,"caption":"brombonero 2018"},{"@type":"BreadcrumbList","@id":"https:\/\/suwine.at\/en\/produkt\/brombonero-refosk\/#breadcrumb","itemListElement":[{"@type":"ListItem","position":1,"name":"Startseite","item":"https:\/\/suwine.at\/en\/suwine-suwi-zlatic\/"},{"@type":"ListItem","position":2,"name":"Shop","item":"https:\/\/suwine.at\/en\/shop-2\/"},{"@type":"ListItem","position":3,"name":"BROMBONERO Refo\u0161k"}]},{"@type":"WebSite","@id":"https:\/\/suwine.at\/en\/#website","url":"https:\/\/suwine.at\/en\/","name":"Suwine - Suwi Zlatic","description":"Sommelier | Gourmet Play Store | Consulting","potentialAction":[{"@type":"SearchAction","target":{"@type":"EntryPoint","urlTemplate":"https:\/\/suwine.at\/en\/?s={search_term_string}"},"query-input":{"@type":"PropertyValueSpecification","valueRequired":true,"valueName":"search_term_string"}}],"inLanguage":"en-US"}]}},"_links":{"self":[{"href":"https:\/\/suwine.at\/en\/wp-json\/wp\/v2\/product\/233134","targetHints":{"allow":["GET"]}}],"collection":[{"href":"https:\/\/suwine.at\/en\/wp-json\/wp\/v2\/product"}],"about":[{"href":"https:\/\/suwine.at\/en\/wp-json\/wp\/v2\/types\/product"}],"wp:featuredmedia":[{"embeddable":true,"href":"https:\/\/suwine.at\/en\/wp-json\/wp\/v2\/media\/233119"}],"wp:attachment":[{"href":"https:\/\/suwine.at\/en\/wp-json\/wp\/v2\/media?parent=233134"}],"wp:term":[{"taxonomy":"product_brand","embeddable":true,"href":"https:\/\/suwine.at\/en\/wp-json\/wp\/v2\/product_brand?post=233134"},{"taxonomy":"product_cat","embeddable":true,"href":"https:\/\/suwine.at\/en\/wp-json\/wp\/v2\/product_cat?post=233134"},{"taxonomy":"product_tag","embeddable":true,"href":"https:\/\/suwine.at\/en\/wp-json\/wp\/v2\/product_tag?post=233134"}],"curies":[{"name":"wp","href":"https:\/\/api.w.org\/{rel}","templated":true}]}}