{"id":233367,"date":"2024-03-14T11:25:49","date_gmt":"2024-03-14T10:25:49","guid":{"rendered":"https:\/\/suwine.at\/?post_type=product&#038;p=233367"},"modified":"2026-04-01T07:44:13","modified_gmt":"2026-04-01T05:44:13","slug":"podere-san-cristoforo-petit-verdot-2018","status":"publish","type":"product","link":"https:\/\/suwine.at\/en\/produkt\/podere-san-cristoforo-petit-verdot-2018\/","title":{"rendered":"Podere San Cristoforo &#8211; Petit Verdot 2018"},"content":{"rendered":"<h2>100% reinsortiger Petit Verdot<\/h2>\n<p>Als sekund\u00e4re Rebsorte in Bordeaux-Mischungen mit niedrigsten Anteilen, wird Petit Verdot nur selten reinsortig f\u00fcr Wein verwendet.<\/p>\n<p>Aber wenn dies der Fall ist <em>(und vor allem: wenn der Hersteller wei\u00df, was er tut)<\/em>, darf man daraus Weine mit einem gewissen Charme erwarten.<\/p>\n<p>Der toskanischer Petit Verdot aus dem Hause Podere San Cristoforo, ist einer der Weine, die die Erwartungen immer wieder erf\u00fcllen.<\/p>\n<p>Er g\u00e4rt spontan im Stahl und ruht zehn Monate lang in alten Barriques aus franz\u00f6sischer Eiche.<\/p>\n<p>Elegant und ausdrucksstark, hebt er die sanftere und angenehmere Seite der Frucht hervor, die sich mit einer langen Persistenz verm\u00e4hlt. Mit Hinweisen auf das Holz der franz\u00f6sischer Eiche.<\/p>\n<p>Wenn Sie auf der Suche nach einem Wein sind, der nicht der \u00fcbliche toskanische Rotwein ist, und wenn Sie einen Wein von gro\u00dfer Tiefe trinken m\u00f6chten, ist der &#8220;San Cristoforo&#8221; die beste Antwort.<br \/>\nFabelhaft!<\/p>\n<ul id=\"product-attribute-specs-table\" class=\"productPage__attributes\">\n<li><strong>Jahrgang: <\/strong>2018<\/li>\n<li><strong>Bezeichnung: <\/strong>Toscana IGT<\/li>\n<li><strong>Rebsorten: <\/strong>petit verdot 100%<\/li>\n<li><strong>Alkoholgehalt: <\/strong>14%<\/li>\n<li><strong>F\u00fcllmenge: <\/strong>0.75l<\/li>\n<li><strong>Allergene: <\/strong>Sulfite<\/li>\n<\/ul>\n<span class=\"et_bloom_bottom_trigger\"><\/span>","protected":false},"excerpt":{"rendered":"<p>Reinsortiger Petit Verdot ist eine absolute Rarit\u00e4t. Die Traube z\u00e4hlt zu den Bordeux-Rebsorten und wird meistens nur zu einem sehr geringen Prozentsatz in Cuvees verwendet. Deshalb wird sie oft nicht einmal auf den Etiketten angef\u00fchrt.<\/p>\n<p>Dieser Wein ist das absolute Gegenteil: 100% reinsortiger Petit Verdot!<\/p>\n<p>Elegant und ausdrucksstark, angenehme Frucht. Mit gro\u00dfer Tiefe.<br \/>\nSpannendes Trinkerlebnis abseits des \u201e\u00fcblichen toskanischen Rotweins\u201c.<\/p>\n","protected":false},"featured_media":235472,"template":"","meta":{"_et_pb_use_builder":"","_et_pb_old_content":"","_et_gb_content_width":""},"product_brand":[],"product_cat":[879,210],"product_tag":[364,875],"class_list":{"0":"post-233367","1":"product","2":"type-product","3":"status-publish","4":"has-post-thumbnail","6":"product_cat-osternest-weine-2024","7":"product_cat-rotwein-international","8":"product_tag-toscana","9":"product_tag-petit-verdot","11":"first","12":"instock","13":"taxable","14":"shipping-taxable","15":"purchasable","16":"product-type-simple"},"yoast_head":"<!-- This site is optimized with the Yoast SEO plugin v27.2 - https:\/\/yoast.com\/product\/yoast-seo-wordpress\/ -->\n<title>Podere San Cristoforo - Petit Verdot 2018 - Suwine - Suwi Zlatic<\/title>\n<meta name=\"description\" content=\"Reinsortiger Petit Verdot ist eine absolute Rarit\u00e4t. Elegant &amp; ausdrucksstark, angenehme Frucht. Trinkerlebnis abseits des \u201e\u00fcblichen toskanischen Rotweins\u201c.\" \/>\n<meta name=\"robots\" content=\"index, follow, max-snippet:-1, max-image-preview:large, max-video-preview:-1\" \/>\n<link rel=\"canonical\" href=\"https:\/\/suwine.at\/en\/produkt\/podere-san-cristoforo-petit-verdot-2018\/\" \/>\n<meta property=\"og:locale\" content=\"en_US\" \/>\n<meta property=\"og:type\" content=\"article\" \/>\n<meta property=\"og:title\" content=\"Podere San Cristoforo - Petit Verdot 2018 - Suwine - Suwi Zlatic\" \/>\n<meta property=\"og:description\" content=\"Reinsortiger Petit Verdot ist eine absolute Rarit\u00e4t. Elegant &amp; ausdrucksstark, angenehme Frucht. Trinkerlebnis abseits des \u201e\u00fcblichen toskanischen Rotweins\u201c.\" \/>\n<meta property=\"og:url\" content=\"https:\/\/suwine.at\/en\/produkt\/podere-san-cristoforo-petit-verdot-2018\/\" \/>\n<meta property=\"og:site_name\" content=\"Suwine - Suwi Zlatic\" \/>\n<meta property=\"article:modified_time\" content=\"2026-04-01T05:44:13+00:00\" \/>\n<meta property=\"og:image\" content=\"https:\/\/suwine.at\/wp-content\/uploads\/2024\/03\/32904B2F-B673-4BA6-8EBB-F76AFD61831F.avif\" \/>\n\t<meta property=\"og:image:width\" content=\"1000\" \/>\n\t<meta property=\"og:image:height\" content=\"1000\" \/>\n\t<meta property=\"og:image:type\" content=\"image\/jpeg\" \/>\n<meta name=\"twitter:card\" content=\"summary_large_image\" \/>\n<meta name=\"twitter:label1\" content=\"Est. reading time\" \/>\n\t<meta name=\"twitter:data1\" content=\"2 minutes\" \/>\n<script type=\"application\/ld+json\" class=\"yoast-schema-graph\">{\"@context\":\"https:\/\/schema.org\",\"@graph\":[{\"@type\":\"WebPage\",\"@id\":\"https:\/\/suwine.at\/en\/produkt\/podere-san-cristoforo-petit-verdot-2018\/\",\"url\":\"https:\/\/suwine.at\/en\/produkt\/podere-san-cristoforo-petit-verdot-2018\/\",\"name\":\"Podere San Cristoforo - Petit Verdot 2018 - Suwine - Suwi Zlatic\",\"isPartOf\":{\"@id\":\"https:\/\/suwine.at\/en\/#website\"},\"primaryImageOfPage\":{\"@id\":\"https:\/\/suwine.at\/en\/produkt\/podere-san-cristoforo-petit-verdot-2018\/#primaryimage\"},\"image\":{\"@id\":\"https:\/\/suwine.at\/en\/produkt\/podere-san-cristoforo-petit-verdot-2018\/#primaryimage\"},\"thumbnailUrl\":\"https:\/\/suwine.at\/wp-content\/uploads\/2024\/03\/32904B2F-B673-4BA6-8EBB-F76AFD61831F.avif\",\"datePublished\":\"2024-03-14T10:25:49+00:00\",\"dateModified\":\"2026-04-01T05:44:13+00:00\",\"description\":\"Reinsortiger Petit Verdot ist eine absolute Rarit\u00e4t. Elegant & ausdrucksstark, angenehme Frucht. Trinkerlebnis abseits des \u201e\u00fcblichen toskanischen Rotweins\u201c.\",\"breadcrumb\":{\"@id\":\"https:\/\/suwine.at\/en\/produkt\/podere-san-cristoforo-petit-verdot-2018\/#breadcrumb\"},\"inLanguage\":\"en-US\",\"potentialAction\":[{\"@type\":\"ReadAction\",\"target\":[\"https:\/\/suwine.at\/en\/produkt\/podere-san-cristoforo-petit-verdot-2018\/\"]}]},{\"@type\":\"ImageObject\",\"inLanguage\":\"en-US\",\"@id\":\"https:\/\/suwine.at\/en\/produkt\/podere-san-cristoforo-petit-verdot-2018\/#primaryimage\",\"url\":\"https:\/\/suwine.at\/wp-content\/uploads\/2024\/03\/32904B2F-B673-4BA6-8EBB-F76AFD61831F.avif\",\"contentUrl\":\"https:\/\/suwine.at\/wp-content\/uploads\/2024\/03\/32904B2F-B673-4BA6-8EBB-F76AFD61831F.avif\",\"width\":1000,\"height\":1000,\"caption\":\"Petit\"},{\"@type\":\"BreadcrumbList\",\"@id\":\"https:\/\/suwine.at\/en\/produkt\/podere-san-cristoforo-petit-verdot-2018\/#breadcrumb\",\"itemListElement\":[{\"@type\":\"ListItem\",\"position\":1,\"name\":\"Startseite\",\"item\":\"https:\/\/suwine.at\/en\/suwine-suwi-zlatic\/\"},{\"@type\":\"ListItem\",\"position\":2,\"name\":\"Shop\",\"item\":\"https:\/\/suwine.at\/en\/shop-2\/\"},{\"@type\":\"ListItem\",\"position\":3,\"name\":\"Podere San Cristoforo &#8211; Petit Verdot 2018\"}]},{\"@type\":\"WebSite\",\"@id\":\"https:\/\/suwine.at\/en\/#website\",\"url\":\"https:\/\/suwine.at\/en\/\",\"name\":\"Suwine - Suwi Zlatic\",\"description\":\"Sommelier | Gourmet Play Store | Consulting\",\"potentialAction\":[{\"@type\":\"SearchAction\",\"target\":{\"@type\":\"EntryPoint\",\"urlTemplate\":\"https:\/\/suwine.at\/en\/?s={search_term_string}\"},\"query-input\":{\"@type\":\"PropertyValueSpecification\",\"valueRequired\":true,\"valueName\":\"search_term_string\"}}],\"inLanguage\":\"en-US\"}]}<\/script>\n<!-- \/ Yoast SEO plugin. -->","yoast_head_json":{"title":"Podere San Cristoforo - Petit Verdot 2018 - Suwine - Suwi Zlatic","description":"Reinsortiger Petit Verdot ist eine absolute Rarit\u00e4t. Elegant & ausdrucksstark, angenehme Frucht. Trinkerlebnis abseits des \u201e\u00fcblichen toskanischen Rotweins\u201c.","robots":{"index":"index","follow":"follow","max-snippet":"max-snippet:-1","max-image-preview":"max-image-preview:large","max-video-preview":"max-video-preview:-1"},"canonical":"https:\/\/suwine.at\/en\/produkt\/podere-san-cristoforo-petit-verdot-2018\/","og_locale":"en_US","og_type":"article","og_title":"Podere San Cristoforo - Petit Verdot 2018 - Suwine - Suwi Zlatic","og_description":"Reinsortiger Petit Verdot ist eine absolute Rarit\u00e4t. Elegant & ausdrucksstark, angenehme Frucht. Trinkerlebnis abseits des \u201e\u00fcblichen toskanischen Rotweins\u201c.","og_url":"https:\/\/suwine.at\/en\/produkt\/podere-san-cristoforo-petit-verdot-2018\/","og_site_name":"Suwine - Suwi Zlatic","article_modified_time":"2026-04-01T05:44:13+00:00","og_image":[{"width":1000,"height":1000,"url":"https:\/\/suwine.at\/wp-content\/uploads\/2024\/03\/32904B2F-B673-4BA6-8EBB-F76AFD61831F.avif","type":"image\/jpeg"}],"twitter_card":"summary_large_image","twitter_misc":{"Est. reading time":"2 minutes"},"schema":{"@context":"https:\/\/schema.org","@graph":[{"@type":"WebPage","@id":"https:\/\/suwine.at\/en\/produkt\/podere-san-cristoforo-petit-verdot-2018\/","url":"https:\/\/suwine.at\/en\/produkt\/podere-san-cristoforo-petit-verdot-2018\/","name":"Podere San Cristoforo - Petit Verdot 2018 - Suwine - Suwi Zlatic","isPartOf":{"@id":"https:\/\/suwine.at\/en\/#website"},"primaryImageOfPage":{"@id":"https:\/\/suwine.at\/en\/produkt\/podere-san-cristoforo-petit-verdot-2018\/#primaryimage"},"image":{"@id":"https:\/\/suwine.at\/en\/produkt\/podere-san-cristoforo-petit-verdot-2018\/#primaryimage"},"thumbnailUrl":"https:\/\/suwine.at\/wp-content\/uploads\/2024\/03\/32904B2F-B673-4BA6-8EBB-F76AFD61831F.avif","datePublished":"2024-03-14T10:25:49+00:00","dateModified":"2026-04-01T05:44:13+00:00","description":"Reinsortiger Petit Verdot ist eine absolute Rarit\u00e4t. Elegant & ausdrucksstark, angenehme Frucht. Trinkerlebnis abseits des \u201e\u00fcblichen toskanischen Rotweins\u201c.","breadcrumb":{"@id":"https:\/\/suwine.at\/en\/produkt\/podere-san-cristoforo-petit-verdot-2018\/#breadcrumb"},"inLanguage":"en-US","potentialAction":[{"@type":"ReadAction","target":["https:\/\/suwine.at\/en\/produkt\/podere-san-cristoforo-petit-verdot-2018\/"]}]},{"@type":"ImageObject","inLanguage":"en-US","@id":"https:\/\/suwine.at\/en\/produkt\/podere-san-cristoforo-petit-verdot-2018\/#primaryimage","url":"https:\/\/suwine.at\/wp-content\/uploads\/2024\/03\/32904B2F-B673-4BA6-8EBB-F76AFD61831F.avif","contentUrl":"https:\/\/suwine.at\/wp-content\/uploads\/2024\/03\/32904B2F-B673-4BA6-8EBB-F76AFD61831F.avif","width":1000,"height":1000,"caption":"Petit"},{"@type":"BreadcrumbList","@id":"https:\/\/suwine.at\/en\/produkt\/podere-san-cristoforo-petit-verdot-2018\/#breadcrumb","itemListElement":[{"@type":"ListItem","position":1,"name":"Startseite","item":"https:\/\/suwine.at\/en\/suwine-suwi-zlatic\/"},{"@type":"ListItem","position":2,"name":"Shop","item":"https:\/\/suwine.at\/en\/shop-2\/"},{"@type":"ListItem","position":3,"name":"Podere San Cristoforo &#8211; Petit Verdot 2018"}]},{"@type":"WebSite","@id":"https:\/\/suwine.at\/en\/#website","url":"https:\/\/suwine.at\/en\/","name":"Suwine - Suwi Zlatic","description":"Sommelier | Gourmet Play Store | Consulting","potentialAction":[{"@type":"SearchAction","target":{"@type":"EntryPoint","urlTemplate":"https:\/\/suwine.at\/en\/?s={search_term_string}"},"query-input":{"@type":"PropertyValueSpecification","valueRequired":true,"valueName":"search_term_string"}}],"inLanguage":"en-US"}]}},"_links":{"self":[{"href":"https:\/\/suwine.at\/en\/wp-json\/wp\/v2\/product\/233367","targetHints":{"allow":["GET"]}}],"collection":[{"href":"https:\/\/suwine.at\/en\/wp-json\/wp\/v2\/product"}],"about":[{"href":"https:\/\/suwine.at\/en\/wp-json\/wp\/v2\/types\/product"}],"wp:featuredmedia":[{"embeddable":true,"href":"https:\/\/suwine.at\/en\/wp-json\/wp\/v2\/media\/235472"}],"wp:attachment":[{"href":"https:\/\/suwine.at\/en\/wp-json\/wp\/v2\/media?parent=233367"}],"wp:term":[{"taxonomy":"product_brand","embeddable":true,"href":"https:\/\/suwine.at\/en\/wp-json\/wp\/v2\/product_brand?post=233367"},{"taxonomy":"product_cat","embeddable":true,"href":"https:\/\/suwine.at\/en\/wp-json\/wp\/v2\/product_cat?post=233367"},{"taxonomy":"product_tag","embeddable":true,"href":"https:\/\/suwine.at\/en\/wp-json\/wp\/v2\/product_tag?post=233367"}],"curies":[{"name":"wp","href":"https:\/\/api.w.org\/{rel}","templated":true}]}}