{"id":233807,"date":"2024-05-02T18:54:18","date_gmt":"2024-05-02T16:54:18","guid":{"rendered":"https:\/\/suwine.at\/?post_type=product&#038;p=233807"},"modified":"2025-04-22T15:38:20","modified_gmt":"2025-04-22T13:38:20","slug":"schloss-lieser-thomas-haag-kabinettstueck-trocken-2019","status":"publish","type":"product","link":"https:\/\/suwine.at\/en\/produkt\/schloss-lieser-thomas-haag-kabinettstueck-trocken-2019\/","title":{"rendered":"Schloss Lieser Thomas Haag | Kabinettst\u00fcck trocken 2019"},"content":{"rendered":"<h2 class=\"product--title\">Schloss Lieser Thomas Haag | Kabinettst\u00fcck trocken 2019<\/h2>\n<div class=\"content--title\">Produktinformationen &#8220;Schloss Lieser Thomas Haag | Kabinettst\u00fcck trocken 2019&#8221;<\/div>\n<div class=\"product--description\">\n<div>Kabinettst\u00fcck haben die Haags ihren neuen trockenen Riesling\u00a0mit Kabinettcharakter genannt. Sie umgehen so die strenge VDP Qualit\u00e4tspyramide, die keinen trockenen Kabinettwein mehr beinhaltet. Das Pr\u00e4dikat Kabinett will man dort den fruchtigen Rieslingen vorbehalten.<\/div>\n<div><\/div>\n<div>Aber aromatische trockene Rieslinge mit wenig Alkohol haben eine gro\u00dfe Nachfrage, so dass Ute und Thomas Haag ihr neues &#8220;Kabintettst\u00fcck&#8221; schufen.<\/div>\n<div><\/div>\n<div>Ein schlanker und dennoch fruchtiger Riesling mit der f\u00fcr Thomas Haag so typischen geschliffenen Finesse.<\/div>\n<div><\/div>\n<div>Ein Riesling mit viel Trinkfluss, der gleich Lust auf ein 2. Glas macht.<\/div>\n<div>\n<table class=\"product--properties-table\">\n<tbody>\n<tr class=\"product--properties-row\">\n<td class=\"product--properties-label is--bold\">Weinart:<\/td>\n<td class=\"product--properties-value\">Wei\u00dfwein<\/td>\n<\/tr>\n<tr class=\"product--properties-row\">\n<td class=\"product--properties-label is--bold\">Jahrgang:<\/td>\n<td class=\"product--properties-value\">2019<\/td>\n<\/tr>\n<tr class=\"product--properties-row\">\n<td class=\"product--properties-label is--bold\">Geschmack:<\/td>\n<td class=\"product--properties-value\">trocken<\/td>\n<\/tr>\n<tr class=\"product--properties-row\">\n<td class=\"product--properties-label is--bold\">Weinstil:<\/td>\n<td class=\"product--properties-value\">mineralisch<\/td>\n<\/tr>\n<tr class=\"product--properties-row\">\n<td class=\"product--properties-label is--bold\">Land:<\/td>\n<td class=\"product--properties-value\">Deutschland<\/td>\n<\/tr>\n<tr class=\"product--properties-row\">\n<td class=\"product--properties-label is--bold\">Anbauregion:<\/td>\n<td class=\"product--properties-value\">Mosel<\/td>\n<\/tr>\n<tr class=\"product--properties-row\">\n<td class=\"product--properties-label is--bold\">Anbaugebiet:<\/td>\n<td class=\"product--properties-value\">Mittelmosel<\/td>\n<\/tr>\n<tr class=\"product--properties-row\">\n<td class=\"product--properties-label is--bold\">Rebsorte:<\/td>\n<td class=\"product--properties-value\">Riesling<\/td>\n<\/tr>\n<tr class=\"product--properties-row\">\n<td class=\"product--properties-label is--bold\">Ausbau:<\/td>\n<td class=\"product--properties-value\">Edelstahltank<\/td>\n<\/tr>\n<tr class=\"product--properties-row\">\n<td class=\"product--properties-label is--bold\">Nettoinhalt :<\/td>\n<td class=\"product--properties-value\">0.75 l<\/td>\n<\/tr>\n<tr class=\"product--properties-row\">\n<td class=\"product--properties-label is--bold\">Alkohol:<\/td>\n<td class=\"product--properties-value\">12.5% Vol.<\/td>\n<\/tr>\n<tr class=\"product--properties-row\">\n<td class=\"product--properties-label is--bold\">Verschluss:<\/td>\n<td class=\"product--properties-value\">Schraubverschluss<\/td>\n<\/tr>\n<tr class=\"product--properties-row\">\n<td class=\"product--properties-label is--bold\">Trinktemperatur :<\/td>\n<td class=\"product--properties-value\">8 &#8211; 10\u00b0 C\u00b0 C<\/td>\n<\/tr>\n<tr class=\"product--properties-row\">\n<td class=\"product--properties-label is--bold\">mindestens Lagerf\u00e4hig bis:<\/td>\n<td class=\"product--properties-value\">2025<\/td>\n<\/tr>\n<tr class=\"product--properties-row\">\n<td class=\"product--properties-label is--bold\">Zutaten:<\/td>\n<td class=\"product--properties-value\">enth\u00e4lt Sulfite<\/td>\n<\/tr>\n<tr class=\"product--properties-row\">\n<td class=\"product--properties-label is--bold\">Allergene:<\/td>\n<td class=\"product--properties-value\">kann Spuren von Schwefel, Eiwei\u00df, Gelatine und Milch enthalten<\/td>\n<\/tr>\n<tr class=\"product--properties-row\">\n<td class=\"product--properties-label is--bold\">verantwortlicher Lebensmittelunternehmer:<\/td>\n<td class=\"product--properties-value\">Schloss Lieser Thomas Haag<br \/>\nWeingut Schloss Lieser Thomas Haag, Mosel, Am Markt 1 &#8211; 5, 54470 Lieser, , Deutschland, , ,<\/td>\n<\/tr>\n<\/tbody>\n<\/table>\n<\/div>\n<\/div>\n<span class=\"et_bloom_bottom_trigger\"><\/span>","protected":false},"excerpt":{"rendered":"<div class=\"content--title\"><\/div>\n<div class=\"product--description\">\n<div>Kabinettst\u00fcck haben die Haags ihren neuen trockenen Riesling\u00a0mit Kabinettcharakter genannt. Sie umgehen so die strenge VDP Qualit\u00e4tspyramide, die keinen trockenen Kabinettwein mehr beinhaltet. Das Pr\u00e4dikat Kabinett will man dort den fruchtigen Rieslingen vorbehalten.<\/div>\n<\/div>\n","protected":false},"featured_media":233751,"template":"","meta":{"_et_pb_use_builder":"","_et_pb_old_content":"","_et_gb_content_width":""},"product_brand":[],"product_cat":[212,84,112,115],"product_tag":[171,461,94],"class_list":{"0":"post-233807","1":"product","2":"type-product","3":"status-publish","4":"has-post-thumbnail","6":"product_cat-weisswein-international","7":"product_cat-weisswein","8":"product_cat-riesling","9":"product_cat-wein","10":"product_tag-riesling","11":"product_tag-mosel","12":"product_tag-deutschland","14":"first","15":"outofstock","16":"taxable","17":"shipping-taxable","18":"purchasable","19":"product-type-simple"},"yoast_head":"<!-- This site is optimized with the Yoast SEO plugin v27.2 - https:\/\/yoast.com\/product\/yoast-seo-wordpress\/ -->\n<title>Schloss Lieser Thomas Haag | Kabinettst\u00fcck trocken 2019 - Suwine - Suwi Zlatic<\/title>\n<meta name=\"description\" content=\"Schloss Lieser Thomas Haag | Kabinettst\u00fcck trocken 2019Kabinettst\u00fcck haben die Haags ihren neuen trockenen Riesling\u00a0mit Kabinettcharakter genannt. Sie umgehen so die strenge VDP Qualit\u00e4tspyramide, die keinen trockenen Kabinettwein mehr beinhaltet. Das Pr\u00e4dikat Kabinett will man dort den fruchtigen Rieslingen vorbehalten.\" \/>\n<meta name=\"robots\" content=\"index, follow, max-snippet:-1, max-image-preview:large, max-video-preview:-1\" \/>\n<link rel=\"canonical\" href=\"https:\/\/suwine.at\/en\/produkt\/schloss-lieser-thomas-haag-kabinettstueck-trocken-2019\/\" \/>\n<meta property=\"og:locale\" content=\"en_US\" \/>\n<meta property=\"og:type\" content=\"article\" \/>\n<meta property=\"og:title\" content=\"Schloss Lieser Thomas Haag | Kabinettst\u00fcck trocken 2019 - Suwine - Suwi Zlatic\" \/>\n<meta property=\"og:description\" content=\"Schloss Lieser Thomas Haag | Kabinettst\u00fcck trocken 2019Kabinettst\u00fcck haben die Haags ihren neuen trockenen Riesling\u00a0mit Kabinettcharakter genannt. Sie umgehen so die strenge VDP Qualit\u00e4tspyramide, die keinen trockenen Kabinettwein mehr beinhaltet. Das Pr\u00e4dikat Kabinett will man dort den fruchtigen Rieslingen vorbehalten.\" \/>\n<meta property=\"og:url\" content=\"https:\/\/suwine.at\/en\/produkt\/schloss-lieser-thomas-haag-kabinettstueck-trocken-2019\/\" \/>\n<meta property=\"og:site_name\" content=\"Suwine - Suwi Zlatic\" \/>\n<meta property=\"article:modified_time\" content=\"2025-04-22T13:38:20+00:00\" \/>\n<meta property=\"og:image\" content=\"https:\/\/suwine.at\/wp-content\/uploads\/2024\/05\/IMG_2375-jpg.webp\" \/>\n\t<meta property=\"og:image:width\" content=\"1600\" \/>\n\t<meta property=\"og:image:height\" content=\"1600\" \/>\n\t<meta property=\"og:image:type\" content=\"image\/jpeg\" \/>\n<meta name=\"twitter:card\" content=\"summary_large_image\" \/>\n<meta name=\"twitter:label1\" content=\"Est. reading time\" \/>\n\t<meta name=\"twitter:data1\" content=\"2 minutes\" \/>\n<script type=\"application\/ld+json\" class=\"yoast-schema-graph\">{\"@context\":\"https:\/\/schema.org\",\"@graph\":[{\"@type\":\"WebPage\",\"@id\":\"https:\/\/suwine.at\/en\/produkt\/schloss-lieser-thomas-haag-kabinettstueck-trocken-2019\/\",\"url\":\"https:\/\/suwine.at\/en\/produkt\/schloss-lieser-thomas-haag-kabinettstueck-trocken-2019\/\",\"name\":\"Schloss Lieser Thomas Haag | Kabinettst\u00fcck trocken 2019 - Suwine - Suwi Zlatic\",\"isPartOf\":{\"@id\":\"https:\/\/suwine.at\/en\/#website\"},\"primaryImageOfPage\":{\"@id\":\"https:\/\/suwine.at\/en\/produkt\/schloss-lieser-thomas-haag-kabinettstueck-trocken-2019\/#primaryimage\"},\"image\":{\"@id\":\"https:\/\/suwine.at\/en\/produkt\/schloss-lieser-thomas-haag-kabinettstueck-trocken-2019\/#primaryimage\"},\"thumbnailUrl\":\"https:\/\/suwine.at\/wp-content\/uploads\/2024\/05\/IMG_2375-jpg.webp\",\"datePublished\":\"2024-05-02T16:54:18+00:00\",\"dateModified\":\"2025-04-22T13:38:20+00:00\",\"description\":\"Schloss Lieser Thomas Haag | Kabinettst\u00fcck trocken 2019Kabinettst\u00fcck haben die Haags ihren neuen trockenen Riesling\u00a0mit Kabinettcharakter genannt. Sie umgehen so die strenge VDP Qualit\u00e4tspyramide, die keinen trockenen Kabinettwein mehr beinhaltet. Das Pr\u00e4dikat Kabinett will man dort den fruchtigen Rieslingen vorbehalten.\",\"breadcrumb\":{\"@id\":\"https:\/\/suwine.at\/en\/produkt\/schloss-lieser-thomas-haag-kabinettstueck-trocken-2019\/#breadcrumb\"},\"inLanguage\":\"en-US\",\"potentialAction\":[{\"@type\":\"ReadAction\",\"target\":[\"https:\/\/suwine.at\/en\/produkt\/schloss-lieser-thomas-haag-kabinettstueck-trocken-2019\/\"]}]},{\"@type\":\"ImageObject\",\"inLanguage\":\"en-US\",\"@id\":\"https:\/\/suwine.at\/en\/produkt\/schloss-lieser-thomas-haag-kabinettstueck-trocken-2019\/#primaryimage\",\"url\":\"https:\/\/suwine.at\/wp-content\/uploads\/2024\/05\/IMG_2375-jpg.webp\",\"contentUrl\":\"https:\/\/suwine.at\/wp-content\/uploads\/2024\/05\/IMG_2375-jpg.webp\",\"width\":1600,\"height\":1600,\"caption\":\"Schloss Lieser Kabinettst\u00fcck\"},{\"@type\":\"BreadcrumbList\",\"@id\":\"https:\/\/suwine.at\/en\/produkt\/schloss-lieser-thomas-haag-kabinettstueck-trocken-2019\/#breadcrumb\",\"itemListElement\":[{\"@type\":\"ListItem\",\"position\":1,\"name\":\"Startseite\",\"item\":\"https:\/\/suwine.at\/en\/suwine-suwi-zlatic\/\"},{\"@type\":\"ListItem\",\"position\":2,\"name\":\"Shop\",\"item\":\"https:\/\/suwine.at\/en\/shop-2\/\"},{\"@type\":\"ListItem\",\"position\":3,\"name\":\"Schloss Lieser Thomas Haag | Kabinettst\u00fcck trocken 2019\"}]},{\"@type\":\"WebSite\",\"@id\":\"https:\/\/suwine.at\/en\/#website\",\"url\":\"https:\/\/suwine.at\/en\/\",\"name\":\"Suwine - Suwi Zlatic\",\"description\":\"Sommelier | Gourmet Play Store | Consulting\",\"potentialAction\":[{\"@type\":\"SearchAction\",\"target\":{\"@type\":\"EntryPoint\",\"urlTemplate\":\"https:\/\/suwine.at\/en\/?s={search_term_string}\"},\"query-input\":{\"@type\":\"PropertyValueSpecification\",\"valueRequired\":true,\"valueName\":\"search_term_string\"}}],\"inLanguage\":\"en-US\"}]}<\/script>\n<!-- \/ Yoast SEO plugin. -->","yoast_head_json":{"title":"Schloss Lieser Thomas Haag | Kabinettst\u00fcck trocken 2019 - Suwine - Suwi Zlatic","description":"Schloss Lieser Thomas Haag | Kabinettst\u00fcck trocken 2019Kabinettst\u00fcck haben die Haags ihren neuen trockenen Riesling\u00a0mit Kabinettcharakter genannt. Sie umgehen so die strenge VDP Qualit\u00e4tspyramide, die keinen trockenen Kabinettwein mehr beinhaltet. Das Pr\u00e4dikat Kabinett will man dort den fruchtigen Rieslingen vorbehalten.","robots":{"index":"index","follow":"follow","max-snippet":"max-snippet:-1","max-image-preview":"max-image-preview:large","max-video-preview":"max-video-preview:-1"},"canonical":"https:\/\/suwine.at\/en\/produkt\/schloss-lieser-thomas-haag-kabinettstueck-trocken-2019\/","og_locale":"en_US","og_type":"article","og_title":"Schloss Lieser Thomas Haag | Kabinettst\u00fcck trocken 2019 - Suwine - Suwi Zlatic","og_description":"Schloss Lieser Thomas Haag | Kabinettst\u00fcck trocken 2019Kabinettst\u00fcck haben die Haags ihren neuen trockenen Riesling\u00a0mit Kabinettcharakter genannt. Sie umgehen so die strenge VDP Qualit\u00e4tspyramide, die keinen trockenen Kabinettwein mehr beinhaltet. Das Pr\u00e4dikat Kabinett will man dort den fruchtigen Rieslingen vorbehalten.","og_url":"https:\/\/suwine.at\/en\/produkt\/schloss-lieser-thomas-haag-kabinettstueck-trocken-2019\/","og_site_name":"Suwine - Suwi Zlatic","article_modified_time":"2025-04-22T13:38:20+00:00","og_image":[{"width":1600,"height":1600,"url":"https:\/\/suwine.at\/wp-content\/uploads\/2024\/05\/IMG_2375-jpg.webp","type":"image\/jpeg"}],"twitter_card":"summary_large_image","twitter_misc":{"Est. reading time":"2 minutes"},"schema":{"@context":"https:\/\/schema.org","@graph":[{"@type":"WebPage","@id":"https:\/\/suwine.at\/en\/produkt\/schloss-lieser-thomas-haag-kabinettstueck-trocken-2019\/","url":"https:\/\/suwine.at\/en\/produkt\/schloss-lieser-thomas-haag-kabinettstueck-trocken-2019\/","name":"Schloss Lieser Thomas Haag | Kabinettst\u00fcck trocken 2019 - Suwine - Suwi Zlatic","isPartOf":{"@id":"https:\/\/suwine.at\/en\/#website"},"primaryImageOfPage":{"@id":"https:\/\/suwine.at\/en\/produkt\/schloss-lieser-thomas-haag-kabinettstueck-trocken-2019\/#primaryimage"},"image":{"@id":"https:\/\/suwine.at\/en\/produkt\/schloss-lieser-thomas-haag-kabinettstueck-trocken-2019\/#primaryimage"},"thumbnailUrl":"https:\/\/suwine.at\/wp-content\/uploads\/2024\/05\/IMG_2375-jpg.webp","datePublished":"2024-05-02T16:54:18+00:00","dateModified":"2025-04-22T13:38:20+00:00","description":"Schloss Lieser Thomas Haag | Kabinettst\u00fcck trocken 2019Kabinettst\u00fcck haben die Haags ihren neuen trockenen Riesling\u00a0mit Kabinettcharakter genannt. Sie umgehen so die strenge VDP Qualit\u00e4tspyramide, die keinen trockenen Kabinettwein mehr beinhaltet. Das Pr\u00e4dikat Kabinett will man dort den fruchtigen Rieslingen vorbehalten.","breadcrumb":{"@id":"https:\/\/suwine.at\/en\/produkt\/schloss-lieser-thomas-haag-kabinettstueck-trocken-2019\/#breadcrumb"},"inLanguage":"en-US","potentialAction":[{"@type":"ReadAction","target":["https:\/\/suwine.at\/en\/produkt\/schloss-lieser-thomas-haag-kabinettstueck-trocken-2019\/"]}]},{"@type":"ImageObject","inLanguage":"en-US","@id":"https:\/\/suwine.at\/en\/produkt\/schloss-lieser-thomas-haag-kabinettstueck-trocken-2019\/#primaryimage","url":"https:\/\/suwine.at\/wp-content\/uploads\/2024\/05\/IMG_2375-jpg.webp","contentUrl":"https:\/\/suwine.at\/wp-content\/uploads\/2024\/05\/IMG_2375-jpg.webp","width":1600,"height":1600,"caption":"Schloss Lieser Kabinettst\u00fcck"},{"@type":"BreadcrumbList","@id":"https:\/\/suwine.at\/en\/produkt\/schloss-lieser-thomas-haag-kabinettstueck-trocken-2019\/#breadcrumb","itemListElement":[{"@type":"ListItem","position":1,"name":"Startseite","item":"https:\/\/suwine.at\/en\/suwine-suwi-zlatic\/"},{"@type":"ListItem","position":2,"name":"Shop","item":"https:\/\/suwine.at\/en\/shop-2\/"},{"@type":"ListItem","position":3,"name":"Schloss Lieser Thomas Haag | Kabinettst\u00fcck trocken 2019"}]},{"@type":"WebSite","@id":"https:\/\/suwine.at\/en\/#website","url":"https:\/\/suwine.at\/en\/","name":"Suwine - Suwi Zlatic","description":"Sommelier | Gourmet Play Store | Consulting","potentialAction":[{"@type":"SearchAction","target":{"@type":"EntryPoint","urlTemplate":"https:\/\/suwine.at\/en\/?s={search_term_string}"},"query-input":{"@type":"PropertyValueSpecification","valueRequired":true,"valueName":"search_term_string"}}],"inLanguage":"en-US"}]}},"_links":{"self":[{"href":"https:\/\/suwine.at\/en\/wp-json\/wp\/v2\/product\/233807","targetHints":{"allow":["GET"]}}],"collection":[{"href":"https:\/\/suwine.at\/en\/wp-json\/wp\/v2\/product"}],"about":[{"href":"https:\/\/suwine.at\/en\/wp-json\/wp\/v2\/types\/product"}],"wp:featuredmedia":[{"embeddable":true,"href":"https:\/\/suwine.at\/en\/wp-json\/wp\/v2\/media\/233751"}],"wp:attachment":[{"href":"https:\/\/suwine.at\/en\/wp-json\/wp\/v2\/media?parent=233807"}],"wp:term":[{"taxonomy":"product_brand","embeddable":true,"href":"https:\/\/suwine.at\/en\/wp-json\/wp\/v2\/product_brand?post=233807"},{"taxonomy":"product_cat","embeddable":true,"href":"https:\/\/suwine.at\/en\/wp-json\/wp\/v2\/product_cat?post=233807"},{"taxonomy":"product_tag","embeddable":true,"href":"https:\/\/suwine.at\/en\/wp-json\/wp\/v2\/product_tag?post=233807"}],"curies":[{"name":"wp","href":"https:\/\/api.w.org\/{rel}","templated":true}]}}