{"id":233812,"date":"2024-05-02T19:57:28","date_gmt":"2024-05-02T17:57:28","guid":{"rendered":"https:\/\/suwine.at\/?post_type=product&#038;p=233812"},"modified":"2024-12-18T20:03:37","modified_gmt":"2024-12-18T19:03:37","slug":"costa-toscana-rosso-igt-ampeleia-2014-ampeleia","status":"publish","type":"product","link":"https:\/\/suwine.at\/en\/produkt\/costa-toscana-rosso-igt-ampeleia-2014-ampeleia\/","title":{"rendered":"Costa Toscana Rosso IGT &#8220;Ampeleia&#8221; 2015 &#8211; Ampeleia"},"content":{"rendered":"<h2>Ampelia Toscana 2015<\/h2>\n<p>&#8220;Ampeleia&#8221; stammt aus verschiedenen Weinbergen, die sich auf drei Ebenen des Hofes befinden und nach \u00f6kologischen Kriterien bewirtschaftet werden. Die G\u00e4rung erfolgt mit einheimischen Hefen und der Wein reift 16 Monate in Zementtanks und Holzf\u00e4ssern und 12 Monate in der Flasche. Der Costa Toscana Rosso IGT &#8220;Ampeleia&#8221; ist ein einzigartiger Rotwein von gro\u00dfer Finesse.<\/p>\n<p>&nbsp;<\/p>\n<dl class=\"attributes-wrapper\">\n<dd title=\"Rebsorte\">&#8211; Cabernet Franc 60%, Sangiovese 25%, diverse autochthone Reben 15%<\/dd>\n<dd title=\"Rebsorte\">&#8211; rot, trocken13,5% Vol.Trinkreife: 2017\u20132028<\/dd>\n<dd title=\"Rebsorte\">&#8211; Italien, Toscana, Maremma<\/dd>\n<dd title=\"Rebsorte\">&#8211;\u00a0Alkoholgehalt: 13%<\/dd>\n<dd title=\"Rebsorte\">&#8211; F\u00fcllmenge: 0.75l<\/dd>\n<\/dl>\n<div class=\"lap-and-up__6\">\n<div class=\"toggle-block\">\n<p class=\"toggle-content\" data-toggle-content=\"product-details_abbinamenti\">Er passt hervorragend zu roten Fleischgerichten, gegrillt oder gebraten. Hervorragend auch zu mittelreifen K\u00e4sesorten.<\/p>\n<\/div>\n<\/div>\n<div class=\"lap-and-up__6\">\n<div class=\"toggle-block\"><\/div>\n<\/div>\n<span class=\"et_bloom_bottom_trigger\"><\/span>","protected":false},"excerpt":{"rendered":"<p>&#8220;Ampeleia&#8221; stammt aus verschiedenen Weinbergen, die sich auf drei Ebenen des Hofes befinden und nach \u00f6kologischen Kriterien bewirtschaftet werden. Die G\u00e4rung erfolgt mit einheimischen Hefen und der Wein reift 16 Monate in Zementtanks und Holzf\u00e4ssern und 12 Monate in der Flasche. Der Costa Toscana Rosso IGT &#8220;Ampeleia&#8221; ist ein einzigartiger Rotwein von gro\u00dfer Finesse.<\/p>\n","protected":false},"featured_media":233757,"template":"","meta":{"_et_pb_use_builder":"","_et_pb_old_content":"","_et_gb_content_width":""},"product_brand":[],"product_cat":[115,210,85],"product_tag":[364,80],"class_list":{"0":"post-233812","1":"product","2":"type-product","3":"status-publish","4":"has-post-thumbnail","6":"product_cat-wein","7":"product_cat-rotwein-international","8":"product_cat-rotwein","9":"product_tag-toscana","10":"product_tag-italien","12":"first","13":"outofstock","14":"taxable","15":"shipping-taxable","16":"purchasable","17":"product-type-simple"},"yoast_head":"<!-- This site is optimized with the Yoast SEO plugin v27.2 - https:\/\/yoast.com\/product\/yoast-seo-wordpress\/ -->\n<title>Costa Toscana Rosso IGT &quot;Ampeleia&quot; 2015 - Ampeleia - Suwine - Suwi Zlatic<\/title>\n<meta name=\"description\" content=\"&quot;Ampeleia&quot; stammt aus verschiedenen Weinbergen, die sich auf drei Ebenen des Hofes befinden und nach \u00f6kologischen Kriterien bewirtschaftet werden. Die G\u00e4rung erfolgt mit einheimischen Hefen und der Wein reift 16 Monate in Zementtanks und Holzf\u00e4ssern und 12 Monate in der Flasche. Der Costa Toscana Rosso IGT &quot;Ampeleia&quot; ist ein einzigartiger Rotwein von gro\u00dfer Finesse.\" \/>\n<meta name=\"robots\" content=\"index, follow, max-snippet:-1, max-image-preview:large, max-video-preview:-1\" \/>\n<link rel=\"canonical\" href=\"https:\/\/suwine.at\/en\/produkt\/costa-toscana-rosso-igt-ampeleia-2014-ampeleia\/\" \/>\n<meta property=\"og:locale\" content=\"en_US\" \/>\n<meta property=\"og:type\" content=\"article\" \/>\n<meta property=\"og:title\" content=\"Costa Toscana Rosso IGT &quot;Ampeleia&quot; 2015 - Ampeleia - Suwine - Suwi Zlatic\" \/>\n<meta property=\"og:description\" content=\"&quot;Ampeleia&quot; stammt aus verschiedenen Weinbergen, die sich auf drei Ebenen des Hofes befinden und nach \u00f6kologischen Kriterien bewirtschaftet werden. Die G\u00e4rung erfolgt mit einheimischen Hefen und der Wein reift 16 Monate in Zementtanks und Holzf\u00e4ssern und 12 Monate in der Flasche. Der Costa Toscana Rosso IGT &quot;Ampeleia&quot; ist ein einzigartiger Rotwein von gro\u00dfer Finesse.\" \/>\n<meta property=\"og:url\" content=\"https:\/\/suwine.at\/en\/produkt\/costa-toscana-rosso-igt-ampeleia-2014-ampeleia\/\" \/>\n<meta property=\"og:site_name\" content=\"Suwine - Suwi Zlatic\" \/>\n<meta property=\"article:modified_time\" content=\"2024-12-18T19:03:37+00:00\" \/>\n<meta property=\"og:image\" content=\"https:\/\/suwine.at\/wp-content\/uploads\/2024\/05\/IMG_2379-jpg.webp\" \/>\n\t<meta property=\"og:image:width\" content=\"1600\" \/>\n\t<meta property=\"og:image:height\" content=\"1600\" \/>\n\t<meta property=\"og:image:type\" content=\"image\/jpeg\" \/>\n<meta name=\"twitter:card\" content=\"summary_large_image\" \/>\n<meta name=\"twitter:label1\" content=\"Est. reading time\" \/>\n\t<meta name=\"twitter:data1\" content=\"1 minute\" \/>\n<script type=\"application\/ld+json\" class=\"yoast-schema-graph\">{\"@context\":\"https:\/\/schema.org\",\"@graph\":[{\"@type\":\"WebPage\",\"@id\":\"https:\/\/suwine.at\/en\/produkt\/costa-toscana-rosso-igt-ampeleia-2014-ampeleia\/\",\"url\":\"https:\/\/suwine.at\/en\/produkt\/costa-toscana-rosso-igt-ampeleia-2014-ampeleia\/\",\"name\":\"Costa Toscana Rosso IGT \\\"Ampeleia\\\" 2015 - Ampeleia - Suwine - Suwi Zlatic\",\"isPartOf\":{\"@id\":\"https:\/\/suwine.at\/en\/#website\"},\"primaryImageOfPage\":{\"@id\":\"https:\/\/suwine.at\/en\/produkt\/costa-toscana-rosso-igt-ampeleia-2014-ampeleia\/#primaryimage\"},\"image\":{\"@id\":\"https:\/\/suwine.at\/en\/produkt\/costa-toscana-rosso-igt-ampeleia-2014-ampeleia\/#primaryimage\"},\"thumbnailUrl\":\"https:\/\/suwine.at\/wp-content\/uploads\/2024\/05\/IMG_2379-jpg.webp\",\"datePublished\":\"2024-05-02T17:57:28+00:00\",\"dateModified\":\"2024-12-18T19:03:37+00:00\",\"description\":\"\\\"Ampeleia\\\" stammt aus verschiedenen Weinbergen, die sich auf drei Ebenen des Hofes befinden und nach \u00f6kologischen Kriterien bewirtschaftet werden. Die G\u00e4rung erfolgt mit einheimischen Hefen und der Wein reift 16 Monate in Zementtanks und Holzf\u00e4ssern und 12 Monate in der Flasche. Der Costa Toscana Rosso IGT \\\"Ampeleia\\\" ist ein einzigartiger Rotwein von gro\u00dfer Finesse.\",\"breadcrumb\":{\"@id\":\"https:\/\/suwine.at\/en\/produkt\/costa-toscana-rosso-igt-ampeleia-2014-ampeleia\/#breadcrumb\"},\"inLanguage\":\"en-US\",\"potentialAction\":[{\"@type\":\"ReadAction\",\"target\":[\"https:\/\/suwine.at\/en\/produkt\/costa-toscana-rosso-igt-ampeleia-2014-ampeleia\/\"]}]},{\"@type\":\"ImageObject\",\"inLanguage\":\"en-US\",\"@id\":\"https:\/\/suwine.at\/en\/produkt\/costa-toscana-rosso-igt-ampeleia-2014-ampeleia\/#primaryimage\",\"url\":\"https:\/\/suwine.at\/wp-content\/uploads\/2024\/05\/IMG_2379-jpg.webp\",\"contentUrl\":\"https:\/\/suwine.at\/wp-content\/uploads\/2024\/05\/IMG_2379-jpg.webp\",\"width\":1600,\"height\":1600,\"caption\":\"Ampelia\"},{\"@type\":\"BreadcrumbList\",\"@id\":\"https:\/\/suwine.at\/en\/produkt\/costa-toscana-rosso-igt-ampeleia-2014-ampeleia\/#breadcrumb\",\"itemListElement\":[{\"@type\":\"ListItem\",\"position\":1,\"name\":\"Startseite\",\"item\":\"https:\/\/suwine.at\/en\/suwine-suwi-zlatic\/\"},{\"@type\":\"ListItem\",\"position\":2,\"name\":\"Shop\",\"item\":\"https:\/\/suwine.at\/en\/shop-2\/\"},{\"@type\":\"ListItem\",\"position\":3,\"name\":\"Costa Toscana Rosso IGT &#8220;Ampeleia&#8221; 2015 &#8211; Ampeleia\"}]},{\"@type\":\"WebSite\",\"@id\":\"https:\/\/suwine.at\/en\/#website\",\"url\":\"https:\/\/suwine.at\/en\/\",\"name\":\"Suwine - Suwi Zlatic\",\"description\":\"Sommelier | Gourmet Play Store | Consulting\",\"potentialAction\":[{\"@type\":\"SearchAction\",\"target\":{\"@type\":\"EntryPoint\",\"urlTemplate\":\"https:\/\/suwine.at\/en\/?s={search_term_string}\"},\"query-input\":{\"@type\":\"PropertyValueSpecification\",\"valueRequired\":true,\"valueName\":\"search_term_string\"}}],\"inLanguage\":\"en-US\"}]}<\/script>\n<!-- \/ Yoast SEO plugin. -->","yoast_head_json":{"title":"Costa Toscana Rosso IGT \"Ampeleia\" 2015 - Ampeleia - Suwine - Suwi Zlatic","description":"\"Ampeleia\" stammt aus verschiedenen Weinbergen, die sich auf drei Ebenen des Hofes befinden und nach \u00f6kologischen Kriterien bewirtschaftet werden. Die G\u00e4rung erfolgt mit einheimischen Hefen und der Wein reift 16 Monate in Zementtanks und Holzf\u00e4ssern und 12 Monate in der Flasche. Der Costa Toscana Rosso IGT \"Ampeleia\" ist ein einzigartiger Rotwein von gro\u00dfer Finesse.","robots":{"index":"index","follow":"follow","max-snippet":"max-snippet:-1","max-image-preview":"max-image-preview:large","max-video-preview":"max-video-preview:-1"},"canonical":"https:\/\/suwine.at\/en\/produkt\/costa-toscana-rosso-igt-ampeleia-2014-ampeleia\/","og_locale":"en_US","og_type":"article","og_title":"Costa Toscana Rosso IGT \"Ampeleia\" 2015 - Ampeleia - Suwine - Suwi Zlatic","og_description":"\"Ampeleia\" stammt aus verschiedenen Weinbergen, die sich auf drei Ebenen des Hofes befinden und nach \u00f6kologischen Kriterien bewirtschaftet werden. Die G\u00e4rung erfolgt mit einheimischen Hefen und der Wein reift 16 Monate in Zementtanks und Holzf\u00e4ssern und 12 Monate in der Flasche. Der Costa Toscana Rosso IGT \"Ampeleia\" ist ein einzigartiger Rotwein von gro\u00dfer Finesse.","og_url":"https:\/\/suwine.at\/en\/produkt\/costa-toscana-rosso-igt-ampeleia-2014-ampeleia\/","og_site_name":"Suwine - Suwi Zlatic","article_modified_time":"2024-12-18T19:03:37+00:00","og_image":[{"width":1600,"height":1600,"url":"https:\/\/suwine.at\/wp-content\/uploads\/2024\/05\/IMG_2379-jpg.webp","type":"image\/jpeg"}],"twitter_card":"summary_large_image","twitter_misc":{"Est. reading time":"1 minute"},"schema":{"@context":"https:\/\/schema.org","@graph":[{"@type":"WebPage","@id":"https:\/\/suwine.at\/en\/produkt\/costa-toscana-rosso-igt-ampeleia-2014-ampeleia\/","url":"https:\/\/suwine.at\/en\/produkt\/costa-toscana-rosso-igt-ampeleia-2014-ampeleia\/","name":"Costa Toscana Rosso IGT \"Ampeleia\" 2015 - Ampeleia - Suwine - Suwi Zlatic","isPartOf":{"@id":"https:\/\/suwine.at\/en\/#website"},"primaryImageOfPage":{"@id":"https:\/\/suwine.at\/en\/produkt\/costa-toscana-rosso-igt-ampeleia-2014-ampeleia\/#primaryimage"},"image":{"@id":"https:\/\/suwine.at\/en\/produkt\/costa-toscana-rosso-igt-ampeleia-2014-ampeleia\/#primaryimage"},"thumbnailUrl":"https:\/\/suwine.at\/wp-content\/uploads\/2024\/05\/IMG_2379-jpg.webp","datePublished":"2024-05-02T17:57:28+00:00","dateModified":"2024-12-18T19:03:37+00:00","description":"\"Ampeleia\" stammt aus verschiedenen Weinbergen, die sich auf drei Ebenen des Hofes befinden und nach \u00f6kologischen Kriterien bewirtschaftet werden. Die G\u00e4rung erfolgt mit einheimischen Hefen und der Wein reift 16 Monate in Zementtanks und Holzf\u00e4ssern und 12 Monate in der Flasche. Der Costa Toscana Rosso IGT \"Ampeleia\" ist ein einzigartiger Rotwein von gro\u00dfer Finesse.","breadcrumb":{"@id":"https:\/\/suwine.at\/en\/produkt\/costa-toscana-rosso-igt-ampeleia-2014-ampeleia\/#breadcrumb"},"inLanguage":"en-US","potentialAction":[{"@type":"ReadAction","target":["https:\/\/suwine.at\/en\/produkt\/costa-toscana-rosso-igt-ampeleia-2014-ampeleia\/"]}]},{"@type":"ImageObject","inLanguage":"en-US","@id":"https:\/\/suwine.at\/en\/produkt\/costa-toscana-rosso-igt-ampeleia-2014-ampeleia\/#primaryimage","url":"https:\/\/suwine.at\/wp-content\/uploads\/2024\/05\/IMG_2379-jpg.webp","contentUrl":"https:\/\/suwine.at\/wp-content\/uploads\/2024\/05\/IMG_2379-jpg.webp","width":1600,"height":1600,"caption":"Ampelia"},{"@type":"BreadcrumbList","@id":"https:\/\/suwine.at\/en\/produkt\/costa-toscana-rosso-igt-ampeleia-2014-ampeleia\/#breadcrumb","itemListElement":[{"@type":"ListItem","position":1,"name":"Startseite","item":"https:\/\/suwine.at\/en\/suwine-suwi-zlatic\/"},{"@type":"ListItem","position":2,"name":"Shop","item":"https:\/\/suwine.at\/en\/shop-2\/"},{"@type":"ListItem","position":3,"name":"Costa Toscana Rosso IGT &#8220;Ampeleia&#8221; 2015 &#8211; Ampeleia"}]},{"@type":"WebSite","@id":"https:\/\/suwine.at\/en\/#website","url":"https:\/\/suwine.at\/en\/","name":"Suwine - Suwi Zlatic","description":"Sommelier | Gourmet Play Store | Consulting","potentialAction":[{"@type":"SearchAction","target":{"@type":"EntryPoint","urlTemplate":"https:\/\/suwine.at\/en\/?s={search_term_string}"},"query-input":{"@type":"PropertyValueSpecification","valueRequired":true,"valueName":"search_term_string"}}],"inLanguage":"en-US"}]}},"_links":{"self":[{"href":"https:\/\/suwine.at\/en\/wp-json\/wp\/v2\/product\/233812","targetHints":{"allow":["GET"]}}],"collection":[{"href":"https:\/\/suwine.at\/en\/wp-json\/wp\/v2\/product"}],"about":[{"href":"https:\/\/suwine.at\/en\/wp-json\/wp\/v2\/types\/product"}],"wp:featuredmedia":[{"embeddable":true,"href":"https:\/\/suwine.at\/en\/wp-json\/wp\/v2\/media\/233757"}],"wp:attachment":[{"href":"https:\/\/suwine.at\/en\/wp-json\/wp\/v2\/media?parent=233812"}],"wp:term":[{"taxonomy":"product_brand","embeddable":true,"href":"https:\/\/suwine.at\/en\/wp-json\/wp\/v2\/product_brand?post=233812"},{"taxonomy":"product_cat","embeddable":true,"href":"https:\/\/suwine.at\/en\/wp-json\/wp\/v2\/product_cat?post=233812"},{"taxonomy":"product_tag","embeddable":true,"href":"https:\/\/suwine.at\/en\/wp-json\/wp\/v2\/product_tag?post=233812"}],"curies":[{"name":"wp","href":"https:\/\/api.w.org\/{rel}","templated":true}]}}