{"id":234324,"date":"2024-08-05T13:05:34","date_gmt":"2024-08-05T11:05:34","guid":{"rendered":"https:\/\/suwine.at\/?post_type=product&#038;p=234324"},"modified":"2026-03-30T21:52:16","modified_gmt":"2026-03-30T19:52:16","slug":"chateau-ste-michelle-eroica-riesling-2022","status":"publish","type":"product","link":"https:\/\/suwine.at\/en\/produkt\/chateau-ste-michelle-eroica-riesling-2022\/","title":{"rendered":"Chateau Ste. Michelle Eroica Riesling 2022"},"content":{"rendered":"<h2>Chateau Ste. Michelle Eroica Riesling 2022<\/h2>\n<p>Hell gl\u00e4nzende goldgelbe Farbe mit gr\u00fcnlichen Glanzlichtern. Duftiges Bouquet von frischen Mandarinen, Orangen und saftig frischen Limonen, fein unterlegt mit zarten mineralischen Noten.<\/p>\n<p>Die lebhafte Frische und wundersch\u00f6n ausgewogene, rassige S\u00e4ure machen diesen Eroica noch verf\u00fchrerischer. Aromatisch kraftvoll mit der charakteristischen Frucht von wei\u00dfem Steinobst und reifen Zitrusfr\u00fcchten und zarter Mineralit\u00e4t eines Washington-State-Rieslings, unverkennbar Eroica at it\u2019s best!<\/p>\n<p>Eroica ist das Produkt zweier weltber\u00fchmter Riesling-Spezialisten und -Liebhaber: Dr. Loosen von der Mosel und Chateau Ste. Michelle in Washington State. Gleich mit dem ersten Jahrgang 1999 war klar: Eroica ist mehr als das Joint Venture zweier Weing\u00fcter. In Eroica verschmelzen Alte und Neue Welt, Philosophie, Tradition, Innovation, Klima und Weinbaumethoden zu einem perfekten Ganzen. Benannt nach Beethovens 3., Heroischer Sinfonie wird der kraftvoll elegante, ausdrucksstarke Eroica zum Botschafter einer Rebsorte, einer Herkunft, eines \u00fcberkontinentalen Weinbauerbes und damit selbst zu einem symphonischen Konzert von Einfl\u00fcssen, Aromen und Stilen aus Alter und Neuer Welt.<\/p>\n<p>Mit seiner feinen S\u00fc\u00dfe passt der halbtrockene Wei\u00dfwein aus den USA hervorragend zu den leicht versch\u00e4rften Currys und Fischgerichten der asiatischen K\u00fcche, zu Krebsen im Zitronengrassud, Hummer und gegrilltem Fisch, Er sollte ca. 1 Stunde vor dem Genuss ge\u00f6ffnet werden.<\/p>\n<p>Inhalt: 750 ml<\/p>\n<span class=\"et_bloom_bottom_trigger\"><\/span>","protected":false},"excerpt":{"rendered":"<p>Chateau Ste. Michelle Eroica Riesling 2022 Hell gl\u00e4nzende goldgelbe Farbe mit gr\u00fcnlichen Glanzlichtern. Duftiges Bouquet von frischen Mandarinen, Orangen und saftig frischen Limonen, fein unterlegt mit zarten mineralischen Noten. Die lebhafte Frische und wundersch\u00f6n ausgewogene, rassige S\u00e4ure machen diesen Eroica noch verf\u00fchrerischer. Aromatisch kraftvoll mit der charakteristischen Frucht von wei\u00dfem Steinobst und reifen Zitrusfr\u00fcchten und [&hellip;]<\/p>\n","protected":false},"featured_media":231008,"template":"","meta":{"_et_pb_use_builder":"","_et_pb_old_content":"","_et_gb_content_width":""},"product_brand":[],"product_cat":[212,84,112],"product_tag":[141,171],"class_list":{"0":"post-234324","1":"product","2":"type-product","3":"status-publish","4":"has-post-thumbnail","6":"product_cat-weisswein-international","7":"product_cat-weisswein","8":"product_cat-riesling","9":"product_tag-usa","10":"product_tag-riesling","12":"first","13":"instock","14":"taxable","15":"shipping-taxable","16":"purchasable","17":"product-type-simple"},"yoast_head":"<!-- This site is optimized with the Yoast SEO plugin v27.2 - https:\/\/yoast.com\/product\/yoast-seo-wordpress\/ -->\n<title>Chateau Ste. Michelle Eroica Riesling 2022 - Suwine - Suwi Zlatic<\/title>\n<meta name=\"description\" content=\"Chateau Ste. Michelle Eroica RieslingHell gl\u00e4nzende goldgelbe Farbe mit gr\u00fcnlichen Glanzlichtern. Duftiges Bouquet von frischen Mandarinen, Orangen und saftig frischen Limonen, fein unterlegt mit zarten mineralischen Noten.\" \/>\n<meta name=\"robots\" content=\"index, follow, max-snippet:-1, max-image-preview:large, max-video-preview:-1\" \/>\n<link rel=\"canonical\" href=\"https:\/\/suwine.at\/en\/produkt\/chateau-ste-michelle-eroica-riesling-2022\/\" \/>\n<meta property=\"og:locale\" content=\"en_US\" \/>\n<meta property=\"og:type\" content=\"article\" \/>\n<meta property=\"og:title\" content=\"Chateau Ste. Michelle Eroica Riesling 2022 - Suwine - Suwi Zlatic\" \/>\n<meta property=\"og:description\" content=\"Chateau Ste. Michelle Eroica RieslingHell gl\u00e4nzende goldgelbe Farbe mit gr\u00fcnlichen Glanzlichtern. Duftiges Bouquet von frischen Mandarinen, Orangen und saftig frischen Limonen, fein unterlegt mit zarten mineralischen Noten.\" \/>\n<meta property=\"og:url\" content=\"https:\/\/suwine.at\/en\/produkt\/chateau-ste-michelle-eroica-riesling-2022\/\" \/>\n<meta property=\"og:site_name\" content=\"Suwine - Suwi Zlatic\" \/>\n<meta property=\"article:modified_time\" content=\"2026-03-30T19:52:16+00:00\" \/>\n<meta property=\"og:image\" content=\"https:\/\/suwine.at\/wp-content\/uploads\/2022\/11\/JPEG-image-C3728F576A0C-1.jpeg\" \/>\n\t<meta property=\"og:image:width\" content=\"2160\" \/>\n\t<meta property=\"og:image:height\" content=\"2160\" \/>\n\t<meta property=\"og:image:type\" content=\"image\/jpeg\" \/>\n<meta name=\"twitter:card\" content=\"summary_large_image\" \/>\n<meta name=\"twitter:label1\" content=\"Est. reading time\" \/>\n\t<meta name=\"twitter:data1\" content=\"2 minutes\" \/>\n<script type=\"application\/ld+json\" class=\"yoast-schema-graph\">{\"@context\":\"https:\/\/schema.org\",\"@graph\":[{\"@type\":\"WebPage\",\"@id\":\"https:\/\/suwine.at\/en\/produkt\/chateau-ste-michelle-eroica-riesling-2022\/\",\"url\":\"https:\/\/suwine.at\/en\/produkt\/chateau-ste-michelle-eroica-riesling-2022\/\",\"name\":\"Chateau Ste. Michelle Eroica Riesling 2022 - Suwine - Suwi Zlatic\",\"isPartOf\":{\"@id\":\"https:\/\/suwine.at\/en\/#website\"},\"primaryImageOfPage\":{\"@id\":\"https:\/\/suwine.at\/en\/produkt\/chateau-ste-michelle-eroica-riesling-2022\/#primaryimage\"},\"image\":{\"@id\":\"https:\/\/suwine.at\/en\/produkt\/chateau-ste-michelle-eroica-riesling-2022\/#primaryimage\"},\"thumbnailUrl\":\"https:\/\/suwine.at\/wp-content\/uploads\/2022\/11\/JPEG-image-C3728F576A0C-1.jpeg\",\"datePublished\":\"2024-08-05T11:05:34+00:00\",\"dateModified\":\"2026-03-30T19:52:16+00:00\",\"description\":\"Chateau Ste. Michelle Eroica RieslingHell gl\u00e4nzende goldgelbe Farbe mit gr\u00fcnlichen Glanzlichtern. Duftiges Bouquet von frischen Mandarinen, Orangen und saftig frischen Limonen, fein unterlegt mit zarten mineralischen Noten.\",\"breadcrumb\":{\"@id\":\"https:\/\/suwine.at\/en\/produkt\/chateau-ste-michelle-eroica-riesling-2022\/#breadcrumb\"},\"inLanguage\":\"en-US\",\"potentialAction\":[{\"@type\":\"ReadAction\",\"target\":[\"https:\/\/suwine.at\/en\/produkt\/chateau-ste-michelle-eroica-riesling-2022\/\"]}]},{\"@type\":\"ImageObject\",\"inLanguage\":\"en-US\",\"@id\":\"https:\/\/suwine.at\/en\/produkt\/chateau-ste-michelle-eroica-riesling-2022\/#primaryimage\",\"url\":\"https:\/\/suwine.at\/wp-content\/uploads\/2022\/11\/JPEG-image-C3728F576A0C-1.jpeg\",\"contentUrl\":\"https:\/\/suwine.at\/wp-content\/uploads\/2022\/11\/JPEG-image-C3728F576A0C-1.jpeg\",\"width\":2160,\"height\":2160},{\"@type\":\"BreadcrumbList\",\"@id\":\"https:\/\/suwine.at\/en\/produkt\/chateau-ste-michelle-eroica-riesling-2022\/#breadcrumb\",\"itemListElement\":[{\"@type\":\"ListItem\",\"position\":1,\"name\":\"Startseite\",\"item\":\"https:\/\/suwine.at\/en\/suwine-suwi-zlatic\/\"},{\"@type\":\"ListItem\",\"position\":2,\"name\":\"Shop\",\"item\":\"https:\/\/suwine.at\/en\/shop-2\/\"},{\"@type\":\"ListItem\",\"position\":3,\"name\":\"Chateau Ste. Michelle Eroica Riesling 2022\"}]},{\"@type\":\"WebSite\",\"@id\":\"https:\/\/suwine.at\/en\/#website\",\"url\":\"https:\/\/suwine.at\/en\/\",\"name\":\"Suwine - Suwi Zlatic\",\"description\":\"Sommelier | Gourmet Play Store | Consulting\",\"potentialAction\":[{\"@type\":\"SearchAction\",\"target\":{\"@type\":\"EntryPoint\",\"urlTemplate\":\"https:\/\/suwine.at\/en\/?s={search_term_string}\"},\"query-input\":{\"@type\":\"PropertyValueSpecification\",\"valueRequired\":true,\"valueName\":\"search_term_string\"}}],\"inLanguage\":\"en-US\"}]}<\/script>\n<!-- \/ Yoast SEO plugin. -->","yoast_head_json":{"title":"Chateau Ste. Michelle Eroica Riesling 2022 - Suwine - Suwi Zlatic","description":"Chateau Ste. Michelle Eroica RieslingHell gl\u00e4nzende goldgelbe Farbe mit gr\u00fcnlichen Glanzlichtern. Duftiges Bouquet von frischen Mandarinen, Orangen und saftig frischen Limonen, fein unterlegt mit zarten mineralischen Noten.","robots":{"index":"index","follow":"follow","max-snippet":"max-snippet:-1","max-image-preview":"max-image-preview:large","max-video-preview":"max-video-preview:-1"},"canonical":"https:\/\/suwine.at\/en\/produkt\/chateau-ste-michelle-eroica-riesling-2022\/","og_locale":"en_US","og_type":"article","og_title":"Chateau Ste. Michelle Eroica Riesling 2022 - Suwine - Suwi Zlatic","og_description":"Chateau Ste. Michelle Eroica RieslingHell gl\u00e4nzende goldgelbe Farbe mit gr\u00fcnlichen Glanzlichtern. Duftiges Bouquet von frischen Mandarinen, Orangen und saftig frischen Limonen, fein unterlegt mit zarten mineralischen Noten.","og_url":"https:\/\/suwine.at\/en\/produkt\/chateau-ste-michelle-eroica-riesling-2022\/","og_site_name":"Suwine - Suwi Zlatic","article_modified_time":"2026-03-30T19:52:16+00:00","og_image":[{"width":2160,"height":2160,"url":"https:\/\/suwine.at\/wp-content\/uploads\/2022\/11\/JPEG-image-C3728F576A0C-1.jpeg","type":"image\/jpeg"}],"twitter_card":"summary_large_image","twitter_misc":{"Est. reading time":"2 minutes"},"schema":{"@context":"https:\/\/schema.org","@graph":[{"@type":"WebPage","@id":"https:\/\/suwine.at\/en\/produkt\/chateau-ste-michelle-eroica-riesling-2022\/","url":"https:\/\/suwine.at\/en\/produkt\/chateau-ste-michelle-eroica-riesling-2022\/","name":"Chateau Ste. Michelle Eroica Riesling 2022 - Suwine - Suwi Zlatic","isPartOf":{"@id":"https:\/\/suwine.at\/en\/#website"},"primaryImageOfPage":{"@id":"https:\/\/suwine.at\/en\/produkt\/chateau-ste-michelle-eroica-riesling-2022\/#primaryimage"},"image":{"@id":"https:\/\/suwine.at\/en\/produkt\/chateau-ste-michelle-eroica-riesling-2022\/#primaryimage"},"thumbnailUrl":"https:\/\/suwine.at\/wp-content\/uploads\/2022\/11\/JPEG-image-C3728F576A0C-1.jpeg","datePublished":"2024-08-05T11:05:34+00:00","dateModified":"2026-03-30T19:52:16+00:00","description":"Chateau Ste. Michelle Eroica RieslingHell gl\u00e4nzende goldgelbe Farbe mit gr\u00fcnlichen Glanzlichtern. Duftiges Bouquet von frischen Mandarinen, Orangen und saftig frischen Limonen, fein unterlegt mit zarten mineralischen Noten.","breadcrumb":{"@id":"https:\/\/suwine.at\/en\/produkt\/chateau-ste-michelle-eroica-riesling-2022\/#breadcrumb"},"inLanguage":"en-US","potentialAction":[{"@type":"ReadAction","target":["https:\/\/suwine.at\/en\/produkt\/chateau-ste-michelle-eroica-riesling-2022\/"]}]},{"@type":"ImageObject","inLanguage":"en-US","@id":"https:\/\/suwine.at\/en\/produkt\/chateau-ste-michelle-eroica-riesling-2022\/#primaryimage","url":"https:\/\/suwine.at\/wp-content\/uploads\/2022\/11\/JPEG-image-C3728F576A0C-1.jpeg","contentUrl":"https:\/\/suwine.at\/wp-content\/uploads\/2022\/11\/JPEG-image-C3728F576A0C-1.jpeg","width":2160,"height":2160},{"@type":"BreadcrumbList","@id":"https:\/\/suwine.at\/en\/produkt\/chateau-ste-michelle-eroica-riesling-2022\/#breadcrumb","itemListElement":[{"@type":"ListItem","position":1,"name":"Startseite","item":"https:\/\/suwine.at\/en\/suwine-suwi-zlatic\/"},{"@type":"ListItem","position":2,"name":"Shop","item":"https:\/\/suwine.at\/en\/shop-2\/"},{"@type":"ListItem","position":3,"name":"Chateau Ste. Michelle Eroica Riesling 2022"}]},{"@type":"WebSite","@id":"https:\/\/suwine.at\/en\/#website","url":"https:\/\/suwine.at\/en\/","name":"Suwine - Suwi Zlatic","description":"Sommelier | Gourmet Play Store | Consulting","potentialAction":[{"@type":"SearchAction","target":{"@type":"EntryPoint","urlTemplate":"https:\/\/suwine.at\/en\/?s={search_term_string}"},"query-input":{"@type":"PropertyValueSpecification","valueRequired":true,"valueName":"search_term_string"}}],"inLanguage":"en-US"}]}},"_links":{"self":[{"href":"https:\/\/suwine.at\/en\/wp-json\/wp\/v2\/product\/234324","targetHints":{"allow":["GET"]}}],"collection":[{"href":"https:\/\/suwine.at\/en\/wp-json\/wp\/v2\/product"}],"about":[{"href":"https:\/\/suwine.at\/en\/wp-json\/wp\/v2\/types\/product"}],"wp:featuredmedia":[{"embeddable":true,"href":"https:\/\/suwine.at\/en\/wp-json\/wp\/v2\/media\/231008"}],"wp:attachment":[{"href":"https:\/\/suwine.at\/en\/wp-json\/wp\/v2\/media?parent=234324"}],"wp:term":[{"taxonomy":"product_brand","embeddable":true,"href":"https:\/\/suwine.at\/en\/wp-json\/wp\/v2\/product_brand?post=234324"},{"taxonomy":"product_cat","embeddable":true,"href":"https:\/\/suwine.at\/en\/wp-json\/wp\/v2\/product_cat?post=234324"},{"taxonomy":"product_tag","embeddable":true,"href":"https:\/\/suwine.at\/en\/wp-json\/wp\/v2\/product_tag?post=234324"}],"curies":[{"name":"wp","href":"https:\/\/api.w.org\/{rel}","templated":true}]}}