{"id":234350,"date":"2024-08-06T11:53:46","date_gmt":"2024-08-06T09:53:46","guid":{"rendered":"https:\/\/suwine.at\/?post_type=product&#038;p=234350"},"modified":"2025-12-27T20:41:16","modified_gmt":"2025-12-27T19:41:16","slug":"marc-hebrart-champagne-rose-brut-1er-cru-nv","status":"publish","type":"product","link":"https:\/\/suwine.at\/en\/produkt\/marc-hebrart-champagne-rose-brut-1er-cru-nv\/","title":{"rendered":"Marc Hebrart Champagne Rose Brut 1er Cru NV"},"content":{"rendered":"<h2 class=\"product-title h2\">Marc Hebrart Champagne Rose Brut 1er Cru NV<\/h2>\n<h3>Feiner Ros\u00e9 von bester Qualit\u00e4t<\/h3>\n<div>\n<div class=\"webtext\">Das im schon 18. Jahrhundert gegr\u00fcndete Champagnerhaus geh\u00f6rt zu den kleineren, jedoch sehr auf Qualit\u00e4t bedachten H\u00e4usern. Bereits seit 1964 wird eigener Champagner abgef\u00fcllt und seit 1997 wird das Haus in zweiter Generation von Jean-Paul H\u00e9brart geleitet. Es befindet sich im Grand Cru \u00d6rtchen Mareuil-sur-A\u00ff, wo man auch beachtliche 7,5 Hektar in besten Lagen besitzt. Der Rest \u2013 1er Cru und weitere Grand Cru Lagen sind im Marnetal sowie in den Grand Cru Hanglagen in A\u00ff und in der C\u00f4te des Blancs zu finden. Der gr\u00f6sste Teil ist bei Jean-Paul mit Pinot Noir bestockt. Heute nennt er 15 Hektar sein Eigen, die sich insgesamt auf ca. 70 Parzellen in 10 Orten verteilen. Jede der Parzellen wird einzeln vinifiziert.<\/div>\n<\/div>\n<div><\/div>\n<div>\n<table id=\"product-attribute-specs-table\" class=\"data table additional-attributes\">\n<tbody>\n<tr>\n<th class=\"col label\" scope=\"row\">Alkoholgehalt<\/th>\n<td id=\"mpw_alcohol_percent\" class=\"col data\" data-th=\"Alkoholgehalt\">12.5% vol.<\/td>\n<\/tr>\n<tr>\n<th class=\"col label\" scope=\"row\">Ausbau<\/th>\n<td id=\"mpw_production\" class=\"col data\" data-th=\"Ausbau\">30 Monate im Stahltank<\/td>\n<\/tr>\n<tr>\n<th class=\"col label\" scope=\"row\">Passt zu<\/th>\n<td id=\"mpw_serving_suggestion\" class=\"col data\" data-th=\"Passt zu\">Aperitif, H\u00e4ppchen, raffinierten Vorspeisen, Fisch- und hellen Fleischgerichten, aber auch Frischk\u00e4se, reifem Brie, Bl\u00e4tterteig- und Mandelgeb\u00e4ck.<\/td>\n<\/tr>\n<tr>\n<th class=\"col label\" scope=\"row\">Servier-Empfehlung<\/th>\n<td id=\"mpw_serving_temperature\" class=\"col data\" data-th=\"Servier-Empfehlung\">Gek\u00fchlt bei 6-10 Grad servieren<\/td>\n<\/tr>\n<tr>\n<th class=\"col label\" scope=\"row\">Weinbau<\/th>\n<td id=\"mpw_viniculture\" class=\"col data\" data-th=\"Weinbau\">Traditionell<\/td>\n<\/tr>\n<tr>\n<th class=\"col label\" scope=\"row\">Vegan<\/th>\n<td id=\"mpw_vegan\" class=\"col data\" data-th=\"Vegan\">Ja<\/td>\n<\/tr>\n<tr>\n<th class=\"col label\" scope=\"row\">Allergene<\/th>\n<td id=\"mpw_sulphites\" class=\"col data\" data-th=\"Allergene\">Enth\u00e4lt Sulfite<\/td>\n<\/tr>\n<\/tbody>\n<\/table>\n<\/div>\n<span class=\"et_bloom_bottom_trigger\"><\/span>","protected":false},"excerpt":{"rendered":"<p class=\"product-title h2\">Marc Hebrart Champagne Rose Brut 1er Cru NV<\/p>\n","protected":false},"featured_media":234351,"template":"","meta":{"_et_pb_use_builder":"","_et_pb_old_content":"","_et_gb_content_width":""},"product_brand":[],"product_cat":[121],"product_tag":[127,284],"class_list":{"0":"post-234350","1":"product","2":"type-product","3":"status-publish","4":"has-post-thumbnail","6":"product_cat-champagner","7":"product_tag-champagne","8":"product_tag-rose","10":"first","11":"instock","12":"taxable","13":"shipping-taxable","14":"purchasable","15":"product-type-simple"},"yoast_head":"<!-- This site is optimized with the Yoast SEO plugin v27.2 - https:\/\/yoast.com\/product\/yoast-seo-wordpress\/ -->\n<title>Marc Hebrart Champagne Rose Brut 1er Cru NV - Suwine - Suwi Zlatic<\/title>\n<meta name=\"description\" content=\"Bereits seit 1964 wird eigener Champagner abgef\u00fcllt und seit 1997 wird das Haus in zweiter Generation von Jean-Paul H\u00e9brart geleitet. Es befindet sich im Grand Cru \u00d6rtchen Mareuil-sur-A\u00ff, wo man auch beachtliche 7,5 Hektar in besten Lagen besitzt. Der Rest \u2013 1er Cru und weitere Grand Cru Lagen sind im Marnetal sowie in den Grand Cru Hanglagen in A\u00ff und in der C\u00f4te des Blancs zu finden. Der gr\u00f6sste Teil ist bei Jean-Paul mit Pinot Noir bestockt. Heute nennt er 15 Hektar sein Eigen, die sich insgesamt auf ca. 70 Parzellen in 10 Orten verteilen. Jede der Parzellen wird einzeln vinifiziert.\" \/>\n<meta name=\"robots\" content=\"index, follow, max-snippet:-1, max-image-preview:large, max-video-preview:-1\" \/>\n<link rel=\"canonical\" href=\"https:\/\/suwine.at\/en\/produkt\/marc-hebrart-champagne-rose-brut-1er-cru-nv\/\" \/>\n<meta property=\"og:locale\" content=\"en_US\" \/>\n<meta property=\"og:type\" content=\"article\" \/>\n<meta property=\"og:title\" content=\"Marc Hebrart Champagne Rose Brut 1er Cru NV - Suwine - Suwi Zlatic\" \/>\n<meta property=\"og:description\" content=\"Bereits seit 1964 wird eigener Champagner abgef\u00fcllt und seit 1997 wird das Haus in zweiter Generation von Jean-Paul H\u00e9brart geleitet. Es befindet sich im Grand Cru \u00d6rtchen Mareuil-sur-A\u00ff, wo man auch beachtliche 7,5 Hektar in besten Lagen besitzt. Der Rest \u2013 1er Cru und weitere Grand Cru Lagen sind im Marnetal sowie in den Grand Cru Hanglagen in A\u00ff und in der C\u00f4te des Blancs zu finden. Der gr\u00f6sste Teil ist bei Jean-Paul mit Pinot Noir bestockt. Heute nennt er 15 Hektar sein Eigen, die sich insgesamt auf ca. 70 Parzellen in 10 Orten verteilen. Jede der Parzellen wird einzeln vinifiziert.\" \/>\n<meta property=\"og:url\" content=\"https:\/\/suwine.at\/en\/produkt\/marc-hebrart-champagne-rose-brut-1er-cru-nv\/\" \/>\n<meta property=\"og:site_name\" content=\"Suwine - Suwi Zlatic\" \/>\n<meta property=\"article:modified_time\" content=\"2025-12-27T19:41:16+00:00\" \/>\n<meta property=\"og:image\" content=\"https:\/\/suwine.at\/wp-content\/uploads\/2024\/08\/63D5B0F4-7B98-403B-872E-EFDC6F23EAAE-jpg.avif\" \/>\n\t<meta property=\"og:image:width\" content=\"1080\" \/>\n\t<meta property=\"og:image:height\" content=\"1080\" \/>\n\t<meta property=\"og:image:type\" content=\"image\/jpeg\" \/>\n<meta name=\"twitter:card\" content=\"summary_large_image\" \/>\n<meta name=\"twitter:label1\" content=\"Est. reading time\" \/>\n\t<meta name=\"twitter:data1\" content=\"2 minutes\" \/>\n<script type=\"application\/ld+json\" class=\"yoast-schema-graph\">{\"@context\":\"https:\/\/schema.org\",\"@graph\":[{\"@type\":\"WebPage\",\"@id\":\"https:\/\/suwine.at\/en\/produkt\/marc-hebrart-champagne-rose-brut-1er-cru-nv\/\",\"url\":\"https:\/\/suwine.at\/en\/produkt\/marc-hebrart-champagne-rose-brut-1er-cru-nv\/\",\"name\":\"Marc Hebrart Champagne Rose Brut 1er Cru NV - Suwine - Suwi Zlatic\",\"isPartOf\":{\"@id\":\"https:\/\/suwine.at\/en\/#website\"},\"primaryImageOfPage\":{\"@id\":\"https:\/\/suwine.at\/en\/produkt\/marc-hebrart-champagne-rose-brut-1er-cru-nv\/#primaryimage\"},\"image\":{\"@id\":\"https:\/\/suwine.at\/en\/produkt\/marc-hebrart-champagne-rose-brut-1er-cru-nv\/#primaryimage\"},\"thumbnailUrl\":\"https:\/\/suwine.at\/wp-content\/uploads\/2024\/08\/63D5B0F4-7B98-403B-872E-EFDC6F23EAAE-jpg.avif\",\"datePublished\":\"2024-08-06T09:53:46+00:00\",\"dateModified\":\"2025-12-27T19:41:16+00:00\",\"description\":\"Bereits seit 1964 wird eigener Champagner abgef\u00fcllt und seit 1997 wird das Haus in zweiter Generation von Jean-Paul H\u00e9brart geleitet. Es befindet sich im Grand Cru \u00d6rtchen Mareuil-sur-A\u00ff, wo man auch beachtliche 7,5 Hektar in besten Lagen besitzt. Der Rest \u2013 1er Cru und weitere Grand Cru Lagen sind im Marnetal sowie in den Grand Cru Hanglagen in A\u00ff und in der C\u00f4te des Blancs zu finden. Der gr\u00f6sste Teil ist bei Jean-Paul mit Pinot Noir bestockt. Heute nennt er 15 Hektar sein Eigen, die sich insgesamt auf ca. 70 Parzellen in 10 Orten verteilen. Jede der Parzellen wird einzeln vinifiziert.\",\"breadcrumb\":{\"@id\":\"https:\/\/suwine.at\/en\/produkt\/marc-hebrart-champagne-rose-brut-1er-cru-nv\/#breadcrumb\"},\"inLanguage\":\"en-US\",\"potentialAction\":[{\"@type\":\"ReadAction\",\"target\":[\"https:\/\/suwine.at\/en\/produkt\/marc-hebrart-champagne-rose-brut-1er-cru-nv\/\"]}]},{\"@type\":\"ImageObject\",\"inLanguage\":\"en-US\",\"@id\":\"https:\/\/suwine.at\/en\/produkt\/marc-hebrart-champagne-rose-brut-1er-cru-nv\/#primaryimage\",\"url\":\"https:\/\/suwine.at\/wp-content\/uploads\/2024\/08\/63D5B0F4-7B98-403B-872E-EFDC6F23EAAE-jpg.avif\",\"contentUrl\":\"https:\/\/suwine.at\/wp-content\/uploads\/2024\/08\/63D5B0F4-7B98-403B-872E-EFDC6F23EAAE-jpg.avif\",\"width\":1080,\"height\":1080},{\"@type\":\"BreadcrumbList\",\"@id\":\"https:\/\/suwine.at\/en\/produkt\/marc-hebrart-champagne-rose-brut-1er-cru-nv\/#breadcrumb\",\"itemListElement\":[{\"@type\":\"ListItem\",\"position\":1,\"name\":\"Startseite\",\"item\":\"https:\/\/suwine.at\/en\/suwine-suwi-zlatic\/\"},{\"@type\":\"ListItem\",\"position\":2,\"name\":\"Shop\",\"item\":\"https:\/\/suwine.at\/en\/shop-2\/\"},{\"@type\":\"ListItem\",\"position\":3,\"name\":\"Marc Hebrart Champagne Rose Brut 1er Cru NV\"}]},{\"@type\":\"WebSite\",\"@id\":\"https:\/\/suwine.at\/en\/#website\",\"url\":\"https:\/\/suwine.at\/en\/\",\"name\":\"Suwine - Suwi Zlatic\",\"description\":\"Sommelier | Gourmet Play Store | Consulting\",\"potentialAction\":[{\"@type\":\"SearchAction\",\"target\":{\"@type\":\"EntryPoint\",\"urlTemplate\":\"https:\/\/suwine.at\/en\/?s={search_term_string}\"},\"query-input\":{\"@type\":\"PropertyValueSpecification\",\"valueRequired\":true,\"valueName\":\"search_term_string\"}}],\"inLanguage\":\"en-US\"}]}<\/script>\n<!-- \/ Yoast SEO plugin. -->","yoast_head_json":{"title":"Marc Hebrart Champagne Rose Brut 1er Cru NV - Suwine - Suwi Zlatic","description":"Bereits seit 1964 wird eigener Champagner abgef\u00fcllt und seit 1997 wird das Haus in zweiter Generation von Jean-Paul H\u00e9brart geleitet. Es befindet sich im Grand Cru \u00d6rtchen Mareuil-sur-A\u00ff, wo man auch beachtliche 7,5 Hektar in besten Lagen besitzt. Der Rest \u2013 1er Cru und weitere Grand Cru Lagen sind im Marnetal sowie in den Grand Cru Hanglagen in A\u00ff und in der C\u00f4te des Blancs zu finden. Der gr\u00f6sste Teil ist bei Jean-Paul mit Pinot Noir bestockt. Heute nennt er 15 Hektar sein Eigen, die sich insgesamt auf ca. 70 Parzellen in 10 Orten verteilen. Jede der Parzellen wird einzeln vinifiziert.","robots":{"index":"index","follow":"follow","max-snippet":"max-snippet:-1","max-image-preview":"max-image-preview:large","max-video-preview":"max-video-preview:-1"},"canonical":"https:\/\/suwine.at\/en\/produkt\/marc-hebrart-champagne-rose-brut-1er-cru-nv\/","og_locale":"en_US","og_type":"article","og_title":"Marc Hebrart Champagne Rose Brut 1er Cru NV - Suwine - Suwi Zlatic","og_description":"Bereits seit 1964 wird eigener Champagner abgef\u00fcllt und seit 1997 wird das Haus in zweiter Generation von Jean-Paul H\u00e9brart geleitet. Es befindet sich im Grand Cru \u00d6rtchen Mareuil-sur-A\u00ff, wo man auch beachtliche 7,5 Hektar in besten Lagen besitzt. Der Rest \u2013 1er Cru und weitere Grand Cru Lagen sind im Marnetal sowie in den Grand Cru Hanglagen in A\u00ff und in der C\u00f4te des Blancs zu finden. Der gr\u00f6sste Teil ist bei Jean-Paul mit Pinot Noir bestockt. Heute nennt er 15 Hektar sein Eigen, die sich insgesamt auf ca. 70 Parzellen in 10 Orten verteilen. Jede der Parzellen wird einzeln vinifiziert.","og_url":"https:\/\/suwine.at\/en\/produkt\/marc-hebrart-champagne-rose-brut-1er-cru-nv\/","og_site_name":"Suwine - Suwi Zlatic","article_modified_time":"2025-12-27T19:41:16+00:00","og_image":[{"width":1080,"height":1080,"url":"https:\/\/suwine.at\/wp-content\/uploads\/2024\/08\/63D5B0F4-7B98-403B-872E-EFDC6F23EAAE-jpg.avif","type":"image\/jpeg"}],"twitter_card":"summary_large_image","twitter_misc":{"Est. reading time":"2 minutes"},"schema":{"@context":"https:\/\/schema.org","@graph":[{"@type":"WebPage","@id":"https:\/\/suwine.at\/en\/produkt\/marc-hebrart-champagne-rose-brut-1er-cru-nv\/","url":"https:\/\/suwine.at\/en\/produkt\/marc-hebrart-champagne-rose-brut-1er-cru-nv\/","name":"Marc Hebrart Champagne Rose Brut 1er Cru NV - Suwine - Suwi Zlatic","isPartOf":{"@id":"https:\/\/suwine.at\/en\/#website"},"primaryImageOfPage":{"@id":"https:\/\/suwine.at\/en\/produkt\/marc-hebrart-champagne-rose-brut-1er-cru-nv\/#primaryimage"},"image":{"@id":"https:\/\/suwine.at\/en\/produkt\/marc-hebrart-champagne-rose-brut-1er-cru-nv\/#primaryimage"},"thumbnailUrl":"https:\/\/suwine.at\/wp-content\/uploads\/2024\/08\/63D5B0F4-7B98-403B-872E-EFDC6F23EAAE-jpg.avif","datePublished":"2024-08-06T09:53:46+00:00","dateModified":"2025-12-27T19:41:16+00:00","description":"Bereits seit 1964 wird eigener Champagner abgef\u00fcllt und seit 1997 wird das Haus in zweiter Generation von Jean-Paul H\u00e9brart geleitet. Es befindet sich im Grand Cru \u00d6rtchen Mareuil-sur-A\u00ff, wo man auch beachtliche 7,5 Hektar in besten Lagen besitzt. Der Rest \u2013 1er Cru und weitere Grand Cru Lagen sind im Marnetal sowie in den Grand Cru Hanglagen in A\u00ff und in der C\u00f4te des Blancs zu finden. Der gr\u00f6sste Teil ist bei Jean-Paul mit Pinot Noir bestockt. Heute nennt er 15 Hektar sein Eigen, die sich insgesamt auf ca. 70 Parzellen in 10 Orten verteilen. Jede der Parzellen wird einzeln vinifiziert.","breadcrumb":{"@id":"https:\/\/suwine.at\/en\/produkt\/marc-hebrart-champagne-rose-brut-1er-cru-nv\/#breadcrumb"},"inLanguage":"en-US","potentialAction":[{"@type":"ReadAction","target":["https:\/\/suwine.at\/en\/produkt\/marc-hebrart-champagne-rose-brut-1er-cru-nv\/"]}]},{"@type":"ImageObject","inLanguage":"en-US","@id":"https:\/\/suwine.at\/en\/produkt\/marc-hebrart-champagne-rose-brut-1er-cru-nv\/#primaryimage","url":"https:\/\/suwine.at\/wp-content\/uploads\/2024\/08\/63D5B0F4-7B98-403B-872E-EFDC6F23EAAE-jpg.avif","contentUrl":"https:\/\/suwine.at\/wp-content\/uploads\/2024\/08\/63D5B0F4-7B98-403B-872E-EFDC6F23EAAE-jpg.avif","width":1080,"height":1080},{"@type":"BreadcrumbList","@id":"https:\/\/suwine.at\/en\/produkt\/marc-hebrart-champagne-rose-brut-1er-cru-nv\/#breadcrumb","itemListElement":[{"@type":"ListItem","position":1,"name":"Startseite","item":"https:\/\/suwine.at\/en\/suwine-suwi-zlatic\/"},{"@type":"ListItem","position":2,"name":"Shop","item":"https:\/\/suwine.at\/en\/shop-2\/"},{"@type":"ListItem","position":3,"name":"Marc Hebrart Champagne Rose Brut 1er Cru NV"}]},{"@type":"WebSite","@id":"https:\/\/suwine.at\/en\/#website","url":"https:\/\/suwine.at\/en\/","name":"Suwine - Suwi Zlatic","description":"Sommelier | Gourmet Play Store | Consulting","potentialAction":[{"@type":"SearchAction","target":{"@type":"EntryPoint","urlTemplate":"https:\/\/suwine.at\/en\/?s={search_term_string}"},"query-input":{"@type":"PropertyValueSpecification","valueRequired":true,"valueName":"search_term_string"}}],"inLanguage":"en-US"}]}},"_links":{"self":[{"href":"https:\/\/suwine.at\/en\/wp-json\/wp\/v2\/product\/234350","targetHints":{"allow":["GET"]}}],"collection":[{"href":"https:\/\/suwine.at\/en\/wp-json\/wp\/v2\/product"}],"about":[{"href":"https:\/\/suwine.at\/en\/wp-json\/wp\/v2\/types\/product"}],"wp:featuredmedia":[{"embeddable":true,"href":"https:\/\/suwine.at\/en\/wp-json\/wp\/v2\/media\/234351"}],"wp:attachment":[{"href":"https:\/\/suwine.at\/en\/wp-json\/wp\/v2\/media?parent=234350"}],"wp:term":[{"taxonomy":"product_brand","embeddable":true,"href":"https:\/\/suwine.at\/en\/wp-json\/wp\/v2\/product_brand?post=234350"},{"taxonomy":"product_cat","embeddable":true,"href":"https:\/\/suwine.at\/en\/wp-json\/wp\/v2\/product_cat?post=234350"},{"taxonomy":"product_tag","embeddable":true,"href":"https:\/\/suwine.at\/en\/wp-json\/wp\/v2\/product_tag?post=234350"}],"curies":[{"name":"wp","href":"https:\/\/api.w.org\/{rel}","templated":true}]}}