{"id":234764,"date":"2024-11-28T15:53:05","date_gmt":"2024-11-28T14:53:05","guid":{"rendered":"https:\/\/suwine.at\/?post_type=product&#038;p=234764"},"modified":"2025-10-22T16:16:43","modified_gmt":"2025-10-22T14:16:43","slug":"le-chemin-de-reims","status":"publish","type":"product","link":"https:\/\/suwine.at\/en\/produkt\/le-chemin-de-reims\/","title":{"rendered":"Le Chemin de Reims"},"content":{"rendered":"<h2>Le Chemin de Reims<\/h2>\n<p>Der Champagne Chartogne-Taillet Chemin de Reims Blanc de Blancs 2021 wird aus den besten Trauben der Chemin de Reims-Region vinifiziert. Der frische und intensive Geschmack dieses Blanc de Blancs verzaubert mit einer grazilen Intensit\u00e4t. W\u00e4hrend sein Bouquet mit Aromen von Zitrusfr\u00fcchten und reifen \u00c4pfeln brilliert, verleiht seine zarte Perlage diesem Champagner eine elegante Struktur, die ihn zu einem perfekten Begleiter f\u00fcr jede Gelegenheit macht.<\/p>\n<ul>\n<li>Chardonnay,\u00a0 extra herb<\/li>\n<\/ul>\n<span class=\"et_bloom_bottom_trigger\"><\/span>","protected":false},"excerpt":{"rendered":"<p>Der Champagne Chartogne-Taillet Chemin de Reims Blanc de Blancs 2021 wird aus den besten Trauben der Chemin de Reims-Region vinifiziert. Der frische und intensive Geschmack dieses Blanc de Blancs verzaubert mit einer grazilen Intensit\u00e4t. W\u00e4hrend sein Bouquet mit Aromen von Zitrusfr\u00fcchten und reifen \u00c4pfeln brilliert, verleiht seine zarte Perlage diesem Champagner eine elegante Struktur, die ihn zu einem perfekten Begleiter f\u00fcr jede Gelegenheit macht.<\/p>\n<ul>\n<li>Chardonnay,\u00a0 extra herb<\/li>\n<\/ul>\n","protected":false},"featured_media":234765,"template":"","meta":{"_et_pb_use_builder":"","_et_pb_old_content":"","_et_gb_content_width":""},"product_brand":[],"product_cat":[86,121,122],"product_tag":[126,127],"class_list":{"0":"post-234764","1":"product","2":"type-product","3":"status-publish","4":"has-post-thumbnail","6":"product_cat-champagner-schaumwein","7":"product_cat-champagner","8":"product_cat-schaumweine-welt","9":"product_tag-frankreich","10":"product_tag-champagne","12":"first","13":"instock","14":"taxable","15":"shipping-taxable","16":"purchasable","17":"product-type-simple"},"yoast_head":"<!-- This site is optimized with the Yoast SEO plugin v27.2 - https:\/\/yoast.com\/product\/yoast-seo-wordpress\/ -->\n<title>Le Chemin de Reims - Suwine - Suwi Zlatic<\/title>\n<meta name=\"description\" content=\"Der Champagne Chartogne-Taillet Chemin de Reims Blanc de Blancs 2021 wird aus den besten Trauben der Chemin de Reims-Region vinifiziert. Der frische und intensive Geschmack dieses Blanc de Blancs verzaubert mit einer grazilen Intensit\u00e4t. W\u00e4hrend sein Bouquet mit Aromen von Zitrusfr\u00fcchten und reifen \u00c4pfeln brilliert, verleiht seine zarte Perlage diesem Champagner eine elegante Struktur, die ihn zu einem perfekten Begleiter f\u00fcr jede Gelegenheit macht.\" \/>\n<meta name=\"robots\" content=\"index, follow, max-snippet:-1, max-image-preview:large, max-video-preview:-1\" \/>\n<link rel=\"canonical\" href=\"https:\/\/suwine.at\/en\/produkt\/le-chemin-de-reims\/\" \/>\n<meta property=\"og:locale\" content=\"en_US\" \/>\n<meta property=\"og:type\" content=\"article\" \/>\n<meta property=\"og:title\" content=\"Le Chemin de Reims - Suwine - Suwi Zlatic\" \/>\n<meta property=\"og:description\" content=\"Der Champagne Chartogne-Taillet Chemin de Reims Blanc de Blancs 2021 wird aus den besten Trauben der Chemin de Reims-Region vinifiziert. Der frische und intensive Geschmack dieses Blanc de Blancs verzaubert mit einer grazilen Intensit\u00e4t. W\u00e4hrend sein Bouquet mit Aromen von Zitrusfr\u00fcchten und reifen \u00c4pfeln brilliert, verleiht seine zarte Perlage diesem Champagner eine elegante Struktur, die ihn zu einem perfekten Begleiter f\u00fcr jede Gelegenheit macht.\" \/>\n<meta property=\"og:url\" content=\"https:\/\/suwine.at\/en\/produkt\/le-chemin-de-reims\/\" \/>\n<meta property=\"og:site_name\" content=\"Suwine - Suwi Zlatic\" \/>\n<meta property=\"article:modified_time\" content=\"2025-10-22T14:16:43+00:00\" \/>\n<meta property=\"og:image\" content=\"https:\/\/suwine.at\/wp-content\/uploads\/2024\/11\/IMG_5725-2.avif\" \/>\n\t<meta property=\"og:image:width\" content=\"1000\" \/>\n\t<meta property=\"og:image:height\" content=\"1500\" \/>\n\t<meta property=\"og:image:type\" content=\"image\/jpeg\" \/>\n<meta name=\"twitter:card\" content=\"summary_large_image\" \/>\n<meta name=\"twitter:label1\" content=\"Est. reading time\" \/>\n\t<meta name=\"twitter:data1\" content=\"1 minute\" \/>\n<script type=\"application\/ld+json\" class=\"yoast-schema-graph\">{\"@context\":\"https:\/\/schema.org\",\"@graph\":[{\"@type\":\"WebPage\",\"@id\":\"https:\/\/suwine.at\/en\/produkt\/le-chemin-de-reims\/\",\"url\":\"https:\/\/suwine.at\/en\/produkt\/le-chemin-de-reims\/\",\"name\":\"Le Chemin de Reims - Suwine - Suwi Zlatic\",\"isPartOf\":{\"@id\":\"https:\/\/suwine.at\/en\/#website\"},\"primaryImageOfPage\":{\"@id\":\"https:\/\/suwine.at\/en\/produkt\/le-chemin-de-reims\/#primaryimage\"},\"image\":{\"@id\":\"https:\/\/suwine.at\/en\/produkt\/le-chemin-de-reims\/#primaryimage\"},\"thumbnailUrl\":\"https:\/\/suwine.at\/wp-content\/uploads\/2024\/11\/IMG_5725-2.avif\",\"datePublished\":\"2024-11-28T14:53:05+00:00\",\"dateModified\":\"2025-10-22T14:16:43+00:00\",\"description\":\"Der Champagne Chartogne-Taillet Chemin de Reims Blanc de Blancs 2021 wird aus den besten Trauben der Chemin de Reims-Region vinifiziert. Der frische und intensive Geschmack dieses Blanc de Blancs verzaubert mit einer grazilen Intensit\u00e4t. W\u00e4hrend sein Bouquet mit Aromen von Zitrusfr\u00fcchten und reifen \u00c4pfeln brilliert, verleiht seine zarte Perlage diesem Champagner eine elegante Struktur, die ihn zu einem perfekten Begleiter f\u00fcr jede Gelegenheit macht.\",\"breadcrumb\":{\"@id\":\"https:\/\/suwine.at\/en\/produkt\/le-chemin-de-reims\/#breadcrumb\"},\"inLanguage\":\"en-US\",\"potentialAction\":[{\"@type\":\"ReadAction\",\"target\":[\"https:\/\/suwine.at\/en\/produkt\/le-chemin-de-reims\/\"]}]},{\"@type\":\"ImageObject\",\"inLanguage\":\"en-US\",\"@id\":\"https:\/\/suwine.at\/en\/produkt\/le-chemin-de-reims\/#primaryimage\",\"url\":\"https:\/\/suwine.at\/wp-content\/uploads\/2024\/11\/IMG_5725-2.avif\",\"contentUrl\":\"https:\/\/suwine.at\/wp-content\/uploads\/2024\/11\/IMG_5725-2.avif\",\"width\":1000,\"height\":1500,\"caption\":\"Chemin de Reims\"},{\"@type\":\"BreadcrumbList\",\"@id\":\"https:\/\/suwine.at\/en\/produkt\/le-chemin-de-reims\/#breadcrumb\",\"itemListElement\":[{\"@type\":\"ListItem\",\"position\":1,\"name\":\"Startseite\",\"item\":\"https:\/\/suwine.at\/en\/suwine-suwi-zlatic\/\"},{\"@type\":\"ListItem\",\"position\":2,\"name\":\"Shop\",\"item\":\"https:\/\/suwine.at\/en\/shop-2\/\"},{\"@type\":\"ListItem\",\"position\":3,\"name\":\"Le Chemin de Reims\"}]},{\"@type\":\"WebSite\",\"@id\":\"https:\/\/suwine.at\/en\/#website\",\"url\":\"https:\/\/suwine.at\/en\/\",\"name\":\"Suwine - Suwi Zlatic\",\"description\":\"Sommelier | Gourmet Play Store | Consulting\",\"potentialAction\":[{\"@type\":\"SearchAction\",\"target\":{\"@type\":\"EntryPoint\",\"urlTemplate\":\"https:\/\/suwine.at\/en\/?s={search_term_string}\"},\"query-input\":{\"@type\":\"PropertyValueSpecification\",\"valueRequired\":true,\"valueName\":\"search_term_string\"}}],\"inLanguage\":\"en-US\"}]}<\/script>\n<!-- \/ Yoast SEO plugin. -->","yoast_head_json":{"title":"Le Chemin de Reims - Suwine - Suwi Zlatic","description":"Der Champagne Chartogne-Taillet Chemin de Reims Blanc de Blancs 2021 wird aus den besten Trauben der Chemin de Reims-Region vinifiziert. Der frische und intensive Geschmack dieses Blanc de Blancs verzaubert mit einer grazilen Intensit\u00e4t. W\u00e4hrend sein Bouquet mit Aromen von Zitrusfr\u00fcchten und reifen \u00c4pfeln brilliert, verleiht seine zarte Perlage diesem Champagner eine elegante Struktur, die ihn zu einem perfekten Begleiter f\u00fcr jede Gelegenheit macht.","robots":{"index":"index","follow":"follow","max-snippet":"max-snippet:-1","max-image-preview":"max-image-preview:large","max-video-preview":"max-video-preview:-1"},"canonical":"https:\/\/suwine.at\/en\/produkt\/le-chemin-de-reims\/","og_locale":"en_US","og_type":"article","og_title":"Le Chemin de Reims - Suwine - Suwi Zlatic","og_description":"Der Champagne Chartogne-Taillet Chemin de Reims Blanc de Blancs 2021 wird aus den besten Trauben der Chemin de Reims-Region vinifiziert. Der frische und intensive Geschmack dieses Blanc de Blancs verzaubert mit einer grazilen Intensit\u00e4t. W\u00e4hrend sein Bouquet mit Aromen von Zitrusfr\u00fcchten und reifen \u00c4pfeln brilliert, verleiht seine zarte Perlage diesem Champagner eine elegante Struktur, die ihn zu einem perfekten Begleiter f\u00fcr jede Gelegenheit macht.","og_url":"https:\/\/suwine.at\/en\/produkt\/le-chemin-de-reims\/","og_site_name":"Suwine - Suwi Zlatic","article_modified_time":"2025-10-22T14:16:43+00:00","og_image":[{"width":1000,"height":1500,"url":"https:\/\/suwine.at\/wp-content\/uploads\/2024\/11\/IMG_5725-2.avif","type":"image\/jpeg"}],"twitter_card":"summary_large_image","twitter_misc":{"Est. reading time":"1 minute"},"schema":{"@context":"https:\/\/schema.org","@graph":[{"@type":"WebPage","@id":"https:\/\/suwine.at\/en\/produkt\/le-chemin-de-reims\/","url":"https:\/\/suwine.at\/en\/produkt\/le-chemin-de-reims\/","name":"Le Chemin de Reims - Suwine - Suwi Zlatic","isPartOf":{"@id":"https:\/\/suwine.at\/en\/#website"},"primaryImageOfPage":{"@id":"https:\/\/suwine.at\/en\/produkt\/le-chemin-de-reims\/#primaryimage"},"image":{"@id":"https:\/\/suwine.at\/en\/produkt\/le-chemin-de-reims\/#primaryimage"},"thumbnailUrl":"https:\/\/suwine.at\/wp-content\/uploads\/2024\/11\/IMG_5725-2.avif","datePublished":"2024-11-28T14:53:05+00:00","dateModified":"2025-10-22T14:16:43+00:00","description":"Der Champagne Chartogne-Taillet Chemin de Reims Blanc de Blancs 2021 wird aus den besten Trauben der Chemin de Reims-Region vinifiziert. Der frische und intensive Geschmack dieses Blanc de Blancs verzaubert mit einer grazilen Intensit\u00e4t. W\u00e4hrend sein Bouquet mit Aromen von Zitrusfr\u00fcchten und reifen \u00c4pfeln brilliert, verleiht seine zarte Perlage diesem Champagner eine elegante Struktur, die ihn zu einem perfekten Begleiter f\u00fcr jede Gelegenheit macht.","breadcrumb":{"@id":"https:\/\/suwine.at\/en\/produkt\/le-chemin-de-reims\/#breadcrumb"},"inLanguage":"en-US","potentialAction":[{"@type":"ReadAction","target":["https:\/\/suwine.at\/en\/produkt\/le-chemin-de-reims\/"]}]},{"@type":"ImageObject","inLanguage":"en-US","@id":"https:\/\/suwine.at\/en\/produkt\/le-chemin-de-reims\/#primaryimage","url":"https:\/\/suwine.at\/wp-content\/uploads\/2024\/11\/IMG_5725-2.avif","contentUrl":"https:\/\/suwine.at\/wp-content\/uploads\/2024\/11\/IMG_5725-2.avif","width":1000,"height":1500,"caption":"Chemin de Reims"},{"@type":"BreadcrumbList","@id":"https:\/\/suwine.at\/en\/produkt\/le-chemin-de-reims\/#breadcrumb","itemListElement":[{"@type":"ListItem","position":1,"name":"Startseite","item":"https:\/\/suwine.at\/en\/suwine-suwi-zlatic\/"},{"@type":"ListItem","position":2,"name":"Shop","item":"https:\/\/suwine.at\/en\/shop-2\/"},{"@type":"ListItem","position":3,"name":"Le Chemin de Reims"}]},{"@type":"WebSite","@id":"https:\/\/suwine.at\/en\/#website","url":"https:\/\/suwine.at\/en\/","name":"Suwine - Suwi Zlatic","description":"Sommelier | Gourmet Play Store | Consulting","potentialAction":[{"@type":"SearchAction","target":{"@type":"EntryPoint","urlTemplate":"https:\/\/suwine.at\/en\/?s={search_term_string}"},"query-input":{"@type":"PropertyValueSpecification","valueRequired":true,"valueName":"search_term_string"}}],"inLanguage":"en-US"}]}},"_links":{"self":[{"href":"https:\/\/suwine.at\/en\/wp-json\/wp\/v2\/product\/234764","targetHints":{"allow":["GET"]}}],"collection":[{"href":"https:\/\/suwine.at\/en\/wp-json\/wp\/v2\/product"}],"about":[{"href":"https:\/\/suwine.at\/en\/wp-json\/wp\/v2\/types\/product"}],"wp:featuredmedia":[{"embeddable":true,"href":"https:\/\/suwine.at\/en\/wp-json\/wp\/v2\/media\/234765"}],"wp:attachment":[{"href":"https:\/\/suwine.at\/en\/wp-json\/wp\/v2\/media?parent=234764"}],"wp:term":[{"taxonomy":"product_brand","embeddable":true,"href":"https:\/\/suwine.at\/en\/wp-json\/wp\/v2\/product_brand?post=234764"},{"taxonomy":"product_cat","embeddable":true,"href":"https:\/\/suwine.at\/en\/wp-json\/wp\/v2\/product_cat?post=234764"},{"taxonomy":"product_tag","embeddable":true,"href":"https:\/\/suwine.at\/en\/wp-json\/wp\/v2\/product_tag?post=234764"}],"curies":[{"name":"wp","href":"https:\/\/api.w.org\/{rel}","templated":true}]}}