{"id":234832,"date":"2024-12-05T20:56:04","date_gmt":"2024-12-05T19:56:04","guid":{"rendered":"https:\/\/suwine.at\/?post_type=product&#038;p=234832"},"modified":"2025-03-12T19:25:06","modified_gmt":"2025-03-12T18:25:06","slug":"antica-tartufi-dolci-le-personalizzabili-al-pistacchio","status":"publish","type":"product","link":"https:\/\/suwine.at\/en\/produkt\/antica-tartufi-dolci-le-personalizzabili-al-pistacchio\/","title":{"rendered":"Antica Tartufi dolci Le personalizzabili al Pistacchio"},"content":{"rendered":"<h2 class=\"elementor-heading-title elementor-size-default\">Antica Tartufi dolci Le personalizzabili al Pistacchio<\/h2>\n<div class=\"elementor-element elementor-element-229f9bb1 elementor-widget elementor-widget-heading\" data-id=\"229f9bb1\" data-element_type=\"widget\" data-widget_type=\"heading.default\">\n<div class=\"elementor-widget-container\">\n<p class=\"elementor-heading-title elementor-size-default\">Antica Torroneria Piemontese<\/p>\n<\/div>\n<\/div>\n<div class=\"elementor-element elementor-element-1babf28f elementor-widget elementor-widget-text-editor\" data-id=\"1babf28f\" data-element_type=\"widget\" data-widget_type=\"text-editor.default\">\n<div class=\"elementor-widget-container\">\n<p>Erlebe den besonderen Geschmack feinster Tartufi Tr\u00fcffelpralinen. Von Hand gefertigte, zartschmelzende Meisterwerke aus dem Piemont.<\/p>\n<\/div>\n<\/div>\n<div class=\"elementor-element elementor-element-175725d0 elementor-widget elementor-widget-text-editor\" data-id=\"175725d0\" data-element_type=\"widget\" data-widget_type=\"text-editor.default\">\n<div class=\"elementor-widget-container\">\n<ul>\n<li>glutenfrei<\/li>\n<li>ohne Zusatzstoffe<\/li>\n<li>ohne Konservierungsstoffe<\/li>\n<li>ohne Gentechnik<\/li>\n<li>R\u00fcckseite f\u00fcr pers\u00f6nliche Nachricht<\/li>\n<\/ul>\n<p>Der absolute Top-Seller von Antica Torroneria Piemontese. Dieser Tartufo mit weisser Schokolade enth\u00e4lt mindestens 32% der aromatischen Pistazien aus Sizilien. Sie kommen als Paste und als klein gehackte St\u00fcckchen in die Tartufi Dolci. Der knackige Biss und der kr\u00e4ftige Pistaziengeschmack stehen in einem sch\u00f6nen Kontrast zu der feinen milden wei\u00dfen Schokolade mit Vanillenote.<\/p>\n<p><strong>Geschenkbox mit pers\u00f6nlicher Note<\/strong><br \/>\nAntica Torroneria pr\u00e4sentiert dir die Tartufi hier in der farbenfrohen und originellen Geschenkschachtel, die durch eine Schleife veredelt wird. Bereit zum Verschenken, aber mit der M\u00f6glichkeit, sie zu personalisieren: W\u00e4hlen deine Geschmacksrichtung und schreibe deine ganz pers\u00f6nliche Nachricht auf die R\u00fcckseite!<\/p>\n<ul>\n<li>Tartufi mit feinsten sizilianischen Pistazien<\/li>\n<li>weich im Schmelz<\/li>\n<li>mit dem zarten Biss der Pistazien<\/li>\n<li>min. 23 % Kakaoanteil in der wei\u00dfen Schokolade<\/li>\n<li>glutenfrei<\/li>\n<\/ul>\n<p>&nbsp;<\/p>\n<\/div>\n<\/div>\n<span class=\"et_bloom_bottom_trigger\"><\/span>","protected":false},"excerpt":{"rendered":"<div class=\"elementor-element elementor-element-784db138 elementor-widget elementor-widget-heading\" data-id=\"784db138\" data-element_type=\"widget\" data-widget_type=\"heading.default\">\n<div class=\"elementor-widget-container\">\n<p class=\"elementor-heading-title elementor-size-default\">160 g | Geschenkschachtel<\/p>\n<\/div>\n<\/div>\n<div class=\"elementor-element elementor-element-467495ab elementor-widget elementor-widget-text-editor\" data-id=\"467495ab\" data-element_type=\"widget\" data-widget_type=\"text-editor.default\">\n<div class=\"elementor-widget-container\">\n<p>Wei\u00dfe Schokolade mit Sizilianischen Pistazien und einem Hauch Vanille. Eine der beliebtesten Variationen von Antica.<\/p>\n<\/div>\n<\/div>\n","protected":false},"featured_media":234836,"template":"","meta":{"_et_pb_use_builder":"","_et_pb_old_content":"","_et_gb_content_width":""},"product_brand":[],"product_cat":[286,890],"product_tag":[80,501,654],"class_list":{"0":"post-234832","1":"product","2":"type-product","3":"status-publish","4":"has-post-thumbnail","6":"product_cat-geschenke","7":"product_cat-tartufi-dolci-trueffelpralinen","8":"product_tag-italien","9":"product_tag-schokolade","10":"product_tag-pistacchio","12":"first","13":"outofstock","14":"taxable","15":"shipping-taxable","16":"purchasable","17":"product-type-simple"},"yoast_head":"<!-- This site is optimized with the Yoast SEO plugin v27.2 - https:\/\/yoast.com\/product\/yoast-seo-wordpress\/ -->\n<title>Antica Tartufi dolci Le personalizzabili al Pistacchio - Suwine - Suwi Zlatic<\/title>\n<meta name=\"description\" content=\"Antica Torroneria pr\u00e4sentiert dir die Tartufi hier in der farbenfrohen und originellen Geschenkschachtel, die durch eine Schleife veredelt wird. Bereit zum Verschenken, aber mit der M\u00f6glichkeit, sie zu personalisieren: W\u00e4hlen deine Geschmacksrichtung und schreibe deine ganz pers\u00f6nliche Nachricht auf die R\u00fcckseite!\" \/>\n<meta name=\"robots\" content=\"index, follow, max-snippet:-1, max-image-preview:large, max-video-preview:-1\" \/>\n<link rel=\"canonical\" href=\"https:\/\/suwine.at\/en\/produkt\/antica-tartufi-dolci-le-personalizzabili-al-pistacchio\/\" \/>\n<meta property=\"og:locale\" content=\"en_US\" \/>\n<meta property=\"og:type\" content=\"article\" \/>\n<meta property=\"og:title\" content=\"Antica Tartufi dolci Le personalizzabili al Pistacchio - Suwine - Suwi Zlatic\" \/>\n<meta property=\"og:description\" content=\"Antica Torroneria pr\u00e4sentiert dir die Tartufi hier in der farbenfrohen und originellen Geschenkschachtel, die durch eine Schleife veredelt wird. Bereit zum Verschenken, aber mit der M\u00f6glichkeit, sie zu personalisieren: W\u00e4hlen deine Geschmacksrichtung und schreibe deine ganz pers\u00f6nliche Nachricht auf die R\u00fcckseite!\" \/>\n<meta property=\"og:url\" content=\"https:\/\/suwine.at\/en\/produkt\/antica-tartufi-dolci-le-personalizzabili-al-pistacchio\/\" \/>\n<meta property=\"og:site_name\" content=\"Suwine - Suwi Zlatic\" \/>\n<meta property=\"article:modified_time\" content=\"2025-03-12T18:25:06+00:00\" \/>\n<meta property=\"og:image\" content=\"https:\/\/suwine.at\/wp-content\/uploads\/2024\/12\/IMG_5836.avif\" \/>\n\t<meta property=\"og:image:width\" content=\"1600\" \/>\n\t<meta property=\"og:image:height\" content=\"1600\" \/>\n\t<meta property=\"og:image:type\" content=\"image\/jpeg\" \/>\n<meta name=\"twitter:card\" content=\"summary_large_image\" \/>\n<meta name=\"twitter:label1\" content=\"Est. reading time\" \/>\n\t<meta name=\"twitter:data1\" content=\"2 minutes\" \/>\n<script type=\"application\/ld+json\" class=\"yoast-schema-graph\">{\"@context\":\"https:\/\/schema.org\",\"@graph\":[{\"@type\":\"WebPage\",\"@id\":\"https:\/\/suwine.at\/en\/produkt\/antica-tartufi-dolci-le-personalizzabili-al-pistacchio\/\",\"url\":\"https:\/\/suwine.at\/en\/produkt\/antica-tartufi-dolci-le-personalizzabili-al-pistacchio\/\",\"name\":\"Antica Tartufi dolci Le personalizzabili al Pistacchio - Suwine - Suwi Zlatic\",\"isPartOf\":{\"@id\":\"https:\/\/suwine.at\/en\/#website\"},\"primaryImageOfPage\":{\"@id\":\"https:\/\/suwine.at\/en\/produkt\/antica-tartufi-dolci-le-personalizzabili-al-pistacchio\/#primaryimage\"},\"image\":{\"@id\":\"https:\/\/suwine.at\/en\/produkt\/antica-tartufi-dolci-le-personalizzabili-al-pistacchio\/#primaryimage\"},\"thumbnailUrl\":\"https:\/\/suwine.at\/wp-content\/uploads\/2024\/12\/IMG_5836.avif\",\"datePublished\":\"2024-12-05T19:56:04+00:00\",\"dateModified\":\"2025-03-12T18:25:06+00:00\",\"description\":\"Antica Torroneria pr\u00e4sentiert dir die Tartufi hier in der farbenfrohen und originellen Geschenkschachtel, die durch eine Schleife veredelt wird. Bereit zum Verschenken, aber mit der M\u00f6glichkeit, sie zu personalisieren: W\u00e4hlen deine Geschmacksrichtung und schreibe deine ganz pers\u00f6nliche Nachricht auf die R\u00fcckseite!\",\"breadcrumb\":{\"@id\":\"https:\/\/suwine.at\/en\/produkt\/antica-tartufi-dolci-le-personalizzabili-al-pistacchio\/#breadcrumb\"},\"inLanguage\":\"en-US\",\"potentialAction\":[{\"@type\":\"ReadAction\",\"target\":[\"https:\/\/suwine.at\/en\/produkt\/antica-tartufi-dolci-le-personalizzabili-al-pistacchio\/\"]}]},{\"@type\":\"ImageObject\",\"inLanguage\":\"en-US\",\"@id\":\"https:\/\/suwine.at\/en\/produkt\/antica-tartufi-dolci-le-personalizzabili-al-pistacchio\/#primaryimage\",\"url\":\"https:\/\/suwine.at\/wp-content\/uploads\/2024\/12\/IMG_5836.avif\",\"contentUrl\":\"https:\/\/suwine.at\/wp-content\/uploads\/2024\/12\/IMG_5836.avif\",\"width\":1600,\"height\":1600,\"caption\":\"Pistazien Tartufo\"},{\"@type\":\"BreadcrumbList\",\"@id\":\"https:\/\/suwine.at\/en\/produkt\/antica-tartufi-dolci-le-personalizzabili-al-pistacchio\/#breadcrumb\",\"itemListElement\":[{\"@type\":\"ListItem\",\"position\":1,\"name\":\"Startseite\",\"item\":\"https:\/\/suwine.at\/en\/suwine-suwi-zlatic\/\"},{\"@type\":\"ListItem\",\"position\":2,\"name\":\"Shop\",\"item\":\"https:\/\/suwine.at\/en\/shop-2\/\"},{\"@type\":\"ListItem\",\"position\":3,\"name\":\"Antica Tartufi dolci Le personalizzabili al Pistacchio\"}]},{\"@type\":\"WebSite\",\"@id\":\"https:\/\/suwine.at\/en\/#website\",\"url\":\"https:\/\/suwine.at\/en\/\",\"name\":\"Suwine - Suwi Zlatic\",\"description\":\"Sommelier | Gourmet Play Store | Consulting\",\"potentialAction\":[{\"@type\":\"SearchAction\",\"target\":{\"@type\":\"EntryPoint\",\"urlTemplate\":\"https:\/\/suwine.at\/en\/?s={search_term_string}\"},\"query-input\":{\"@type\":\"PropertyValueSpecification\",\"valueRequired\":true,\"valueName\":\"search_term_string\"}}],\"inLanguage\":\"en-US\"}]}<\/script>\n<!-- \/ Yoast SEO plugin. -->","yoast_head_json":{"title":"Antica Tartufi dolci Le personalizzabili al Pistacchio - Suwine - Suwi Zlatic","description":"Antica Torroneria pr\u00e4sentiert dir die Tartufi hier in der farbenfrohen und originellen Geschenkschachtel, die durch eine Schleife veredelt wird. Bereit zum Verschenken, aber mit der M\u00f6glichkeit, sie zu personalisieren: W\u00e4hlen deine Geschmacksrichtung und schreibe deine ganz pers\u00f6nliche Nachricht auf die R\u00fcckseite!","robots":{"index":"index","follow":"follow","max-snippet":"max-snippet:-1","max-image-preview":"max-image-preview:large","max-video-preview":"max-video-preview:-1"},"canonical":"https:\/\/suwine.at\/en\/produkt\/antica-tartufi-dolci-le-personalizzabili-al-pistacchio\/","og_locale":"en_US","og_type":"article","og_title":"Antica Tartufi dolci Le personalizzabili al Pistacchio - Suwine - Suwi Zlatic","og_description":"Antica Torroneria pr\u00e4sentiert dir die Tartufi hier in der farbenfrohen und originellen Geschenkschachtel, die durch eine Schleife veredelt wird. Bereit zum Verschenken, aber mit der M\u00f6glichkeit, sie zu personalisieren: W\u00e4hlen deine Geschmacksrichtung und schreibe deine ganz pers\u00f6nliche Nachricht auf die R\u00fcckseite!","og_url":"https:\/\/suwine.at\/en\/produkt\/antica-tartufi-dolci-le-personalizzabili-al-pistacchio\/","og_site_name":"Suwine - Suwi Zlatic","article_modified_time":"2025-03-12T18:25:06+00:00","og_image":[{"width":1600,"height":1600,"url":"https:\/\/suwine.at\/wp-content\/uploads\/2024\/12\/IMG_5836.avif","type":"image\/jpeg"}],"twitter_card":"summary_large_image","twitter_misc":{"Est. reading time":"2 minutes"},"schema":{"@context":"https:\/\/schema.org","@graph":[{"@type":"WebPage","@id":"https:\/\/suwine.at\/en\/produkt\/antica-tartufi-dolci-le-personalizzabili-al-pistacchio\/","url":"https:\/\/suwine.at\/en\/produkt\/antica-tartufi-dolci-le-personalizzabili-al-pistacchio\/","name":"Antica Tartufi dolci Le personalizzabili al Pistacchio - Suwine - Suwi Zlatic","isPartOf":{"@id":"https:\/\/suwine.at\/en\/#website"},"primaryImageOfPage":{"@id":"https:\/\/suwine.at\/en\/produkt\/antica-tartufi-dolci-le-personalizzabili-al-pistacchio\/#primaryimage"},"image":{"@id":"https:\/\/suwine.at\/en\/produkt\/antica-tartufi-dolci-le-personalizzabili-al-pistacchio\/#primaryimage"},"thumbnailUrl":"https:\/\/suwine.at\/wp-content\/uploads\/2024\/12\/IMG_5836.avif","datePublished":"2024-12-05T19:56:04+00:00","dateModified":"2025-03-12T18:25:06+00:00","description":"Antica Torroneria pr\u00e4sentiert dir die Tartufi hier in der farbenfrohen und originellen Geschenkschachtel, die durch eine Schleife veredelt wird. Bereit zum Verschenken, aber mit der M\u00f6glichkeit, sie zu personalisieren: W\u00e4hlen deine Geschmacksrichtung und schreibe deine ganz pers\u00f6nliche Nachricht auf die R\u00fcckseite!","breadcrumb":{"@id":"https:\/\/suwine.at\/en\/produkt\/antica-tartufi-dolci-le-personalizzabili-al-pistacchio\/#breadcrumb"},"inLanguage":"en-US","potentialAction":[{"@type":"ReadAction","target":["https:\/\/suwine.at\/en\/produkt\/antica-tartufi-dolci-le-personalizzabili-al-pistacchio\/"]}]},{"@type":"ImageObject","inLanguage":"en-US","@id":"https:\/\/suwine.at\/en\/produkt\/antica-tartufi-dolci-le-personalizzabili-al-pistacchio\/#primaryimage","url":"https:\/\/suwine.at\/wp-content\/uploads\/2024\/12\/IMG_5836.avif","contentUrl":"https:\/\/suwine.at\/wp-content\/uploads\/2024\/12\/IMG_5836.avif","width":1600,"height":1600,"caption":"Pistazien Tartufo"},{"@type":"BreadcrumbList","@id":"https:\/\/suwine.at\/en\/produkt\/antica-tartufi-dolci-le-personalizzabili-al-pistacchio\/#breadcrumb","itemListElement":[{"@type":"ListItem","position":1,"name":"Startseite","item":"https:\/\/suwine.at\/en\/suwine-suwi-zlatic\/"},{"@type":"ListItem","position":2,"name":"Shop","item":"https:\/\/suwine.at\/en\/shop-2\/"},{"@type":"ListItem","position":3,"name":"Antica Tartufi dolci Le personalizzabili al Pistacchio"}]},{"@type":"WebSite","@id":"https:\/\/suwine.at\/en\/#website","url":"https:\/\/suwine.at\/en\/","name":"Suwine - Suwi Zlatic","description":"Sommelier | Gourmet Play Store | Consulting","potentialAction":[{"@type":"SearchAction","target":{"@type":"EntryPoint","urlTemplate":"https:\/\/suwine.at\/en\/?s={search_term_string}"},"query-input":{"@type":"PropertyValueSpecification","valueRequired":true,"valueName":"search_term_string"}}],"inLanguage":"en-US"}]}},"_links":{"self":[{"href":"https:\/\/suwine.at\/en\/wp-json\/wp\/v2\/product\/234832","targetHints":{"allow":["GET"]}}],"collection":[{"href":"https:\/\/suwine.at\/en\/wp-json\/wp\/v2\/product"}],"about":[{"href":"https:\/\/suwine.at\/en\/wp-json\/wp\/v2\/types\/product"}],"wp:featuredmedia":[{"embeddable":true,"href":"https:\/\/suwine.at\/en\/wp-json\/wp\/v2\/media\/234836"}],"wp:attachment":[{"href":"https:\/\/suwine.at\/en\/wp-json\/wp\/v2\/media?parent=234832"}],"wp:term":[{"taxonomy":"product_brand","embeddable":true,"href":"https:\/\/suwine.at\/en\/wp-json\/wp\/v2\/product_brand?post=234832"},{"taxonomy":"product_cat","embeddable":true,"href":"https:\/\/suwine.at\/en\/wp-json\/wp\/v2\/product_cat?post=234832"},{"taxonomy":"product_tag","embeddable":true,"href":"https:\/\/suwine.at\/en\/wp-json\/wp\/v2\/product_tag?post=234832"}],"curies":[{"name":"wp","href":"https:\/\/api.w.org\/{rel}","templated":true}]}}