{"id":235106,"date":"2025-02-06T21:26:30","date_gmt":"2025-02-06T20:26:30","guid":{"rendered":"https:\/\/suwine.at\/?post_type=product&#038;p=235106"},"modified":"2026-03-30T10:10:31","modified_gmt":"2026-03-30T08:10:31","slug":"argyros-estate-cuvee-monsignori-assyrtiko-2020","status":"publish","type":"product","link":"https:\/\/suwine.at\/en\/produkt\/argyros-estate-cuvee-monsignori-assyrtiko-2020\/","title":{"rendered":"Argyros Estate \/ Cuv\u00e9e Monsignori (Assyrtiko), 2020"},"content":{"rendered":"<h2 class=\"product-detail-name\">Argyros Estate \/ Cuv\u00e9e Monsignori (Assyrtiko), 2020<\/h2>\n<div class=\"product-detail-description-text\">\n<p>Der Assyrtiko \u201eCuvee Monsignori\u201c stammt aus der \u00e4ltesten Parzelle deren Ertr\u00e4ge recht klein sind. Zarte strohgelbe Farbe mit leichtem gr\u00fcnem Reflex. In der Nase dominieren Zitrus und gelbe Frucht, mit einem Hauch von Zitronengras und Stein. Am Gaumen explodieren Frische und Mineralit\u00e4t. Die S\u00e4ure scheint perfekt eingebunden. Sehr guter Trinkflu\u00df, wobei das Potential noch lange nicht ausgesch\u00f6pft ist.<\/p>\n<table class=\"table table-striped product-detail-properties-table\">\n<tbody>\n<tr class=\"properties-row\">\n<th class=\"properties-label\">Rebsorte:<\/th>\n<td class=\"properties-value\">* alte Reben , Assyrtiko<\/td>\n<\/tr>\n<tr class=\"properties-row\">\n<th class=\"properties-label\">Jahrgang:<\/th>\n<td class=\"properties-value\">2020<\/td>\n<\/tr>\n<tr class=\"properties-row\">\n<th class=\"properties-label\">Alkoholgehalt:<\/th>\n<td class=\"properties-value\">14% vol.<\/td>\n<\/tr>\n<tr class=\"properties-row\">\n<th class=\"properties-label\">Inhalt:<\/th>\n<td class=\"properties-value\">0,75 Liter<\/td>\n<\/tr>\n<tr class=\"properties-row\">\n<th class=\"properties-label\">Anbaufl\u00e4che:<\/th>\n<td class=\"properties-value\">65 ha.<\/td>\n<\/tr>\n<tr class=\"properties-row\">\n<th class=\"properties-label\">Anbaugebiet:<\/th>\n<td class=\"properties-value\">Pyrgos, Kallistis &#8211; Santorini, gesch\u00fctzte geographische Angabe<\/td>\n<\/tr>\n<tr class=\"properties-row\">\n<th class=\"properties-label\">Enth\u00e4lt:<\/th>\n<td class=\"properties-value\">Sulfite<\/td>\n<\/tr>\n<tr class=\"properties-row\">\n<th class=\"properties-label\">Herkunft:<\/th>\n<td class=\"properties-value\">Griechenland<\/td>\n<\/tr>\n<tr class=\"properties-row\">\n<th class=\"properties-label\">Hersteller \/ Importeur:<\/th>\n<td class=\"properties-value\">Argyros Estate &#8211; Episkopi Gonia, GR-84700 Santorini &#8211; Griechenland<\/td>\n<\/tr>\n<\/tbody>\n<\/table>\n<\/div>\n<p>Argyros estate, 1903 von Georgios Argyros gegr\u00fcndet, lag in einem 5 Hektar gro\u00dfen Weinberg in Episkopi Gonia Thiras (Santorini) . Georgios Argyros stellte seine Weine nach der traditionellen santorinischen Weise her und verkaufte sie vor allem auf dem lokalen Markt.<\/p>\n<p>Im Jahr 1950 erweiterte Matth\u00e4us Argyros den Familienweinberg auf 15 Hektar. Aber derjenige, der das Weingut signifikant \u00e4nderte ist Yiannis Argyros, der das Weingut seit 1974 f\u00fchrt. Yiannis Argyros hat nicht nur den Familienweinberg auf 65 Hektar erh\u00f6ht, sondern er arbeitete hart, um die Familientradition mit moderner Technologie zu kombinieren und die hohe Qualit\u00e4t der Trauben zu gew\u00e4hrleisten.<\/p>\n<p>Matthew Argyros repr\u00e4sentiert die vierte Generation des Weinbaus bei Argyros Estate. Er wurde bereits als kompetenter Fortf\u00fchrer der alten Traditionen und f\u00fcr den erfolgreichen Verlauf anerkannt. Getreu den Prinzipien seiner Vorfahren, bleibt auch er ein Vision\u00e4r der hart f\u00fcr die Zukunft der Argyros Estate und f\u00fcr den Wein aus Santorini arbeitet.<\/p>\n<p>Estate Argyros &#8211; Episkopi Gonia, GR-84700 Santorini &#8211; Griechenland<\/p>\n<span class=\"et_bloom_bottom_trigger\"><\/span>","protected":false},"excerpt":{"rendered":"<p>Der Assyrtiko \u201eCuvee Monsignori\u201c stammt aus der \u00e4ltesten Parzelle deren Ertr\u00e4ge recht klein sind. Zarte strohgelbe Farbe mit leichtem gr\u00fcnem Reflex. In der Nase dominieren Zitrus und gelbe Frucht, mit einem Hauch von Zitronengras und Stein. Am Gaumen explodieren Frische und Mineralit\u00e4t. Die S\u00e4ure scheint perfekt eingebunden. Sehr guter Trinkflu\u00df, wobei das Potential noch lange nicht ausgesch\u00f6pft ist.<\/p>\n","protected":false},"featured_media":235098,"template":"","meta":{"_et_pb_use_builder":"","_et_pb_old_content":"","_et_gb_content_width":""},"product_brand":[],"product_cat":[84,115,191,212],"product_tag":[645,876],"class_list":{"0":"post-235106","1":"product","2":"type-product","3":"status-publish","4":"has-post-thumbnail","6":"product_cat-weisswein","7":"product_cat-wein","8":"product_cat-weisswein-raritaeten","9":"product_cat-weisswein-international","10":"product_tag-griechenland","11":"product_tag-santorini","13":"first","14":"instock","15":"taxable","16":"shipping-taxable","17":"purchasable","18":"product-type-simple"},"yoast_head":"<!-- This site is optimized with the Yoast SEO plugin v27.2 - https:\/\/yoast.com\/product\/yoast-seo-wordpress\/ -->\n<title>Argyros Estate \/ Cuv\u00e9e Monsignori (Assyrtiko), 2020 - Suwine - Suwi Zlatic<\/title>\n<meta name=\"description\" content=\"Der Assyrtiko \u201eCuvee Monsignori\u201c stammt aus der \u00e4ltesten Parzelle deren Ertr\u00e4ge recht klein sind. Zarte strohgelbe Farbe mit leichtem gr\u00fcnem Reflex. In der Nase dominieren Zitrus und gelbe Frucht, mit einem Hauch von Zitronengras und Stein. Am Gaumen explodieren Frische und Mineralit\u00e4t. Die S\u00e4ure scheint perfekt eingebunden. Sehr guter Trinkflu\u00df, wobei das Potential noch lange nicht ausgesch\u00f6pft ist.\" \/>\n<meta name=\"robots\" content=\"index, follow, max-snippet:-1, max-image-preview:large, max-video-preview:-1\" \/>\n<link rel=\"canonical\" href=\"https:\/\/suwine.at\/en\/produkt\/argyros-estate-cuvee-monsignori-assyrtiko-2020\/\" \/>\n<meta property=\"og:locale\" content=\"en_US\" \/>\n<meta property=\"og:type\" content=\"article\" \/>\n<meta property=\"og:title\" content=\"Argyros Estate \/ Cuv\u00e9e Monsignori (Assyrtiko), 2020 - Suwine - Suwi Zlatic\" \/>\n<meta property=\"og:description\" content=\"Der Assyrtiko \u201eCuvee Monsignori\u201c stammt aus der \u00e4ltesten Parzelle deren Ertr\u00e4ge recht klein sind. Zarte strohgelbe Farbe mit leichtem gr\u00fcnem Reflex. In der Nase dominieren Zitrus und gelbe Frucht, mit einem Hauch von Zitronengras und Stein. Am Gaumen explodieren Frische und Mineralit\u00e4t. Die S\u00e4ure scheint perfekt eingebunden. Sehr guter Trinkflu\u00df, wobei das Potential noch lange nicht ausgesch\u00f6pft ist.\" \/>\n<meta property=\"og:url\" content=\"https:\/\/suwine.at\/en\/produkt\/argyros-estate-cuvee-monsignori-assyrtiko-2020\/\" \/>\n<meta property=\"og:site_name\" content=\"Suwine - Suwi Zlatic\" \/>\n<meta property=\"article:modified_time\" content=\"2026-03-30T08:10:31+00:00\" \/>\n<meta property=\"og:image\" content=\"https:\/\/suwine.at\/wp-content\/uploads\/2025\/02\/IMG_6865.avif\" \/>\n\t<meta property=\"og:image:width\" content=\"1200\" \/>\n\t<meta property=\"og:image:height\" content=\"1200\" \/>\n\t<meta property=\"og:image:type\" content=\"image\/jpeg\" \/>\n<meta name=\"twitter:card\" content=\"summary_large_image\" \/>\n<meta name=\"twitter:label1\" content=\"Est. reading time\" \/>\n\t<meta name=\"twitter:data1\" content=\"2 minutes\" \/>\n<script type=\"application\/ld+json\" class=\"yoast-schema-graph\">{\"@context\":\"https:\/\/schema.org\",\"@graph\":[{\"@type\":\"WebPage\",\"@id\":\"https:\/\/suwine.at\/en\/produkt\/argyros-estate-cuvee-monsignori-assyrtiko-2020\/\",\"url\":\"https:\/\/suwine.at\/en\/produkt\/argyros-estate-cuvee-monsignori-assyrtiko-2020\/\",\"name\":\"Argyros Estate \/ Cuv\u00e9e Monsignori (Assyrtiko), 2020 - Suwine - Suwi Zlatic\",\"isPartOf\":{\"@id\":\"https:\/\/suwine.at\/en\/#website\"},\"primaryImageOfPage\":{\"@id\":\"https:\/\/suwine.at\/en\/produkt\/argyros-estate-cuvee-monsignori-assyrtiko-2020\/#primaryimage\"},\"image\":{\"@id\":\"https:\/\/suwine.at\/en\/produkt\/argyros-estate-cuvee-monsignori-assyrtiko-2020\/#primaryimage\"},\"thumbnailUrl\":\"https:\/\/suwine.at\/wp-content\/uploads\/2025\/02\/IMG_6865.avif\",\"datePublished\":\"2025-02-06T20:26:30+00:00\",\"dateModified\":\"2026-03-30T08:10:31+00:00\",\"description\":\"Der Assyrtiko \u201eCuvee Monsignori\u201c stammt aus der \u00e4ltesten Parzelle deren Ertr\u00e4ge recht klein sind. Zarte strohgelbe Farbe mit leichtem gr\u00fcnem Reflex. In der Nase dominieren Zitrus und gelbe Frucht, mit einem Hauch von Zitronengras und Stein. Am Gaumen explodieren Frische und Mineralit\u00e4t. Die S\u00e4ure scheint perfekt eingebunden. Sehr guter Trinkflu\u00df, wobei das Potential noch lange nicht ausgesch\u00f6pft ist.\",\"breadcrumb\":{\"@id\":\"https:\/\/suwine.at\/en\/produkt\/argyros-estate-cuvee-monsignori-assyrtiko-2020\/#breadcrumb\"},\"inLanguage\":\"en-US\",\"potentialAction\":[{\"@type\":\"ReadAction\",\"target\":[\"https:\/\/suwine.at\/en\/produkt\/argyros-estate-cuvee-monsignori-assyrtiko-2020\/\"]}]},{\"@type\":\"ImageObject\",\"inLanguage\":\"en-US\",\"@id\":\"https:\/\/suwine.at\/en\/produkt\/argyros-estate-cuvee-monsignori-assyrtiko-2020\/#primaryimage\",\"url\":\"https:\/\/suwine.at\/wp-content\/uploads\/2025\/02\/IMG_6865.avif\",\"contentUrl\":\"https:\/\/suwine.at\/wp-content\/uploads\/2025\/02\/IMG_6865.avif\",\"width\":1200,\"height\":1200,\"caption\":\"monsignori\"},{\"@type\":\"BreadcrumbList\",\"@id\":\"https:\/\/suwine.at\/en\/produkt\/argyros-estate-cuvee-monsignori-assyrtiko-2020\/#breadcrumb\",\"itemListElement\":[{\"@type\":\"ListItem\",\"position\":1,\"name\":\"Startseite\",\"item\":\"https:\/\/suwine.at\/en\/suwine-suwi-zlatic\/\"},{\"@type\":\"ListItem\",\"position\":2,\"name\":\"Shop\",\"item\":\"https:\/\/suwine.at\/en\/shop-2\/\"},{\"@type\":\"ListItem\",\"position\":3,\"name\":\"Argyros Estate \/ Cuv\u00e9e Monsignori (Assyrtiko), 2020\"}]},{\"@type\":\"WebSite\",\"@id\":\"https:\/\/suwine.at\/en\/#website\",\"url\":\"https:\/\/suwine.at\/en\/\",\"name\":\"Suwine - Suwi Zlatic\",\"description\":\"Sommelier | Gourmet Play Store | Consulting\",\"potentialAction\":[{\"@type\":\"SearchAction\",\"target\":{\"@type\":\"EntryPoint\",\"urlTemplate\":\"https:\/\/suwine.at\/en\/?s={search_term_string}\"},\"query-input\":{\"@type\":\"PropertyValueSpecification\",\"valueRequired\":true,\"valueName\":\"search_term_string\"}}],\"inLanguage\":\"en-US\"}]}<\/script>\n<!-- \/ Yoast SEO plugin. -->","yoast_head_json":{"title":"Argyros Estate \/ Cuv\u00e9e Monsignori (Assyrtiko), 2020 - Suwine - Suwi Zlatic","description":"Der Assyrtiko \u201eCuvee Monsignori\u201c stammt aus der \u00e4ltesten Parzelle deren Ertr\u00e4ge recht klein sind. Zarte strohgelbe Farbe mit leichtem gr\u00fcnem Reflex. In der Nase dominieren Zitrus und gelbe Frucht, mit einem Hauch von Zitronengras und Stein. Am Gaumen explodieren Frische und Mineralit\u00e4t. Die S\u00e4ure scheint perfekt eingebunden. Sehr guter Trinkflu\u00df, wobei das Potential noch lange nicht ausgesch\u00f6pft ist.","robots":{"index":"index","follow":"follow","max-snippet":"max-snippet:-1","max-image-preview":"max-image-preview:large","max-video-preview":"max-video-preview:-1"},"canonical":"https:\/\/suwine.at\/en\/produkt\/argyros-estate-cuvee-monsignori-assyrtiko-2020\/","og_locale":"en_US","og_type":"article","og_title":"Argyros Estate \/ Cuv\u00e9e Monsignori (Assyrtiko), 2020 - Suwine - Suwi Zlatic","og_description":"Der Assyrtiko \u201eCuvee Monsignori\u201c stammt aus der \u00e4ltesten Parzelle deren Ertr\u00e4ge recht klein sind. Zarte strohgelbe Farbe mit leichtem gr\u00fcnem Reflex. In der Nase dominieren Zitrus und gelbe Frucht, mit einem Hauch von Zitronengras und Stein. Am Gaumen explodieren Frische und Mineralit\u00e4t. Die S\u00e4ure scheint perfekt eingebunden. Sehr guter Trinkflu\u00df, wobei das Potential noch lange nicht ausgesch\u00f6pft ist.","og_url":"https:\/\/suwine.at\/en\/produkt\/argyros-estate-cuvee-monsignori-assyrtiko-2020\/","og_site_name":"Suwine - Suwi Zlatic","article_modified_time":"2026-03-30T08:10:31+00:00","og_image":[{"width":1200,"height":1200,"url":"https:\/\/suwine.at\/wp-content\/uploads\/2025\/02\/IMG_6865.avif","type":"image\/jpeg"}],"twitter_card":"summary_large_image","twitter_misc":{"Est. reading time":"2 minutes"},"schema":{"@context":"https:\/\/schema.org","@graph":[{"@type":"WebPage","@id":"https:\/\/suwine.at\/en\/produkt\/argyros-estate-cuvee-monsignori-assyrtiko-2020\/","url":"https:\/\/suwine.at\/en\/produkt\/argyros-estate-cuvee-monsignori-assyrtiko-2020\/","name":"Argyros Estate \/ Cuv\u00e9e Monsignori (Assyrtiko), 2020 - Suwine - Suwi Zlatic","isPartOf":{"@id":"https:\/\/suwine.at\/en\/#website"},"primaryImageOfPage":{"@id":"https:\/\/suwine.at\/en\/produkt\/argyros-estate-cuvee-monsignori-assyrtiko-2020\/#primaryimage"},"image":{"@id":"https:\/\/suwine.at\/en\/produkt\/argyros-estate-cuvee-monsignori-assyrtiko-2020\/#primaryimage"},"thumbnailUrl":"https:\/\/suwine.at\/wp-content\/uploads\/2025\/02\/IMG_6865.avif","datePublished":"2025-02-06T20:26:30+00:00","dateModified":"2026-03-30T08:10:31+00:00","description":"Der Assyrtiko \u201eCuvee Monsignori\u201c stammt aus der \u00e4ltesten Parzelle deren Ertr\u00e4ge recht klein sind. Zarte strohgelbe Farbe mit leichtem gr\u00fcnem Reflex. In der Nase dominieren Zitrus und gelbe Frucht, mit einem Hauch von Zitronengras und Stein. Am Gaumen explodieren Frische und Mineralit\u00e4t. Die S\u00e4ure scheint perfekt eingebunden. Sehr guter Trinkflu\u00df, wobei das Potential noch lange nicht ausgesch\u00f6pft ist.","breadcrumb":{"@id":"https:\/\/suwine.at\/en\/produkt\/argyros-estate-cuvee-monsignori-assyrtiko-2020\/#breadcrumb"},"inLanguage":"en-US","potentialAction":[{"@type":"ReadAction","target":["https:\/\/suwine.at\/en\/produkt\/argyros-estate-cuvee-monsignori-assyrtiko-2020\/"]}]},{"@type":"ImageObject","inLanguage":"en-US","@id":"https:\/\/suwine.at\/en\/produkt\/argyros-estate-cuvee-monsignori-assyrtiko-2020\/#primaryimage","url":"https:\/\/suwine.at\/wp-content\/uploads\/2025\/02\/IMG_6865.avif","contentUrl":"https:\/\/suwine.at\/wp-content\/uploads\/2025\/02\/IMG_6865.avif","width":1200,"height":1200,"caption":"monsignori"},{"@type":"BreadcrumbList","@id":"https:\/\/suwine.at\/en\/produkt\/argyros-estate-cuvee-monsignori-assyrtiko-2020\/#breadcrumb","itemListElement":[{"@type":"ListItem","position":1,"name":"Startseite","item":"https:\/\/suwine.at\/en\/suwine-suwi-zlatic\/"},{"@type":"ListItem","position":2,"name":"Shop","item":"https:\/\/suwine.at\/en\/shop-2\/"},{"@type":"ListItem","position":3,"name":"Argyros Estate \/ Cuv\u00e9e Monsignori (Assyrtiko), 2020"}]},{"@type":"WebSite","@id":"https:\/\/suwine.at\/en\/#website","url":"https:\/\/suwine.at\/en\/","name":"Suwine - Suwi Zlatic","description":"Sommelier | Gourmet Play Store | Consulting","potentialAction":[{"@type":"SearchAction","target":{"@type":"EntryPoint","urlTemplate":"https:\/\/suwine.at\/en\/?s={search_term_string}"},"query-input":{"@type":"PropertyValueSpecification","valueRequired":true,"valueName":"search_term_string"}}],"inLanguage":"en-US"}]}},"_links":{"self":[{"href":"https:\/\/suwine.at\/en\/wp-json\/wp\/v2\/product\/235106","targetHints":{"allow":["GET"]}}],"collection":[{"href":"https:\/\/suwine.at\/en\/wp-json\/wp\/v2\/product"}],"about":[{"href":"https:\/\/suwine.at\/en\/wp-json\/wp\/v2\/types\/product"}],"wp:featuredmedia":[{"embeddable":true,"href":"https:\/\/suwine.at\/en\/wp-json\/wp\/v2\/media\/235098"}],"wp:attachment":[{"href":"https:\/\/suwine.at\/en\/wp-json\/wp\/v2\/media?parent=235106"}],"wp:term":[{"taxonomy":"product_brand","embeddable":true,"href":"https:\/\/suwine.at\/en\/wp-json\/wp\/v2\/product_brand?post=235106"},{"taxonomy":"product_cat","embeddable":true,"href":"https:\/\/suwine.at\/en\/wp-json\/wp\/v2\/product_cat?post=235106"},{"taxonomy":"product_tag","embeddable":true,"href":"https:\/\/suwine.at\/en\/wp-json\/wp\/v2\/product_tag?post=235106"}],"curies":[{"name":"wp","href":"https:\/\/api.w.org\/{rel}","templated":true}]}}