{"id":235261,"date":"2025-04-03T16:45:57","date_gmt":"2025-04-03T14:45:57","guid":{"rendered":"https:\/\/suwine.at\/?post_type=product&#038;p=235261"},"modified":"2026-04-03T11:05:47","modified_gmt":"2026-04-03T09:05:47","slug":"ninki-gold-label","status":"publish","type":"product","link":"https:\/\/suwine.at\/en\/produkt\/ninki-gold-label\/","title":{"rendered":"NINKI GOLD LABEL"},"content":{"rendered":"<h2>NINKI GOLD LABEL<\/h2>\n<p>Sehr harmonischer Junmai Daiginjo Sake mit ausgezeichnetem Preis-Leistungsverh\u00e4ltnis. Typische Ginjo-Aromatik mit Noten von tropischen Fr\u00fcchten. Trockener und vielschichtiger Geschmack. Die ideale Begleitung f\u00fcr leichte Fischgerichte.<\/p>\n<ul class=\"product--base-info list--unstyled\">\n<li class=\"base-info--entry entry-attribute\"><strong class=\"entry--label\">Flaschengr\u00f6\u00dfe:<\/strong><span class=\"entry--content\">720ml<\/span><\/li>\n<li class=\"base-info--entry entry-attribute\"><strong class=\"entry--label\">Pr\u00e4fektur:<\/strong><span class=\"entry--content\">Fukushima<\/span><\/li>\n<li class=\"base-info--entry entry-attribute zutaten\"><strong class=\"entry--label\">Zutaten:<\/strong><span class=\"entry--content\">Wasser, Reis, Koji-Reis<\/span><\/li>\n<li class=\"base-info--entry entry-attribute\"><strong class=\"entry--label\">Reis:<\/strong><span class=\"entry--content\">Chiyo Nishiki, Gohyakumangoku, Yumeno Kaori<\/span><\/li>\n<li class=\"base-info--entry entry-attribute poliergrad\"><strong class=\"entry--label\">Poliergrad:<\/strong><span class=\"entry--content\">50% pol.<\/span><\/li>\n<li class=\"base-info--entry entry-attribute\"><strong class=\"entry--label\">Stil:<\/strong><span class=\"entry--content\">fruchtig &amp; sanft, trocken<\/span><\/li>\n<li class=\"base-info--entry entry-attribute speiseempfehlung}\"><strong class=\"entry--label\">Speiseempfehlung:<\/strong><span class=\"entry--content\">Heilbutt-Carpaccio, gebratene Jakobsmuscheln, Grillgem\u00fcse, on the rocks als Aperitif<\/span><\/li>\n<li class=\"base-info--entry entry-attribute trinkempfehlung\"><strong class=\"entry--label\">Trinkempfehlung:<\/strong><span class=\"entry--content\">k\u00fchl (10-15\u00b0C)<\/span><\/li>\n<li class=\"base-info--entry entry-attribute\"><strong class=\"entry--label\">Alkohol:<\/strong><span class=\"entry--content\">15% vol.<\/span><\/li>\n<\/ul>\n<span class=\"et_bloom_bottom_trigger\"><\/span>","protected":false},"excerpt":{"rendered":"<p>Sehr harmonischer Junmai Daiginjo Sake mit ausgezeichnetem Preis-Leistungsverh\u00e4ltnis. Typische Ginjo-Aromatik mit Noten von tropischen Fr\u00fcchten. Trockener und vielschichtiger Geschmack. Die ideale Begleitung f\u00fcr leichte Fischgerichte.<\/p>\n","protected":false},"featured_media":235262,"template":"","meta":{"_et_pb_use_builder":"","_et_pb_old_content":"","_et_gb_content_width":""},"product_brand":[],"product_cat":[87],"product_tag":[154,612],"class_list":{"0":"post-235261","1":"product","2":"type-product","3":"status-publish","4":"has-post-thumbnail","6":"product_cat-sake","7":"product_tag-sake","8":"product_tag-junmai-daiginjo","10":"first","11":"instock","12":"taxable","13":"shipping-taxable","14":"purchasable","15":"product-type-simple"},"yoast_head":"<!-- This site is optimized with the Yoast SEO plugin v27.2 - https:\/\/yoast.com\/product\/yoast-seo-wordpress\/ -->\n<title>NINKI GOLD LABEL - Suwine - Suwi Zlatic<\/title>\n<meta name=\"description\" content=\"Sehr harmonischer Junmai Daiginjo Sake mit ausgezeichnetem Preis-Leistungsverh\u00e4ltnis. Typische Ginjo-Aromatik mit Noten von tropischen Fr\u00fcchten. Trockener und vielschichtiger Geschmack. Die ideale Begleitung f\u00fcr leichte Fischgerichte.\" \/>\n<meta name=\"robots\" content=\"index, follow, max-snippet:-1, max-image-preview:large, max-video-preview:-1\" \/>\n<link rel=\"canonical\" href=\"https:\/\/suwine.at\/en\/produkt\/ninki-gold-label\/\" \/>\n<meta property=\"og:locale\" content=\"en_US\" \/>\n<meta property=\"og:type\" content=\"article\" \/>\n<meta property=\"og:title\" content=\"NINKI GOLD LABEL - Suwine - Suwi Zlatic\" \/>\n<meta property=\"og:description\" content=\"Sehr harmonischer Junmai Daiginjo Sake mit ausgezeichnetem Preis-Leistungsverh\u00e4ltnis. Typische Ginjo-Aromatik mit Noten von tropischen Fr\u00fcchten. Trockener und vielschichtiger Geschmack. Die ideale Begleitung f\u00fcr leichte Fischgerichte.\" \/>\n<meta property=\"og:url\" content=\"https:\/\/suwine.at\/en\/produkt\/ninki-gold-label\/\" \/>\n<meta property=\"og:site_name\" content=\"Suwine - Suwi Zlatic\" \/>\n<meta property=\"article:modified_time\" content=\"2026-04-03T09:05:47+00:00\" \/>\n<meta property=\"og:image\" content=\"https:\/\/suwine.at\/wp-content\/uploads\/2025\/04\/59468632-792F-49FF-9BCF-2602B668612F.avif\" \/>\n\t<meta property=\"og:image:width\" content=\"1600\" \/>\n\t<meta property=\"og:image:height\" content=\"1600\" \/>\n\t<meta property=\"og:image:type\" content=\"image\/jpeg\" \/>\n<meta name=\"twitter:card\" content=\"summary_large_image\" \/>\n<meta name=\"twitter:label1\" content=\"Est. reading time\" \/>\n\t<meta name=\"twitter:data1\" content=\"1 minute\" \/>\n<script type=\"application\/ld+json\" class=\"yoast-schema-graph\">{\"@context\":\"https:\/\/schema.org\",\"@graph\":[{\"@type\":\"WebPage\",\"@id\":\"https:\/\/suwine.at\/en\/produkt\/ninki-gold-label\/\",\"url\":\"https:\/\/suwine.at\/en\/produkt\/ninki-gold-label\/\",\"name\":\"NINKI GOLD LABEL - Suwine - Suwi Zlatic\",\"isPartOf\":{\"@id\":\"https:\/\/suwine.at\/en\/#website\"},\"primaryImageOfPage\":{\"@id\":\"https:\/\/suwine.at\/en\/produkt\/ninki-gold-label\/#primaryimage\"},\"image\":{\"@id\":\"https:\/\/suwine.at\/en\/produkt\/ninki-gold-label\/#primaryimage\"},\"thumbnailUrl\":\"https:\/\/suwine.at\/wp-content\/uploads\/2025\/04\/59468632-792F-49FF-9BCF-2602B668612F.avif\",\"datePublished\":\"2025-04-03T14:45:57+00:00\",\"dateModified\":\"2026-04-03T09:05:47+00:00\",\"description\":\"Sehr harmonischer Junmai Daiginjo Sake mit ausgezeichnetem Preis-Leistungsverh\u00e4ltnis. Typische Ginjo-Aromatik mit Noten von tropischen Fr\u00fcchten. Trockener und vielschichtiger Geschmack. Die ideale Begleitung f\u00fcr leichte Fischgerichte.\",\"breadcrumb\":{\"@id\":\"https:\/\/suwine.at\/en\/produkt\/ninki-gold-label\/#breadcrumb\"},\"inLanguage\":\"en-US\",\"potentialAction\":[{\"@type\":\"ReadAction\",\"target\":[\"https:\/\/suwine.at\/en\/produkt\/ninki-gold-label\/\"]}]},{\"@type\":\"ImageObject\",\"inLanguage\":\"en-US\",\"@id\":\"https:\/\/suwine.at\/en\/produkt\/ninki-gold-label\/#primaryimage\",\"url\":\"https:\/\/suwine.at\/wp-content\/uploads\/2025\/04\/59468632-792F-49FF-9BCF-2602B668612F.avif\",\"contentUrl\":\"https:\/\/suwine.at\/wp-content\/uploads\/2025\/04\/59468632-792F-49FF-9BCF-2602B668612F.avif\",\"width\":1600,\"height\":1600,\"caption\":\"Ninki Gold\"},{\"@type\":\"BreadcrumbList\",\"@id\":\"https:\/\/suwine.at\/en\/produkt\/ninki-gold-label\/#breadcrumb\",\"itemListElement\":[{\"@type\":\"ListItem\",\"position\":1,\"name\":\"Startseite\",\"item\":\"https:\/\/suwine.at\/en\/suwine-suwi-zlatic\/\"},{\"@type\":\"ListItem\",\"position\":2,\"name\":\"Shop\",\"item\":\"https:\/\/suwine.at\/en\/shop-2\/\"},{\"@type\":\"ListItem\",\"position\":3,\"name\":\"NINKI GOLD LABEL\"}]},{\"@type\":\"WebSite\",\"@id\":\"https:\/\/suwine.at\/en\/#website\",\"url\":\"https:\/\/suwine.at\/en\/\",\"name\":\"Suwine - Suwi Zlatic\",\"description\":\"Sommelier | Gourmet Play Store | Consulting\",\"potentialAction\":[{\"@type\":\"SearchAction\",\"target\":{\"@type\":\"EntryPoint\",\"urlTemplate\":\"https:\/\/suwine.at\/en\/?s={search_term_string}\"},\"query-input\":{\"@type\":\"PropertyValueSpecification\",\"valueRequired\":true,\"valueName\":\"search_term_string\"}}],\"inLanguage\":\"en-US\"}]}<\/script>\n<!-- \/ Yoast SEO plugin. -->","yoast_head_json":{"title":"NINKI GOLD LABEL - Suwine - Suwi Zlatic","description":"Sehr harmonischer Junmai Daiginjo Sake mit ausgezeichnetem Preis-Leistungsverh\u00e4ltnis. Typische Ginjo-Aromatik mit Noten von tropischen Fr\u00fcchten. Trockener und vielschichtiger Geschmack. Die ideale Begleitung f\u00fcr leichte Fischgerichte.","robots":{"index":"index","follow":"follow","max-snippet":"max-snippet:-1","max-image-preview":"max-image-preview:large","max-video-preview":"max-video-preview:-1"},"canonical":"https:\/\/suwine.at\/en\/produkt\/ninki-gold-label\/","og_locale":"en_US","og_type":"article","og_title":"NINKI GOLD LABEL - Suwine - Suwi Zlatic","og_description":"Sehr harmonischer Junmai Daiginjo Sake mit ausgezeichnetem Preis-Leistungsverh\u00e4ltnis. Typische Ginjo-Aromatik mit Noten von tropischen Fr\u00fcchten. Trockener und vielschichtiger Geschmack. Die ideale Begleitung f\u00fcr leichte Fischgerichte.","og_url":"https:\/\/suwine.at\/en\/produkt\/ninki-gold-label\/","og_site_name":"Suwine - Suwi Zlatic","article_modified_time":"2026-04-03T09:05:47+00:00","og_image":[{"width":1600,"height":1600,"url":"https:\/\/suwine.at\/wp-content\/uploads\/2025\/04\/59468632-792F-49FF-9BCF-2602B668612F.avif","type":"image\/jpeg"}],"twitter_card":"summary_large_image","twitter_misc":{"Est. reading time":"1 minute"},"schema":{"@context":"https:\/\/schema.org","@graph":[{"@type":"WebPage","@id":"https:\/\/suwine.at\/en\/produkt\/ninki-gold-label\/","url":"https:\/\/suwine.at\/en\/produkt\/ninki-gold-label\/","name":"NINKI GOLD LABEL - Suwine - Suwi Zlatic","isPartOf":{"@id":"https:\/\/suwine.at\/en\/#website"},"primaryImageOfPage":{"@id":"https:\/\/suwine.at\/en\/produkt\/ninki-gold-label\/#primaryimage"},"image":{"@id":"https:\/\/suwine.at\/en\/produkt\/ninki-gold-label\/#primaryimage"},"thumbnailUrl":"https:\/\/suwine.at\/wp-content\/uploads\/2025\/04\/59468632-792F-49FF-9BCF-2602B668612F.avif","datePublished":"2025-04-03T14:45:57+00:00","dateModified":"2026-04-03T09:05:47+00:00","description":"Sehr harmonischer Junmai Daiginjo Sake mit ausgezeichnetem Preis-Leistungsverh\u00e4ltnis. Typische Ginjo-Aromatik mit Noten von tropischen Fr\u00fcchten. Trockener und vielschichtiger Geschmack. Die ideale Begleitung f\u00fcr leichte Fischgerichte.","breadcrumb":{"@id":"https:\/\/suwine.at\/en\/produkt\/ninki-gold-label\/#breadcrumb"},"inLanguage":"en-US","potentialAction":[{"@type":"ReadAction","target":["https:\/\/suwine.at\/en\/produkt\/ninki-gold-label\/"]}]},{"@type":"ImageObject","inLanguage":"en-US","@id":"https:\/\/suwine.at\/en\/produkt\/ninki-gold-label\/#primaryimage","url":"https:\/\/suwine.at\/wp-content\/uploads\/2025\/04\/59468632-792F-49FF-9BCF-2602B668612F.avif","contentUrl":"https:\/\/suwine.at\/wp-content\/uploads\/2025\/04\/59468632-792F-49FF-9BCF-2602B668612F.avif","width":1600,"height":1600,"caption":"Ninki Gold"},{"@type":"BreadcrumbList","@id":"https:\/\/suwine.at\/en\/produkt\/ninki-gold-label\/#breadcrumb","itemListElement":[{"@type":"ListItem","position":1,"name":"Startseite","item":"https:\/\/suwine.at\/en\/suwine-suwi-zlatic\/"},{"@type":"ListItem","position":2,"name":"Shop","item":"https:\/\/suwine.at\/en\/shop-2\/"},{"@type":"ListItem","position":3,"name":"NINKI GOLD LABEL"}]},{"@type":"WebSite","@id":"https:\/\/suwine.at\/en\/#website","url":"https:\/\/suwine.at\/en\/","name":"Suwine - Suwi Zlatic","description":"Sommelier | Gourmet Play Store | Consulting","potentialAction":[{"@type":"SearchAction","target":{"@type":"EntryPoint","urlTemplate":"https:\/\/suwine.at\/en\/?s={search_term_string}"},"query-input":{"@type":"PropertyValueSpecification","valueRequired":true,"valueName":"search_term_string"}}],"inLanguage":"en-US"}]}},"_links":{"self":[{"href":"https:\/\/suwine.at\/en\/wp-json\/wp\/v2\/product\/235261","targetHints":{"allow":["GET"]}}],"collection":[{"href":"https:\/\/suwine.at\/en\/wp-json\/wp\/v2\/product"}],"about":[{"href":"https:\/\/suwine.at\/en\/wp-json\/wp\/v2\/types\/product"}],"wp:featuredmedia":[{"embeddable":true,"href":"https:\/\/suwine.at\/en\/wp-json\/wp\/v2\/media\/235262"}],"wp:attachment":[{"href":"https:\/\/suwine.at\/en\/wp-json\/wp\/v2\/media?parent=235261"}],"wp:term":[{"taxonomy":"product_brand","embeddable":true,"href":"https:\/\/suwine.at\/en\/wp-json\/wp\/v2\/product_brand?post=235261"},{"taxonomy":"product_cat","embeddable":true,"href":"https:\/\/suwine.at\/en\/wp-json\/wp\/v2\/product_cat?post=235261"},{"taxonomy":"product_tag","embeddable":true,"href":"https:\/\/suwine.at\/en\/wp-json\/wp\/v2\/product_tag?post=235261"}],"curies":[{"name":"wp","href":"https:\/\/api.w.org\/{rel}","templated":true}]}}