{"id":235330,"date":"2025-04-04T08:07:57","date_gmt":"2025-04-04T06:07:57","guid":{"rendered":"https:\/\/suwine.at\/?post_type=product&#038;p=235330"},"modified":"2026-01-05T09:00:44","modified_gmt":"2026-01-05T08:00:44","slug":"rihaku-dreamy-clouds","status":"publish","type":"product","link":"https:\/\/suwine.at\/en\/produkt\/rihaku-dreamy-clouds\/","title":{"rendered":"RIHAKU Dreamy Clouds"},"content":{"rendered":"<h2 class=\"product--title\"><span class=\"brauerei subheadline\">RIHAKU <\/span>Dreamy Clouds<\/h2>\n<p>Fruchtig-nussig und milde S\u00e4ure. Leicht tr\u00fcber \u2018nigori\u2018 Sake. Romantisch und poetisch. Gut zu w\u00fcrzigen und kr\u00e4ftigen Speisen. Vor dem \u00d6ffnen leicht sch\u00fctteln.<\/p>\n<ul class=\"product--base-info list--unstyled\">\n<li class=\"base-info--entry entry-attribute\"><strong class=\"entry--label\">Flaschengr\u00f6\u00dfe:<\/strong><span class=\"entry--content\">720ml<\/span><\/li>\n<li class=\"base-info--entry entry-attribute\"><strong class=\"entry--label\">Pr\u00e4fektur:<\/strong><span class=\"entry--content\">Shimane<\/span><\/li>\n<li class=\"base-info--entry entry-attribute zutaten\"><strong class=\"entry--label\">Zutaten:<\/strong><span class=\"entry--content\">Wasser, Reis, Koji-Reis<\/span><\/li>\n<li class=\"base-info--entry entry-attribute\"><strong class=\"entry--label\">Reis:<\/strong><span class=\"entry--content\">Gohyakumangoku<\/span><\/li>\n<li class=\"base-info--entry entry-attribute poliergrad\"><strong class=\"entry--label\">Poliergrad:<\/strong><span class=\"entry--content\">58% pol.<\/span><\/li>\n<li class=\"base-info--entry entry-attribute\"><strong class=\"entry--label\">Stil:<\/strong><span class=\"entry--content\">traditionell &amp; umami, trocken<\/span><\/li>\n<li class=\"base-info--entry entry-attribute speiseempfehlung}\"><strong class=\"entry--label\">Speiseempfehlung:<\/strong><span class=\"entry--content\">Aperitif, Speisen mit st\u00e4rkerem Geschmack bzw. W\u00fcrze (z.B. Teriyaki-H\u00e4hnchen, Tunfisch, Rohschinken, Mettwurst)<\/span><\/li>\n<li class=\"base-info--entry entry-attribute trinkempfehlung\"><strong class=\"entry--label\">Trinkempfehlung:<\/strong><span class=\"entry--content\">k\u00fchl (10-15\u00b0C)<\/span><\/li>\n<li class=\"base-info--entry entry-attribute\"><strong class=\"entry--label\">Alkohol:<\/strong><span class=\"entry--content\">15% vol.<\/span><\/li>\n<\/ul>\n<span class=\"et_bloom_bottom_trigger\"><\/span>","protected":false},"excerpt":{"rendered":"<p>Fruchtig-nussig und milde S\u00e4ure. Leicht tr\u00fcber \u2018nigori\u2018 Sake. Romantisch und poetisch. Gut zu w\u00fcrzigen und kr\u00e4ftigen Speisen. Vor dem \u00d6ffnen leicht sch\u00fctteln.<\/p>\n","protected":false},"featured_media":235319,"template":"","meta":{"_et_pb_use_builder":"","_et_pb_old_content":"","_et_gb_content_width":""},"product_brand":[],"product_cat":[87],"product_tag":[154,651],"class_list":{"0":"post-235330","1":"product","2":"type-product","3":"status-publish","4":"has-post-thumbnail","6":"product_cat-sake","7":"product_tag-sake","8":"product_tag-nigori","10":"first","11":"outofstock","12":"taxable","13":"shipping-taxable","14":"purchasable","15":"product-type-simple"},"yoast_head":"<!-- This site is optimized with the Yoast SEO plugin v27.2 - https:\/\/yoast.com\/product\/yoast-seo-wordpress\/ -->\n<title>RIHAKU Dreamy Clouds - Suwine - Suwi Zlatic<\/title>\n<meta name=\"description\" content=\"Fruchtig-nussig und milde S\u00e4ure. Leicht tr\u00fcber \u2018nigori\u2018 Sake. Romantisch und poetisch. Gut zu w\u00fcrzigen und kr\u00e4ftigen Speisen. Vor dem \u00d6ffnen leicht sch\u00fctteln.\" \/>\n<meta name=\"robots\" content=\"index, follow, max-snippet:-1, max-image-preview:large, max-video-preview:-1\" \/>\n<link rel=\"canonical\" href=\"https:\/\/suwine.at\/en\/produkt\/rihaku-dreamy-clouds\/\" \/>\n<meta property=\"og:locale\" content=\"en_US\" \/>\n<meta property=\"og:type\" content=\"article\" \/>\n<meta property=\"og:title\" content=\"RIHAKU Dreamy Clouds - Suwine - Suwi Zlatic\" \/>\n<meta property=\"og:description\" content=\"Fruchtig-nussig und milde S\u00e4ure. Leicht tr\u00fcber \u2018nigori\u2018 Sake. Romantisch und poetisch. Gut zu w\u00fcrzigen und kr\u00e4ftigen Speisen. Vor dem \u00d6ffnen leicht sch\u00fctteln.\" \/>\n<meta property=\"og:url\" content=\"https:\/\/suwine.at\/en\/produkt\/rihaku-dreamy-clouds\/\" \/>\n<meta property=\"og:site_name\" content=\"Suwine - Suwi Zlatic\" \/>\n<meta property=\"article:modified_time\" content=\"2026-01-05T08:00:44+00:00\" \/>\n<meta property=\"og:image\" content=\"https:\/\/suwine.at\/wp-content\/uploads\/2025\/04\/IMG_7583.avif\" \/>\n\t<meta property=\"og:image:width\" content=\"1600\" \/>\n\t<meta property=\"og:image:height\" content=\"1600\" \/>\n\t<meta property=\"og:image:type\" content=\"image\/jpeg\" \/>\n<meta name=\"twitter:card\" content=\"summary_large_image\" \/>\n<meta name=\"twitter:label1\" content=\"Est. reading time\" \/>\n\t<meta name=\"twitter:data1\" content=\"1 minute\" \/>\n<script type=\"application\/ld+json\" class=\"yoast-schema-graph\">{\"@context\":\"https:\/\/schema.org\",\"@graph\":[{\"@type\":\"WebPage\",\"@id\":\"https:\/\/suwine.at\/en\/produkt\/rihaku-dreamy-clouds\/\",\"url\":\"https:\/\/suwine.at\/en\/produkt\/rihaku-dreamy-clouds\/\",\"name\":\"RIHAKU Dreamy Clouds - Suwine - Suwi Zlatic\",\"isPartOf\":{\"@id\":\"https:\/\/suwine.at\/en\/#website\"},\"primaryImageOfPage\":{\"@id\":\"https:\/\/suwine.at\/en\/produkt\/rihaku-dreamy-clouds\/#primaryimage\"},\"image\":{\"@id\":\"https:\/\/suwine.at\/en\/produkt\/rihaku-dreamy-clouds\/#primaryimage\"},\"thumbnailUrl\":\"https:\/\/suwine.at\/wp-content\/uploads\/2025\/04\/IMG_7583.avif\",\"datePublished\":\"2025-04-04T06:07:57+00:00\",\"dateModified\":\"2026-01-05T08:00:44+00:00\",\"description\":\"Fruchtig-nussig und milde S\u00e4ure. Leicht tr\u00fcber \u2018nigori\u2018 Sake. Romantisch und poetisch. Gut zu w\u00fcrzigen und kr\u00e4ftigen Speisen. Vor dem \u00d6ffnen leicht sch\u00fctteln.\",\"breadcrumb\":{\"@id\":\"https:\/\/suwine.at\/en\/produkt\/rihaku-dreamy-clouds\/#breadcrumb\"},\"inLanguage\":\"en-US\",\"potentialAction\":[{\"@type\":\"ReadAction\",\"target\":[\"https:\/\/suwine.at\/en\/produkt\/rihaku-dreamy-clouds\/\"]}]},{\"@type\":\"ImageObject\",\"inLanguage\":\"en-US\",\"@id\":\"https:\/\/suwine.at\/en\/produkt\/rihaku-dreamy-clouds\/#primaryimage\",\"url\":\"https:\/\/suwine.at\/wp-content\/uploads\/2025\/04\/IMG_7583.avif\",\"contentUrl\":\"https:\/\/suwine.at\/wp-content\/uploads\/2025\/04\/IMG_7583.avif\",\"width\":1600,\"height\":1600,\"caption\":\"dreamy clouds\"},{\"@type\":\"BreadcrumbList\",\"@id\":\"https:\/\/suwine.at\/en\/produkt\/rihaku-dreamy-clouds\/#breadcrumb\",\"itemListElement\":[{\"@type\":\"ListItem\",\"position\":1,\"name\":\"Startseite\",\"item\":\"https:\/\/suwine.at\/en\/suwine-suwi-zlatic\/\"},{\"@type\":\"ListItem\",\"position\":2,\"name\":\"Shop\",\"item\":\"https:\/\/suwine.at\/en\/shop-2\/\"},{\"@type\":\"ListItem\",\"position\":3,\"name\":\"RIHAKU Dreamy Clouds\"}]},{\"@type\":\"WebSite\",\"@id\":\"https:\/\/suwine.at\/en\/#website\",\"url\":\"https:\/\/suwine.at\/en\/\",\"name\":\"Suwine - Suwi Zlatic\",\"description\":\"Sommelier | Gourmet Play Store | Consulting\",\"potentialAction\":[{\"@type\":\"SearchAction\",\"target\":{\"@type\":\"EntryPoint\",\"urlTemplate\":\"https:\/\/suwine.at\/en\/?s={search_term_string}\"},\"query-input\":{\"@type\":\"PropertyValueSpecification\",\"valueRequired\":true,\"valueName\":\"search_term_string\"}}],\"inLanguage\":\"en-US\"}]}<\/script>\n<!-- \/ Yoast SEO plugin. -->","yoast_head_json":{"title":"RIHAKU Dreamy Clouds - Suwine - Suwi Zlatic","description":"Fruchtig-nussig und milde S\u00e4ure. Leicht tr\u00fcber \u2018nigori\u2018 Sake. Romantisch und poetisch. Gut zu w\u00fcrzigen und kr\u00e4ftigen Speisen. Vor dem \u00d6ffnen leicht sch\u00fctteln.","robots":{"index":"index","follow":"follow","max-snippet":"max-snippet:-1","max-image-preview":"max-image-preview:large","max-video-preview":"max-video-preview:-1"},"canonical":"https:\/\/suwine.at\/en\/produkt\/rihaku-dreamy-clouds\/","og_locale":"en_US","og_type":"article","og_title":"RIHAKU Dreamy Clouds - Suwine - Suwi Zlatic","og_description":"Fruchtig-nussig und milde S\u00e4ure. Leicht tr\u00fcber \u2018nigori\u2018 Sake. Romantisch und poetisch. Gut zu w\u00fcrzigen und kr\u00e4ftigen Speisen. Vor dem \u00d6ffnen leicht sch\u00fctteln.","og_url":"https:\/\/suwine.at\/en\/produkt\/rihaku-dreamy-clouds\/","og_site_name":"Suwine - Suwi Zlatic","article_modified_time":"2026-01-05T08:00:44+00:00","og_image":[{"width":1600,"height":1600,"url":"https:\/\/suwine.at\/wp-content\/uploads\/2025\/04\/IMG_7583.avif","type":"image\/jpeg"}],"twitter_card":"summary_large_image","twitter_misc":{"Est. reading time":"1 minute"},"schema":{"@context":"https:\/\/schema.org","@graph":[{"@type":"WebPage","@id":"https:\/\/suwine.at\/en\/produkt\/rihaku-dreamy-clouds\/","url":"https:\/\/suwine.at\/en\/produkt\/rihaku-dreamy-clouds\/","name":"RIHAKU Dreamy Clouds - Suwine - Suwi Zlatic","isPartOf":{"@id":"https:\/\/suwine.at\/en\/#website"},"primaryImageOfPage":{"@id":"https:\/\/suwine.at\/en\/produkt\/rihaku-dreamy-clouds\/#primaryimage"},"image":{"@id":"https:\/\/suwine.at\/en\/produkt\/rihaku-dreamy-clouds\/#primaryimage"},"thumbnailUrl":"https:\/\/suwine.at\/wp-content\/uploads\/2025\/04\/IMG_7583.avif","datePublished":"2025-04-04T06:07:57+00:00","dateModified":"2026-01-05T08:00:44+00:00","description":"Fruchtig-nussig und milde S\u00e4ure. Leicht tr\u00fcber \u2018nigori\u2018 Sake. Romantisch und poetisch. Gut zu w\u00fcrzigen und kr\u00e4ftigen Speisen. Vor dem \u00d6ffnen leicht sch\u00fctteln.","breadcrumb":{"@id":"https:\/\/suwine.at\/en\/produkt\/rihaku-dreamy-clouds\/#breadcrumb"},"inLanguage":"en-US","potentialAction":[{"@type":"ReadAction","target":["https:\/\/suwine.at\/en\/produkt\/rihaku-dreamy-clouds\/"]}]},{"@type":"ImageObject","inLanguage":"en-US","@id":"https:\/\/suwine.at\/en\/produkt\/rihaku-dreamy-clouds\/#primaryimage","url":"https:\/\/suwine.at\/wp-content\/uploads\/2025\/04\/IMG_7583.avif","contentUrl":"https:\/\/suwine.at\/wp-content\/uploads\/2025\/04\/IMG_7583.avif","width":1600,"height":1600,"caption":"dreamy clouds"},{"@type":"BreadcrumbList","@id":"https:\/\/suwine.at\/en\/produkt\/rihaku-dreamy-clouds\/#breadcrumb","itemListElement":[{"@type":"ListItem","position":1,"name":"Startseite","item":"https:\/\/suwine.at\/en\/suwine-suwi-zlatic\/"},{"@type":"ListItem","position":2,"name":"Shop","item":"https:\/\/suwine.at\/en\/shop-2\/"},{"@type":"ListItem","position":3,"name":"RIHAKU Dreamy Clouds"}]},{"@type":"WebSite","@id":"https:\/\/suwine.at\/en\/#website","url":"https:\/\/suwine.at\/en\/","name":"Suwine - Suwi Zlatic","description":"Sommelier | Gourmet Play Store | Consulting","potentialAction":[{"@type":"SearchAction","target":{"@type":"EntryPoint","urlTemplate":"https:\/\/suwine.at\/en\/?s={search_term_string}"},"query-input":{"@type":"PropertyValueSpecification","valueRequired":true,"valueName":"search_term_string"}}],"inLanguage":"en-US"}]}},"_links":{"self":[{"href":"https:\/\/suwine.at\/en\/wp-json\/wp\/v2\/product\/235330","targetHints":{"allow":["GET"]}}],"collection":[{"href":"https:\/\/suwine.at\/en\/wp-json\/wp\/v2\/product"}],"about":[{"href":"https:\/\/suwine.at\/en\/wp-json\/wp\/v2\/types\/product"}],"wp:featuredmedia":[{"embeddable":true,"href":"https:\/\/suwine.at\/en\/wp-json\/wp\/v2\/media\/235319"}],"wp:attachment":[{"href":"https:\/\/suwine.at\/en\/wp-json\/wp\/v2\/media?parent=235330"}],"wp:term":[{"taxonomy":"product_brand","embeddable":true,"href":"https:\/\/suwine.at\/en\/wp-json\/wp\/v2\/product_brand?post=235330"},{"taxonomy":"product_cat","embeddable":true,"href":"https:\/\/suwine.at\/en\/wp-json\/wp\/v2\/product_cat?post=235330"},{"taxonomy":"product_tag","embeddable":true,"href":"https:\/\/suwine.at\/en\/wp-json\/wp\/v2\/product_tag?post=235330"}],"curies":[{"name":"wp","href":"https:\/\/api.w.org\/{rel}","templated":true}]}}