{"id":235564,"date":"2025-07-31T16:19:26","date_gmt":"2025-07-31T14:19:26","guid":{"rendered":"https:\/\/suwine.at\/?post_type=product&#038;p=235564"},"modified":"2025-07-31T16:19:26","modified_gmt":"2025-07-31T14:19:26","slug":"blaufraenkisch-leithaberg-dac-ried-umriss-rust-2020","status":"publish","type":"product","link":"https:\/\/suwine.at\/en\/produkt\/blaufraenkisch-leithaberg-dac-ried-umriss-rust-2020\/","title":{"rendered":"Blaufr\u00e4nkisch Leithaberg DAC Ried Umriss \u2013 Rust 2020"},"content":{"rendered":"<h2>Blaufr\u00e4nkisch Leithaberg DAC Ried Umriss \u2013 Rust 2020<\/h2>\n<p>Die Farbe verl\u00e4uft von einem hellen Rubinrot im Kern des Glases zu einem dunklen Samtrot nach au\u00dfen hin und endet mit hellen klaren R\u00e4ndern. In der Nase zeigen sich sofort klare, rote Fr\u00fcchte. Kirschen und Johannisbeeren wirken zun\u00e4chst frisch, lebendig und vor allem stabil. Am Gaumen geben die runden, geschliffenen, kaum als solche wahrnehmbaren Tannine, Kirsche und Pfeffer ein eindrucksvolles Comeback. Der Abgang \u00fcberrascht, indem er die bisherigen Eindr\u00fccke unsortiert und ungefiltert widerspiegelt. Pfeffer redet mit Frucht, Druck wird intensive Eleganz und Tannine werden kompakt und feminin. Diese unsortierten Eindr\u00fccke bleiben, ver\u00e4ndern und fordern \u00fcber Minuten.<\/p>\n<p>Selektive Lese von Hand, im offenen G\u00e4rst\u00e4nder vergoren, Maischekontakt: ca. 18 Tage, Lagerung im 3.000 L Holzfass. Biologischer Anbau \u2013 zertifiziert nach AT BIO 302. Enth\u00e4lt Sulfite.<\/p>\n<p>&nbsp;<\/p>\n<span class=\"et_bloom_bottom_trigger\"><\/span>","protected":false},"excerpt":{"rendered":"<p>Die Farbe verl\u00e4uft von einem hellen Rubinrot im Kern des Glases zu einem dunklen Samtrot nach au\u00dfen hin und endet mit hellen klaren R\u00e4ndern. In der Nase zeigen sich sofort klare, rote Fr\u00fcchte. Kirschen und Johannisbeeren wirken zun\u00e4chst frisch, lebendig und vor allem stabil. Am Gaumen geben die runden, geschliffenen, kaum als solche wahrnehmbaren Tannine, Kirsche und Pfeffer ein eindrucksvolles Comeback. Der Abgang \u00fcberrascht, indem er die bisherigen Eindr\u00fccke unsortiert und ungefiltert widerspiegelt. Pfeffer redet mit Frucht, Druck wird intensive Eleganz und Tannine werden kompakt und feminin. Diese unsortierten Eindr\u00fccke bleiben, ver\u00e4ndern und fordern \u00fcber Minuten.<\/p>\n<p>&nbsp;<\/p>\n","protected":false},"featured_media":235565,"template":"","meta":{"_et_pb_use_builder":"","_et_pb_old_content":"","_et_gb_content_width":""},"product_brand":[],"product_cat":[85,115,209],"product_tag":[149,593],"class_list":{"0":"post-235564","1":"product","2":"type-product","3":"status-publish","4":"has-post-thumbnail","6":"product_cat-rotwein","7":"product_cat-wein","8":"product_cat-rotwein-oesterreich","9":"product_tag-oesterreich","10":"product_tag-blaufraenkisch","12":"first","13":"instock","14":"taxable","15":"shipping-taxable","16":"purchasable","17":"product-type-simple"},"yoast_head":"<!-- This site is optimized with the Yoast SEO plugin v27.2 - https:\/\/yoast.com\/product\/yoast-seo-wordpress\/ -->\n<title>Blaufr\u00e4nkisch Leithaberg DAC Ried Umriss \u2013 Rust 2020 - Suwine - Suwi Zlatic<\/title>\n<meta name=\"description\" content=\"Blaufr\u00e4nkisch Leithaberg DAC Ried Umriss \u2013 Rust 202\" \/>\n<meta name=\"robots\" content=\"index, follow, max-snippet:-1, max-image-preview:large, max-video-preview:-1\" \/>\n<link rel=\"canonical\" href=\"https:\/\/suwine.at\/en\/produkt\/blaufraenkisch-leithaberg-dac-ried-umriss-rust-2020\/\" \/>\n<meta property=\"og:locale\" content=\"en_US\" \/>\n<meta property=\"og:type\" content=\"article\" \/>\n<meta property=\"og:title\" content=\"Blaufr\u00e4nkisch Leithaberg DAC Ried Umriss \u2013 Rust 2020 - Suwine - Suwi Zlatic\" \/>\n<meta property=\"og:description\" content=\"Blaufr\u00e4nkisch Leithaberg DAC Ried Umriss \u2013 Rust 202\" \/>\n<meta property=\"og:url\" content=\"https:\/\/suwine.at\/en\/produkt\/blaufraenkisch-leithaberg-dac-ried-umriss-rust-2020\/\" \/>\n<meta property=\"og:site_name\" content=\"Suwine - Suwi Zlatic\" \/>\n<meta property=\"og:image\" content=\"https:\/\/suwine.at\/wp-content\/uploads\/2025\/07\/blaufraenkisch.avif\" \/>\n\t<meta property=\"og:image:width\" content=\"1320\" \/>\n\t<meta property=\"og:image:height\" content=\"1619\" \/>\n\t<meta property=\"og:image:type\" content=\"image\/jpeg\" \/>\n<meta name=\"twitter:card\" content=\"summary_large_image\" \/>\n<meta name=\"twitter:label1\" content=\"Est. reading time\" \/>\n\t<meta name=\"twitter:data1\" content=\"1 minute\" \/>\n<script type=\"application\/ld+json\" class=\"yoast-schema-graph\">{\"@context\":\"https:\/\/schema.org\",\"@graph\":[{\"@type\":\"WebPage\",\"@id\":\"https:\/\/suwine.at\/en\/produkt\/blaufraenkisch-leithaberg-dac-ried-umriss-rust-2020\/\",\"url\":\"https:\/\/suwine.at\/en\/produkt\/blaufraenkisch-leithaberg-dac-ried-umriss-rust-2020\/\",\"name\":\"Blaufr\u00e4nkisch Leithaberg DAC Ried Umriss \u2013 Rust 2020 - Suwine - Suwi Zlatic\",\"isPartOf\":{\"@id\":\"https:\/\/suwine.at\/en\/#website\"},\"primaryImageOfPage\":{\"@id\":\"https:\/\/suwine.at\/en\/produkt\/blaufraenkisch-leithaberg-dac-ried-umriss-rust-2020\/#primaryimage\"},\"image\":{\"@id\":\"https:\/\/suwine.at\/en\/produkt\/blaufraenkisch-leithaberg-dac-ried-umriss-rust-2020\/#primaryimage\"},\"thumbnailUrl\":\"https:\/\/suwine.at\/wp-content\/uploads\/2025\/07\/blaufraenkisch.avif\",\"datePublished\":\"2025-07-31T14:19:26+00:00\",\"description\":\"Blaufr\u00e4nkisch Leithaberg DAC Ried Umriss \u2013 Rust 202\",\"breadcrumb\":{\"@id\":\"https:\/\/suwine.at\/en\/produkt\/blaufraenkisch-leithaberg-dac-ried-umriss-rust-2020\/#breadcrumb\"},\"inLanguage\":\"en-US\",\"potentialAction\":[{\"@type\":\"ReadAction\",\"target\":[\"https:\/\/suwine.at\/en\/produkt\/blaufraenkisch-leithaberg-dac-ried-umriss-rust-2020\/\"]}]},{\"@type\":\"ImageObject\",\"inLanguage\":\"en-US\",\"@id\":\"https:\/\/suwine.at\/en\/produkt\/blaufraenkisch-leithaberg-dac-ried-umriss-rust-2020\/#primaryimage\",\"url\":\"https:\/\/suwine.at\/wp-content\/uploads\/2025\/07\/blaufraenkisch.avif\",\"contentUrl\":\"https:\/\/suwine.at\/wp-content\/uploads\/2025\/07\/blaufraenkisch.avif\",\"width\":1320,\"height\":1619,\"caption\":\"blaufr\u00e4nkisch\"},{\"@type\":\"BreadcrumbList\",\"@id\":\"https:\/\/suwine.at\/en\/produkt\/blaufraenkisch-leithaberg-dac-ried-umriss-rust-2020\/#breadcrumb\",\"itemListElement\":[{\"@type\":\"ListItem\",\"position\":1,\"name\":\"Startseite\",\"item\":\"https:\/\/suwine.at\/en\/suwine-suwi-zlatic\/\"},{\"@type\":\"ListItem\",\"position\":2,\"name\":\"Shop\",\"item\":\"https:\/\/suwine.at\/en\/shop-2\/\"},{\"@type\":\"ListItem\",\"position\":3,\"name\":\"Blaufr\u00e4nkisch Leithaberg DAC Ried Umriss \u2013 Rust 2020\"}]},{\"@type\":\"WebSite\",\"@id\":\"https:\/\/suwine.at\/en\/#website\",\"url\":\"https:\/\/suwine.at\/en\/\",\"name\":\"Suwine - Suwi Zlatic\",\"description\":\"Sommelier | Gourmet Play Store | Consulting\",\"potentialAction\":[{\"@type\":\"SearchAction\",\"target\":{\"@type\":\"EntryPoint\",\"urlTemplate\":\"https:\/\/suwine.at\/en\/?s={search_term_string}\"},\"query-input\":{\"@type\":\"PropertyValueSpecification\",\"valueRequired\":true,\"valueName\":\"search_term_string\"}}],\"inLanguage\":\"en-US\"}]}<\/script>\n<!-- \/ Yoast SEO plugin. -->","yoast_head_json":{"title":"Blaufr\u00e4nkisch Leithaberg DAC Ried Umriss \u2013 Rust 2020 - Suwine - Suwi Zlatic","description":"Blaufr\u00e4nkisch Leithaberg DAC Ried Umriss \u2013 Rust 202","robots":{"index":"index","follow":"follow","max-snippet":"max-snippet:-1","max-image-preview":"max-image-preview:large","max-video-preview":"max-video-preview:-1"},"canonical":"https:\/\/suwine.at\/en\/produkt\/blaufraenkisch-leithaberg-dac-ried-umriss-rust-2020\/","og_locale":"en_US","og_type":"article","og_title":"Blaufr\u00e4nkisch Leithaberg DAC Ried Umriss \u2013 Rust 2020 - Suwine - Suwi Zlatic","og_description":"Blaufr\u00e4nkisch Leithaberg DAC Ried Umriss \u2013 Rust 202","og_url":"https:\/\/suwine.at\/en\/produkt\/blaufraenkisch-leithaberg-dac-ried-umriss-rust-2020\/","og_site_name":"Suwine - Suwi Zlatic","og_image":[{"width":1320,"height":1619,"url":"https:\/\/suwine.at\/wp-content\/uploads\/2025\/07\/blaufraenkisch.avif","type":"image\/jpeg"}],"twitter_card":"summary_large_image","twitter_misc":{"Est. reading time":"1 minute"},"schema":{"@context":"https:\/\/schema.org","@graph":[{"@type":"WebPage","@id":"https:\/\/suwine.at\/en\/produkt\/blaufraenkisch-leithaberg-dac-ried-umriss-rust-2020\/","url":"https:\/\/suwine.at\/en\/produkt\/blaufraenkisch-leithaberg-dac-ried-umriss-rust-2020\/","name":"Blaufr\u00e4nkisch Leithaberg DAC Ried Umriss \u2013 Rust 2020 - Suwine - Suwi Zlatic","isPartOf":{"@id":"https:\/\/suwine.at\/en\/#website"},"primaryImageOfPage":{"@id":"https:\/\/suwine.at\/en\/produkt\/blaufraenkisch-leithaberg-dac-ried-umriss-rust-2020\/#primaryimage"},"image":{"@id":"https:\/\/suwine.at\/en\/produkt\/blaufraenkisch-leithaberg-dac-ried-umriss-rust-2020\/#primaryimage"},"thumbnailUrl":"https:\/\/suwine.at\/wp-content\/uploads\/2025\/07\/blaufraenkisch.avif","datePublished":"2025-07-31T14:19:26+00:00","description":"Blaufr\u00e4nkisch Leithaberg DAC Ried Umriss \u2013 Rust 202","breadcrumb":{"@id":"https:\/\/suwine.at\/en\/produkt\/blaufraenkisch-leithaberg-dac-ried-umriss-rust-2020\/#breadcrumb"},"inLanguage":"en-US","potentialAction":[{"@type":"ReadAction","target":["https:\/\/suwine.at\/en\/produkt\/blaufraenkisch-leithaberg-dac-ried-umriss-rust-2020\/"]}]},{"@type":"ImageObject","inLanguage":"en-US","@id":"https:\/\/suwine.at\/en\/produkt\/blaufraenkisch-leithaberg-dac-ried-umriss-rust-2020\/#primaryimage","url":"https:\/\/suwine.at\/wp-content\/uploads\/2025\/07\/blaufraenkisch.avif","contentUrl":"https:\/\/suwine.at\/wp-content\/uploads\/2025\/07\/blaufraenkisch.avif","width":1320,"height":1619,"caption":"blaufr\u00e4nkisch"},{"@type":"BreadcrumbList","@id":"https:\/\/suwine.at\/en\/produkt\/blaufraenkisch-leithaberg-dac-ried-umriss-rust-2020\/#breadcrumb","itemListElement":[{"@type":"ListItem","position":1,"name":"Startseite","item":"https:\/\/suwine.at\/en\/suwine-suwi-zlatic\/"},{"@type":"ListItem","position":2,"name":"Shop","item":"https:\/\/suwine.at\/en\/shop-2\/"},{"@type":"ListItem","position":3,"name":"Blaufr\u00e4nkisch Leithaberg DAC Ried Umriss \u2013 Rust 2020"}]},{"@type":"WebSite","@id":"https:\/\/suwine.at\/en\/#website","url":"https:\/\/suwine.at\/en\/","name":"Suwine - Suwi Zlatic","description":"Sommelier | Gourmet Play Store | Consulting","potentialAction":[{"@type":"SearchAction","target":{"@type":"EntryPoint","urlTemplate":"https:\/\/suwine.at\/en\/?s={search_term_string}"},"query-input":{"@type":"PropertyValueSpecification","valueRequired":true,"valueName":"search_term_string"}}],"inLanguage":"en-US"}]}},"_links":{"self":[{"href":"https:\/\/suwine.at\/en\/wp-json\/wp\/v2\/product\/235564","targetHints":{"allow":["GET"]}}],"collection":[{"href":"https:\/\/suwine.at\/en\/wp-json\/wp\/v2\/product"}],"about":[{"href":"https:\/\/suwine.at\/en\/wp-json\/wp\/v2\/types\/product"}],"wp:featuredmedia":[{"embeddable":true,"href":"https:\/\/suwine.at\/en\/wp-json\/wp\/v2\/media\/235565"}],"wp:attachment":[{"href":"https:\/\/suwine.at\/en\/wp-json\/wp\/v2\/media?parent=235564"}],"wp:term":[{"taxonomy":"product_brand","embeddable":true,"href":"https:\/\/suwine.at\/en\/wp-json\/wp\/v2\/product_brand?post=235564"},{"taxonomy":"product_cat","embeddable":true,"href":"https:\/\/suwine.at\/en\/wp-json\/wp\/v2\/product_cat?post=235564"},{"taxonomy":"product_tag","embeddable":true,"href":"https:\/\/suwine.at\/en\/wp-json\/wp\/v2\/product_tag?post=235564"}],"curies":[{"name":"wp","href":"https:\/\/api.w.org\/{rel}","templated":true}]}}