{"id":235659,"date":"2025-08-01T12:34:58","date_gmt":"2025-08-01T10:34:58","guid":{"rendered":"https:\/\/suwine.at\/?post_type=product&#038;p=235659"},"modified":"2025-08-01T12:49:06","modified_gmt":"2025-08-01T10:49:06","slug":"atelier-kunstwerk-vom-weinsalon-benjamin-zimmerling-chateau-palmer-2010","status":"publish","type":"product","link":"https:\/\/suwine.at\/en\/produkt\/atelier-kunstwerk-vom-weinsalon-benjamin-zimmerling-chateau-palmer-2010\/","title":{"rendered":"Atelier Kunstwerk vom Weinsalon Benjamin Zimmerling &#8220;Chateau Palmer 2010&#8221;"},"content":{"rendered":"<h2>Chateau Palmer 2010<\/h2>\n<p class=\"elementor-heading-title elementor-size-default\">Jeder Wein erz\u00e4hlt eine Geschichte \u2013 gepr\u00e4gt durch seine Herkunft, seinen Jahrgang, seine Flasche und sein Etikett. Diese Geschichten reifen wie guter Wein und holen uns zur\u00fcck zu den genussvollen, sch\u00f6nen Momenten. Doch wie k\u00f6nnen uns diese Erinnerungen gut erhalten bleiben, wenn der letzte Tropfen gekostet ist? Die stilvolle Flasche, die den feinen Tropfen bewahrte, verdient ein besseres Schicksal als im Recyclingcontainer zu landen.<\/p>\n<div class=\"elementor-element elementor-element-90dbd5d elementor-widget elementor-widget-heading\" data-id=\"90dbd5d\" data-element_type=\"widget\" data-widget_type=\"heading.default\">\n<div class=\"elementor-widget-container\">\n<p class=\"elementor-heading-title elementor-size-default\">Die Renaissance der Weinflasche<\/p>\n<\/div>\n<\/div>\n<div class=\"elementor-element elementor-element-38484de elementor-widget__width-initial elementor-widget elementor-widget-heading\" data-id=\"38484de\" data-element_type=\"widget\" data-widget_type=\"heading.default\">\n<div class=\"elementor-widget-container\">\n<p class=\"elementor-heading-title elementor-size-default\">Zerbrochen, neu zusammengesetzt oder in eine andere Form gebracht \u2013 mein Ding ist es, besondere Weinflaschen in Kunstwerke zu verwandeln. Im neuen Design f\u00fchren sie ihre Geschichte fort und sprechen die Sinne an \u2013 \u00e4hnlich wie der Wein, der einst in ihnen schlummerte.<\/p>\n<\/div>\n<\/div>\n<span class=\"et_bloom_bottom_trigger\"><\/span>","protected":false},"excerpt":{"rendered":"<p class=\"p1\">Zerbrochen, neu zusammengesetzt oder in eine andere Form gebracht \u2013 mein Ding ist es, besondere Weinflaschen in Kunstwerke zu verwandeln. Im neuen Design f\u00fchren sie ihre Geschichte fort und sprechen die Sinne an \u2013 \u00e4hnlich wie der Wein, der einst in ihnen schlummerte.<\/p>\n","protected":false},"featured_media":235644,"template":"","meta":{"_et_pb_use_builder":"","_et_pb_old_content":"","_et_gb_content_width":""},"product_brand":[],"product_cat":[83,286],"product_tag":[126,602],"class_list":{"0":"post-235659","1":"product","2":"type-product","3":"status-publish","4":"has-post-thumbnail","6":"product_cat-accessoires","7":"product_cat-geschenke","8":"product_tag-frankreich","9":"product_tag-chateau-palmer","11":"first","12":"instock","13":"taxable","14":"shipping-taxable","15":"purchasable","16":"product-type-simple"},"yoast_head":"<!-- This site is optimized with the Yoast SEO plugin v27.2 - https:\/\/yoast.com\/product\/yoast-seo-wordpress\/ -->\n<title>Atelier Kunstwerk vom Weinsalon Benjamin Zimmerling &quot;Chateau Palmer 2010&quot; - Suwine - Suwi Zlatic<\/title>\n<meta name=\"description\" content=\"Jeder Wein erz\u00e4hlt eine Geschichte \u2013 gepr\u00e4gt durch seine Herkunft, seinen Jahrgang, seine Flasche und sein Etikett. Diese Geschichten reifen wie guter Wein und holen uns zur\u00fcck zu den genussvollen, sch\u00f6nen Momenten. Doch wie k\u00f6nnen uns diese Erinnerungen gut erhalten bleiben, wenn der letzte Tropfen gekostet ist? Die stilvolle Flasche, die den feinen Tropfen bewahrte, verdient ein besseres Schicksal als im Recyclingcontainer zu landen.\" \/>\n<meta name=\"robots\" content=\"index, follow, max-snippet:-1, max-image-preview:large, max-video-preview:-1\" \/>\n<link rel=\"canonical\" href=\"https:\/\/suwine.at\/en\/produkt\/atelier-kunstwerk-vom-weinsalon-benjamin-zimmerling-chateau-palmer-2010\/\" \/>\n<meta property=\"og:locale\" content=\"en_US\" \/>\n<meta property=\"og:type\" content=\"article\" \/>\n<meta property=\"og:title\" content=\"Atelier Kunstwerk vom Weinsalon Benjamin Zimmerling &quot;Chateau Palmer 2010&quot; - Suwine - Suwi Zlatic\" \/>\n<meta property=\"og:description\" content=\"Jeder Wein erz\u00e4hlt eine Geschichte \u2013 gepr\u00e4gt durch seine Herkunft, seinen Jahrgang, seine Flasche und sein Etikett. Diese Geschichten reifen wie guter Wein und holen uns zur\u00fcck zu den genussvollen, sch\u00f6nen Momenten. Doch wie k\u00f6nnen uns diese Erinnerungen gut erhalten bleiben, wenn der letzte Tropfen gekostet ist? Die stilvolle Flasche, die den feinen Tropfen bewahrte, verdient ein besseres Schicksal als im Recyclingcontainer zu landen.\" \/>\n<meta property=\"og:url\" content=\"https:\/\/suwine.at\/en\/produkt\/atelier-kunstwerk-vom-weinsalon-benjamin-zimmerling-chateau-palmer-2010\/\" \/>\n<meta property=\"og:site_name\" content=\"Suwine - Suwi Zlatic\" \/>\n<meta property=\"article:modified_time\" content=\"2025-08-01T10:49:06+00:00\" \/>\n<meta property=\"og:image\" content=\"https:\/\/suwine.at\/wp-content\/uploads\/2025\/08\/Chateau-Palmer-2010.avif\" \/>\n\t<meta property=\"og:image:width\" content=\"1600\" \/>\n\t<meta property=\"og:image:height\" content=\"1600\" \/>\n\t<meta property=\"og:image:type\" content=\"image\/jpeg\" \/>\n<meta name=\"twitter:card\" content=\"summary_large_image\" \/>\n<meta name=\"twitter:label1\" content=\"Est. reading time\" \/>\n\t<meta name=\"twitter:data1\" content=\"1 minute\" \/>\n<script type=\"application\/ld+json\" class=\"yoast-schema-graph\">{\"@context\":\"https:\/\/schema.org\",\"@graph\":[{\"@type\":\"WebPage\",\"@id\":\"https:\/\/suwine.at\/en\/produkt\/atelier-kunstwerk-vom-weinsalon-benjamin-zimmerling-chateau-palmer-2010\/\",\"url\":\"https:\/\/suwine.at\/en\/produkt\/atelier-kunstwerk-vom-weinsalon-benjamin-zimmerling-chateau-palmer-2010\/\",\"name\":\"Atelier Kunstwerk vom Weinsalon Benjamin Zimmerling \\\"Chateau Palmer 2010\\\" - Suwine - Suwi Zlatic\",\"isPartOf\":{\"@id\":\"https:\/\/suwine.at\/en\/#website\"},\"primaryImageOfPage\":{\"@id\":\"https:\/\/suwine.at\/en\/produkt\/atelier-kunstwerk-vom-weinsalon-benjamin-zimmerling-chateau-palmer-2010\/#primaryimage\"},\"image\":{\"@id\":\"https:\/\/suwine.at\/en\/produkt\/atelier-kunstwerk-vom-weinsalon-benjamin-zimmerling-chateau-palmer-2010\/#primaryimage\"},\"thumbnailUrl\":\"https:\/\/suwine.at\/wp-content\/uploads\/2025\/08\/Chateau-Palmer-2010.avif\",\"datePublished\":\"2025-08-01T10:34:58+00:00\",\"dateModified\":\"2025-08-01T10:49:06+00:00\",\"description\":\"Jeder Wein erz\u00e4hlt eine Geschichte \u2013 gepr\u00e4gt durch seine Herkunft, seinen Jahrgang, seine Flasche und sein Etikett. Diese Geschichten reifen wie guter Wein und holen uns zur\u00fcck zu den genussvollen, sch\u00f6nen Momenten. Doch wie k\u00f6nnen uns diese Erinnerungen gut erhalten bleiben, wenn der letzte Tropfen gekostet ist? Die stilvolle Flasche, die den feinen Tropfen bewahrte, verdient ein besseres Schicksal als im Recyclingcontainer zu landen.\",\"breadcrumb\":{\"@id\":\"https:\/\/suwine.at\/en\/produkt\/atelier-kunstwerk-vom-weinsalon-benjamin-zimmerling-chateau-palmer-2010\/#breadcrumb\"},\"inLanguage\":\"en-US\",\"potentialAction\":[{\"@type\":\"ReadAction\",\"target\":[\"https:\/\/suwine.at\/en\/produkt\/atelier-kunstwerk-vom-weinsalon-benjamin-zimmerling-chateau-palmer-2010\/\"]}]},{\"@type\":\"ImageObject\",\"inLanguage\":\"en-US\",\"@id\":\"https:\/\/suwine.at\/en\/produkt\/atelier-kunstwerk-vom-weinsalon-benjamin-zimmerling-chateau-palmer-2010\/#primaryimage\",\"url\":\"https:\/\/suwine.at\/wp-content\/uploads\/2025\/08\/Chateau-Palmer-2010.avif\",\"contentUrl\":\"https:\/\/suwine.at\/wp-content\/uploads\/2025\/08\/Chateau-Palmer-2010.avif\",\"width\":1600,\"height\":1600,\"caption\":\"Chateau Palmer 2010\"},{\"@type\":\"BreadcrumbList\",\"@id\":\"https:\/\/suwine.at\/en\/produkt\/atelier-kunstwerk-vom-weinsalon-benjamin-zimmerling-chateau-palmer-2010\/#breadcrumb\",\"itemListElement\":[{\"@type\":\"ListItem\",\"position\":1,\"name\":\"Startseite\",\"item\":\"https:\/\/suwine.at\/en\/suwine-suwi-zlatic\/\"},{\"@type\":\"ListItem\",\"position\":2,\"name\":\"Shop\",\"item\":\"https:\/\/suwine.at\/en\/shop-2\/\"},{\"@type\":\"ListItem\",\"position\":3,\"name\":\"Atelier Kunstwerk vom Weinsalon Benjamin Zimmerling &#8222;Chateau Palmer 2010&#8220;\"}]},{\"@type\":\"WebSite\",\"@id\":\"https:\/\/suwine.at\/en\/#website\",\"url\":\"https:\/\/suwine.at\/en\/\",\"name\":\"Suwine - Suwi Zlatic\",\"description\":\"Sommelier | Gourmet Play Store | Consulting\",\"potentialAction\":[{\"@type\":\"SearchAction\",\"target\":{\"@type\":\"EntryPoint\",\"urlTemplate\":\"https:\/\/suwine.at\/en\/?s={search_term_string}\"},\"query-input\":{\"@type\":\"PropertyValueSpecification\",\"valueRequired\":true,\"valueName\":\"search_term_string\"}}],\"inLanguage\":\"en-US\"}]}<\/script>\n<!-- \/ Yoast SEO plugin. -->","yoast_head_json":{"title":"Atelier Kunstwerk vom Weinsalon Benjamin Zimmerling \"Chateau Palmer 2010\" - Suwine - Suwi Zlatic","description":"Jeder Wein erz\u00e4hlt eine Geschichte \u2013 gepr\u00e4gt durch seine Herkunft, seinen Jahrgang, seine Flasche und sein Etikett. Diese Geschichten reifen wie guter Wein und holen uns zur\u00fcck zu den genussvollen, sch\u00f6nen Momenten. Doch wie k\u00f6nnen uns diese Erinnerungen gut erhalten bleiben, wenn der letzte Tropfen gekostet ist? Die stilvolle Flasche, die den feinen Tropfen bewahrte, verdient ein besseres Schicksal als im Recyclingcontainer zu landen.","robots":{"index":"index","follow":"follow","max-snippet":"max-snippet:-1","max-image-preview":"max-image-preview:large","max-video-preview":"max-video-preview:-1"},"canonical":"https:\/\/suwine.at\/en\/produkt\/atelier-kunstwerk-vom-weinsalon-benjamin-zimmerling-chateau-palmer-2010\/","og_locale":"en_US","og_type":"article","og_title":"Atelier Kunstwerk vom Weinsalon Benjamin Zimmerling \"Chateau Palmer 2010\" - Suwine - Suwi Zlatic","og_description":"Jeder Wein erz\u00e4hlt eine Geschichte \u2013 gepr\u00e4gt durch seine Herkunft, seinen Jahrgang, seine Flasche und sein Etikett. Diese Geschichten reifen wie guter Wein und holen uns zur\u00fcck zu den genussvollen, sch\u00f6nen Momenten. Doch wie k\u00f6nnen uns diese Erinnerungen gut erhalten bleiben, wenn der letzte Tropfen gekostet ist? Die stilvolle Flasche, die den feinen Tropfen bewahrte, verdient ein besseres Schicksal als im Recyclingcontainer zu landen.","og_url":"https:\/\/suwine.at\/en\/produkt\/atelier-kunstwerk-vom-weinsalon-benjamin-zimmerling-chateau-palmer-2010\/","og_site_name":"Suwine - Suwi Zlatic","article_modified_time":"2025-08-01T10:49:06+00:00","og_image":[{"width":1600,"height":1600,"url":"https:\/\/suwine.at\/wp-content\/uploads\/2025\/08\/Chateau-Palmer-2010.avif","type":"image\/jpeg"}],"twitter_card":"summary_large_image","twitter_misc":{"Est. reading time":"1 minute"},"schema":{"@context":"https:\/\/schema.org","@graph":[{"@type":"WebPage","@id":"https:\/\/suwine.at\/en\/produkt\/atelier-kunstwerk-vom-weinsalon-benjamin-zimmerling-chateau-palmer-2010\/","url":"https:\/\/suwine.at\/en\/produkt\/atelier-kunstwerk-vom-weinsalon-benjamin-zimmerling-chateau-palmer-2010\/","name":"Atelier Kunstwerk vom Weinsalon Benjamin Zimmerling \"Chateau Palmer 2010\" - Suwine - Suwi Zlatic","isPartOf":{"@id":"https:\/\/suwine.at\/en\/#website"},"primaryImageOfPage":{"@id":"https:\/\/suwine.at\/en\/produkt\/atelier-kunstwerk-vom-weinsalon-benjamin-zimmerling-chateau-palmer-2010\/#primaryimage"},"image":{"@id":"https:\/\/suwine.at\/en\/produkt\/atelier-kunstwerk-vom-weinsalon-benjamin-zimmerling-chateau-palmer-2010\/#primaryimage"},"thumbnailUrl":"https:\/\/suwine.at\/wp-content\/uploads\/2025\/08\/Chateau-Palmer-2010.avif","datePublished":"2025-08-01T10:34:58+00:00","dateModified":"2025-08-01T10:49:06+00:00","description":"Jeder Wein erz\u00e4hlt eine Geschichte \u2013 gepr\u00e4gt durch seine Herkunft, seinen Jahrgang, seine Flasche und sein Etikett. Diese Geschichten reifen wie guter Wein und holen uns zur\u00fcck zu den genussvollen, sch\u00f6nen Momenten. Doch wie k\u00f6nnen uns diese Erinnerungen gut erhalten bleiben, wenn der letzte Tropfen gekostet ist? Die stilvolle Flasche, die den feinen Tropfen bewahrte, verdient ein besseres Schicksal als im Recyclingcontainer zu landen.","breadcrumb":{"@id":"https:\/\/suwine.at\/en\/produkt\/atelier-kunstwerk-vom-weinsalon-benjamin-zimmerling-chateau-palmer-2010\/#breadcrumb"},"inLanguage":"en-US","potentialAction":[{"@type":"ReadAction","target":["https:\/\/suwine.at\/en\/produkt\/atelier-kunstwerk-vom-weinsalon-benjamin-zimmerling-chateau-palmer-2010\/"]}]},{"@type":"ImageObject","inLanguage":"en-US","@id":"https:\/\/suwine.at\/en\/produkt\/atelier-kunstwerk-vom-weinsalon-benjamin-zimmerling-chateau-palmer-2010\/#primaryimage","url":"https:\/\/suwine.at\/wp-content\/uploads\/2025\/08\/Chateau-Palmer-2010.avif","contentUrl":"https:\/\/suwine.at\/wp-content\/uploads\/2025\/08\/Chateau-Palmer-2010.avif","width":1600,"height":1600,"caption":"Chateau Palmer 2010"},{"@type":"BreadcrumbList","@id":"https:\/\/suwine.at\/en\/produkt\/atelier-kunstwerk-vom-weinsalon-benjamin-zimmerling-chateau-palmer-2010\/#breadcrumb","itemListElement":[{"@type":"ListItem","position":1,"name":"Startseite","item":"https:\/\/suwine.at\/en\/suwine-suwi-zlatic\/"},{"@type":"ListItem","position":2,"name":"Shop","item":"https:\/\/suwine.at\/en\/shop-2\/"},{"@type":"ListItem","position":3,"name":"Atelier Kunstwerk vom Weinsalon Benjamin Zimmerling &#8222;Chateau Palmer 2010&#8220;"}]},{"@type":"WebSite","@id":"https:\/\/suwine.at\/en\/#website","url":"https:\/\/suwine.at\/en\/","name":"Suwine - Suwi Zlatic","description":"Sommelier | Gourmet Play Store | Consulting","potentialAction":[{"@type":"SearchAction","target":{"@type":"EntryPoint","urlTemplate":"https:\/\/suwine.at\/en\/?s={search_term_string}"},"query-input":{"@type":"PropertyValueSpecification","valueRequired":true,"valueName":"search_term_string"}}],"inLanguage":"en-US"}]}},"_links":{"self":[{"href":"https:\/\/suwine.at\/en\/wp-json\/wp\/v2\/product\/235659","targetHints":{"allow":["GET"]}}],"collection":[{"href":"https:\/\/suwine.at\/en\/wp-json\/wp\/v2\/product"}],"about":[{"href":"https:\/\/suwine.at\/en\/wp-json\/wp\/v2\/types\/product"}],"wp:featuredmedia":[{"embeddable":true,"href":"https:\/\/suwine.at\/en\/wp-json\/wp\/v2\/media\/235644"}],"wp:attachment":[{"href":"https:\/\/suwine.at\/en\/wp-json\/wp\/v2\/media?parent=235659"}],"wp:term":[{"taxonomy":"product_brand","embeddable":true,"href":"https:\/\/suwine.at\/en\/wp-json\/wp\/v2\/product_brand?post=235659"},{"taxonomy":"product_cat","embeddable":true,"href":"https:\/\/suwine.at\/en\/wp-json\/wp\/v2\/product_cat?post=235659"},{"taxonomy":"product_tag","embeddable":true,"href":"https:\/\/suwine.at\/en\/wp-json\/wp\/v2\/product_tag?post=235659"}],"curies":[{"name":"wp","href":"https:\/\/api.w.org\/{rel}","templated":true}]}}