{"id":235774,"date":"2025-10-23T16:47:36","date_gmt":"2025-10-23T14:47:36","guid":{"rendered":"https:\/\/suwine.at\/?post_type=product&#038;p=235774"},"modified":"2026-04-03T16:43:01","modified_gmt":"2026-04-03T14:43:01","slug":"oakville-cabernet-sauvignon-robert-mondavi-2017","status":"publish","type":"product","link":"https:\/\/suwine.at\/en\/produkt\/oakville-cabernet-sauvignon-robert-mondavi-2017\/","title":{"rendered":"Oakville Cabernet Sauvignon Robert Mondavi 2017"},"content":{"rendered":"<h2>Oakville Cabernet Sauvignon Robert Mondavi 2017<\/h2>\n<p class=\"p1\"><span class=\"s1\">Der Oakville Cabernet Sauvignon \u2013 Ein Meisterst\u00fcck kalifornischer Weinbaukunst<\/span><\/p>\n<p class=\"p1\"><span class=\"s2\">Der Oakville Cabernet Sauvignon von Robert Mondavi ist weit mehr als nur ein Wein \u2013 er ist eine Hommage an die Raffinesse und Leidenschaft des kalifornischen Weinbaus. F\u00fcr Kenner und Liebhaber edler Tropfen ist er ein unvergessliches Erlebnis, das Ma\u00dfst\u00e4be setzt. Sein tiefes, leuchtendes Rubinrot erfreut das Auge, bevor sich eine vielschichtige Komposition von Aromen entfaltet. Kraftvoll und zugleich harmonisch verk\u00f6rpert dieser Cabernet die unverwechselbare Handschrift des Oakville-Terroirs und bietet ein Geschmackserlebnis von au\u00dfergew\u00f6hnlicher Intensit\u00e4t und Eleganz.<\/span><\/p>\n<table class=\"product--properties-table\" style=\"height: 351px\" width=\"309\">\n<tbody>\n<tr class=\"product--properties-row\">\n<td class=\"product--properties-label is--bold\" style=\"width: 113.1875px\">Wein:<\/td>\n<td class=\"product--properties-value\" style=\"width: 179.828125px\">Oakville Cabernet Sauvignon<\/td>\n<\/tr>\n<tr class=\"product--properties-row\">\n<td class=\"product--properties-label is--bold\" style=\"width: 113.1875px\">Abf\u00fcller \/ Weingut:<\/td>\n<td class=\"product--properties-value\" style=\"width: 179.828125px\">Robert Mondavi<\/td>\n<\/tr>\n<tr class=\"product--properties-row\">\n<td class=\"product--properties-label is--bold\" style=\"width: 113.1875px\">Anbaugebiet:<\/td>\n<td class=\"product--properties-value\" style=\"width: 179.828125px\">USA<\/td>\n<\/tr>\n<tr class=\"product--properties-row\">\n<td class=\"product--properties-label is--bold\" style=\"width: 113.1875px\">Weinfarbe:<\/td>\n<td class=\"product--properties-value\" style=\"width: 179.828125px\">Rotwein<\/td>\n<\/tr>\n<tr class=\"product--properties-row\">\n<td class=\"product--properties-label is--bold\" style=\"width: 113.1875px\">Jahrgang:<\/td>\n<td class=\"product--properties-value\" style=\"width: 179.828125px\">2017<\/td>\n<\/tr>\n<tr class=\"product--properties-row\">\n<td class=\"product--properties-label is--bold\" style=\"width: 113.1875px\">Verkaufseinheit:<\/td>\n<td class=\"product--properties-value\" style=\"width: 179.828125px\">1 x 0,75 Liter<\/td>\n<\/tr>\n<tr class=\"product--properties-row\">\n<td class=\"product--properties-label is--bold\" style=\"width: 113.1875px\">Alkoholgehalt:<\/td>\n<td class=\"product--properties-value\" style=\"width: 179.828125px\">14,50 %<\/td>\n<\/tr>\n<\/tbody>\n<\/table>\n<span class=\"et_bloom_bottom_trigger\"><\/span>","protected":false},"excerpt":{"rendered":"<p><span class=\"s2\">Der Oakville Cabernet Sauvignon von Robert Mondavi ist weit mehr als nur ein Wein \u2013 er ist eine Hommage an die Raffinesse und Leidenschaft des kalifornischen Weinbaus. F\u00fcr Kenner und Liebhaber edler Tropfen ist er ein unvergessliches Erlebnis, das Ma\u00dfst\u00e4be setzt. Sein tiefes, leuchtendes Rubinrot erfreut das Auge, bevor sich eine vielschichtige Komposition von Aromen entfaltet. Kraftvoll und zugleich harmonisch verk\u00f6rpert dieser Cabernet die unverwechselbare Handschrift des Oakville-Terroirs und bietet ein Geschmackserlebnis von au\u00dfergew\u00f6hnlicher Intensit\u00e4t und Eleganz.<\/span><\/p>\n","protected":false},"featured_media":235770,"template":"","meta":{"_et_pb_use_builder":"","_et_pb_old_content":"","_et_gb_content_width":""},"product_brand":[],"product_cat":[85,210],"product_tag":[842],"class_list":{"0":"post-235774","1":"product","2":"type-product","3":"status-publish","4":"has-post-thumbnail","6":"product_cat-rotwein","7":"product_cat-rotwein-international","8":"product_tag-napa-valley","10":"first","11":"outofstock","12":"taxable","13":"shipping-taxable","14":"purchasable","15":"product-type-simple"},"yoast_head":"<!-- This site is optimized with the Yoast SEO plugin v27.2 - https:\/\/yoast.com\/product\/yoast-seo-wordpress\/ -->\n<title>Oakville Cabernet Sauvignon Robert Mondavi 2017 - Suwine - Suwi Zlatic<\/title>\n<meta name=\"description\" content=\"Der Oakville Cabernet Sauvignon von Robert Mondavi ist weit mehr als nur ein Wein \u2013 er ist eine Hommage an die Raffinesse und Leidenschaft des kalifornischen Weinbaus. F\u00fcr Kenner und Liebhaber edler Tropfen ist er ein unvergessliches Erlebnis, das Ma\u00dfst\u00e4be setzt. Sein tiefes, leuchtendes Rubinrot erfreut das Auge, bevor sich eine vielschichtige Komposition von Aromen entfaltet. Kraftvoll und zugleich harmonisch verk\u00f6rpert dieser Cabernet die unverwechselbare Handschrift des Oakville-Terroirs und bietet ein Geschmackserlebnis von au\u00dfergew\u00f6hnlicher Intensit\u00e4t und Eleganz.\" \/>\n<meta name=\"robots\" content=\"index, follow, max-snippet:-1, max-image-preview:large, max-video-preview:-1\" \/>\n<link rel=\"canonical\" href=\"https:\/\/suwine.at\/en\/produkt\/oakville-cabernet-sauvignon-robert-mondavi-2017\/\" \/>\n<meta property=\"og:locale\" content=\"en_US\" \/>\n<meta property=\"og:type\" content=\"article\" \/>\n<meta property=\"og:title\" content=\"Oakville Cabernet Sauvignon Robert Mondavi 2017 - Suwine - Suwi Zlatic\" \/>\n<meta property=\"og:description\" content=\"Der Oakville Cabernet Sauvignon von Robert Mondavi ist weit mehr als nur ein Wein \u2013 er ist eine Hommage an die Raffinesse und Leidenschaft des kalifornischen Weinbaus. F\u00fcr Kenner und Liebhaber edler Tropfen ist er ein unvergessliches Erlebnis, das Ma\u00dfst\u00e4be setzt. Sein tiefes, leuchtendes Rubinrot erfreut das Auge, bevor sich eine vielschichtige Komposition von Aromen entfaltet. Kraftvoll und zugleich harmonisch verk\u00f6rpert dieser Cabernet die unverwechselbare Handschrift des Oakville-Terroirs und bietet ein Geschmackserlebnis von au\u00dfergew\u00f6hnlicher Intensit\u00e4t und Eleganz.\" \/>\n<meta property=\"og:url\" content=\"https:\/\/suwine.at\/en\/produkt\/oakville-cabernet-sauvignon-robert-mondavi-2017\/\" \/>\n<meta property=\"og:site_name\" content=\"Suwine - Suwi Zlatic\" \/>\n<meta property=\"article:modified_time\" content=\"2026-04-03T14:43:01+00:00\" \/>\n<meta property=\"og:image\" content=\"https:\/\/suwine.at\/wp-content\/uploads\/2025\/10\/mondavi-oakville.avif\" \/>\n\t<meta property=\"og:image:width\" content=\"1600\" \/>\n\t<meta property=\"og:image:height\" content=\"1600\" \/>\n\t<meta property=\"og:image:type\" content=\"image\/jpeg\" \/>\n<meta name=\"twitter:card\" content=\"summary_large_image\" \/>\n<meta name=\"twitter:label1\" content=\"Est. reading time\" \/>\n\t<meta name=\"twitter:data1\" content=\"1 minute\" \/>\n<script type=\"application\/ld+json\" class=\"yoast-schema-graph\">{\"@context\":\"https:\/\/schema.org\",\"@graph\":[{\"@type\":\"WebPage\",\"@id\":\"https:\/\/suwine.at\/en\/produkt\/oakville-cabernet-sauvignon-robert-mondavi-2017\/\",\"url\":\"https:\/\/suwine.at\/en\/produkt\/oakville-cabernet-sauvignon-robert-mondavi-2017\/\",\"name\":\"Oakville Cabernet Sauvignon Robert Mondavi 2017 - Suwine - Suwi Zlatic\",\"isPartOf\":{\"@id\":\"https:\/\/suwine.at\/en\/#website\"},\"primaryImageOfPage\":{\"@id\":\"https:\/\/suwine.at\/en\/produkt\/oakville-cabernet-sauvignon-robert-mondavi-2017\/#primaryimage\"},\"image\":{\"@id\":\"https:\/\/suwine.at\/en\/produkt\/oakville-cabernet-sauvignon-robert-mondavi-2017\/#primaryimage\"},\"thumbnailUrl\":\"https:\/\/suwine.at\/wp-content\/uploads\/2025\/10\/mondavi-oakville.avif\",\"datePublished\":\"2025-10-23T14:47:36+00:00\",\"dateModified\":\"2026-04-03T14:43:01+00:00\",\"description\":\"Der Oakville Cabernet Sauvignon von Robert Mondavi ist weit mehr als nur ein Wein \u2013 er ist eine Hommage an die Raffinesse und Leidenschaft des kalifornischen Weinbaus. F\u00fcr Kenner und Liebhaber edler Tropfen ist er ein unvergessliches Erlebnis, das Ma\u00dfst\u00e4be setzt. Sein tiefes, leuchtendes Rubinrot erfreut das Auge, bevor sich eine vielschichtige Komposition von Aromen entfaltet. Kraftvoll und zugleich harmonisch verk\u00f6rpert dieser Cabernet die unverwechselbare Handschrift des Oakville-Terroirs und bietet ein Geschmackserlebnis von au\u00dfergew\u00f6hnlicher Intensit\u00e4t und Eleganz.\",\"breadcrumb\":{\"@id\":\"https:\/\/suwine.at\/en\/produkt\/oakville-cabernet-sauvignon-robert-mondavi-2017\/#breadcrumb\"},\"inLanguage\":\"en-US\",\"potentialAction\":[{\"@type\":\"ReadAction\",\"target\":[\"https:\/\/suwine.at\/en\/produkt\/oakville-cabernet-sauvignon-robert-mondavi-2017\/\"]}]},{\"@type\":\"ImageObject\",\"inLanguage\":\"en-US\",\"@id\":\"https:\/\/suwine.at\/en\/produkt\/oakville-cabernet-sauvignon-robert-mondavi-2017\/#primaryimage\",\"url\":\"https:\/\/suwine.at\/wp-content\/uploads\/2025\/10\/mondavi-oakville.avif\",\"contentUrl\":\"https:\/\/suwine.at\/wp-content\/uploads\/2025\/10\/mondavi-oakville.avif\",\"width\":1600,\"height\":1600,\"caption\":\"mondavi\"},{\"@type\":\"BreadcrumbList\",\"@id\":\"https:\/\/suwine.at\/en\/produkt\/oakville-cabernet-sauvignon-robert-mondavi-2017\/#breadcrumb\",\"itemListElement\":[{\"@type\":\"ListItem\",\"position\":1,\"name\":\"Startseite\",\"item\":\"https:\/\/suwine.at\/en\/suwine-suwi-zlatic\/\"},{\"@type\":\"ListItem\",\"position\":2,\"name\":\"Shop\",\"item\":\"https:\/\/suwine.at\/en\/shop-2\/\"},{\"@type\":\"ListItem\",\"position\":3,\"name\":\"Oakville Cabernet Sauvignon Robert Mondavi 2017\"}]},{\"@type\":\"WebSite\",\"@id\":\"https:\/\/suwine.at\/en\/#website\",\"url\":\"https:\/\/suwine.at\/en\/\",\"name\":\"Suwine - Suwi Zlatic\",\"description\":\"Sommelier | Gourmet Play Store | Consulting\",\"potentialAction\":[{\"@type\":\"SearchAction\",\"target\":{\"@type\":\"EntryPoint\",\"urlTemplate\":\"https:\/\/suwine.at\/en\/?s={search_term_string}\"},\"query-input\":{\"@type\":\"PropertyValueSpecification\",\"valueRequired\":true,\"valueName\":\"search_term_string\"}}],\"inLanguage\":\"en-US\"}]}<\/script>\n<!-- \/ Yoast SEO plugin. -->","yoast_head_json":{"title":"Oakville Cabernet Sauvignon Robert Mondavi 2017 - Suwine - Suwi Zlatic","description":"Der Oakville Cabernet Sauvignon von Robert Mondavi ist weit mehr als nur ein Wein \u2013 er ist eine Hommage an die Raffinesse und Leidenschaft des kalifornischen Weinbaus. F\u00fcr Kenner und Liebhaber edler Tropfen ist er ein unvergessliches Erlebnis, das Ma\u00dfst\u00e4be setzt. Sein tiefes, leuchtendes Rubinrot erfreut das Auge, bevor sich eine vielschichtige Komposition von Aromen entfaltet. Kraftvoll und zugleich harmonisch verk\u00f6rpert dieser Cabernet die unverwechselbare Handschrift des Oakville-Terroirs und bietet ein Geschmackserlebnis von au\u00dfergew\u00f6hnlicher Intensit\u00e4t und Eleganz.","robots":{"index":"index","follow":"follow","max-snippet":"max-snippet:-1","max-image-preview":"max-image-preview:large","max-video-preview":"max-video-preview:-1"},"canonical":"https:\/\/suwine.at\/en\/produkt\/oakville-cabernet-sauvignon-robert-mondavi-2017\/","og_locale":"en_US","og_type":"article","og_title":"Oakville Cabernet Sauvignon Robert Mondavi 2017 - Suwine - Suwi Zlatic","og_description":"Der Oakville Cabernet Sauvignon von Robert Mondavi ist weit mehr als nur ein Wein \u2013 er ist eine Hommage an die Raffinesse und Leidenschaft des kalifornischen Weinbaus. F\u00fcr Kenner und Liebhaber edler Tropfen ist er ein unvergessliches Erlebnis, das Ma\u00dfst\u00e4be setzt. Sein tiefes, leuchtendes Rubinrot erfreut das Auge, bevor sich eine vielschichtige Komposition von Aromen entfaltet. Kraftvoll und zugleich harmonisch verk\u00f6rpert dieser Cabernet die unverwechselbare Handschrift des Oakville-Terroirs und bietet ein Geschmackserlebnis von au\u00dfergew\u00f6hnlicher Intensit\u00e4t und Eleganz.","og_url":"https:\/\/suwine.at\/en\/produkt\/oakville-cabernet-sauvignon-robert-mondavi-2017\/","og_site_name":"Suwine - Suwi Zlatic","article_modified_time":"2026-04-03T14:43:01+00:00","og_image":[{"width":1600,"height":1600,"url":"https:\/\/suwine.at\/wp-content\/uploads\/2025\/10\/mondavi-oakville.avif","type":"image\/jpeg"}],"twitter_card":"summary_large_image","twitter_misc":{"Est. reading time":"1 minute"},"schema":{"@context":"https:\/\/schema.org","@graph":[{"@type":"WebPage","@id":"https:\/\/suwine.at\/en\/produkt\/oakville-cabernet-sauvignon-robert-mondavi-2017\/","url":"https:\/\/suwine.at\/en\/produkt\/oakville-cabernet-sauvignon-robert-mondavi-2017\/","name":"Oakville Cabernet Sauvignon Robert Mondavi 2017 - Suwine - Suwi Zlatic","isPartOf":{"@id":"https:\/\/suwine.at\/en\/#website"},"primaryImageOfPage":{"@id":"https:\/\/suwine.at\/en\/produkt\/oakville-cabernet-sauvignon-robert-mondavi-2017\/#primaryimage"},"image":{"@id":"https:\/\/suwine.at\/en\/produkt\/oakville-cabernet-sauvignon-robert-mondavi-2017\/#primaryimage"},"thumbnailUrl":"https:\/\/suwine.at\/wp-content\/uploads\/2025\/10\/mondavi-oakville.avif","datePublished":"2025-10-23T14:47:36+00:00","dateModified":"2026-04-03T14:43:01+00:00","description":"Der Oakville Cabernet Sauvignon von Robert Mondavi ist weit mehr als nur ein Wein \u2013 er ist eine Hommage an die Raffinesse und Leidenschaft des kalifornischen Weinbaus. F\u00fcr Kenner und Liebhaber edler Tropfen ist er ein unvergessliches Erlebnis, das Ma\u00dfst\u00e4be setzt. Sein tiefes, leuchtendes Rubinrot erfreut das Auge, bevor sich eine vielschichtige Komposition von Aromen entfaltet. Kraftvoll und zugleich harmonisch verk\u00f6rpert dieser Cabernet die unverwechselbare Handschrift des Oakville-Terroirs und bietet ein Geschmackserlebnis von au\u00dfergew\u00f6hnlicher Intensit\u00e4t und Eleganz.","breadcrumb":{"@id":"https:\/\/suwine.at\/en\/produkt\/oakville-cabernet-sauvignon-robert-mondavi-2017\/#breadcrumb"},"inLanguage":"en-US","potentialAction":[{"@type":"ReadAction","target":["https:\/\/suwine.at\/en\/produkt\/oakville-cabernet-sauvignon-robert-mondavi-2017\/"]}]},{"@type":"ImageObject","inLanguage":"en-US","@id":"https:\/\/suwine.at\/en\/produkt\/oakville-cabernet-sauvignon-robert-mondavi-2017\/#primaryimage","url":"https:\/\/suwine.at\/wp-content\/uploads\/2025\/10\/mondavi-oakville.avif","contentUrl":"https:\/\/suwine.at\/wp-content\/uploads\/2025\/10\/mondavi-oakville.avif","width":1600,"height":1600,"caption":"mondavi"},{"@type":"BreadcrumbList","@id":"https:\/\/suwine.at\/en\/produkt\/oakville-cabernet-sauvignon-robert-mondavi-2017\/#breadcrumb","itemListElement":[{"@type":"ListItem","position":1,"name":"Startseite","item":"https:\/\/suwine.at\/en\/suwine-suwi-zlatic\/"},{"@type":"ListItem","position":2,"name":"Shop","item":"https:\/\/suwine.at\/en\/shop-2\/"},{"@type":"ListItem","position":3,"name":"Oakville Cabernet Sauvignon Robert Mondavi 2017"}]},{"@type":"WebSite","@id":"https:\/\/suwine.at\/en\/#website","url":"https:\/\/suwine.at\/en\/","name":"Suwine - Suwi Zlatic","description":"Sommelier | Gourmet Play Store | Consulting","potentialAction":[{"@type":"SearchAction","target":{"@type":"EntryPoint","urlTemplate":"https:\/\/suwine.at\/en\/?s={search_term_string}"},"query-input":{"@type":"PropertyValueSpecification","valueRequired":true,"valueName":"search_term_string"}}],"inLanguage":"en-US"}]}},"_links":{"self":[{"href":"https:\/\/suwine.at\/en\/wp-json\/wp\/v2\/product\/235774","targetHints":{"allow":["GET"]}}],"collection":[{"href":"https:\/\/suwine.at\/en\/wp-json\/wp\/v2\/product"}],"about":[{"href":"https:\/\/suwine.at\/en\/wp-json\/wp\/v2\/types\/product"}],"wp:featuredmedia":[{"embeddable":true,"href":"https:\/\/suwine.at\/en\/wp-json\/wp\/v2\/media\/235770"}],"wp:attachment":[{"href":"https:\/\/suwine.at\/en\/wp-json\/wp\/v2\/media?parent=235774"}],"wp:term":[{"taxonomy":"product_brand","embeddable":true,"href":"https:\/\/suwine.at\/en\/wp-json\/wp\/v2\/product_brand?post=235774"},{"taxonomy":"product_cat","embeddable":true,"href":"https:\/\/suwine.at\/en\/wp-json\/wp\/v2\/product_cat?post=235774"},{"taxonomy":"product_tag","embeddable":true,"href":"https:\/\/suwine.at\/en\/wp-json\/wp\/v2\/product_tag?post=235774"}],"curies":[{"name":"wp","href":"https:\/\/api.w.org\/{rel}","templated":true}]}}