{"id":235840,"date":"2025-11-27T19:58:04","date_gmt":"2025-11-27T18:58:04","guid":{"rendered":"https:\/\/suwine.at\/?post_type=product&#038;p=235840"},"modified":"2025-11-27T19:58:04","modified_gmt":"2025-11-27T18:58:04","slug":"castello-di-volpaia-balifico-2018","status":"publish","type":"product","link":"https:\/\/suwine.at\/en\/produkt\/castello-di-volpaia-balifico-2018\/","title":{"rendered":"Castello di Volpaia : Balifico 2018"},"content":{"rendered":"<h2 class=\"ProductActions_title__TO7Lo\">Castello di Volpaia : Balifico 2018<\/h2>\n<p>Castello di Volpaia liegt im Herzen der Toskana und ist ein mittelalterlicher Tresor, in dem die Zeit stillzustehen scheint. Seine Steinh\u00e4user, die gepflasterten Gassen und die Wehrt\u00fcrme machen aus diesem Schmuckst\u00fcck ein kleines Dorf au\u00dferhalb der Zeit. Das 1172 erbaute Anwesen ist eines der bedeutendsten architektonischen Zeugnisse f\u00fcr den Ruhm und das Prestige der Chianti-Region. Castello di Volpaia ist seit den 1970er Jahren im Besitz der Familie Stianti Mascheroni und verf\u00fcgt \u00fcber einen au\u00dfergew\u00f6hnlichen Weinberg, der sich \u00fcber 46 Hektar Weinberge erstreckt. Biologischer Anbau, Feldselektion und einheimische Klone &#8211; das Weingut pflegt seine Reben mit gr\u00f6\u00dfter Sorgfalt.<\/p>\n<p>Der Balifico 2018 von Castello di Volpaia folgt der Inspiration der Super-Tuscans. Das Ergebnis ist ein gro\u00dfer Wein, der nicht den traditionellen DOC-Regeln folgt, sondern sich vielmehr an den Qualit\u00e4tsstandards der IGT orientiert, die den Super-Tuscans zugeschrieben werden.<\/p>\n<span class=\"et_bloom_bottom_trigger\"><\/span>","protected":false},"excerpt":{"rendered":"<p>Der Balifico 2018 von Castello di Volpaia folgt der Inspiration der Super-Tuscans. Das Ergebnis ist ein gro\u00dfer Wein, der nicht den traditionellen DOC-Regeln folgt, sondern sich vielmehr an den Qualit\u00e4tsstandards der IGT orientiert, die den Super-Tuscans zugeschrieben werden.<\/p>\n","protected":false},"featured_media":235829,"template":"","meta":{"_et_pb_use_builder":"","_et_pb_old_content":"","_et_gb_content_width":""},"product_brand":[],"product_cat":[85,210],"product_tag":[364],"class_list":{"0":"post-235840","1":"product","2":"type-product","3":"status-publish","4":"has-post-thumbnail","6":"product_cat-rotwein","7":"product_cat-rotwein-international","8":"product_tag-toscana","10":"first","11":"instock","12":"taxable","13":"shipping-taxable","14":"purchasable","15":"product-type-simple"},"yoast_head":"<!-- This site is optimized with the Yoast SEO plugin v27.2 - https:\/\/yoast.com\/product\/yoast-seo-wordpress\/ -->\n<title>Castello di Volpaia : Balifico 2018 - Suwine - Suwi Zlatic<\/title>\n<meta name=\"description\" content=\"Der Balifico 2018 von Castello di Volpaia folgt der Inspiration der Super-Tuscans. Das Ergebnis ist ein gro\u00dfer Wein, der nicht den traditionellen DOC-Regeln folgt, sondern sich vielmehr an den Qualit\u00e4tsstandards der IGT orientiert, die den Super-Tuscans zugeschrieben werden.\" \/>\n<meta name=\"robots\" content=\"index, follow, max-snippet:-1, max-image-preview:large, max-video-preview:-1\" \/>\n<link rel=\"canonical\" href=\"https:\/\/suwine.at\/en\/produkt\/castello-di-volpaia-balifico-2018\/\" \/>\n<meta property=\"og:locale\" content=\"en_US\" \/>\n<meta property=\"og:type\" content=\"article\" \/>\n<meta property=\"og:title\" content=\"Castello di Volpaia : Balifico 2018 - Suwine - Suwi Zlatic\" \/>\n<meta property=\"og:description\" content=\"Der Balifico 2018 von Castello di Volpaia folgt der Inspiration der Super-Tuscans. Das Ergebnis ist ein gro\u00dfer Wein, der nicht den traditionellen DOC-Regeln folgt, sondern sich vielmehr an den Qualit\u00e4tsstandards der IGT orientiert, die den Super-Tuscans zugeschrieben werden.\" \/>\n<meta property=\"og:url\" content=\"https:\/\/suwine.at\/en\/produkt\/castello-di-volpaia-balifico-2018\/\" \/>\n<meta property=\"og:site_name\" content=\"Suwine - Suwi Zlatic\" \/>\n<meta property=\"og:image\" content=\"https:\/\/suwine.at\/wp-content\/uploads\/2025\/11\/IMG_0665.avif\" \/>\n\t<meta property=\"og:image:width\" content=\"1600\" \/>\n\t<meta property=\"og:image:height\" content=\"1600\" \/>\n\t<meta property=\"og:image:type\" content=\"image\/jpeg\" \/>\n<meta name=\"twitter:card\" content=\"summary_large_image\" \/>\n<meta name=\"twitter:label1\" content=\"Est. reading time\" \/>\n\t<meta name=\"twitter:data1\" content=\"1 minute\" \/>\n<script type=\"application\/ld+json\" class=\"yoast-schema-graph\">{\"@context\":\"https:\/\/schema.org\",\"@graph\":[{\"@type\":\"WebPage\",\"@id\":\"https:\/\/suwine.at\/en\/produkt\/castello-di-volpaia-balifico-2018\/\",\"url\":\"https:\/\/suwine.at\/en\/produkt\/castello-di-volpaia-balifico-2018\/\",\"name\":\"Castello di Volpaia : Balifico 2018 - Suwine - Suwi Zlatic\",\"isPartOf\":{\"@id\":\"https:\/\/suwine.at\/en\/#website\"},\"primaryImageOfPage\":{\"@id\":\"https:\/\/suwine.at\/en\/produkt\/castello-di-volpaia-balifico-2018\/#primaryimage\"},\"image\":{\"@id\":\"https:\/\/suwine.at\/en\/produkt\/castello-di-volpaia-balifico-2018\/#primaryimage\"},\"thumbnailUrl\":\"https:\/\/suwine.at\/wp-content\/uploads\/2025\/11\/IMG_0665.avif\",\"datePublished\":\"2025-11-27T18:58:04+00:00\",\"description\":\"Der Balifico 2018 von Castello di Volpaia folgt der Inspiration der Super-Tuscans. Das Ergebnis ist ein gro\u00dfer Wein, der nicht den traditionellen DOC-Regeln folgt, sondern sich vielmehr an den Qualit\u00e4tsstandards der IGT orientiert, die den Super-Tuscans zugeschrieben werden.\",\"breadcrumb\":{\"@id\":\"https:\/\/suwine.at\/en\/produkt\/castello-di-volpaia-balifico-2018\/#breadcrumb\"},\"inLanguage\":\"en-US\",\"potentialAction\":[{\"@type\":\"ReadAction\",\"target\":[\"https:\/\/suwine.at\/en\/produkt\/castello-di-volpaia-balifico-2018\/\"]}]},{\"@type\":\"ImageObject\",\"inLanguage\":\"en-US\",\"@id\":\"https:\/\/suwine.at\/en\/produkt\/castello-di-volpaia-balifico-2018\/#primaryimage\",\"url\":\"https:\/\/suwine.at\/wp-content\/uploads\/2025\/11\/IMG_0665.avif\",\"contentUrl\":\"https:\/\/suwine.at\/wp-content\/uploads\/2025\/11\/IMG_0665.avif\",\"width\":1600,\"height\":1600,\"caption\":\"Volpaia\"},{\"@type\":\"BreadcrumbList\",\"@id\":\"https:\/\/suwine.at\/en\/produkt\/castello-di-volpaia-balifico-2018\/#breadcrumb\",\"itemListElement\":[{\"@type\":\"ListItem\",\"position\":1,\"name\":\"Startseite\",\"item\":\"https:\/\/suwine.at\/en\/suwine-suwi-zlatic\/\"},{\"@type\":\"ListItem\",\"position\":2,\"name\":\"Shop\",\"item\":\"https:\/\/suwine.at\/en\/shop-2\/\"},{\"@type\":\"ListItem\",\"position\":3,\"name\":\"Castello di Volpaia : Balifico 2018\"}]},{\"@type\":\"WebSite\",\"@id\":\"https:\/\/suwine.at\/en\/#website\",\"url\":\"https:\/\/suwine.at\/en\/\",\"name\":\"Suwine - Suwi Zlatic\",\"description\":\"Sommelier | Gourmet Play Store | Consulting\",\"potentialAction\":[{\"@type\":\"SearchAction\",\"target\":{\"@type\":\"EntryPoint\",\"urlTemplate\":\"https:\/\/suwine.at\/en\/?s={search_term_string}\"},\"query-input\":{\"@type\":\"PropertyValueSpecification\",\"valueRequired\":true,\"valueName\":\"search_term_string\"}}],\"inLanguage\":\"en-US\"}]}<\/script>\n<!-- \/ Yoast SEO plugin. -->","yoast_head_json":{"title":"Castello di Volpaia : Balifico 2018 - Suwine - Suwi Zlatic","description":"Der Balifico 2018 von Castello di Volpaia folgt der Inspiration der Super-Tuscans. Das Ergebnis ist ein gro\u00dfer Wein, der nicht den traditionellen DOC-Regeln folgt, sondern sich vielmehr an den Qualit\u00e4tsstandards der IGT orientiert, die den Super-Tuscans zugeschrieben werden.","robots":{"index":"index","follow":"follow","max-snippet":"max-snippet:-1","max-image-preview":"max-image-preview:large","max-video-preview":"max-video-preview:-1"},"canonical":"https:\/\/suwine.at\/en\/produkt\/castello-di-volpaia-balifico-2018\/","og_locale":"en_US","og_type":"article","og_title":"Castello di Volpaia : Balifico 2018 - Suwine - Suwi Zlatic","og_description":"Der Balifico 2018 von Castello di Volpaia folgt der Inspiration der Super-Tuscans. Das Ergebnis ist ein gro\u00dfer Wein, der nicht den traditionellen DOC-Regeln folgt, sondern sich vielmehr an den Qualit\u00e4tsstandards der IGT orientiert, die den Super-Tuscans zugeschrieben werden.","og_url":"https:\/\/suwine.at\/en\/produkt\/castello-di-volpaia-balifico-2018\/","og_site_name":"Suwine - Suwi Zlatic","og_image":[{"width":1600,"height":1600,"url":"https:\/\/suwine.at\/wp-content\/uploads\/2025\/11\/IMG_0665.avif","type":"image\/jpeg"}],"twitter_card":"summary_large_image","twitter_misc":{"Est. reading time":"1 minute"},"schema":{"@context":"https:\/\/schema.org","@graph":[{"@type":"WebPage","@id":"https:\/\/suwine.at\/en\/produkt\/castello-di-volpaia-balifico-2018\/","url":"https:\/\/suwine.at\/en\/produkt\/castello-di-volpaia-balifico-2018\/","name":"Castello di Volpaia : Balifico 2018 - Suwine - Suwi Zlatic","isPartOf":{"@id":"https:\/\/suwine.at\/en\/#website"},"primaryImageOfPage":{"@id":"https:\/\/suwine.at\/en\/produkt\/castello-di-volpaia-balifico-2018\/#primaryimage"},"image":{"@id":"https:\/\/suwine.at\/en\/produkt\/castello-di-volpaia-balifico-2018\/#primaryimage"},"thumbnailUrl":"https:\/\/suwine.at\/wp-content\/uploads\/2025\/11\/IMG_0665.avif","datePublished":"2025-11-27T18:58:04+00:00","description":"Der Balifico 2018 von Castello di Volpaia folgt der Inspiration der Super-Tuscans. Das Ergebnis ist ein gro\u00dfer Wein, der nicht den traditionellen DOC-Regeln folgt, sondern sich vielmehr an den Qualit\u00e4tsstandards der IGT orientiert, die den Super-Tuscans zugeschrieben werden.","breadcrumb":{"@id":"https:\/\/suwine.at\/en\/produkt\/castello-di-volpaia-balifico-2018\/#breadcrumb"},"inLanguage":"en-US","potentialAction":[{"@type":"ReadAction","target":["https:\/\/suwine.at\/en\/produkt\/castello-di-volpaia-balifico-2018\/"]}]},{"@type":"ImageObject","inLanguage":"en-US","@id":"https:\/\/suwine.at\/en\/produkt\/castello-di-volpaia-balifico-2018\/#primaryimage","url":"https:\/\/suwine.at\/wp-content\/uploads\/2025\/11\/IMG_0665.avif","contentUrl":"https:\/\/suwine.at\/wp-content\/uploads\/2025\/11\/IMG_0665.avif","width":1600,"height":1600,"caption":"Volpaia"},{"@type":"BreadcrumbList","@id":"https:\/\/suwine.at\/en\/produkt\/castello-di-volpaia-balifico-2018\/#breadcrumb","itemListElement":[{"@type":"ListItem","position":1,"name":"Startseite","item":"https:\/\/suwine.at\/en\/suwine-suwi-zlatic\/"},{"@type":"ListItem","position":2,"name":"Shop","item":"https:\/\/suwine.at\/en\/shop-2\/"},{"@type":"ListItem","position":3,"name":"Castello di Volpaia : Balifico 2018"}]},{"@type":"WebSite","@id":"https:\/\/suwine.at\/en\/#website","url":"https:\/\/suwine.at\/en\/","name":"Suwine - Suwi Zlatic","description":"Sommelier | Gourmet Play Store | Consulting","potentialAction":[{"@type":"SearchAction","target":{"@type":"EntryPoint","urlTemplate":"https:\/\/suwine.at\/en\/?s={search_term_string}"},"query-input":{"@type":"PropertyValueSpecification","valueRequired":true,"valueName":"search_term_string"}}],"inLanguage":"en-US"}]}},"_links":{"self":[{"href":"https:\/\/suwine.at\/en\/wp-json\/wp\/v2\/product\/235840","targetHints":{"allow":["GET"]}}],"collection":[{"href":"https:\/\/suwine.at\/en\/wp-json\/wp\/v2\/product"}],"about":[{"href":"https:\/\/suwine.at\/en\/wp-json\/wp\/v2\/types\/product"}],"wp:featuredmedia":[{"embeddable":true,"href":"https:\/\/suwine.at\/en\/wp-json\/wp\/v2\/media\/235829"}],"wp:attachment":[{"href":"https:\/\/suwine.at\/en\/wp-json\/wp\/v2\/media?parent=235840"}],"wp:term":[{"taxonomy":"product_brand","embeddable":true,"href":"https:\/\/suwine.at\/en\/wp-json\/wp\/v2\/product_brand?post=235840"},{"taxonomy":"product_cat","embeddable":true,"href":"https:\/\/suwine.at\/en\/wp-json\/wp\/v2\/product_cat?post=235840"},{"taxonomy":"product_tag","embeddable":true,"href":"https:\/\/suwine.at\/en\/wp-json\/wp\/v2\/product_tag?post=235840"}],"curies":[{"name":"wp","href":"https:\/\/api.w.org\/{rel}","templated":true}]}}