{"id":235846,"date":"2025-11-27T22:25:22","date_gmt":"2025-11-27T21:25:22","guid":{"rendered":"https:\/\/suwine.at\/?post_type=product&#038;p=235846"},"modified":"2025-12-27T20:39:37","modified_gmt":"2025-12-27T19:39:37","slug":"jean-vesselle-brut-reserve","status":"publish","type":"product","link":"https:\/\/suwine.at\/en\/produkt\/jean-vesselle-brut-reserve\/","title":{"rendered":"Jean Vesselle &#8211; Brut R\u00e9serve"},"content":{"rendered":"<h2>Jean Vesselle &#8211; Brut R\u00e9serve<\/h2>\n<p>Entdecken Sie den Vesselle Brut R\u00e9serve, einen exquisiten Schaumwein aus der renommierten Region Bouzy in Frankreichs Champagne. Dieser edle Tropfen vereint die Rebsorten Cuv\u00e9e, Chardonnay und Pinot Noir zu einem harmonischen Geschmackserlebnis. Mit 12 Prozent Alkoholgehalt ist er angenehm leicht und \u00fcberzeugt mit einer knackigen S\u00e4ure, die ihm Frische und Lebendigkeit verleiht. Ein prickelnder Genuss f\u00fcr besondere Anl\u00e4sse oder einfach zum Verw\u00f6hnen zwischendurch.<\/p>\n<p>&nbsp;<\/p>\n<span class=\"et_bloom_bottom_trigger\"><\/span>","protected":false},"excerpt":{"rendered":"<p>Entdecken Sie den Vesselle Brut R\u00e9serve, einen exquisiten Schaumwein aus der renommierten Region Bouzy in Frankreichs Champagne. Dieser edle Tropfen vereint die Rebsorten Cuv\u00e9e, Chardonnay und Pinot Noir zu einem harmonischen Geschmackserlebnis. Mit 12 Prozent Alkoholgehalt ist er angenehm leicht und \u00fcberzeugt mit einer knackigen S\u00e4ure, die ihm Frische und Lebendigkeit verleiht. Ein prickelnder Genuss f\u00fcr besondere Anl\u00e4sse oder einfach zum Verw\u00f6hnen zwischendurch.<\/p>\n","protected":false},"featured_media":235830,"template":"","meta":{"_et_pb_use_builder":"","_et_pb_old_content":"","_et_gb_content_width":""},"product_brand":[],"product_cat":[86,121],"product_tag":[79],"class_list":{"0":"post-235846","1":"product","2":"type-product","3":"status-publish","4":"has-post-thumbnail","6":"product_cat-champagner-schaumwein","7":"product_cat-champagner","8":"product_tag-champagner","10":"first","11":"instock","12":"taxable","13":"shipping-taxable","14":"purchasable","15":"product-type-simple"},"yoast_head":"<!-- This site is optimized with the Yoast SEO plugin v27.2 - https:\/\/yoast.com\/product\/yoast-seo-wordpress\/ -->\n<title>Jean Vesselle - Brut R\u00e9serve - Suwine - Suwi Zlatic<\/title>\n<meta name=\"description\" content=\"Entdecken Sie den Vesselle Brut R\u00e9serve, einen exquisiten Schaumwein aus der renommierten Region Bouzy in Frankreichs Champagne. Dieser edle Tropfen vereint die Rebsorten Cuv\u00e9e, Chardonnay und Pinot Noir zu einem harmonischen Geschmackserlebnis\" \/>\n<meta name=\"robots\" content=\"index, follow, max-snippet:-1, max-image-preview:large, max-video-preview:-1\" \/>\n<link rel=\"canonical\" href=\"https:\/\/suwine.at\/en\/produkt\/jean-vesselle-brut-reserve\/\" \/>\n<meta property=\"og:locale\" content=\"en_US\" \/>\n<meta property=\"og:type\" content=\"article\" \/>\n<meta property=\"og:title\" content=\"Jean Vesselle - Brut R\u00e9serve - Suwine - Suwi Zlatic\" \/>\n<meta property=\"og:description\" content=\"Entdecken Sie den Vesselle Brut R\u00e9serve, einen exquisiten Schaumwein aus der renommierten Region Bouzy in Frankreichs Champagne. Dieser edle Tropfen vereint die Rebsorten Cuv\u00e9e, Chardonnay und Pinot Noir zu einem harmonischen Geschmackserlebnis\" \/>\n<meta property=\"og:url\" content=\"https:\/\/suwine.at\/en\/produkt\/jean-vesselle-brut-reserve\/\" \/>\n<meta property=\"og:site_name\" content=\"Suwine - Suwi Zlatic\" \/>\n<meta property=\"article:modified_time\" content=\"2025-12-27T19:39:37+00:00\" \/>\n<meta property=\"og:image\" content=\"https:\/\/suwine.at\/wp-content\/uploads\/2025\/11\/IMG_0666.avif\" \/>\n\t<meta property=\"og:image:width\" content=\"1600\" \/>\n\t<meta property=\"og:image:height\" content=\"1600\" \/>\n\t<meta property=\"og:image:type\" content=\"image\/jpeg\" \/>\n<meta name=\"twitter:card\" content=\"summary_large_image\" \/>\n<meta name=\"twitter:label1\" content=\"Est. reading time\" \/>\n\t<meta name=\"twitter:data1\" content=\"1 minute\" \/>\n<script type=\"application\/ld+json\" class=\"yoast-schema-graph\">{\"@context\":\"https:\/\/schema.org\",\"@graph\":[{\"@type\":\"WebPage\",\"@id\":\"https:\/\/suwine.at\/en\/produkt\/jean-vesselle-brut-reserve\/\",\"url\":\"https:\/\/suwine.at\/en\/produkt\/jean-vesselle-brut-reserve\/\",\"name\":\"Jean Vesselle - Brut R\u00e9serve - Suwine - Suwi Zlatic\",\"isPartOf\":{\"@id\":\"https:\/\/suwine.at\/en\/#website\"},\"primaryImageOfPage\":{\"@id\":\"https:\/\/suwine.at\/en\/produkt\/jean-vesselle-brut-reserve\/#primaryimage\"},\"image\":{\"@id\":\"https:\/\/suwine.at\/en\/produkt\/jean-vesselle-brut-reserve\/#primaryimage\"},\"thumbnailUrl\":\"https:\/\/suwine.at\/wp-content\/uploads\/2025\/11\/IMG_0666.avif\",\"datePublished\":\"2025-11-27T21:25:22+00:00\",\"dateModified\":\"2025-12-27T19:39:37+00:00\",\"description\":\"Entdecken Sie den Vesselle Brut R\u00e9serve, einen exquisiten Schaumwein aus der renommierten Region Bouzy in Frankreichs Champagne. Dieser edle Tropfen vereint die Rebsorten Cuv\u00e9e, Chardonnay und Pinot Noir zu einem harmonischen Geschmackserlebnis\",\"breadcrumb\":{\"@id\":\"https:\/\/suwine.at\/en\/produkt\/jean-vesselle-brut-reserve\/#breadcrumb\"},\"inLanguage\":\"en-US\",\"potentialAction\":[{\"@type\":\"ReadAction\",\"target\":[\"https:\/\/suwine.at\/en\/produkt\/jean-vesselle-brut-reserve\/\"]}]},{\"@type\":\"ImageObject\",\"inLanguage\":\"en-US\",\"@id\":\"https:\/\/suwine.at\/en\/produkt\/jean-vesselle-brut-reserve\/#primaryimage\",\"url\":\"https:\/\/suwine.at\/wp-content\/uploads\/2025\/11\/IMG_0666.avif\",\"contentUrl\":\"https:\/\/suwine.at\/wp-content\/uploads\/2025\/11\/IMG_0666.avif\",\"width\":1600,\"height\":1600,\"caption\":\"Jean Vesselle\"},{\"@type\":\"BreadcrumbList\",\"@id\":\"https:\/\/suwine.at\/en\/produkt\/jean-vesselle-brut-reserve\/#breadcrumb\",\"itemListElement\":[{\"@type\":\"ListItem\",\"position\":1,\"name\":\"Startseite\",\"item\":\"https:\/\/suwine.at\/en\/suwine-suwi-zlatic\/\"},{\"@type\":\"ListItem\",\"position\":2,\"name\":\"Shop\",\"item\":\"https:\/\/suwine.at\/en\/shop-2\/\"},{\"@type\":\"ListItem\",\"position\":3,\"name\":\"Jean Vesselle &#8211; Brut R\u00e9serve\"}]},{\"@type\":\"WebSite\",\"@id\":\"https:\/\/suwine.at\/en\/#website\",\"url\":\"https:\/\/suwine.at\/en\/\",\"name\":\"Suwine - Suwi Zlatic\",\"description\":\"Sommelier | Gourmet Play Store | Consulting\",\"potentialAction\":[{\"@type\":\"SearchAction\",\"target\":{\"@type\":\"EntryPoint\",\"urlTemplate\":\"https:\/\/suwine.at\/en\/?s={search_term_string}\"},\"query-input\":{\"@type\":\"PropertyValueSpecification\",\"valueRequired\":true,\"valueName\":\"search_term_string\"}}],\"inLanguage\":\"en-US\"}]}<\/script>\n<!-- \/ Yoast SEO plugin. -->","yoast_head_json":{"title":"Jean Vesselle - Brut R\u00e9serve - Suwine - Suwi Zlatic","description":"Entdecken Sie den Vesselle Brut R\u00e9serve, einen exquisiten Schaumwein aus der renommierten Region Bouzy in Frankreichs Champagne. Dieser edle Tropfen vereint die Rebsorten Cuv\u00e9e, Chardonnay und Pinot Noir zu einem harmonischen Geschmackserlebnis","robots":{"index":"index","follow":"follow","max-snippet":"max-snippet:-1","max-image-preview":"max-image-preview:large","max-video-preview":"max-video-preview:-1"},"canonical":"https:\/\/suwine.at\/en\/produkt\/jean-vesselle-brut-reserve\/","og_locale":"en_US","og_type":"article","og_title":"Jean Vesselle - Brut R\u00e9serve - Suwine - Suwi Zlatic","og_description":"Entdecken Sie den Vesselle Brut R\u00e9serve, einen exquisiten Schaumwein aus der renommierten Region Bouzy in Frankreichs Champagne. Dieser edle Tropfen vereint die Rebsorten Cuv\u00e9e, Chardonnay und Pinot Noir zu einem harmonischen Geschmackserlebnis","og_url":"https:\/\/suwine.at\/en\/produkt\/jean-vesselle-brut-reserve\/","og_site_name":"Suwine - Suwi Zlatic","article_modified_time":"2025-12-27T19:39:37+00:00","og_image":[{"width":1600,"height":1600,"url":"https:\/\/suwine.at\/wp-content\/uploads\/2025\/11\/IMG_0666.avif","type":"image\/jpeg"}],"twitter_card":"summary_large_image","twitter_misc":{"Est. reading time":"1 minute"},"schema":{"@context":"https:\/\/schema.org","@graph":[{"@type":"WebPage","@id":"https:\/\/suwine.at\/en\/produkt\/jean-vesselle-brut-reserve\/","url":"https:\/\/suwine.at\/en\/produkt\/jean-vesselle-brut-reserve\/","name":"Jean Vesselle - Brut R\u00e9serve - Suwine - Suwi Zlatic","isPartOf":{"@id":"https:\/\/suwine.at\/en\/#website"},"primaryImageOfPage":{"@id":"https:\/\/suwine.at\/en\/produkt\/jean-vesselle-brut-reserve\/#primaryimage"},"image":{"@id":"https:\/\/suwine.at\/en\/produkt\/jean-vesselle-brut-reserve\/#primaryimage"},"thumbnailUrl":"https:\/\/suwine.at\/wp-content\/uploads\/2025\/11\/IMG_0666.avif","datePublished":"2025-11-27T21:25:22+00:00","dateModified":"2025-12-27T19:39:37+00:00","description":"Entdecken Sie den Vesselle Brut R\u00e9serve, einen exquisiten Schaumwein aus der renommierten Region Bouzy in Frankreichs Champagne. Dieser edle Tropfen vereint die Rebsorten Cuv\u00e9e, Chardonnay und Pinot Noir zu einem harmonischen Geschmackserlebnis","breadcrumb":{"@id":"https:\/\/suwine.at\/en\/produkt\/jean-vesselle-brut-reserve\/#breadcrumb"},"inLanguage":"en-US","potentialAction":[{"@type":"ReadAction","target":["https:\/\/suwine.at\/en\/produkt\/jean-vesselle-brut-reserve\/"]}]},{"@type":"ImageObject","inLanguage":"en-US","@id":"https:\/\/suwine.at\/en\/produkt\/jean-vesselle-brut-reserve\/#primaryimage","url":"https:\/\/suwine.at\/wp-content\/uploads\/2025\/11\/IMG_0666.avif","contentUrl":"https:\/\/suwine.at\/wp-content\/uploads\/2025\/11\/IMG_0666.avif","width":1600,"height":1600,"caption":"Jean Vesselle"},{"@type":"BreadcrumbList","@id":"https:\/\/suwine.at\/en\/produkt\/jean-vesselle-brut-reserve\/#breadcrumb","itemListElement":[{"@type":"ListItem","position":1,"name":"Startseite","item":"https:\/\/suwine.at\/en\/suwine-suwi-zlatic\/"},{"@type":"ListItem","position":2,"name":"Shop","item":"https:\/\/suwine.at\/en\/shop-2\/"},{"@type":"ListItem","position":3,"name":"Jean Vesselle &#8211; Brut R\u00e9serve"}]},{"@type":"WebSite","@id":"https:\/\/suwine.at\/en\/#website","url":"https:\/\/suwine.at\/en\/","name":"Suwine - Suwi Zlatic","description":"Sommelier | Gourmet Play Store | Consulting","potentialAction":[{"@type":"SearchAction","target":{"@type":"EntryPoint","urlTemplate":"https:\/\/suwine.at\/en\/?s={search_term_string}"},"query-input":{"@type":"PropertyValueSpecification","valueRequired":true,"valueName":"search_term_string"}}],"inLanguage":"en-US"}]}},"_links":{"self":[{"href":"https:\/\/suwine.at\/en\/wp-json\/wp\/v2\/product\/235846","targetHints":{"allow":["GET"]}}],"collection":[{"href":"https:\/\/suwine.at\/en\/wp-json\/wp\/v2\/product"}],"about":[{"href":"https:\/\/suwine.at\/en\/wp-json\/wp\/v2\/types\/product"}],"wp:featuredmedia":[{"embeddable":true,"href":"https:\/\/suwine.at\/en\/wp-json\/wp\/v2\/media\/235830"}],"wp:attachment":[{"href":"https:\/\/suwine.at\/en\/wp-json\/wp\/v2\/media?parent=235846"}],"wp:term":[{"taxonomy":"product_brand","embeddable":true,"href":"https:\/\/suwine.at\/en\/wp-json\/wp\/v2\/product_brand?post=235846"},{"taxonomy":"product_cat","embeddable":true,"href":"https:\/\/suwine.at\/en\/wp-json\/wp\/v2\/product_cat?post=235846"},{"taxonomy":"product_tag","embeddable":true,"href":"https:\/\/suwine.at\/en\/wp-json\/wp\/v2\/product_tag?post=235846"}],"curies":[{"name":"wp","href":"https:\/\/api.w.org\/{rel}","templated":true}]}}