{"id":235847,"date":"2025-11-27T22:33:08","date_gmt":"2025-11-27T21:33:08","guid":{"rendered":"https:\/\/suwine.at\/?post_type=product&#038;p=235847"},"modified":"2026-03-31T14:16:40","modified_gmt":"2026-03-31T12:16:40","slug":"stags-leap-wine-cellars-artemis-cabernet-sauvignon-2019","status":"publish","type":"product","link":"https:\/\/suwine.at\/en\/produkt\/stags-leap-wine-cellars-artemis-cabernet-sauvignon-2019\/","title":{"rendered":"Stag&#8217;s Leap Wine Cellars Artemis Cabernet Sauvignon 2019"},"content":{"rendered":"<h2>Stag&#8217;s Leap Wine Cellars Artemis Cabernet Sauvignon 2019<\/h2>\n<p>Die weltber\u00fchmten Stag&#8217;s Leap Wine Cellars im Herzen von Napa wurden 1972 von Warren Winiarski gegr\u00fcndet, nachdem er seine akademische Laufbahn aufgegeben hatte, um bei dem legend\u00e4ren Winzer Robert Mondavi zu studieren. Winiarskis junges Projekt wurde 1976 beim Verkostungswettbewerb &#8220;Judgement of Paris&#8221; ber\u00fchmt, als sein 1973er Cabernet Sauvignon von f\u00fchrenden franz\u00f6sischen Weinkritikern auf den ersten Platz gew\u00e4hlt wurde und damit zahlreiche Bordeaux-Spitzenchateaus schlug, darunter auch Haut-Brion und Mouton-Rothschild.<\/p>\n<p>Artemis ist nach der altgriechischen G\u00f6ttin benannt, die traditionell mit wilden Tieren in Verbindung steht, insbesondere dem Hirsch, Namensvetter des Guts. Die Trauben stammen von einigen der besten Parzellen Napas, wobei ein kleiner Anteil Merlot und Malbec der Mischung hinzugef\u00fcgt wird, um eine reiche, geschmeidige Textur und zus\u00e4tzliche Komplexit\u00e4t zu erhalten. Der Wein wird 18 Monate lang in einer Kombination aus amerikanischen und franz\u00f6sischen Eichenf\u00e4ssern ausgebaut.<\/p>\n<p>Dies ist ein kr\u00e4ftiger und alterungsf\u00e4higer Cabernet, der wunderbar auf ein weiteres Jahrzehnt oder mehr im Keller reagieren wird. \u00dcppiges Cassis, schwarze Kirsche und Pflaume charakterisieren das Bouquet, w\u00e4hrend der Gaumen einen gro\u00dfz\u00fcgigen, vollen K\u00f6rper, satte dunkle Fr\u00fcchte, feste Tannine und eine gut entwickelte Struktur bietet. Das robuste Geschmacksprofil macht ihn bereits jetzt ideal zu herzhaften Gerichten mit rotem Fleisch.<\/p>\n<span class=\"et_bloom_bottom_trigger\"><\/span>","protected":false},"excerpt":{"rendered":"<p>Dies ist ein kr\u00e4ftiger und alterungsf\u00e4higer Cabernet, der wunderbar auf ein weiteres Jahrzehnt oder mehr im Keller reagieren wird. \u00dcppiges Cassis, schwarze Kirsche und Pflaume charakterisieren das Bouquet, w\u00e4hrend der Gaumen einen gro\u00dfz\u00fcgigen, vollen K\u00f6rper, satte dunkle Fr\u00fcchte, feste Tannine und eine gut entwickelte Struktur bietet. Das robuste Geschmacksprofil macht ihn bereits jetzt ideal zu herzhaften Gerichten mit rotem Fleisch.<\/p>\n","protected":false},"featured_media":235831,"template":"","meta":{"_et_pb_use_builder":"","_et_pb_old_content":"","_et_gb_content_width":""},"product_brand":[],"product_cat":[85,210],"product_tag":[842,903],"class_list":{"0":"post-235847","1":"product","2":"type-product","3":"status-publish","4":"has-post-thumbnail","6":"product_cat-rotwein","7":"product_cat-rotwein-international","8":"product_tag-napa-valley","9":"product_tag-mondavi","11":"first","12":"instock","13":"taxable","14":"shipping-taxable","15":"purchasable","16":"product-type-simple"},"yoast_head":"<!-- This site is optimized with the Yoast SEO plugin v27.2 - https:\/\/yoast.com\/product\/yoast-seo-wordpress\/ -->\n<title>Stag&#039;s Leap Wine Cellars Artemis Cabernet Sauvignon 2019 - Suwine - Suwi Zlatic<\/title>\n<meta name=\"description\" content=\"Dies ist ein kr\u00e4ftiger und alterungsf\u00e4higer Cabernet, der wunderbar auf ein weiteres Jahrzehnt oder mehr im Keller reagieren wird. \u00dcppiges Cassis, schwarze Kirsche und Pflaume charakterisieren das Bouquet, w\u00e4hrend der Gaumen einen gro\u00dfz\u00fcgigen, vollen K\u00f6rper, satte dunkle Fr\u00fcchte, feste Tannine und eine gut entwickelte Struktur bietet. Das robuste Geschmacksprofil macht ihn bereits jetzt ideal zu herzhaften Gerichten mit rotem Fleisch.\" \/>\n<meta name=\"robots\" content=\"index, follow, max-snippet:-1, max-image-preview:large, max-video-preview:-1\" \/>\n<link rel=\"canonical\" href=\"https:\/\/suwine.at\/en\/produkt\/stags-leap-wine-cellars-artemis-cabernet-sauvignon-2019\/\" \/>\n<meta property=\"og:locale\" content=\"en_US\" \/>\n<meta property=\"og:type\" content=\"article\" \/>\n<meta property=\"og:title\" content=\"Stag&#039;s Leap Wine Cellars Artemis Cabernet Sauvignon 2019 - Suwine - Suwi Zlatic\" \/>\n<meta property=\"og:description\" content=\"Dies ist ein kr\u00e4ftiger und alterungsf\u00e4higer Cabernet, der wunderbar auf ein weiteres Jahrzehnt oder mehr im Keller reagieren wird. \u00dcppiges Cassis, schwarze Kirsche und Pflaume charakterisieren das Bouquet, w\u00e4hrend der Gaumen einen gro\u00dfz\u00fcgigen, vollen K\u00f6rper, satte dunkle Fr\u00fcchte, feste Tannine und eine gut entwickelte Struktur bietet. Das robuste Geschmacksprofil macht ihn bereits jetzt ideal zu herzhaften Gerichten mit rotem Fleisch.\" \/>\n<meta property=\"og:url\" content=\"https:\/\/suwine.at\/en\/produkt\/stags-leap-wine-cellars-artemis-cabernet-sauvignon-2019\/\" \/>\n<meta property=\"og:site_name\" content=\"Suwine - Suwi Zlatic\" \/>\n<meta property=\"article:modified_time\" content=\"2026-03-31T12:16:40+00:00\" \/>\n<meta property=\"og:image\" content=\"https:\/\/suwine.at\/wp-content\/uploads\/2025\/11\/IMG_0667.avif\" \/>\n\t<meta property=\"og:image:width\" content=\"1600\" \/>\n\t<meta property=\"og:image:height\" content=\"1600\" \/>\n\t<meta property=\"og:image:type\" content=\"image\/jpeg\" \/>\n<meta name=\"twitter:card\" content=\"summary_large_image\" \/>\n<meta name=\"twitter:label1\" content=\"Est. reading time\" \/>\n\t<meta name=\"twitter:data1\" content=\"2 minutes\" \/>\n<script type=\"application\/ld+json\" class=\"yoast-schema-graph\">{\"@context\":\"https:\/\/schema.org\",\"@graph\":[{\"@type\":\"WebPage\",\"@id\":\"https:\/\/suwine.at\/en\/produkt\/stags-leap-wine-cellars-artemis-cabernet-sauvignon-2019\/\",\"url\":\"https:\/\/suwine.at\/en\/produkt\/stags-leap-wine-cellars-artemis-cabernet-sauvignon-2019\/\",\"name\":\"Stag's Leap Wine Cellars Artemis Cabernet Sauvignon 2019 - Suwine - Suwi Zlatic\",\"isPartOf\":{\"@id\":\"https:\/\/suwine.at\/en\/#website\"},\"primaryImageOfPage\":{\"@id\":\"https:\/\/suwine.at\/en\/produkt\/stags-leap-wine-cellars-artemis-cabernet-sauvignon-2019\/#primaryimage\"},\"image\":{\"@id\":\"https:\/\/suwine.at\/en\/produkt\/stags-leap-wine-cellars-artemis-cabernet-sauvignon-2019\/#primaryimage\"},\"thumbnailUrl\":\"https:\/\/suwine.at\/wp-content\/uploads\/2025\/11\/IMG_0667.avif\",\"datePublished\":\"2025-11-27T21:33:08+00:00\",\"dateModified\":\"2026-03-31T12:16:40+00:00\",\"description\":\"Dies ist ein kr\u00e4ftiger und alterungsf\u00e4higer Cabernet, der wunderbar auf ein weiteres Jahrzehnt oder mehr im Keller reagieren wird. \u00dcppiges Cassis, schwarze Kirsche und Pflaume charakterisieren das Bouquet, w\u00e4hrend der Gaumen einen gro\u00dfz\u00fcgigen, vollen K\u00f6rper, satte dunkle Fr\u00fcchte, feste Tannine und eine gut entwickelte Struktur bietet. Das robuste Geschmacksprofil macht ihn bereits jetzt ideal zu herzhaften Gerichten mit rotem Fleisch.\",\"breadcrumb\":{\"@id\":\"https:\/\/suwine.at\/en\/produkt\/stags-leap-wine-cellars-artemis-cabernet-sauvignon-2019\/#breadcrumb\"},\"inLanguage\":\"en-US\",\"potentialAction\":[{\"@type\":\"ReadAction\",\"target\":[\"https:\/\/suwine.at\/en\/produkt\/stags-leap-wine-cellars-artemis-cabernet-sauvignon-2019\/\"]}]},{\"@type\":\"ImageObject\",\"inLanguage\":\"en-US\",\"@id\":\"https:\/\/suwine.at\/en\/produkt\/stags-leap-wine-cellars-artemis-cabernet-sauvignon-2019\/#primaryimage\",\"url\":\"https:\/\/suwine.at\/wp-content\/uploads\/2025\/11\/IMG_0667.avif\",\"contentUrl\":\"https:\/\/suwine.at\/wp-content\/uploads\/2025\/11\/IMG_0667.avif\",\"width\":1600,\"height\":1600,\"caption\":\"Stags leap\"},{\"@type\":\"BreadcrumbList\",\"@id\":\"https:\/\/suwine.at\/en\/produkt\/stags-leap-wine-cellars-artemis-cabernet-sauvignon-2019\/#breadcrumb\",\"itemListElement\":[{\"@type\":\"ListItem\",\"position\":1,\"name\":\"Startseite\",\"item\":\"https:\/\/suwine.at\/en\/suwine-suwi-zlatic\/\"},{\"@type\":\"ListItem\",\"position\":2,\"name\":\"Shop\",\"item\":\"https:\/\/suwine.at\/en\/shop-2\/\"},{\"@type\":\"ListItem\",\"position\":3,\"name\":\"Stag&#8217;s Leap Wine Cellars Artemis Cabernet Sauvignon 2019\"}]},{\"@type\":\"WebSite\",\"@id\":\"https:\/\/suwine.at\/en\/#website\",\"url\":\"https:\/\/suwine.at\/en\/\",\"name\":\"Suwine - Suwi Zlatic\",\"description\":\"Sommelier | Gourmet Play Store | Consulting\",\"potentialAction\":[{\"@type\":\"SearchAction\",\"target\":{\"@type\":\"EntryPoint\",\"urlTemplate\":\"https:\/\/suwine.at\/en\/?s={search_term_string}\"},\"query-input\":{\"@type\":\"PropertyValueSpecification\",\"valueRequired\":true,\"valueName\":\"search_term_string\"}}],\"inLanguage\":\"en-US\"}]}<\/script>\n<!-- \/ Yoast SEO plugin. -->","yoast_head_json":{"title":"Stag's Leap Wine Cellars Artemis Cabernet Sauvignon 2019 - Suwine - Suwi Zlatic","description":"Dies ist ein kr\u00e4ftiger und alterungsf\u00e4higer Cabernet, der wunderbar auf ein weiteres Jahrzehnt oder mehr im Keller reagieren wird. \u00dcppiges Cassis, schwarze Kirsche und Pflaume charakterisieren das Bouquet, w\u00e4hrend der Gaumen einen gro\u00dfz\u00fcgigen, vollen K\u00f6rper, satte dunkle Fr\u00fcchte, feste Tannine und eine gut entwickelte Struktur bietet. Das robuste Geschmacksprofil macht ihn bereits jetzt ideal zu herzhaften Gerichten mit rotem Fleisch.","robots":{"index":"index","follow":"follow","max-snippet":"max-snippet:-1","max-image-preview":"max-image-preview:large","max-video-preview":"max-video-preview:-1"},"canonical":"https:\/\/suwine.at\/en\/produkt\/stags-leap-wine-cellars-artemis-cabernet-sauvignon-2019\/","og_locale":"en_US","og_type":"article","og_title":"Stag's Leap Wine Cellars Artemis Cabernet Sauvignon 2019 - Suwine - Suwi Zlatic","og_description":"Dies ist ein kr\u00e4ftiger und alterungsf\u00e4higer Cabernet, der wunderbar auf ein weiteres Jahrzehnt oder mehr im Keller reagieren wird. \u00dcppiges Cassis, schwarze Kirsche und Pflaume charakterisieren das Bouquet, w\u00e4hrend der Gaumen einen gro\u00dfz\u00fcgigen, vollen K\u00f6rper, satte dunkle Fr\u00fcchte, feste Tannine und eine gut entwickelte Struktur bietet. Das robuste Geschmacksprofil macht ihn bereits jetzt ideal zu herzhaften Gerichten mit rotem Fleisch.","og_url":"https:\/\/suwine.at\/en\/produkt\/stags-leap-wine-cellars-artemis-cabernet-sauvignon-2019\/","og_site_name":"Suwine - Suwi Zlatic","article_modified_time":"2026-03-31T12:16:40+00:00","og_image":[{"width":1600,"height":1600,"url":"https:\/\/suwine.at\/wp-content\/uploads\/2025\/11\/IMG_0667.avif","type":"image\/jpeg"}],"twitter_card":"summary_large_image","twitter_misc":{"Est. reading time":"2 minutes"},"schema":{"@context":"https:\/\/schema.org","@graph":[{"@type":"WebPage","@id":"https:\/\/suwine.at\/en\/produkt\/stags-leap-wine-cellars-artemis-cabernet-sauvignon-2019\/","url":"https:\/\/suwine.at\/en\/produkt\/stags-leap-wine-cellars-artemis-cabernet-sauvignon-2019\/","name":"Stag's Leap Wine Cellars Artemis Cabernet Sauvignon 2019 - Suwine - Suwi Zlatic","isPartOf":{"@id":"https:\/\/suwine.at\/en\/#website"},"primaryImageOfPage":{"@id":"https:\/\/suwine.at\/en\/produkt\/stags-leap-wine-cellars-artemis-cabernet-sauvignon-2019\/#primaryimage"},"image":{"@id":"https:\/\/suwine.at\/en\/produkt\/stags-leap-wine-cellars-artemis-cabernet-sauvignon-2019\/#primaryimage"},"thumbnailUrl":"https:\/\/suwine.at\/wp-content\/uploads\/2025\/11\/IMG_0667.avif","datePublished":"2025-11-27T21:33:08+00:00","dateModified":"2026-03-31T12:16:40+00:00","description":"Dies ist ein kr\u00e4ftiger und alterungsf\u00e4higer Cabernet, der wunderbar auf ein weiteres Jahrzehnt oder mehr im Keller reagieren wird. \u00dcppiges Cassis, schwarze Kirsche und Pflaume charakterisieren das Bouquet, w\u00e4hrend der Gaumen einen gro\u00dfz\u00fcgigen, vollen K\u00f6rper, satte dunkle Fr\u00fcchte, feste Tannine und eine gut entwickelte Struktur bietet. Das robuste Geschmacksprofil macht ihn bereits jetzt ideal zu herzhaften Gerichten mit rotem Fleisch.","breadcrumb":{"@id":"https:\/\/suwine.at\/en\/produkt\/stags-leap-wine-cellars-artemis-cabernet-sauvignon-2019\/#breadcrumb"},"inLanguage":"en-US","potentialAction":[{"@type":"ReadAction","target":["https:\/\/suwine.at\/en\/produkt\/stags-leap-wine-cellars-artemis-cabernet-sauvignon-2019\/"]}]},{"@type":"ImageObject","inLanguage":"en-US","@id":"https:\/\/suwine.at\/en\/produkt\/stags-leap-wine-cellars-artemis-cabernet-sauvignon-2019\/#primaryimage","url":"https:\/\/suwine.at\/wp-content\/uploads\/2025\/11\/IMG_0667.avif","contentUrl":"https:\/\/suwine.at\/wp-content\/uploads\/2025\/11\/IMG_0667.avif","width":1600,"height":1600,"caption":"Stags leap"},{"@type":"BreadcrumbList","@id":"https:\/\/suwine.at\/en\/produkt\/stags-leap-wine-cellars-artemis-cabernet-sauvignon-2019\/#breadcrumb","itemListElement":[{"@type":"ListItem","position":1,"name":"Startseite","item":"https:\/\/suwine.at\/en\/suwine-suwi-zlatic\/"},{"@type":"ListItem","position":2,"name":"Shop","item":"https:\/\/suwine.at\/en\/shop-2\/"},{"@type":"ListItem","position":3,"name":"Stag&#8217;s Leap Wine Cellars Artemis Cabernet Sauvignon 2019"}]},{"@type":"WebSite","@id":"https:\/\/suwine.at\/en\/#website","url":"https:\/\/suwine.at\/en\/","name":"Suwine - Suwi Zlatic","description":"Sommelier | Gourmet Play Store | Consulting","potentialAction":[{"@type":"SearchAction","target":{"@type":"EntryPoint","urlTemplate":"https:\/\/suwine.at\/en\/?s={search_term_string}"},"query-input":{"@type":"PropertyValueSpecification","valueRequired":true,"valueName":"search_term_string"}}],"inLanguage":"en-US"}]}},"_links":{"self":[{"href":"https:\/\/suwine.at\/en\/wp-json\/wp\/v2\/product\/235847","targetHints":{"allow":["GET"]}}],"collection":[{"href":"https:\/\/suwine.at\/en\/wp-json\/wp\/v2\/product"}],"about":[{"href":"https:\/\/suwine.at\/en\/wp-json\/wp\/v2\/types\/product"}],"wp:featuredmedia":[{"embeddable":true,"href":"https:\/\/suwine.at\/en\/wp-json\/wp\/v2\/media\/235831"}],"wp:attachment":[{"href":"https:\/\/suwine.at\/en\/wp-json\/wp\/v2\/media?parent=235847"}],"wp:term":[{"taxonomy":"product_brand","embeddable":true,"href":"https:\/\/suwine.at\/en\/wp-json\/wp\/v2\/product_brand?post=235847"},{"taxonomy":"product_cat","embeddable":true,"href":"https:\/\/suwine.at\/en\/wp-json\/wp\/v2\/product_cat?post=235847"},{"taxonomy":"product_tag","embeddable":true,"href":"https:\/\/suwine.at\/en\/wp-json\/wp\/v2\/product_tag?post=235847"}],"curies":[{"name":"wp","href":"https:\/\/api.w.org\/{rel}","templated":true}]}}