{"id":235917,"date":"2025-12-07T13:31:06","date_gmt":"2025-12-07T12:31:06","guid":{"rendered":"https:\/\/suwine.at\/?post_type=product&#038;p=235917"},"modified":"2026-03-30T21:14:14","modified_gmt":"2026-03-30T19:14:14","slug":"istriart-olivenoel-200-ml","status":"publish","type":"product","link":"https:\/\/suwine.at\/en\/produkt\/istriart-olivenoel-200-ml\/","title":{"rendered":"IstriArt Oliven\u00f6l 200 ml"},"content":{"rendered":"<h2>IstriArt Oliven\u00f6l 200 ml<\/h2>\n<p data-sourcepos=\"5:5-5:103\"><strong>Ein Meisterwerk f\u00fcr Ihre Tafel: Istrisches Oliven\u00f6l in handgefertigter Flasche mit Blattgold<\/strong><\/p>\n<p data-sourcepos=\"7:5-7:293\">Verw\u00f6hnen Sie Ihren Gaumen mit dem exquisiten Geschmack Istriens und bereichern Sie Ihre K\u00fcche mit einem Kunstwerk. Dieses au\u00dfergew\u00f6hnliche Oliven\u00f6l stammt aus den sonnenverw\u00f6hnten Hainen Istriens, Kroatien, und wird in einer Flasche pr\u00e4sentiert, die ebenso einzigartig ist wie ihr Inhalt.<\/p>\n<p data-sourcepos=\"9:5-9:247\">Jede Flasche wird von Hand gefertigt und von der K\u00fcnstlerin Jazzmine mit zarten Blattgold verzierungen veredelt. Keine Flasche gleicht der anderen \u2013 ein wahres Unikat, das die Tradition istrischer Handwerkskunst mit modernem Design verbindet.<\/p>\n<p data-sourcepos=\"11:5-11:227\">Im Inneren erwartet Sie 200 ml hochqualitatives Oliven\u00f6l, das durch seinen vollen Geschmack und seine goldene Farbe besticht. Um das edle \u00d6l perfekt zu dosieren, wird jede Flasche mit einem hochwertigen Ausgie\u00dfer geliefert.<\/p>\n<p data-sourcepos=\"13:5-13:283\">Dieses Oliven\u00f6l ist nicht nur ein Genuss f\u00fcr den Gaumen, sondern auch ein Blickfang f\u00fcr jeden Tisch. Auf Wunsch bieten wir Ihnen auch die M\u00f6glichkeit, die Flasche mit Ihrem pers\u00f6nlichen Logo zu versehen \u2013 ein exklusives Geschenk oder ein besonderes Highlight f\u00fcr Ihr Unternehmen.<\/p>\n<p data-sourcepos=\"15:5-18:76\"><strong>Inhalt:<\/strong> 200 ml extra natives Oliven\u00f6l aus Istrien, Kroatien<\/p>\n<p data-sourcepos=\"15:5-18:76\"><strong>Flasche:<\/strong> Handgefertigte Flasche, verziert mit Blattgold (jedes St\u00fcck ein Unikat)<\/p>\n<p data-sourcepos=\"15:5-18:76\"><strong>Zubeh\u00f6r:<\/strong> Hochwertiger \u00d6lausgie\u00dfer<\/p>\n<p data-sourcepos=\"15:5-18:76\"><strong>Personalisierung:<\/strong> Flasche mit individuellem Logo auf Anfrage m\u00f6glich<\/p>\n<span class=\"et_bloom_bottom_trigger\"><\/span>","protected":false},"excerpt":{"rendered":"<p>Dieses Oliven\u00f6l ist nicht nur ein Genuss f\u00fcr den Gaumen, sondern auch ein Blickfang f\u00fcr jeden Tisch. Auf Wunsch bieten wir Ihnen auch die M\u00f6glichkeit, die Flasche mit Ihrem pers\u00f6nlichen Logo zu versehen \u2013 ein exklusives Geschenk oder ein besonderes Highlight f\u00fcr Ihr Unternehmen.<\/p>\n","protected":false},"featured_media":235912,"template":"","meta":{"_et_pb_use_builder":"","_et_pb_old_content":"","_et_gb_content_width":""},"product_brand":[],"product_cat":[286,696],"product_tag":[68,391],"class_list":{"0":"post-235917","1":"product","2":"type-product","3":"status-publish","4":"has-post-thumbnail","6":"product_cat-geschenke","7":"product_cat-genius-olives","8":"product_tag-olivenoel","9":"product_tag-istrien","11":"first","12":"outofstock","13":"taxable","14":"shipping-taxable","15":"purchasable","16":"product-type-simple"},"yoast_head":"<!-- This site is optimized with the Yoast SEO plugin v27.2 - https:\/\/yoast.com\/product\/yoast-seo-wordpress\/ -->\n<title>IstriArt Oliven\u00f6l 200 ml - Suwine - Suwi Zlatic<\/title>\n<meta name=\"description\" content=\"Dieses Oliven\u00f6l ist nicht nur ein Genuss f\u00fcr den Gaumen, sondern auch ein Blickfang f\u00fcr jeden Tisch. Auf Wunsch bieten wir Ihnen auch die M\u00f6glichkeit, die Flasche mit Ihrem pers\u00f6nlichen Logo zu versehen \u2013 ein exklusives Geschenk oder ein besonderes Highlight f\u00fcr Ihr Unternehmen.\" \/>\n<meta name=\"robots\" content=\"index, follow, max-snippet:-1, max-image-preview:large, max-video-preview:-1\" \/>\n<link rel=\"canonical\" href=\"https:\/\/suwine.at\/en\/produkt\/istriart-olivenoel-200-ml\/\" \/>\n<meta property=\"og:locale\" content=\"en_US\" \/>\n<meta property=\"og:type\" content=\"article\" \/>\n<meta property=\"og:title\" content=\"IstriArt Oliven\u00f6l 200 ml - Suwine - Suwi Zlatic\" \/>\n<meta property=\"og:description\" content=\"Dieses Oliven\u00f6l ist nicht nur ein Genuss f\u00fcr den Gaumen, sondern auch ein Blickfang f\u00fcr jeden Tisch. Auf Wunsch bieten wir Ihnen auch die M\u00f6glichkeit, die Flasche mit Ihrem pers\u00f6nlichen Logo zu versehen \u2013 ein exklusives Geschenk oder ein besonderes Highlight f\u00fcr Ihr Unternehmen.\" \/>\n<meta property=\"og:url\" content=\"https:\/\/suwine.at\/en\/produkt\/istriart-olivenoel-200-ml\/\" \/>\n<meta property=\"og:site_name\" content=\"Suwine - Suwi Zlatic\" \/>\n<meta property=\"article:modified_time\" content=\"2026-03-30T19:14:14+00:00\" \/>\n<meta property=\"og:image\" content=\"https:\/\/suwine.at\/wp-content\/uploads\/2025\/04\/IMG_0803.avif\" \/>\n\t<meta property=\"og:image:width\" content=\"1024\" \/>\n\t<meta property=\"og:image:height\" content=\"1536\" \/>\n\t<meta property=\"og:image:type\" content=\"image\/jpeg\" \/>\n<meta name=\"twitter:card\" content=\"summary_large_image\" \/>\n<meta name=\"twitter:label1\" content=\"Est. reading time\" \/>\n\t<meta name=\"twitter:data1\" content=\"2 minutes\" \/>\n<script type=\"application\/ld+json\" class=\"yoast-schema-graph\">{\"@context\":\"https:\/\/schema.org\",\"@graph\":[{\"@type\":\"WebPage\",\"@id\":\"https:\/\/suwine.at\/en\/produkt\/istriart-olivenoel-200-ml\/\",\"url\":\"https:\/\/suwine.at\/en\/produkt\/istriart-olivenoel-200-ml\/\",\"name\":\"IstriArt Oliven\u00f6l 200 ml - Suwine - Suwi Zlatic\",\"isPartOf\":{\"@id\":\"https:\/\/suwine.at\/en\/#website\"},\"primaryImageOfPage\":{\"@id\":\"https:\/\/suwine.at\/en\/produkt\/istriart-olivenoel-200-ml\/#primaryimage\"},\"image\":{\"@id\":\"https:\/\/suwine.at\/en\/produkt\/istriart-olivenoel-200-ml\/#primaryimage\"},\"thumbnailUrl\":\"https:\/\/suwine.at\/wp-content\/uploads\/2025\/04\/IMG_0803.avif\",\"datePublished\":\"2025-12-07T12:31:06+00:00\",\"dateModified\":\"2026-03-30T19:14:14+00:00\",\"description\":\"Dieses Oliven\u00f6l ist nicht nur ein Genuss f\u00fcr den Gaumen, sondern auch ein Blickfang f\u00fcr jeden Tisch. Auf Wunsch bieten wir Ihnen auch die M\u00f6glichkeit, die Flasche mit Ihrem pers\u00f6nlichen Logo zu versehen \u2013 ein exklusives Geschenk oder ein besonderes Highlight f\u00fcr Ihr Unternehmen.\",\"breadcrumb\":{\"@id\":\"https:\/\/suwine.at\/en\/produkt\/istriart-olivenoel-200-ml\/#breadcrumb\"},\"inLanguage\":\"en-US\",\"potentialAction\":[{\"@type\":\"ReadAction\",\"target\":[\"https:\/\/suwine.at\/en\/produkt\/istriart-olivenoel-200-ml\/\"]}]},{\"@type\":\"ImageObject\",\"inLanguage\":\"en-US\",\"@id\":\"https:\/\/suwine.at\/en\/produkt\/istriart-olivenoel-200-ml\/#primaryimage\",\"url\":\"https:\/\/suwine.at\/wp-content\/uploads\/2025\/04\/IMG_0803.avif\",\"contentUrl\":\"https:\/\/suwine.at\/wp-content\/uploads\/2025\/04\/IMG_0803.avif\",\"width\":1024,\"height\":1536,\"caption\":\"OLIVEN\u00d6L 200 ML\"},{\"@type\":\"BreadcrumbList\",\"@id\":\"https:\/\/suwine.at\/en\/produkt\/istriart-olivenoel-200-ml\/#breadcrumb\",\"itemListElement\":[{\"@type\":\"ListItem\",\"position\":1,\"name\":\"Startseite\",\"item\":\"https:\/\/suwine.at\/en\/suwine-suwi-zlatic\/\"},{\"@type\":\"ListItem\",\"position\":2,\"name\":\"Shop\",\"item\":\"https:\/\/suwine.at\/en\/shop-2\/\"},{\"@type\":\"ListItem\",\"position\":3,\"name\":\"IstriArt Oliven\u00f6l 200 ml\"}]},{\"@type\":\"WebSite\",\"@id\":\"https:\/\/suwine.at\/en\/#website\",\"url\":\"https:\/\/suwine.at\/en\/\",\"name\":\"Suwine - Suwi Zlatic\",\"description\":\"Sommelier | Gourmet Play Store | Consulting\",\"potentialAction\":[{\"@type\":\"SearchAction\",\"target\":{\"@type\":\"EntryPoint\",\"urlTemplate\":\"https:\/\/suwine.at\/en\/?s={search_term_string}\"},\"query-input\":{\"@type\":\"PropertyValueSpecification\",\"valueRequired\":true,\"valueName\":\"search_term_string\"}}],\"inLanguage\":\"en-US\"}]}<\/script>\n<!-- \/ Yoast SEO plugin. -->","yoast_head_json":{"title":"IstriArt Oliven\u00f6l 200 ml - Suwine - Suwi Zlatic","description":"Dieses Oliven\u00f6l ist nicht nur ein Genuss f\u00fcr den Gaumen, sondern auch ein Blickfang f\u00fcr jeden Tisch. Auf Wunsch bieten wir Ihnen auch die M\u00f6glichkeit, die Flasche mit Ihrem pers\u00f6nlichen Logo zu versehen \u2013 ein exklusives Geschenk oder ein besonderes Highlight f\u00fcr Ihr Unternehmen.","robots":{"index":"index","follow":"follow","max-snippet":"max-snippet:-1","max-image-preview":"max-image-preview:large","max-video-preview":"max-video-preview:-1"},"canonical":"https:\/\/suwine.at\/en\/produkt\/istriart-olivenoel-200-ml\/","og_locale":"en_US","og_type":"article","og_title":"IstriArt Oliven\u00f6l 200 ml - Suwine - Suwi Zlatic","og_description":"Dieses Oliven\u00f6l ist nicht nur ein Genuss f\u00fcr den Gaumen, sondern auch ein Blickfang f\u00fcr jeden Tisch. Auf Wunsch bieten wir Ihnen auch die M\u00f6glichkeit, die Flasche mit Ihrem pers\u00f6nlichen Logo zu versehen \u2013 ein exklusives Geschenk oder ein besonderes Highlight f\u00fcr Ihr Unternehmen.","og_url":"https:\/\/suwine.at\/en\/produkt\/istriart-olivenoel-200-ml\/","og_site_name":"Suwine - Suwi Zlatic","article_modified_time":"2026-03-30T19:14:14+00:00","og_image":[{"width":1024,"height":1536,"url":"https:\/\/suwine.at\/wp-content\/uploads\/2025\/04\/IMG_0803.avif","type":"image\/jpeg"}],"twitter_card":"summary_large_image","twitter_misc":{"Est. reading time":"2 minutes"},"schema":{"@context":"https:\/\/schema.org","@graph":[{"@type":"WebPage","@id":"https:\/\/suwine.at\/en\/produkt\/istriart-olivenoel-200-ml\/","url":"https:\/\/suwine.at\/en\/produkt\/istriart-olivenoel-200-ml\/","name":"IstriArt Oliven\u00f6l 200 ml - Suwine - Suwi Zlatic","isPartOf":{"@id":"https:\/\/suwine.at\/en\/#website"},"primaryImageOfPage":{"@id":"https:\/\/suwine.at\/en\/produkt\/istriart-olivenoel-200-ml\/#primaryimage"},"image":{"@id":"https:\/\/suwine.at\/en\/produkt\/istriart-olivenoel-200-ml\/#primaryimage"},"thumbnailUrl":"https:\/\/suwine.at\/wp-content\/uploads\/2025\/04\/IMG_0803.avif","datePublished":"2025-12-07T12:31:06+00:00","dateModified":"2026-03-30T19:14:14+00:00","description":"Dieses Oliven\u00f6l ist nicht nur ein Genuss f\u00fcr den Gaumen, sondern auch ein Blickfang f\u00fcr jeden Tisch. Auf Wunsch bieten wir Ihnen auch die M\u00f6glichkeit, die Flasche mit Ihrem pers\u00f6nlichen Logo zu versehen \u2013 ein exklusives Geschenk oder ein besonderes Highlight f\u00fcr Ihr Unternehmen.","breadcrumb":{"@id":"https:\/\/suwine.at\/en\/produkt\/istriart-olivenoel-200-ml\/#breadcrumb"},"inLanguage":"en-US","potentialAction":[{"@type":"ReadAction","target":["https:\/\/suwine.at\/en\/produkt\/istriart-olivenoel-200-ml\/"]}]},{"@type":"ImageObject","inLanguage":"en-US","@id":"https:\/\/suwine.at\/en\/produkt\/istriart-olivenoel-200-ml\/#primaryimage","url":"https:\/\/suwine.at\/wp-content\/uploads\/2025\/04\/IMG_0803.avif","contentUrl":"https:\/\/suwine.at\/wp-content\/uploads\/2025\/04\/IMG_0803.avif","width":1024,"height":1536,"caption":"OLIVEN\u00d6L 200 ML"},{"@type":"BreadcrumbList","@id":"https:\/\/suwine.at\/en\/produkt\/istriart-olivenoel-200-ml\/#breadcrumb","itemListElement":[{"@type":"ListItem","position":1,"name":"Startseite","item":"https:\/\/suwine.at\/en\/suwine-suwi-zlatic\/"},{"@type":"ListItem","position":2,"name":"Shop","item":"https:\/\/suwine.at\/en\/shop-2\/"},{"@type":"ListItem","position":3,"name":"IstriArt Oliven\u00f6l 200 ml"}]},{"@type":"WebSite","@id":"https:\/\/suwine.at\/en\/#website","url":"https:\/\/suwine.at\/en\/","name":"Suwine - Suwi Zlatic","description":"Sommelier | Gourmet Play Store | Consulting","potentialAction":[{"@type":"SearchAction","target":{"@type":"EntryPoint","urlTemplate":"https:\/\/suwine.at\/en\/?s={search_term_string}"},"query-input":{"@type":"PropertyValueSpecification","valueRequired":true,"valueName":"search_term_string"}}],"inLanguage":"en-US"}]}},"_links":{"self":[{"href":"https:\/\/suwine.at\/en\/wp-json\/wp\/v2\/product\/235917","targetHints":{"allow":["GET"]}}],"collection":[{"href":"https:\/\/suwine.at\/en\/wp-json\/wp\/v2\/product"}],"about":[{"href":"https:\/\/suwine.at\/en\/wp-json\/wp\/v2\/types\/product"}],"wp:featuredmedia":[{"embeddable":true,"href":"https:\/\/suwine.at\/en\/wp-json\/wp\/v2\/media\/235912"}],"wp:attachment":[{"href":"https:\/\/suwine.at\/en\/wp-json\/wp\/v2\/media?parent=235917"}],"wp:term":[{"taxonomy":"product_brand","embeddable":true,"href":"https:\/\/suwine.at\/en\/wp-json\/wp\/v2\/product_brand?post=235917"},{"taxonomy":"product_cat","embeddable":true,"href":"https:\/\/suwine.at\/en\/wp-json\/wp\/v2\/product_cat?post=235917"},{"taxonomy":"product_tag","embeddable":true,"href":"https:\/\/suwine.at\/en\/wp-json\/wp\/v2\/product_tag?post=235917"}],"curies":[{"name":"wp","href":"https:\/\/api.w.org\/{rel}","templated":true}]}}