{"id":235970,"date":"2025-12-26T23:06:09","date_gmt":"2025-12-26T22:06:09","guid":{"rendered":"https:\/\/suwine.at\/?post_type=product&#038;p=235970"},"modified":"2026-04-24T16:42:50","modified_gmt":"2026-04-24T14:42:50","slug":"zefir-caviar-beluga-kaviar","status":"publish","type":"product","link":"https:\/\/suwine.at\/en\/produkt\/zefir-caviar-beluga-kaviar\/","title":{"rendered":"ZEFIR caviar &#8211; Beluga Kaviar"},"content":{"rendered":"<p>[et_pb_section fb_built=&#8221;1&#8243; theme_builder_area=&#8221;post_content&#8221; _builder_version=&#8221;4.27.6&#8243; _module_preset=&#8221;default&#8221; da_is_popup=&#8221;off&#8221; da_exit_intent=&#8221;off&#8221; da_has_close=&#8221;on&#8221; da_alt_close=&#8221;off&#8221; da_dark_close=&#8221;off&#8221; da_not_modal=&#8221;on&#8221; da_is_singular=&#8221;off&#8221; da_with_loader=&#8221;off&#8221; da_has_shadow=&#8221;on&#8221; da_disable_devices=&#8221;off|off|off&#8221;][\/et_pb_section]<\/p>\n<span class=\"et_bloom_bottom_trigger\"><\/span>","protected":false},"excerpt":{"rendered":"<p><strong>Luxus pur: ZEFIR Beluga Kaviar. Original Malossol, cremig-zart mit gro\u00dfem Korn (3,2\u20133,4 mm), direkt vom Importeur. <\/strong><br \/>\n<strong>F\u00fcr echte Kaviar-Liebhaber und besondere Momente.<\/strong><\/p>\n","protected":false},"featured_media":235973,"template":"","meta":{"_et_pb_use_builder":"on","_et_pb_old_content":"<h2>Original Beluga Kaviar (Malossol). Direkt vom Importeur f\u00fcr h\u00f6chsten Kaviargenuss!<\/h2>\r\n<strong>Beluga Kaviar<\/strong> ist der teuerste und schmackhafteste St\u00f6rrogen auf dem ganzen Kaviarmarkt.\r\nKennern ist er auch als <strong>Huso Huso Kaviar<\/strong> ein Begriff.\r\nAls gr\u00f6\u00dfter Fisch unter den St\u00f6ren kann der Beluga (Huso Huso) mit einigen Spitzenleistungen punkten.\r\nEr wird wie all unsere Kaviarsorten salzarm als Malossol Kaviar aufbereitet.\r\n\r\nF\u00fcr gr\u00f6\u00dfere Events k\u00f6nnen Sie den Beluga Kaviar auch in 1kg bzw. in 1,75kg Dosen kaufen.\r\n<h3>Unser Beluga Kaviar zeichnet sich aus durch:<\/h3>\r\n<ul>\r\n \t<li><strong>Gro\u00dfes, festes Korn mit mehr als 3,2 \u2013 3,4 mm Korngr\u00f6\u00dfe<\/strong><\/li>\r\n \t<li><strong>Schimmert in vielen Grau-Nuancen von mausgrau bis schiefergrau.<\/strong><\/li>\r\n \t<li><strong>Schmilzt cremig-zart auf der Zunge, purer Kaviar Geschmack mit einer sch\u00f6nen und delikaten L\u00e4nge im Abgang<\/strong><\/li>\r\n<\/ul>\r\nKenner legen gro\u00dfen Wert auf das gro\u00dfe, feste Korn und auf dem cremig-zarten Geschmack mit delikatem Abgang.\r\n<h3><span data-sheets-value=\"{\" data-sheets-userformat=\"{\" data-sheets-textstyleruns=\"{\">Hergestellt unter den nat\u00fcrlichen Lebensbedingungen des Wildkaviars<\/span><\/h3>\r\n<span data-sheets-value=\"{\" data-sheets-userformat=\"{\" data-sheets-textstyleruns=\"{\">Unser begehrter Beluga Kaviar wird direkt aus dem mittleren Osten importiert. <\/span> <span data-sheets-value=\"{\" data-sheets-userformat=\"{\" data-sheets-textstyleruns=\"{\">Die Tiere schwimmen dort in einer\u00a0offenen Zuchtanlage im frischen Meerwasser. Diese Aquakultur ahmt die nat\u00fcrlichen Lebensbedingungen der wilden St\u00f6re fast vollst\u00e4ndig nach, so dass Sie den urspr\u00fcnglichen Kaviargeschmack in vollem Ma\u00dfe genie\u00dfen k\u00f6nnen. Ihre erste Wahl f\u00fcr den Kaviargenuss.<\/span> <strong>Der\u00a0Beluga St\u00f6r\u00a0(<em>Huso Huso<\/em>), auch Europ\u00e4ischer Hausen genannt, ist der\u00a0gr\u00f6\u00dfte unter den St\u00f6rarten.<\/strong> In unserer Zucht erreichen die St\u00f6re zumeist eine L\u00e4nge von 1,5 bis 2 Metern und ein Gewicht von rund 50 kg. Erst mit einem Alter von 14 Jahren erreichen Beluga St\u00f6re die Geschlechtsreife und entwickeln den schmackhaften Rogen, aus dem der buttrig-zarte Beluga Kaviar hergestellt wird. Durch die sehr lange Aufzucht der St\u00f6re sowie die seltenen Fisch-Best\u00e4nde ist Beluga Kaviar der teuerste Kaviar auf dem Kaviar Markt.\r\n<h3>Haltbarkeit und Zutaten unseres Beluga Kaviars<\/h3>\r\nKaviar aus unserem Hause besticht selbstverst\u00e4ndlich zu jeder Zeit durch konsequente Frische. All unsere St\u00f6rrogen sind unge\u00f6ffnet im K\u00fchlschrank bei 4 \u00b0C mindestens 6 Wochen haltbar. Ge\u00f6ffnet ist der Beluga Kaviar im K\u00fchlschrank bei festgedr\u00fccktem Deckel ca. 1-2 Tage haltbar. <em>Bitte beachten Sie den Aufkleber mit aktuellem Verbrauchsdatum auf ihrer Dose.<\/em> Bei der Verarbeitung wird die Verwendung von Konservierungsstoffen wie z.B. Salz auf das notwendige Minimum (2-3 %) reduziert. <strong>Unser Beluga Kaviar schmeckt nach purem Kaviar!<\/strong>\r\n\r\n<strong>G\u00f6nnen Sie sich etwas Luxus und genie\u00dfen Sie den Beluga Kaviar zu Ihren ganz besonderen Anl\u00e4ssen auch privat. <\/strong>\r\n<strong>Eine sinnliche Delikatesse auf h\u00f6chstem Niveau f\u00fcr Sie, Ihre Freunde oder Familie.<\/strong>","_et_gb_content_width":""},"product_brand":[],"product_cat":[807,908],"product_tag":[497,496],"class_list":{"0":"post-235970","1":"product","2":"type-product","3":"status-publish","4":"has-post-thumbnail","6":"product_cat-genius-taste","7":"product_cat-zefir-caviar","8":"product_tag-caviar","9":"product_tag-kaviar","11":"first","12":"instock","13":"sale","14":"taxable","15":"shipping-taxable","16":"purchasable","17":"product-type-variable"},"yoast_head":"<!-- This site is optimized with the Yoast SEO plugin v27.2 - https:\/\/yoast.com\/product\/yoast-seo-wordpress\/ -->\n<title>ZEFIR caviar - Beluga Kaviar | GENIUStaste Kaviar<\/title>\n<meta name=\"description\" content=\"Luxus pur: ZEFIR Beluga Kaviar kaufen! Original Malossol, gro\u00dfes Korn, cremiger Geschmack. Direkt vom Importeur. Jetzt online bestellen!\" \/>\n<meta name=\"robots\" content=\"index, follow, max-snippet:-1, max-image-preview:large, max-video-preview:-1\" \/>\n<link rel=\"canonical\" href=\"https:\/\/suwine.at\/en\/produkt\/zefir-caviar-beluga-kaviar\/\" \/>\n<meta property=\"og:locale\" content=\"en_US\" \/>\n<meta property=\"og:type\" content=\"article\" \/>\n<meta property=\"og:title\" content=\"ZEFIR caviar - Beluga Kaviar | GENIUStaste Kaviar\" \/>\n<meta property=\"og:description\" content=\"Luxus pur: ZEFIR Beluga Kaviar kaufen! Original Malossol, gro\u00dfes Korn, cremiger Geschmack. Direkt vom Importeur. Jetzt online bestellen!\" \/>\n<meta property=\"og:url\" content=\"https:\/\/suwine.at\/en\/produkt\/zefir-caviar-beluga-kaviar\/\" \/>\n<meta property=\"og:site_name\" content=\"Suwine - Suwi Zlatic\" \/>\n<meta property=\"article:modified_time\" content=\"2026-04-24T14:42:50+00:00\" \/>\n<meta property=\"og:image\" content=\"https:\/\/suwine.at\/wp-content\/uploads\/2025\/12\/78735158-B1DF-40E5-8144-39AF04CBCF85.avif\" \/>\n\t<meta property=\"og:image:width\" content=\"1536\" \/>\n\t<meta property=\"og:image:height\" content=\"1024\" \/>\n\t<meta property=\"og:image:type\" content=\"image\/png\" \/>\n<meta name=\"twitter:card\" content=\"summary_large_image\" \/>\n<meta name=\"twitter:label1\" content=\"Est. reading time\" \/>\n\t<meta name=\"twitter:data1\" content=\"3 minutes\" \/>\n<script type=\"application\/ld+json\" class=\"yoast-schema-graph\">{\"@context\":\"https:\/\/schema.org\",\"@graph\":[{\"@type\":\"WebPage\",\"@id\":\"https:\/\/suwine.at\/en\/produkt\/zefir-caviar-beluga-kaviar\/\",\"url\":\"https:\/\/suwine.at\/en\/produkt\/zefir-caviar-beluga-kaviar\/\",\"name\":\"ZEFIR caviar - Beluga Kaviar | GENIUStaste Kaviar\",\"isPartOf\":{\"@id\":\"https:\/\/suwine.at\/en\/#website\"},\"primaryImageOfPage\":{\"@id\":\"https:\/\/suwine.at\/en\/produkt\/zefir-caviar-beluga-kaviar\/#primaryimage\"},\"image\":{\"@id\":\"https:\/\/suwine.at\/en\/produkt\/zefir-caviar-beluga-kaviar\/#primaryimage\"},\"thumbnailUrl\":\"https:\/\/suwine.at\/wp-content\/uploads\/2025\/12\/78735158-B1DF-40E5-8144-39AF04CBCF85.avif\",\"datePublished\":\"2025-12-26T22:06:09+00:00\",\"dateModified\":\"2026-04-24T14:42:50+00:00\",\"description\":\"Luxus pur: ZEFIR Beluga Kaviar kaufen! Original Malossol, gro\u00dfes Korn, cremiger Geschmack. Direkt vom Importeur. Jetzt online bestellen!\",\"breadcrumb\":{\"@id\":\"https:\/\/suwine.at\/en\/produkt\/zefir-caviar-beluga-kaviar\/#breadcrumb\"},\"inLanguage\":\"en-US\",\"potentialAction\":[{\"@type\":\"ReadAction\",\"target\":[\"https:\/\/suwine.at\/en\/produkt\/zefir-caviar-beluga-kaviar\/\"]}]},{\"@type\":\"ImageObject\",\"inLanguage\":\"en-US\",\"@id\":\"https:\/\/suwine.at\/en\/produkt\/zefir-caviar-beluga-kaviar\/#primaryimage\",\"url\":\"https:\/\/suwine.at\/wp-content\/uploads\/2025\/12\/78735158-B1DF-40E5-8144-39AF04CBCF85.avif\",\"contentUrl\":\"https:\/\/suwine.at\/wp-content\/uploads\/2025\/12\/78735158-B1DF-40E5-8144-39AF04CBCF85.avif\",\"width\":1536,\"height\":1024,\"caption\":\"ZEFIR caviar - Beluga Kaviar\"},{\"@type\":\"BreadcrumbList\",\"@id\":\"https:\/\/suwine.at\/en\/produkt\/zefir-caviar-beluga-kaviar\/#breadcrumb\",\"itemListElement\":[{\"@type\":\"ListItem\",\"position\":1,\"name\":\"Startseite\",\"item\":\"https:\/\/suwine.at\/en\/suwine-suwi-zlatic\/\"},{\"@type\":\"ListItem\",\"position\":2,\"name\":\"Shop\",\"item\":\"https:\/\/suwine.at\/en\/shop-2\/\"},{\"@type\":\"ListItem\",\"position\":3,\"name\":\"ZEFIR caviar &#8211; Beluga Kaviar\"}]},{\"@type\":\"WebSite\",\"@id\":\"https:\/\/suwine.at\/en\/#website\",\"url\":\"https:\/\/suwine.at\/en\/\",\"name\":\"Suwine - Suwi Zlatic\",\"description\":\"Sommelier | Gourmet Play Store | Consulting\",\"potentialAction\":[{\"@type\":\"SearchAction\",\"target\":{\"@type\":\"EntryPoint\",\"urlTemplate\":\"https:\/\/suwine.at\/en\/?s={search_term_string}\"},\"query-input\":{\"@type\":\"PropertyValueSpecification\",\"valueRequired\":true,\"valueName\":\"search_term_string\"}}],\"inLanguage\":\"en-US\"}]}<\/script>\n<!-- \/ Yoast SEO plugin. -->","yoast_head_json":{"title":"ZEFIR caviar - Beluga Kaviar | GENIUStaste Kaviar","description":"Luxus pur: ZEFIR Beluga Kaviar kaufen! Original Malossol, gro\u00dfes Korn, cremiger Geschmack. Direkt vom Importeur. Jetzt online bestellen!","robots":{"index":"index","follow":"follow","max-snippet":"max-snippet:-1","max-image-preview":"max-image-preview:large","max-video-preview":"max-video-preview:-1"},"canonical":"https:\/\/suwine.at\/en\/produkt\/zefir-caviar-beluga-kaviar\/","og_locale":"en_US","og_type":"article","og_title":"ZEFIR caviar - Beluga Kaviar | GENIUStaste Kaviar","og_description":"Luxus pur: ZEFIR Beluga Kaviar kaufen! Original Malossol, gro\u00dfes Korn, cremiger Geschmack. Direkt vom Importeur. Jetzt online bestellen!","og_url":"https:\/\/suwine.at\/en\/produkt\/zefir-caviar-beluga-kaviar\/","og_site_name":"Suwine - Suwi Zlatic","article_modified_time":"2026-04-24T14:42:50+00:00","og_image":[{"width":1536,"height":1024,"url":"https:\/\/suwine.at\/wp-content\/uploads\/2025\/12\/78735158-B1DF-40E5-8144-39AF04CBCF85.avif","type":"image\/png"}],"twitter_card":"summary_large_image","twitter_misc":{"Est. reading time":"3 minutes"},"schema":{"@context":"https:\/\/schema.org","@graph":[{"@type":"WebPage","@id":"https:\/\/suwine.at\/en\/produkt\/zefir-caviar-beluga-kaviar\/","url":"https:\/\/suwine.at\/en\/produkt\/zefir-caviar-beluga-kaviar\/","name":"ZEFIR caviar - Beluga Kaviar | GENIUStaste Kaviar","isPartOf":{"@id":"https:\/\/suwine.at\/en\/#website"},"primaryImageOfPage":{"@id":"https:\/\/suwine.at\/en\/produkt\/zefir-caviar-beluga-kaviar\/#primaryimage"},"image":{"@id":"https:\/\/suwine.at\/en\/produkt\/zefir-caviar-beluga-kaviar\/#primaryimage"},"thumbnailUrl":"https:\/\/suwine.at\/wp-content\/uploads\/2025\/12\/78735158-B1DF-40E5-8144-39AF04CBCF85.avif","datePublished":"2025-12-26T22:06:09+00:00","dateModified":"2026-04-24T14:42:50+00:00","description":"Luxus pur: ZEFIR Beluga Kaviar kaufen! Original Malossol, gro\u00dfes Korn, cremiger Geschmack. Direkt vom Importeur. Jetzt online bestellen!","breadcrumb":{"@id":"https:\/\/suwine.at\/en\/produkt\/zefir-caviar-beluga-kaviar\/#breadcrumb"},"inLanguage":"en-US","potentialAction":[{"@type":"ReadAction","target":["https:\/\/suwine.at\/en\/produkt\/zefir-caviar-beluga-kaviar\/"]}]},{"@type":"ImageObject","inLanguage":"en-US","@id":"https:\/\/suwine.at\/en\/produkt\/zefir-caviar-beluga-kaviar\/#primaryimage","url":"https:\/\/suwine.at\/wp-content\/uploads\/2025\/12\/78735158-B1DF-40E5-8144-39AF04CBCF85.avif","contentUrl":"https:\/\/suwine.at\/wp-content\/uploads\/2025\/12\/78735158-B1DF-40E5-8144-39AF04CBCF85.avif","width":1536,"height":1024,"caption":"ZEFIR caviar - Beluga Kaviar"},{"@type":"BreadcrumbList","@id":"https:\/\/suwine.at\/en\/produkt\/zefir-caviar-beluga-kaviar\/#breadcrumb","itemListElement":[{"@type":"ListItem","position":1,"name":"Startseite","item":"https:\/\/suwine.at\/en\/suwine-suwi-zlatic\/"},{"@type":"ListItem","position":2,"name":"Shop","item":"https:\/\/suwine.at\/en\/shop-2\/"},{"@type":"ListItem","position":3,"name":"ZEFIR caviar &#8211; Beluga Kaviar"}]},{"@type":"WebSite","@id":"https:\/\/suwine.at\/en\/#website","url":"https:\/\/suwine.at\/en\/","name":"Suwine - Suwi Zlatic","description":"Sommelier | Gourmet Play Store | Consulting","potentialAction":[{"@type":"SearchAction","target":{"@type":"EntryPoint","urlTemplate":"https:\/\/suwine.at\/en\/?s={search_term_string}"},"query-input":{"@type":"PropertyValueSpecification","valueRequired":true,"valueName":"search_term_string"}}],"inLanguage":"en-US"}]}},"_links":{"self":[{"href":"https:\/\/suwine.at\/en\/wp-json\/wp\/v2\/product\/235970","targetHints":{"allow":["GET"]}}],"collection":[{"href":"https:\/\/suwine.at\/en\/wp-json\/wp\/v2\/product"}],"about":[{"href":"https:\/\/suwine.at\/en\/wp-json\/wp\/v2\/types\/product"}],"wp:featuredmedia":[{"embeddable":true,"href":"https:\/\/suwine.at\/en\/wp-json\/wp\/v2\/media\/235973"}],"wp:attachment":[{"href":"https:\/\/suwine.at\/en\/wp-json\/wp\/v2\/media?parent=235970"}],"wp:term":[{"taxonomy":"product_brand","embeddable":true,"href":"https:\/\/suwine.at\/en\/wp-json\/wp\/v2\/product_brand?post=235970"},{"taxonomy":"product_cat","embeddable":true,"href":"https:\/\/suwine.at\/en\/wp-json\/wp\/v2\/product_cat?post=235970"},{"taxonomy":"product_tag","embeddable":true,"href":"https:\/\/suwine.at\/en\/wp-json\/wp\/v2\/product_tag?post=235970"}],"curies":[{"name":"wp","href":"https:\/\/api.w.org\/{rel}","templated":true}]}}