{"id":235982,"date":"2025-12-27T20:38:09","date_gmt":"2025-12-27T19:38:09","guid":{"rendered":"https:\/\/suwine.at\/?post_type=product&#038;p=235982"},"modified":"2026-04-06T15:51:02","modified_gmt":"2026-04-06T13:51:02","slug":"champagne-grande-reserve-brut-075-l","status":"publish","type":"product","link":"https:\/\/suwine.at\/en\/produkt\/champagne-grande-reserve-brut-075-l\/","title":{"rendered":"Champagne Grande Reserve Brut, 0,75 l"},"content":{"rendered":"<h2 class=\"p-heading\">Champagne Grande Reserve Brut, 0,75 l<\/h2>\n<p class=\"p-subheading\">Vom \u00e4ltesten Weinhaus der Champagne<\/p>\n<p>Seit mehr als 4 Jahrhunderten pr\u00e4gt Gosset einen Stil, der die Lebenskunst zelebriert! Das \u00e4lteste Weinhaus der Champagne wurde bereits <strong>1584<\/strong> gegr\u00fcndet und z\u00e4hlt seither zu den besten Familienproduzenten!<\/p>\n<p>Diese <strong>Grande Reseve Brut ist das Aush\u00e4ngeschild des Hauses<\/strong> und verk\u00f6rpert den puren Stil von Gosset seit \u00fcber 30 Jahren. Die Grundcuvee besteht aus 45% Chardonnay, 45% Pinot Noir und 10% Pinot Meunier. Er wurde nach \u00fcber 4 Jahren auf der Hefe degorgiert. 8g\/l Dosage (S\u00fc\u00dfwein) wurde zur Aufrechterhaltung des Gleichgewichtes zwischen Frische, Fruchtigkeit und S\u00e4ure gew\u00e4hlt. Wobei die Dosage nicht vorbestimmt wird, sondern sich komplett am Stil des Hauses orientiert. Kellermeister Odilon de Varine sucht vor allem nach der Frische im Champagner. Am Gaumen viel Volumen, wei\u00dfe Bl\u00fcten schmelzen cremig auf der Zunge. frische Zitrusfruchtaromen sorgen f\u00fcr die Frische und angenehme S\u00e4ure. Bleibt sehr lange am Gaumen stehen und l\u00e4sst viele andere Grand Cru Champagner blass und veraltet aussehen.<\/p>\n<p>Passt zu &#8220;jeder Gelegenheit&#8221; und findet schnell neue Freunde.Vielschichtig, spannungsvoll, andererseits lieblich und kr\u00e4ftig. Ein guter Begleiter auch zu feinsten Gerichten wie Scampi, Austern, Tapas oder auch Gefl\u00fcgel und vor allem K\u00e4se.<\/p>\n<p>&nbsp;<\/p>\n<span class=\"et_bloom_bottom_trigger\"><\/span>","protected":false},"excerpt":{"rendered":"<p>Seit mehr als 4 Jahrhunderten pr\u00e4gt Gosset einen Stil, der die Lebenskunst zelebriert! Das \u00e4lteste Weinhaus der Champagne wurde bereits <strong>1584<\/strong> gegr\u00fcndet und z\u00e4hlt seither zu den besten Familienproduzenten!<\/p>\n","protected":false},"featured_media":235981,"template":"","meta":{"_et_pb_use_builder":"","_et_pb_old_content":"","_et_gb_content_width":""},"product_brand":[],"product_cat":[86,121,122,851],"product_tag":[79],"class_list":{"0":"post-235982","1":"product","2":"type-product","3":"status-publish","4":"has-post-thumbnail","6":"product_cat-champagner-schaumwein","7":"product_cat-champagner","8":"product_cat-schaumweine-welt","9":"product_cat-champagne","10":"product_tag-champagner","12":"first","13":"instock","14":"taxable","15":"shipping-taxable","16":"purchasable","17":"product-type-simple"},"yoast_head":"<!-- This site is optimized with the Yoast SEO plugin v27.2 - https:\/\/yoast.com\/product\/yoast-seo-wordpress\/ -->\n<title>Champagne Grande Reserve Brut, 0,75 l - Suwine - Suwi Zlatic<\/title>\n<meta name=\"description\" content=\"Seit mehr als 4 Jahrhunderten pr\u00e4gt Gosset einen Stil, der die Lebenskunst zelebriert! Das \u00e4lteste Weinhaus der Champagne wurde bereits 1584 gegr\u00fcndet und z\u00e4hlt seither zu den besten Familienproduzenten!\" \/>\n<meta name=\"robots\" content=\"index, follow, max-snippet:-1, max-image-preview:large, max-video-preview:-1\" \/>\n<link rel=\"canonical\" href=\"https:\/\/suwine.at\/en\/produkt\/champagne-grande-reserve-brut-075-l\/\" \/>\n<meta property=\"og:locale\" content=\"en_US\" \/>\n<meta property=\"og:type\" content=\"article\" \/>\n<meta property=\"og:title\" content=\"Champagne Grande Reserve Brut, 0,75 l - Suwine - Suwi Zlatic\" \/>\n<meta property=\"og:description\" content=\"Seit mehr als 4 Jahrhunderten pr\u00e4gt Gosset einen Stil, der die Lebenskunst zelebriert! Das \u00e4lteste Weinhaus der Champagne wurde bereits 1584 gegr\u00fcndet und z\u00e4hlt seither zu den besten Familienproduzenten!\" \/>\n<meta property=\"og:url\" content=\"https:\/\/suwine.at\/en\/produkt\/champagne-grande-reserve-brut-075-l\/\" \/>\n<meta property=\"og:site_name\" content=\"Suwine - Suwi Zlatic\" \/>\n<meta property=\"article:modified_time\" content=\"2026-04-06T13:51:02+00:00\" \/>\n<meta property=\"og:image\" content=\"https:\/\/suwine.at\/wp-content\/uploads\/2025\/12\/806DBDC6-4FA7-4137-8918-1B70F2D36C81.avif\" \/>\n\t<meta property=\"og:image:width\" content=\"1600\" \/>\n\t<meta property=\"og:image:height\" content=\"1600\" \/>\n\t<meta property=\"og:image:type\" content=\"image\/jpeg\" \/>\n<meta name=\"twitter:card\" content=\"summary_large_image\" \/>\n<meta name=\"twitter:label1\" content=\"Est. reading time\" \/>\n\t<meta name=\"twitter:data1\" content=\"2 minutes\" \/>\n<script type=\"application\/ld+json\" class=\"yoast-schema-graph\">{\"@context\":\"https:\/\/schema.org\",\"@graph\":[{\"@type\":\"WebPage\",\"@id\":\"https:\/\/suwine.at\/en\/produkt\/champagne-grande-reserve-brut-075-l\/\",\"url\":\"https:\/\/suwine.at\/en\/produkt\/champagne-grande-reserve-brut-075-l\/\",\"name\":\"Champagne Grande Reserve Brut, 0,75 l - Suwine - Suwi Zlatic\",\"isPartOf\":{\"@id\":\"https:\/\/suwine.at\/en\/#website\"},\"primaryImageOfPage\":{\"@id\":\"https:\/\/suwine.at\/en\/produkt\/champagne-grande-reserve-brut-075-l\/#primaryimage\"},\"image\":{\"@id\":\"https:\/\/suwine.at\/en\/produkt\/champagne-grande-reserve-brut-075-l\/#primaryimage\"},\"thumbnailUrl\":\"https:\/\/suwine.at\/wp-content\/uploads\/2025\/12\/806DBDC6-4FA7-4137-8918-1B70F2D36C81.avif\",\"datePublished\":\"2025-12-27T19:38:09+00:00\",\"dateModified\":\"2026-04-06T13:51:02+00:00\",\"description\":\"Seit mehr als 4 Jahrhunderten pr\u00e4gt Gosset einen Stil, der die Lebenskunst zelebriert! Das \u00e4lteste Weinhaus der Champagne wurde bereits 1584 gegr\u00fcndet und z\u00e4hlt seither zu den besten Familienproduzenten!\",\"breadcrumb\":{\"@id\":\"https:\/\/suwine.at\/en\/produkt\/champagne-grande-reserve-brut-075-l\/#breadcrumb\"},\"inLanguage\":\"en-US\",\"potentialAction\":[{\"@type\":\"ReadAction\",\"target\":[\"https:\/\/suwine.at\/en\/produkt\/champagne-grande-reserve-brut-075-l\/\"]}]},{\"@type\":\"ImageObject\",\"inLanguage\":\"en-US\",\"@id\":\"https:\/\/suwine.at\/en\/produkt\/champagne-grande-reserve-brut-075-l\/#primaryimage\",\"url\":\"https:\/\/suwine.at\/wp-content\/uploads\/2025\/12\/806DBDC6-4FA7-4137-8918-1B70F2D36C81.avif\",\"contentUrl\":\"https:\/\/suwine.at\/wp-content\/uploads\/2025\/12\/806DBDC6-4FA7-4137-8918-1B70F2D36C81.avif\",\"width\":1600,\"height\":1600,\"caption\":\"gosset\"},{\"@type\":\"BreadcrumbList\",\"@id\":\"https:\/\/suwine.at\/en\/produkt\/champagne-grande-reserve-brut-075-l\/#breadcrumb\",\"itemListElement\":[{\"@type\":\"ListItem\",\"position\":1,\"name\":\"Startseite\",\"item\":\"https:\/\/suwine.at\/en\/suwine-suwi-zlatic\/\"},{\"@type\":\"ListItem\",\"position\":2,\"name\":\"Shop\",\"item\":\"https:\/\/suwine.at\/en\/shop-2\/\"},{\"@type\":\"ListItem\",\"position\":3,\"name\":\"Champagne Grande Reserve Brut, 0,75 l\"}]},{\"@type\":\"WebSite\",\"@id\":\"https:\/\/suwine.at\/en\/#website\",\"url\":\"https:\/\/suwine.at\/en\/\",\"name\":\"Suwine - Suwi Zlatic\",\"description\":\"Sommelier | Gourmet Play Store | Consulting\",\"potentialAction\":[{\"@type\":\"SearchAction\",\"target\":{\"@type\":\"EntryPoint\",\"urlTemplate\":\"https:\/\/suwine.at\/en\/?s={search_term_string}\"},\"query-input\":{\"@type\":\"PropertyValueSpecification\",\"valueRequired\":true,\"valueName\":\"search_term_string\"}}],\"inLanguage\":\"en-US\"}]}<\/script>\n<!-- \/ Yoast SEO plugin. -->","yoast_head_json":{"title":"Champagne Grande Reserve Brut, 0,75 l - Suwine - Suwi Zlatic","description":"Seit mehr als 4 Jahrhunderten pr\u00e4gt Gosset einen Stil, der die Lebenskunst zelebriert! Das \u00e4lteste Weinhaus der Champagne wurde bereits 1584 gegr\u00fcndet und z\u00e4hlt seither zu den besten Familienproduzenten!","robots":{"index":"index","follow":"follow","max-snippet":"max-snippet:-1","max-image-preview":"max-image-preview:large","max-video-preview":"max-video-preview:-1"},"canonical":"https:\/\/suwine.at\/en\/produkt\/champagne-grande-reserve-brut-075-l\/","og_locale":"en_US","og_type":"article","og_title":"Champagne Grande Reserve Brut, 0,75 l - Suwine - Suwi Zlatic","og_description":"Seit mehr als 4 Jahrhunderten pr\u00e4gt Gosset einen Stil, der die Lebenskunst zelebriert! Das \u00e4lteste Weinhaus der Champagne wurde bereits 1584 gegr\u00fcndet und z\u00e4hlt seither zu den besten Familienproduzenten!","og_url":"https:\/\/suwine.at\/en\/produkt\/champagne-grande-reserve-brut-075-l\/","og_site_name":"Suwine - Suwi Zlatic","article_modified_time":"2026-04-06T13:51:02+00:00","og_image":[{"width":1600,"height":1600,"url":"https:\/\/suwine.at\/wp-content\/uploads\/2025\/12\/806DBDC6-4FA7-4137-8918-1B70F2D36C81.avif","type":"image\/jpeg"}],"twitter_card":"summary_large_image","twitter_misc":{"Est. reading time":"2 minutes"},"schema":{"@context":"https:\/\/schema.org","@graph":[{"@type":"WebPage","@id":"https:\/\/suwine.at\/en\/produkt\/champagne-grande-reserve-brut-075-l\/","url":"https:\/\/suwine.at\/en\/produkt\/champagne-grande-reserve-brut-075-l\/","name":"Champagne Grande Reserve Brut, 0,75 l - Suwine - Suwi Zlatic","isPartOf":{"@id":"https:\/\/suwine.at\/en\/#website"},"primaryImageOfPage":{"@id":"https:\/\/suwine.at\/en\/produkt\/champagne-grande-reserve-brut-075-l\/#primaryimage"},"image":{"@id":"https:\/\/suwine.at\/en\/produkt\/champagne-grande-reserve-brut-075-l\/#primaryimage"},"thumbnailUrl":"https:\/\/suwine.at\/wp-content\/uploads\/2025\/12\/806DBDC6-4FA7-4137-8918-1B70F2D36C81.avif","datePublished":"2025-12-27T19:38:09+00:00","dateModified":"2026-04-06T13:51:02+00:00","description":"Seit mehr als 4 Jahrhunderten pr\u00e4gt Gosset einen Stil, der die Lebenskunst zelebriert! Das \u00e4lteste Weinhaus der Champagne wurde bereits 1584 gegr\u00fcndet und z\u00e4hlt seither zu den besten Familienproduzenten!","breadcrumb":{"@id":"https:\/\/suwine.at\/en\/produkt\/champagne-grande-reserve-brut-075-l\/#breadcrumb"},"inLanguage":"en-US","potentialAction":[{"@type":"ReadAction","target":["https:\/\/suwine.at\/en\/produkt\/champagne-grande-reserve-brut-075-l\/"]}]},{"@type":"ImageObject","inLanguage":"en-US","@id":"https:\/\/suwine.at\/en\/produkt\/champagne-grande-reserve-brut-075-l\/#primaryimage","url":"https:\/\/suwine.at\/wp-content\/uploads\/2025\/12\/806DBDC6-4FA7-4137-8918-1B70F2D36C81.avif","contentUrl":"https:\/\/suwine.at\/wp-content\/uploads\/2025\/12\/806DBDC6-4FA7-4137-8918-1B70F2D36C81.avif","width":1600,"height":1600,"caption":"gosset"},{"@type":"BreadcrumbList","@id":"https:\/\/suwine.at\/en\/produkt\/champagne-grande-reserve-brut-075-l\/#breadcrumb","itemListElement":[{"@type":"ListItem","position":1,"name":"Startseite","item":"https:\/\/suwine.at\/en\/suwine-suwi-zlatic\/"},{"@type":"ListItem","position":2,"name":"Shop","item":"https:\/\/suwine.at\/en\/shop-2\/"},{"@type":"ListItem","position":3,"name":"Champagne Grande Reserve Brut, 0,75 l"}]},{"@type":"WebSite","@id":"https:\/\/suwine.at\/en\/#website","url":"https:\/\/suwine.at\/en\/","name":"Suwine - Suwi Zlatic","description":"Sommelier | Gourmet Play Store | Consulting","potentialAction":[{"@type":"SearchAction","target":{"@type":"EntryPoint","urlTemplate":"https:\/\/suwine.at\/en\/?s={search_term_string}"},"query-input":{"@type":"PropertyValueSpecification","valueRequired":true,"valueName":"search_term_string"}}],"inLanguage":"en-US"}]}},"_links":{"self":[{"href":"https:\/\/suwine.at\/en\/wp-json\/wp\/v2\/product\/235982","targetHints":{"allow":["GET"]}}],"collection":[{"href":"https:\/\/suwine.at\/en\/wp-json\/wp\/v2\/product"}],"about":[{"href":"https:\/\/suwine.at\/en\/wp-json\/wp\/v2\/types\/product"}],"wp:featuredmedia":[{"embeddable":true,"href":"https:\/\/suwine.at\/en\/wp-json\/wp\/v2\/media\/235981"}],"wp:attachment":[{"href":"https:\/\/suwine.at\/en\/wp-json\/wp\/v2\/media?parent=235982"}],"wp:term":[{"taxonomy":"product_brand","embeddable":true,"href":"https:\/\/suwine.at\/en\/wp-json\/wp\/v2\/product_brand?post=235982"},{"taxonomy":"product_cat","embeddable":true,"href":"https:\/\/suwine.at\/en\/wp-json\/wp\/v2\/product_cat?post=235982"},{"taxonomy":"product_tag","embeddable":true,"href":"https:\/\/suwine.at\/en\/wp-json\/wp\/v2\/product_tag?post=235982"}],"curies":[{"name":"wp","href":"https:\/\/api.w.org\/{rel}","templated":true}]}}