{"id":853,"date":"2020-12-31T11:07:55","date_gmt":"2020-12-31T10:07:55","guid":{"rendered":"https:\/\/suwine.at\/?post_type=product&#038;p=853"},"modified":"2025-05-01T01:00:41","modified_gmt":"2025-04-30T23:00:41","slug":"tartufata-trueffelpesto-schwarz","status":"publish","type":"product","link":"https:\/\/suwine.at\/en\/produkt\/tartufata-trueffelpesto-schwarz\/","title":{"rendered":"Tartufata &#8211; Tr\u00fcffelpesto schwarz"},"content":{"rendered":"<h2>Unser Tr\u00fcffelpesto ist der perfekte \u201eAllrounder\u201c zum Verfeinern der Tr\u00fcffelgerichte, wie gef\u00fcllte Teigwaren, Risotto, Rind und Wild-Spezialit\u00e4ten!<\/h2>\n<p>Die Basis f\u00fcr das Tr\u00fcffelpesto sind Champignons, die mit schwarzen Tr\u00fcffel, schwarzen Oliven, Zwiebeln, Oliven\u00f6l, Knoblauch, Salz und Pfeffer verfeinert werden.<\/p>\n<span class=\"et_bloom_bottom_trigger\"><\/span>","protected":false},"excerpt":{"rendered":"<p>Der perfekte \u201eAllrounder\u201c zum Verfeinern der Tr\u00fcffelgerichte, wie Pasta, Risotto, Wildgefl\u00fcgel, etc.<br \/>\nMit schwarzem Tr\u00fcffel aus Istrien.<\/p>\n","protected":false},"featured_media":231501,"template":"","meta":{"_et_pb_use_builder":"off","_et_pb_old_content":"<h2>Unser Tr\u00fcffelpesto ist der perfekte \u201eAllrounder\u201c zum Verfeinern der Tr\u00fcffelgerichte, wie gef\u00fcllte Teigwaren, Risotto, Rind und Wild-Spezialit\u00e4ten!<\/h2>\r\nDie Basis f\u00fcr das Tr\u00fcffelpesto sind Champignons, die mit schwarzen Tr\u00fcffel, schwarzen Oliven, Zwiebeln, Oliven\u00f6l, Knoblauch, Salz und Pfeffer verfeinert werden.","_et_gb_content_width":""},"product_brand":[],"product_cat":[48],"product_tag":[59],"class_list":{"0":"post-853","1":"product","2":"type-product","3":"status-publish","4":"has-post-thumbnail","6":"product_cat-genius-tartufi","7":"product_tag-schwarze-trueffel","9":"first","10":"instock","11":"taxable","12":"shipping-taxable","13":"purchasable","14":"product-type-variable"},"yoast_head":"<!-- This site is optimized with the Yoast SEO plugin v27.2 - https:\/\/yoast.com\/product\/yoast-seo-wordpress\/ -->\n<title>Tartufata - Tr\u00fcffelpesto schwarz - Suwine - Suwi Zlatic<\/title>\n<meta name=\"description\" content=\"Der perfekte \u201eAllrounder\u201c zum Verfeinern der Tr\u00fcffelgerichte, wie Pasta, Risotto, Wildgefl\u00fcgel, etc. Mit schwarzem Tr\u00fcffel aus Istrien.\" \/>\n<meta name=\"robots\" content=\"index, follow, max-snippet:-1, max-image-preview:large, max-video-preview:-1\" \/>\n<link rel=\"canonical\" href=\"https:\/\/suwine.at\/en\/produkt\/tartufata-trueffelpesto-schwarz\/\" \/>\n<meta property=\"og:locale\" content=\"en_US\" \/>\n<meta property=\"og:type\" content=\"article\" \/>\n<meta property=\"og:title\" content=\"Tartufata - Tr\u00fcffelpesto schwarz - Suwine - Suwi Zlatic\" \/>\n<meta property=\"og:description\" content=\"Der perfekte \u201eAllrounder\u201c zum Verfeinern der Tr\u00fcffelgerichte, wie Pasta, Risotto, Wildgefl\u00fcgel, etc. Mit schwarzem Tr\u00fcffel aus Istrien.\" \/>\n<meta property=\"og:url\" content=\"https:\/\/suwine.at\/en\/produkt\/tartufata-trueffelpesto-schwarz\/\" \/>\n<meta property=\"og:site_name\" content=\"Suwine - Suwi Zlatic\" \/>\n<meta property=\"article:modified_time\" content=\"2025-04-30T23:00:41+00:00\" \/>\n<meta property=\"og:image\" content=\"https:\/\/suwine.at\/wp-content\/uploads\/2022\/01\/CF054891.jpg\" \/>\n\t<meta property=\"og:image:width\" content=\"1000\" \/>\n\t<meta property=\"og:image:height\" content=\"1000\" \/>\n\t<meta property=\"og:image:type\" content=\"image\/jpeg\" \/>\n<meta name=\"twitter:card\" content=\"summary_large_image\" \/>\n<meta name=\"twitter:label1\" content=\"Est. reading time\" \/>\n\t<meta name=\"twitter:data1\" content=\"1 minute\" \/>\n<script type=\"application\/ld+json\" class=\"yoast-schema-graph\">{\"@context\":\"https:\/\/schema.org\",\"@graph\":[{\"@type\":\"WebPage\",\"@id\":\"https:\/\/suwine.at\/en\/produkt\/tartufata-trueffelpesto-schwarz\/\",\"url\":\"https:\/\/suwine.at\/en\/produkt\/tartufata-trueffelpesto-schwarz\/\",\"name\":\"Tartufata - Tr\u00fcffelpesto schwarz - Suwine - Suwi Zlatic\",\"isPartOf\":{\"@id\":\"https:\/\/suwine.at\/en\/#website\"},\"primaryImageOfPage\":{\"@id\":\"https:\/\/suwine.at\/en\/produkt\/tartufata-trueffelpesto-schwarz\/#primaryimage\"},\"image\":{\"@id\":\"https:\/\/suwine.at\/en\/produkt\/tartufata-trueffelpesto-schwarz\/#primaryimage\"},\"thumbnailUrl\":\"https:\/\/suwine.at\/wp-content\/uploads\/2022\/01\/CF054891.jpg\",\"datePublished\":\"2020-12-31T10:07:55+00:00\",\"dateModified\":\"2025-04-30T23:00:41+00:00\",\"description\":\"Der perfekte \u201eAllrounder\u201c zum Verfeinern der Tr\u00fcffelgerichte, wie Pasta, Risotto, Wildgefl\u00fcgel, etc. Mit schwarzem Tr\u00fcffel aus Istrien.\",\"breadcrumb\":{\"@id\":\"https:\/\/suwine.at\/en\/produkt\/tartufata-trueffelpesto-schwarz\/#breadcrumb\"},\"inLanguage\":\"en-US\",\"potentialAction\":[{\"@type\":\"ReadAction\",\"target\":[\"https:\/\/suwine.at\/en\/produkt\/tartufata-trueffelpesto-schwarz\/\"]}]},{\"@type\":\"ImageObject\",\"inLanguage\":\"en-US\",\"@id\":\"https:\/\/suwine.at\/en\/produkt\/tartufata-trueffelpesto-schwarz\/#primaryimage\",\"url\":\"https:\/\/suwine.at\/wp-content\/uploads\/2022\/01\/CF054891.jpg\",\"contentUrl\":\"https:\/\/suwine.at\/wp-content\/uploads\/2022\/01\/CF054891.jpg\",\"width\":1000,\"height\":1000,\"caption\":\"tr\u00fcffelpesto schwarz\"},{\"@type\":\"BreadcrumbList\",\"@id\":\"https:\/\/suwine.at\/en\/produkt\/tartufata-trueffelpesto-schwarz\/#breadcrumb\",\"itemListElement\":[{\"@type\":\"ListItem\",\"position\":1,\"name\":\"Startseite\",\"item\":\"https:\/\/suwine.at\/en\/suwine-suwi-zlatic\/\"},{\"@type\":\"ListItem\",\"position\":2,\"name\":\"Shop\",\"item\":\"https:\/\/suwine.at\/en\/shop-2\/\"},{\"@type\":\"ListItem\",\"position\":3,\"name\":\"Tartufata &#8211; Tr\u00fcffelpesto schwarz\"}]},{\"@type\":\"WebSite\",\"@id\":\"https:\/\/suwine.at\/en\/#website\",\"url\":\"https:\/\/suwine.at\/en\/\",\"name\":\"Suwine - Suwi Zlatic\",\"description\":\"Sommelier | Gourmet Play Store | Consulting\",\"potentialAction\":[{\"@type\":\"SearchAction\",\"target\":{\"@type\":\"EntryPoint\",\"urlTemplate\":\"https:\/\/suwine.at\/en\/?s={search_term_string}\"},\"query-input\":{\"@type\":\"PropertyValueSpecification\",\"valueRequired\":true,\"valueName\":\"search_term_string\"}}],\"inLanguage\":\"en-US\"}]}<\/script>\n<!-- \/ Yoast SEO plugin. -->","yoast_head_json":{"title":"Tartufata - Tr\u00fcffelpesto schwarz - Suwine - Suwi Zlatic","description":"Der perfekte \u201eAllrounder\u201c zum Verfeinern der Tr\u00fcffelgerichte, wie Pasta, Risotto, Wildgefl\u00fcgel, etc. Mit schwarzem Tr\u00fcffel aus Istrien.","robots":{"index":"index","follow":"follow","max-snippet":"max-snippet:-1","max-image-preview":"max-image-preview:large","max-video-preview":"max-video-preview:-1"},"canonical":"https:\/\/suwine.at\/en\/produkt\/tartufata-trueffelpesto-schwarz\/","og_locale":"en_US","og_type":"article","og_title":"Tartufata - Tr\u00fcffelpesto schwarz - Suwine - Suwi Zlatic","og_description":"Der perfekte \u201eAllrounder\u201c zum Verfeinern der Tr\u00fcffelgerichte, wie Pasta, Risotto, Wildgefl\u00fcgel, etc. Mit schwarzem Tr\u00fcffel aus Istrien.","og_url":"https:\/\/suwine.at\/en\/produkt\/tartufata-trueffelpesto-schwarz\/","og_site_name":"Suwine - Suwi Zlatic","article_modified_time":"2025-04-30T23:00:41+00:00","og_image":[{"width":1000,"height":1000,"url":"https:\/\/suwine.at\/wp-content\/uploads\/2022\/01\/CF054891.jpg","type":"image\/jpeg"}],"twitter_card":"summary_large_image","twitter_misc":{"Est. reading time":"1 minute"},"schema":{"@context":"https:\/\/schema.org","@graph":[{"@type":"WebPage","@id":"https:\/\/suwine.at\/en\/produkt\/tartufata-trueffelpesto-schwarz\/","url":"https:\/\/suwine.at\/en\/produkt\/tartufata-trueffelpesto-schwarz\/","name":"Tartufata - Tr\u00fcffelpesto schwarz - Suwine - Suwi Zlatic","isPartOf":{"@id":"https:\/\/suwine.at\/en\/#website"},"primaryImageOfPage":{"@id":"https:\/\/suwine.at\/en\/produkt\/tartufata-trueffelpesto-schwarz\/#primaryimage"},"image":{"@id":"https:\/\/suwine.at\/en\/produkt\/tartufata-trueffelpesto-schwarz\/#primaryimage"},"thumbnailUrl":"https:\/\/suwine.at\/wp-content\/uploads\/2022\/01\/CF054891.jpg","datePublished":"2020-12-31T10:07:55+00:00","dateModified":"2025-04-30T23:00:41+00:00","description":"Der perfekte \u201eAllrounder\u201c zum Verfeinern der Tr\u00fcffelgerichte, wie Pasta, Risotto, Wildgefl\u00fcgel, etc. Mit schwarzem Tr\u00fcffel aus Istrien.","breadcrumb":{"@id":"https:\/\/suwine.at\/en\/produkt\/tartufata-trueffelpesto-schwarz\/#breadcrumb"},"inLanguage":"en-US","potentialAction":[{"@type":"ReadAction","target":["https:\/\/suwine.at\/en\/produkt\/tartufata-trueffelpesto-schwarz\/"]}]},{"@type":"ImageObject","inLanguage":"en-US","@id":"https:\/\/suwine.at\/en\/produkt\/tartufata-trueffelpesto-schwarz\/#primaryimage","url":"https:\/\/suwine.at\/wp-content\/uploads\/2022\/01\/CF054891.jpg","contentUrl":"https:\/\/suwine.at\/wp-content\/uploads\/2022\/01\/CF054891.jpg","width":1000,"height":1000,"caption":"tr\u00fcffelpesto schwarz"},{"@type":"BreadcrumbList","@id":"https:\/\/suwine.at\/en\/produkt\/tartufata-trueffelpesto-schwarz\/#breadcrumb","itemListElement":[{"@type":"ListItem","position":1,"name":"Startseite","item":"https:\/\/suwine.at\/en\/suwine-suwi-zlatic\/"},{"@type":"ListItem","position":2,"name":"Shop","item":"https:\/\/suwine.at\/en\/shop-2\/"},{"@type":"ListItem","position":3,"name":"Tartufata &#8211; Tr\u00fcffelpesto schwarz"}]},{"@type":"WebSite","@id":"https:\/\/suwine.at\/en\/#website","url":"https:\/\/suwine.at\/en\/","name":"Suwine - Suwi Zlatic","description":"Sommelier | Gourmet Play Store | Consulting","potentialAction":[{"@type":"SearchAction","target":{"@type":"EntryPoint","urlTemplate":"https:\/\/suwine.at\/en\/?s={search_term_string}"},"query-input":{"@type":"PropertyValueSpecification","valueRequired":true,"valueName":"search_term_string"}}],"inLanguage":"en-US"}]}},"_links":{"self":[{"href":"https:\/\/suwine.at\/en\/wp-json\/wp\/v2\/product\/853","targetHints":{"allow":["GET"]}}],"collection":[{"href":"https:\/\/suwine.at\/en\/wp-json\/wp\/v2\/product"}],"about":[{"href":"https:\/\/suwine.at\/en\/wp-json\/wp\/v2\/types\/product"}],"wp:featuredmedia":[{"embeddable":true,"href":"https:\/\/suwine.at\/en\/wp-json\/wp\/v2\/media\/231501"}],"wp:attachment":[{"href":"https:\/\/suwine.at\/en\/wp-json\/wp\/v2\/media?parent=853"}],"wp:term":[{"taxonomy":"product_brand","embeddable":true,"href":"https:\/\/suwine.at\/en\/wp-json\/wp\/v2\/product_brand?post=853"},{"taxonomy":"product_cat","embeddable":true,"href":"https:\/\/suwine.at\/en\/wp-json\/wp\/v2\/product_cat?post=853"},{"taxonomy":"product_tag","embeddable":true,"href":"https:\/\/suwine.at\/en\/wp-json\/wp\/v2\/product_tag?post=853"}],"curies":[{"name":"wp","href":"https:\/\/api.w.org\/{rel}","templated":true}]}}