{"id":223104,"date":"2021-01-02T12:45:40","date_gmt":"2021-01-02T11:45:40","guid":{"rendered":"https:\/\/suwine.at\/?post_type=product&#038;p=223104"},"modified":"2025-09-22T14:42:34","modified_gmt":"2025-09-22T12:42:34","slug":"trueffel","status":"publish","type":"product","link":"https:\/\/suwine.at\/hr\/produkt\/trueffel\/","title":{"rendered":"Tr\u00fcffelchips"},"content":{"rendered":"<h2>Entdecken Sie den ultimativen Genuss mit unseren Tr\u00fcffelchips von Genius Tartufi &#8211; ein Geschmackserlebnis, das Sie nicht mehr missen m\u00f6chten!<\/h2>\n<p>Unsere Tr\u00fcffelchips sind die perfekte Kombination aus knuspriger Kartoffel und dem feinem Tr\u00fcffelaroma. Jeder Bissen ist eine wahre Offenbarung f\u00fcr Ihre Geschmacksknospen. Der unverwechselbare Geschmack und das delikate Aroma werden Sie sofort in den Bann ziehen und nach mehr verlangen lassen.<\/p>\n<p>Was macht unsere Tr\u00fcffelchips so besonders? Es ist die sorgf\u00e4ltige Auswahl der Zutaten und die handwerkliche Herstellung, die sie zu einem wahren Gaumenschmaus machen.<\/p>\n<p>Unsere Tr\u00fcffelchips sind nicht nur ein Genuss f\u00fcr den Gaumen, sondern auch ein Fest f\u00fcr die Sinne.<\/p>\n<p>Der Duft allein l\u00e4sst einem das Wasser im Mund zusammenlaufen und verspricht einen unvergesslichen Genussmoment.<\/p>\n<p>Egal, ob als Snack f\u00fcr zwischendurch genie\u00dfen, sie zu einem besonderen Anlass servieren oder sie als raffinierte Beilage zu Ihren Lieblingsgerichten verwenden &#8211; sie werden Ihre Geschmackserwartungen \u00fcbertreffen und Ihre G\u00e4ste begeistern. Mit unseren Tr\u00fcffelchips verleihen Sie jedem Moment eine Extraportion Luxus und Eleganz.<\/p>\n<p>Sie fragen sich vielleicht, ob unsere Tr\u00fcffelchips wirklich so gut sind, wie wir behaupten. Wir laden Sie ein, es selbst herauszufinden. Bestellen Sie noch heute eine Packung unserer Tr\u00fcffelchips von Genius Tartufi und lassen Sie sich von ihrem einzigartigen Geschmack verf\u00fchren. Wir sind uns sicher, dass Sie sich in den Genuss unserer Tr\u00fcffelchips verlieben werden und nicht mehr genug davon bekommen k\u00f6nnen.<\/p>\n<p>&nbsp;<\/p>\n<p>.<a href=\"https:\/\/suwine.at\/blog\/alles-was-du-ueber-trueffelhunde-wissen-solltest\/\">https:\/\/suwine.at\/blog\/alles-was-du-ueber-trueffelhunde-wissen-solltest\/<\/a><\/p>\n<p><a href=\"https:\/\/www.grissemann.at\/product\/031461\">https:\/\/www.grissemann.at\/product\/031461<\/a><\/p>\n<span class=\"et_bloom_bottom_trigger\"><\/span>","protected":false},"excerpt":{"rendered":"<p>Knusprige Kartoffelscheiben mit dem exklusiven Tr\u00fcffel Geschmack.<\/p>\n","protected":false},"featured_media":231615,"template":"","meta":{"_et_pb_use_builder":"off","_et_pb_old_content":"<h2>Exquisiter Snack f\u00fcr besondere Momente<\/h2>\r\nFrei nach unserem Moto \u201eExzellenz ist unser Anspruch\u201c haben wir nur die besten Zutaten selektiert und aus viel Liebe, Passion, und Erfahrung ein unvergessliches Genusserlebnis kreiert.\r\nHandwerk schmecken auf h\u00f6chstem Niveau mit dem K\u00f6nig aller Pilze.\r\n\r\nKnusprige Kartoffelscheiben mit dem exklusiven Geschmack istrischer Tr\u00fcffel.\r\nHandwerklich und qualitativ auf h\u00f6chstem Niveau hergestellt.\r\n\r\nEin zauberhaftes Geschmackserlebnis f\u00fcr dich, deine Liebsten und deine G\u00e4ste.\r\n<h3>Von Gault&Millau\u00a0selektiert: Das Beste bei den Besten der Besten\u2026<\/h3>\r\nAuch Gault&Millau verw\u00f6hnt 2022 seine <strong>Gala-G\u00e4ste<\/strong> mit dem exquisiten Tr\u00fcffelsnack in der Goodie-Bag.","_et_gb_content_width":""},"product_brand":[],"product_cat":[48],"product_tag":[62,69],"class_list":{"0":"post-223104","1":"product","2":"type-product","3":"status-publish","4":"has-post-thumbnail","6":"product_cat-genius-tartufi","7":"product_tag-trueffel","8":"product_tag-snack","10":"first","11":"instock","12":"taxable","13":"shipping-taxable","14":"purchasable","15":"product-type-simple"},"yoast_head":"<!-- This site is optimized with the Yoast SEO plugin v27.2 - https:\/\/yoast.com\/product\/yoast-seo-wordpress\/ -->\n<title>Tr\u00fcffelchips - Suwine - Suwi Zlatic<\/title>\n<meta name=\"description\" content=\"Knusprige Kartoffelscheiben mit dem exklusiven Geschmack istrischer Tr\u00fcffel. F\u00fcr dich, deine Liebsten und deine G\u00e4ste: Exklusive Tr\u00fcffelchips\" \/>\n<meta name=\"robots\" content=\"index, follow, max-snippet:-1, max-image-preview:large, max-video-preview:-1\" \/>\n<link rel=\"canonical\" href=\"https:\/\/suwine.at\/hr\/produkt\/trueffel\/\" \/>\n<meta property=\"og:locale\" content=\"hr_HR\" \/>\n<meta property=\"og:type\" content=\"article\" \/>\n<meta property=\"og:title\" content=\"Tr\u00fcffelchips - Suwine - Suwi Zlatic\" \/>\n<meta property=\"og:description\" content=\"Knusprige Kartoffelscheiben mit dem exklusiven Geschmack istrischer Tr\u00fcffel. F\u00fcr dich, deine Liebsten und deine G\u00e4ste: Exklusive Tr\u00fcffelchips\" \/>\n<meta property=\"og:url\" content=\"https:\/\/suwine.at\/hr\/produkt\/trueffel\/\" \/>\n<meta property=\"og:site_name\" content=\"Suwine - Suwi Zlatic\" \/>\n<meta property=\"article:modified_time\" content=\"2025-09-22T12:42:34+00:00\" \/>\n<meta property=\"og:image\" content=\"https:\/\/suwine.at\/wp-content\/uploads\/2022\/01\/CF055209.jpg\" \/>\n\t<meta property=\"og:image:width\" content=\"1000\" \/>\n\t<meta property=\"og:image:height\" content=\"1000\" \/>\n\t<meta property=\"og:image:type\" content=\"image\/jpeg\" \/>\n<meta name=\"twitter:card\" content=\"summary_large_image\" \/>\n<meta name=\"twitter:label1\" content=\"Procijenjeno vrijeme \u010ditanja\" \/>\n\t<meta name=\"twitter:data1\" content=\"2 minute\" \/>\n<script type=\"application\/ld+json\" class=\"yoast-schema-graph\">{\"@context\":\"https:\/\/schema.org\",\"@graph\":[{\"@type\":\"WebPage\",\"@id\":\"https:\/\/suwine.at\/hr\/produkt\/trueffel\/\",\"url\":\"https:\/\/suwine.at\/hr\/produkt\/trueffel\/\",\"name\":\"Tr\u00fcffelchips - Suwine - Suwi Zlatic\",\"isPartOf\":{\"@id\":\"https:\/\/suwine.at\/hr\/#website\"},\"primaryImageOfPage\":{\"@id\":\"https:\/\/suwine.at\/hr\/produkt\/trueffel\/#primaryimage\"},\"image\":{\"@id\":\"https:\/\/suwine.at\/hr\/produkt\/trueffel\/#primaryimage\"},\"thumbnailUrl\":\"https:\/\/suwine.at\/wp-content\/uploads\/2022\/01\/CF055209.jpg\",\"datePublished\":\"2021-01-02T11:45:40+00:00\",\"dateModified\":\"2025-09-22T12:42:34+00:00\",\"description\":\"Knusprige Kartoffelscheiben mit dem exklusiven Geschmack istrischer Tr\u00fcffel. F\u00fcr dich, deine Liebsten und deine G\u00e4ste: Exklusive Tr\u00fcffelchips\",\"breadcrumb\":{\"@id\":\"https:\/\/suwine.at\/hr\/produkt\/trueffel\/#breadcrumb\"},\"inLanguage\":\"hr\",\"potentialAction\":[{\"@type\":\"ReadAction\",\"target\":[\"https:\/\/suwine.at\/hr\/produkt\/trueffel\/\"]}]},{\"@type\":\"ImageObject\",\"inLanguage\":\"hr\",\"@id\":\"https:\/\/suwine.at\/hr\/produkt\/trueffel\/#primaryimage\",\"url\":\"https:\/\/suwine.at\/wp-content\/uploads\/2022\/01\/CF055209.jpg\",\"contentUrl\":\"https:\/\/suwine.at\/wp-content\/uploads\/2022\/01\/CF055209.jpg\",\"width\":1000,\"height\":1000,\"caption\":\"chips\"},{\"@type\":\"BreadcrumbList\",\"@id\":\"https:\/\/suwine.at\/hr\/produkt\/trueffel\/#breadcrumb\",\"itemListElement\":[{\"@type\":\"ListItem\",\"position\":1,\"name\":\"Startseite\",\"item\":\"https:\/\/suwine.at\/hr\/\"},{\"@type\":\"ListItem\",\"position\":2,\"name\":\"Shop\",\"item\":\"https:\/\/suwine.at\/shop\/\"},{\"@type\":\"ListItem\",\"position\":3,\"name\":\"Tr\u00fcffelchips\"}]},{\"@type\":\"WebSite\",\"@id\":\"https:\/\/suwine.at\/hr\/#website\",\"url\":\"https:\/\/suwine.at\/hr\/\",\"name\":\"Suwine - Suwi Zlatic\",\"description\":\"Sommelier | Gourmet Play Store | Consulting\",\"potentialAction\":[{\"@type\":\"SearchAction\",\"target\":{\"@type\":\"EntryPoint\",\"urlTemplate\":\"https:\/\/suwine.at\/hr\/?s={search_term_string}\"},\"query-input\":{\"@type\":\"PropertyValueSpecification\",\"valueRequired\":true,\"valueName\":\"search_term_string\"}}],\"inLanguage\":\"hr\"}]}<\/script>\n<!-- \/ Yoast SEO plugin. -->","yoast_head_json":{"title":"Tr\u00fcffelchips - Suwine - Suwi Zlatic","description":"Knusprige Kartoffelscheiben mit dem exklusiven Geschmack istrischer Tr\u00fcffel. F\u00fcr dich, deine Liebsten und deine G\u00e4ste: Exklusive Tr\u00fcffelchips","robots":{"index":"index","follow":"follow","max-snippet":"max-snippet:-1","max-image-preview":"max-image-preview:large","max-video-preview":"max-video-preview:-1"},"canonical":"https:\/\/suwine.at\/hr\/produkt\/trueffel\/","og_locale":"hr_HR","og_type":"article","og_title":"Tr\u00fcffelchips - Suwine - Suwi Zlatic","og_description":"Knusprige Kartoffelscheiben mit dem exklusiven Geschmack istrischer Tr\u00fcffel. F\u00fcr dich, deine Liebsten und deine G\u00e4ste: Exklusive Tr\u00fcffelchips","og_url":"https:\/\/suwine.at\/hr\/produkt\/trueffel\/","og_site_name":"Suwine - Suwi Zlatic","article_modified_time":"2025-09-22T12:42:34+00:00","og_image":[{"width":1000,"height":1000,"url":"https:\/\/suwine.at\/wp-content\/uploads\/2022\/01\/CF055209.jpg","type":"image\/jpeg"}],"twitter_card":"summary_large_image","twitter_misc":{"Procijenjeno vrijeme \u010ditanja":"2 minute"},"schema":{"@context":"https:\/\/schema.org","@graph":[{"@type":"WebPage","@id":"https:\/\/suwine.at\/hr\/produkt\/trueffel\/","url":"https:\/\/suwine.at\/hr\/produkt\/trueffel\/","name":"Tr\u00fcffelchips - Suwine - Suwi Zlatic","isPartOf":{"@id":"https:\/\/suwine.at\/hr\/#website"},"primaryImageOfPage":{"@id":"https:\/\/suwine.at\/hr\/produkt\/trueffel\/#primaryimage"},"image":{"@id":"https:\/\/suwine.at\/hr\/produkt\/trueffel\/#primaryimage"},"thumbnailUrl":"https:\/\/suwine.at\/wp-content\/uploads\/2022\/01\/CF055209.jpg","datePublished":"2021-01-02T11:45:40+00:00","dateModified":"2025-09-22T12:42:34+00:00","description":"Knusprige Kartoffelscheiben mit dem exklusiven Geschmack istrischer Tr\u00fcffel. F\u00fcr dich, deine Liebsten und deine G\u00e4ste: Exklusive Tr\u00fcffelchips","breadcrumb":{"@id":"https:\/\/suwine.at\/hr\/produkt\/trueffel\/#breadcrumb"},"inLanguage":"hr","potentialAction":[{"@type":"ReadAction","target":["https:\/\/suwine.at\/hr\/produkt\/trueffel\/"]}]},{"@type":"ImageObject","inLanguage":"hr","@id":"https:\/\/suwine.at\/hr\/produkt\/trueffel\/#primaryimage","url":"https:\/\/suwine.at\/wp-content\/uploads\/2022\/01\/CF055209.jpg","contentUrl":"https:\/\/suwine.at\/wp-content\/uploads\/2022\/01\/CF055209.jpg","width":1000,"height":1000,"caption":"chips"},{"@type":"BreadcrumbList","@id":"https:\/\/suwine.at\/hr\/produkt\/trueffel\/#breadcrumb","itemListElement":[{"@type":"ListItem","position":1,"name":"Startseite","item":"https:\/\/suwine.at\/hr\/"},{"@type":"ListItem","position":2,"name":"Shop","item":"https:\/\/suwine.at\/shop\/"},{"@type":"ListItem","position":3,"name":"Tr\u00fcffelchips"}]},{"@type":"WebSite","@id":"https:\/\/suwine.at\/hr\/#website","url":"https:\/\/suwine.at\/hr\/","name":"Suwine - Suwi Zlatic","description":"Sommelier | Gourmet Play Store | Consulting","potentialAction":[{"@type":"SearchAction","target":{"@type":"EntryPoint","urlTemplate":"https:\/\/suwine.at\/hr\/?s={search_term_string}"},"query-input":{"@type":"PropertyValueSpecification","valueRequired":true,"valueName":"search_term_string"}}],"inLanguage":"hr"}]}},"_links":{"self":[{"href":"https:\/\/suwine.at\/hr\/wp-json\/wp\/v2\/product\/223104","targetHints":{"allow":["GET"]}}],"collection":[{"href":"https:\/\/suwine.at\/hr\/wp-json\/wp\/v2\/product"}],"about":[{"href":"https:\/\/suwine.at\/hr\/wp-json\/wp\/v2\/types\/product"}],"wp:featuredmedia":[{"embeddable":true,"href":"https:\/\/suwine.at\/hr\/wp-json\/wp\/v2\/media\/231615"}],"wp:attachment":[{"href":"https:\/\/suwine.at\/hr\/wp-json\/wp\/v2\/media?parent=223104"}],"wp:term":[{"taxonomy":"product_brand","embeddable":true,"href":"https:\/\/suwine.at\/hr\/wp-json\/wp\/v2\/product_brand?post=223104"},{"taxonomy":"product_cat","embeddable":true,"href":"https:\/\/suwine.at\/hr\/wp-json\/wp\/v2\/product_cat?post=223104"},{"taxonomy":"product_tag","embeddable":true,"href":"https:\/\/suwine.at\/hr\/wp-json\/wp\/v2\/product_tag?post=223104"}],"curies":[{"name":"wp","href":"https:\/\/api.w.org\/{rel}","templated":true}]}}