{"id":224940,"date":"2021-03-06T07:33:17","date_gmt":"2021-03-06T06:33:17","guid":{"rendered":"https:\/\/suwine.at\/?post_type=product&#038;p=224940"},"modified":"2025-10-29T21:16:52","modified_gmt":"2025-10-29T20:16:52","slug":"black-box-sommelier-oesterreich-2","status":"publish","type":"product","link":"https:\/\/suwine.at\/hr\/produkt\/black-box-sommelier-oesterreich-2\/","title":{"rendered":"BLACK BOX Diplom Sommelier\/\u00e9"},"content":{"rendered":"<h2 style=\"font-weight: 400\">BLACK BOX Diplom Sommelier\/\u00e9<\/h2>\n<p><strong>(Sehr gut geeignet f\u00fcr Weinliebhaber und das Geschenk schlechthin)<\/strong><\/p>\n<p style=\"font-weight: 400\">Eines der wichtigsten Dinge in einer Ausbildung zum Sommelier ist die Blindverkostung. Fr\u00fcher oder sp\u00e4ter kommt man zu der Erkenntnis, dass die Weine mit denen man trainiert der Schl\u00fcssel zum Erfolg sind. Vielmehr die Typizit\u00e4t der Weine und die Parameter wie Aromen, S\u00e4ure, Tannin, Alkohol usw. sind sehr entscheidend.<\/p>\n<p style=\"font-weight: 400\">Meistens ist man auf sich allein gestellt, nicht nur bei der Auswahl, aber vor allem bei der Aufl\u00f6sung stellt man sich die Fragen?<\/p>\n<p style=\"font-weight: 400\">Wie gut habe ich die Weine verkostet und beschrieben?<\/p>\n<p style=\"font-weight: 400\">Welche Rebsorten w\u00e4ren in der Schlussfolgerung m\u00f6glich?<\/p>\n<p style=\"font-weight: 400\">Welcher Jahrgang w\u00e4re nachvollziehbar?<\/p>\n<p style=\"font-weight: 400\">Wie w\u00fcrde ich Potential einsch\u00e4tzen?<\/p>\n<p style=\"font-weight: 400\">Denn, beim Verkosten ist knapp daneben nicht unbedingt vorbei am Wein..The Black Box ist die ultimative L\u00f6sung f\u00fcr dich um beim Blindverkosten mehr Erfolg und vor allem mehr Spass zu haben.<\/p>\n<p style=\"font-weight: 400\">Deine Vorteile:<\/p>\n<p style=\"font-weight: 400\">Pro Box 10 selektierte Weine, 0,75L Inhalt.(5x Weisswein und 5x Rotwein)<\/p>\n<p><strong>Bonus 1x 100ml &#8220;Fortified Wine&#8221;, 1x Schaumwein 0,75L<\/strong><\/p>\n<p style=\"font-weight: 400\">Verdeckt eingepackt &#8211; jegliche Beeinflussung des Verkosters wird auf das Minimum reduziert.<\/p>\n<p style=\"font-weight: 400\">Alle Weine wurde von Suwi Zlatic, per\u00f6nlich verkostet.<\/p>\n<p style=\"font-weight: 400\">Diplom Sommelier Suwi Zlatic &#8211; Bester Sommeliers \u00d6sterreichs 2014 &amp; 2021,<\/p>\n<p style=\"font-weight: 400\">Bester Sommelier Europas und Afrikas 2021 3. Platz<\/p>\n<p style=\"font-weight: 400\">Advanced Sommelier CMS, Ambassadeur du Champagne d\u2019Europe<\/p>\n<p style=\"font-weight: 400\">\u201cBlindtaste your self and keep your eyes on the price\u201d!!!!<\/p>\n<p>&nbsp;<\/p>\n<span class=\"et_bloom_bottom_trigger\"><\/span>","protected":false},"excerpt":{"rendered":"<h2 style=\"font-weight: 400\">BLACK BOX Diplom Sommelier\/\u00e9<\/h2>\n","protected":false},"featured_media":224942,"template":"","meta":{"_et_pb_use_builder":"","_et_pb_old_content":"","_et_gb_content_width":""},"product_brand":[],"product_cat":[591],"product_tag":[82,567,569],"class_list":{"0":"post-224940","1":"product","2":"type-product","3":"status-publish","4":"has-post-thumbnail","6":"product_cat-black-boxes","7":"product_tag-blindverkostung","8":"product_tag-weinboxen","9":"product_tag-seminare","11":"first","12":"instock","13":"taxable","14":"shipping-taxable","15":"purchasable","16":"product-type-simple"},"yoast_head":"<!-- This site is optimized with the Yoast SEO plugin v27.2 - https:\/\/yoast.com\/product\/yoast-seo-wordpress\/ -->\n<title>BLACK BOX Diplom Sommelier\/\u00e9 - Suwine - Suwi Zlatic<\/title>\n<meta name=\"description\" content=\"Fr\u00fcher oder sp\u00e4ter kommt man zu der Erkenntnis, dass die Weine mit denen man trainiert der Schl\u00fcssel zum Erfolg sind. BLACK BOX Diplom Sommelier\/\u00e9\" \/>\n<meta name=\"robots\" content=\"index, follow, max-snippet:-1, max-image-preview:large, max-video-preview:-1\" \/>\n<link rel=\"canonical\" href=\"https:\/\/suwine.at\/hr\/produkt\/black-box-sommelier-oesterreich-2\/\" \/>\n<meta property=\"og:locale\" content=\"hr_HR\" \/>\n<meta property=\"og:type\" content=\"article\" \/>\n<meta property=\"og:title\" content=\"BLACK BOX Diplom Sommelier\/\u00e9 - Suwine - Suwi Zlatic\" \/>\n<meta property=\"og:description\" content=\"Fr\u00fcher oder sp\u00e4ter kommt man zu der Erkenntnis, dass die Weine mit denen man trainiert der Schl\u00fcssel zum Erfolg sind. BLACK BOX Diplom Sommelier\/\u00e9\" \/>\n<meta property=\"og:url\" content=\"https:\/\/suwine.at\/hr\/produkt\/black-box-sommelier-oesterreich-2\/\" \/>\n<meta property=\"og:site_name\" content=\"Suwine - Suwi Zlatic\" \/>\n<meta property=\"article:modified_time\" content=\"2025-10-29T20:16:52+00:00\" \/>\n<meta property=\"og:image\" content=\"https:\/\/suwine.at\/wp-content\/uploads\/2021\/03\/Diplom-Sommelier.jpg\" \/>\n\t<meta property=\"og:image:width\" content=\"1000\" \/>\n\t<meta property=\"og:image:height\" content=\"1000\" \/>\n\t<meta property=\"og:image:type\" content=\"image\/jpeg\" \/>\n<meta name=\"twitter:card\" content=\"summary_large_image\" \/>\n<meta name=\"twitter:label1\" content=\"Procijenjeno vrijeme \u010ditanja\" \/>\n\t<meta name=\"twitter:data1\" content=\"2 minute\" \/>\n<script type=\"application\/ld+json\" class=\"yoast-schema-graph\">{\"@context\":\"https:\/\/schema.org\",\"@graph\":[{\"@type\":\"WebPage\",\"@id\":\"https:\/\/suwine.at\/hr\/produkt\/black-box-sommelier-oesterreich-2\/\",\"url\":\"https:\/\/suwine.at\/hr\/produkt\/black-box-sommelier-oesterreich-2\/\",\"name\":\"BLACK BOX Diplom Sommelier\/\u00e9 - Suwine - Suwi Zlatic\",\"isPartOf\":{\"@id\":\"https:\/\/suwine.at\/hr\/#website\"},\"primaryImageOfPage\":{\"@id\":\"https:\/\/suwine.at\/hr\/produkt\/black-box-sommelier-oesterreich-2\/#primaryimage\"},\"image\":{\"@id\":\"https:\/\/suwine.at\/hr\/produkt\/black-box-sommelier-oesterreich-2\/#primaryimage\"},\"thumbnailUrl\":\"https:\/\/suwine.at\/wp-content\/uploads\/2021\/03\/Diplom-Sommelier.jpg\",\"datePublished\":\"2021-03-06T06:33:17+00:00\",\"dateModified\":\"2025-10-29T20:16:52+00:00\",\"description\":\"Fr\u00fcher oder sp\u00e4ter kommt man zu der Erkenntnis, dass die Weine mit denen man trainiert der Schl\u00fcssel zum Erfolg sind. BLACK BOX Diplom Sommelier\/\u00e9\",\"breadcrumb\":{\"@id\":\"https:\/\/suwine.at\/hr\/produkt\/black-box-sommelier-oesterreich-2\/#breadcrumb\"},\"inLanguage\":\"hr\",\"potentialAction\":[{\"@type\":\"ReadAction\",\"target\":[\"https:\/\/suwine.at\/hr\/produkt\/black-box-sommelier-oesterreich-2\/\"]}]},{\"@type\":\"ImageObject\",\"inLanguage\":\"hr\",\"@id\":\"https:\/\/suwine.at\/hr\/produkt\/black-box-sommelier-oesterreich-2\/#primaryimage\",\"url\":\"https:\/\/suwine.at\/wp-content\/uploads\/2021\/03\/Diplom-Sommelier.jpg\",\"contentUrl\":\"https:\/\/suwine.at\/wp-content\/uploads\/2021\/03\/Diplom-Sommelier.jpg\",\"width\":1000,\"height\":1000,\"caption\":\"Diplom Sommelier\"},{\"@type\":\"BreadcrumbList\",\"@id\":\"https:\/\/suwine.at\/hr\/produkt\/black-box-sommelier-oesterreich-2\/#breadcrumb\",\"itemListElement\":[{\"@type\":\"ListItem\",\"position\":1,\"name\":\"Startseite\",\"item\":\"https:\/\/suwine.at\/hr\/\"},{\"@type\":\"ListItem\",\"position\":2,\"name\":\"Shop\",\"item\":\"https:\/\/suwine.at\/shop\/\"},{\"@type\":\"ListItem\",\"position\":3,\"name\":\"BLACK BOX Diplom Sommelier\/\u00e9\"}]},{\"@type\":\"WebSite\",\"@id\":\"https:\/\/suwine.at\/hr\/#website\",\"url\":\"https:\/\/suwine.at\/hr\/\",\"name\":\"Suwine - Suwi Zlatic\",\"description\":\"Sommelier | Gourmet Play Store | Consulting\",\"potentialAction\":[{\"@type\":\"SearchAction\",\"target\":{\"@type\":\"EntryPoint\",\"urlTemplate\":\"https:\/\/suwine.at\/hr\/?s={search_term_string}\"},\"query-input\":{\"@type\":\"PropertyValueSpecification\",\"valueRequired\":true,\"valueName\":\"search_term_string\"}}],\"inLanguage\":\"hr\"}]}<\/script>\n<!-- \/ Yoast SEO plugin. -->","yoast_head_json":{"title":"BLACK BOX Diplom Sommelier\/\u00e9 - Suwine - Suwi Zlatic","description":"Fr\u00fcher oder sp\u00e4ter kommt man zu der Erkenntnis, dass die Weine mit denen man trainiert der Schl\u00fcssel zum Erfolg sind. BLACK BOX Diplom Sommelier\/\u00e9","robots":{"index":"index","follow":"follow","max-snippet":"max-snippet:-1","max-image-preview":"max-image-preview:large","max-video-preview":"max-video-preview:-1"},"canonical":"https:\/\/suwine.at\/hr\/produkt\/black-box-sommelier-oesterreich-2\/","og_locale":"hr_HR","og_type":"article","og_title":"BLACK BOX Diplom Sommelier\/\u00e9 - Suwine - Suwi Zlatic","og_description":"Fr\u00fcher oder sp\u00e4ter kommt man zu der Erkenntnis, dass die Weine mit denen man trainiert der Schl\u00fcssel zum Erfolg sind. BLACK BOX Diplom Sommelier\/\u00e9","og_url":"https:\/\/suwine.at\/hr\/produkt\/black-box-sommelier-oesterreich-2\/","og_site_name":"Suwine - Suwi Zlatic","article_modified_time":"2025-10-29T20:16:52+00:00","og_image":[{"width":1000,"height":1000,"url":"https:\/\/suwine.at\/wp-content\/uploads\/2021\/03\/Diplom-Sommelier.jpg","type":"image\/jpeg"}],"twitter_card":"summary_large_image","twitter_misc":{"Procijenjeno vrijeme \u010ditanja":"2 minute"},"schema":{"@context":"https:\/\/schema.org","@graph":[{"@type":"WebPage","@id":"https:\/\/suwine.at\/hr\/produkt\/black-box-sommelier-oesterreich-2\/","url":"https:\/\/suwine.at\/hr\/produkt\/black-box-sommelier-oesterreich-2\/","name":"BLACK BOX Diplom Sommelier\/\u00e9 - Suwine - Suwi Zlatic","isPartOf":{"@id":"https:\/\/suwine.at\/hr\/#website"},"primaryImageOfPage":{"@id":"https:\/\/suwine.at\/hr\/produkt\/black-box-sommelier-oesterreich-2\/#primaryimage"},"image":{"@id":"https:\/\/suwine.at\/hr\/produkt\/black-box-sommelier-oesterreich-2\/#primaryimage"},"thumbnailUrl":"https:\/\/suwine.at\/wp-content\/uploads\/2021\/03\/Diplom-Sommelier.jpg","datePublished":"2021-03-06T06:33:17+00:00","dateModified":"2025-10-29T20:16:52+00:00","description":"Fr\u00fcher oder sp\u00e4ter kommt man zu der Erkenntnis, dass die Weine mit denen man trainiert der Schl\u00fcssel zum Erfolg sind. BLACK BOX Diplom Sommelier\/\u00e9","breadcrumb":{"@id":"https:\/\/suwine.at\/hr\/produkt\/black-box-sommelier-oesterreich-2\/#breadcrumb"},"inLanguage":"hr","potentialAction":[{"@type":"ReadAction","target":["https:\/\/suwine.at\/hr\/produkt\/black-box-sommelier-oesterreich-2\/"]}]},{"@type":"ImageObject","inLanguage":"hr","@id":"https:\/\/suwine.at\/hr\/produkt\/black-box-sommelier-oesterreich-2\/#primaryimage","url":"https:\/\/suwine.at\/wp-content\/uploads\/2021\/03\/Diplom-Sommelier.jpg","contentUrl":"https:\/\/suwine.at\/wp-content\/uploads\/2021\/03\/Diplom-Sommelier.jpg","width":1000,"height":1000,"caption":"Diplom Sommelier"},{"@type":"BreadcrumbList","@id":"https:\/\/suwine.at\/hr\/produkt\/black-box-sommelier-oesterreich-2\/#breadcrumb","itemListElement":[{"@type":"ListItem","position":1,"name":"Startseite","item":"https:\/\/suwine.at\/hr\/"},{"@type":"ListItem","position":2,"name":"Shop","item":"https:\/\/suwine.at\/shop\/"},{"@type":"ListItem","position":3,"name":"BLACK BOX Diplom Sommelier\/\u00e9"}]},{"@type":"WebSite","@id":"https:\/\/suwine.at\/hr\/#website","url":"https:\/\/suwine.at\/hr\/","name":"Suwine - Suwi Zlatic","description":"Sommelier | Gourmet Play Store | Consulting","potentialAction":[{"@type":"SearchAction","target":{"@type":"EntryPoint","urlTemplate":"https:\/\/suwine.at\/hr\/?s={search_term_string}"},"query-input":{"@type":"PropertyValueSpecification","valueRequired":true,"valueName":"search_term_string"}}],"inLanguage":"hr"}]}},"_links":{"self":[{"href":"https:\/\/suwine.at\/hr\/wp-json\/wp\/v2\/product\/224940","targetHints":{"allow":["GET"]}}],"collection":[{"href":"https:\/\/suwine.at\/hr\/wp-json\/wp\/v2\/product"}],"about":[{"href":"https:\/\/suwine.at\/hr\/wp-json\/wp\/v2\/types\/product"}],"wp:featuredmedia":[{"embeddable":true,"href":"https:\/\/suwine.at\/hr\/wp-json\/wp\/v2\/media\/224942"}],"wp:attachment":[{"href":"https:\/\/suwine.at\/hr\/wp-json\/wp\/v2\/media?parent=224940"}],"wp:term":[{"taxonomy":"product_brand","embeddable":true,"href":"https:\/\/suwine.at\/hr\/wp-json\/wp\/v2\/product_brand?post=224940"},{"taxonomy":"product_cat","embeddable":true,"href":"https:\/\/suwine.at\/hr\/wp-json\/wp\/v2\/product_cat?post=224940"},{"taxonomy":"product_tag","embeddable":true,"href":"https:\/\/suwine.at\/hr\/wp-json\/wp\/v2\/product_tag?post=224940"}],"curies":[{"name":"wp","href":"https:\/\/api.w.org\/{rel}","templated":true}]}}