{"id":225033,"date":"2021-03-12T16:29:30","date_gmt":"2021-03-12T15:29:30","guid":{"rendered":"https:\/\/suwine.at\/?post_type=product&#038;p=225033"},"modified":"2026-03-30T22:06:36","modified_gmt":"2026-03-30T20:06:36","slug":"a-h-riise-non-plus-ultra-black-edition-rum-42-vol-070l","status":"publish","type":"product","link":"https:\/\/suwine.at\/hr\/produkt\/a-h-riise-non-plus-ultra-black-edition-rum-42-vol-070l\/","title":{"rendered":"A.H. Riise Non Plus Ultra Black Edition Rum 42% vol. 0,70l"},"content":{"rendered":"<h2 class=\"content--title\">A.H. Riise Non Plus Ultra Black Edition Rum 42% vol. 0,70l<\/h2>\n<div class=\"product--description\">\n<div class=\"description--padding\">\n<p>Der Black Edition entstammt der A.H. Riise Reihe Non Plus Ultra \u2013 das Beste vom Besten (frei \u00fcbersetzt). Black ist ein Blend aus mitunter sehr alten Rums die teilweise in \u00e4u\u00dferst stark ausgekohlten Eichenf\u00e4ssern heranreiften, daher der Name \u201eBlack\u201c.<\/p>\n<p>Die Black Edition wird von A.H. Riise als limitierte Edition herausgegeben. F\u00fcr das Jahr 2017 wurden lediglich 6.000 Flaschen weltweit editiert. F\u00fcr das Jahr 2018 waren\u00a0es dann schon 12.000 Flaschen.<\/p>\n<p><strong>Nase<\/strong>: dichte W\u00fcrzd\u00fcfte nach Melasse, Zedernholz, kr\u00e4ftigen Tabaknoten, Eichenholz und Vanilleakzenten.<\/p>\n<p><strong>Gaumen<\/strong>: reichhaltige und tiefe Textur, mit einer F\u00fclle an Fr\u00fcchten, in Rum eingelegte Rosinen, viel Karamell, Bourbonvanille, Honig und wieder den w\u00fcrzigen Tabakaromen.<\/p>\n<p><strong>Finish<\/strong>: langer und w\u00fcrzig-s\u00fc\u00dfer Abgang.<\/p>\n<\/div>\n<\/div>\n<span class=\"et_bloom_bottom_trigger\"><\/span>","protected":false},"excerpt":{"rendered":"<p class=\"content--title\">A.H. Riise Non Plus Ultra Black Edition Rum 42% vol. 0,70l<\/p>\n<div class=\"product--description\">\n<div class=\"description--padding\">\n<p>Der Black Edition entstammt der A.H. Riise Reihe Non Plus Ultra \u2013 das Beste vom Besten (frei \u00fcbersetzt). Black ist ein Blend aus mitunter sehr alten Rums die teilweise in \u00e4u\u00dferst stark ausgekohlten Eichenf\u00e4ssern heranreiften, daher der Name \u201eBlack\u201c.<\/p>\n<\/div>\n<\/div>\n","protected":false},"featured_media":232481,"template":"","meta":{"_et_pb_use_builder":"","_et_pb_old_content":"","_et_gb_content_width":""},"product_brand":[],"product_cat":[33],"product_tag":[281,577,578],"class_list":{"0":"post-225033","1":"product","2":"type-product","3":"status-publish","4":"has-post-thumbnail","6":"product_cat-unkategorisiert","7":"product_tag-rum","8":"product_tag-black-edition","9":"product_tag-beste-vom-besten","11":"first","12":"instock","13":"taxable","14":"shipping-taxable","15":"purchasable","16":"product-type-simple"},"yoast_head":"<!-- This site is optimized with the Yoast SEO plugin v27.2 - https:\/\/yoast.com\/product\/yoast-seo-wordpress\/ -->\n<title>A.H. Riise Non Plus Ultra Black Edition Rum 42% vol. 0,70l - Suwine - Suwi Zlatic<\/title>\n<meta name=\"description\" content=\"A.H. Riise Non Plus Ultra Black Edition Rum 42% vol. 0,70l. Die Black Edition wird von A.H. Riise als limitierte Edition herausgegeben.\" \/>\n<meta name=\"robots\" content=\"index, follow, max-snippet:-1, max-image-preview:large, max-video-preview:-1\" \/>\n<link rel=\"canonical\" href=\"https:\/\/suwine.at\/hr\/produkt\/a-h-riise-non-plus-ultra-black-edition-rum-42-vol-070l\/\" \/>\n<meta property=\"og:locale\" content=\"hr_HR\" \/>\n<meta property=\"og:type\" content=\"article\" \/>\n<meta property=\"og:title\" content=\"A.H. Riise Non Plus Ultra Black Edition Rum 42% vol. 0,70l - Suwine - Suwi Zlatic\" \/>\n<meta property=\"og:description\" content=\"A.H. Riise Non Plus Ultra Black Edition Rum 42% vol. 0,70l. Die Black Edition wird von A.H. Riise als limitierte Edition herausgegeben.\" \/>\n<meta property=\"og:url\" content=\"https:\/\/suwine.at\/hr\/produkt\/a-h-riise-non-plus-ultra-black-edition-rum-42-vol-070l\/\" \/>\n<meta property=\"og:site_name\" content=\"Suwine - Suwi Zlatic\" \/>\n<meta property=\"article:modified_time\" content=\"2026-03-30T20:06:36+00:00\" \/>\n<meta property=\"og:image\" content=\"https:\/\/suwine.at\/wp-content\/uploads\/2021\/03\/428D7E87-1DC3-4F89-8E45-8DE78910FBD5.jpg\" \/>\n\t<meta property=\"og:image:width\" content=\"1080\" \/>\n\t<meta property=\"og:image:height\" content=\"1080\" \/>\n\t<meta property=\"og:image:type\" content=\"image\/jpeg\" \/>\n<meta name=\"twitter:card\" content=\"summary_large_image\" \/>\n<meta name=\"twitter:label1\" content=\"Procijenjeno vrijeme \u010ditanja\" \/>\n\t<meta name=\"twitter:data1\" content=\"1 minuta\" \/>\n<script type=\"application\/ld+json\" class=\"yoast-schema-graph\">{\"@context\":\"https:\/\/schema.org\",\"@graph\":[{\"@type\":\"WebPage\",\"@id\":\"https:\/\/suwine.at\/hr\/produkt\/a-h-riise-non-plus-ultra-black-edition-rum-42-vol-070l\/\",\"url\":\"https:\/\/suwine.at\/hr\/produkt\/a-h-riise-non-plus-ultra-black-edition-rum-42-vol-070l\/\",\"name\":\"A.H. Riise Non Plus Ultra Black Edition Rum 42% vol. 0,70l - Suwine - Suwi Zlatic\",\"isPartOf\":{\"@id\":\"https:\/\/suwine.at\/hr\/#website\"},\"primaryImageOfPage\":{\"@id\":\"https:\/\/suwine.at\/hr\/produkt\/a-h-riise-non-plus-ultra-black-edition-rum-42-vol-070l\/#primaryimage\"},\"image\":{\"@id\":\"https:\/\/suwine.at\/hr\/produkt\/a-h-riise-non-plus-ultra-black-edition-rum-42-vol-070l\/#primaryimage\"},\"thumbnailUrl\":\"https:\/\/suwine.at\/wp-content\/uploads\/2021\/03\/428D7E87-1DC3-4F89-8E45-8DE78910FBD5.jpg\",\"datePublished\":\"2021-03-12T15:29:30+00:00\",\"dateModified\":\"2026-03-30T20:06:36+00:00\",\"description\":\"A.H. Riise Non Plus Ultra Black Edition Rum 42% vol. 0,70l. Die Black Edition wird von A.H. Riise als limitierte Edition herausgegeben.\",\"breadcrumb\":{\"@id\":\"https:\/\/suwine.at\/hr\/produkt\/a-h-riise-non-plus-ultra-black-edition-rum-42-vol-070l\/#breadcrumb\"},\"inLanguage\":\"hr\",\"potentialAction\":[{\"@type\":\"ReadAction\",\"target\":[\"https:\/\/suwine.at\/hr\/produkt\/a-h-riise-non-plus-ultra-black-edition-rum-42-vol-070l\/\"]}]},{\"@type\":\"ImageObject\",\"inLanguage\":\"hr\",\"@id\":\"https:\/\/suwine.at\/hr\/produkt\/a-h-riise-non-plus-ultra-black-edition-rum-42-vol-070l\/#primaryimage\",\"url\":\"https:\/\/suwine.at\/wp-content\/uploads\/2021\/03\/428D7E87-1DC3-4F89-8E45-8DE78910FBD5.jpg\",\"contentUrl\":\"https:\/\/suwine.at\/wp-content\/uploads\/2021\/03\/428D7E87-1DC3-4F89-8E45-8DE78910FBD5.jpg\",\"width\":1080,\"height\":1080,\"caption\":\"A.h riise\"},{\"@type\":\"BreadcrumbList\",\"@id\":\"https:\/\/suwine.at\/hr\/produkt\/a-h-riise-non-plus-ultra-black-edition-rum-42-vol-070l\/#breadcrumb\",\"itemListElement\":[{\"@type\":\"ListItem\",\"position\":1,\"name\":\"Startseite\",\"item\":\"https:\/\/suwine.at\/hr\/\"},{\"@type\":\"ListItem\",\"position\":2,\"name\":\"Shop\",\"item\":\"https:\/\/suwine.at\/shop\/\"},{\"@type\":\"ListItem\",\"position\":3,\"name\":\"A.H. Riise Non Plus Ultra Black Edition Rum 42% vol. 0,70l\"}]},{\"@type\":\"WebSite\",\"@id\":\"https:\/\/suwine.at\/hr\/#website\",\"url\":\"https:\/\/suwine.at\/hr\/\",\"name\":\"Suwine - Suwi Zlatic\",\"description\":\"Sommelier | Gourmet Play Store | Consulting\",\"potentialAction\":[{\"@type\":\"SearchAction\",\"target\":{\"@type\":\"EntryPoint\",\"urlTemplate\":\"https:\/\/suwine.at\/hr\/?s={search_term_string}\"},\"query-input\":{\"@type\":\"PropertyValueSpecification\",\"valueRequired\":true,\"valueName\":\"search_term_string\"}}],\"inLanguage\":\"hr\"}]}<\/script>\n<!-- \/ Yoast SEO plugin. -->","yoast_head_json":{"title":"A.H. Riise Non Plus Ultra Black Edition Rum 42% vol. 0,70l - Suwine - Suwi Zlatic","description":"A.H. Riise Non Plus Ultra Black Edition Rum 42% vol. 0,70l. Die Black Edition wird von A.H. Riise als limitierte Edition herausgegeben.","robots":{"index":"index","follow":"follow","max-snippet":"max-snippet:-1","max-image-preview":"max-image-preview:large","max-video-preview":"max-video-preview:-1"},"canonical":"https:\/\/suwine.at\/hr\/produkt\/a-h-riise-non-plus-ultra-black-edition-rum-42-vol-070l\/","og_locale":"hr_HR","og_type":"article","og_title":"A.H. Riise Non Plus Ultra Black Edition Rum 42% vol. 0,70l - Suwine - Suwi Zlatic","og_description":"A.H. Riise Non Plus Ultra Black Edition Rum 42% vol. 0,70l. Die Black Edition wird von A.H. Riise als limitierte Edition herausgegeben.","og_url":"https:\/\/suwine.at\/hr\/produkt\/a-h-riise-non-plus-ultra-black-edition-rum-42-vol-070l\/","og_site_name":"Suwine - Suwi Zlatic","article_modified_time":"2026-03-30T20:06:36+00:00","og_image":[{"width":1080,"height":1080,"url":"https:\/\/suwine.at\/wp-content\/uploads\/2021\/03\/428D7E87-1DC3-4F89-8E45-8DE78910FBD5.jpg","type":"image\/jpeg"}],"twitter_card":"summary_large_image","twitter_misc":{"Procijenjeno vrijeme \u010ditanja":"1 minuta"},"schema":{"@context":"https:\/\/schema.org","@graph":[{"@type":"WebPage","@id":"https:\/\/suwine.at\/hr\/produkt\/a-h-riise-non-plus-ultra-black-edition-rum-42-vol-070l\/","url":"https:\/\/suwine.at\/hr\/produkt\/a-h-riise-non-plus-ultra-black-edition-rum-42-vol-070l\/","name":"A.H. Riise Non Plus Ultra Black Edition Rum 42% vol. 0,70l - Suwine - Suwi Zlatic","isPartOf":{"@id":"https:\/\/suwine.at\/hr\/#website"},"primaryImageOfPage":{"@id":"https:\/\/suwine.at\/hr\/produkt\/a-h-riise-non-plus-ultra-black-edition-rum-42-vol-070l\/#primaryimage"},"image":{"@id":"https:\/\/suwine.at\/hr\/produkt\/a-h-riise-non-plus-ultra-black-edition-rum-42-vol-070l\/#primaryimage"},"thumbnailUrl":"https:\/\/suwine.at\/wp-content\/uploads\/2021\/03\/428D7E87-1DC3-4F89-8E45-8DE78910FBD5.jpg","datePublished":"2021-03-12T15:29:30+00:00","dateModified":"2026-03-30T20:06:36+00:00","description":"A.H. Riise Non Plus Ultra Black Edition Rum 42% vol. 0,70l. Die Black Edition wird von A.H. Riise als limitierte Edition herausgegeben.","breadcrumb":{"@id":"https:\/\/suwine.at\/hr\/produkt\/a-h-riise-non-plus-ultra-black-edition-rum-42-vol-070l\/#breadcrumb"},"inLanguage":"hr","potentialAction":[{"@type":"ReadAction","target":["https:\/\/suwine.at\/hr\/produkt\/a-h-riise-non-plus-ultra-black-edition-rum-42-vol-070l\/"]}]},{"@type":"ImageObject","inLanguage":"hr","@id":"https:\/\/suwine.at\/hr\/produkt\/a-h-riise-non-plus-ultra-black-edition-rum-42-vol-070l\/#primaryimage","url":"https:\/\/suwine.at\/wp-content\/uploads\/2021\/03\/428D7E87-1DC3-4F89-8E45-8DE78910FBD5.jpg","contentUrl":"https:\/\/suwine.at\/wp-content\/uploads\/2021\/03\/428D7E87-1DC3-4F89-8E45-8DE78910FBD5.jpg","width":1080,"height":1080,"caption":"A.h riise"},{"@type":"BreadcrumbList","@id":"https:\/\/suwine.at\/hr\/produkt\/a-h-riise-non-plus-ultra-black-edition-rum-42-vol-070l\/#breadcrumb","itemListElement":[{"@type":"ListItem","position":1,"name":"Startseite","item":"https:\/\/suwine.at\/hr\/"},{"@type":"ListItem","position":2,"name":"Shop","item":"https:\/\/suwine.at\/shop\/"},{"@type":"ListItem","position":3,"name":"A.H. Riise Non Plus Ultra Black Edition Rum 42% vol. 0,70l"}]},{"@type":"WebSite","@id":"https:\/\/suwine.at\/hr\/#website","url":"https:\/\/suwine.at\/hr\/","name":"Suwine - Suwi Zlatic","description":"Sommelier | Gourmet Play Store | Consulting","potentialAction":[{"@type":"SearchAction","target":{"@type":"EntryPoint","urlTemplate":"https:\/\/suwine.at\/hr\/?s={search_term_string}"},"query-input":{"@type":"PropertyValueSpecification","valueRequired":true,"valueName":"search_term_string"}}],"inLanguage":"hr"}]}},"_links":{"self":[{"href":"https:\/\/suwine.at\/hr\/wp-json\/wp\/v2\/product\/225033","targetHints":{"allow":["GET"]}}],"collection":[{"href":"https:\/\/suwine.at\/hr\/wp-json\/wp\/v2\/product"}],"about":[{"href":"https:\/\/suwine.at\/hr\/wp-json\/wp\/v2\/types\/product"}],"wp:featuredmedia":[{"embeddable":true,"href":"https:\/\/suwine.at\/hr\/wp-json\/wp\/v2\/media\/232481"}],"wp:attachment":[{"href":"https:\/\/suwine.at\/hr\/wp-json\/wp\/v2\/media?parent=225033"}],"wp:term":[{"taxonomy":"product_brand","embeddable":true,"href":"https:\/\/suwine.at\/hr\/wp-json\/wp\/v2\/product_brand?post=225033"},{"taxonomy":"product_cat","embeddable":true,"href":"https:\/\/suwine.at\/hr\/wp-json\/wp\/v2\/product_cat?post=225033"},{"taxonomy":"product_tag","embeddable":true,"href":"https:\/\/suwine.at\/hr\/wp-json\/wp\/v2\/product_tag?post=225033"}],"curies":[{"name":"wp","href":"https:\/\/api.w.org\/{rel}","templated":true}]}}