{"id":225372,"date":"2021-04-05T14:15:12","date_gmt":"2021-04-05T12:15:12","guid":{"rendered":"https:\/\/suwine.at\/?post_type=product&#038;p=225372"},"modified":"2023-11-24T13:56:02","modified_gmt":"2023-11-24T12:56:02","slug":"cupido-silvia-heinrich","status":"publish","type":"product","link":"https:\/\/suwine.at\/hr\/produkt\/cupido-silvia-heinrich\/","title":{"rendered":"Cupido &#8211; Weingut Silvia Heinrich"},"content":{"rendered":"<h2><strong>CUPIDO. <\/strong>Lateinisch \u201eBegierde\u201c.<\/h2>\n<p>Ein Blaufr\u00e4nkisch aus den besten F\u00e4ssern des Weinguts Silvia Heinreich aus Deutschkreutz im Burgenland.<\/p>\n<p><strong>Ihn gibt es nur in gro\u00dfen Rotweinjahren.<\/strong><br \/>\nAls H\u00f6hepunkt ihrer winzerischen Schaffenskraft. Ihm lassen sie Zeit zu reifen, Zeit zu werden.<br \/>\nUnd sie versehen jeden Jahrgang mit dem Beinamen eines k\u00fcnstlerischen Meisterwerks.<br \/>\nAls Ausdruck der Wertsch\u00e4tzung f\u00fcr diesen Wein.<\/p>\n<p>Cupido (auch Amor genannt), ist in der r\u00f6mischen Mythologie der Gott der Liebe (genauer: des Sichverliebens) und wird als halbw\u00fcchsiger Knabe dargestellt, der mit seinen Pfeilen ins Herz trifft und dadurch die Liebe erweckt.<\/p>\n<p>Der begehrte Rotwein erscheint seit dem Jahrgang 2000.<\/p>\n<p>Jeden Jahrgang ziert eine andere Skulptur am Etikett und auf der Verpackung, die die Liebe und Leidenschaft des Weinguts Silvia Heinrich (f\u00fcr den Blaufr\u00e4nkisch) widerspiegelt.<\/p>\n<span class=\"et_bloom_bottom_trigger\"><\/span>","protected":false},"excerpt":{"rendered":"<p>Ein Blaufr\u00e4nkisch aus den besten F\u00e4ssern des Weinguts Silvia Heinreich aus Deutschkreutz im Burgenland.<\/p>\n","protected":false},"featured_media":231964,"template":"","meta":{"_et_pb_use_builder":"","_et_pb_old_content":"","_et_gb_content_width":""},"product_brand":[],"product_cat":[209],"product_tag":[149,593,617,619],"class_list":{"0":"post-225372","1":"product","2":"type-product","3":"status-publish","4":"has-post-thumbnail","6":"product_cat-rotwein-oesterreich","7":"product_tag-oesterreich","8":"product_tag-blaufraenkisch","9":"product_tag-silvia-heinrich","10":"product_tag-cupido","12":"first","13":"outofstock","14":"taxable","15":"shipping-taxable","16":"purchasable","17":"product-type-variable","18":"has-default-attributes"},"yoast_head":"<!-- This site is optimized with the Yoast SEO plugin v27.2 - https:\/\/yoast.com\/product\/yoast-seo-wordpress\/ -->\n<title>Cupido - Weingut Silvia Heinrich - Suwine - Suwi Zlatic<\/title>\n<meta name=\"description\" content=\"CUPIDO. Lateinisch \u201eBegierde\u201c. Ein Blaufr\u00e4nkisch aus unseren besten F\u00e4ssern. Ihn gibt es nur in gro\u00dfen Rotweinjahren. Silvia Heinrich\" \/>\n<meta name=\"robots\" content=\"index, follow, max-snippet:-1, max-image-preview:large, max-video-preview:-1\" \/>\n<link rel=\"canonical\" href=\"https:\/\/suwine.at\/hr\/produkt\/cupido-silvia-heinrich\/\" \/>\n<meta property=\"og:locale\" content=\"hr_HR\" \/>\n<meta property=\"og:type\" content=\"article\" \/>\n<meta property=\"og:title\" content=\"Cupido - Weingut Silvia Heinrich - Suwine - Suwi Zlatic\" \/>\n<meta property=\"og:description\" content=\"CUPIDO. Lateinisch \u201eBegierde\u201c. Ein Blaufr\u00e4nkisch aus unseren besten F\u00e4ssern. Ihn gibt es nur in gro\u00dfen Rotweinjahren. Silvia Heinrich\" \/>\n<meta property=\"og:url\" content=\"https:\/\/suwine.at\/hr\/produkt\/cupido-silvia-heinrich\/\" \/>\n<meta property=\"og:site_name\" content=\"Suwine - Suwi Zlatic\" \/>\n<meta property=\"article:modified_time\" content=\"2023-11-24T12:56:02+00:00\" \/>\n<meta property=\"og:image\" content=\"https:\/\/suwine.at\/wp-content\/uploads\/2023\/03\/CF055687.jpg\" \/>\n\t<meta property=\"og:image:width\" content=\"1000\" \/>\n\t<meta property=\"og:image:height\" content=\"1000\" \/>\n\t<meta property=\"og:image:type\" content=\"image\/jpeg\" \/>\n<meta name=\"twitter:card\" content=\"summary_large_image\" \/>\n<meta name=\"twitter:label1\" content=\"Procijenjeno vrijeme \u010ditanja\" \/>\n\t<meta name=\"twitter:data1\" content=\"1 minuta\" \/>\n<script type=\"application\/ld+json\" class=\"yoast-schema-graph\">{\"@context\":\"https:\/\/schema.org\",\"@graph\":[{\"@type\":\"WebPage\",\"@id\":\"https:\/\/suwine.at\/hr\/produkt\/cupido-silvia-heinrich\/\",\"url\":\"https:\/\/suwine.at\/hr\/produkt\/cupido-silvia-heinrich\/\",\"name\":\"Cupido - Weingut Silvia Heinrich - Suwine - Suwi Zlatic\",\"isPartOf\":{\"@id\":\"https:\/\/suwine.at\/hr\/#website\"},\"primaryImageOfPage\":{\"@id\":\"https:\/\/suwine.at\/hr\/produkt\/cupido-silvia-heinrich\/#primaryimage\"},\"image\":{\"@id\":\"https:\/\/suwine.at\/hr\/produkt\/cupido-silvia-heinrich\/#primaryimage\"},\"thumbnailUrl\":\"https:\/\/suwine.at\/wp-content\/uploads\/2023\/03\/CF055687.jpg\",\"datePublished\":\"2021-04-05T12:15:12+00:00\",\"dateModified\":\"2023-11-24T12:56:02+00:00\",\"description\":\"CUPIDO. Lateinisch \u201eBegierde\u201c. Ein Blaufr\u00e4nkisch aus unseren besten F\u00e4ssern. Ihn gibt es nur in gro\u00dfen Rotweinjahren. Silvia Heinrich\",\"breadcrumb\":{\"@id\":\"https:\/\/suwine.at\/hr\/produkt\/cupido-silvia-heinrich\/#breadcrumb\"},\"inLanguage\":\"hr\",\"potentialAction\":[{\"@type\":\"ReadAction\",\"target\":[\"https:\/\/suwine.at\/hr\/produkt\/cupido-silvia-heinrich\/\"]}]},{\"@type\":\"ImageObject\",\"inLanguage\":\"hr\",\"@id\":\"https:\/\/suwine.at\/hr\/produkt\/cupido-silvia-heinrich\/#primaryimage\",\"url\":\"https:\/\/suwine.at\/wp-content\/uploads\/2023\/03\/CF055687.jpg\",\"contentUrl\":\"https:\/\/suwine.at\/wp-content\/uploads\/2023\/03\/CF055687.jpg\",\"width\":1000,\"height\":1000,\"caption\":\"Cupido\"},{\"@type\":\"BreadcrumbList\",\"@id\":\"https:\/\/suwine.at\/hr\/produkt\/cupido-silvia-heinrich\/#breadcrumb\",\"itemListElement\":[{\"@type\":\"ListItem\",\"position\":1,\"name\":\"Startseite\",\"item\":\"https:\/\/suwine.at\/hr\/\"},{\"@type\":\"ListItem\",\"position\":2,\"name\":\"Shop\",\"item\":\"https:\/\/suwine.at\/shop\/\"},{\"@type\":\"ListItem\",\"position\":3,\"name\":\"Cupido &#8211; Weingut Silvia Heinrich\"}]},{\"@type\":\"WebSite\",\"@id\":\"https:\/\/suwine.at\/hr\/#website\",\"url\":\"https:\/\/suwine.at\/hr\/\",\"name\":\"Suwine - Suwi Zlatic\",\"description\":\"Sommelier | Gourmet Play Store | Consulting\",\"potentialAction\":[{\"@type\":\"SearchAction\",\"target\":{\"@type\":\"EntryPoint\",\"urlTemplate\":\"https:\/\/suwine.at\/hr\/?s={search_term_string}\"},\"query-input\":{\"@type\":\"PropertyValueSpecification\",\"valueRequired\":true,\"valueName\":\"search_term_string\"}}],\"inLanguage\":\"hr\"}]}<\/script>\n<!-- \/ Yoast SEO plugin. -->","yoast_head_json":{"title":"Cupido - Weingut Silvia Heinrich - Suwine - Suwi Zlatic","description":"CUPIDO. Lateinisch \u201eBegierde\u201c. Ein Blaufr\u00e4nkisch aus unseren besten F\u00e4ssern. Ihn gibt es nur in gro\u00dfen Rotweinjahren. Silvia Heinrich","robots":{"index":"index","follow":"follow","max-snippet":"max-snippet:-1","max-image-preview":"max-image-preview:large","max-video-preview":"max-video-preview:-1"},"canonical":"https:\/\/suwine.at\/hr\/produkt\/cupido-silvia-heinrich\/","og_locale":"hr_HR","og_type":"article","og_title":"Cupido - Weingut Silvia Heinrich - Suwine - Suwi Zlatic","og_description":"CUPIDO. Lateinisch \u201eBegierde\u201c. Ein Blaufr\u00e4nkisch aus unseren besten F\u00e4ssern. Ihn gibt es nur in gro\u00dfen Rotweinjahren. Silvia Heinrich","og_url":"https:\/\/suwine.at\/hr\/produkt\/cupido-silvia-heinrich\/","og_site_name":"Suwine - Suwi Zlatic","article_modified_time":"2023-11-24T12:56:02+00:00","og_image":[{"width":1000,"height":1000,"url":"https:\/\/suwine.at\/wp-content\/uploads\/2023\/03\/CF055687.jpg","type":"image\/jpeg"}],"twitter_card":"summary_large_image","twitter_misc":{"Procijenjeno vrijeme \u010ditanja":"1 minuta"},"schema":{"@context":"https:\/\/schema.org","@graph":[{"@type":"WebPage","@id":"https:\/\/suwine.at\/hr\/produkt\/cupido-silvia-heinrich\/","url":"https:\/\/suwine.at\/hr\/produkt\/cupido-silvia-heinrich\/","name":"Cupido - Weingut Silvia Heinrich - Suwine - Suwi Zlatic","isPartOf":{"@id":"https:\/\/suwine.at\/hr\/#website"},"primaryImageOfPage":{"@id":"https:\/\/suwine.at\/hr\/produkt\/cupido-silvia-heinrich\/#primaryimage"},"image":{"@id":"https:\/\/suwine.at\/hr\/produkt\/cupido-silvia-heinrich\/#primaryimage"},"thumbnailUrl":"https:\/\/suwine.at\/wp-content\/uploads\/2023\/03\/CF055687.jpg","datePublished":"2021-04-05T12:15:12+00:00","dateModified":"2023-11-24T12:56:02+00:00","description":"CUPIDO. Lateinisch \u201eBegierde\u201c. Ein Blaufr\u00e4nkisch aus unseren besten F\u00e4ssern. Ihn gibt es nur in gro\u00dfen Rotweinjahren. Silvia Heinrich","breadcrumb":{"@id":"https:\/\/suwine.at\/hr\/produkt\/cupido-silvia-heinrich\/#breadcrumb"},"inLanguage":"hr","potentialAction":[{"@type":"ReadAction","target":["https:\/\/suwine.at\/hr\/produkt\/cupido-silvia-heinrich\/"]}]},{"@type":"ImageObject","inLanguage":"hr","@id":"https:\/\/suwine.at\/hr\/produkt\/cupido-silvia-heinrich\/#primaryimage","url":"https:\/\/suwine.at\/wp-content\/uploads\/2023\/03\/CF055687.jpg","contentUrl":"https:\/\/suwine.at\/wp-content\/uploads\/2023\/03\/CF055687.jpg","width":1000,"height":1000,"caption":"Cupido"},{"@type":"BreadcrumbList","@id":"https:\/\/suwine.at\/hr\/produkt\/cupido-silvia-heinrich\/#breadcrumb","itemListElement":[{"@type":"ListItem","position":1,"name":"Startseite","item":"https:\/\/suwine.at\/hr\/"},{"@type":"ListItem","position":2,"name":"Shop","item":"https:\/\/suwine.at\/shop\/"},{"@type":"ListItem","position":3,"name":"Cupido &#8211; Weingut Silvia Heinrich"}]},{"@type":"WebSite","@id":"https:\/\/suwine.at\/hr\/#website","url":"https:\/\/suwine.at\/hr\/","name":"Suwine - Suwi Zlatic","description":"Sommelier | Gourmet Play Store | Consulting","potentialAction":[{"@type":"SearchAction","target":{"@type":"EntryPoint","urlTemplate":"https:\/\/suwine.at\/hr\/?s={search_term_string}"},"query-input":{"@type":"PropertyValueSpecification","valueRequired":true,"valueName":"search_term_string"}}],"inLanguage":"hr"}]}},"_links":{"self":[{"href":"https:\/\/suwine.at\/hr\/wp-json\/wp\/v2\/product\/225372","targetHints":{"allow":["GET"]}}],"collection":[{"href":"https:\/\/suwine.at\/hr\/wp-json\/wp\/v2\/product"}],"about":[{"href":"https:\/\/suwine.at\/hr\/wp-json\/wp\/v2\/types\/product"}],"wp:featuredmedia":[{"embeddable":true,"href":"https:\/\/suwine.at\/hr\/wp-json\/wp\/v2\/media\/231964"}],"wp:attachment":[{"href":"https:\/\/suwine.at\/hr\/wp-json\/wp\/v2\/media?parent=225372"}],"wp:term":[{"taxonomy":"product_brand","embeddable":true,"href":"https:\/\/suwine.at\/hr\/wp-json\/wp\/v2\/product_brand?post=225372"},{"taxonomy":"product_cat","embeddable":true,"href":"https:\/\/suwine.at\/hr\/wp-json\/wp\/v2\/product_cat?post=225372"},{"taxonomy":"product_tag","embeddable":true,"href":"https:\/\/suwine.at\/hr\/wp-json\/wp\/v2\/product_tag?post=225372"}],"curies":[{"name":"wp","href":"https:\/\/api.w.org\/{rel}","templated":true}]}}