{"id":225752,"date":"2021-05-28T21:43:15","date_gmt":"2021-05-28T19:43:15","guid":{"rendered":"https:\/\/suwine.at\/?post_type=product&#038;p=225752"},"modified":"2025-02-06T17:23:24","modified_gmt":"2025-02-06T16:23:24","slug":"riesling-g-max-klaus-peter-keller-3","status":"publish","type":"product","link":"https:\/\/suwine.at\/hr\/produkt\/riesling-g-max-klaus-peter-keller-3\/","title":{"rendered":"Riesling G-MAX Klaus Peter Keller 2014"},"content":{"rendered":"<h2>Riesling G-MAX Klaus Peter Keller, ein Gigant mit Finesse. Gro\u00dfe Rarit\u00e4t die am Markt nur schwer erh\u00e4ltich ist.<\/h2>\n<ul>\n<li>Produzent:Klaus Peter Keller<\/li>\n<li>Herkunft: Deutschland<\/li>\n<li>Gebiet: Rheinhessen<\/li>\n<li>Rebsorten: Riesling<\/li>\n<li>Jahrgang:2014<\/li>\n<li>Alkohol: 12,5 Vol%<\/li>\n<li>Inhalt: 0,75ml<\/li>\n<\/ul>\n<span class=\"et_bloom_bottom_trigger\"><\/span>","protected":false},"excerpt":{"rendered":"<p>Riesling G-MAX Klaus Peter Keller, ein Gigant mit Finesse. Gro\u00dfe Rarit\u00e4t die am Markt nur schwer erh\u00e4ltich ist. 100 Punkte Decanter.<\/p>\n","protected":false},"featured_media":228214,"template":"","meta":{"_et_pb_use_builder":"","_et_pb_old_content":"","_et_gb_content_width":""},"product_brand":[],"product_cat":[112,191,212],"product_tag":[94,95,171,463],"class_list":{"0":"post-225752","1":"product","2":"type-product","3":"status-publish","4":"has-post-thumbnail","6":"product_cat-riesling","7":"product_cat-weisswein-raritaeten","8":"product_cat-weisswein-international","9":"product_tag-deutschland","10":"product_tag-rheinhessen","11":"product_tag-riesling","12":"product_tag-klaus-peter-keller","14":"first","15":"instock","16":"taxable","17":"shipping-taxable","18":"purchasable","19":"product-type-simple"},"yoast_head":"<!-- This site is optimized with the Yoast SEO plugin v27.2 - https:\/\/yoast.com\/product\/yoast-seo-wordpress\/ -->\n<title>Riesling G-MAX Klaus Peter Keller 2014 - Suwine - Suwi Zlatic<\/title>\n<meta name=\"description\" content=\"Riesling G-MAX Klaus Peter Keller, ein Gigant mit Finesse. Gro\u00dfe Rarit\u00e4t die am Markt nur schwer erh\u00e4ltich ist. 100 Punkte Decanter.\" \/>\n<meta name=\"robots\" content=\"index, follow, max-snippet:-1, max-image-preview:large, max-video-preview:-1\" \/>\n<link rel=\"canonical\" href=\"https:\/\/suwine.at\/hr\/produkt\/riesling-g-max-klaus-peter-keller-3\/\" \/>\n<meta property=\"og:locale\" content=\"hr_HR\" \/>\n<meta property=\"og:type\" content=\"article\" \/>\n<meta property=\"og:title\" content=\"Riesling G-MAX Klaus Peter Keller 2014 - Suwine - Suwi Zlatic\" \/>\n<meta property=\"og:description\" content=\"Riesling G-MAX Klaus Peter Keller, ein Gigant mit Finesse. Gro\u00dfe Rarit\u00e4t die am Markt nur schwer erh\u00e4ltich ist. 100 Punkte Decanter.\" \/>\n<meta property=\"og:url\" content=\"https:\/\/suwine.at\/hr\/produkt\/riesling-g-max-klaus-peter-keller-3\/\" \/>\n<meta property=\"og:site_name\" content=\"Suwine - Suwi Zlatic\" \/>\n<meta property=\"article:modified_time\" content=\"2025-02-06T16:23:24+00:00\" \/>\n<meta property=\"og:image\" content=\"https:\/\/suwine.at\/wp-content\/uploads\/2021\/05\/IMG_0067-copy.png\" \/>\n\t<meta property=\"og:image:width\" content=\"1000\" \/>\n\t<meta property=\"og:image:height\" content=\"1000\" \/>\n\t<meta property=\"og:image:type\" content=\"image\/png\" \/>\n<meta name=\"twitter:card\" content=\"summary_large_image\" \/>\n<meta name=\"twitter:label1\" content=\"Procijenjeno vrijeme \u010ditanja\" \/>\n\t<meta name=\"twitter:data1\" content=\"1 minuta\" \/>\n<script type=\"application\/ld+json\" class=\"yoast-schema-graph\">{\"@context\":\"https:\/\/schema.org\",\"@graph\":[{\"@type\":\"WebPage\",\"@id\":\"https:\/\/suwine.at\/hr\/produkt\/riesling-g-max-klaus-peter-keller-3\/\",\"url\":\"https:\/\/suwine.at\/hr\/produkt\/riesling-g-max-klaus-peter-keller-3\/\",\"name\":\"Riesling G-MAX Klaus Peter Keller 2014 - Suwine - Suwi Zlatic\",\"isPartOf\":{\"@id\":\"https:\/\/suwine.at\/hr\/#website\"},\"primaryImageOfPage\":{\"@id\":\"https:\/\/suwine.at\/hr\/produkt\/riesling-g-max-klaus-peter-keller-3\/#primaryimage\"},\"image\":{\"@id\":\"https:\/\/suwine.at\/hr\/produkt\/riesling-g-max-klaus-peter-keller-3\/#primaryimage\"},\"thumbnailUrl\":\"https:\/\/suwine.at\/wp-content\/uploads\/2021\/05\/IMG_0067-copy.png\",\"datePublished\":\"2021-05-28T19:43:15+00:00\",\"dateModified\":\"2025-02-06T16:23:24+00:00\",\"description\":\"Riesling G-MAX Klaus Peter Keller, ein Gigant mit Finesse. Gro\u00dfe Rarit\u00e4t die am Markt nur schwer erh\u00e4ltich ist. 100 Punkte Decanter.\",\"breadcrumb\":{\"@id\":\"https:\/\/suwine.at\/hr\/produkt\/riesling-g-max-klaus-peter-keller-3\/#breadcrumb\"},\"inLanguage\":\"hr\",\"potentialAction\":[{\"@type\":\"ReadAction\",\"target\":[\"https:\/\/suwine.at\/hr\/produkt\/riesling-g-max-klaus-peter-keller-3\/\"]}]},{\"@type\":\"ImageObject\",\"inLanguage\":\"hr\",\"@id\":\"https:\/\/suwine.at\/hr\/produkt\/riesling-g-max-klaus-peter-keller-3\/#primaryimage\",\"url\":\"https:\/\/suwine.at\/wp-content\/uploads\/2021\/05\/IMG_0067-copy.png\",\"contentUrl\":\"https:\/\/suwine.at\/wp-content\/uploads\/2021\/05\/IMG_0067-copy.png\",\"width\":1000,\"height\":1000,\"caption\":\"g max\"},{\"@type\":\"BreadcrumbList\",\"@id\":\"https:\/\/suwine.at\/hr\/produkt\/riesling-g-max-klaus-peter-keller-3\/#breadcrumb\",\"itemListElement\":[{\"@type\":\"ListItem\",\"position\":1,\"name\":\"Startseite\",\"item\":\"https:\/\/suwine.at\/hr\/\"},{\"@type\":\"ListItem\",\"position\":2,\"name\":\"Shop\",\"item\":\"https:\/\/suwine.at\/shop\/\"},{\"@type\":\"ListItem\",\"position\":3,\"name\":\"Riesling G-MAX Klaus Peter Keller 2014\"}]},{\"@type\":\"WebSite\",\"@id\":\"https:\/\/suwine.at\/hr\/#website\",\"url\":\"https:\/\/suwine.at\/hr\/\",\"name\":\"Suwine - Suwi Zlatic\",\"description\":\"Sommelier | Gourmet Play Store | Consulting\",\"potentialAction\":[{\"@type\":\"SearchAction\",\"target\":{\"@type\":\"EntryPoint\",\"urlTemplate\":\"https:\/\/suwine.at\/hr\/?s={search_term_string}\"},\"query-input\":{\"@type\":\"PropertyValueSpecification\",\"valueRequired\":true,\"valueName\":\"search_term_string\"}}],\"inLanguage\":\"hr\"}]}<\/script>\n<!-- \/ Yoast SEO plugin. -->","yoast_head_json":{"title":"Riesling G-MAX Klaus Peter Keller 2014 - Suwine - Suwi Zlatic","description":"Riesling G-MAX Klaus Peter Keller, ein Gigant mit Finesse. Gro\u00dfe Rarit\u00e4t die am Markt nur schwer erh\u00e4ltich ist. 100 Punkte Decanter.","robots":{"index":"index","follow":"follow","max-snippet":"max-snippet:-1","max-image-preview":"max-image-preview:large","max-video-preview":"max-video-preview:-1"},"canonical":"https:\/\/suwine.at\/hr\/produkt\/riesling-g-max-klaus-peter-keller-3\/","og_locale":"hr_HR","og_type":"article","og_title":"Riesling G-MAX Klaus Peter Keller 2014 - Suwine - Suwi Zlatic","og_description":"Riesling G-MAX Klaus Peter Keller, ein Gigant mit Finesse. Gro\u00dfe Rarit\u00e4t die am Markt nur schwer erh\u00e4ltich ist. 100 Punkte Decanter.","og_url":"https:\/\/suwine.at\/hr\/produkt\/riesling-g-max-klaus-peter-keller-3\/","og_site_name":"Suwine - Suwi Zlatic","article_modified_time":"2025-02-06T16:23:24+00:00","og_image":[{"width":1000,"height":1000,"url":"https:\/\/suwine.at\/wp-content\/uploads\/2021\/05\/IMG_0067-copy.png","type":"image\/png"}],"twitter_card":"summary_large_image","twitter_misc":{"Procijenjeno vrijeme \u010ditanja":"1 minuta"},"schema":{"@context":"https:\/\/schema.org","@graph":[{"@type":"WebPage","@id":"https:\/\/suwine.at\/hr\/produkt\/riesling-g-max-klaus-peter-keller-3\/","url":"https:\/\/suwine.at\/hr\/produkt\/riesling-g-max-klaus-peter-keller-3\/","name":"Riesling G-MAX Klaus Peter Keller 2014 - Suwine - Suwi Zlatic","isPartOf":{"@id":"https:\/\/suwine.at\/hr\/#website"},"primaryImageOfPage":{"@id":"https:\/\/suwine.at\/hr\/produkt\/riesling-g-max-klaus-peter-keller-3\/#primaryimage"},"image":{"@id":"https:\/\/suwine.at\/hr\/produkt\/riesling-g-max-klaus-peter-keller-3\/#primaryimage"},"thumbnailUrl":"https:\/\/suwine.at\/wp-content\/uploads\/2021\/05\/IMG_0067-copy.png","datePublished":"2021-05-28T19:43:15+00:00","dateModified":"2025-02-06T16:23:24+00:00","description":"Riesling G-MAX Klaus Peter Keller, ein Gigant mit Finesse. Gro\u00dfe Rarit\u00e4t die am Markt nur schwer erh\u00e4ltich ist. 100 Punkte Decanter.","breadcrumb":{"@id":"https:\/\/suwine.at\/hr\/produkt\/riesling-g-max-klaus-peter-keller-3\/#breadcrumb"},"inLanguage":"hr","potentialAction":[{"@type":"ReadAction","target":["https:\/\/suwine.at\/hr\/produkt\/riesling-g-max-klaus-peter-keller-3\/"]}]},{"@type":"ImageObject","inLanguage":"hr","@id":"https:\/\/suwine.at\/hr\/produkt\/riesling-g-max-klaus-peter-keller-3\/#primaryimage","url":"https:\/\/suwine.at\/wp-content\/uploads\/2021\/05\/IMG_0067-copy.png","contentUrl":"https:\/\/suwine.at\/wp-content\/uploads\/2021\/05\/IMG_0067-copy.png","width":1000,"height":1000,"caption":"g max"},{"@type":"BreadcrumbList","@id":"https:\/\/suwine.at\/hr\/produkt\/riesling-g-max-klaus-peter-keller-3\/#breadcrumb","itemListElement":[{"@type":"ListItem","position":1,"name":"Startseite","item":"https:\/\/suwine.at\/hr\/"},{"@type":"ListItem","position":2,"name":"Shop","item":"https:\/\/suwine.at\/shop\/"},{"@type":"ListItem","position":3,"name":"Riesling G-MAX Klaus Peter Keller 2014"}]},{"@type":"WebSite","@id":"https:\/\/suwine.at\/hr\/#website","url":"https:\/\/suwine.at\/hr\/","name":"Suwine - Suwi Zlatic","description":"Sommelier | Gourmet Play Store | Consulting","potentialAction":[{"@type":"SearchAction","target":{"@type":"EntryPoint","urlTemplate":"https:\/\/suwine.at\/hr\/?s={search_term_string}"},"query-input":{"@type":"PropertyValueSpecification","valueRequired":true,"valueName":"search_term_string"}}],"inLanguage":"hr"}]}},"_links":{"self":[{"href":"https:\/\/suwine.at\/hr\/wp-json\/wp\/v2\/product\/225752","targetHints":{"allow":["GET"]}}],"collection":[{"href":"https:\/\/suwine.at\/hr\/wp-json\/wp\/v2\/product"}],"about":[{"href":"https:\/\/suwine.at\/hr\/wp-json\/wp\/v2\/types\/product"}],"wp:featuredmedia":[{"embeddable":true,"href":"https:\/\/suwine.at\/hr\/wp-json\/wp\/v2\/media\/228214"}],"wp:attachment":[{"href":"https:\/\/suwine.at\/hr\/wp-json\/wp\/v2\/media?parent=225752"}],"wp:term":[{"taxonomy":"product_brand","embeddable":true,"href":"https:\/\/suwine.at\/hr\/wp-json\/wp\/v2\/product_brand?post=225752"},{"taxonomy":"product_cat","embeddable":true,"href":"https:\/\/suwine.at\/hr\/wp-json\/wp\/v2\/product_cat?post=225752"},{"taxonomy":"product_tag","embeddable":true,"href":"https:\/\/suwine.at\/hr\/wp-json\/wp\/v2\/product_tag?post=225752"}],"curies":[{"name":"wp","href":"https:\/\/api.w.org\/{rel}","templated":true}]}}