{"id":226309,"date":"2021-10-22T16:24:14","date_gmt":"2021-10-22T14:24:14","guid":{"rendered":"https:\/\/suwine.at\/?post_type=product&#038;p=226309"},"modified":"2025-09-22T14:39:42","modified_gmt":"2025-09-22T12:39:42","slug":"firscher-weisser-istrischer-trueffel-tuber-magnatum-pico","status":"publish","type":"product","link":"https:\/\/suwine.at\/hr\/produkt\/firscher-weisser-istrischer-trueffel-tuber-magnatum-pico\/","title":{"rendered":"Frischer wei\u00dfer Tr\u00fcffel aus Istrien (Tuber Magnatum Pico)"},"content":{"rendered":"<h2>Das wei\u00dfe Gold aus Istrien &#8211; Tr\u00fcffelgenuss pur<\/h2>\n<p>Unseren <strong>frischen, wei\u00dfen Tr\u00fcffel aus Istrien<\/strong> <em>(botanische Bezeichnung: Tuber Magnatum Pico) <\/em>kannst du zum <strong>Wochenpreis in 50 Gramm Portionen*<\/strong> bestellen.<\/p>\n<p>Per <strong>Express-Versand<\/strong> und <strong>gek\u00fchlt in der Thermobox<\/strong>.<\/p>\n<p>Vermutlich wirst du ihn aber bereits nach wenigen Tagen aufgebraucht haben, wenn du mit ihm <strong>Gerichte aller Art<\/strong> veredelst und ihnen zum <strong>wahren Geschmacksexplosionen und Gaumengen\u00fcssen<\/strong> verhilfst.<\/p>\n<p>Ob \u00fcber <strong>Pasta-Gerichte<\/strong> oder als Kr\u00f6nung eines edlen <strong>Beef Tatars<\/strong> &#8211; der K\u00f6nig der Pilze adelt jedes Gericht.<br \/>\nExquisiter Genuss f\u00fcr dich oder deine G\u00e4ste.<br \/>\nSowohl in der Haubenk\u00fcche und Sternegastronomie wie auch in deiner privaten Gourmet-K\u00fcche.<\/p>\n<p><strong>ACHTUNG!! &#8211; Lieferung nach Verf\u00fcgbarkeit, innerhalb 7 Werktage.<\/strong><\/p>\n<p>DA ES SICH UM SENSIBLE WARE HANDELT, BITTEN WIR DICH DEINE TELEFONNUMMER BEI DER BESTELLUNG BEKANNTZUGEBEN, DIE AUSSCHLIE\u00dfLICH ZUR KONTAKTAUFNAHME BEI DER ANLIEFERUNG VERWENDET WIRD.<\/p>\n<p>REKLAMATIONEN WERDEN NUR ANERKANNT WENN DIESE DIREKT NACH DER ANLIEFERUNG SP\u00c4TESTEN BIS 22 UHR DES ANLIEFERUNG-TAGES GELTEND GEMACHT WERDEN.<\/p>\n<p>DIE VERANTWORTUNG F\u00dcR DIE ERREICHBARKEIT BEI DER ANLIEFERUNG, K\u00d6NNEN WIR LEIDER NICHT \u00dcBERNEHMEN.<\/p>\n<p>DIREKT NACH DER ERFOLGREICHEN BESTELLUNG BEKOMMEN SIE DIE TRACKING NUMMER MIT DER SIE DIE SENDUNG VERFOLGEN K\u00d6NNEN.<\/p>\n<p>WIR BEDANKEN UNS F\u00dcR DAS VERST\u00c4NDNIS<\/p>\n<p>&nbsp;<\/p>\n<span class=\"et_bloom_bottom_trigger\"><\/span>","protected":false},"excerpt":{"rendered":"<p><strong>Botanische Bezeichnung: Tuber Magnatum Pico<br \/>\n<\/strong><strong>Reifezeit &amp; Verf\u00fcgbarkeit (frisch): September bis Ende Dezember<\/strong><br \/>\n<strong>Portionsgr\u00f6\u00dfe: 50 Gramm<br \/>\n<\/strong><em>Wochenpreis<\/em><\/p>\n","protected":false},"featured_media":231611,"template":"","meta":{"_et_pb_use_builder":"","_et_pb_old_content":"","_et_gb_content_width":""},"product_brand":[],"product_cat":[235],"product_tag":[323,391,89],"class_list":{"0":"post-226309","1":"product","2":"type-product","3":"status-publish","4":"has-post-thumbnail","6":"product_cat-frische-trueffel","7":"product_tag-weisser-trueffel","8":"product_tag-istrien","9":"product_tag-frischer-trueffel","10":"product_shipping_class-frische-trueffel","12":"first","13":"outofstock","14":"sale","15":"taxable","16":"shipping-taxable","17":"purchasable","18":"product-type-simple"},"yoast_head":"<!-- This site is optimized with the Yoast SEO plugin v27.2 - https:\/\/yoast.com\/product\/yoast-seo-wordpress\/ -->\n<title>Frischer wei\u00dfer Tr\u00fcffel aus Istrien (Tuber Magnatum Pico) - Suwine - Suwi Zlatic<\/title>\n<meta name=\"description\" content=\"WEISSER TR\u00dcFFEL (TUBER MAGNATUM PICO)\" \/>\n<meta name=\"robots\" content=\"index, follow, max-snippet:-1, max-image-preview:large, max-video-preview:-1\" \/>\n<link rel=\"canonical\" href=\"https:\/\/suwine.at\/hr\/produkt\/firscher-weisser-istrischer-trueffel-tuber-magnatum-pico\/\" \/>\n<meta property=\"og:locale\" content=\"hr_HR\" \/>\n<meta property=\"og:type\" content=\"article\" \/>\n<meta property=\"og:title\" content=\"Frischer wei\u00dfer Tr\u00fcffel aus Istrien (Tuber Magnatum Pico) - Suwine - Suwi Zlatic\" \/>\n<meta property=\"og:description\" content=\"WEISSER TR\u00dcFFEL (TUBER MAGNATUM PICO)\" \/>\n<meta property=\"og:url\" content=\"https:\/\/suwine.at\/hr\/produkt\/firscher-weisser-istrischer-trueffel-tuber-magnatum-pico\/\" \/>\n<meta property=\"og:site_name\" content=\"Suwine - Suwi Zlatic\" \/>\n<meta property=\"article:modified_time\" content=\"2025-09-22T12:39:42+00:00\" \/>\n<meta property=\"og:image\" content=\"https:\/\/suwine.at\/wp-content\/uploads\/2022\/01\/CF055206.jpg\" \/>\n\t<meta property=\"og:image:width\" content=\"1000\" \/>\n\t<meta property=\"og:image:height\" content=\"1000\" \/>\n\t<meta property=\"og:image:type\" content=\"image\/jpeg\" \/>\n<meta name=\"twitter:card\" content=\"summary_large_image\" \/>\n<meta name=\"twitter:label1\" content=\"Procijenjeno vrijeme \u010ditanja\" \/>\n\t<meta name=\"twitter:data1\" content=\"2 minute\" \/>\n<script type=\"application\/ld+json\" class=\"yoast-schema-graph\">{\"@context\":\"https:\/\/schema.org\",\"@graph\":[{\"@type\":\"WebPage\",\"@id\":\"https:\/\/suwine.at\/hr\/produkt\/firscher-weisser-istrischer-trueffel-tuber-magnatum-pico\/\",\"url\":\"https:\/\/suwine.at\/hr\/produkt\/firscher-weisser-istrischer-trueffel-tuber-magnatum-pico\/\",\"name\":\"Frischer wei\u00dfer Tr\u00fcffel aus Istrien (Tuber Magnatum Pico) - Suwine - Suwi Zlatic\",\"isPartOf\":{\"@id\":\"https:\/\/suwine.at\/hr\/#website\"},\"primaryImageOfPage\":{\"@id\":\"https:\/\/suwine.at\/hr\/produkt\/firscher-weisser-istrischer-trueffel-tuber-magnatum-pico\/#primaryimage\"},\"image\":{\"@id\":\"https:\/\/suwine.at\/hr\/produkt\/firscher-weisser-istrischer-trueffel-tuber-magnatum-pico\/#primaryimage\"},\"thumbnailUrl\":\"https:\/\/suwine.at\/wp-content\/uploads\/2022\/01\/CF055206.jpg\",\"datePublished\":\"2021-10-22T14:24:14+00:00\",\"dateModified\":\"2025-09-22T12:39:42+00:00\",\"description\":\"WEISSER TR\u00dcFFEL (TUBER MAGNATUM PICO)\",\"breadcrumb\":{\"@id\":\"https:\/\/suwine.at\/hr\/produkt\/firscher-weisser-istrischer-trueffel-tuber-magnatum-pico\/#breadcrumb\"},\"inLanguage\":\"hr\",\"potentialAction\":[{\"@type\":\"ReadAction\",\"target\":[\"https:\/\/suwine.at\/hr\/produkt\/firscher-weisser-istrischer-trueffel-tuber-magnatum-pico\/\"]}]},{\"@type\":\"ImageObject\",\"inLanguage\":\"hr\",\"@id\":\"https:\/\/suwine.at\/hr\/produkt\/firscher-weisser-istrischer-trueffel-tuber-magnatum-pico\/#primaryimage\",\"url\":\"https:\/\/suwine.at\/wp-content\/uploads\/2022\/01\/CF055206.jpg\",\"contentUrl\":\"https:\/\/suwine.at\/wp-content\/uploads\/2022\/01\/CF055206.jpg\",\"width\":1000,\"height\":1000,\"caption\":\"weisser Tr\u00fcffel\"},{\"@type\":\"BreadcrumbList\",\"@id\":\"https:\/\/suwine.at\/hr\/produkt\/firscher-weisser-istrischer-trueffel-tuber-magnatum-pico\/#breadcrumb\",\"itemListElement\":[{\"@type\":\"ListItem\",\"position\":1,\"name\":\"Startseite\",\"item\":\"https:\/\/suwine.at\/hr\/\"},{\"@type\":\"ListItem\",\"position\":2,\"name\":\"Shop\",\"item\":\"https:\/\/suwine.at\/shop\/\"},{\"@type\":\"ListItem\",\"position\":3,\"name\":\"Frischer wei\u00dfer Tr\u00fcffel aus Istrien (Tuber Magnatum Pico)\"}]},{\"@type\":\"WebSite\",\"@id\":\"https:\/\/suwine.at\/hr\/#website\",\"url\":\"https:\/\/suwine.at\/hr\/\",\"name\":\"Suwine - Suwi Zlatic\",\"description\":\"Sommelier | Gourmet Play Store | Consulting\",\"potentialAction\":[{\"@type\":\"SearchAction\",\"target\":{\"@type\":\"EntryPoint\",\"urlTemplate\":\"https:\/\/suwine.at\/hr\/?s={search_term_string}\"},\"query-input\":{\"@type\":\"PropertyValueSpecification\",\"valueRequired\":true,\"valueName\":\"search_term_string\"}}],\"inLanguage\":\"hr\"}]}<\/script>\n<!-- \/ Yoast SEO plugin. -->","yoast_head_json":{"title":"Frischer wei\u00dfer Tr\u00fcffel aus Istrien (Tuber Magnatum Pico) - Suwine - Suwi Zlatic","description":"WEISSER TR\u00dcFFEL (TUBER MAGNATUM PICO)","robots":{"index":"index","follow":"follow","max-snippet":"max-snippet:-1","max-image-preview":"max-image-preview:large","max-video-preview":"max-video-preview:-1"},"canonical":"https:\/\/suwine.at\/hr\/produkt\/firscher-weisser-istrischer-trueffel-tuber-magnatum-pico\/","og_locale":"hr_HR","og_type":"article","og_title":"Frischer wei\u00dfer Tr\u00fcffel aus Istrien (Tuber Magnatum Pico) - Suwine - Suwi Zlatic","og_description":"WEISSER TR\u00dcFFEL (TUBER MAGNATUM PICO)","og_url":"https:\/\/suwine.at\/hr\/produkt\/firscher-weisser-istrischer-trueffel-tuber-magnatum-pico\/","og_site_name":"Suwine - Suwi Zlatic","article_modified_time":"2025-09-22T12:39:42+00:00","og_image":[{"width":1000,"height":1000,"url":"https:\/\/suwine.at\/wp-content\/uploads\/2022\/01\/CF055206.jpg","type":"image\/jpeg"}],"twitter_card":"summary_large_image","twitter_misc":{"Procijenjeno vrijeme \u010ditanja":"2 minute"},"schema":{"@context":"https:\/\/schema.org","@graph":[{"@type":"WebPage","@id":"https:\/\/suwine.at\/hr\/produkt\/firscher-weisser-istrischer-trueffel-tuber-magnatum-pico\/","url":"https:\/\/suwine.at\/hr\/produkt\/firscher-weisser-istrischer-trueffel-tuber-magnatum-pico\/","name":"Frischer wei\u00dfer Tr\u00fcffel aus Istrien (Tuber Magnatum Pico) - Suwine - Suwi Zlatic","isPartOf":{"@id":"https:\/\/suwine.at\/hr\/#website"},"primaryImageOfPage":{"@id":"https:\/\/suwine.at\/hr\/produkt\/firscher-weisser-istrischer-trueffel-tuber-magnatum-pico\/#primaryimage"},"image":{"@id":"https:\/\/suwine.at\/hr\/produkt\/firscher-weisser-istrischer-trueffel-tuber-magnatum-pico\/#primaryimage"},"thumbnailUrl":"https:\/\/suwine.at\/wp-content\/uploads\/2022\/01\/CF055206.jpg","datePublished":"2021-10-22T14:24:14+00:00","dateModified":"2025-09-22T12:39:42+00:00","description":"WEISSER TR\u00dcFFEL (TUBER MAGNATUM PICO)","breadcrumb":{"@id":"https:\/\/suwine.at\/hr\/produkt\/firscher-weisser-istrischer-trueffel-tuber-magnatum-pico\/#breadcrumb"},"inLanguage":"hr","potentialAction":[{"@type":"ReadAction","target":["https:\/\/suwine.at\/hr\/produkt\/firscher-weisser-istrischer-trueffel-tuber-magnatum-pico\/"]}]},{"@type":"ImageObject","inLanguage":"hr","@id":"https:\/\/suwine.at\/hr\/produkt\/firscher-weisser-istrischer-trueffel-tuber-magnatum-pico\/#primaryimage","url":"https:\/\/suwine.at\/wp-content\/uploads\/2022\/01\/CF055206.jpg","contentUrl":"https:\/\/suwine.at\/wp-content\/uploads\/2022\/01\/CF055206.jpg","width":1000,"height":1000,"caption":"weisser Tr\u00fcffel"},{"@type":"BreadcrumbList","@id":"https:\/\/suwine.at\/hr\/produkt\/firscher-weisser-istrischer-trueffel-tuber-magnatum-pico\/#breadcrumb","itemListElement":[{"@type":"ListItem","position":1,"name":"Startseite","item":"https:\/\/suwine.at\/hr\/"},{"@type":"ListItem","position":2,"name":"Shop","item":"https:\/\/suwine.at\/shop\/"},{"@type":"ListItem","position":3,"name":"Frischer wei\u00dfer Tr\u00fcffel aus Istrien (Tuber Magnatum Pico)"}]},{"@type":"WebSite","@id":"https:\/\/suwine.at\/hr\/#website","url":"https:\/\/suwine.at\/hr\/","name":"Suwine - Suwi Zlatic","description":"Sommelier | Gourmet Play Store | Consulting","potentialAction":[{"@type":"SearchAction","target":{"@type":"EntryPoint","urlTemplate":"https:\/\/suwine.at\/hr\/?s={search_term_string}"},"query-input":{"@type":"PropertyValueSpecification","valueRequired":true,"valueName":"search_term_string"}}],"inLanguage":"hr"}]}},"_links":{"self":[{"href":"https:\/\/suwine.at\/hr\/wp-json\/wp\/v2\/product\/226309","targetHints":{"allow":["GET"]}}],"collection":[{"href":"https:\/\/suwine.at\/hr\/wp-json\/wp\/v2\/product"}],"about":[{"href":"https:\/\/suwine.at\/hr\/wp-json\/wp\/v2\/types\/product"}],"wp:featuredmedia":[{"embeddable":true,"href":"https:\/\/suwine.at\/hr\/wp-json\/wp\/v2\/media\/231611"}],"wp:attachment":[{"href":"https:\/\/suwine.at\/hr\/wp-json\/wp\/v2\/media?parent=226309"}],"wp:term":[{"taxonomy":"product_brand","embeddable":true,"href":"https:\/\/suwine.at\/hr\/wp-json\/wp\/v2\/product_brand?post=226309"},{"taxonomy":"product_cat","embeddable":true,"href":"https:\/\/suwine.at\/hr\/wp-json\/wp\/v2\/product_cat?post=226309"},{"taxonomy":"product_tag","embeddable":true,"href":"https:\/\/suwine.at\/hr\/wp-json\/wp\/v2\/product_tag?post=226309"}],"curies":[{"name":"wp","href":"https:\/\/api.w.org\/{rel}","templated":true}]}}