{"id":226682,"date":"2021-12-14T07:46:17","date_gmt":"2021-12-14T06:46:17","guid":{"rendered":"https:\/\/suwine.at\/?post_type=product&#038;p=226682"},"modified":"2024-03-18T11:22:33","modified_gmt":"2024-03-18T10:22:33","slug":"geschenkbox-1","status":"publish","type":"product","link":"https:\/\/suwine.at\/hr\/produkt\/geschenkbox-1\/","title":{"rendered":"Geschenkbox &#8220;Silber&#8221;"},"content":{"rendered":"<h2>Die Box f\u00fcr Gourmets und Genie\u00dfer<\/h2>\n<p>Ob zum Kennenlernen unserer GENIUS tartufi Premium Tr\u00fcffelprodukte oder als gern gesehenes Geschenk.<br \/>\nDie Geschenkbox &#8220;Silber&#8221; ist daf\u00fcr bestens geeignet!<\/p>\n<h3>Inhalt<\/h3>\n<ul>\n<li><strong>1 x Weisses Gold 80g<\/strong><\/li>\n<li><strong>1 x Istrische Salami mit Tr\u00fcffel 167 g<\/strong><\/li>\n<li><strong>1 x Oliven\u00f6l mit weissem Tr\u00fcffel 250ml<\/strong><\/li>\n<li><strong>1 x Tr\u00fcffelpesto schwarz 80 g<\/strong><\/li>\n<li><strong>1 x Honig mit weissem Tr\u00fcffel 80 g<\/strong><\/li>\n<li><strong>2 x Tr\u00fcffelchips 125 g<\/strong><\/li>\n<\/ul>\n<p><strong>Gesamt-Warenwert bei Einzelkauf: \u20ac 75,-<\/strong><\/p>\n<p>Versand kostenlos.<br \/>\nLandeck und Umgebung Lieferung nach Vereinbarung, am Tag der Bestellung m\u00f6glich.<\/p>\n<span class=\"et_bloom_bottom_trigger\"><\/span>","protected":false},"excerpt":{"rendered":"<h2>Die Box f\u00fcr Gourmets und Genie\u00dfer<\/h2>\n<p>Ob zum Kennenlernen unserer GENIUS tartufi Premium Tr\u00fcffelprodukte oder als gern gesehenes Geschenk.<br \/>\nDie Geschenkbox &#8220;Silber&#8221; ist daf\u00fcr bestens geeignet!<\/p>\n<p><strong>Gesamt-Warenwert bei Einzelkauf: \u20ac 75,-<\/strong><\/p>\n","protected":false},"featured_media":232634,"template":"","meta":{"_et_pb_use_builder":"","_et_pb_old_content":"","_et_gb_content_width":""},"product_brand":[],"product_cat":[48,189,286],"product_tag":[241,311],"class_list":{"0":"post-226682","1":"product","2":"type-product","3":"status-publish","4":"has-post-thumbnail","6":"product_cat-genius-tartufi","7":"product_cat-gourmetboxen","8":"product_cat-geschenke","9":"product_tag-delikatessen","10":"product_tag-geschenk-paket","12":"first","13":"instock","14":"taxable","15":"shipping-taxable","16":"purchasable","17":"product-type-simple"},"yoast_head":"<!-- This site is optimized with the Yoast SEO plugin v27.2 - https:\/\/yoast.com\/product\/yoast-seo-wordpress\/ -->\n<title>Geschenkbox &quot;Silber&quot; - Suwine - Suwi Zlatic<\/title>\n<meta name=\"description\" content=\"Die Box f\u00fcr Gourmets und Genie\u00dfer Ob zum Kennenlernen unserer GENIUS tartufi Premium Tr\u00fcffelprodukte oder als gern gesehenes Geschenk.\" \/>\n<meta name=\"robots\" content=\"index, follow, max-snippet:-1, max-image-preview:large, max-video-preview:-1\" \/>\n<link rel=\"canonical\" href=\"https:\/\/suwine.at\/hr\/produkt\/geschenkbox-1\/\" \/>\n<meta property=\"og:locale\" content=\"hr_HR\" \/>\n<meta property=\"og:type\" content=\"article\" \/>\n<meta property=\"og:title\" content=\"Geschenkbox &quot;Silber&quot; - Suwine - Suwi Zlatic\" \/>\n<meta property=\"og:description\" content=\"Die Box f\u00fcr Gourmets und Genie\u00dfer Ob zum Kennenlernen unserer GENIUS tartufi Premium Tr\u00fcffelprodukte oder als gern gesehenes Geschenk.\" \/>\n<meta property=\"og:url\" content=\"https:\/\/suwine.at\/hr\/produkt\/geschenkbox-1\/\" \/>\n<meta property=\"og:site_name\" content=\"Suwine - Suwi Zlatic\" \/>\n<meta property=\"article:modified_time\" content=\"2024-03-18T10:22:33+00:00\" \/>\n<meta property=\"og:image\" content=\"https:\/\/suwine.at\/wp-content\/uploads\/2021\/12\/A10E6535-9A4C-48AA-9D0F-167257A4B38E.jpg\" \/>\n\t<meta property=\"og:image:width\" content=\"1080\" \/>\n\t<meta property=\"og:image:height\" content=\"1080\" \/>\n\t<meta property=\"og:image:type\" content=\"image\/jpeg\" \/>\n<meta name=\"twitter:card\" content=\"summary_large_image\" \/>\n<meta name=\"twitter:label1\" content=\"Procijenjeno vrijeme \u010ditanja\" \/>\n\t<meta name=\"twitter:data1\" content=\"1 minuta\" \/>\n<script type=\"application\/ld+json\" class=\"yoast-schema-graph\">{\"@context\":\"https:\/\/schema.org\",\"@graph\":[{\"@type\":\"WebPage\",\"@id\":\"https:\/\/suwine.at\/hr\/produkt\/geschenkbox-1\/\",\"url\":\"https:\/\/suwine.at\/hr\/produkt\/geschenkbox-1\/\",\"name\":\"Geschenkbox \\\"Silber\\\" - Suwine - Suwi Zlatic\",\"isPartOf\":{\"@id\":\"https:\/\/suwine.at\/hr\/#website\"},\"primaryImageOfPage\":{\"@id\":\"https:\/\/suwine.at\/hr\/produkt\/geschenkbox-1\/#primaryimage\"},\"image\":{\"@id\":\"https:\/\/suwine.at\/hr\/produkt\/geschenkbox-1\/#primaryimage\"},\"thumbnailUrl\":\"https:\/\/suwine.at\/wp-content\/uploads\/2021\/12\/A10E6535-9A4C-48AA-9D0F-167257A4B38E.jpg\",\"datePublished\":\"2021-12-14T06:46:17+00:00\",\"dateModified\":\"2024-03-18T10:22:33+00:00\",\"description\":\"Die Box f\u00fcr Gourmets und Genie\u00dfer Ob zum Kennenlernen unserer GENIUS tartufi Premium Tr\u00fcffelprodukte oder als gern gesehenes Geschenk.\",\"breadcrumb\":{\"@id\":\"https:\/\/suwine.at\/hr\/produkt\/geschenkbox-1\/#breadcrumb\"},\"inLanguage\":\"hr\",\"potentialAction\":[{\"@type\":\"ReadAction\",\"target\":[\"https:\/\/suwine.at\/hr\/produkt\/geschenkbox-1\/\"]}]},{\"@type\":\"ImageObject\",\"inLanguage\":\"hr\",\"@id\":\"https:\/\/suwine.at\/hr\/produkt\/geschenkbox-1\/#primaryimage\",\"url\":\"https:\/\/suwine.at\/wp-content\/uploads\/2021\/12\/A10E6535-9A4C-48AA-9D0F-167257A4B38E.jpg\",\"contentUrl\":\"https:\/\/suwine.at\/wp-content\/uploads\/2021\/12\/A10E6535-9A4C-48AA-9D0F-167257A4B38E.jpg\",\"width\":1080,\"height\":1080,\"caption\":\"Geschenkbox \\\"Silber\\\"\"},{\"@type\":\"BreadcrumbList\",\"@id\":\"https:\/\/suwine.at\/hr\/produkt\/geschenkbox-1\/#breadcrumb\",\"itemListElement\":[{\"@type\":\"ListItem\",\"position\":1,\"name\":\"Startseite\",\"item\":\"https:\/\/suwine.at\/hr\/\"},{\"@type\":\"ListItem\",\"position\":2,\"name\":\"Shop\",\"item\":\"https:\/\/suwine.at\/shop\/\"},{\"@type\":\"ListItem\",\"position\":3,\"name\":\"Geschenkbox &#8220;Silber&#8221;\"}]},{\"@type\":\"WebSite\",\"@id\":\"https:\/\/suwine.at\/hr\/#website\",\"url\":\"https:\/\/suwine.at\/hr\/\",\"name\":\"Suwine - Suwi Zlatic\",\"description\":\"Sommelier | Gourmet Play Store | Consulting\",\"potentialAction\":[{\"@type\":\"SearchAction\",\"target\":{\"@type\":\"EntryPoint\",\"urlTemplate\":\"https:\/\/suwine.at\/hr\/?s={search_term_string}\"},\"query-input\":{\"@type\":\"PropertyValueSpecification\",\"valueRequired\":true,\"valueName\":\"search_term_string\"}}],\"inLanguage\":\"hr\"}]}<\/script>\n<!-- \/ Yoast SEO plugin. -->","yoast_head_json":{"title":"Geschenkbox \"Silber\" - Suwine - Suwi Zlatic","description":"Die Box f\u00fcr Gourmets und Genie\u00dfer Ob zum Kennenlernen unserer GENIUS tartufi Premium Tr\u00fcffelprodukte oder als gern gesehenes Geschenk.","robots":{"index":"index","follow":"follow","max-snippet":"max-snippet:-1","max-image-preview":"max-image-preview:large","max-video-preview":"max-video-preview:-1"},"canonical":"https:\/\/suwine.at\/hr\/produkt\/geschenkbox-1\/","og_locale":"hr_HR","og_type":"article","og_title":"Geschenkbox \"Silber\" - Suwine - Suwi Zlatic","og_description":"Die Box f\u00fcr Gourmets und Genie\u00dfer Ob zum Kennenlernen unserer GENIUS tartufi Premium Tr\u00fcffelprodukte oder als gern gesehenes Geschenk.","og_url":"https:\/\/suwine.at\/hr\/produkt\/geschenkbox-1\/","og_site_name":"Suwine - Suwi Zlatic","article_modified_time":"2024-03-18T10:22:33+00:00","og_image":[{"width":1080,"height":1080,"url":"https:\/\/suwine.at\/wp-content\/uploads\/2021\/12\/A10E6535-9A4C-48AA-9D0F-167257A4B38E.jpg","type":"image\/jpeg"}],"twitter_card":"summary_large_image","twitter_misc":{"Procijenjeno vrijeme \u010ditanja":"1 minuta"},"schema":{"@context":"https:\/\/schema.org","@graph":[{"@type":"WebPage","@id":"https:\/\/suwine.at\/hr\/produkt\/geschenkbox-1\/","url":"https:\/\/suwine.at\/hr\/produkt\/geschenkbox-1\/","name":"Geschenkbox \"Silber\" - Suwine - Suwi Zlatic","isPartOf":{"@id":"https:\/\/suwine.at\/hr\/#website"},"primaryImageOfPage":{"@id":"https:\/\/suwine.at\/hr\/produkt\/geschenkbox-1\/#primaryimage"},"image":{"@id":"https:\/\/suwine.at\/hr\/produkt\/geschenkbox-1\/#primaryimage"},"thumbnailUrl":"https:\/\/suwine.at\/wp-content\/uploads\/2021\/12\/A10E6535-9A4C-48AA-9D0F-167257A4B38E.jpg","datePublished":"2021-12-14T06:46:17+00:00","dateModified":"2024-03-18T10:22:33+00:00","description":"Die Box f\u00fcr Gourmets und Genie\u00dfer Ob zum Kennenlernen unserer GENIUS tartufi Premium Tr\u00fcffelprodukte oder als gern gesehenes Geschenk.","breadcrumb":{"@id":"https:\/\/suwine.at\/hr\/produkt\/geschenkbox-1\/#breadcrumb"},"inLanguage":"hr","potentialAction":[{"@type":"ReadAction","target":["https:\/\/suwine.at\/hr\/produkt\/geschenkbox-1\/"]}]},{"@type":"ImageObject","inLanguage":"hr","@id":"https:\/\/suwine.at\/hr\/produkt\/geschenkbox-1\/#primaryimage","url":"https:\/\/suwine.at\/wp-content\/uploads\/2021\/12\/A10E6535-9A4C-48AA-9D0F-167257A4B38E.jpg","contentUrl":"https:\/\/suwine.at\/wp-content\/uploads\/2021\/12\/A10E6535-9A4C-48AA-9D0F-167257A4B38E.jpg","width":1080,"height":1080,"caption":"Geschenkbox \"Silber\""},{"@type":"BreadcrumbList","@id":"https:\/\/suwine.at\/hr\/produkt\/geschenkbox-1\/#breadcrumb","itemListElement":[{"@type":"ListItem","position":1,"name":"Startseite","item":"https:\/\/suwine.at\/hr\/"},{"@type":"ListItem","position":2,"name":"Shop","item":"https:\/\/suwine.at\/shop\/"},{"@type":"ListItem","position":3,"name":"Geschenkbox &#8220;Silber&#8221;"}]},{"@type":"WebSite","@id":"https:\/\/suwine.at\/hr\/#website","url":"https:\/\/suwine.at\/hr\/","name":"Suwine - Suwi Zlatic","description":"Sommelier | Gourmet Play Store | Consulting","potentialAction":[{"@type":"SearchAction","target":{"@type":"EntryPoint","urlTemplate":"https:\/\/suwine.at\/hr\/?s={search_term_string}"},"query-input":{"@type":"PropertyValueSpecification","valueRequired":true,"valueName":"search_term_string"}}],"inLanguage":"hr"}]}},"_links":{"self":[{"href":"https:\/\/suwine.at\/hr\/wp-json\/wp\/v2\/product\/226682","targetHints":{"allow":["GET"]}}],"collection":[{"href":"https:\/\/suwine.at\/hr\/wp-json\/wp\/v2\/product"}],"about":[{"href":"https:\/\/suwine.at\/hr\/wp-json\/wp\/v2\/types\/product"}],"wp:featuredmedia":[{"embeddable":true,"href":"https:\/\/suwine.at\/hr\/wp-json\/wp\/v2\/media\/232634"}],"wp:attachment":[{"href":"https:\/\/suwine.at\/hr\/wp-json\/wp\/v2\/media?parent=226682"}],"wp:term":[{"taxonomy":"product_brand","embeddable":true,"href":"https:\/\/suwine.at\/hr\/wp-json\/wp\/v2\/product_brand?post=226682"},{"taxonomy":"product_cat","embeddable":true,"href":"https:\/\/suwine.at\/hr\/wp-json\/wp\/v2\/product_cat?post=226682"},{"taxonomy":"product_tag","embeddable":true,"href":"https:\/\/suwine.at\/hr\/wp-json\/wp\/v2\/product_tag?post=226682"}],"curies":[{"name":"wp","href":"https:\/\/api.w.org\/{rel}","templated":true}]}}