{"id":227926,"date":"2022-01-08T22:57:08","date_gmt":"2022-01-08T21:57:08","guid":{"rendered":"https:\/\/suwine.at\/?post_type=product&#038;p=227926"},"modified":"2025-04-01T01:02:44","modified_gmt":"2025-03-31T23:02:44","slug":"meersalz-und-schwarzer-trueffel","status":"publish","type":"product","link":"https:\/\/suwine.at\/hr\/produkt\/meersalz-und-schwarzer-trueffel\/","title":{"rendered":"Meersalz und schwarzer Tr\u00fcffel"},"content":{"rendered":"<h2>Mee(h)r Genuss in jeder Hinsicht<\/h2>\n<p>Feinstes Meersalz, gewonnen an der kroatischen Adria-K\u00fcste. Kombiniert mit unserem schwarzen Tr\u00fcffel \u201eTuber Aestivum\u201c, der nur wenige Kilometer von der K\u00fcste entfernt w\u00e4chst.<\/p>\n<p>Ob morgens zum Spiegelei, mittags zu Pasta, Risotto und feinsten Salaten.<br \/>\nOder abends zum herzhaften Steak und edlem Fisch.<br \/>\nDen Kombinationen sind keine Grenzen gesetzt.<\/p>\n<span class=\"et_bloom_bottom_trigger\"><\/span>","protected":false},"excerpt":{"rendered":"<p>Feinstes Meersalz von der kroatischen Adria-K\u00fcste kombiniert mit schwarzem Tr\u00fcffel (Tuber Aestivum) aus Istrien.<\/p>\n","protected":false},"featured_media":231565,"template":"","meta":{"_et_pb_use_builder":"","_et_pb_old_content":"","_et_gb_content_width":""},"product_brand":[],"product_cat":[48],"product_tag":[59,486],"class_list":{"0":"post-227926","1":"product","2":"type-product","3":"status-publish","4":"has-post-thumbnail","6":"product_cat-genius-tartufi","7":"product_tag-schwarze-trueffel","8":"product_tag-salz","10":"first","11":"instock","12":"taxable","13":"shipping-taxable","14":"purchasable","15":"product-type-simple"},"yoast_head":"<!-- This site is optimized with the Yoast SEO plugin v27.2 - https:\/\/yoast.com\/product\/yoast-seo-wordpress\/ -->\n<title>Meersalz und schwarzer Tr\u00fcffel - Suwine - Suwi Zlatic<\/title>\n<meta name=\"description\" content=\"Feinstes Meersalz von der kroatischen Adria-K\u00fcste kombiniert mit schwarzem Tr\u00fcffel (Tuber Aestivum) aus Istrien.\" \/>\n<meta name=\"robots\" content=\"index, follow, max-snippet:-1, max-image-preview:large, max-video-preview:-1\" \/>\n<link rel=\"canonical\" href=\"https:\/\/suwine.at\/hr\/produkt\/meersalz-und-schwarzer-trueffel\/\" \/>\n<meta property=\"og:locale\" content=\"hr_HR\" \/>\n<meta property=\"og:type\" content=\"article\" \/>\n<meta property=\"og:title\" content=\"Meersalz und schwarzer Tr\u00fcffel - Suwine - Suwi Zlatic\" \/>\n<meta property=\"og:description\" content=\"Feinstes Meersalz von der kroatischen Adria-K\u00fcste kombiniert mit schwarzem Tr\u00fcffel (Tuber Aestivum) aus Istrien.\" \/>\n<meta property=\"og:url\" content=\"https:\/\/suwine.at\/hr\/produkt\/meersalz-und-schwarzer-trueffel\/\" \/>\n<meta property=\"og:site_name\" content=\"Suwine - Suwi Zlatic\" \/>\n<meta property=\"article:modified_time\" content=\"2025-03-31T23:02:44+00:00\" \/>\n<meta property=\"og:image\" content=\"https:\/\/suwine.at\/wp-content\/uploads\/2022\/01\/CF055043.jpg\" \/>\n\t<meta property=\"og:image:width\" content=\"1000\" \/>\n\t<meta property=\"og:image:height\" content=\"1000\" \/>\n\t<meta property=\"og:image:type\" content=\"image\/jpeg\" \/>\n<meta name=\"twitter:card\" content=\"summary_large_image\" \/>\n<meta name=\"twitter:label1\" content=\"Procijenjeno vrijeme \u010ditanja\" \/>\n\t<meta name=\"twitter:data1\" content=\"1 minuta\" \/>\n<script type=\"application\/ld+json\" class=\"yoast-schema-graph\">{\"@context\":\"https:\/\/schema.org\",\"@graph\":[{\"@type\":\"WebPage\",\"@id\":\"https:\/\/suwine.at\/hr\/produkt\/meersalz-und-schwarzer-trueffel\/\",\"url\":\"https:\/\/suwine.at\/hr\/produkt\/meersalz-und-schwarzer-trueffel\/\",\"name\":\"Meersalz und schwarzer Tr\u00fcffel - Suwine - Suwi Zlatic\",\"isPartOf\":{\"@id\":\"https:\/\/suwine.at\/hr\/#website\"},\"primaryImageOfPage\":{\"@id\":\"https:\/\/suwine.at\/hr\/produkt\/meersalz-und-schwarzer-trueffel\/#primaryimage\"},\"image\":{\"@id\":\"https:\/\/suwine.at\/hr\/produkt\/meersalz-und-schwarzer-trueffel\/#primaryimage\"},\"thumbnailUrl\":\"https:\/\/suwine.at\/wp-content\/uploads\/2022\/01\/CF055043.jpg\",\"datePublished\":\"2022-01-08T21:57:08+00:00\",\"dateModified\":\"2025-03-31T23:02:44+00:00\",\"description\":\"Feinstes Meersalz von der kroatischen Adria-K\u00fcste kombiniert mit schwarzem Tr\u00fcffel (Tuber Aestivum) aus Istrien.\",\"breadcrumb\":{\"@id\":\"https:\/\/suwine.at\/hr\/produkt\/meersalz-und-schwarzer-trueffel\/#breadcrumb\"},\"inLanguage\":\"hr\",\"potentialAction\":[{\"@type\":\"ReadAction\",\"target\":[\"https:\/\/suwine.at\/hr\/produkt\/meersalz-und-schwarzer-trueffel\/\"]}]},{\"@type\":\"ImageObject\",\"inLanguage\":\"hr\",\"@id\":\"https:\/\/suwine.at\/hr\/produkt\/meersalz-und-schwarzer-trueffel\/#primaryimage\",\"url\":\"https:\/\/suwine.at\/wp-content\/uploads\/2022\/01\/CF055043.jpg\",\"contentUrl\":\"https:\/\/suwine.at\/wp-content\/uploads\/2022\/01\/CF055043.jpg\",\"width\":1000,\"height\":1000,\"caption\":\"Salz mit Schwarz\"},{\"@type\":\"BreadcrumbList\",\"@id\":\"https:\/\/suwine.at\/hr\/produkt\/meersalz-und-schwarzer-trueffel\/#breadcrumb\",\"itemListElement\":[{\"@type\":\"ListItem\",\"position\":1,\"name\":\"Startseite\",\"item\":\"https:\/\/suwine.at\/hr\/\"},{\"@type\":\"ListItem\",\"position\":2,\"name\":\"Shop\",\"item\":\"https:\/\/suwine.at\/shop\/\"},{\"@type\":\"ListItem\",\"position\":3,\"name\":\"Meersalz und schwarzer Tr\u00fcffel\"}]},{\"@type\":\"WebSite\",\"@id\":\"https:\/\/suwine.at\/hr\/#website\",\"url\":\"https:\/\/suwine.at\/hr\/\",\"name\":\"Suwine - Suwi Zlatic\",\"description\":\"Sommelier | Gourmet Play Store | Consulting\",\"potentialAction\":[{\"@type\":\"SearchAction\",\"target\":{\"@type\":\"EntryPoint\",\"urlTemplate\":\"https:\/\/suwine.at\/hr\/?s={search_term_string}\"},\"query-input\":{\"@type\":\"PropertyValueSpecification\",\"valueRequired\":true,\"valueName\":\"search_term_string\"}}],\"inLanguage\":\"hr\"}]}<\/script>\n<!-- \/ Yoast SEO plugin. -->","yoast_head_json":{"title":"Meersalz und schwarzer Tr\u00fcffel - Suwine - Suwi Zlatic","description":"Feinstes Meersalz von der kroatischen Adria-K\u00fcste kombiniert mit schwarzem Tr\u00fcffel (Tuber Aestivum) aus Istrien.","robots":{"index":"index","follow":"follow","max-snippet":"max-snippet:-1","max-image-preview":"max-image-preview:large","max-video-preview":"max-video-preview:-1"},"canonical":"https:\/\/suwine.at\/hr\/produkt\/meersalz-und-schwarzer-trueffel\/","og_locale":"hr_HR","og_type":"article","og_title":"Meersalz und schwarzer Tr\u00fcffel - Suwine - Suwi Zlatic","og_description":"Feinstes Meersalz von der kroatischen Adria-K\u00fcste kombiniert mit schwarzem Tr\u00fcffel (Tuber Aestivum) aus Istrien.","og_url":"https:\/\/suwine.at\/hr\/produkt\/meersalz-und-schwarzer-trueffel\/","og_site_name":"Suwine - Suwi Zlatic","article_modified_time":"2025-03-31T23:02:44+00:00","og_image":[{"width":1000,"height":1000,"url":"https:\/\/suwine.at\/wp-content\/uploads\/2022\/01\/CF055043.jpg","type":"image\/jpeg"}],"twitter_card":"summary_large_image","twitter_misc":{"Procijenjeno vrijeme \u010ditanja":"1 minuta"},"schema":{"@context":"https:\/\/schema.org","@graph":[{"@type":"WebPage","@id":"https:\/\/suwine.at\/hr\/produkt\/meersalz-und-schwarzer-trueffel\/","url":"https:\/\/suwine.at\/hr\/produkt\/meersalz-und-schwarzer-trueffel\/","name":"Meersalz und schwarzer Tr\u00fcffel - Suwine - Suwi Zlatic","isPartOf":{"@id":"https:\/\/suwine.at\/hr\/#website"},"primaryImageOfPage":{"@id":"https:\/\/suwine.at\/hr\/produkt\/meersalz-und-schwarzer-trueffel\/#primaryimage"},"image":{"@id":"https:\/\/suwine.at\/hr\/produkt\/meersalz-und-schwarzer-trueffel\/#primaryimage"},"thumbnailUrl":"https:\/\/suwine.at\/wp-content\/uploads\/2022\/01\/CF055043.jpg","datePublished":"2022-01-08T21:57:08+00:00","dateModified":"2025-03-31T23:02:44+00:00","description":"Feinstes Meersalz von der kroatischen Adria-K\u00fcste kombiniert mit schwarzem Tr\u00fcffel (Tuber Aestivum) aus Istrien.","breadcrumb":{"@id":"https:\/\/suwine.at\/hr\/produkt\/meersalz-und-schwarzer-trueffel\/#breadcrumb"},"inLanguage":"hr","potentialAction":[{"@type":"ReadAction","target":["https:\/\/suwine.at\/hr\/produkt\/meersalz-und-schwarzer-trueffel\/"]}]},{"@type":"ImageObject","inLanguage":"hr","@id":"https:\/\/suwine.at\/hr\/produkt\/meersalz-und-schwarzer-trueffel\/#primaryimage","url":"https:\/\/suwine.at\/wp-content\/uploads\/2022\/01\/CF055043.jpg","contentUrl":"https:\/\/suwine.at\/wp-content\/uploads\/2022\/01\/CF055043.jpg","width":1000,"height":1000,"caption":"Salz mit Schwarz"},{"@type":"BreadcrumbList","@id":"https:\/\/suwine.at\/hr\/produkt\/meersalz-und-schwarzer-trueffel\/#breadcrumb","itemListElement":[{"@type":"ListItem","position":1,"name":"Startseite","item":"https:\/\/suwine.at\/hr\/"},{"@type":"ListItem","position":2,"name":"Shop","item":"https:\/\/suwine.at\/shop\/"},{"@type":"ListItem","position":3,"name":"Meersalz und schwarzer Tr\u00fcffel"}]},{"@type":"WebSite","@id":"https:\/\/suwine.at\/hr\/#website","url":"https:\/\/suwine.at\/hr\/","name":"Suwine - Suwi Zlatic","description":"Sommelier | Gourmet Play Store | Consulting","potentialAction":[{"@type":"SearchAction","target":{"@type":"EntryPoint","urlTemplate":"https:\/\/suwine.at\/hr\/?s={search_term_string}"},"query-input":{"@type":"PropertyValueSpecification","valueRequired":true,"valueName":"search_term_string"}}],"inLanguage":"hr"}]}},"_links":{"self":[{"href":"https:\/\/suwine.at\/hr\/wp-json\/wp\/v2\/product\/227926","targetHints":{"allow":["GET"]}}],"collection":[{"href":"https:\/\/suwine.at\/hr\/wp-json\/wp\/v2\/product"}],"about":[{"href":"https:\/\/suwine.at\/hr\/wp-json\/wp\/v2\/types\/product"}],"wp:featuredmedia":[{"embeddable":true,"href":"https:\/\/suwine.at\/hr\/wp-json\/wp\/v2\/media\/231565"}],"wp:attachment":[{"href":"https:\/\/suwine.at\/hr\/wp-json\/wp\/v2\/media?parent=227926"}],"wp:term":[{"taxonomy":"product_brand","embeddable":true,"href":"https:\/\/suwine.at\/hr\/wp-json\/wp\/v2\/product_brand?post=227926"},{"taxonomy":"product_cat","embeddable":true,"href":"https:\/\/suwine.at\/hr\/wp-json\/wp\/v2\/product_cat?post=227926"},{"taxonomy":"product_tag","embeddable":true,"href":"https:\/\/suwine.at\/hr\/wp-json\/wp\/v2\/product_tag?post=227926"}],"curies":[{"name":"wp","href":"https:\/\/api.w.org\/{rel}","templated":true}]}}