{"id":228342,"date":"2022-02-02T22:13:21","date_gmt":"2022-02-02T21:13:21","guid":{"rendered":"https:\/\/suwine.at\/?post_type=product&#038;p=228342"},"modified":"2024-11-29T19:32:42","modified_gmt":"2024-11-29T18:32:42","slug":"riesling-aulerde-gg-wittmann","status":"publish","type":"product","link":"https:\/\/suwine.at\/hr\/produkt\/riesling-aulerde-gg-wittmann\/","title":{"rendered":"Riesling, Aulerde, GG , Wittmann"},"content":{"rendered":"<h2>Riesling, Aulerde, GG , Wittmann 2019<\/h2>\n<p>&nbsp;<\/p>\n<p>Die Aulerde von Philipp Wittmann ist eigentlich immer der lauteste und zug\u00e4nglichste Riesling in seinem Sortiment, In der Nase etwas zur\u00fcckhaltender mit eher feinen Fruchtnoten, k\u00fchle Aromen, etwas Birne und Minze, mit Luft kommt eine feine, kalkige Rauchigkeit dazu. Am Gaumen mit leichtf\u00fc\u00dfigem K\u00f6rper, saftig und mit drahtiger Struktur, etwas Birnenschale und Quitte, ein feiner Gerbstoff gibt ihm Grip und L\u00e4nge, sehr ausgewogen und erstaunlich feingliedrig.<\/p>\n<ul>\n<li>Rebsorte: Riesling<\/li>\n<li>Anbaugebiet: Rheinhessen<\/li>\n<li>Land: Deutschland<\/li>\n<li>Produzent: <b>Weingut Wittmann<\/b><\/li>\n<li>Jahrgang 2019<\/li>\n<li>Inhalt: 0,75L<\/li>\n<\/ul>\n<span class=\"et_bloom_bottom_trigger\"><\/span>","protected":false},"excerpt":{"rendered":"<p>Die Aulerde von Philipp Wittmann ist eigentlich immer der lauteste und zug\u00e4nglichste Riesling in seinem Sortiment, In der Nase etwas zur\u00fcckhaltender mit eher feinen Fruchtnoten, k\u00fchle Aromen, etwas Birne und Minze, mit Luft kommt eine feine, kalkige Rauchigkeit dazu. Am Gaumen mit leichtf\u00fc\u00dfigem K\u00f6rper, saftig und mit drahtiger Struktur, etwas Birnenschale und Quitte, ein feiner Gerbstoff gibt ihm Grip und L\u00e4nge, sehr ausgewogen und erstaunlich feingliedrig.<\/p>\n","protected":false},"featured_media":228343,"template":"","meta":{"_et_pb_use_builder":"","_et_pb_old_content":"","_et_gb_content_width":""},"product_brand":[],"product_cat":[84,115,212],"product_tag":[94,171],"class_list":{"0":"post-228342","1":"product","2":"type-product","3":"status-publish","4":"has-post-thumbnail","6":"product_cat-weisswein","7":"product_cat-wein","8":"product_cat-weisswein-international","9":"product_tag-deutschland","10":"product_tag-riesling","12":"first","13":"outofstock","14":"taxable","15":"shipping-taxable","16":"purchasable","17":"product-type-simple"},"yoast_head":"<!-- This site is optimized with the Yoast SEO plugin v27.2 - https:\/\/yoast.com\/product\/yoast-seo-wordpress\/ -->\n<title>Riesling, Aulerde, GG , Wittmann - Suwine - Suwi Zlatic<\/title>\n<meta name=\"description\" content=\"Luft kommt eine feine, kalkige Rauchigkeit dazu. Am Gaumen mit leichtf\u00fc\u00dfigem K\u00f6rper, saftig und mit drahtiger Struktur, etwas Birnenschale und\" \/>\n<meta name=\"robots\" content=\"index, follow, max-snippet:-1, max-image-preview:large, max-video-preview:-1\" \/>\n<link rel=\"canonical\" href=\"https:\/\/suwine.at\/hr\/produkt\/riesling-aulerde-gg-wittmann\/\" \/>\n<meta property=\"og:locale\" content=\"hr_HR\" \/>\n<meta property=\"og:type\" content=\"article\" \/>\n<meta property=\"og:title\" content=\"Riesling, Aulerde, GG , Wittmann - Suwine - Suwi Zlatic\" \/>\n<meta property=\"og:description\" content=\"Luft kommt eine feine, kalkige Rauchigkeit dazu. Am Gaumen mit leichtf\u00fc\u00dfigem K\u00f6rper, saftig und mit drahtiger Struktur, etwas Birnenschale und\" \/>\n<meta property=\"og:url\" content=\"https:\/\/suwine.at\/hr\/produkt\/riesling-aulerde-gg-wittmann\/\" \/>\n<meta property=\"og:site_name\" content=\"Suwine - Suwi Zlatic\" \/>\n<meta property=\"article:modified_time\" content=\"2024-11-29T18:32:42+00:00\" \/>\n<meta property=\"og:image\" content=\"https:\/\/suwine.at\/wp-content\/uploads\/2022\/02\/IMG_009s5-copy.png\" \/>\n\t<meta property=\"og:image:width\" content=\"1000\" \/>\n\t<meta property=\"og:image:height\" content=\"1000\" \/>\n\t<meta property=\"og:image:type\" content=\"image\/png\" \/>\n<meta name=\"twitter:card\" content=\"summary_large_image\" \/>\n<meta name=\"twitter:label1\" content=\"Procijenjeno vrijeme \u010ditanja\" \/>\n\t<meta name=\"twitter:data1\" content=\"1 minuta\" \/>\n<script type=\"application\/ld+json\" class=\"yoast-schema-graph\">{\"@context\":\"https:\/\/schema.org\",\"@graph\":[{\"@type\":\"WebPage\",\"@id\":\"https:\/\/suwine.at\/hr\/produkt\/riesling-aulerde-gg-wittmann\/\",\"url\":\"https:\/\/suwine.at\/hr\/produkt\/riesling-aulerde-gg-wittmann\/\",\"name\":\"Riesling, Aulerde, GG , Wittmann - Suwine - Suwi Zlatic\",\"isPartOf\":{\"@id\":\"https:\/\/suwine.at\/hr\/#website\"},\"primaryImageOfPage\":{\"@id\":\"https:\/\/suwine.at\/hr\/produkt\/riesling-aulerde-gg-wittmann\/#primaryimage\"},\"image\":{\"@id\":\"https:\/\/suwine.at\/hr\/produkt\/riesling-aulerde-gg-wittmann\/#primaryimage\"},\"thumbnailUrl\":\"https:\/\/suwine.at\/wp-content\/uploads\/2022\/02\/IMG_009s5-copy.png\",\"datePublished\":\"2022-02-02T21:13:21+00:00\",\"dateModified\":\"2024-11-29T18:32:42+00:00\",\"description\":\"Luft kommt eine feine, kalkige Rauchigkeit dazu. Am Gaumen mit leichtf\u00fc\u00dfigem K\u00f6rper, saftig und mit drahtiger Struktur, etwas Birnenschale und\",\"breadcrumb\":{\"@id\":\"https:\/\/suwine.at\/hr\/produkt\/riesling-aulerde-gg-wittmann\/#breadcrumb\"},\"inLanguage\":\"hr\",\"potentialAction\":[{\"@type\":\"ReadAction\",\"target\":[\"https:\/\/suwine.at\/hr\/produkt\/riesling-aulerde-gg-wittmann\/\"]}]},{\"@type\":\"ImageObject\",\"inLanguage\":\"hr\",\"@id\":\"https:\/\/suwine.at\/hr\/produkt\/riesling-aulerde-gg-wittmann\/#primaryimage\",\"url\":\"https:\/\/suwine.at\/wp-content\/uploads\/2022\/02\/IMG_009s5-copy.png\",\"contentUrl\":\"https:\/\/suwine.at\/wp-content\/uploads\/2022\/02\/IMG_009s5-copy.png\",\"width\":1000,\"height\":1000,\"caption\":\"Aulerde\"},{\"@type\":\"BreadcrumbList\",\"@id\":\"https:\/\/suwine.at\/hr\/produkt\/riesling-aulerde-gg-wittmann\/#breadcrumb\",\"itemListElement\":[{\"@type\":\"ListItem\",\"position\":1,\"name\":\"Startseite\",\"item\":\"https:\/\/suwine.at\/hr\/\"},{\"@type\":\"ListItem\",\"position\":2,\"name\":\"Shop\",\"item\":\"https:\/\/suwine.at\/shop\/\"},{\"@type\":\"ListItem\",\"position\":3,\"name\":\"Riesling, Aulerde, GG , Wittmann\"}]},{\"@type\":\"WebSite\",\"@id\":\"https:\/\/suwine.at\/hr\/#website\",\"url\":\"https:\/\/suwine.at\/hr\/\",\"name\":\"Suwine - Suwi Zlatic\",\"description\":\"Sommelier | Gourmet Play Store | Consulting\",\"potentialAction\":[{\"@type\":\"SearchAction\",\"target\":{\"@type\":\"EntryPoint\",\"urlTemplate\":\"https:\/\/suwine.at\/hr\/?s={search_term_string}\"},\"query-input\":{\"@type\":\"PropertyValueSpecification\",\"valueRequired\":true,\"valueName\":\"search_term_string\"}}],\"inLanguage\":\"hr\"}]}<\/script>\n<!-- \/ Yoast SEO plugin. -->","yoast_head_json":{"title":"Riesling, Aulerde, GG , Wittmann - Suwine - Suwi Zlatic","description":"Luft kommt eine feine, kalkige Rauchigkeit dazu. Am Gaumen mit leichtf\u00fc\u00dfigem K\u00f6rper, saftig und mit drahtiger Struktur, etwas Birnenschale und","robots":{"index":"index","follow":"follow","max-snippet":"max-snippet:-1","max-image-preview":"max-image-preview:large","max-video-preview":"max-video-preview:-1"},"canonical":"https:\/\/suwine.at\/hr\/produkt\/riesling-aulerde-gg-wittmann\/","og_locale":"hr_HR","og_type":"article","og_title":"Riesling, Aulerde, GG , Wittmann - Suwine - Suwi Zlatic","og_description":"Luft kommt eine feine, kalkige Rauchigkeit dazu. Am Gaumen mit leichtf\u00fc\u00dfigem K\u00f6rper, saftig und mit drahtiger Struktur, etwas Birnenschale und","og_url":"https:\/\/suwine.at\/hr\/produkt\/riesling-aulerde-gg-wittmann\/","og_site_name":"Suwine - Suwi Zlatic","article_modified_time":"2024-11-29T18:32:42+00:00","og_image":[{"width":1000,"height":1000,"url":"https:\/\/suwine.at\/wp-content\/uploads\/2022\/02\/IMG_009s5-copy.png","type":"image\/png"}],"twitter_card":"summary_large_image","twitter_misc":{"Procijenjeno vrijeme \u010ditanja":"1 minuta"},"schema":{"@context":"https:\/\/schema.org","@graph":[{"@type":"WebPage","@id":"https:\/\/suwine.at\/hr\/produkt\/riesling-aulerde-gg-wittmann\/","url":"https:\/\/suwine.at\/hr\/produkt\/riesling-aulerde-gg-wittmann\/","name":"Riesling, Aulerde, GG , Wittmann - Suwine - Suwi Zlatic","isPartOf":{"@id":"https:\/\/suwine.at\/hr\/#website"},"primaryImageOfPage":{"@id":"https:\/\/suwine.at\/hr\/produkt\/riesling-aulerde-gg-wittmann\/#primaryimage"},"image":{"@id":"https:\/\/suwine.at\/hr\/produkt\/riesling-aulerde-gg-wittmann\/#primaryimage"},"thumbnailUrl":"https:\/\/suwine.at\/wp-content\/uploads\/2022\/02\/IMG_009s5-copy.png","datePublished":"2022-02-02T21:13:21+00:00","dateModified":"2024-11-29T18:32:42+00:00","description":"Luft kommt eine feine, kalkige Rauchigkeit dazu. Am Gaumen mit leichtf\u00fc\u00dfigem K\u00f6rper, saftig und mit drahtiger Struktur, etwas Birnenschale und","breadcrumb":{"@id":"https:\/\/suwine.at\/hr\/produkt\/riesling-aulerde-gg-wittmann\/#breadcrumb"},"inLanguage":"hr","potentialAction":[{"@type":"ReadAction","target":["https:\/\/suwine.at\/hr\/produkt\/riesling-aulerde-gg-wittmann\/"]}]},{"@type":"ImageObject","inLanguage":"hr","@id":"https:\/\/suwine.at\/hr\/produkt\/riesling-aulerde-gg-wittmann\/#primaryimage","url":"https:\/\/suwine.at\/wp-content\/uploads\/2022\/02\/IMG_009s5-copy.png","contentUrl":"https:\/\/suwine.at\/wp-content\/uploads\/2022\/02\/IMG_009s5-copy.png","width":1000,"height":1000,"caption":"Aulerde"},{"@type":"BreadcrumbList","@id":"https:\/\/suwine.at\/hr\/produkt\/riesling-aulerde-gg-wittmann\/#breadcrumb","itemListElement":[{"@type":"ListItem","position":1,"name":"Startseite","item":"https:\/\/suwine.at\/hr\/"},{"@type":"ListItem","position":2,"name":"Shop","item":"https:\/\/suwine.at\/shop\/"},{"@type":"ListItem","position":3,"name":"Riesling, Aulerde, GG , Wittmann"}]},{"@type":"WebSite","@id":"https:\/\/suwine.at\/hr\/#website","url":"https:\/\/suwine.at\/hr\/","name":"Suwine - Suwi Zlatic","description":"Sommelier | Gourmet Play Store | Consulting","potentialAction":[{"@type":"SearchAction","target":{"@type":"EntryPoint","urlTemplate":"https:\/\/suwine.at\/hr\/?s={search_term_string}"},"query-input":{"@type":"PropertyValueSpecification","valueRequired":true,"valueName":"search_term_string"}}],"inLanguage":"hr"}]}},"_links":{"self":[{"href":"https:\/\/suwine.at\/hr\/wp-json\/wp\/v2\/product\/228342","targetHints":{"allow":["GET"]}}],"collection":[{"href":"https:\/\/suwine.at\/hr\/wp-json\/wp\/v2\/product"}],"about":[{"href":"https:\/\/suwine.at\/hr\/wp-json\/wp\/v2\/types\/product"}],"wp:featuredmedia":[{"embeddable":true,"href":"https:\/\/suwine.at\/hr\/wp-json\/wp\/v2\/media\/228343"}],"wp:attachment":[{"href":"https:\/\/suwine.at\/hr\/wp-json\/wp\/v2\/media?parent=228342"}],"wp:term":[{"taxonomy":"product_brand","embeddable":true,"href":"https:\/\/suwine.at\/hr\/wp-json\/wp\/v2\/product_brand?post=228342"},{"taxonomy":"product_cat","embeddable":true,"href":"https:\/\/suwine.at\/hr\/wp-json\/wp\/v2\/product_cat?post=228342"},{"taxonomy":"product_tag","embeddable":true,"href":"https:\/\/suwine.at\/hr\/wp-json\/wp\/v2\/product_tag?post=228342"}],"curies":[{"name":"wp","href":"https:\/\/api.w.org\/{rel}","templated":true}]}}