{"id":228574,"date":"2022-02-24T12:54:17","date_gmt":"2022-02-24T11:54:17","guid":{"rendered":"https:\/\/suwine.at\/?post_type=product&#038;p=228574"},"modified":"2026-03-30T10:06:25","modified_gmt":"2026-03-30T08:06:25","slug":"genius-olivenoel-istrian-bjelica","status":"publish","type":"product","link":"https:\/\/suwine.at\/hr\/produkt\/genius-olivenoel-istrian-bjelica\/","title":{"rendered":"GENIUS Oliven\u00f6l Istrian Bjelica"},"content":{"rendered":"<h2>Das etwas andere Oliven-Erlebnis<\/h2>\n<p>Die <strong>istrische Olivensorte Bjelica<\/strong> ist eine autochthone <em>(einheimische)<\/em> Sorte, die in Istrien und Kvarner angebaut wird.<\/p>\n<p>Sie kommt auch in Italien und Slowenien vor und zeichnet sich durch einen <strong>hohen Gehalt an Polyphenolen*<\/strong> <em>(mehr als 450 mg \/ kg)<\/em> aus.<\/p>\n<p>Istrijan Bjelica ist eine der widerstandsf\u00e4higsten Sorten gegen niedrige Temperaturen und St\u00fcrme.<br \/>\nSie reift Mitte bis Ende November und hat eine ausgezeichnete, reichliche und regelm\u00e4\u00dfige Fruchtbarkeit.<\/p>\n<h3>Profil des Oliven\u00f6ls<\/h3>\n<table style=\"border-style: solid;border-color: #424242;background-color: #99daa2\" border=\"1\" cellpadding=\"10\">\n<tbody>\n<tr>\n<th style=\"text-align: center\"><span style=\"color: #ffffff\">Aromatik<\/span><\/th>\n<th style=\"text-align: center\"><span style=\"color: #ffffff\">Intensit\u00e4t<\/span><\/th>\n<th style=\"text-align: center\"><span style=\"color: #ffffff\">W\u00fcrze<\/span><\/th>\n<\/tr>\n<tr>\n<td style=\"text-align: center\"><span style=\"color: #ffffff\">**<\/span><\/td>\n<td style=\"text-align: center\"><span style=\"color: #ffffff\">***<\/span><\/td>\n<td style=\"text-align: center\"><span style=\"color: #ffffff\">***<\/span><\/td>\n<\/tr>\n<\/tbody>\n<\/table>\n<p><em>*Polyphenole sind aromatische Verbindungen, die zu den sekund\u00e4ren Pflanzenstoffen gez\u00e4hlt werden.<\/em><br \/>\n<em>Im menschlichen Organismus haben sie eine gesundheitsf\u00f6rdernde und entz\u00fcndungshemmende Wirkung. Als sogenannte &#8220;Antioxidantien&#8221; fangen sie freie Radikale ab und sorgen auch daf\u00fcr, dass Blutfette vor Oxidation gesch\u00fctzt werden.<\/em><br \/>\n<em>Ein hoher Polyphenolgehalt sch\u00fctzt auch das Oliven\u00f6l selbst vor Oxidation. Sie sind auch f\u00fcr die typische &#8220;Sch\u00e4rfe&#8221; eines Oliven\u00f6ls verantwortlich. Fr\u00fcher wurde diese &#8220;Sch\u00e4rfe&#8221; f\u00e4lschlicherweise als negatives Merkmal empfunden. Heute wei\u00df man &#8220;mehr&#8221; und sch\u00e4tzt \u00d6le mit besonders hohem Polyphenolgehalt.<\/em><\/p>\n<span class=\"et_bloom_bottom_trigger\"><\/span>","protected":false},"excerpt":{"rendered":"<p>Hochwertiges Premium-\u00d6l der Oliven-Sorte &#8220;Istrian Bjelica&#8221;. Gewachsen, geerntet und verarbeitet in Istrien.<\/p>\n","protected":false},"featured_media":231595,"template":"","meta":{"_et_pb_use_builder":"","_et_pb_old_content":"","_et_gb_content_width":""},"product_brand":[],"product_cat":[696],"product_tag":[702,703,704,705,68,391],"class_list":{"0":"post-228574","1":"product","2":"type-product","3":"status-publish","4":"has-post-thumbnail","6":"product_cat-genius-olives","7":"product_tag-sorte-bjelica","8":"product_tag-extra-vergine","9":"product_tag-nativ-extra","10":"product_tag-kaltgepresst","11":"product_tag-olivenoel","12":"product_tag-istrien","14":"first","15":"instock","16":"featured","17":"taxable","18":"shipping-taxable","19":"purchasable","20":"product-type-simple"},"yoast_head":"<!-- This site is optimized with the Yoast SEO plugin v27.2 - https:\/\/yoast.com\/product\/yoast-seo-wordpress\/ -->\n<title>GENIUS Oliven\u00f6l Istrian Bjelica - Suwine - Suwi Zlatic<\/title>\n<meta name=\"description\" content=\"Hochwertiges Premium-\u00d6l der Oliven-Sorte &quot;Istrian Bjelica&quot;. Gewachsen, geerntet und verarbeitet in Istrien.\" \/>\n<meta name=\"robots\" content=\"index, follow, max-snippet:-1, max-image-preview:large, max-video-preview:-1\" \/>\n<link rel=\"canonical\" href=\"https:\/\/suwine.at\/hr\/produkt\/genius-olivenoel-istrian-bjelica\/\" \/>\n<meta property=\"og:locale\" content=\"hr_HR\" \/>\n<meta property=\"og:type\" content=\"article\" \/>\n<meta property=\"og:title\" content=\"GENIUS Oliven\u00f6l Istrian Bjelica - Suwine - Suwi Zlatic\" \/>\n<meta property=\"og:description\" content=\"Hochwertiges Premium-\u00d6l der Oliven-Sorte &quot;Istrian Bjelica&quot;. Gewachsen, geerntet und verarbeitet in Istrien.\" \/>\n<meta property=\"og:url\" content=\"https:\/\/suwine.at\/hr\/produkt\/genius-olivenoel-istrian-bjelica\/\" \/>\n<meta property=\"og:site_name\" content=\"Suwine - Suwi Zlatic\" \/>\n<meta property=\"article:modified_time\" content=\"2026-03-30T08:06:25+00:00\" \/>\n<meta property=\"og:image\" content=\"https:\/\/suwine.at\/wp-content\/uploads\/2022\/01\/CF055148.jpg\" \/>\n\t<meta property=\"og:image:width\" content=\"1000\" \/>\n\t<meta property=\"og:image:height\" content=\"1000\" \/>\n\t<meta property=\"og:image:type\" content=\"image\/jpeg\" \/>\n<meta name=\"twitter:card\" content=\"summary_large_image\" \/>\n<meta name=\"twitter:label1\" content=\"Procijenjeno vrijeme \u010ditanja\" \/>\n\t<meta name=\"twitter:data1\" content=\"1 minuta\" \/>\n<script type=\"application\/ld+json\" class=\"yoast-schema-graph\">{\"@context\":\"https:\/\/schema.org\",\"@graph\":[{\"@type\":\"WebPage\",\"@id\":\"https:\/\/suwine.at\/hr\/produkt\/genius-olivenoel-istrian-bjelica\/\",\"url\":\"https:\/\/suwine.at\/hr\/produkt\/genius-olivenoel-istrian-bjelica\/\",\"name\":\"GENIUS Oliven\u00f6l Istrian Bjelica - Suwine - Suwi Zlatic\",\"isPartOf\":{\"@id\":\"https:\/\/suwine.at\/hr\/#website\"},\"primaryImageOfPage\":{\"@id\":\"https:\/\/suwine.at\/hr\/produkt\/genius-olivenoel-istrian-bjelica\/#primaryimage\"},\"image\":{\"@id\":\"https:\/\/suwine.at\/hr\/produkt\/genius-olivenoel-istrian-bjelica\/#primaryimage\"},\"thumbnailUrl\":\"https:\/\/suwine.at\/wp-content\/uploads\/2022\/01\/CF055148.jpg\",\"datePublished\":\"2022-02-24T11:54:17+00:00\",\"dateModified\":\"2026-03-30T08:06:25+00:00\",\"description\":\"Hochwertiges Premium-\u00d6l der Oliven-Sorte \\\"Istrian Bjelica\\\". Gewachsen, geerntet und verarbeitet in Istrien.\",\"breadcrumb\":{\"@id\":\"https:\/\/suwine.at\/hr\/produkt\/genius-olivenoel-istrian-bjelica\/#breadcrumb\"},\"inLanguage\":\"hr\",\"potentialAction\":[{\"@type\":\"ReadAction\",\"target\":[\"https:\/\/suwine.at\/hr\/produkt\/genius-olivenoel-istrian-bjelica\/\"]}]},{\"@type\":\"ImageObject\",\"inLanguage\":\"hr\",\"@id\":\"https:\/\/suwine.at\/hr\/produkt\/genius-olivenoel-istrian-bjelica\/#primaryimage\",\"url\":\"https:\/\/suwine.at\/wp-content\/uploads\/2022\/01\/CF055148.jpg\",\"contentUrl\":\"https:\/\/suwine.at\/wp-content\/uploads\/2022\/01\/CF055148.jpg\",\"width\":1000,\"height\":1000,\"caption\":\"Bjelica\"},{\"@type\":\"BreadcrumbList\",\"@id\":\"https:\/\/suwine.at\/hr\/produkt\/genius-olivenoel-istrian-bjelica\/#breadcrumb\",\"itemListElement\":[{\"@type\":\"ListItem\",\"position\":1,\"name\":\"Startseite\",\"item\":\"https:\/\/suwine.at\/hr\/\"},{\"@type\":\"ListItem\",\"position\":2,\"name\":\"Shop\",\"item\":\"https:\/\/suwine.at\/shop\/\"},{\"@type\":\"ListItem\",\"position\":3,\"name\":\"GENIUS Oliven\u00f6l Istrian Bjelica\"}]},{\"@type\":\"WebSite\",\"@id\":\"https:\/\/suwine.at\/hr\/#website\",\"url\":\"https:\/\/suwine.at\/hr\/\",\"name\":\"Suwine - Suwi Zlatic\",\"description\":\"Sommelier | Gourmet Play Store | Consulting\",\"potentialAction\":[{\"@type\":\"SearchAction\",\"target\":{\"@type\":\"EntryPoint\",\"urlTemplate\":\"https:\/\/suwine.at\/hr\/?s={search_term_string}\"},\"query-input\":{\"@type\":\"PropertyValueSpecification\",\"valueRequired\":true,\"valueName\":\"search_term_string\"}}],\"inLanguage\":\"hr\"}]}<\/script>\n<!-- \/ Yoast SEO plugin. -->","yoast_head_json":{"title":"GENIUS Oliven\u00f6l Istrian Bjelica - Suwine - Suwi Zlatic","description":"Hochwertiges Premium-\u00d6l der Oliven-Sorte \"Istrian Bjelica\". Gewachsen, geerntet und verarbeitet in Istrien.","robots":{"index":"index","follow":"follow","max-snippet":"max-snippet:-1","max-image-preview":"max-image-preview:large","max-video-preview":"max-video-preview:-1"},"canonical":"https:\/\/suwine.at\/hr\/produkt\/genius-olivenoel-istrian-bjelica\/","og_locale":"hr_HR","og_type":"article","og_title":"GENIUS Oliven\u00f6l Istrian Bjelica - Suwine - Suwi Zlatic","og_description":"Hochwertiges Premium-\u00d6l der Oliven-Sorte \"Istrian Bjelica\". Gewachsen, geerntet und verarbeitet in Istrien.","og_url":"https:\/\/suwine.at\/hr\/produkt\/genius-olivenoel-istrian-bjelica\/","og_site_name":"Suwine - Suwi Zlatic","article_modified_time":"2026-03-30T08:06:25+00:00","og_image":[{"width":1000,"height":1000,"url":"https:\/\/suwine.at\/wp-content\/uploads\/2022\/01\/CF055148.jpg","type":"image\/jpeg"}],"twitter_card":"summary_large_image","twitter_misc":{"Procijenjeno vrijeme \u010ditanja":"1 minuta"},"schema":{"@context":"https:\/\/schema.org","@graph":[{"@type":"WebPage","@id":"https:\/\/suwine.at\/hr\/produkt\/genius-olivenoel-istrian-bjelica\/","url":"https:\/\/suwine.at\/hr\/produkt\/genius-olivenoel-istrian-bjelica\/","name":"GENIUS Oliven\u00f6l Istrian Bjelica - Suwine - Suwi Zlatic","isPartOf":{"@id":"https:\/\/suwine.at\/hr\/#website"},"primaryImageOfPage":{"@id":"https:\/\/suwine.at\/hr\/produkt\/genius-olivenoel-istrian-bjelica\/#primaryimage"},"image":{"@id":"https:\/\/suwine.at\/hr\/produkt\/genius-olivenoel-istrian-bjelica\/#primaryimage"},"thumbnailUrl":"https:\/\/suwine.at\/wp-content\/uploads\/2022\/01\/CF055148.jpg","datePublished":"2022-02-24T11:54:17+00:00","dateModified":"2026-03-30T08:06:25+00:00","description":"Hochwertiges Premium-\u00d6l der Oliven-Sorte \"Istrian Bjelica\". Gewachsen, geerntet und verarbeitet in Istrien.","breadcrumb":{"@id":"https:\/\/suwine.at\/hr\/produkt\/genius-olivenoel-istrian-bjelica\/#breadcrumb"},"inLanguage":"hr","potentialAction":[{"@type":"ReadAction","target":["https:\/\/suwine.at\/hr\/produkt\/genius-olivenoel-istrian-bjelica\/"]}]},{"@type":"ImageObject","inLanguage":"hr","@id":"https:\/\/suwine.at\/hr\/produkt\/genius-olivenoel-istrian-bjelica\/#primaryimage","url":"https:\/\/suwine.at\/wp-content\/uploads\/2022\/01\/CF055148.jpg","contentUrl":"https:\/\/suwine.at\/wp-content\/uploads\/2022\/01\/CF055148.jpg","width":1000,"height":1000,"caption":"Bjelica"},{"@type":"BreadcrumbList","@id":"https:\/\/suwine.at\/hr\/produkt\/genius-olivenoel-istrian-bjelica\/#breadcrumb","itemListElement":[{"@type":"ListItem","position":1,"name":"Startseite","item":"https:\/\/suwine.at\/hr\/"},{"@type":"ListItem","position":2,"name":"Shop","item":"https:\/\/suwine.at\/shop\/"},{"@type":"ListItem","position":3,"name":"GENIUS Oliven\u00f6l Istrian Bjelica"}]},{"@type":"WebSite","@id":"https:\/\/suwine.at\/hr\/#website","url":"https:\/\/suwine.at\/hr\/","name":"Suwine - Suwi Zlatic","description":"Sommelier | Gourmet Play Store | Consulting","potentialAction":[{"@type":"SearchAction","target":{"@type":"EntryPoint","urlTemplate":"https:\/\/suwine.at\/hr\/?s={search_term_string}"},"query-input":{"@type":"PropertyValueSpecification","valueRequired":true,"valueName":"search_term_string"}}],"inLanguage":"hr"}]}},"_links":{"self":[{"href":"https:\/\/suwine.at\/hr\/wp-json\/wp\/v2\/product\/228574","targetHints":{"allow":["GET"]}}],"collection":[{"href":"https:\/\/suwine.at\/hr\/wp-json\/wp\/v2\/product"}],"about":[{"href":"https:\/\/suwine.at\/hr\/wp-json\/wp\/v2\/types\/product"}],"wp:featuredmedia":[{"embeddable":true,"href":"https:\/\/suwine.at\/hr\/wp-json\/wp\/v2\/media\/231595"}],"wp:attachment":[{"href":"https:\/\/suwine.at\/hr\/wp-json\/wp\/v2\/media?parent=228574"}],"wp:term":[{"taxonomy":"product_brand","embeddable":true,"href":"https:\/\/suwine.at\/hr\/wp-json\/wp\/v2\/product_brand?post=228574"},{"taxonomy":"product_cat","embeddable":true,"href":"https:\/\/suwine.at\/hr\/wp-json\/wp\/v2\/product_cat?post=228574"},{"taxonomy":"product_tag","embeddable":true,"href":"https:\/\/suwine.at\/hr\/wp-json\/wp\/v2\/product_tag?post=228574"}],"curies":[{"name":"wp","href":"https:\/\/api.w.org\/{rel}","templated":true}]}}