{"id":228575,"date":"2022-02-24T12:55:30","date_gmt":"2022-02-24T11:55:30","guid":{"rendered":"https:\/\/suwine.at\/?post_type=product&#038;p=228575"},"modified":"2026-03-30T10:06:16","modified_gmt":"2026-03-30T08:06:16","slug":"genius-olivenoel-istrian-gran-cru","status":"publish","type":"product","link":"https:\/\/suwine.at\/hr\/produkt\/genius-olivenoel-istrian-gran-cru\/","title":{"rendered":"GENIUS Oliven\u00f6l Istrian Grand Cru"},"content":{"rendered":"<h2>Das etwas andere Oliven-Erlebnis<\/h2>\n<p>Dieses au\u00dfergew\u00f6hnliche Oliven\u00f6l-Cuvee ist eine Hommage an unsere besten Lagen.<\/p>\n<p>Die Sorten Buza, Bijelica und Leccino veranstalten nach ihrer Verm\u00e4hlung ein wahres Genuss-Konzert am Gaumen.<\/p>\n<p>Bestes Oliven\u00f6l zu bekommen, kann sich durchaus als schwierig erweisen.<br \/>\nNoch viel schwieriger ist es jedoch, das Geschmackserlebnis unseres Grand Crus zu vergessen!<\/p>\n<h3>Profil des Oliven\u00f6ls<\/h3>\n<table style=\"border-style: solid;border-color: #424242;background-color: #99daa2\" border=\"1\" cellpadding=\"10\">\n<tbody>\n<tr>\n<th style=\"text-align: center\"><span style=\"color: #ffffff\">Aromatik<\/span><\/th>\n<th style=\"text-align: center\"><span style=\"color: #ffffff\">Intensit\u00e4t<\/span><\/th>\n<th style=\"text-align: center\"><span style=\"color: #ffffff\">W\u00fcrze<\/span><\/th>\n<\/tr>\n<tr>\n<td style=\"text-align: center\"><span style=\"color: #ffffff\">****<\/span><\/td>\n<td style=\"text-align: center\"><span style=\"color: #ffffff\">***<\/span><\/td>\n<td style=\"text-align: center\"><span style=\"color: #ffffff\">***<\/span><\/td>\n<\/tr>\n<\/tbody>\n<\/table>\n<span class=\"et_bloom_bottom_trigger\"><\/span>","protected":false},"excerpt":{"rendered":"<p>Hochwertiges Premium-\u00d6l-Cuvee der Oliven-Sorten &#8220;Leccino&#8221;, &#8220;Buza&#8221; und &#8220;Istrian Bijelica&#8221;. Gewachsen, geerntet und verarbeitet in Istrien.<\/p>\n","protected":false},"featured_media":231591,"template":"","meta":{"_et_pb_use_builder":"","_et_pb_old_content":"","_et_gb_content_width":""},"product_brand":[],"product_cat":[696],"product_tag":[68,391,700,701,703,704,705],"class_list":{"0":"post-228575","1":"product","2":"type-product","3":"status-publish","4":"has-post-thumbnail","6":"product_cat-genius-olives","7":"product_tag-olivenoel","8":"product_tag-istrien","9":"product_tag-blend","10":"product_tag-grand-cru","11":"product_tag-extra-vergine","12":"product_tag-nativ-extra","13":"product_tag-kaltgepresst","15":"first","16":"instock","17":"featured","18":"taxable","19":"shipping-taxable","20":"purchasable","21":"product-type-simple"},"yoast_head":"<!-- This site is optimized with the Yoast SEO plugin v27.2 - https:\/\/yoast.com\/product\/yoast-seo-wordpress\/ -->\n<title>GENIUS Oliven\u00f6l Istrian Grand Cru - Suwine - Suwi Zlatic<\/title>\n<meta name=\"description\" content=\"Hochwertiges Premium-\u00d6l-Cuvee der Oliven-Sorten &quot;Leccino&quot;, &quot;Buza&quot; und &quot;Istrian Bijelica&quot;. Gewachsen, geerntet und verarbeitet in Istrien.\" \/>\n<meta name=\"robots\" content=\"index, follow, max-snippet:-1, max-image-preview:large, max-video-preview:-1\" \/>\n<link rel=\"canonical\" href=\"https:\/\/suwine.at\/hr\/produkt\/genius-olivenoel-istrian-gran-cru\/\" \/>\n<meta property=\"og:locale\" content=\"hr_HR\" \/>\n<meta property=\"og:type\" content=\"article\" \/>\n<meta property=\"og:title\" content=\"GENIUS Oliven\u00f6l Istrian Grand Cru - Suwine - Suwi Zlatic\" \/>\n<meta property=\"og:description\" content=\"Hochwertiges Premium-\u00d6l-Cuvee der Oliven-Sorten &quot;Leccino&quot;, &quot;Buza&quot; und &quot;Istrian Bijelica&quot;. Gewachsen, geerntet und verarbeitet in Istrien.\" \/>\n<meta property=\"og:url\" content=\"https:\/\/suwine.at\/hr\/produkt\/genius-olivenoel-istrian-gran-cru\/\" \/>\n<meta property=\"og:site_name\" content=\"Suwine - Suwi Zlatic\" \/>\n<meta property=\"article:modified_time\" content=\"2026-03-30T08:06:16+00:00\" \/>\n<meta property=\"og:image\" content=\"https:\/\/suwine.at\/wp-content\/uploads\/2022\/01\/CF055142.jpg\" \/>\n\t<meta property=\"og:image:width\" content=\"1000\" \/>\n\t<meta property=\"og:image:height\" content=\"1000\" \/>\n\t<meta property=\"og:image:type\" content=\"image\/jpeg\" \/>\n<meta name=\"twitter:card\" content=\"summary_large_image\" \/>\n<meta name=\"twitter:label1\" content=\"Procijenjeno vrijeme \u010ditanja\" \/>\n\t<meta name=\"twitter:data1\" content=\"1 minuta\" \/>\n<script type=\"application\/ld+json\" class=\"yoast-schema-graph\">{\"@context\":\"https:\/\/schema.org\",\"@graph\":[{\"@type\":\"WebPage\",\"@id\":\"https:\/\/suwine.at\/hr\/produkt\/genius-olivenoel-istrian-gran-cru\/\",\"url\":\"https:\/\/suwine.at\/hr\/produkt\/genius-olivenoel-istrian-gran-cru\/\",\"name\":\"GENIUS Oliven\u00f6l Istrian Grand Cru - Suwine - Suwi Zlatic\",\"isPartOf\":{\"@id\":\"https:\/\/suwine.at\/hr\/#website\"},\"primaryImageOfPage\":{\"@id\":\"https:\/\/suwine.at\/hr\/produkt\/genius-olivenoel-istrian-gran-cru\/#primaryimage\"},\"image\":{\"@id\":\"https:\/\/suwine.at\/hr\/produkt\/genius-olivenoel-istrian-gran-cru\/#primaryimage\"},\"thumbnailUrl\":\"https:\/\/suwine.at\/wp-content\/uploads\/2022\/01\/CF055142.jpg\",\"datePublished\":\"2022-02-24T11:55:30+00:00\",\"dateModified\":\"2026-03-30T08:06:16+00:00\",\"description\":\"Hochwertiges Premium-\u00d6l-Cuvee der Oliven-Sorten \\\"Leccino\\\", \\\"Buza\\\" und \\\"Istrian Bijelica\\\". Gewachsen, geerntet und verarbeitet in Istrien.\",\"breadcrumb\":{\"@id\":\"https:\/\/suwine.at\/hr\/produkt\/genius-olivenoel-istrian-gran-cru\/#breadcrumb\"},\"inLanguage\":\"hr\",\"potentialAction\":[{\"@type\":\"ReadAction\",\"target\":[\"https:\/\/suwine.at\/hr\/produkt\/genius-olivenoel-istrian-gran-cru\/\"]}]},{\"@type\":\"ImageObject\",\"inLanguage\":\"hr\",\"@id\":\"https:\/\/suwine.at\/hr\/produkt\/genius-olivenoel-istrian-gran-cru\/#primaryimage\",\"url\":\"https:\/\/suwine.at\/wp-content\/uploads\/2022\/01\/CF055142.jpg\",\"contentUrl\":\"https:\/\/suwine.at\/wp-content\/uploads\/2022\/01\/CF055142.jpg\",\"width\":1000,\"height\":1000,\"caption\":\"Grand cru\"},{\"@type\":\"BreadcrumbList\",\"@id\":\"https:\/\/suwine.at\/hr\/produkt\/genius-olivenoel-istrian-gran-cru\/#breadcrumb\",\"itemListElement\":[{\"@type\":\"ListItem\",\"position\":1,\"name\":\"Startseite\",\"item\":\"https:\/\/suwine.at\/hr\/\"},{\"@type\":\"ListItem\",\"position\":2,\"name\":\"Shop\",\"item\":\"https:\/\/suwine.at\/shop\/\"},{\"@type\":\"ListItem\",\"position\":3,\"name\":\"GENIUS Oliven\u00f6l Istrian Grand Cru\"}]},{\"@type\":\"WebSite\",\"@id\":\"https:\/\/suwine.at\/hr\/#website\",\"url\":\"https:\/\/suwine.at\/hr\/\",\"name\":\"Suwine - Suwi Zlatic\",\"description\":\"Sommelier | Gourmet Play Store | Consulting\",\"potentialAction\":[{\"@type\":\"SearchAction\",\"target\":{\"@type\":\"EntryPoint\",\"urlTemplate\":\"https:\/\/suwine.at\/hr\/?s={search_term_string}\"},\"query-input\":{\"@type\":\"PropertyValueSpecification\",\"valueRequired\":true,\"valueName\":\"search_term_string\"}}],\"inLanguage\":\"hr\"}]}<\/script>\n<!-- \/ Yoast SEO plugin. -->","yoast_head_json":{"title":"GENIUS Oliven\u00f6l Istrian Grand Cru - Suwine - Suwi Zlatic","description":"Hochwertiges Premium-\u00d6l-Cuvee der Oliven-Sorten \"Leccino\", \"Buza\" und \"Istrian Bijelica\". Gewachsen, geerntet und verarbeitet in Istrien.","robots":{"index":"index","follow":"follow","max-snippet":"max-snippet:-1","max-image-preview":"max-image-preview:large","max-video-preview":"max-video-preview:-1"},"canonical":"https:\/\/suwine.at\/hr\/produkt\/genius-olivenoel-istrian-gran-cru\/","og_locale":"hr_HR","og_type":"article","og_title":"GENIUS Oliven\u00f6l Istrian Grand Cru - Suwine - Suwi Zlatic","og_description":"Hochwertiges Premium-\u00d6l-Cuvee der Oliven-Sorten \"Leccino\", \"Buza\" und \"Istrian Bijelica\". Gewachsen, geerntet und verarbeitet in Istrien.","og_url":"https:\/\/suwine.at\/hr\/produkt\/genius-olivenoel-istrian-gran-cru\/","og_site_name":"Suwine - Suwi Zlatic","article_modified_time":"2026-03-30T08:06:16+00:00","og_image":[{"width":1000,"height":1000,"url":"https:\/\/suwine.at\/wp-content\/uploads\/2022\/01\/CF055142.jpg","type":"image\/jpeg"}],"twitter_card":"summary_large_image","twitter_misc":{"Procijenjeno vrijeme \u010ditanja":"1 minuta"},"schema":{"@context":"https:\/\/schema.org","@graph":[{"@type":"WebPage","@id":"https:\/\/suwine.at\/hr\/produkt\/genius-olivenoel-istrian-gran-cru\/","url":"https:\/\/suwine.at\/hr\/produkt\/genius-olivenoel-istrian-gran-cru\/","name":"GENIUS Oliven\u00f6l Istrian Grand Cru - Suwine - Suwi Zlatic","isPartOf":{"@id":"https:\/\/suwine.at\/hr\/#website"},"primaryImageOfPage":{"@id":"https:\/\/suwine.at\/hr\/produkt\/genius-olivenoel-istrian-gran-cru\/#primaryimage"},"image":{"@id":"https:\/\/suwine.at\/hr\/produkt\/genius-olivenoel-istrian-gran-cru\/#primaryimage"},"thumbnailUrl":"https:\/\/suwine.at\/wp-content\/uploads\/2022\/01\/CF055142.jpg","datePublished":"2022-02-24T11:55:30+00:00","dateModified":"2026-03-30T08:06:16+00:00","description":"Hochwertiges Premium-\u00d6l-Cuvee der Oliven-Sorten \"Leccino\", \"Buza\" und \"Istrian Bijelica\". Gewachsen, geerntet und verarbeitet in Istrien.","breadcrumb":{"@id":"https:\/\/suwine.at\/hr\/produkt\/genius-olivenoel-istrian-gran-cru\/#breadcrumb"},"inLanguage":"hr","potentialAction":[{"@type":"ReadAction","target":["https:\/\/suwine.at\/hr\/produkt\/genius-olivenoel-istrian-gran-cru\/"]}]},{"@type":"ImageObject","inLanguage":"hr","@id":"https:\/\/suwine.at\/hr\/produkt\/genius-olivenoel-istrian-gran-cru\/#primaryimage","url":"https:\/\/suwine.at\/wp-content\/uploads\/2022\/01\/CF055142.jpg","contentUrl":"https:\/\/suwine.at\/wp-content\/uploads\/2022\/01\/CF055142.jpg","width":1000,"height":1000,"caption":"Grand cru"},{"@type":"BreadcrumbList","@id":"https:\/\/suwine.at\/hr\/produkt\/genius-olivenoel-istrian-gran-cru\/#breadcrumb","itemListElement":[{"@type":"ListItem","position":1,"name":"Startseite","item":"https:\/\/suwine.at\/hr\/"},{"@type":"ListItem","position":2,"name":"Shop","item":"https:\/\/suwine.at\/shop\/"},{"@type":"ListItem","position":3,"name":"GENIUS Oliven\u00f6l Istrian Grand Cru"}]},{"@type":"WebSite","@id":"https:\/\/suwine.at\/hr\/#website","url":"https:\/\/suwine.at\/hr\/","name":"Suwine - Suwi Zlatic","description":"Sommelier | Gourmet Play Store | Consulting","potentialAction":[{"@type":"SearchAction","target":{"@type":"EntryPoint","urlTemplate":"https:\/\/suwine.at\/hr\/?s={search_term_string}"},"query-input":{"@type":"PropertyValueSpecification","valueRequired":true,"valueName":"search_term_string"}}],"inLanguage":"hr"}]}},"_links":{"self":[{"href":"https:\/\/suwine.at\/hr\/wp-json\/wp\/v2\/product\/228575","targetHints":{"allow":["GET"]}}],"collection":[{"href":"https:\/\/suwine.at\/hr\/wp-json\/wp\/v2\/product"}],"about":[{"href":"https:\/\/suwine.at\/hr\/wp-json\/wp\/v2\/types\/product"}],"wp:featuredmedia":[{"embeddable":true,"href":"https:\/\/suwine.at\/hr\/wp-json\/wp\/v2\/media\/231591"}],"wp:attachment":[{"href":"https:\/\/suwine.at\/hr\/wp-json\/wp\/v2\/media?parent=228575"}],"wp:term":[{"taxonomy":"product_brand","embeddable":true,"href":"https:\/\/suwine.at\/hr\/wp-json\/wp\/v2\/product_brand?post=228575"},{"taxonomy":"product_cat","embeddable":true,"href":"https:\/\/suwine.at\/hr\/wp-json\/wp\/v2\/product_cat?post=228575"},{"taxonomy":"product_tag","embeddable":true,"href":"https:\/\/suwine.at\/hr\/wp-json\/wp\/v2\/product_tag?post=228575"}],"curies":[{"name":"wp","href":"https:\/\/api.w.org\/{rel}","templated":true}]}}