{"id":228576,"date":"2022-02-24T12:57:33","date_gmt":"2022-02-24T11:57:33","guid":{"rendered":"https:\/\/suwine.at\/?post_type=product&#038;p=228576"},"modified":"2026-03-30T10:06:06","modified_gmt":"2026-03-30T08:06:06","slug":"genius-olivenoel-buza","status":"publish","type":"product","link":"https:\/\/suwine.at\/hr\/produkt\/genius-olivenoel-buza\/","title":{"rendered":"GENIUS Oliven\u00f6l Buza"},"content":{"rendered":"<h2>Das etwas andere Oliven-Erlebnis<\/h2>\n<p>Die Olivensorte Bu\u017ea ist die am weitesten verbreitete autochthone (einheimische) Sorte in Istrien.<\/p>\n<p>Sie ben\u00f6tigt warme und gesch\u00fctzte Lagen und eignet sich daher am besten f\u00fcr den Anbau in den warmen Gebieten S\u00fcd-Istriens.<\/p>\n<h3>Profil des Oliven\u00f6ls<\/h3>\n<table style=\"border-style: solid;border-color: #424242;background-color: #99daa2\" border=\"1\" cellpadding=\"10\">\n<tbody>\n<tr>\n<th style=\"text-align: center\"><span style=\"color: #ffffff\">Aromatik<\/span><\/th>\n<th style=\"text-align: center\"><span style=\"color: #ffffff\">Intensit\u00e4t<\/span><\/th>\n<th style=\"text-align: center\"><span style=\"color: #ffffff\">W\u00fcrze<\/span><\/th>\n<\/tr>\n<tr>\n<td style=\"text-align: center\"><span style=\"color: #ffffff\">*****<\/span><\/td>\n<td style=\"text-align: center\"><span style=\"color: #ffffff\">****<\/span><\/td>\n<td style=\"text-align: center\"><span style=\"color: #ffffff\">**<\/span><\/td>\n<\/tr>\n<\/tbody>\n<\/table>\n<span class=\"et_bloom_bottom_trigger\"><\/span>","protected":false},"excerpt":{"rendered":"<p>Hochwertiges Premium-\u00d6l der Oliven-Sorte &#8220;Bu\u017ea&#8221;. Gewachsen, geerntet und verarbeitet in Istrien.<\/p>\n","protected":false},"featured_media":231597,"template":"","meta":{"_et_pb_use_builder":"","_et_pb_old_content":"","_et_gb_content_width":""},"product_brand":[],"product_cat":[696],"product_tag":[704,705,68,391,699,703],"class_list":{"0":"post-228576","1":"product","2":"type-product","3":"status-publish","4":"has-post-thumbnail","6":"product_cat-genius-olives","7":"product_tag-nativ-extra","8":"product_tag-kaltgepresst","9":"product_tag-olivenoel","10":"product_tag-istrien","11":"product_tag-sorte-buza","12":"product_tag-extra-vergine","14":"first","15":"instock","16":"featured","17":"taxable","18":"shipping-taxable","19":"purchasable","20":"product-type-simple"},"yoast_head":"<!-- This site is optimized with the Yoast SEO plugin v27.2 - https:\/\/yoast.com\/product\/yoast-seo-wordpress\/ -->\n<title>GENIUS Oliven\u00f6l Buza - Suwine - Suwi Zlatic<\/title>\n<meta name=\"description\" content=\"Hochwertiges Premium-Oliven\u00f6l (Nativ Extra) der Oliven-Sorte &quot;Bu\u017ea&quot;. Gewachsen, geerntet und verarbeitet in Istrien.\" \/>\n<meta name=\"robots\" content=\"index, follow, max-snippet:-1, max-image-preview:large, max-video-preview:-1\" \/>\n<link rel=\"canonical\" href=\"https:\/\/suwine.at\/hr\/produkt\/genius-olivenoel-buza\/\" \/>\n<meta property=\"og:locale\" content=\"hr_HR\" \/>\n<meta property=\"og:type\" content=\"article\" \/>\n<meta property=\"og:title\" content=\"GENIUS Oliven\u00f6l Buza - Suwine - Suwi Zlatic\" \/>\n<meta property=\"og:description\" content=\"Hochwertiges Premium-Oliven\u00f6l (Nativ Extra) der Oliven-Sorte &quot;Bu\u017ea&quot;. Gewachsen, geerntet und verarbeitet in Istrien.\" \/>\n<meta property=\"og:url\" content=\"https:\/\/suwine.at\/hr\/produkt\/genius-olivenoel-buza\/\" \/>\n<meta property=\"og:site_name\" content=\"Suwine - Suwi Zlatic\" \/>\n<meta property=\"article:modified_time\" content=\"2026-03-30T08:06:06+00:00\" \/>\n<meta property=\"og:image\" content=\"https:\/\/suwine.at\/wp-content\/uploads\/2022\/01\/CF055150.jpg\" \/>\n\t<meta property=\"og:image:width\" content=\"1000\" \/>\n\t<meta property=\"og:image:height\" content=\"1000\" \/>\n\t<meta property=\"og:image:type\" content=\"image\/jpeg\" \/>\n<meta name=\"twitter:card\" content=\"summary_large_image\" \/>\n<meta name=\"twitter:label1\" content=\"Procijenjeno vrijeme \u010ditanja\" \/>\n\t<meta name=\"twitter:data1\" content=\"1 minuta\" \/>\n<script type=\"application\/ld+json\" class=\"yoast-schema-graph\">{\"@context\":\"https:\/\/schema.org\",\"@graph\":[{\"@type\":\"WebPage\",\"@id\":\"https:\/\/suwine.at\/hr\/produkt\/genius-olivenoel-buza\/\",\"url\":\"https:\/\/suwine.at\/hr\/produkt\/genius-olivenoel-buza\/\",\"name\":\"GENIUS Oliven\u00f6l Buza - Suwine - Suwi Zlatic\",\"isPartOf\":{\"@id\":\"https:\/\/suwine.at\/hr\/#website\"},\"primaryImageOfPage\":{\"@id\":\"https:\/\/suwine.at\/hr\/produkt\/genius-olivenoel-buza\/#primaryimage\"},\"image\":{\"@id\":\"https:\/\/suwine.at\/hr\/produkt\/genius-olivenoel-buza\/#primaryimage\"},\"thumbnailUrl\":\"https:\/\/suwine.at\/wp-content\/uploads\/2022\/01\/CF055150.jpg\",\"datePublished\":\"2022-02-24T11:57:33+00:00\",\"dateModified\":\"2026-03-30T08:06:06+00:00\",\"description\":\"Hochwertiges Premium-Oliven\u00f6l (Nativ Extra) der Oliven-Sorte \\\"Bu\u017ea\\\". Gewachsen, geerntet und verarbeitet in Istrien.\",\"breadcrumb\":{\"@id\":\"https:\/\/suwine.at\/hr\/produkt\/genius-olivenoel-buza\/#breadcrumb\"},\"inLanguage\":\"hr\",\"potentialAction\":[{\"@type\":\"ReadAction\",\"target\":[\"https:\/\/suwine.at\/hr\/produkt\/genius-olivenoel-buza\/\"]}]},{\"@type\":\"ImageObject\",\"inLanguage\":\"hr\",\"@id\":\"https:\/\/suwine.at\/hr\/produkt\/genius-olivenoel-buza\/#primaryimage\",\"url\":\"https:\/\/suwine.at\/wp-content\/uploads\/2022\/01\/CF055150.jpg\",\"contentUrl\":\"https:\/\/suwine.at\/wp-content\/uploads\/2022\/01\/CF055150.jpg\",\"width\":1000,\"height\":1000,\"caption\":\"Buza\"},{\"@type\":\"BreadcrumbList\",\"@id\":\"https:\/\/suwine.at\/hr\/produkt\/genius-olivenoel-buza\/#breadcrumb\",\"itemListElement\":[{\"@type\":\"ListItem\",\"position\":1,\"name\":\"Startseite\",\"item\":\"https:\/\/suwine.at\/hr\/\"},{\"@type\":\"ListItem\",\"position\":2,\"name\":\"Shop\",\"item\":\"https:\/\/suwine.at\/shop\/\"},{\"@type\":\"ListItem\",\"position\":3,\"name\":\"GENIUS Oliven\u00f6l Buza\"}]},{\"@type\":\"WebSite\",\"@id\":\"https:\/\/suwine.at\/hr\/#website\",\"url\":\"https:\/\/suwine.at\/hr\/\",\"name\":\"Suwine - Suwi Zlatic\",\"description\":\"Sommelier | Gourmet Play Store | Consulting\",\"potentialAction\":[{\"@type\":\"SearchAction\",\"target\":{\"@type\":\"EntryPoint\",\"urlTemplate\":\"https:\/\/suwine.at\/hr\/?s={search_term_string}\"},\"query-input\":{\"@type\":\"PropertyValueSpecification\",\"valueRequired\":true,\"valueName\":\"search_term_string\"}}],\"inLanguage\":\"hr\"}]}<\/script>\n<!-- \/ Yoast SEO plugin. -->","yoast_head_json":{"title":"GENIUS Oliven\u00f6l Buza - Suwine - Suwi Zlatic","description":"Hochwertiges Premium-Oliven\u00f6l (Nativ Extra) der Oliven-Sorte \"Bu\u017ea\". Gewachsen, geerntet und verarbeitet in Istrien.","robots":{"index":"index","follow":"follow","max-snippet":"max-snippet:-1","max-image-preview":"max-image-preview:large","max-video-preview":"max-video-preview:-1"},"canonical":"https:\/\/suwine.at\/hr\/produkt\/genius-olivenoel-buza\/","og_locale":"hr_HR","og_type":"article","og_title":"GENIUS Oliven\u00f6l Buza - Suwine - Suwi Zlatic","og_description":"Hochwertiges Premium-Oliven\u00f6l (Nativ Extra) der Oliven-Sorte \"Bu\u017ea\". Gewachsen, geerntet und verarbeitet in Istrien.","og_url":"https:\/\/suwine.at\/hr\/produkt\/genius-olivenoel-buza\/","og_site_name":"Suwine - Suwi Zlatic","article_modified_time":"2026-03-30T08:06:06+00:00","og_image":[{"width":1000,"height":1000,"url":"https:\/\/suwine.at\/wp-content\/uploads\/2022\/01\/CF055150.jpg","type":"image\/jpeg"}],"twitter_card":"summary_large_image","twitter_misc":{"Procijenjeno vrijeme \u010ditanja":"1 minuta"},"schema":{"@context":"https:\/\/schema.org","@graph":[{"@type":"WebPage","@id":"https:\/\/suwine.at\/hr\/produkt\/genius-olivenoel-buza\/","url":"https:\/\/suwine.at\/hr\/produkt\/genius-olivenoel-buza\/","name":"GENIUS Oliven\u00f6l Buza - Suwine - Suwi Zlatic","isPartOf":{"@id":"https:\/\/suwine.at\/hr\/#website"},"primaryImageOfPage":{"@id":"https:\/\/suwine.at\/hr\/produkt\/genius-olivenoel-buza\/#primaryimage"},"image":{"@id":"https:\/\/suwine.at\/hr\/produkt\/genius-olivenoel-buza\/#primaryimage"},"thumbnailUrl":"https:\/\/suwine.at\/wp-content\/uploads\/2022\/01\/CF055150.jpg","datePublished":"2022-02-24T11:57:33+00:00","dateModified":"2026-03-30T08:06:06+00:00","description":"Hochwertiges Premium-Oliven\u00f6l (Nativ Extra) der Oliven-Sorte \"Bu\u017ea\". Gewachsen, geerntet und verarbeitet in Istrien.","breadcrumb":{"@id":"https:\/\/suwine.at\/hr\/produkt\/genius-olivenoel-buza\/#breadcrumb"},"inLanguage":"hr","potentialAction":[{"@type":"ReadAction","target":["https:\/\/suwine.at\/hr\/produkt\/genius-olivenoel-buza\/"]}]},{"@type":"ImageObject","inLanguage":"hr","@id":"https:\/\/suwine.at\/hr\/produkt\/genius-olivenoel-buza\/#primaryimage","url":"https:\/\/suwine.at\/wp-content\/uploads\/2022\/01\/CF055150.jpg","contentUrl":"https:\/\/suwine.at\/wp-content\/uploads\/2022\/01\/CF055150.jpg","width":1000,"height":1000,"caption":"Buza"},{"@type":"BreadcrumbList","@id":"https:\/\/suwine.at\/hr\/produkt\/genius-olivenoel-buza\/#breadcrumb","itemListElement":[{"@type":"ListItem","position":1,"name":"Startseite","item":"https:\/\/suwine.at\/hr\/"},{"@type":"ListItem","position":2,"name":"Shop","item":"https:\/\/suwine.at\/shop\/"},{"@type":"ListItem","position":3,"name":"GENIUS Oliven\u00f6l Buza"}]},{"@type":"WebSite","@id":"https:\/\/suwine.at\/hr\/#website","url":"https:\/\/suwine.at\/hr\/","name":"Suwine - Suwi Zlatic","description":"Sommelier | Gourmet Play Store | Consulting","potentialAction":[{"@type":"SearchAction","target":{"@type":"EntryPoint","urlTemplate":"https:\/\/suwine.at\/hr\/?s={search_term_string}"},"query-input":{"@type":"PropertyValueSpecification","valueRequired":true,"valueName":"search_term_string"}}],"inLanguage":"hr"}]}},"_links":{"self":[{"href":"https:\/\/suwine.at\/hr\/wp-json\/wp\/v2\/product\/228576","targetHints":{"allow":["GET"]}}],"collection":[{"href":"https:\/\/suwine.at\/hr\/wp-json\/wp\/v2\/product"}],"about":[{"href":"https:\/\/suwine.at\/hr\/wp-json\/wp\/v2\/types\/product"}],"wp:featuredmedia":[{"embeddable":true,"href":"https:\/\/suwine.at\/hr\/wp-json\/wp\/v2\/media\/231597"}],"wp:attachment":[{"href":"https:\/\/suwine.at\/hr\/wp-json\/wp\/v2\/media?parent=228576"}],"wp:term":[{"taxonomy":"product_brand","embeddable":true,"href":"https:\/\/suwine.at\/hr\/wp-json\/wp\/v2\/product_brand?post=228576"},{"taxonomy":"product_cat","embeddable":true,"href":"https:\/\/suwine.at\/hr\/wp-json\/wp\/v2\/product_cat?post=228576"},{"taxonomy":"product_tag","embeddable":true,"href":"https:\/\/suwine.at\/hr\/wp-json\/wp\/v2\/product_tag?post=228576"}],"curies":[{"name":"wp","href":"https:\/\/api.w.org\/{rel}","templated":true}]}}