{"id":228577,"date":"2022-03-02T15:46:19","date_gmt":"2022-03-02T14:46:19","guid":{"rendered":"https:\/\/suwine.at\/?post_type=product&#038;p=228577"},"modified":"2026-03-30T10:05:54","modified_gmt":"2026-03-30T08:05:54","slug":"genius-olivenoel-leccino","status":"publish","type":"product","link":"https:\/\/suwine.at\/hr\/produkt\/genius-olivenoel-leccino\/","title":{"rendered":"GENIUS Oliven\u00f6l Leccino"},"content":{"rendered":"<h2>Das etwas andere Oliven-Erlebnis<\/h2>\n<p>Leccino wird seit 1940 in Istrien angebaut und stammt aus Italien, genauer aus der Region Toskana.<\/p>\n<p>Sie ist die weltweit am weitesten verbreitete Olivensorte, die ihre extreme Anpassungsf\u00e4higkeit an unterschiedliche Bedingungen verdankt.<\/p>\n<p>Die Sorte reift fr\u00fch (September \u2013 Oktober) und ist resistent gegen niedrige Temperaturen.<\/p>\n<p>Leccino ergibt ein \u00d6l von au\u00dfergew\u00f6hnlicher Qualit\u00e4t, mit einem ausgepr\u00e4gten, frischen, fruchtigen Duft von Olivenfr\u00fcchten und einem milden und s\u00fc\u00dfen Geschmack, ohne starkes Aroma.<\/p>\n<h3>Profil des Oliven\u00f6ls<\/h3>\n<table style=\"border-style: solid;border-color: #424242;background-color: #99daa2\" border=\"1\" cellpadding=\"10\">\n<tbody>\n<tr>\n<th style=\"text-align: center\"><span style=\"color: #ffffff\">Aromatik<\/span><\/th>\n<th style=\"text-align: center\"><span style=\"color: #ffffff\">Intensit\u00e4t<\/span><\/th>\n<th style=\"text-align: center\"><span style=\"color: #ffffff\">W\u00fcrze<\/span><\/th>\n<\/tr>\n<tr>\n<td style=\"text-align: center\"><span style=\"color: #ffffff\">***<\/span><\/td>\n<td style=\"text-align: center\"><span style=\"color: #ffffff\">**<\/span><\/td>\n<td style=\"text-align: center\"><span style=\"color: #ffffff\">****<\/span><\/td>\n<\/tr>\n<\/tbody>\n<\/table>\n<span class=\"et_bloom_bottom_trigger\"><\/span>","protected":false},"excerpt":{"rendered":"<p>Hochwertiges Premium-\u00d6l der Oliven-Sorte &#8220;Leccino&#8221;. Gewachsen, geerntet und verarbeitet in Istrien.<\/p>\n","protected":false},"featured_media":231593,"template":"","meta":{"_et_pb_use_builder":"","_et_pb_old_content":"","_et_gb_content_width":""},"product_brand":[],"product_cat":[696],"product_tag":[697,703,704,705,68,391],"class_list":{"0":"post-228577","1":"product","2":"type-product","3":"status-publish","4":"has-post-thumbnail","6":"product_cat-genius-olives","7":"product_tag-sorte-leccino","8":"product_tag-extra-vergine","9":"product_tag-nativ-extra","10":"product_tag-kaltgepresst","11":"product_tag-olivenoel","12":"product_tag-istrien","14":"first","15":"instock","16":"featured","17":"taxable","18":"shipping-taxable","19":"purchasable","20":"product-type-simple"},"yoast_head":"<!-- This site is optimized with the Yoast SEO plugin v27.2 - https:\/\/yoast.com\/product\/yoast-seo-wordpress\/ -->\n<title>GENIUS Oliven\u00f6l Leccino - Suwine - Suwi Zlatic<\/title>\n<meta name=\"description\" content=\"Hochwertiges Premium-Oliven\u00f6l der Oliven-Sorte &quot;Leccino&quot;. Gewachsen, geerntet und verarbeitet in Istrien.\" \/>\n<meta name=\"robots\" content=\"index, follow, max-snippet:-1, max-image-preview:large, max-video-preview:-1\" \/>\n<link rel=\"canonical\" href=\"https:\/\/suwine.at\/hr\/produkt\/genius-olivenoel-leccino\/\" \/>\n<meta property=\"og:locale\" content=\"hr_HR\" \/>\n<meta property=\"og:type\" content=\"article\" \/>\n<meta property=\"og:title\" content=\"GENIUS Oliven\u00f6l Leccino - Suwine - Suwi Zlatic\" \/>\n<meta property=\"og:description\" content=\"Hochwertiges Premium-Oliven\u00f6l der Oliven-Sorte &quot;Leccino&quot;. Gewachsen, geerntet und verarbeitet in Istrien.\" \/>\n<meta property=\"og:url\" content=\"https:\/\/suwine.at\/hr\/produkt\/genius-olivenoel-leccino\/\" \/>\n<meta property=\"og:site_name\" content=\"Suwine - Suwi Zlatic\" \/>\n<meta property=\"article:modified_time\" content=\"2026-03-30T08:05:54+00:00\" \/>\n<meta property=\"og:image\" content=\"https:\/\/suwine.at\/wp-content\/uploads\/2022\/01\/CF055144.jpg\" \/>\n\t<meta property=\"og:image:width\" content=\"1000\" \/>\n\t<meta property=\"og:image:height\" content=\"1000\" \/>\n\t<meta property=\"og:image:type\" content=\"image\/jpeg\" \/>\n<meta name=\"twitter:card\" content=\"summary_large_image\" \/>\n<meta name=\"twitter:label1\" content=\"Procijenjeno vrijeme \u010ditanja\" \/>\n\t<meta name=\"twitter:data1\" content=\"1 minuta\" \/>\n<script type=\"application\/ld+json\" class=\"yoast-schema-graph\">{\"@context\":\"https:\/\/schema.org\",\"@graph\":[{\"@type\":\"WebPage\",\"@id\":\"https:\/\/suwine.at\/hr\/produkt\/genius-olivenoel-leccino\/\",\"url\":\"https:\/\/suwine.at\/hr\/produkt\/genius-olivenoel-leccino\/\",\"name\":\"GENIUS Oliven\u00f6l Leccino - Suwine - Suwi Zlatic\",\"isPartOf\":{\"@id\":\"https:\/\/suwine.at\/hr\/#website\"},\"primaryImageOfPage\":{\"@id\":\"https:\/\/suwine.at\/hr\/produkt\/genius-olivenoel-leccino\/#primaryimage\"},\"image\":{\"@id\":\"https:\/\/suwine.at\/hr\/produkt\/genius-olivenoel-leccino\/#primaryimage\"},\"thumbnailUrl\":\"https:\/\/suwine.at\/wp-content\/uploads\/2022\/01\/CF055144.jpg\",\"datePublished\":\"2022-03-02T14:46:19+00:00\",\"dateModified\":\"2026-03-30T08:05:54+00:00\",\"description\":\"Hochwertiges Premium-Oliven\u00f6l der Oliven-Sorte \\\"Leccino\\\". Gewachsen, geerntet und verarbeitet in Istrien.\",\"breadcrumb\":{\"@id\":\"https:\/\/suwine.at\/hr\/produkt\/genius-olivenoel-leccino\/#breadcrumb\"},\"inLanguage\":\"hr\",\"potentialAction\":[{\"@type\":\"ReadAction\",\"target\":[\"https:\/\/suwine.at\/hr\/produkt\/genius-olivenoel-leccino\/\"]}]},{\"@type\":\"ImageObject\",\"inLanguage\":\"hr\",\"@id\":\"https:\/\/suwine.at\/hr\/produkt\/genius-olivenoel-leccino\/#primaryimage\",\"url\":\"https:\/\/suwine.at\/wp-content\/uploads\/2022\/01\/CF055144.jpg\",\"contentUrl\":\"https:\/\/suwine.at\/wp-content\/uploads\/2022\/01\/CF055144.jpg\",\"width\":1000,\"height\":1000,\"caption\":\"leccino\"},{\"@type\":\"BreadcrumbList\",\"@id\":\"https:\/\/suwine.at\/hr\/produkt\/genius-olivenoel-leccino\/#breadcrumb\",\"itemListElement\":[{\"@type\":\"ListItem\",\"position\":1,\"name\":\"Startseite\",\"item\":\"https:\/\/suwine.at\/hr\/\"},{\"@type\":\"ListItem\",\"position\":2,\"name\":\"Shop\",\"item\":\"https:\/\/suwine.at\/shop\/\"},{\"@type\":\"ListItem\",\"position\":3,\"name\":\"GENIUS Oliven\u00f6l Leccino\"}]},{\"@type\":\"WebSite\",\"@id\":\"https:\/\/suwine.at\/hr\/#website\",\"url\":\"https:\/\/suwine.at\/hr\/\",\"name\":\"Suwine - Suwi Zlatic\",\"description\":\"Sommelier | Gourmet Play Store | Consulting\",\"potentialAction\":[{\"@type\":\"SearchAction\",\"target\":{\"@type\":\"EntryPoint\",\"urlTemplate\":\"https:\/\/suwine.at\/hr\/?s={search_term_string}\"},\"query-input\":{\"@type\":\"PropertyValueSpecification\",\"valueRequired\":true,\"valueName\":\"search_term_string\"}}],\"inLanguage\":\"hr\"}]}<\/script>\n<!-- \/ Yoast SEO plugin. -->","yoast_head_json":{"title":"GENIUS Oliven\u00f6l Leccino - Suwine - Suwi Zlatic","description":"Hochwertiges Premium-Oliven\u00f6l der Oliven-Sorte \"Leccino\". Gewachsen, geerntet und verarbeitet in Istrien.","robots":{"index":"index","follow":"follow","max-snippet":"max-snippet:-1","max-image-preview":"max-image-preview:large","max-video-preview":"max-video-preview:-1"},"canonical":"https:\/\/suwine.at\/hr\/produkt\/genius-olivenoel-leccino\/","og_locale":"hr_HR","og_type":"article","og_title":"GENIUS Oliven\u00f6l Leccino - Suwine - Suwi Zlatic","og_description":"Hochwertiges Premium-Oliven\u00f6l der Oliven-Sorte \"Leccino\". Gewachsen, geerntet und verarbeitet in Istrien.","og_url":"https:\/\/suwine.at\/hr\/produkt\/genius-olivenoel-leccino\/","og_site_name":"Suwine - Suwi Zlatic","article_modified_time":"2026-03-30T08:05:54+00:00","og_image":[{"width":1000,"height":1000,"url":"https:\/\/suwine.at\/wp-content\/uploads\/2022\/01\/CF055144.jpg","type":"image\/jpeg"}],"twitter_card":"summary_large_image","twitter_misc":{"Procijenjeno vrijeme \u010ditanja":"1 minuta"},"schema":{"@context":"https:\/\/schema.org","@graph":[{"@type":"WebPage","@id":"https:\/\/suwine.at\/hr\/produkt\/genius-olivenoel-leccino\/","url":"https:\/\/suwine.at\/hr\/produkt\/genius-olivenoel-leccino\/","name":"GENIUS Oliven\u00f6l Leccino - Suwine - Suwi Zlatic","isPartOf":{"@id":"https:\/\/suwine.at\/hr\/#website"},"primaryImageOfPage":{"@id":"https:\/\/suwine.at\/hr\/produkt\/genius-olivenoel-leccino\/#primaryimage"},"image":{"@id":"https:\/\/suwine.at\/hr\/produkt\/genius-olivenoel-leccino\/#primaryimage"},"thumbnailUrl":"https:\/\/suwine.at\/wp-content\/uploads\/2022\/01\/CF055144.jpg","datePublished":"2022-03-02T14:46:19+00:00","dateModified":"2026-03-30T08:05:54+00:00","description":"Hochwertiges Premium-Oliven\u00f6l der Oliven-Sorte \"Leccino\". Gewachsen, geerntet und verarbeitet in Istrien.","breadcrumb":{"@id":"https:\/\/suwine.at\/hr\/produkt\/genius-olivenoel-leccino\/#breadcrumb"},"inLanguage":"hr","potentialAction":[{"@type":"ReadAction","target":["https:\/\/suwine.at\/hr\/produkt\/genius-olivenoel-leccino\/"]}]},{"@type":"ImageObject","inLanguage":"hr","@id":"https:\/\/suwine.at\/hr\/produkt\/genius-olivenoel-leccino\/#primaryimage","url":"https:\/\/suwine.at\/wp-content\/uploads\/2022\/01\/CF055144.jpg","contentUrl":"https:\/\/suwine.at\/wp-content\/uploads\/2022\/01\/CF055144.jpg","width":1000,"height":1000,"caption":"leccino"},{"@type":"BreadcrumbList","@id":"https:\/\/suwine.at\/hr\/produkt\/genius-olivenoel-leccino\/#breadcrumb","itemListElement":[{"@type":"ListItem","position":1,"name":"Startseite","item":"https:\/\/suwine.at\/hr\/"},{"@type":"ListItem","position":2,"name":"Shop","item":"https:\/\/suwine.at\/shop\/"},{"@type":"ListItem","position":3,"name":"GENIUS Oliven\u00f6l Leccino"}]},{"@type":"WebSite","@id":"https:\/\/suwine.at\/hr\/#website","url":"https:\/\/suwine.at\/hr\/","name":"Suwine - Suwi Zlatic","description":"Sommelier | Gourmet Play Store | Consulting","potentialAction":[{"@type":"SearchAction","target":{"@type":"EntryPoint","urlTemplate":"https:\/\/suwine.at\/hr\/?s={search_term_string}"},"query-input":{"@type":"PropertyValueSpecification","valueRequired":true,"valueName":"search_term_string"}}],"inLanguage":"hr"}]}},"_links":{"self":[{"href":"https:\/\/suwine.at\/hr\/wp-json\/wp\/v2\/product\/228577","targetHints":{"allow":["GET"]}}],"collection":[{"href":"https:\/\/suwine.at\/hr\/wp-json\/wp\/v2\/product"}],"about":[{"href":"https:\/\/suwine.at\/hr\/wp-json\/wp\/v2\/types\/product"}],"wp:featuredmedia":[{"embeddable":true,"href":"https:\/\/suwine.at\/hr\/wp-json\/wp\/v2\/media\/231593"}],"wp:attachment":[{"href":"https:\/\/suwine.at\/hr\/wp-json\/wp\/v2\/media?parent=228577"}],"wp:term":[{"taxonomy":"product_brand","embeddable":true,"href":"https:\/\/suwine.at\/hr\/wp-json\/wp\/v2\/product_brand?post=228577"},{"taxonomy":"product_cat","embeddable":true,"href":"https:\/\/suwine.at\/hr\/wp-json\/wp\/v2\/product_cat?post=228577"},{"taxonomy":"product_tag","embeddable":true,"href":"https:\/\/suwine.at\/hr\/wp-json\/wp\/v2\/product_tag?post=228577"}],"curies":[{"name":"wp","href":"https:\/\/api.w.org\/{rel}","templated":true}]}}