{"id":230036,"date":"2022-09-03T16:12:26","date_gmt":"2022-09-03T14:12:26","guid":{"rendered":"https:\/\/suwine.at\/?post_type=product&#038;p=230036"},"modified":"2024-10-14T15:46:19","modified_gmt":"2024-10-14T13:46:19","slug":"wein-ueberraschungspaket-wine-blind-date","status":"publish","type":"product","link":"https:\/\/suwine.at\/hr\/produkt\/wein-ueberraschungspaket-wine-blind-date\/","title":{"rendered":"Wein-\u00dcberraschungspaket &#8220;Wine Blind Date&#8221;"},"content":{"rendered":"<h2>Aufregendes Blind Date f\u00fcr Weinliebhaber!<\/h2>\n<p>Du mit 6 Unbekannten: Romantisch, aromatisch, spannend, herausfordernd, aufregend.<\/p>\n<p>Dabei hast du 3 Herkunfts-Optionen zur Wahl:<\/p>\n<ol>\n<li>\u00d6sterreich,<\/li>\n<li>international oder doch ein<\/li>\n<li>Mix aus beiden (\u00d6sterreich und international)?<\/li>\n<\/ol>\n<p><strong>Paket-Inhalt:\u00a0<\/strong><\/p>\n<ul>\n<li><strong>6 Flaschen zu je 0,75l \u201eSuwine selected\u201c Weine mit sensationellem Preis-Leistungs-Verh\u00e4ltnis!<\/strong><\/li>\n<\/ul>\n<p>Wei\u00df, rot oder rose. Bekannter Winzer oder Geheimtipp.<br \/>\nAlles ist m\u00f6glich! In jedem Fall selektierte Weinerlebnisse pur.<\/p>\n<p><strong>Lass\u00b4 dich von Suwis Sommelier-K\u00fcnsten \u00fcberraschen und vom Unbekannten verf\u00fchren!<\/strong><\/p>\n<span class=\"et_bloom_bottom_trigger\"><\/span>","protected":false},"excerpt":{"rendered":"<p>\u00dcberraschungspaket mit 6 Flaschen Wein zu je 0,75l.<br \/>\n3 Herkunfts-Optionen zur Wahl: \u00d6sterreich, international oder ein Mix aus \u00d6sterreich und international.<\/p>\n","protected":false},"featured_media":230040,"template":"","meta":{"_et_pb_use_builder":"","_et_pb_old_content":"","_et_gb_content_width":""},"product_brand":[],"product_cat":[207],"product_tag":[805,806],"class_list":{"0":"post-230036","1":"product","2":"type-product","3":"status-publish","4":"has-post-thumbnail","6":"product_cat-weinboxen-gemischt","7":"product_tag-weinpaket","8":"product_tag-ueberraschungspaket","10":"first","11":"instock","12":"taxable","13":"shipping-taxable","14":"purchasable","15":"product-type-variable"},"yoast_head":"<!-- This site is optimized with the Yoast SEO plugin v27.2 - https:\/\/yoast.com\/product\/yoast-seo-wordpress\/ -->\n<title>Wein-\u00dcberraschungspaket &quot;Wine Blind Date&quot; - Suwine - Suwi Zlatic<\/title>\n<meta name=\"description\" content=\"Aufregendes Blind Date f\u00fcr Weinliebhaber! 3 Herkunfts-Optionen zur Wahl: \u00d6sterreich, international, Mix aus \u00d6sterreich und international. 6 Flaschen.\" \/>\n<meta name=\"robots\" content=\"index, follow, max-snippet:-1, max-image-preview:large, max-video-preview:-1\" \/>\n<link rel=\"canonical\" href=\"https:\/\/suwine.at\/hr\/produkt\/wein-ueberraschungspaket-wine-blind-date\/\" \/>\n<meta property=\"og:locale\" content=\"hr_HR\" \/>\n<meta property=\"og:type\" content=\"article\" \/>\n<meta property=\"og:title\" content=\"Wein-\u00dcberraschungspaket &quot;Wine Blind Date&quot; - Suwine - Suwi Zlatic\" \/>\n<meta property=\"og:description\" content=\"Aufregendes Blind Date f\u00fcr Weinliebhaber! 3 Herkunfts-Optionen zur Wahl: \u00d6sterreich, international, Mix aus \u00d6sterreich und international. 6 Flaschen.\" \/>\n<meta property=\"og:url\" content=\"https:\/\/suwine.at\/hr\/produkt\/wein-ueberraschungspaket-wine-blind-date\/\" \/>\n<meta property=\"og:site_name\" content=\"Suwine - Suwi Zlatic\" \/>\n<meta property=\"article:modified_time\" content=\"2024-10-14T13:46:19+00:00\" \/>\n<meta property=\"og:image\" content=\"https:\/\/suwine.at\/wp-content\/uploads\/2022\/09\/Wine-Blind-Date.jpg\" \/>\n\t<meta property=\"og:image:width\" content=\"1000\" \/>\n\t<meta property=\"og:image:height\" content=\"1000\" \/>\n\t<meta property=\"og:image:type\" content=\"image\/jpeg\" \/>\n<meta name=\"twitter:card\" content=\"summary_large_image\" \/>\n<meta name=\"twitter:label1\" content=\"Procijenjeno vrijeme \u010ditanja\" \/>\n\t<meta name=\"twitter:data1\" content=\"1 minuta\" \/>\n<script type=\"application\/ld+json\" class=\"yoast-schema-graph\">{\"@context\":\"https:\/\/schema.org\",\"@graph\":[{\"@type\":\"WebPage\",\"@id\":\"https:\/\/suwine.at\/hr\/produkt\/wein-ueberraschungspaket-wine-blind-date\/\",\"url\":\"https:\/\/suwine.at\/hr\/produkt\/wein-ueberraschungspaket-wine-blind-date\/\",\"name\":\"Wein-\u00dcberraschungspaket \\\"Wine Blind Date\\\" - Suwine - Suwi Zlatic\",\"isPartOf\":{\"@id\":\"https:\/\/suwine.at\/hr\/#website\"},\"primaryImageOfPage\":{\"@id\":\"https:\/\/suwine.at\/hr\/produkt\/wein-ueberraschungspaket-wine-blind-date\/#primaryimage\"},\"image\":{\"@id\":\"https:\/\/suwine.at\/hr\/produkt\/wein-ueberraschungspaket-wine-blind-date\/#primaryimage\"},\"thumbnailUrl\":\"https:\/\/suwine.at\/wp-content\/uploads\/2022\/09\/Wine-Blind-Date.jpg\",\"datePublished\":\"2022-09-03T14:12:26+00:00\",\"dateModified\":\"2024-10-14T13:46:19+00:00\",\"description\":\"Aufregendes Blind Date f\u00fcr Weinliebhaber! 3 Herkunfts-Optionen zur Wahl: \u00d6sterreich, international, Mix aus \u00d6sterreich und international. 6 Flaschen.\",\"breadcrumb\":{\"@id\":\"https:\/\/suwine.at\/hr\/produkt\/wein-ueberraschungspaket-wine-blind-date\/#breadcrumb\"},\"inLanguage\":\"hr\",\"potentialAction\":[{\"@type\":\"ReadAction\",\"target\":[\"https:\/\/suwine.at\/hr\/produkt\/wein-ueberraschungspaket-wine-blind-date\/\"]}]},{\"@type\":\"ImageObject\",\"inLanguage\":\"hr\",\"@id\":\"https:\/\/suwine.at\/hr\/produkt\/wein-ueberraschungspaket-wine-blind-date\/#primaryimage\",\"url\":\"https:\/\/suwine.at\/wp-content\/uploads\/2022\/09\/Wine-Blind-Date.jpg\",\"contentUrl\":\"https:\/\/suwine.at\/wp-content\/uploads\/2022\/09\/Wine-Blind-Date.jpg\",\"width\":1000,\"height\":1000,\"caption\":\"Wine-Blind-Date\"},{\"@type\":\"BreadcrumbList\",\"@id\":\"https:\/\/suwine.at\/hr\/produkt\/wein-ueberraschungspaket-wine-blind-date\/#breadcrumb\",\"itemListElement\":[{\"@type\":\"ListItem\",\"position\":1,\"name\":\"Startseite\",\"item\":\"https:\/\/suwine.at\/hr\/\"},{\"@type\":\"ListItem\",\"position\":2,\"name\":\"Shop\",\"item\":\"https:\/\/suwine.at\/shop\/\"},{\"@type\":\"ListItem\",\"position\":3,\"name\":\"Wein-\u00dcberraschungspaket &#8220;Wine Blind Date&#8221;\"}]},{\"@type\":\"WebSite\",\"@id\":\"https:\/\/suwine.at\/hr\/#website\",\"url\":\"https:\/\/suwine.at\/hr\/\",\"name\":\"Suwine - Suwi Zlatic\",\"description\":\"Sommelier | Gourmet Play Store | Consulting\",\"potentialAction\":[{\"@type\":\"SearchAction\",\"target\":{\"@type\":\"EntryPoint\",\"urlTemplate\":\"https:\/\/suwine.at\/hr\/?s={search_term_string}\"},\"query-input\":{\"@type\":\"PropertyValueSpecification\",\"valueRequired\":true,\"valueName\":\"search_term_string\"}}],\"inLanguage\":\"hr\"}]}<\/script>\n<!-- \/ Yoast SEO plugin. -->","yoast_head_json":{"title":"Wein-\u00dcberraschungspaket \"Wine Blind Date\" - Suwine - Suwi Zlatic","description":"Aufregendes Blind Date f\u00fcr Weinliebhaber! 3 Herkunfts-Optionen zur Wahl: \u00d6sterreich, international, Mix aus \u00d6sterreich und international. 6 Flaschen.","robots":{"index":"index","follow":"follow","max-snippet":"max-snippet:-1","max-image-preview":"max-image-preview:large","max-video-preview":"max-video-preview:-1"},"canonical":"https:\/\/suwine.at\/hr\/produkt\/wein-ueberraschungspaket-wine-blind-date\/","og_locale":"hr_HR","og_type":"article","og_title":"Wein-\u00dcberraschungspaket \"Wine Blind Date\" - Suwine - Suwi Zlatic","og_description":"Aufregendes Blind Date f\u00fcr Weinliebhaber! 3 Herkunfts-Optionen zur Wahl: \u00d6sterreich, international, Mix aus \u00d6sterreich und international. 6 Flaschen.","og_url":"https:\/\/suwine.at\/hr\/produkt\/wein-ueberraschungspaket-wine-blind-date\/","og_site_name":"Suwine - Suwi Zlatic","article_modified_time":"2024-10-14T13:46:19+00:00","og_image":[{"width":1000,"height":1000,"url":"https:\/\/suwine.at\/wp-content\/uploads\/2022\/09\/Wine-Blind-Date.jpg","type":"image\/jpeg"}],"twitter_card":"summary_large_image","twitter_misc":{"Procijenjeno vrijeme \u010ditanja":"1 minuta"},"schema":{"@context":"https:\/\/schema.org","@graph":[{"@type":"WebPage","@id":"https:\/\/suwine.at\/hr\/produkt\/wein-ueberraschungspaket-wine-blind-date\/","url":"https:\/\/suwine.at\/hr\/produkt\/wein-ueberraschungspaket-wine-blind-date\/","name":"Wein-\u00dcberraschungspaket \"Wine Blind Date\" - Suwine - Suwi Zlatic","isPartOf":{"@id":"https:\/\/suwine.at\/hr\/#website"},"primaryImageOfPage":{"@id":"https:\/\/suwine.at\/hr\/produkt\/wein-ueberraschungspaket-wine-blind-date\/#primaryimage"},"image":{"@id":"https:\/\/suwine.at\/hr\/produkt\/wein-ueberraschungspaket-wine-blind-date\/#primaryimage"},"thumbnailUrl":"https:\/\/suwine.at\/wp-content\/uploads\/2022\/09\/Wine-Blind-Date.jpg","datePublished":"2022-09-03T14:12:26+00:00","dateModified":"2024-10-14T13:46:19+00:00","description":"Aufregendes Blind Date f\u00fcr Weinliebhaber! 3 Herkunfts-Optionen zur Wahl: \u00d6sterreich, international, Mix aus \u00d6sterreich und international. 6 Flaschen.","breadcrumb":{"@id":"https:\/\/suwine.at\/hr\/produkt\/wein-ueberraschungspaket-wine-blind-date\/#breadcrumb"},"inLanguage":"hr","potentialAction":[{"@type":"ReadAction","target":["https:\/\/suwine.at\/hr\/produkt\/wein-ueberraschungspaket-wine-blind-date\/"]}]},{"@type":"ImageObject","inLanguage":"hr","@id":"https:\/\/suwine.at\/hr\/produkt\/wein-ueberraschungspaket-wine-blind-date\/#primaryimage","url":"https:\/\/suwine.at\/wp-content\/uploads\/2022\/09\/Wine-Blind-Date.jpg","contentUrl":"https:\/\/suwine.at\/wp-content\/uploads\/2022\/09\/Wine-Blind-Date.jpg","width":1000,"height":1000,"caption":"Wine-Blind-Date"},{"@type":"BreadcrumbList","@id":"https:\/\/suwine.at\/hr\/produkt\/wein-ueberraschungspaket-wine-blind-date\/#breadcrumb","itemListElement":[{"@type":"ListItem","position":1,"name":"Startseite","item":"https:\/\/suwine.at\/hr\/"},{"@type":"ListItem","position":2,"name":"Shop","item":"https:\/\/suwine.at\/shop\/"},{"@type":"ListItem","position":3,"name":"Wein-\u00dcberraschungspaket &#8220;Wine Blind Date&#8221;"}]},{"@type":"WebSite","@id":"https:\/\/suwine.at\/hr\/#website","url":"https:\/\/suwine.at\/hr\/","name":"Suwine - Suwi Zlatic","description":"Sommelier | Gourmet Play Store | Consulting","potentialAction":[{"@type":"SearchAction","target":{"@type":"EntryPoint","urlTemplate":"https:\/\/suwine.at\/hr\/?s={search_term_string}"},"query-input":{"@type":"PropertyValueSpecification","valueRequired":true,"valueName":"search_term_string"}}],"inLanguage":"hr"}]}},"_links":{"self":[{"href":"https:\/\/suwine.at\/hr\/wp-json\/wp\/v2\/product\/230036","targetHints":{"allow":["GET"]}}],"collection":[{"href":"https:\/\/suwine.at\/hr\/wp-json\/wp\/v2\/product"}],"about":[{"href":"https:\/\/suwine.at\/hr\/wp-json\/wp\/v2\/types\/product"}],"wp:featuredmedia":[{"embeddable":true,"href":"https:\/\/suwine.at\/hr\/wp-json\/wp\/v2\/media\/230040"}],"wp:attachment":[{"href":"https:\/\/suwine.at\/hr\/wp-json\/wp\/v2\/media?parent=230036"}],"wp:term":[{"taxonomy":"product_brand","embeddable":true,"href":"https:\/\/suwine.at\/hr\/wp-json\/wp\/v2\/product_brand?post=230036"},{"taxonomy":"product_cat","embeddable":true,"href":"https:\/\/suwine.at\/hr\/wp-json\/wp\/v2\/product_cat?post=230036"},{"taxonomy":"product_tag","embeddable":true,"href":"https:\/\/suwine.at\/hr\/wp-json\/wp\/v2\/product_tag?post=230036"}],"curies":[{"name":"wp","href":"https:\/\/api.w.org\/{rel}","templated":true}]}}