{"id":230076,"date":"2022-09-04T17:57:32","date_gmt":"2022-09-04T15:57:32","guid":{"rendered":"https:\/\/suwine.at\/?post_type=product&#038;p=230076"},"modified":"2026-03-30T10:07:52","modified_gmt":"2026-03-30T08:07:52","slug":"hirschsalami-mit-trueffeln","status":"publish","type":"product","link":"https:\/\/suwine.at\/hr\/produkt\/hirschsalami-mit-trueffeln\/","title":{"rendered":"Hirschsalami mit Tr\u00fcffeln"},"content":{"rendered":"<h2 style=\"font-weight: 400\">Hirsch und Tr\u00fcffel, diese Verbindung ist eine kulinarische Ansage!<\/h2>\n<p style=\"font-weight: 400\">Die beiden Aromen-Giganten entpuppen sich als das \u201eperfect match\u201c schlechthin.<\/p>\n<p style=\"font-weight: 400\">Im Gegensatz zu herk\u00f6mmlichen Salamis werden in unserer Produktion ganze Fleischst\u00fccke verwendet und nach dem traditionellen Rezept, welches \u00fcber Generationen weitergegeben worden ist, hergestellt. Dieses Herstellungsverfahren wissen wir bis heute noch zu sch\u00e4tzen und zu lieben.<\/p>\n<p style=\"font-weight: 400\">Die Veredelung der Salami erfolgt mit unseren schwarzen Tr\u00fcffeln und heimischen Gew\u00fcrzen. Dass es sich hier um Liebe zum Detail handelt, davon zeugt die Lagerung und zweimonatige Reifung in alten istrischen Trockensteingem\u00e4uern. Die Meeresluft und die k\u00fchlen Winde des U\u010dka Gebirges sorgen f\u00fcr die besten und einzigartigsten Konditionen.<\/p>\n<p style=\"font-weight: 400\">Die Textur der Salami ist nur bedingt auf der \u201ewilden\u201c Seite, durch den Tr\u00fcffel gesellt sich die Eleganz im Geschmack sehr schnell dazu.<\/p>\n<p style=\"font-weight: 400\">Genusstipp: In Kombination mit der Rebsorte Syrah oder einem Jahrgangs-Champagne, Pinot Noir dominiert, l\u00e4uft unsere Hirschsalami mit Tr\u00fcffeln zur H\u00f6chstform auf. Dabei k\u00f6nnte ein wenig Preiselbeer- Marmelade f\u00fcr ein gewisses \u201eAHA-Erlebnis\u201c sorgen.<\/p>\n<p style=\"font-weight: 400\"><strong>Inhalt: 300 Gramm<\/strong><br \/>\n<em>Luftdicht verpackt (vakuumiert)<\/em><\/p>\n<span class=\"et_bloom_bottom_trigger\"><\/span>","protected":false},"excerpt":{"rendered":"<p>Die Textur der Salami ist nur bedingt auf der \u201ewilden\u201c Seite, durch den Tr\u00fcffel gesellt sich die Eleganz im Geschmack sehr schnell dazu.<\/p>\n","protected":false},"featured_media":235915,"template":"","meta":{"_et_pb_use_builder":"","_et_pb_old_content":"","_et_gb_content_width":""},"product_brand":[],"product_cat":[48],"product_tag":[256,824,62,66],"class_list":{"0":"post-230076","1":"product","2":"type-product","3":"status-publish","4":"has-post-thumbnail","6":"product_cat-genius-tartufi","7":"product_tag-hirschsalami","8":"product_tag-genussempfehlung-2210","9":"product_tag-trueffel","10":"product_tag-salami","12":"first","13":"outofstock","14":"taxable","15":"shipping-taxable","16":"purchasable","17":"product-type-simple"},"yoast_head":"<!-- This site is optimized with the Yoast SEO plugin v27.2 - https:\/\/yoast.com\/product\/yoast-seo-wordpress\/ -->\n<title>Hirschsalami mit Tr\u00fcffeln - Suwine - Suwi Zlatic<\/title>\n<meta name=\"description\" content=\"Hirsch und Tr\u00fcffel, diese Verbindung ist eine kulinarische Ansage!Die beiden Aromen-Giganten entpuppen sich als das \u201eperfect match\u201c schlechthin.\" \/>\n<meta name=\"robots\" content=\"index, follow, max-snippet:-1, max-image-preview:large, max-video-preview:-1\" \/>\n<link rel=\"canonical\" href=\"https:\/\/suwine.at\/hr\/produkt\/hirschsalami-mit-trueffeln\/\" \/>\n<meta property=\"og:locale\" content=\"hr_HR\" \/>\n<meta property=\"og:type\" content=\"article\" \/>\n<meta property=\"og:title\" content=\"Hirschsalami mit Tr\u00fcffeln - Suwine - Suwi Zlatic\" \/>\n<meta property=\"og:description\" content=\"Hirsch und Tr\u00fcffel, diese Verbindung ist eine kulinarische Ansage!Die beiden Aromen-Giganten entpuppen sich als das \u201eperfect match\u201c schlechthin.\" \/>\n<meta property=\"og:url\" content=\"https:\/\/suwine.at\/hr\/produkt\/hirschsalami-mit-trueffeln\/\" \/>\n<meta property=\"og:site_name\" content=\"Suwine - Suwi Zlatic\" \/>\n<meta property=\"article:modified_time\" content=\"2026-03-30T08:07:52+00:00\" \/>\n<meta property=\"og:image\" content=\"https:\/\/suwine.at\/wp-content\/uploads\/2025\/04\/IMG_0822.avif\" \/>\n\t<meta property=\"og:image:width\" content=\"1600\" \/>\n\t<meta property=\"og:image:height\" content=\"1600\" \/>\n\t<meta property=\"og:image:type\" content=\"image\/jpeg\" \/>\n<meta name=\"twitter:card\" content=\"summary_large_image\" \/>\n<meta name=\"twitter:label1\" content=\"Procijenjeno vrijeme \u010ditanja\" \/>\n\t<meta name=\"twitter:data1\" content=\"2 minute\" \/>\n<script type=\"application\/ld+json\" class=\"yoast-schema-graph\">{\"@context\":\"https:\/\/schema.org\",\"@graph\":[{\"@type\":\"WebPage\",\"@id\":\"https:\/\/suwine.at\/hr\/produkt\/hirschsalami-mit-trueffeln\/\",\"url\":\"https:\/\/suwine.at\/hr\/produkt\/hirschsalami-mit-trueffeln\/\",\"name\":\"Hirschsalami mit Tr\u00fcffeln - Suwine - Suwi Zlatic\",\"isPartOf\":{\"@id\":\"https:\/\/suwine.at\/hr\/#website\"},\"primaryImageOfPage\":{\"@id\":\"https:\/\/suwine.at\/hr\/produkt\/hirschsalami-mit-trueffeln\/#primaryimage\"},\"image\":{\"@id\":\"https:\/\/suwine.at\/hr\/produkt\/hirschsalami-mit-trueffeln\/#primaryimage\"},\"thumbnailUrl\":\"https:\/\/suwine.at\/wp-content\/uploads\/2025\/04\/IMG_0822.avif\",\"datePublished\":\"2022-09-04T15:57:32+00:00\",\"dateModified\":\"2026-03-30T08:07:52+00:00\",\"description\":\"Hirsch und Tr\u00fcffel, diese Verbindung ist eine kulinarische Ansage!Die beiden Aromen-Giganten entpuppen sich als das \u201eperfect match\u201c schlechthin.\",\"breadcrumb\":{\"@id\":\"https:\/\/suwine.at\/hr\/produkt\/hirschsalami-mit-trueffeln\/#breadcrumb\"},\"inLanguage\":\"hr\",\"potentialAction\":[{\"@type\":\"ReadAction\",\"target\":[\"https:\/\/suwine.at\/hr\/produkt\/hirschsalami-mit-trueffeln\/\"]}]},{\"@type\":\"ImageObject\",\"inLanguage\":\"hr\",\"@id\":\"https:\/\/suwine.at\/hr\/produkt\/hirschsalami-mit-trueffeln\/#primaryimage\",\"url\":\"https:\/\/suwine.at\/wp-content\/uploads\/2025\/04\/IMG_0822.avif\",\"contentUrl\":\"https:\/\/suwine.at\/wp-content\/uploads\/2025\/04\/IMG_0822.avif\",\"width\":1600,\"height\":1600,\"caption\":\"HIRSH\"},{\"@type\":\"BreadcrumbList\",\"@id\":\"https:\/\/suwine.at\/hr\/produkt\/hirschsalami-mit-trueffeln\/#breadcrumb\",\"itemListElement\":[{\"@type\":\"ListItem\",\"position\":1,\"name\":\"Startseite\",\"item\":\"https:\/\/suwine.at\/hr\/\"},{\"@type\":\"ListItem\",\"position\":2,\"name\":\"Shop\",\"item\":\"https:\/\/suwine.at\/shop\/\"},{\"@type\":\"ListItem\",\"position\":3,\"name\":\"Hirschsalami mit Tr\u00fcffeln\"}]},{\"@type\":\"WebSite\",\"@id\":\"https:\/\/suwine.at\/hr\/#website\",\"url\":\"https:\/\/suwine.at\/hr\/\",\"name\":\"Suwine - Suwi Zlatic\",\"description\":\"Sommelier | Gourmet Play Store | Consulting\",\"potentialAction\":[{\"@type\":\"SearchAction\",\"target\":{\"@type\":\"EntryPoint\",\"urlTemplate\":\"https:\/\/suwine.at\/hr\/?s={search_term_string}\"},\"query-input\":{\"@type\":\"PropertyValueSpecification\",\"valueRequired\":true,\"valueName\":\"search_term_string\"}}],\"inLanguage\":\"hr\"}]}<\/script>\n<!-- \/ Yoast SEO plugin. -->","yoast_head_json":{"title":"Hirschsalami mit Tr\u00fcffeln - Suwine - Suwi Zlatic","description":"Hirsch und Tr\u00fcffel, diese Verbindung ist eine kulinarische Ansage!Die beiden Aromen-Giganten entpuppen sich als das \u201eperfect match\u201c schlechthin.","robots":{"index":"index","follow":"follow","max-snippet":"max-snippet:-1","max-image-preview":"max-image-preview:large","max-video-preview":"max-video-preview:-1"},"canonical":"https:\/\/suwine.at\/hr\/produkt\/hirschsalami-mit-trueffeln\/","og_locale":"hr_HR","og_type":"article","og_title":"Hirschsalami mit Tr\u00fcffeln - Suwine - Suwi Zlatic","og_description":"Hirsch und Tr\u00fcffel, diese Verbindung ist eine kulinarische Ansage!Die beiden Aromen-Giganten entpuppen sich als das \u201eperfect match\u201c schlechthin.","og_url":"https:\/\/suwine.at\/hr\/produkt\/hirschsalami-mit-trueffeln\/","og_site_name":"Suwine - Suwi Zlatic","article_modified_time":"2026-03-30T08:07:52+00:00","og_image":[{"width":1600,"height":1600,"url":"https:\/\/suwine.at\/wp-content\/uploads\/2025\/04\/IMG_0822.avif","type":"image\/jpeg"}],"twitter_card":"summary_large_image","twitter_misc":{"Procijenjeno vrijeme \u010ditanja":"2 minute"},"schema":{"@context":"https:\/\/schema.org","@graph":[{"@type":"WebPage","@id":"https:\/\/suwine.at\/hr\/produkt\/hirschsalami-mit-trueffeln\/","url":"https:\/\/suwine.at\/hr\/produkt\/hirschsalami-mit-trueffeln\/","name":"Hirschsalami mit Tr\u00fcffeln - Suwine - Suwi Zlatic","isPartOf":{"@id":"https:\/\/suwine.at\/hr\/#website"},"primaryImageOfPage":{"@id":"https:\/\/suwine.at\/hr\/produkt\/hirschsalami-mit-trueffeln\/#primaryimage"},"image":{"@id":"https:\/\/suwine.at\/hr\/produkt\/hirschsalami-mit-trueffeln\/#primaryimage"},"thumbnailUrl":"https:\/\/suwine.at\/wp-content\/uploads\/2025\/04\/IMG_0822.avif","datePublished":"2022-09-04T15:57:32+00:00","dateModified":"2026-03-30T08:07:52+00:00","description":"Hirsch und Tr\u00fcffel, diese Verbindung ist eine kulinarische Ansage!Die beiden Aromen-Giganten entpuppen sich als das \u201eperfect match\u201c schlechthin.","breadcrumb":{"@id":"https:\/\/suwine.at\/hr\/produkt\/hirschsalami-mit-trueffeln\/#breadcrumb"},"inLanguage":"hr","potentialAction":[{"@type":"ReadAction","target":["https:\/\/suwine.at\/hr\/produkt\/hirschsalami-mit-trueffeln\/"]}]},{"@type":"ImageObject","inLanguage":"hr","@id":"https:\/\/suwine.at\/hr\/produkt\/hirschsalami-mit-trueffeln\/#primaryimage","url":"https:\/\/suwine.at\/wp-content\/uploads\/2025\/04\/IMG_0822.avif","contentUrl":"https:\/\/suwine.at\/wp-content\/uploads\/2025\/04\/IMG_0822.avif","width":1600,"height":1600,"caption":"HIRSH"},{"@type":"BreadcrumbList","@id":"https:\/\/suwine.at\/hr\/produkt\/hirschsalami-mit-trueffeln\/#breadcrumb","itemListElement":[{"@type":"ListItem","position":1,"name":"Startseite","item":"https:\/\/suwine.at\/hr\/"},{"@type":"ListItem","position":2,"name":"Shop","item":"https:\/\/suwine.at\/shop\/"},{"@type":"ListItem","position":3,"name":"Hirschsalami mit Tr\u00fcffeln"}]},{"@type":"WebSite","@id":"https:\/\/suwine.at\/hr\/#website","url":"https:\/\/suwine.at\/hr\/","name":"Suwine - Suwi Zlatic","description":"Sommelier | Gourmet Play Store | Consulting","potentialAction":[{"@type":"SearchAction","target":{"@type":"EntryPoint","urlTemplate":"https:\/\/suwine.at\/hr\/?s={search_term_string}"},"query-input":{"@type":"PropertyValueSpecification","valueRequired":true,"valueName":"search_term_string"}}],"inLanguage":"hr"}]}},"_links":{"self":[{"href":"https:\/\/suwine.at\/hr\/wp-json\/wp\/v2\/product\/230076","targetHints":{"allow":["GET"]}}],"collection":[{"href":"https:\/\/suwine.at\/hr\/wp-json\/wp\/v2\/product"}],"about":[{"href":"https:\/\/suwine.at\/hr\/wp-json\/wp\/v2\/types\/product"}],"wp:featuredmedia":[{"embeddable":true,"href":"https:\/\/suwine.at\/hr\/wp-json\/wp\/v2\/media\/235915"}],"wp:attachment":[{"href":"https:\/\/suwine.at\/hr\/wp-json\/wp\/v2\/media?parent=230076"}],"wp:term":[{"taxonomy":"product_brand","embeddable":true,"href":"https:\/\/suwine.at\/hr\/wp-json\/wp\/v2\/product_brand?post=230076"},{"taxonomy":"product_cat","embeddable":true,"href":"https:\/\/suwine.at\/hr\/wp-json\/wp\/v2\/product_cat?post=230076"},{"taxonomy":"product_tag","embeddable":true,"href":"https:\/\/suwine.at\/hr\/wp-json\/wp\/v2\/product_tag?post=230076"}],"curies":[{"name":"wp","href":"https:\/\/api.w.org\/{rel}","templated":true}]}}